{"id":8,"date":"2020-09-15T06:48:29","date_gmt":"2020-09-15T06:48:29","guid":{"rendered":"http:\/\/camaratravel.com\/?page_id=8"},"modified":"2023-10-16T23:54:54","modified_gmt":"2023-10-16T23:54:54","slug":"about","status":"publish","type":"page","link":"https:\/\/camaratravel.com\/?page_id=8","title":{"rendered":"About"},"content":{"rendered":"\n<div class=\"wp-block-cover alignfull is-light has-parallax\" style=\"margin-top:var(--wp--preset--spacing--50);margin-bottom:var(--wp--preset--spacing--50);padding-top:var(--wp--preset--spacing--80);padding-bottom:var(--wp--preset--spacing--80);min-height:60px;aspect-ratio:unset;\"><span aria-hidden=\"true\" class=\"wp-block-cover__background has-ast-global-color-5-background-color has-background-dim\"><\/span><div role=\"img\" class=\"wp-block-cover__image-background wp-image-1025 has-parallax\" style=\"background-position:50% 50%;background-image:url(http:\/\/camaratravel.com\/wp-content\/uploads\/2023\/10\/Camara-travel-2-.jpeg)\"><\/div><div class=\"wp-block-cover__inner-container is-layout-flow wp-container-core-cover-is-layout-dec70302 wp-block-cover-is-layout-flow\">\n<p class=\"has-text-align-center has-ast-global-color-4-color has-text-color has-large-font-size\">\u00bfQui\u00e9nes somos? <\/p>\n<\/div><\/div>\n\n\n\n<p>Somos un equipo de mujeres apasionadas que busca inspirar a las personas a seguir sus sue\u00f1os a trav\u00e9s de viajar. Te animamos a salir de tu zona de confort y cruzar fronteras, incluso aquellas que solo existen en tu mente. Estamos seguras de que t\u00fa tambi\u00e9n puedes hacerlo. \u00a1Bienvenidos a este emocionante viaje de descubrimiento! <\/p>\n\n\n\n<p>En nuestro camino, compartiremos consejos, destinos inspiradores y experiencias aut\u00e9nticas para empoderarte en tus aventuras. Con nosotros, encontrar\u00e1s el coraje para explorar lo desconocido y vivir la vida al m\u00e1ximo. \u00danete a nuestra comunidad y haz realidad tus sue\u00f1os de viajar. Juntas, daremos vida a tus anhelos de aventura y descubrimiento. <\/p>\n\n\n\n<h3 class=\"wp-block-heading has-text-align-center\">\u00a1Comencemos este emocionante viaje juntas!<\/h3>\n\n\n\n<div class=\"wp-block-group alignfull has-white-background-color has-background is-layout-flow wp-block-group-is-layout-flow\"><div class=\"wp-block-group__inner-container\">\n<div class=\"wp-block-media-text alignwide has-media-on-the-right is-stacked-on-mobile is-vertically-aligned-center is-image-fill\" style=\"margin-top:var(--wp--preset--spacing--40);margin-right:var(--wp--preset--spacing--30);margin-bottom:var(--wp--preset--spacing--40);margin-left:var(--wp--preset--spacing--30);padding-top:var(--wp--preset--spacing--30);padding-right:var(--wp--preset--spacing--50);padding-bottom:var(--wp--preset--spacing--30);padding-left:var(--wp--preset--spacing--50);grid-template-columns:auto 44%\"><div class=\"wp-block-media-text__content\">\n<h2 class=\"wp-block-heading has-text-align-center\">Mision<\/h2>\n\n\n\n<p class=\"has-text-align-center\">crear experiencias de vida para los clientes brindando asesor\u00eda personalizada de acuerdo a sus necesidades y expectativas, y acompa\u00f1andolos en el proceso previo, durante y despu\u00e9s de cada experiencia para que exploren el mundo con confianza y tranquilidad.<\/p>\n<\/div><figure class=\"wp-block-media-text__media\" style=\"background-image:url(https:\/\/camaratravel.com\/wp-content\/uploads\/2023\/09\/otras-fotos-1024x576.jpg);background-position:50% 50%\"><img loading=\"lazy\" decoding=\"async\" width=\"1024\" height=\"576\" src=\"https:\/\/camaratravel.com\/wp-content\/uploads\/2023\/09\/otras-fotos-1024x576.jpg\" alt=\"\" class=\"wp-image-392 size-full\" srcset=\"https:\/\/camaratravel.com\/wp-content\/uploads\/2023\/09\/otras-fotos-1024x576.jpg 1024w, https:\/\/camaratravel.com\/wp-content\/uploads\/2023\/09\/otras-fotos-300x169.jpg 300w, https:\/\/camaratravel.com\/wp-content\/uploads\/2023\/09\/otras-fotos-768x432.jpg 768w, https:\/\/camaratravel.com\/wp-content\/uploads\/2023\/09\/otras-fotos.jpg 1280w\" sizes=\"auto, (max-width: 1024px) 100vw, 1024px\" \/><\/figure><\/div>\n<\/div><\/div>\n\n\n\n<div class=\"wp-block-cover alignfull is-light has-parallax\" style=\"margin-top:var(--wp--preset--spacing--50);margin-bottom:var(--wp--preset--spacing--50);padding-top:var(--wp--preset--spacing--80);padding-bottom:var(--wp--preset--spacing--80);min-height:60px;aspect-ratio:unset;\"><span aria-hidden=\"true\" class=\"wp-block-cover__background has-ast-global-color-5-background-color has-background-dim\"><\/span><div role=\"img\" class=\"wp-block-cover__image-background wp-image-1026 has-parallax\" style=\"background-position:50% 50%;background-image:url(https:\/\/camaratravel.com\/wp-content\/uploads\/2023\/10\/Camara-travel-3.jpeg)\"><\/div><div class=\"wp-block-cover__inner-container is-layout-flow wp-container-core-cover-is-layout-dec70302 wp-block-cover-is-layout-flow\">\n<p class=\"has-text-align-center has-large-font-size\"><\/p>\n<\/div><\/div>\n\n\n\n<div class=\"wp-block-group alignfull has-white-background-color has-background is-layout-flow wp-block-group-is-layout-flow\"><div class=\"wp-block-group__inner-container\">\n<div class=\"wp-block-media-text alignwide is-stacked-on-mobile is-vertically-aligned-center is-image-fill\" style=\"margin-top:var(--wp--preset--spacing--40);margin-right:var(--wp--preset--spacing--30);margin-bottom:var(--wp--preset--spacing--40);margin-left:var(--wp--preset--spacing--30);padding-top:var(--wp--preset--spacing--30);padding-right:var(--wp--preset--spacing--40);padding-bottom:var(--wp--preset--spacing--30);padding-left:var(--wp--preset--spacing--40);grid-template-columns:44% auto\"><figure class=\"wp-block-media-text__media\" style=\"background-image:url(https:\/\/camaratravel.com\/wp-content\/uploads\/2023\/09\/otras-fotos-1-1024x576.jpg);background-position:50% 50%\"><img loading=\"lazy\" decoding=\"async\" width=\"1024\" height=\"576\" src=\"https:\/\/camaratravel.com\/wp-content\/uploads\/2023\/09\/otras-fotos-1-1024x576.jpg\" alt=\"\" class=\"wp-image-393 size-full\" srcset=\"https:\/\/camaratravel.com\/wp-content\/uploads\/2023\/09\/otras-fotos-1-1024x576.jpg 1024w, https:\/\/camaratravel.com\/wp-content\/uploads\/2023\/09\/otras-fotos-1-300x169.jpg 300w, https:\/\/camaratravel.com\/wp-content\/uploads\/2023\/09\/otras-fotos-1-768x432.jpg 768w, https:\/\/camaratravel.com\/wp-content\/uploads\/2023\/09\/otras-fotos-1.jpg 1280w\" sizes=\"auto, (max-width: 1024px) 100vw, 1024px\" \/><\/figure><div class=\"wp-block-media-text__content\">\n<h2 class=\"wp-block-heading has-text-align-center\">vision<\/h2>\n\n\n\n<p class=\"has-text-align-center\">Expandirnos y ser l\u00edderes en la industria tanto para el turismo nacional como extranjero, ofreciendo atenci\u00f3n personalizada, c\u00e1lida y humana que nos distingue, promoviendo el turismo en nuestro pa\u00eds, enriqueciendo y creando experiencias de vida.<\/p>\n<\/div><\/div>\n<\/div><\/div>\n\n\n\n<div class=\"wp-block-cover alignfull is-light has-parallax\" style=\"margin-top:var(--wp--preset--spacing--50);margin-bottom:var(--wp--preset--spacing--50);padding-top:var(--wp--preset--spacing--80);padding-bottom:var(--wp--preset--spacing--80);min-height:57px;aspect-ratio:unset;\"><span aria-hidden=\"true\" class=\"wp-block-cover__background has-ast-global-color-5-background-color has-background-dim\"><\/span><div role=\"img\" class=\"wp-block-cover__image-background wp-image-1032 has-parallax\" style=\"background-position:50% 50%;background-image:url(https:\/\/camaratravel.com\/wp-content\/uploads\/2023\/10\/Camaraa-Travel-.jpeg)\"><\/div><div class=\"wp-block-cover__inner-container is-layout-flow wp-container-core-cover-is-layout-dec70302 wp-block-cover-is-layout-flow\">\n<p class=\"has-text-align-center has-large-font-size\"><\/p>\n<\/div><\/div>\n","protected":false},"excerpt":{"rendered":"<p>Somos un equipo de mujeres apasionadas que busca inspirar a las personas a seguir sus sue\u00f1os a trav\u00e9s de viajar. Te animamos a salir de tu zona de confort y cruzar fronteras, incluso aquellas que solo existen en tu mente. Estamos seguras de que t\u00fa tambi\u00e9n puedes hacerlo. \u00a1Bienvenidos a este emocionante viaje de descubrimiento! [&hellip;]<\/p>\n","protected":false},"author":1,"featured_media":0,"parent":0,"menu_order":0,"comment_status":"closed","ping_status":"closed","template":"","meta":{"om_disable_all_campaigns":false,"_monsterinsights_skip_tracking":false,"_monsterinsights_sitenote_active":false,"_monsterinsights_sitenote_note":"","_monsterinsights_sitenote_category":0,"site-sidebar-layout":"no-sidebar","site-content-layout":"plain-container","ast-site-content-layout":"normal-width-container","site-content-style":"unboxed","site-sidebar-style":"unboxed","ast-global-header-display":"","ast-banner-title-visibility":"","ast-main-header-display":"","ast-hfb-above-header-display":"","ast-hfb-below-header-display":"","ast-hfb-mobile-header-display":"","site-post-title":"disabled","ast-breadcrumbs-content":"","ast-featured-img":"","footer-sml-layout":"","ast-disable-related-posts":"","theme-transparent-header-meta":"enabled","adv-header-id-meta":"","stick-header-meta":"","header-above-stick-meta":"","header-main-stick-meta":"","header-below-stick-meta":"","astra-migrate-meta-layouts":"set","ast-page-background-enabled":"default","ast-page-background-meta":{"desktop":{"background-color":"","background-image":"","background-repeat":"repeat","background-position":"center center","background-size":"auto","background-attachment":"scroll","background-type":"","background-media":"","overlay-type":"","overlay-color":"","overlay-opacity":"","overlay-gradient":""},"tablet":{"background-color":"","background-image":"","background-repeat":"repeat","background-position":"center center","background-size":"auto","background-attachment":"scroll","background-type":"","background-media":"","overlay-type":"","overlay-color":"","overlay-opacity":"","overlay-gradient":""},"mobile":{"background-color":"","background-image":"","background-repeat":"repeat","background-position":"center center","background-size":"auto","background-attachment":"scroll","background-type":"","background-media":"","overlay-type":"","overlay-color":"","overlay-opacity":"","overlay-gradient":""}},"ast-content-background-meta":{"desktop":{"background-color":"var(--ast-global-color-5)","background-image":"","background-repeat":"repeat","background-position":"center center","background-size":"auto","background-attachment":"scroll","background-type":"","background-media":"","overlay-type":"","overlay-color":"","overlay-opacity":"","overlay-gradient":""},"tablet":{"background-color":"var(--ast-global-color-5)","background-image":"","background-repeat":"repeat","background-position":"center center","background-size":"auto","background-attachment":"scroll","background-type":"","background-media":"","overlay-type":"","overlay-color":"","overlay-opacity":"","overlay-gradient":""},"mobile":{"background-color":"var(--ast-global-color-5)","background-image":"","background-repeat":"repeat","background-position":"center center","background-size":"auto","background-attachment":"scroll","background-type":"","background-media":"","overlay-type":"","overlay-color":"","overlay-opacity":"","overlay-gradient":""}},"footnotes":""},"class_list":["post-8","page","type-page","status-publish","hentry"],"aioseo_notices":[],"_links":{"self":[{"href":"https:\/\/camaratravel.com\/index.php?rest_route=\/wp\/v2\/pages\/8","targetHints":{"allow":["GET"]}}],"collection":[{"href":"https:\/\/camaratravel.com\/index.php?rest_route=\/wp\/v2\/pages"}],"about":[{"href":"https:\/\/camaratravel.com\/index.php?rest_route=\/wp\/v2\/types\/page"}],"author":[{"embeddable":true,"href":"https:\/\/camaratravel.com\/index.php?rest_route=\/wp\/v2\/users\/1"}],"replies":[{"embeddable":true,"href":"https:\/\/camaratravel.com\/index.php?rest_route=%2Fwp%2Fv2%2Fcomments&post=8"}],"version-history":[{"count":12,"href":"https:\/\/camaratravel.com\/index.php?rest_route=\/wp\/v2\/pages\/8\/revisions"}],"predecessor-version":[{"id":1120,"href":"https:\/\/camaratravel.com\/index.php?rest_route=\/wp\/v2\/pages\/8\/revisions\/1120"}],"wp:attachment":[{"href":"https:\/\/camaratravel.com\/index.php?rest_route=%2Fwp%2Fv2%2Fmedia&parent=8"}],"curies":[{"name":"wp","href":"https:\/\/api.w.org\/{rel}","templated":true}]}}