{"id":766,"date":"2023-10-08T18:34:49","date_gmt":"2023-10-08T18:34:49","guid":{"rendered":"https:\/\/camaratravel.com\/?page_id=766"},"modified":"2023-11-10T05:24:06","modified_gmt":"2023-11-10T05:24:06","slug":"mt-60371-bahamas-carnival-sunrise","status":"publish","type":"page","link":"https:\/\/camaratravel.com\/?page_id=766","title":{"rendered":"MT-60371 BAHAMAS CARNIVAL SUNRISE"},"content":{"rendered":"\n<div class=\"wp-block-cover\"><span aria-hidden=\"true\" class=\"wp-block-cover__background has-background-dim\"><\/span><img decoding=\"async\" class=\"wp-block-cover__image-background\" alt=\"\" src=\"https:\/\/one.cdnmega.com\/images\/viajes\/covers\/carnival-pride-1_623c86a51708d.webp\" data-object-fit=\"cover\"\/><div class=\"wp-block-cover__inner-container is-layout-flow wp-block-cover-is-layout-flow\">\n<p class=\"has-text-align-center has-large-font-size\"><\/p>\n<\/div><\/div>\n\n\n\n<p>MT-60371 BAHAMAS CARNIVAL SUNRISE<\/p>\n\n\n\n<p><strong>Ciudades Visitadas:<\/strong>\u00a0Estados Unidos, Bahamas, Islas Turcas Y Caicos<\/p>\n\n\n\n<p><strong>Duraci\u00f3n:<\/strong>&nbsp;6 D\u00edas y 5 Noches<\/p>\n\n\n\n<p><strong>Desde:<\/strong>418 USD + 287 Imp<\/p>\n\n\n\n<p><strong>Fecha(s) de salida:<\/strong><\/p>\n\n\n\n<p><br>DICIEMBRE 16, 2023<\/p>\n\n\n\n<p><strong>Vigencia:<\/strong>&nbsp;Precios vigentes hasta el 16\/12\/2023<\/p>\n\n\n\n<p><strong>Aerolinea<\/strong><\/p>\n\n\n\n<h5 class=\"wp-block-heading\">SOLO CRUCERO<\/h5>\n\n\n\n<p>Itinerario<\/p>\n\n\n\n<p><strong>*** CARNIVAL SUNRISE ***&nbsp;<\/strong><br>Carnival Sunrise en un barco totalmente diferente. Con una notable &nbsp;ampliaci\u00f3n de variedad en el entretenimiento y la gastronom\u00eda con sus nueve restaurantes nuevos. Todos los camarotes se han transformado d\u00e1ndoles un toque m\u00e1s actual y elegante, agregado 115 camarotes m\u00e1s que incluyen dos Suites del Capit\u00e1n de gama alta y dos nuevas suites con balc\u00f3n, nuevas cabinas de gran lujo con ventanales del suelo al techo y terrazas. Tras la reforma el barco ya cuenta con una capacidad de 2.984 pasajeros. Si buscas comodidad y diversi\u00f3n, el Carnival Sunrise te est\u00e1 esperando.<\/p>\n\n\n\n<p><strong>DICIEMBRE 16&nbsp;&nbsp; &nbsp;&nbsp;&nbsp; &nbsp;MIAMI \u2013 FLORIDA (EE.UU)<\/strong><br>Embarque y salida a la hora indicada por la naviera. Miami alberga una gran variedad de culturas, cocinas y actividades, los ba\u00f1istas se divierten con el tel\u00f3n de fondo de los vibrantes edificios art d\u00e9co. El lugar de moda de la vida nocturna, South Beach, bulle de actividad hasta las primeras horas de la ma\u00f1ana. La ciudad ofrece mucho para hacer, con numerosos museos y equipos deportivos profesionales, puertos deportivos y clubes n\u00e1uticos, campos de golf y m\u00e1s.<\/p>\n\n\n\n<p><strong>DICIEMBRE 17&nbsp;&nbsp; &nbsp;&nbsp;&nbsp; &nbsp;&nbsp;&nbsp; &nbsp;HALF MOON CAY \u2013 BAHAMAS&nbsp;<\/strong><br>Half Moon Cay es una isla privada compartida por &nbsp;Carnival y 2 navieras mas. La isla tiene una orilla de nueve millas de playa, una laguna exterior y otra interior. Disfrute de nadar, tomar el sol y relajarse en la playa. bucee con equipo o esn\u00f3rquel o vaya en kayak. La pesca de altura, los paraca\u00eddas y los viajes en barco de suelo transparente est\u00e1n disponibles. As\u00ed como una gran variedad de juguetes acu\u00e1ticos para alquilar.<\/p>\n\n\n\n<p><strong>DICIEMBRE 18&nbsp;&nbsp; &nbsp;&nbsp;&nbsp; &nbsp;&nbsp;&nbsp; &nbsp;GRAND TURK \u2013 ISLAS TURCAS Y CAICOS<\/strong><br>En este destino abundan excursiones a la playa, que le permiten escaparse a un resort aislado, disfrutar de un almuerzo de langosta, desafiar las olas en una tabla de remo y beber cerveza en una tumbona mientras las palmeras se mecen en lo alto. El esn\u00f3rquel aqu\u00ed es excepcional, ya sea que est\u00e9 nadando entre tiburones nodriza, barracudas, meros de Nassau y otros peces en Coral Gardens Reef,. Para encuentros adicionales con la vida marina, sum\u00e9rjase en aguas poco profundas para una interacci\u00f3n guiada con rayas, mantenga su c\u00e1mara preparada durante una expedici\u00f3n de avistamiento de ballenas.<\/p>\n\n\n\n<p><strong>DICIEMBRE 19&nbsp;&nbsp; &nbsp;&nbsp;&nbsp; &nbsp;&nbsp;&nbsp; &nbsp;ALTAMAR&nbsp;&nbsp;<\/strong>&nbsp;&nbsp;&nbsp;&nbsp; &nbsp;&nbsp;&nbsp; &nbsp;<br>A bordo descubre grandes atracciones como el teatro Seaside , el parque acu\u00e1tico Carnival Waterworks, o t\u00f3mese una foto con la familia en el Dreams Studio. Los ni\u00f1os encontrar\u00e1n diversi\u00f3n apropiada para su edad en el Camp Ocean o el Club O2, los padres pueden se pueden relajar haciendo una visita al Cloud 9 Spa. Disfrute de las opciones de una cena gourmet inspirada en diversas partes del mundo, y de una bebida despu\u00e9s de cenar, con amigos en el Alchemy Bar. El Liquid Lounge ofrece entretenimiento para toda la familia con juegos, magia y m\u00e1s.&nbsp;<\/p>\n\n\n\n<p><strong>DICIEMBRE 20&nbsp;&nbsp; &nbsp;&nbsp;&nbsp; &nbsp;&nbsp;&nbsp; &nbsp;NASSAU \u2013 BAHAMAS &nbsp;&nbsp; &nbsp;<\/strong>&nbsp;&nbsp; &nbsp;&nbsp;&nbsp; &nbsp;<br>Nassau ofrece a los viajeros la oportunidad de nadar con delfines, bucear entre tiburones del arrecife, aventuras de esn\u00f3rquel o navegar por la costa en una excursi\u00f3n, Para los amantes de la comida pueden disfrutar de bu\u00f1uelos de caracol, bombones de chocolate y c\u00f3cteles de ron artesanales en un recorrido de degustaci\u00f3n por los restaurantes locales. Visite el Fuerte Fincastle de 1793, tome una foto en lo alto de la Escalera de la Reina y negocie con los vendedores en el Straw Market en Bay Street. Los barcos atracan a solo unos pasos del centro de la ciudad, lo que facilita explorar la zona a pie.<\/p>\n\n\n\n<p><strong>DICIEMBRE 21&nbsp;&nbsp; &nbsp;&nbsp;&nbsp; &nbsp;&nbsp;&nbsp; &nbsp;MIAMI \u2013 FLORIDA (EE.UU)<\/strong><br>Desembarque a la hora programada por la naviera.&nbsp;<br>&#8230; Fin de nuestros servicios<br>&nbsp;<strong>&nbsp;&nbsp;&nbsp;&nbsp;&#8230;FIN DE NUESTROS SERVICIOS<\/strong><\/p>\n\n\n\n<p>Precios y Hoteles:<\/p>\n\n\n\n<figure class=\"wp-block-table\"><table><tbody><tr><td colspan=\"2\"><strong>PRECIOS POR PERSONA, SOLO CRUCERO, EN USD<\/strong><\/td><\/tr><tr><td><strong>Categor\u00eda<\/strong><\/td><td><strong>1er y 2do pasajero<\/strong><\/td><\/tr><tr><td>8C\u2013 BALCON<\/td><td>$ 800.00<\/td><\/tr><tr><td>6B- EXTERIOR<\/td><td>$ 590.00<\/td><\/tr><tr><td>4B \u2013 INTERIOR<\/td><td>$ 418.00<\/td><\/tr><tr><td>IMPUESTOS PORTUARIOS<\/td><td>$ 287.00<\/td><\/tr><tr><td>PROPINAS<\/td><td>$ 80.00<\/td><\/tr><\/tbody><\/table><\/figure>\n\n\n\n<p>El paquete incluye<\/p>\n\n\n\n<ul class=\"wp-block-list\">\n<li>05 noches de crucero.<\/li>\n\n\n\n<li>Hospedaje en la categor\u00eda seleccionada de crucero.<\/li>\n\n\n\n<li>Propinas pre pago (opcionales)<\/li>\n\n\n\n<li>Alimentos tipo buffet (desayuno, comida y cena) en restaurante principal.<\/li>\n\n\n\n<li>Acceso a las \u00e1reas p\u00fablicas del barco (albercas, casino, canchas deportivas, tiendas, biblioteca, teatro, cine, disco y bares).<\/li>\n<\/ul>\n\n\n\n<p>El paquete no incluye:<\/p>\n\n\n\n<ul class=\"wp-block-list\">\n<li>Bebidas (alcoh\u00f3licas, embotelladas y enlatadas).<\/li>\n\n\n\n<li>Excursiones.<\/li>\n\n\n\n<li>Restaurantes de especialidades.<\/li>\n\n\n\n<li>Gastos personales como llamadas telef\u00f3nicas, lavander\u00eda, internet, spa, etc.<\/li>\n\n\n\n<li>Ning\u00fan servicio no especificado como incluido.<\/li>\n<\/ul>\n\n\n\n<p>Precios cotizados en d\u00f3lares americanos, pagaderos en Moneda Nacional al tipo de cambio del d\u00eda Los precios indicados son informativos y deben ser conformados antes de su compra ya que est\u00e1n sujetos a cambio sin previo aviso. Para obtener el costo exacto a pagar a tipo de cambio del d\u00eda, comun\u00edquese con nosotros. Consulte impuestos y suplementos.<\/p>\n","protected":false},"excerpt":{"rendered":"<p>MT-60371 BAHAMAS CARNIVAL SUNRISE Ciudades Visitadas:\u00a0Estados Unidos, Bahamas, Islas Turcas Y Caicos Duraci\u00f3n:&nbsp;6 D\u00edas y 5 Noches Desde:418 USD + 287 Imp Fecha(s) de salida: DICIEMBRE 16, 2023 Vigencia:&nbsp;Precios vigentes hasta el 16\/12\/2023 Aerolinea SOLO CRUCERO Itinerario *** CARNIVAL SUNRISE ***&nbsp;Carnival Sunrise en un barco totalmente diferente. Con una notable &nbsp;ampliaci\u00f3n de variedad en el [&hellip;]<\/p>\n","protected":false},"author":1,"featured_media":0,"parent":0,"menu_order":0,"comment_status":"closed","ping_status":"closed","template":"","meta":{"om_disable_all_campaigns":false,"_monsterinsights_skip_tracking":false,"_monsterinsights_sitenote_active":false,"_monsterinsights_sitenote_note":"","_monsterinsights_sitenote_category":0,"site-sidebar-layout":"default","site-content-layout":"","ast-site-content-layout":"default","site-content-style":"default","site-sidebar-style":"default","ast-global-header-display":"","ast-banner-title-visibility":"","ast-main-header-display":"","ast-hfb-above-header-display":"","ast-hfb-below-header-display":"","ast-hfb-mobile-header-display":"","site-post-title":"disabled","ast-breadcrumbs-content":"","ast-featured-img":"","footer-sml-layout":"","ast-disable-related-posts":"","theme-transparent-header-meta":"","adv-header-id-meta":"","stick-header-meta":"","header-above-stick-meta":"","header-main-stick-meta":"","header-below-stick-meta":"","astra-migrate-meta-layouts":"set","ast-page-background-enabled":"default","ast-page-background-meta":{"desktop":{"background-color":"","background-image":"","background-repeat":"repeat","background-position":"center center","background-size":"auto","background-attachment":"scroll","background-type":"","background-media":"","overlay-type":"","overlay-color":"","overlay-opacity":"","overlay-gradient":""},"tablet":{"background-color":"","background-image":"","background-repeat":"repeat","background-position":"center center","background-size":"auto","background-attachment":"scroll","background-type":"","background-media":"","overlay-type":"","overlay-color":"","overlay-opacity":"","overlay-gradient":""},"mobile":{"background-color":"","background-image":"","background-repeat":"repeat","background-position":"center center","background-size":"auto","background-attachment":"scroll","background-type":"","background-media":"","overlay-type":"","overlay-color":"","overlay-opacity":"","overlay-gradient":""}},"ast-content-background-meta":{"desktop":{"background-color":"var(--ast-global-color-5)","background-image":"","background-repeat":"repeat","background-position":"center center","background-size":"auto","background-attachment":"scroll","background-type":"","background-media":"","overlay-type":"","overlay-color":"","overlay-opacity":"","overlay-gradient":""},"tablet":{"background-color":"var(--ast-global-color-5)","background-image":"","background-repeat":"repeat","background-position":"center center","background-size":"auto","background-attachment":"scroll","background-type":"","background-media":"","overlay-type":"","overlay-color":"","overlay-opacity":"","overlay-gradient":""},"mobile":{"background-color":"var(--ast-global-color-5)","background-image":"","background-repeat":"repeat","background-position":"center center","background-size":"auto","background-attachment":"scroll","background-type":"","background-media":"","overlay-type":"","overlay-color":"","overlay-opacity":"","overlay-gradient":""}},"footnotes":""},"class_list":["post-766","page","type-page","status-publish","hentry"],"aioseo_notices":[],"_links":{"self":[{"href":"https:\/\/camaratravel.com\/index.php?rest_route=\/wp\/v2\/pages\/766","targetHints":{"allow":["GET"]}}],"collection":[{"href":"https:\/\/camaratravel.com\/index.php?rest_route=\/wp\/v2\/pages"}],"about":[{"href":"https:\/\/camaratravel.com\/index.php?rest_route=\/wp\/v2\/types\/page"}],"author":[{"embeddable":true,"href":"https:\/\/camaratravel.com\/index.php?rest_route=\/wp\/v2\/users\/1"}],"replies":[{"embeddable":true,"href":"https:\/\/camaratravel.com\/index.php?rest_route=%2Fwp%2Fv2%2Fcomments&post=766"}],"version-history":[{"count":3,"href":"https:\/\/camaratravel.com\/index.php?rest_route=\/wp\/v2\/pages\/766\/revisions"}],"predecessor-version":[{"id":1701,"href":"https:\/\/camaratravel.com\/index.php?rest_route=\/wp\/v2\/pages\/766\/revisions\/1701"}],"wp:attachment":[{"href":"https:\/\/camaratravel.com\/index.php?rest_route=%2Fwp%2Fv2%2Fmedia&parent=766"}],"curies":[{"name":"wp","href":"https:\/\/api.w.org\/{rel}","templated":true}]}}