{"id":764,"date":"2023-10-08T18:34:06","date_gmt":"2023-10-08T18:34:06","guid":{"rendered":"https:\/\/camaratravel.com\/?page_id=764"},"modified":"2023-11-10T05:23:06","modified_gmt":"2023-11-10T05:23:06","slug":"mt-60299-islas-griegas-odyssey-of-the-seas","status":"publish","type":"page","link":"https:\/\/camaratravel.com\/?page_id=764","title":{"rendered":"MT-60299 Islas Griegas Odyssey of the Seas"},"content":{"rendered":"\n<div class=\"wp-block-cover\" style=\"padding-top:var(--wp--preset--spacing--80);padding-bottom:var(--wp--preset--spacing--80);min-height:50px;aspect-ratio:unset;\"><span aria-hidden=\"true\" class=\"wp-block-cover__background has-vivid-cyan-blue-background-color has-background-dim-100 has-background-dim\"><\/span><div class=\"wp-block-cover__inner-container is-layout-flow wp-block-cover-is-layout-flow\">\n<p class=\"has-text-align-center has-large-font-size\"><\/p>\n<\/div><\/div>\n\n\n\n<figure class=\"wp-block-image aligncenter\"><img decoding=\"async\" src=\"https:\/\/one.cdnmega.com\/images\/viajes\/covers\/1024x575px-odyssey-seas-islas-griegas-651700b78caa7_651703393dc74.webp\" alt=\"\"\/><\/figure>\n\n\n\n<p>MT-60299 Islas Griegas Odyssey of the Seas<\/p>\n\n\n\n<p><strong>Ciudades Visitadas:<\/strong>\u00a0Italia, Grecia, Turqu\u00eda<\/p>\n\n\n\n<p><strong>Duraci\u00f3n:<\/strong>&nbsp;8 D\u00edas y 7 Noches<\/p>\n\n\n\n<p><strong>Desde:<\/strong>17811 MXN + 6337 Imp<\/p>\n\n\n\n<p><strong>Fecha(s) de salida:<\/strong><\/p>\n\n\n\n<p><br>JULIO 07, 2024<\/p>\n\n\n\n<p><strong>Vigencia:<\/strong>&nbsp;Precios vigentes hasta el 07\/07\/2024<\/p>\n\n\n\n<p><strong>Aerolinea<\/strong><\/p>\n\n\n\n<h5 class=\"wp-block-heading\">SOLO CRUCERO<\/h5>\n\n\n\n<p><a href=\"http:\/\/leafletjs.com\/\">Leaflet<\/a><\/p>\n\n\n\n<p>Itinerario<\/p>\n\n\n\n<p><strong>*** ODYSSEY OF THE SEAS ***<\/strong><br>Siguiendo la estela de la compa\u00f1\u00eda americana Odyssey of The Seas,&nbsp;hace una apuesta clara por los espacios de entretenimiento y diversi\u00f3n para todos los p\u00fablicos, por la libertad y variedad gastron\u00f3mica. As\u00ed, no pueden faltar a bordo el turno de cena libre My Time Dining, los toboganes y el parque acu\u00e1tico Splashaway Bay o el simulador de surf Flowrider. A ello hemos de sumar la incre\u00edble c\u00fapula transparente North Star, que se suspende a 100m de alto de la \u00faltima cubierta o el teatro panor\u00e1mico Two70, que te sorprender\u00e1 con los shows m\u00e1s innovadores y tecnol\u00f3gicos de todo el barco. D\u00e9jate llevar por su buffet y sus restaurantes principales y restaurantes de especialidades para descubrir el exquisito nivel gastron\u00f3mico a bordo.&nbsp;<\/p>\n\n\n\n<p><strong>JULIO 07&nbsp;&nbsp; &nbsp;&nbsp;&nbsp; &nbsp;&nbsp;&nbsp; &nbsp;ROMA (CIVITAVECCHIA) \u2013 ITALIA &nbsp;<\/strong><br>En la costa italiana de Lazio, una fortaleza del siglo XVI da la bienvenida a los cruceros a Civitavecchia, el puerto principal de Roma. Este impresionante pueblo mediterr\u00e1neo se encuentra a 50 millas al noroeste de la ciudad capital. La influencia de Roma en el arte, el intelecto, la pol\u00edtica y la religi\u00f3n ayud\u00f3 a dar forma al mundo occidental, y mucho de su pasado hist\u00f3rico todav\u00eda se puede ver hoy. Los destinos tur\u00edsticos imperdibles incluyen la Capilla Sixtina de la Ciudad del Vaticano, con frescos pintados por Miguel \u00c1ngel; las ruinas del Foro Romano, hogar de impresionantes templos de la antigua metr\u00f3poli; y el Coliseo, construido en el a\u00f1o 80 dC como anfiteatro para batallas de gladiadores y juegos de guerra. Mientras paseas por las calles empedradas con una rebanada de pizza aut\u00e9ntica o un cono de helado cremoso, aseg\u00farate de posar para una foto en la Plaza de Espa\u00f1a y arroja una moneda a la Fontana de Trevi para asegurar tu regreso a la Ciudad Eterna.<\/p>\n\n\n\n<p><strong>JULIO 08&nbsp;&nbsp; &nbsp;&nbsp;&nbsp; &nbsp;&nbsp;&nbsp; &nbsp;ALTAMAR &nbsp;<\/strong><br>El entretenimiento es la base de los barcos de Royal Caribbean. En el Odyssey of the Seas no puedes perderte la pista Sea Plex, un espacio multifuncional que sirve de complejo deportivo, de cancha de baloncesto y de pista de coches de choque. Si eres amante del surf sube a la \u00faltima cubierta y no dejes de probar el Flow Rider, el simulador de surf que ya es un s\u00edmbolo de la compa\u00f1\u00eda, y que te har\u00e1 ser un experto de las olas.<\/p>\n\n\n\n<p><br><strong>JULIO 09&nbsp;&nbsp; &nbsp;&nbsp;&nbsp; &nbsp;SANTORINI &#8211; GRECIA&nbsp;<\/strong><br>Santorini encarna todo lo que ha hecho que las islas griegas sean legendarias: espl\u00e9ndidas playas, arquitectura incomparable, espectaculares acantilados y pintorescos pueblos. El archipi\u00e9lago, encaramado en el borde de la caldera de un volc\u00e1n activo, es una de las gemas del Egeo de Grecia. Las iglesias con c\u00fapulas azules coronan las calles encaladas y las costas de arena blanca, roja y negra est\u00e1n ba\u00f1adas por aguas azules. Las puestas de sol pintan los acantilados en una variedad de naranjas, rosas y ciruelas: excelente material de c\u00e1mara para esa foto perfecta. Los visitantes pueden pasear por las calles empedradas para explorar las tiendas y saborear aut\u00e9nticos dolmades y moussaka; recorra los vi\u00f1edos locales para disfrutar de sorbos de vino procedente de uvas cultivadas en el rico suelo volc\u00e1nico; o haga una excursi\u00f3n al punto m\u00e1s alto de la isla, el monte Profitis Ilias de 1.860 pies, para disfrutar de vistas panor\u00e1micas y un vistazo a un monasterio del siglo XVIII.<\/p>\n\n\n\n<p><strong>JULIO 10&nbsp;&nbsp; &nbsp;&nbsp;&nbsp; &nbsp;&nbsp;&nbsp; &nbsp;EFESO \/ KASADASI &#8211; TURQUIA<\/strong>&nbsp;&nbsp;<br>\u00c9feso fue la capital de Asia Menor durante la \u00e9poca del Imperio Romano, y ahora es uno de los sitios arqueol\u00f3gicos m\u00e1s impresionantes y mejor restaurados del mundo. Camine por las calles pavimentadas de m\u00e1rmol y vea las espectaculares ruinas del Templo de Adriano, la Biblioteca de Celso, la casa donde la Virgen Mar\u00eda pas\u00f3 sus \u00faltimos d\u00edas y el anfiteatro donde una vez predic\u00f3 San Pablo. Kusadasi es un centro tur\u00edstico turco conocido por su extenso puerto deportivo y kil\u00f3metros de playas, pero es famoso por los tesoros antiguos a solo unos minutos: Mileto y su teatro grecorromano y el Templo de Atenea, D\u00eddima y su Templo de Apolo, y el m\u00e1s glorioso de todos, la ciudad de m\u00e1rmol de \u00c9feso.<\/p>\n\n\n\n<p><strong>JULIO 11&nbsp;&nbsp; &nbsp;&nbsp;&nbsp; &nbsp;&nbsp;&nbsp; &nbsp;MIKONOS \u2013 GRECIA &nbsp;&nbsp;<\/strong><br>La mitolog\u00eda griega sostiene que Mykonos es la roca que lanz\u00f3 Heracles para derrotar a los Gigantes. La isla, parte del archipi\u00e9lago de las C\u00edcladas, es conocida por su vida nocturna y su gran cantidad de playas de arena blanca, incluidas Elia y Kalafatis, que son perfectas para nadar y tomar el sol. Las brisas constantes brindan condiciones \u00f3ptimas para actividades como el surf y el parasailing. Vuelva a visitar el siglo XIX en Lena&#8217;s House, un anexo del Museo del Folclore, y marav\u00edllese con las vistas del Mediterr\u00e1neo fuera de la iglesia de Paraportiani. Una vez utilizados para moler trigo y generar energ\u00eda, los famosos molinos de viento de la ciudad ahora son excelentes fotograf\u00edas, especialmente cuando se toman desde Alefkandra. Este distrito, apodado &#8220;Peque\u00f1a Venecia&#8221; por sus coloridas casas situadas junto al mar, alberga bares de moda y galer\u00edas de arte.<\/p>\n\n\n\n<p><strong>JULIO 12&nbsp;&nbsp; &nbsp;&nbsp;&nbsp; &nbsp;&nbsp;&nbsp; &nbsp;ALTAMAR&nbsp;<\/strong>&nbsp;&nbsp;<br>El Odyssey of the Seas lleva la tecnolog\u00eda al mundo de los espect\u00e1culos. El espacio Two70 se trata de un lounge con escenario panor\u00e1mico visible de 270 grados. De esa forma, se puede disfrutar de la acci\u00f3n del espect\u00e1culo desde muchos \u00e1ngulos. Adem\u00e1s, son shows que incorporan la tecnolog\u00eda como base, contando con combinaci\u00f3n de luces, m\u00fasica, plataformas ascendentes, pantallas LED&#8230; verdaderos espect\u00e1culos revolucionarios que has de disfrutar a bordo.<\/p>\n\n\n\n<p><strong>JULIO 13&nbsp;&nbsp; &nbsp;&nbsp;&nbsp; &nbsp;&nbsp;&nbsp; &nbsp;NAPOLES \u2013 ITALIA &nbsp;&nbsp;<\/strong><br>N\u00e1poles es un centro cultural repleto de arquitectura cl\u00e1sica de estilo griego y romano y rebosante de arte extraordinario, desde modernos murales callejeros hasta obras antiguas. Realice un recorrido por la ciudad, donde podr\u00e1 disfrutar de una aut\u00e9ntica rebanada de pizza napolitana mientras pasea por las calles empedradas, o dir\u00edjase a los lugares cercanos para realizar algunas excursiones imperdibles. N\u00e1poles es un punto de partida para excursiones a Pompeya, un pueblo conservado en cenizas de la erupci\u00f3n del Monte Vesubio en el a\u00f1o 79 d. C., el volc\u00e1n a\u00fan activo que sirve como tel\u00f3n de fondo para N\u00e1poles, as\u00ed como caminatas a la costa de Amalfi, uno de los las costas m\u00e1s impresionantes del mundo. En la fascinante isla de Capri, un corto viaje en barco por el golfo de N\u00e1poles, puede tomar un telesilla hasta el punto m\u00e1s alto del islote para disfrutar de vistas panor\u00e1micas o recorrer la famosa cueva marina natural Blue Grotto.<\/p>\n\n\n\n<p><strong>JULIO 14&nbsp;&nbsp; &nbsp;&nbsp;&nbsp; &nbsp;&nbsp;&nbsp; &nbsp;ROMA (CIVITAVECCHIA) \u2013 ITALIA&nbsp;<\/strong>&nbsp;<br>Desembarque a la hora indicada por la naviera.<br>&nbsp;<\/p>\n\n\n\n<p><br>&nbsp;<strong>&nbsp;&nbsp;&nbsp;&nbsp;&#8230;FIN DE NUESTROS SERVICIOS<\/strong><\/p>\n\n\n\n<p>Precios y Hoteles:<\/p>\n\n\n\n<figure class=\"wp-block-table\"><table><tbody><tr><td colspan=\"2\"><strong>PRECIOS POR PERSONA, SOLO CRUCERO, EN MXN<\/strong><\/td><\/tr><tr><td><strong>Categor\u00eda<\/strong><\/td><td><strong>1er y 2do pasajero<\/strong><\/td><\/tr><tr><td>2N \u2013 EXTERIOR<\/td><td>$ 30,561.00<\/td><\/tr><tr><td>4V \u2013 INTERIOR<\/td><td>$ 17,811.00<\/td><\/tr><tr><td>IMPUESTOS PORTUARIOS<\/td><td>$ 6,337 .00<\/td><\/tr><tr><td>PROPINAS<\/td><td>$ 2,165.00<\/td><\/tr><tr><td colspan=\"2\">SUJETO A DISPONIBILIDAD Y CAMBIOS SIN PREVIO AVISO<\/td><\/tr><\/tbody><\/table><\/figure>\n\n\n\n<p>El paquete incluye<\/p>\n\n\n\n<ul class=\"wp-block-list\">\n<li>07 noches de crucero.<\/li>\n\n\n\n<li>Hospedaje en la categor\u00eda seleccionada de crucero.<\/li>\n\n\n\n<li>Alimentos tipo bufete (desayuno, comida y cena) en restaurante principal.<\/li>\n\n\n\n<li>Acceso a las \u00e1reas p\u00fablicas del barco (albercas, casino, canchas deportivas, tiendas, biblioteca, teatro, cine, disco y bares).<\/li>\n\n\n\n<li>Propinas (Prepago).<\/li>\n<\/ul>\n\n\n\n<p>El paquete no incluye:<\/p>\n\n\n\n<ul class=\"wp-block-list\">\n<li>Bebidas (alcoh\u00f3licas, embotelladas y enlatadas).<\/li>\n\n\n\n<li>Excursiones.<\/li>\n\n\n\n<li>Restaurantes de especialidades.<\/li>\n\n\n\n<li>Gastos personales como llamadas telef\u00f3nicas, lavander\u00eda, internet, spa, etc.<\/li>\n\n\n\n<li>Ning\u00fan servicio no especificado como incluido.<\/li>\n<\/ul>\n","protected":false},"excerpt":{"rendered":"<p>MT-60299 Islas Griegas Odyssey of the Seas Ciudades Visitadas:\u00a0Italia, Grecia, Turqu\u00eda Duraci\u00f3n:&nbsp;8 D\u00edas y 7 Noches Desde:17811 MXN + 6337 Imp Fecha(s) de salida: JULIO 07, 2024 Vigencia:&nbsp;Precios vigentes hasta el 07\/07\/2024 Aerolinea SOLO CRUCERO Leaflet Itinerario *** ODYSSEY OF THE SEAS ***Siguiendo la estela de la compa\u00f1\u00eda americana Odyssey of The Seas,&nbsp;hace una apuesta [&hellip;]<\/p>\n","protected":false},"author":1,"featured_media":0,"parent":0,"menu_order":0,"comment_status":"closed","ping_status":"closed","template":"","meta":{"om_disable_all_campaigns":false,"_monsterinsights_skip_tracking":false,"_monsterinsights_sitenote_active":false,"_monsterinsights_sitenote_note":"","_monsterinsights_sitenote_category":0,"site-sidebar-layout":"default","site-content-layout":"","ast-site-content-layout":"default","site-content-style":"default","site-sidebar-style":"default","ast-global-header-display":"","ast-banner-title-visibility":"","ast-main-header-display":"","ast-hfb-above-header-display":"","ast-hfb-below-header-display":"","ast-hfb-mobile-header-display":"","site-post-title":"disabled","ast-breadcrumbs-content":"","ast-featured-img":"","footer-sml-layout":"","ast-disable-related-posts":"","theme-transparent-header-meta":"","adv-header-id-meta":"","stick-header-meta":"","header-above-stick-meta":"","header-main-stick-meta":"","header-below-stick-meta":"","astra-migrate-meta-layouts":"set","ast-page-background-enabled":"default","ast-page-background-meta":{"desktop":{"background-color":"","background-image":"","background-repeat":"repeat","background-position":"center center","background-size":"auto","background-attachment":"scroll","background-type":"","background-media":"","overlay-type":"","overlay-color":"","overlay-opacity":"","overlay-gradient":""},"tablet":{"background-color":"","background-image":"","background-repeat":"repeat","background-position":"center center","background-size":"auto","background-attachment":"scroll","background-type":"","background-media":"","overlay-type":"","overlay-color":"","overlay-opacity":"","overlay-gradient":""},"mobile":{"background-color":"","background-image":"","background-repeat":"repeat","background-position":"center center","background-size":"auto","background-attachment":"scroll","background-type":"","background-media":"","overlay-type":"","overlay-color":"","overlay-opacity":"","overlay-gradient":""}},"ast-content-background-meta":{"desktop":{"background-color":"var(--ast-global-color-5)","background-image":"","background-repeat":"repeat","background-position":"center center","background-size":"auto","background-attachment":"scroll","background-type":"","background-media":"","overlay-type":"","overlay-color":"","overlay-opacity":"","overlay-gradient":""},"tablet":{"background-color":"var(--ast-global-color-5)","background-image":"","background-repeat":"repeat","background-position":"center center","background-size":"auto","background-attachment":"scroll","background-type":"","background-media":"","overlay-type":"","overlay-color":"","overlay-opacity":"","overlay-gradient":""},"mobile":{"background-color":"var(--ast-global-color-5)","background-image":"","background-repeat":"repeat","background-position":"center center","background-size":"auto","background-attachment":"scroll","background-type":"","background-media":"","overlay-type":"","overlay-color":"","overlay-opacity":"","overlay-gradient":""}},"footnotes":""},"class_list":["post-764","page","type-page","status-publish","hentry"],"aioseo_notices":[],"_links":{"self":[{"href":"https:\/\/camaratravel.com\/index.php?rest_route=\/wp\/v2\/pages\/764","targetHints":{"allow":["GET"]}}],"collection":[{"href":"https:\/\/camaratravel.com\/index.php?rest_route=\/wp\/v2\/pages"}],"about":[{"href":"https:\/\/camaratravel.com\/index.php?rest_route=\/wp\/v2\/types\/page"}],"author":[{"embeddable":true,"href":"https:\/\/camaratravel.com\/index.php?rest_route=\/wp\/v2\/users\/1"}],"replies":[{"embeddable":true,"href":"https:\/\/camaratravel.com\/index.php?rest_route=%2Fwp%2Fv2%2Fcomments&post=764"}],"version-history":[{"count":3,"href":"https:\/\/camaratravel.com\/index.php?rest_route=\/wp\/v2\/pages\/764\/revisions"}],"predecessor-version":[{"id":1700,"href":"https:\/\/camaratravel.com\/index.php?rest_route=\/wp\/v2\/pages\/764\/revisions\/1700"}],"wp:attachment":[{"href":"https:\/\/camaratravel.com\/index.php?rest_route=%2Fwp%2Fv2%2Fmedia&parent=764"}],"curies":[{"name":"wp","href":"https:\/\/api.w.org\/{rel}","templated":true}]}}