{"id":762,"date":"2023-10-08T18:33:29","date_gmt":"2023-10-08T18:33:29","guid":{"rendered":"https:\/\/camaratravel.com\/?page_id=762"},"modified":"2023-11-10T05:21:54","modified_gmt":"2023-11-10T05:21:54","slug":"mt-60229-mediterraneo-carnival-legend","status":"publish","type":"page","link":"https:\/\/camaratravel.com\/?page_id=762","title":{"rendered":"MT-60229 Mediterraneo Carnival Legend"},"content":{"rendered":"\n<div class=\"wp-block-cover\"><span aria-hidden=\"true\" class=\"wp-block-cover__background has-background-dim\"><\/span><img decoding=\"async\" class=\"wp-block-cover__image-background\" alt=\"\" src=\"https:\/\/one.cdnmega.com\/images\/viajes\/covers\/crucero-carnival-legend.jpg\" data-object-fit=\"cover\"\/><div class=\"wp-block-cover__inner-container is-layout-flow wp-block-cover-is-layout-flow\">\n<p class=\"has-text-align-center has-large-font-size\"><\/p>\n<\/div><\/div>\n\n\n\n<p>MT-60229 Mediterraneo Carnival Legend<\/p>\n\n\n\n<p><strong>Ciudades Visitadas:<\/strong>\u00a0Italia, Turqu\u00eda, Grecia<\/p>\n\n\n\n<p><strong>Duraci\u00f3n:<\/strong>&nbsp;11 D\u00edas y 10 Noches<\/p>\n\n\n\n<p><strong>Desde:<\/strong>950 USD + 342 Imp<\/p>\n\n\n\n<p><strong>Fecha(s) de salida:<\/strong><\/p>\n\n\n\n<p><br>AGOSTO 27, 2024<\/p>\n\n\n\n<p><strong>Vigencia:<\/strong>\u00a0Precios vigentes hasta el 27\/08\/2024<\/p>\n\n\n\n<p>Itinerario<\/p>\n\n\n\n<p><strong>*** CARNIVAL LEGENT ***&nbsp;<\/strong><br>Es el turno de crear tu propia historia embarcando en el Carnival Legend, un barco ic\u00f3nico de la naviera Carnival Cruise Line. A bordo encontrar\u00e1s un ambiente \u00edntimo y familiar, adem\u00e1s de un trato m\u00e1s personalizado a todos sus pasajeros. Es un barco moderno en el que el 80% de sus camarotes ya incluyen balcones, muy demandados en sus cruceros. Tras su renovaci\u00f3n, este buque ha aumentado su oferta de ocio, diversi\u00f3n y relax. Se han incluido los nuevos toboganes para adultos y menores, la zona de lujo Serenity, los bares RedFrog y Aussie y el restaurante Bonsai Sushi. Una vez a bordo, prep\u00e1rate para entrar a un nuevo mundo basado en el entretenimiento y diversi\u00f3n para toda la familia. Vive una aventura pasada por agua en los jacuzzis o en cualquiera de las 3 piscinas del barco. Los menores y adolescentes cuentan adem\u00e1s con el Camp Carnival, con distintos espacios dividos por edades, mientras que los adultos podr\u00e1n bailar en la discoteca Medusa o escuchar m\u00fasica en directo en el m\u00edtico Billie\u00b4s Piano.<\/p>\n\n\n\n<p><strong>AGOSTO 27&nbsp;&nbsp; &nbsp;&nbsp;&nbsp; &nbsp;&nbsp;&nbsp; &nbsp;&nbsp;&nbsp; &nbsp;ROMA (CIVITAVECCHIA) \u2013ITALIA<\/strong><br>En la costa italiana del Lacio, una fortaleza del siglo XVI da la bienvenida a los cruceros a Civitavecchia, el principal puerto de Roma. Este impresionante pueblo mediterr\u00e1neo se encuentra a 16 millas al noroeste de la capital. La influencia de Roma en el arte, el intelecto, la pol\u00edtica y la religi\u00f3n ayud\u00f3 a dar forma al mundo occidental, y mucho de su pasado hist\u00f3rico todav\u00eda se puede ver hoy en d\u00eda. Los destinos tur\u00edsticos imperdibles incluyen la Capilla Sixtina de la Ciudad del Vaticano, con frescos pintados por Miguel \u00c1ngel; las ruinas del Foro Romano, que albergan impresionantes templos de la antigua metr\u00f3poli; y el Coliseo, construido en el a\u00f1o 50 d.C. como anfiteatro para batallas de gladiadores y juegos de guerra. Mientras paseas por las calles empedradas con una rebanada de pizza aut\u00e9ntica o un cono de helado cremoso, aseg\u00farate de posar para una foto en la Plaza de Espa\u00f1a y lanza una moneda a la Fontana di Trevi para asegurar tu regreso a la Ciudad Eterna.&nbsp;<\/p>\n\n\n\n<p><strong>AGOSTO 28 Y 29&nbsp;&nbsp; &nbsp;&nbsp;&nbsp; &nbsp;&nbsp;&nbsp; &nbsp;ALTAMAR<\/strong><br>\u00a1Bienvenido a la zona Serenity exclusiva para adultos! Este nuevo retiro m\u00e1gico de paz cuenta con todo tipo de zonas de descanso ideadas por y para el descanso de los adultos. Solo tienes que elegir una bebida del bar exclusivo, echarte en la hamaca o tumbona y hasta aqu\u00ed se acabaron las decisiones. Simplemente ded\u00edcate a disfrutar de la tranquilidad, de tu cocktail y del relajante sonido del mar de fondo. La felicidad es m\u00e1s sencilla de lo que parece, desc\u00fabrela.<\/p>\n\n\n\n<p><strong>AGOSTO 30&nbsp;&nbsp; &nbsp;&nbsp;&nbsp; &nbsp;&nbsp;&nbsp; &nbsp;&nbsp;&nbsp; &nbsp;MYKONOS \u2013 GRECIA<\/strong><br>La isla, que forma parte del archipi\u00e9lago de las C\u00edcladas, es conocida por su vida nocturna y su gran cantidad de playas de arena blanca, como Elia y Kalafatis, que son perfectas para nadar y tomar el sol. Las brisas constantes proporcionan condiciones \u00f3ptimas para actividades como el surf y el parasailing. Vuelve a visitar el siglo XIX en la Casa de Lena, un anexo del Museo del Folclore, y marav\u00edllate con las vistas del Mediterr\u00e1neo fuera de la iglesia de Paraportiani. Los famosos molinos de viento de la ciudad, que antes se utilizaban para moler trigo y generar energ\u00eda, ahora son ideales para hacer fotos, sobre todo cuando se toman desde Alefkandra. Este distrito, apodado &#8220;Peque\u00f1a Venecia&#8221; debido a sus coloridas casas encaramadas a lo largo del mar, alberga bares y galer\u00edas de arte de moda.<\/p>\n\n\n\n<p><strong>AGOSTO 31&nbsp;&nbsp; &nbsp;&nbsp;&nbsp; &nbsp;&nbsp;&nbsp; &nbsp;&nbsp;&nbsp; &nbsp;KUSADASI (EPHESUS) \u2013 TURQU\u00cdA<\/strong><br>\u00c9feso fue la capital de Asia Menor y ahora es uno de los sitios arqueol\u00f3gicos m\u00e1s impresionantes y mejor restaurados del mundo. Camine por las calles pavimentadas de m\u00e1rmol y vea las espectaculares ruinas del Templo de Adriano, la Biblioteca de Celso, la casa donde la Virgen Mar\u00eda pas\u00f3 sus \u00faltimos d\u00edas y el anfiteatro donde una vez predic\u00f3 San Pablo. Kusadasi es un centro tur\u00edstico turco conocido por su extenso puerto deportivo y kil\u00f3metros de playas, pero es famoso por los antiguos tesoros a pocos minutos de distancia: Mileto y su teatro grecorromano y el Templo de Atenea, Didyma y su Templo de Apolo, y la m\u00e1s gloriosa de todas, la ciudad de m\u00e1rmol de \u00c9feso. &nbsp;&nbsp; &nbsp;<\/p>\n\n\n\n<p><strong>SEPTIEMBRE 01&nbsp;&nbsp; &nbsp;&nbsp;&nbsp; &nbsp;&nbsp;&nbsp; &nbsp;SANTORINI \u2013 GRECIA<\/strong><br>Santorini encarna todo lo que ha hecho de las islas griegas legendarias: playas espl\u00e9ndidas, arquitectura incomparable, acantilados espectaculares y pueblos pintorescos. El archipi\u00e9lago, encaramado en el borde de la caldera de un volc\u00e1n activo, es una de las joyas del Egeo de Grecia. Las iglesias coronan las calles encaladas y las costas de arena blanca, roja y negra est\u00e1n ba\u00f1adas por aguas azules. Las puestas de sol pintan los acantilados con una variedad de naranjas, rosas y ciruelas. Los visitantes pueden pasear por las calles empedradas para recorrer las tiendas y comer aut\u00e9nticas dolmades y moussaka; recorra los vi\u00f1edos locales para disfrutar de sorbos de vino procedente de uvas cultivadas en el rico suelo volc\u00e1nico; o haga una excursi\u00f3n al punto m\u00e1s alto de la isla, el Monte Profitis Ilias de 1,860 pies, para disfrutar de vistas panor\u00e1micas y un vistazo a un monasterio del siglo XVIII.&nbsp;<\/p>\n\n\n\n<p><strong>SEPTIEMBRE 02&nbsp;&nbsp; &nbsp;&nbsp;&nbsp; &nbsp;&nbsp;&nbsp; &nbsp;ATHENS \u2013 GRECIA<\/strong><br>El Pireo es el puerto principal de Atenas. Entre los lugares de inter\u00e9s se incluyen los museos arqueol\u00f3gicos y mar\u00edtimos, el barrio de Kastella, los restaurantes de mariscos de Mikrolimano y los restos de la Muralla del Pireo. Despu\u00e9s de hacer el viaje de 6 millas a la capital de Grecia, dir\u00edjase a la Acr\u00f3polis que alberga los Propileos, el Erecte\u00f3n, el Parten\u00f3n y el Templo de Atenea Nik\u00e9. Cerca de all\u00ed, el Museo de la Acr\u00f3polis alberga exposiciones dedicadas a estos monumentos y ofrece vistas de la ciudad. Las excursiones guiadas pueden visitar el Templo de Zeus Ol\u00edmpico; el Teatro de Dioniso, posiblemente el teatro m\u00e1s antiguo del mundo; y el Estadio Panatenaico, sede de los primeros Juegos Ol\u00edmpicos modernos. La ceremonia del cambio de guardia en el Monumento al Soldado Desconocido, que se celebra cada hora en punto, es un espect\u00e1culo digno de ver. Los recorridos gastron\u00f3micos seducen con delicias atenienses como aceitunas, queso feta y baklava.<\/p>\n\n\n\n<p><strong>SEPTIEMBRE 03&nbsp;&nbsp; &nbsp;&nbsp;&nbsp; &nbsp;&nbsp;&nbsp; &nbsp;OLYMPIA \u2013 GRECIA<\/strong><br>Tome el sol en la playa de Kourouta o haga un recorrido por la campi\u00f1a circundante antes de dirigirse 35 millas al este a Olympia para disfrutar de aventuras como rafting, ciclismo, kayak y kitesurf. La ciudad tambi\u00e9n alberga el Sitio Arqueol\u00f3gico de Olimpia, donde se celebraron los primeros Juegos Ol\u00edmpicos en el a\u00f1o 776 a.C. Los paseos por el complejo ofrecen una mirada a los restos del estadio original, el gimnasio y el Templo de Zeus, que una vez alberg\u00f3 una de las Siete Maravillas del Mundo: la estatua de Zeus de aproximadamente 40 pies de altura de Fidias. Cerca de las ruinas, el Museo de Historia de los Juegos Ol\u00edmpicos de la Antig\u00fcedad cuenta con m\u00e1s de 400 exhibiciones con artefactos que datan del per\u00edodo prehist\u00f3rico.<\/p>\n\n\n\n<p><strong>SEPTIEMBRE 04&nbsp;&nbsp; &nbsp;&nbsp;&nbsp; &nbsp;&nbsp;&nbsp; &nbsp;MESSINA, SICILY \u2013 ITALIA<\/strong><br>Situado en la costa occidental, este puerto sirve como puerta de entrada a Sicilia, la isla justo al lado de la &#8220;bota&#8221; de Italia. Las principales atracciones incluyen la catedral de la Piazza del Duomo y el campanario contiguo, que alberga el reloj astron\u00f3mico m\u00e1s grande del mundo; una iglesia del siglo XII; y un museo regional con obras de Caravaggio. El suelo rico hace que la zona sea un lugar ideal para el cultivo de la uva, por lo que algunos visitantes beben vino a la sombra del volc\u00e1n m\u00e1s alto de Europa. Para disfrutar del esplendor junto al mar, tome un barco a Isola Bella, conocida como la Perla del Mar J\u00f3nico. Las excursiones tem\u00e1ticas de la trilog\u00eda de &#8220;El Padrino&#8221; llevan a los cin\u00e9filos a los lugares de rodaje, mientras que los aficionados a la historia quedar\u00e1n encantados con las historias de la desierta Tindari.<\/p>\n\n\n\n<p><strong>SEPTIEMBRE 05&nbsp;&nbsp; &nbsp;&nbsp;&nbsp; &nbsp;&nbsp;&nbsp; &nbsp;NAPOLES \u2013 ITALIA<\/strong><br>N\u00e1poles es un centro cultural lleno de arquitectura cl\u00e1sica de estilo griego y romano y repleto de arte extraordinario, desde murales callejeros modernos hasta obras antiguas. Haz un recorrido por la ciudad, donde podr\u00e1s disfrutar de una aut\u00e9ntica porci\u00f3n de pizza napolitana mientras paseas por las calles empedradas, o dir\u00edgete a lugares cercanos para realizar algunas excursiones imperdibles. N\u00e1poles es un punto de partida para excursiones a Pompeya, un pueblo conservado en cenizas de la erupci\u00f3n del Vesubio en el a\u00f1o 79 d.C., el volc\u00e1n a\u00fan activo que sirve de tel\u00f3n de fondo para N\u00e1poles, as\u00ed como caminatas a la costa de Amalfi, una de las costas m\u00e1s impresionantes del mundo. En la fascinante isla de Capri, un corto viaje en barco a trav\u00e9s del golfo de N\u00e1poles puede tomar un telesilla hasta el punto m\u00e1s alto del islote para disfrutar de vistas panor\u00e1micas o recorrer la famosa cueva marina natural de la Gruta Azul.&nbsp;<\/p>\n\n\n\n<p><strong>SEPTIEMBRE 06&nbsp;&nbsp; &nbsp;&nbsp;&nbsp; &nbsp;&nbsp;&nbsp; &nbsp;ROMA (CITAVECCHIA) &#8211; ITALIA<\/strong><br>Desembarque a la hora programada por la naviera.<br>&nbsp;<strong>&nbsp;&nbsp;&nbsp;&nbsp;&#8230;FIN DE NUESTROS SERVICIOS<\/strong><\/p>\n\n\n\n<p>Precios y Hoteles:<\/p>\n\n\n\n<figure class=\"wp-block-table\"><table><tbody><tr><td colspan=\"2\"><strong>PRECIOS POR PERSONA, SOLO CRUCERO, EN USD<\/strong><\/td><\/tr><tr><td><strong>Categor\u00eda<\/strong><\/td><td><strong>1er y 2do pasajero<\/strong><\/td><\/tr><tr><td>4E \u2013 INTERIOR<\/td><td>$ 950.00<\/td><\/tr><tr><td>IMPUESTOS PORTUARIOS<\/td><td>$ 342.00<\/td><\/tr><tr><td>PROPINAS<\/td><td>$ 160.00<\/td><\/tr><tr><td colspan=\"2\">SUJETO A CAMBIOS Y DISPONIBILIDAS SIN PREVIO AVISO<\/td><\/tr><\/tbody><\/table><\/figure>\n\n\n\n<p>El paquete incluye<\/p>\n\n\n\n<ul class=\"wp-block-list\">\n<li>10 noches de crucero.<\/li>\n\n\n\n<li>Hospedaje en la categor\u00eda seleccionada de crucero.<\/li>\n\n\n\n<li>Alimentos tipo bufete (desayuno, comida y cena) en restaurante principal.<\/li>\n\n\n\n<li>Impuestos.<\/li>\n\n\n\n<li>Acceso a las \u00e1reas p\u00fablicas del barco (albercas, casino, canchas deportivas, tiendas, biblioteca, teatro, cine, disco y bares).<\/li>\n<\/ul>\n\n\n\n<p>El paquete no incluye:<\/p>\n\n\n\n<ul class=\"wp-block-list\">\n<li>Excursiones.<\/li>\n\n\n\n<li>Restaurantes de especialidades.<\/li>\n\n\n\n<li>Propinas.<\/li>\n\n\n\n<li>Gastos personales como llamadas telef\u00f3nicas, lavander\u00eda, internet, spa, etc.<\/li>\n\n\n\n<li>Ning\u00fan servicio no especificado como incluido.<\/li>\n<\/ul>\n\n\n\n<p>Precios cotizados en d\u00f3lares americanos, pagaderos en Moneda Nacional al tipo de cambio del d\u00eda Los precios indicados son informativos y deben ser conformados antes de su compra ya que est\u00e1n sujetos a cambio sin previo aviso. Para obtener el costo exacto a pagar a tipo de cambio del d\u00eda, comun\u00edquese con nosotros. Consulte impuestos y suplementos.<\/p>\n","protected":false},"excerpt":{"rendered":"<p>MT-60229 Mediterraneo Carnival Legend Ciudades Visitadas:\u00a0Italia, Turqu\u00eda, Grecia Duraci\u00f3n:&nbsp;11 D\u00edas y 10 Noches Desde:950 USD + 342 Imp Fecha(s) de salida: AGOSTO 27, 2024 Vigencia:\u00a0Precios vigentes hasta el 27\/08\/2024 Itinerario *** CARNIVAL LEGENT ***&nbsp;Es el turno de crear tu propia historia embarcando en el Carnival Legend, un barco ic\u00f3nico de la naviera Carnival Cruise Line. [&hellip;]<\/p>\n","protected":false},"author":1,"featured_media":0,"parent":0,"menu_order":0,"comment_status":"closed","ping_status":"closed","template":"","meta":{"om_disable_all_campaigns":false,"_monsterinsights_skip_tracking":false,"_monsterinsights_sitenote_active":false,"_monsterinsights_sitenote_note":"","_monsterinsights_sitenote_category":0,"site-sidebar-layout":"default","site-content-layout":"","ast-site-content-layout":"default","site-content-style":"default","site-sidebar-style":"default","ast-global-header-display":"","ast-banner-title-visibility":"","ast-main-header-display":"","ast-hfb-above-header-display":"","ast-hfb-below-header-display":"","ast-hfb-mobile-header-display":"","site-post-title":"disabled","ast-breadcrumbs-content":"","ast-featured-img":"","footer-sml-layout":"","ast-disable-related-posts":"","theme-transparent-header-meta":"","adv-header-id-meta":"","stick-header-meta":"","header-above-stick-meta":"","header-main-stick-meta":"","header-below-stick-meta":"","astra-migrate-meta-layouts":"set","ast-page-background-enabled":"default","ast-page-background-meta":{"desktop":{"background-color":"","background-image":"","background-repeat":"repeat","background-position":"center center","background-size":"auto","background-attachment":"scroll","background-type":"","background-media":"","overlay-type":"","overlay-color":"","overlay-opacity":"","overlay-gradient":""},"tablet":{"background-color":"","background-image":"","background-repeat":"repeat","background-position":"center center","background-size":"auto","background-attachment":"scroll","background-type":"","background-media":"","overlay-type":"","overlay-color":"","overlay-opacity":"","overlay-gradient":""},"mobile":{"background-color":"","background-image":"","background-repeat":"repeat","background-position":"center center","background-size":"auto","background-attachment":"scroll","background-type":"","background-media":"","overlay-type":"","overlay-color":"","overlay-opacity":"","overlay-gradient":""}},"ast-content-background-meta":{"desktop":{"background-color":"var(--ast-global-color-5)","background-image":"","background-repeat":"repeat","background-position":"center center","background-size":"auto","background-attachment":"scroll","background-type":"","background-media":"","overlay-type":"","overlay-color":"","overlay-opacity":"","overlay-gradient":""},"tablet":{"background-color":"var(--ast-global-color-5)","background-image":"","background-repeat":"repeat","background-position":"center center","background-size":"auto","background-attachment":"scroll","background-type":"","background-media":"","overlay-type":"","overlay-color":"","overlay-opacity":"","overlay-gradient":""},"mobile":{"background-color":"var(--ast-global-color-5)","background-image":"","background-repeat":"repeat","background-position":"center center","background-size":"auto","background-attachment":"scroll","background-type":"","background-media":"","overlay-type":"","overlay-color":"","overlay-opacity":"","overlay-gradient":""}},"footnotes":""},"class_list":["post-762","page","type-page","status-publish","hentry"],"aioseo_notices":[],"_links":{"self":[{"href":"https:\/\/camaratravel.com\/index.php?rest_route=\/wp\/v2\/pages\/762","targetHints":{"allow":["GET"]}}],"collection":[{"href":"https:\/\/camaratravel.com\/index.php?rest_route=\/wp\/v2\/pages"}],"about":[{"href":"https:\/\/camaratravel.com\/index.php?rest_route=\/wp\/v2\/types\/page"}],"author":[{"embeddable":true,"href":"https:\/\/camaratravel.com\/index.php?rest_route=\/wp\/v2\/users\/1"}],"replies":[{"embeddable":true,"href":"https:\/\/camaratravel.com\/index.php?rest_route=%2Fwp%2Fv2%2Fcomments&post=762"}],"version-history":[{"count":3,"href":"https:\/\/camaratravel.com\/index.php?rest_route=\/wp\/v2\/pages\/762\/revisions"}],"predecessor-version":[{"id":1699,"href":"https:\/\/camaratravel.com\/index.php?rest_route=\/wp\/v2\/pages\/762\/revisions\/1699"}],"wp:attachment":[{"href":"https:\/\/camaratravel.com\/index.php?rest_route=%2Fwp%2Fv2%2Fmedia&parent=762"}],"curies":[{"name":"wp","href":"https:\/\/api.w.org\/{rel}","templated":true}]}}