{"id":758,"date":"2023-10-08T18:32:28","date_gmt":"2023-10-08T18:32:28","guid":{"rendered":"https:\/\/camaratravel.com\/?page_id=758"},"modified":"2023-11-10T05:18:25","modified_gmt":"2023-11-10T05:18:25","slug":"mt-60015-caribe-oasis-of-the-seas","status":"publish","type":"page","link":"https:\/\/camaratravel.com\/?page_id=758","title":{"rendered":"MT-60015 Caribe Oasis of the Seas"},"content":{"rendered":"\n<div class=\"wp-block-cover\"><span aria-hidden=\"true\" class=\"wp-block-cover__background has-background-dim\"><\/span><img decoding=\"async\" class=\"wp-block-cover__image-background\" alt=\"\" src=\"https:\/\/one.cdnmega.com\/images\/viajes\/covers\/oasis-mt-60015_5de6e0c82da3e.jpg\" data-object-fit=\"cover\"\/><div class=\"wp-block-cover__inner-container is-layout-flow wp-block-cover-is-layout-flow\">\n<p class=\"has-text-align-center has-large-font-size\"><\/p>\n<\/div><\/div>\n\n\n\n<p>MT-60015 Caribe Oasis of the Seas<\/p>\n\n\n\n<p><strong>Ciudades Visitadas:<\/strong>\u00a0Estados Unidos, Bahamas, Haiti, Jamaica<\/p>\n\n\n\n<p><strong>Duraci\u00f3n:<\/strong>&nbsp;8 D\u00edas y 7 Noches<\/p>\n\n\n\n<p><strong>Desde:<\/strong>10911 MXN + 7737 Imp<\/p>\n\n\n\n<p><strong>Fecha(s) de salida:<\/strong><\/p>\n\n\n\n<p><br>MARZO 31, 2024<\/p>\n\n\n\n<p><strong>Vigencia:<\/strong>&nbsp;Precios vigentes hasta el 31\/03\/2024<\/p>\n\n\n\n<p><strong>Aerolinea<\/strong><\/p>\n\n\n\n<h5 class=\"wp-block-heading\">SOLO CRUCERO<\/h5>\n\n\n\n<p><a href=\"http:\/\/leafletjs.com\/\">Leaflet<\/a><\/p>\n\n\n\n<p>Itinerario<\/p>\n\n\n\n<p><strong>*** OASIS OF THE SEAS ***<\/strong><br>Cada rinc\u00f3n de este barco, ha sido pensado para dejarte con la boca abierta. Descubrir\u00e1s tantas instalaciones y plataformas interactivas que no sabr\u00e1s con cu\u00e1l empezar. Si eres un aut\u00e9ntico aventurero sin miedo a las alturas, atr\u00e9vete con un salto en tirolesa y sentir\u00e1s que vuelas sobre el mar. Encuentra nuevas emociones en cada cubierta, como los toboganes acu\u00e1ticos The Perfect Storm\u2120 y el tobog\u00e1n m\u00e1s alto del mar, Ultimate Abyss\u2120. Disfrute de bocadillos atrevidos para llevar en El Loco Fresh\u00ae y en el primer Portside BBQ\u2120, o anime a su equipo favorito en Playmakers\u2120 Sports Bar &amp; Arcade.<\/p>\n\n\n\n<p><strong>MARZO 31&nbsp;&nbsp; &nbsp;&nbsp;&nbsp; &nbsp;&nbsp;&nbsp; &nbsp;MIAMI \u2013 FLORIDA (EE.UU)<\/strong><br>Embarque y salida a la hora indicada por la naviera. Miami alberga una gran variedad de culturas, cocinas y actividades, los ba\u00f1istas se divierten con el tel\u00f3n de fondo de los vibrantes edificios art d\u00e9co. El lugar de moda de la vida nocturna, South Beach, bulle de actividad hasta las primeras horas de la ma\u00f1ana. La ciudad ofrece mucho para hacer, con numerosos museos y equipos deportivos profesionales, puertos deportivos y clubes n\u00e1uticos, campos de golf y m\u00e1s.<\/p>\n\n\n\n<p><strong>ABRIL 01&nbsp;&nbsp; &nbsp;&nbsp;&nbsp; &nbsp;&nbsp;&nbsp; &nbsp;NASSAU \u2013 BAHAMAS &nbsp;&nbsp;&nbsp;<\/strong>&nbsp;&nbsp;&nbsp; &nbsp;&nbsp;&nbsp; &nbsp;<br>Nassau ofrece a los viajeros la oportunidad de nadar con delfines, bucear entre tiburones del arrecife, aventuras de esn\u00f3rquel o navegar por la costa en una excursi\u00f3n, Para los amantes de la comida pueden disfrutar de bu\u00f1uelos de caracol, bombones de chocolate y c\u00f3cteles de ron artesanales en un recorrido de degustaci\u00f3n por los restaurantes locales. Visite el Fuerte Fincastle de 1793, tome una foto en lo alto de la Escalera de la Reina y negocie con los vendedores en el Straw Market en Bay Street. Los barcos atracan a solo unos pasos del centro de la ciudad, lo que facilita explorar la zona a pie.<\/p>\n\n\n\n<p><strong>ABRIL 02 &nbsp;&nbsp; &nbsp;&nbsp;&nbsp; &nbsp;&nbsp;&nbsp; &nbsp;PERFECT DAY AT COCOCAY \u2013 BAHAMAS &nbsp;&nbsp; &nbsp;<\/strong>&nbsp;&nbsp;&nbsp;<br>Exclusivo de Royal Caribbean, la isla aislada de CocoCay se encuentra entre los puertos de Freeport y Nassau. Perfect Day at CocoCay es una experiencia de un d\u00eda en la playa repleta de emocionantes atracciones para toda la familia. Thrill Waterpark alberga una piscina de olas y Daredevil&#8217;s Peak, el tobog\u00e1n de agua m\u00e1s alto de Am\u00e9rica del Norte con una asombrosa altura de 135 pies. Rel\u00e1jese en la piscina infinita del Coco Beach Club y disfrute de una cocina mejorada, o d\u00e9 un paseo en Up, Up and Away, un globo de helio atado que ofrece impresionantes vistas del Caribe desde 400 pies sobre la isla.<\/p>\n\n\n\n<p><strong>ABRIL 03&nbsp;&nbsp; &nbsp;&nbsp;&nbsp; &nbsp;&nbsp;&nbsp; &nbsp;ALTAMAR<\/strong><br>Si algo vas a tener en el Oasis of the Seas son los mejores espect\u00e1culos en cualquier superficie. En el moderno Aquatheater, disfruta desde tu asiento de los incre\u00edbles saltos desde trampol\u00edn al agua en un gran show de saltos, luces y sonido. Revive grandes musicales de Broadway en el Teatro Opal. Y enam\u00f3rate de los espect\u00e1culos sobre hielo de la pista del Studio B. Tres maneras distintas de ofrecerte shows \u00fanicos que te llegar\u00e1n al coraz\u00f3n.<\/p>\n\n\n\n<p><strong>ABRIL 04&nbsp;&nbsp; &nbsp;&nbsp;&nbsp; &nbsp;&nbsp;&nbsp; &nbsp; LABADEE \u2013 HAITI<\/strong><br>Labadee es la playa paradis\u00edaca privada de Royal Caribbean, ubicada en la costa norte de La Espa\u00f1ola. Los visitantes pueden participar en una serie de actividades en la playa, como kayak, snorkel o simplemente relajarse y contemplar la hermosa costa y las monta\u00f1as y el follaje circundantes. Labadee tambi\u00e9n ofrece un parque acu\u00e1tico flotante y tiendas locales para que los visitantes puedan llevarse recuerdos a casa para recordar este magn\u00edfico destino.<\/p>\n\n\n\n<p><strong>ABRIL 05&nbsp;&nbsp; &nbsp;&nbsp;&nbsp; &nbsp;&nbsp;&nbsp; &nbsp;FALMOUTH \u2013 JAMAICA<\/strong><br>Considerado como el Williamsburg colonial del Caribe, una buena opcion es dar un paseo por el hist\u00f3rico distrito, explore una colecci\u00f3n impresionante de la arquitectura georgiana del siglo XIX. Visite el museo de Greenwood Great House, y se encontrar\u00e1 en medio del siglo 19 o tome un paseo rom\u00e1ntico por el r\u00edo Martha Brae en una balsa de bamb\u00fa de 30 pies. Ir en busca de gangas en la Plaza del Agua, donde descubrir\u00e1 el centro hist\u00f3rico y comercial Albert George. Y un viaje a Falmouth no estar\u00eda completo sin probar una de los m\u00e1s de 300 diferentes recetas de la carne estilo Jerk.<\/p>\n\n\n\n<p><strong>ABRIL 06&nbsp;&nbsp; &nbsp;&nbsp;&nbsp; &nbsp;ALTAMAR<\/strong><br>Demuestra tus aptitudes para los deportes nadando en la piscina o convi\u00e9rtete en el rey encima de las olas gracias al simulador de surf FlowRider. Para aquellos que sois a\u00fan m\u00e1s exigentes, este barco dispone tambi\u00e9n de simulador de golf, minigolf, hasta 5 piscinas y una plataforma para para practicar distintos deportes acu\u00e1ticos.&nbsp;<\/p>\n\n\n\n<p><strong>ABRIL 07&nbsp;&nbsp; &nbsp;&nbsp;&nbsp; &nbsp;MIAMI &#8211; FLORIDA (EE. UU)<\/strong><br>Desembarque a la hora programada por la Naviera.&nbsp;<br>&nbsp;<strong>&nbsp;&nbsp;&nbsp;&nbsp;&#8230;FIN DE NUESTROS SERVICIOS<\/strong><\/p>\n\n\n\n<p>Precios y Hoteles:<\/p>\n\n\n\n<figure class=\"wp-block-table\"><table><tbody><tr><td colspan=\"2\"><strong>PRECIOS POR PERSONA, SOLO CRUCERO, EN MXN<\/strong><\/td><\/tr><tr><td><strong>Categor\u00eda<\/strong><\/td><td><strong>1er y 2do pasajero<\/strong><\/td><\/tr><tr><td>4N \u2013 EXTERIOR<\/td><td>$ 14,111.00<\/td><\/tr><tr><td>4V \u2013 INTERIOR<\/td><td>$ 10,911.00<\/td><\/tr><tr><td>IMPUESTOS PORTUARIOS<\/td><td>$ 7,737.00<\/td><\/tr><tr><td>PROPINAS&nbsp;<\/td><td>$ 2,165.00<\/td><\/tr><tr><td colspan=\"2\">SUJETO A DISPONIBILIDAD Y CAMBIOS SIN PREVIO AVISO<\/td><\/tr><\/tbody><\/table><\/figure>\n\n\n\n<p>El paquete incluye<\/p>\n\n\n\n<ul class=\"wp-block-list\">\n<li>07 noches de crucero.<\/li>\n\n\n\n<li>Hospedaje en la categor\u00eda seleccionada de crucero.<\/li>\n\n\n\n<li>Alimentos tipo buffet (desayuno, comida y cena) en restaurante general.<\/li>\n\n\n\n<li>Acceso a las \u00e1reas p\u00fablicas del barco (albercas, casino, canchas deportivas, tiendas, biblioteca, teatro, cine, disco y bares).<\/li>\n\n\n\n<li>Propinas<\/li>\n<\/ul>\n\n\n\n<p>El paquete no incluye:<\/p>\n\n\n\n<ul class=\"wp-block-list\">\n<li>Bebidas (alcoh\u00f3licas, embotelladas y enlatadas).<\/li>\n\n\n\n<li>Restaurantes de especialidades.<\/li>\n\n\n\n<li>Excursiones en tierra.<\/li>\n\n\n\n<li>Gastos personales como llamadas telef\u00f3nicas, lavander\u00eda, internet, spa, etc.<\/li>\n\n\n\n<li>Ning\u00fan servicio no especificado como incluido.<\/li>\n<\/ul>\n","protected":false},"excerpt":{"rendered":"<p>MT-60015 Caribe Oasis of the Seas Ciudades Visitadas:\u00a0Estados Unidos, Bahamas, Haiti, Jamaica Duraci\u00f3n:&nbsp;8 D\u00edas y 7 Noches Desde:10911 MXN + 7737 Imp Fecha(s) de salida: MARZO 31, 2024 Vigencia:&nbsp;Precios vigentes hasta el 31\/03\/2024 Aerolinea SOLO CRUCERO Leaflet Itinerario *** OASIS OF THE SEAS ***Cada rinc\u00f3n de este barco, ha sido pensado para dejarte con la [&hellip;]<\/p>\n","protected":false},"author":1,"featured_media":0,"parent":0,"menu_order":0,"comment_status":"closed","ping_status":"closed","template":"","meta":{"om_disable_all_campaigns":false,"_monsterinsights_skip_tracking":false,"_monsterinsights_sitenote_active":false,"_monsterinsights_sitenote_note":"","_monsterinsights_sitenote_category":0,"site-sidebar-layout":"default","site-content-layout":"","ast-site-content-layout":"default","site-content-style":"default","site-sidebar-style":"default","ast-global-header-display":"","ast-banner-title-visibility":"","ast-main-header-display":"","ast-hfb-above-header-display":"","ast-hfb-below-header-display":"","ast-hfb-mobile-header-display":"","site-post-title":"disabled","ast-breadcrumbs-content":"","ast-featured-img":"","footer-sml-layout":"","ast-disable-related-posts":"","theme-transparent-header-meta":"","adv-header-id-meta":"","stick-header-meta":"","header-above-stick-meta":"","header-main-stick-meta":"","header-below-stick-meta":"","astra-migrate-meta-layouts":"set","ast-page-background-enabled":"default","ast-page-background-meta":{"desktop":{"background-color":"","background-image":"","background-repeat":"repeat","background-position":"center center","background-size":"auto","background-attachment":"scroll","background-type":"","background-media":"","overlay-type":"","overlay-color":"","overlay-opacity":"","overlay-gradient":""},"tablet":{"background-color":"","background-image":"","background-repeat":"repeat","background-position":"center center","background-size":"auto","background-attachment":"scroll","background-type":"","background-media":"","overlay-type":"","overlay-color":"","overlay-opacity":"","overlay-gradient":""},"mobile":{"background-color":"","background-image":"","background-repeat":"repeat","background-position":"center center","background-size":"auto","background-attachment":"scroll","background-type":"","background-media":"","overlay-type":"","overlay-color":"","overlay-opacity":"","overlay-gradient":""}},"ast-content-background-meta":{"desktop":{"background-color":"var(--ast-global-color-5)","background-image":"","background-repeat":"repeat","background-position":"center center","background-size":"auto","background-attachment":"scroll","background-type":"","background-media":"","overlay-type":"","overlay-color":"","overlay-opacity":"","overlay-gradient":""},"tablet":{"background-color":"var(--ast-global-color-5)","background-image":"","background-repeat":"repeat","background-position":"center center","background-size":"auto","background-attachment":"scroll","background-type":"","background-media":"","overlay-type":"","overlay-color":"","overlay-opacity":"","overlay-gradient":""},"mobile":{"background-color":"var(--ast-global-color-5)","background-image":"","background-repeat":"repeat","background-position":"center center","background-size":"auto","background-attachment":"scroll","background-type":"","background-media":"","overlay-type":"","overlay-color":"","overlay-opacity":"","overlay-gradient":""}},"footnotes":""},"class_list":["post-758","page","type-page","status-publish","hentry"],"aioseo_notices":[],"_links":{"self":[{"href":"https:\/\/camaratravel.com\/index.php?rest_route=\/wp\/v2\/pages\/758","targetHints":{"allow":["GET"]}}],"collection":[{"href":"https:\/\/camaratravel.com\/index.php?rest_route=\/wp\/v2\/pages"}],"about":[{"href":"https:\/\/camaratravel.com\/index.php?rest_route=\/wp\/v2\/types\/page"}],"author":[{"embeddable":true,"href":"https:\/\/camaratravel.com\/index.php?rest_route=\/wp\/v2\/users\/1"}],"replies":[{"embeddable":true,"href":"https:\/\/camaratravel.com\/index.php?rest_route=%2Fwp%2Fv2%2Fcomments&post=758"}],"version-history":[{"count":3,"href":"https:\/\/camaratravel.com\/index.php?rest_route=\/wp\/v2\/pages\/758\/revisions"}],"predecessor-version":[{"id":1695,"href":"https:\/\/camaratravel.com\/index.php?rest_route=\/wp\/v2\/pages\/758\/revisions\/1695"}],"wp:attachment":[{"href":"https:\/\/camaratravel.com\/index.php?rest_route=%2Fwp%2Fv2%2Fmedia&parent=758"}],"curies":[{"name":"wp","href":"https:\/\/api.w.org\/{rel}","templated":true}]}}