{"id":754,"date":"2023-10-08T18:30:26","date_gmt":"2023-10-08T18:30:26","guid":{"rendered":"https:\/\/camaratravel.com\/?page_id=754"},"modified":"2023-11-02T19:27:55","modified_gmt":"2023-11-02T19:27:55","slug":"mt-40388-ruta-del-vino","status":"publish","type":"page","link":"https:\/\/camaratravel.com\/?page_id=754","title":{"rendered":"MT-40388 Ruta del Vino"},"content":{"rendered":"\n<div class=\"wp-block-cover is-light\"><span aria-hidden=\"true\" class=\"wp-block-cover__background has-background-dim\"><\/span><img decoding=\"async\" class=\"wp-block-cover__image-background\" alt=\"\" src=\"https:\/\/one.cdnmega.com\/images\/viajes\/covers\/vinedo-baja-california_611ec014adcdc.webp\" data-object-fit=\"cover\"\/><div class=\"wp-block-cover__inner-container is-layout-flow wp-block-cover-is-layout-flow\">\n<p class=\"has-text-align-center has-large-font-size\"><\/p>\n<\/div><\/div>\n\n\n\n<p>MT-40388 Ruta del Vino<\/p>\n\n\n\n<p><strong>Ciudades Visitadas:<\/strong>\u00a0M\u00e9xico<\/p>\n\n\n\n<p><strong>Duraci\u00f3n:<\/strong>&nbsp;4 D\u00edas y 3 Noches<\/p>\n\n\n\n<p><strong>Desde:<\/strong>11359 MXN + 1599 Imp<\/p>\n\n\n\n<p><strong>Fecha(s) de salida:<\/strong><\/p>\n\n\n\n<p><br>Noviembre: 23<br><br><strong>Salidas 2024<\/strong><br>Abril 11<br>Junio: 20<br>Agosto: 08<br>Octubre: 24<\/p>\n\n\n\n<p><strong>Vigencia:<\/strong>&nbsp;Precios vigentes hasta el 24\/10\/2024<\/p>\n\n\n\n<p><strong>Aerolinea<\/strong><\/p>\n\n\n\n<h5 class=\"wp-block-heading\">INCLUYE VUELO<\/h5>\n\n\n\n<figure class=\"wp-block-image\"><img decoding=\"async\" src=\"https:\/\/one.cdnmega.com\/images\/aerolineas\/iata\/VB.png\" alt=\"Viva Aerobus\"\/><\/figure>\n\n\n\n<p><a href=\"http:\/\/leafletjs.com\/\">Leaflet<\/a><\/p>\n\n\n\n<p>Itinerario<\/p>\n\n\n\n<p><strong>D\u00cdA 1 CIUDAD DE M\u00c9XICO&nbsp;\u2013 ROSARITO<\/strong><br>Cita en el aeropuerto de la ciudad de M\u00e9xico, para tomar el vuelo con destino a Tijuana, traslado a Rosarito, tiempo &nbsp;libre donde tendremos oportunidad de recorrer sus principales atractivos. Alojamiento.&nbsp;<\/p>\n\n\n\n<p><strong>D\u00cdA 2 ENSENADA<\/strong>&nbsp;<br>Desayuno incluido, salida con equipaje a Ensenada, registro en el hotel, tiempo libre para comer en la zona, por la tarde visita a la Bufadora, atractivo tur\u00edstico localizado en la pen\u00ednsula de Baja California a menudo es considerada un g\u00e9iser mar\u00edtimo, es un punto importante de atracci\u00f3n tur\u00edstica, en este lugar &nbsp;podremos disfrutar de la degustaci\u00f3n de platillos y bebidas mexicanas, m\u00e1s tarde regreso a Ensenada. Alojamiento.<\/p>\n\n\n\n<p><strong>D\u00cdA 3 VALLE DE GUADALUPE<\/strong><br>Desayuno incluido, salida por la ma\u00f1ana y visita al Valle de Guadalupe, es uno de los valles que comprenden la Ruta del Vino, ruta que abarca el Valle de San Antonio y los valles de Ojos Negros, Santo Tom\u00e1s, San Vicente, La Grulla, Tanam\u00e1, Las Palmas y San Valent\u00edn en la Antigua Ruta del Vino, donde podremos visitar el Museo del Vino, adem\u00e1s haremos visitas a los vi\u00f1edos de L. A. Cetto y Monte Xanic, al finalizar las visitas emprenderemos el regreso a Ensenada.&nbsp;<\/p>\n\n\n\n<p><strong>D\u00cdA 4 TIJUANA&nbsp;\u2013 CIUDAD DE M\u00c9XICO<\/strong><br>Desayuno incluido. Por la ma\u00f1ana, salida con equipaje, traslado y visita de reconocimiento a Tijuana, ciudad donde realizaremos una visita panor\u00e1mica, despu\u00e9s de un tiempo libre en el paseo de los H\u00e9roes, a la hora convenida nos trasladaremos al aeropuerto para tomar vuelo con destino a la Ciudad de M\u00e9xico.<br>FIN DE NUESTROS SERVICIOS<\/p>\n\n\n\n<p><small><strong>\u00a8*Nota: El orden y recorrido puede variar debido a situaciones ajenas a Mega Travel como eventos naturales, retrasos de aerol\u00edneas, bloqueos etc. Sin embargo, en todos los casos trataremos de siempre cumplir con todo el itinerario previsto*<\/strong><\/small><strong>&nbsp;&nbsp;&nbsp;&nbsp;&#8230;FIN DE NUESTROS SERVICIOS<\/strong><\/p>\n\n\n\n<p>Precios y Hoteles:<\/p>\n\n\n\n<figure class=\"wp-block-table\"><table><tbody><tr><td colspan=\"3\"><strong>SALIDAS 2023<\/strong><\/td><\/tr><tr><td><strong>TRIPLE<\/strong><\/td><td><strong>DOBLE<\/strong><\/td><td><strong>MNR<br>(2-11A\u00d1OS)<\/strong><\/td><\/tr><tr><td>$ 11,359<\/td><td>$ 11,599<\/td><td>$ 8,559<\/td><\/tr><\/tbody><\/table><\/figure>\n\n\n\n<figure class=\"wp-block-table\"><table><tbody><tr><td colspan=\"4\"><strong>SALIDAS 2024<\/strong><\/td><\/tr><tr><td><strong>TRIPLE<\/strong><\/td><td><strong>DOBLE<\/strong><\/td><td><strong>SGL<\/strong><\/td><td><strong>MNR<br>(2-11A\u00d1OS)<\/strong><\/td><\/tr><tr><td>$ 11,939<\/td><td>$ 12,239<\/td><td>$ 15,419<\/td><td>$ 9,889<\/td><\/tr><\/tbody><\/table><\/figure>\n\n\n\n<p><strong>IMPUESTOS Y SUPLEMENTOS<\/strong><\/p>\n\n\n\n<figure class=\"wp-block-table\"><table><tbody><tr><td>Impuestos a\u00e9reos<\/td><td>$ 1,599<\/td><\/tr><tr><td colspan=\"2\">Consultar suplementos de temporada alta<\/td><\/tr><\/tbody><\/table><\/figure>\n\n\n\n<p>\u2013&nbsp;Precios indicados en MXN<br>\u2013 Los precios cambian constantemente , as\u00ed que te sugerimos la verificaci\u00f3n de estos, y no utilizar este documento como definitivo.<br>\u2013 Costos sujetos a cambios de un momento a otro<br>\u2013&nbsp;Consultar suplemento por temporada alta<br>\u2013&nbsp;Menor aplica hasta los 11 a\u00f1os compartiendo con 2 adultos.<\/p>\n\n\n\n<figure class=\"wp-block-table\"><table><tbody><tr><td>Rosarito Beach Resort o similar<\/td><td>Tijuana<\/td><td>Turista<\/td><td>M\u00e9xico<\/td><\/tr><tr><td>Cortez Baja Inn o similar<\/td><td>Ensenada<\/td><td>Turista<\/td><td>M\u00e9xico<\/td><\/tr><tr><td colspan=\"4\">\u00c9sta es la relaci\u00f3n de los hoteles utilizados m\u00e1s frecuentemente en este circuito. Reflejada tan s\u00f3lo a efectos indicativos, pudiendo ser el pasajero alojado en establecimientos similares o alternativos<\/td><\/tr><\/tbody><\/table><\/figure>\n\n\n\n<p>El paquete incluye<\/p>\n\n\n\n<ul class=\"wp-block-list\">\n<li>Vuelo viaje redondo en clase turista MEX-TIJ-MEX<\/li>\n\n\n\n<li>03 noches de hospedaje<\/li>\n\n\n\n<li>03 desayunos americanos<\/li>\n\n\n\n<li>Visita a Vin\u00edcolas y Museo del Vino<\/li>\n\n\n\n<li>Degustaci\u00f3n de Vinos en Casa Xanic<\/li>\n\n\n\n<li>Coordinador de grupo<\/li>\n<\/ul>\n\n\n\n<p>El paquete no incluye:<\/p>\n\n\n\n<ul class=\"wp-block-list\">\n<li>Impuestos de $1,599 MXN por persona<\/li>\n\n\n\n<li>Propinas, Ning\u00fan Servicio especificado, Gastos personales<\/li>\n<\/ul>\n","protected":false},"excerpt":{"rendered":"<p>MT-40388 Ruta del Vino Ciudades Visitadas:\u00a0M\u00e9xico Duraci\u00f3n:&nbsp;4 D\u00edas y 3 Noches Desde:11359 MXN + 1599 Imp Fecha(s) de salida: Noviembre: 23 Salidas 2024Abril 11Junio: 20Agosto: 08Octubre: 24 Vigencia:&nbsp;Precios vigentes hasta el 24\/10\/2024 Aerolinea INCLUYE VUELO Leaflet Itinerario D\u00cdA 1 CIUDAD DE M\u00c9XICO&nbsp;\u2013 ROSARITOCita en el aeropuerto de la ciudad de M\u00e9xico, para tomar el vuelo [&hellip;]<\/p>\n","protected":false},"author":1,"featured_media":0,"parent":0,"menu_order":0,"comment_status":"closed","ping_status":"closed","template":"","meta":{"om_disable_all_campaigns":false,"_monsterinsights_skip_tracking":false,"_monsterinsights_sitenote_active":false,"_monsterinsights_sitenote_note":"","_monsterinsights_sitenote_category":0,"site-sidebar-layout":"default","site-content-layout":"","ast-site-content-layout":"default","site-content-style":"default","site-sidebar-style":"default","ast-global-header-display":"","ast-banner-title-visibility":"","ast-main-header-display":"","ast-hfb-above-header-display":"","ast-hfb-below-header-display":"","ast-hfb-mobile-header-display":"","site-post-title":"disabled","ast-breadcrumbs-content":"","ast-featured-img":"","footer-sml-layout":"","ast-disable-related-posts":"","theme-transparent-header-meta":"","adv-header-id-meta":"","stick-header-meta":"","header-above-stick-meta":"","header-main-stick-meta":"","header-below-stick-meta":"","astra-migrate-meta-layouts":"set","ast-page-background-enabled":"default","ast-page-background-meta":{"desktop":{"background-color":"","background-image":"","background-repeat":"repeat","background-position":"center center","background-size":"auto","background-attachment":"scroll","background-type":"","background-media":"","overlay-type":"","overlay-color":"","overlay-opacity":"","overlay-gradient":""},"tablet":{"background-color":"","background-image":"","background-repeat":"repeat","background-position":"center center","background-size":"auto","background-attachment":"scroll","background-type":"","background-media":"","overlay-type":"","overlay-color":"","overlay-opacity":"","overlay-gradient":""},"mobile":{"background-color":"","background-image":"","background-repeat":"repeat","background-position":"center center","background-size":"auto","background-attachment":"scroll","background-type":"","background-media":"","overlay-type":"","overlay-color":"","overlay-opacity":"","overlay-gradient":""}},"ast-content-background-meta":{"desktop":{"background-color":"var(--ast-global-color-5)","background-image":"","background-repeat":"repeat","background-position":"center center","background-size":"auto","background-attachment":"scroll","background-type":"","background-media":"","overlay-type":"","overlay-color":"","overlay-opacity":"","overlay-gradient":""},"tablet":{"background-color":"var(--ast-global-color-5)","background-image":"","background-repeat":"repeat","background-position":"center center","background-size":"auto","background-attachment":"scroll","background-type":"","background-media":"","overlay-type":"","overlay-color":"","overlay-opacity":"","overlay-gradient":""},"mobile":{"background-color":"var(--ast-global-color-5)","background-image":"","background-repeat":"repeat","background-position":"center center","background-size":"auto","background-attachment":"scroll","background-type":"","background-media":"","overlay-type":"","overlay-color":"","overlay-opacity":"","overlay-gradient":""}},"footnotes":""},"class_list":["post-754","page","type-page","status-publish","hentry"],"aioseo_notices":[],"_links":{"self":[{"href":"https:\/\/camaratravel.com\/index.php?rest_route=\/wp\/v2\/pages\/754","targetHints":{"allow":["GET"]}}],"collection":[{"href":"https:\/\/camaratravel.com\/index.php?rest_route=\/wp\/v2\/pages"}],"about":[{"href":"https:\/\/camaratravel.com\/index.php?rest_route=\/wp\/v2\/types\/page"}],"author":[{"embeddable":true,"href":"https:\/\/camaratravel.com\/index.php?rest_route=\/wp\/v2\/users\/1"}],"replies":[{"embeddable":true,"href":"https:\/\/camaratravel.com\/index.php?rest_route=%2Fwp%2Fv2%2Fcomments&post=754"}],"version-history":[{"count":4,"href":"https:\/\/camaratravel.com\/index.php?rest_route=\/wp\/v2\/pages\/754\/revisions"}],"predecessor-version":[{"id":1604,"href":"https:\/\/camaratravel.com\/index.php?rest_route=\/wp\/v2\/pages\/754\/revisions\/1604"}],"wp:attachment":[{"href":"https:\/\/camaratravel.com\/index.php?rest_route=%2Fwp%2Fv2%2Fmedia&parent=754"}],"curies":[{"name":"wp","href":"https:\/\/api.w.org\/{rel}","templated":true}]}}