{"id":748,"date":"2023-10-08T18:28:35","date_gmt":"2023-10-08T18:28:35","guid":{"rendered":"https:\/\/camaratravel.com\/?page_id=748"},"modified":"2023-11-02T19:13:53","modified_gmt":"2023-11-02T19:13:53","slug":"mt-40344-costa-campeche","status":"publish","type":"page","link":"https:\/\/camaratravel.com\/?page_id=748","title":{"rendered":"MT-40344 Costa Campeche"},"content":{"rendered":"\n<div class=\"wp-block-cover is-light\" style=\"padding-top:var(--wp--preset--spacing--80);padding-bottom:var(--wp--preset--spacing--80);min-height:50px;aspect-ratio:unset;\"><span aria-hidden=\"true\" class=\"wp-block-cover__background has-luminous-vivid-orange-background-color has-background-dim-100 has-background-dim\"><\/span><div class=\"wp-block-cover__inner-container is-layout-flow wp-block-cover-is-layout-flow\">\n<p class=\"has-text-align-center has-large-font-size\"><\/p>\n<\/div><\/div>\n\n\n\n<figure class=\"wp-block-image aligncenter\"><img decoding=\"async\" src=\"https:\/\/one.cdnmega.com\/images\/viajes\/covers\/campeche_5f61027ca8aee.webp\" alt=\"\"\/><\/figure>\n\n\n\n<p>MT-40344 Costa Campeche<\/p>\n\n\n\n<p><strong>Ciudades Visitadas:<\/strong>\u00a0M\u00e9xico<\/p>\n\n\n\n<p><strong>Duraci\u00f3n:<\/strong>&nbsp;6 D\u00edas y 5 Noches<\/p>\n\n\n\n<p><strong>Desde:<\/strong>13739 MXN + 1599 Imp<\/p>\n\n\n\n<p><strong>Fecha(s) de salida:<\/strong><\/p>\n\n\n\n<p><br>Mi\u00e9rcoles a Lunes \u00f3 Jueves a Martes<\/p>\n\n\n\n<p><strong>Vigencia:<\/strong>&nbsp;Precios vigentes hasta el 31\/12\/2023<\/p>\n\n\n\n<p><strong>Aerolinea<\/strong><\/p>\n\n\n\n<h5 class=\"wp-block-heading\">INCLUYE VUELO<\/h5>\n\n\n\n<figure class=\"wp-block-image\"><img decoding=\"async\" src=\"https:\/\/one.cdnmega.com\/images\/aerolineas\/iata\/AM.png\" alt=\"Aeromexico\"\/><\/figure>\n\n\n\n<figure class=\"wp-block-image\"><img decoding=\"async\" src=\"https:\/\/one.cdnmega.com\/images\/aerolineas\/iata\/VB.png\" alt=\"Viva Aerobus\"\/><\/figure>\n\n\n\n<figure class=\"wp-block-image\"><img decoding=\"async\" src=\"https:\/\/one.cdnmega.com\/images\/aerolineas\/iata\/Y4.png\" alt=\"Volaris\"\/><\/figure>\n\n\n\n<p><a href=\"http:\/\/leafletjs.com\/\">Leaflet<\/a><\/p>\n\n\n\n<p>Itinerario<\/p>\n\n\n\n<p><strong>D\u00cdA 1 CIUDAD DE M\u00c9XICO&nbsp;\u2013<\/strong><strong>&nbsp;CAMPECHE<\/strong><br>Cita en el aeropuerto de la Ciudad de M\u00e9xico, para tomar el vuelo rumbo a Campeche, llegada y recibimiento por nuestro trasladista, llegada al hotel , tiempo para desayuno (por cuenta del pasajero).<br>Resto de la tarde libre para actividades personales, se recomienda visitar museos, Malec\u00f3n y Plaza de la independencia.. Alojamiento.<\/p>\n\n\n\n<p><strong>D\u00cdA 2 CAMPECHE&nbsp;\u2013 EDZN\u00c1&nbsp;\u2013 CAMPECHE<\/strong><br>Desayuno y a las 09:00am salida con destino a la &nbsp;zona arqueol\u00f3gica de Ednz\u00e1, visita guiada de &nbsp;la zona arqueol\u00f3gica de Edzn\u00e1. &nbsp;Situada a 45 min al sureste de la ciudad capital, la Antigua ciudad maya presente desde 600a.c. aproximadamente, se mantuvo presente a lo largo de casi 1800a\u00f1os. Se puede admirar su variedad en arquitectura y temporalidades constructivas coronadas por su Templo Pir\u00e1mide de los Cinco Pisos, su plaza principal, juego de pelota y Nohoch N\u00e1 ,muestras de la arquitectura Pet\u00e9n,Chenes,R\u00edo Bec y Puuc.<br>Regreso al hotel, resto de la tarde libre. Alojamiento.<\/p>\n\n\n\n<p><strong>D\u00cdA 3 CAMPECHE \u2013 CENOTES MIGUEL COLORADO \u2013 CAMPECHE<\/strong><br>Desayuno y salida a Miguel Colorado; \u00e9l intrincado sendero llega hasta su orilla y all\u00ed el paisaje te fascinar\u00e1, su cuerpo de agua (de radio de 250 metros) est\u00e1 rodeado por paredes de roca de m\u00e1s de 80 metros de alto cubiertas de \u00e1rboles que se reflejan en el agua de un profundo color verde. Est\u00e9 fant\u00e1stico lugar es impresionante a la vista, que te permitir\u00e1 hacer una traves\u00eda desliz\u00e1ndote por la tirolesa en todo el di\u00e1metro del cenote, practicar el kayakismo, dar caminatas por sus alrededores, contemplar la fauna aut\u00f3ctona en sus diversos miradores que han sido acondicionados para el disfrute del visitante. Es toda una aventura conocer los Cenotes de Miguel Colorado.(Sujeto a disponibilidad, en caso de no poderse confirmar, solicite a su ejecutivo la lista de tours disponibles)<br>Regreso al hotel. Alojamiento.<\/p>\n\n\n\n<p><strong>D\u00cdA 4 D\u00cdA LIBRE<\/strong><br>Desayuno y d\u00eda libre para disfrutar del incre\u00edble malec\u00f3n, las fuentes iluminadas o bien para realizar una caminata por el centro y hacer compras.&nbsp;<br>O si lo prefiere tomar alg\u00fan tour adicional, recomendamos Calkmul y Balamk\u00fa o Isla Arena con flamingos , consulte precios e itinerario.<\/p>\n\n\n\n<p><strong>D\u00cdA 5 CAMPECHE \u2013 LAGUNA DE TERMINOS Y PLAYA TORTUGAS&nbsp;\u2013 CAMPECHE<\/strong><br>Desayuno y salida a laguna de T\u00e9rminos y Playa Tortugas; Recorrido en embarcaci\u00f3n menor por la costa de la laguna de T\u00e9rminos, antiguo refugio de piratas que es hoy un hermoso santuario natural donde se pueden admirar los delfines boca de botella y diversas especies de aves. Visitaremos el faro del poblado y comeremos en Bah\u00eda Tortugas donde probaremos ricos platos de la regi\u00f3n costera, lugares a visitar Isla Aguada, Isla de P\u00e1jaros, Faro de Isla Aguada, Bah\u00eda Tortugas.&nbsp;<br>Regreso al hotel. Alojamiento.<\/p>\n\n\n\n<p><strong>D\u00cdA 6 CAMPECHE \u2013 CIUDAD DE M\u00c9XICO<\/strong><br>Desayuno, resto del tiempo libre hasta la hora de su traslado al aeropuerto de la ciudad de Campeche, para tomar el vuelo con regreso a la Ciudad de M\u00e9xico.<strong>&nbsp;&nbsp;&nbsp;&nbsp;&#8230;FIN DE NUESTROS SERVICIOS<\/strong><\/p>\n\n\n\n<p>Precios y Hoteles:<\/p>\n\n\n\n<figure class=\"wp-block-table\"><table><tbody><tr><td><strong>CPL<\/strong><\/td><td><strong>TRIPLE<\/strong><\/td><td><strong>DOBLE<\/strong><\/td><td><strong>SGL<\/strong><\/td><td><strong>MNR<\/strong><\/td><\/tr><tr><td>$ 13,739<\/td><td>$ 13,989<\/td><td>$ 14,679<\/td><td>$ 17,559<\/td><td>$ 12,929<\/td><\/tr><\/tbody><\/table><\/figure>\n\n\n\n<p><strong>IMPUESTOS Y SUPLEMENTOS<\/strong><\/p>\n\n\n\n<figure class=\"wp-block-table\"><table><tbody><tr><td>Impuestos A\u00e9reos<\/td><td>$ 1,599<\/td><\/tr><\/tbody><\/table><\/figure>\n\n\n\n<p>\u2013&nbsp;Precios indicados en MXN<br>\u2013&nbsp;Los precios cambian constantemente, as\u00ed que te sugerimos la verificaci\u00f3n de estos, y no utilizar este documento como definitivo.<br>\u2013&nbsp;Consultar suplemento por temporada alta.<\/p>\n\n\n\n<figure class=\"wp-block-table\"><table><tbody><tr><td colspan=\"4\"><strong>HOTELES PREVISTOS O SIMILARES<\/strong><\/td><\/tr><tr><td><strong>HOTELES PREVISTOS<\/strong><\/td><td><strong>CIUDAD<\/strong><\/td><td><strong>TIPO<\/strong><\/td><td><strong>PA\u00cdS<\/strong><\/td><\/tr><tr><td>Hotel Misi\u00f3n<br>City Express<\/td><td>Campeche<\/td><td>Turista<\/td><td>M\u00e9xico<\/td><\/tr><tr><td colspan=\"4\">\u00c9sta es la relaci\u00f3n de los hoteles utilizados m\u00e1s frecuentemente en este circuito. Reflejada tan s\u00f3lo a efectos indicativos, pudiendo ser el pasajero alojado en establecimientos similares o alternativos<\/td><\/tr><\/tbody><\/table><\/figure>\n\n\n\n<p>El paquete incluye<\/p>\n\n\n\n<ul class=\"wp-block-list\">\n<li>Vuelo redondo MEX-CPE-MEX el clase turista.<\/li>\n\n\n\n<li>Traslados aeropuerto hotel aeropuerto.<\/li>\n\n\n\n<li>05 noches de alojamiento<\/li>\n\n\n\n<li>Desayunos diarios (excepto el de llegada)<\/li>\n\n\n\n<li>Tour a zona arqueol\u00f3gica de Edzn\u00e1<\/li>\n\n\n\n<li>Tour a los cenotes Miguel Colorado (Sujeto a disponibilidad)<\/li>\n\n\n\n<li>Tour a Laguna de T\u00e9rminos y Playa Tortugas<\/li>\n<\/ul>\n\n\n\n<p>El paquete no incluye:<\/p>\n\n\n\n<ul class=\"wp-block-list\">\n<li>Impuestos de $1,599 MXN por pasajero<\/li>\n\n\n\n<li>Gastos personales, ning\u00fan servicio no especificado y tours opcionales.<\/li>\n<\/ul>\n","protected":false},"excerpt":{"rendered":"<p>MT-40344 Costa Campeche Ciudades Visitadas:\u00a0M\u00e9xico Duraci\u00f3n:&nbsp;6 D\u00edas y 5 Noches Desde:13739 MXN + 1599 Imp Fecha(s) de salida: Mi\u00e9rcoles a Lunes \u00f3 Jueves a Martes Vigencia:&nbsp;Precios vigentes hasta el 31\/12\/2023 Aerolinea INCLUYE VUELO Leaflet Itinerario D\u00cdA 1 CIUDAD DE M\u00c9XICO&nbsp;\u2013&nbsp;CAMPECHECita en el aeropuerto de la Ciudad de M\u00e9xico, para tomar el vuelo rumbo a Campeche, [&hellip;]<\/p>\n","protected":false},"author":1,"featured_media":0,"parent":0,"menu_order":0,"comment_status":"closed","ping_status":"closed","template":"","meta":{"om_disable_all_campaigns":false,"_monsterinsights_skip_tracking":false,"_monsterinsights_sitenote_active":false,"_monsterinsights_sitenote_note":"","_monsterinsights_sitenote_category":0,"site-sidebar-layout":"default","site-content-layout":"","ast-site-content-layout":"default","site-content-style":"default","site-sidebar-style":"default","ast-global-header-display":"","ast-banner-title-visibility":"","ast-main-header-display":"","ast-hfb-above-header-display":"","ast-hfb-below-header-display":"","ast-hfb-mobile-header-display":"","site-post-title":"disabled","ast-breadcrumbs-content":"","ast-featured-img":"","footer-sml-layout":"","ast-disable-related-posts":"","theme-transparent-header-meta":"","adv-header-id-meta":"","stick-header-meta":"","header-above-stick-meta":"","header-main-stick-meta":"","header-below-stick-meta":"","astra-migrate-meta-layouts":"set","ast-page-background-enabled":"default","ast-page-background-meta":{"desktop":{"background-color":"","background-image":"","background-repeat":"repeat","background-position":"center center","background-size":"auto","background-attachment":"scroll","background-type":"","background-media":"","overlay-type":"","overlay-color":"","overlay-opacity":"","overlay-gradient":""},"tablet":{"background-color":"","background-image":"","background-repeat":"repeat","background-position":"center center","background-size":"auto","background-attachment":"scroll","background-type":"","background-media":"","overlay-type":"","overlay-color":"","overlay-opacity":"","overlay-gradient":""},"mobile":{"background-color":"","background-image":"","background-repeat":"repeat","background-position":"center center","background-size":"auto","background-attachment":"scroll","background-type":"","background-media":"","overlay-type":"","overlay-color":"","overlay-opacity":"","overlay-gradient":""}},"ast-content-background-meta":{"desktop":{"background-color":"var(--ast-global-color-5)","background-image":"","background-repeat":"repeat","background-position":"center center","background-size":"auto","background-attachment":"scroll","background-type":"","background-media":"","overlay-type":"","overlay-color":"","overlay-opacity":"","overlay-gradient":""},"tablet":{"background-color":"var(--ast-global-color-5)","background-image":"","background-repeat":"repeat","background-position":"center center","background-size":"auto","background-attachment":"scroll","background-type":"","background-media":"","overlay-type":"","overlay-color":"","overlay-opacity":"","overlay-gradient":""},"mobile":{"background-color":"var(--ast-global-color-5)","background-image":"","background-repeat":"repeat","background-position":"center center","background-size":"auto","background-attachment":"scroll","background-type":"","background-media":"","overlay-type":"","overlay-color":"","overlay-opacity":"","overlay-gradient":""}},"footnotes":""},"class_list":["post-748","page","type-page","status-publish","hentry"],"aioseo_notices":[],"_links":{"self":[{"href":"https:\/\/camaratravel.com\/index.php?rest_route=\/wp\/v2\/pages\/748","targetHints":{"allow":["GET"]}}],"collection":[{"href":"https:\/\/camaratravel.com\/index.php?rest_route=\/wp\/v2\/pages"}],"about":[{"href":"https:\/\/camaratravel.com\/index.php?rest_route=\/wp\/v2\/types\/page"}],"author":[{"embeddable":true,"href":"https:\/\/camaratravel.com\/index.php?rest_route=\/wp\/v2\/users\/1"}],"replies":[{"embeddable":true,"href":"https:\/\/camaratravel.com\/index.php?rest_route=%2Fwp%2Fv2%2Fcomments&post=748"}],"version-history":[{"count":4,"href":"https:\/\/camaratravel.com\/index.php?rest_route=\/wp\/v2\/pages\/748\/revisions"}],"predecessor-version":[{"id":1598,"href":"https:\/\/camaratravel.com\/index.php?rest_route=\/wp\/v2\/pages\/748\/revisions\/1598"}],"wp:attachment":[{"href":"https:\/\/camaratravel.com\/index.php?rest_route=%2Fwp%2Fv2%2Fmedia&parent=748"}],"curies":[{"name":"wp","href":"https:\/\/api.w.org\/{rel}","templated":true}]}}