{"id":744,"date":"2023-10-08T18:27:26","date_gmt":"2023-10-08T18:27:26","guid":{"rendered":"https:\/\/camaratravel.com\/?page_id=744"},"modified":"2023-11-02T19:15:32","modified_gmt":"2023-11-02T19:15:32","slug":"mt-40339-colores-de-yucatan","status":"publish","type":"page","link":"https:\/\/camaratravel.com\/?page_id=744","title":{"rendered":"MT-40339 Colores de Yucat\u00e1n"},"content":{"rendered":"\n<div class=\"wp-block-cover\"><span aria-hidden=\"true\" class=\"wp-block-cover__background has-background-dim\"><\/span><img decoding=\"async\" class=\"wp-block-cover__image-background\" alt=\"\" src=\"https:\/\/one.cdnmega.com\/images\/viajes\/covers\/colores-de-yucataun-1024x575-64ac3a1cddc0d_64ac3e0f32c84.webp\" data-object-fit=\"cover\"\/><div class=\"wp-block-cover__inner-container is-layout-flow wp-block-cover-is-layout-flow\">\n<p class=\"has-text-align-center has-large-font-size\"><\/p>\n<\/div><\/div>\n\n\n\n<p>MT-40339 Colores de Yucat\u00e1n<\/p>\n\n\n\n<p><strong>Ciudades Visitadas:<\/strong>\u00a0M\u00e9xico<\/p>\n\n\n\n<p><strong>Duraci\u00f3n:<\/strong>&nbsp;5 D\u00edas y 4 Noches<\/p>\n\n\n\n<p><strong>Desde:<\/strong>14779 MXN + 1599 Imp<\/p>\n\n\n\n<p><strong>Fecha(s) de salida:<\/strong><\/p>\n\n\n\n<p><br>Diarias<\/p>\n\n\n\n<p><strong>Vigencia:<\/strong>&nbsp;Precios vigentes hasta el 31\/12\/2023<\/p>\n\n\n\n<p><strong>Aerolinea<\/strong><\/p>\n\n\n\n<h5 class=\"wp-block-heading\">INCLUYE VUELO<\/h5>\n\n\n\n<figure class=\"wp-block-image\"><img decoding=\"async\" src=\"https:\/\/one.cdnmega.com\/images\/aerolineas\/iata\/VI.png\" alt=\"Incluye Vuelo\"\/><\/figure>\n\n\n\n<p><a href=\"http:\/\/leafletjs.com\/\">Leaflet<\/a><\/p>\n\n\n\n<p>Itinerario<\/p>\n\n\n\n<p><strong>D\u00cdA 1 &nbsp;&nbsp; &nbsp;&nbsp;&nbsp; &nbsp;M\u00c9XICO \u2013 M\u00c9RIDA \u2013 CITY TOUR<\/strong><br>Recepci\u00f3n en el aeropuerto Manuel Crescencio Rej\u00f3n. Traslado al hotel. Cita en las oficinas del Carnavalito. Posteriormente visitaremos la hermosa \u201cCiudad Blanca\u201d, hogar de grandes joyas de Yucat\u00e1n: el elegante Paseo Montejo, la antigua Catedral, el Museo Regional de Antropolog\u00eda y los mejores restaurantes para comer cochinita pibil, queso relleno y papadzules. Conoceremos los puntos m\u00e1s emblem\u00e1ticos a bordo del \u201cCarnavalito\u201d (cami\u00f3n t\u00edpico para realizar el tour de la ciudad). Resto de la tarde libre. Regreso al hotel por cuenta de los pasajeros. Pernocta en M\u00e9rida.<br>**City tour NO operable los domingos**<\/p>\n\n\n\n<p><strong>D\u00cdA 2 &nbsp;&nbsp; &nbsp;&nbsp;&nbsp; &nbsp;M\u00c9RIDA \u2013 CHICHEN ITZA \u2013 M\u00c9RIDA<\/strong><br>Desayuno en el hotel. Traslado hacia las famosas ruinas de Chich\u00e9n Itz\u00e1, que significa &#8220;Boca del pozo de los brujos de agua \u201cen lengua maya, fue la ciudad m\u00e1s importante entre los a\u00f1os 900 y 1300 de nuestra era. El edificio m\u00e1s famoso es el templo de Kukulc\u00e1n o &#8220;El Castillo\u201d, que, junto al templo de los guerreros, el juego de pelota, el observatorio astron\u00f3mico y el complejo de las monjas, dan muestra del car\u00e1cter ceremonial de la ciudad. En los equinoccios de primavera (21 de marzo) y de oto\u00f1o (21 de septiembre), un efecto de luz y sombras proyecta a la serpiente descendiendo en la escalera norte del Castillo, simbolizando el mandato de acudir a las labores agr\u00edcolas antes de la \u00e9poca de lluvias. Regreso a M\u00e9rida. Pernocta en M\u00e9rida.<\/p>\n\n\n\n<p><strong>D\u00cdA 3 &nbsp;&nbsp; &nbsp;&nbsp;&nbsp; &nbsp;M\u00c9RIDA \u2013 CELEST\u00daN \u2013 M\u00c9RIDA<\/strong><br>Desayuno en el hotel. Posteriormente viajaremos 109km hac\u00eda Celest\u00fan. Reserva de la Bi\u00f3sfera, que se encuentra en un corredor costero de humedales con la mejor conservaci\u00f3n del occidente de la pen\u00ednsula: manglares, dunas, petenes, selva baja y pastizales que protegen los procesos evolutivos naturales. Aqu\u00ed conviven las especies m\u00e1s ex\u00f3ticas de la geograf\u00eda yucateca. Se han contabilizado m\u00e1s de 300 especies de aves, donde destaca el hermoso flamenco rosa. Nos introduciremos en lancha en los senderos del manglar para descubrir este especial ecosistema con un equilibrio \u00fanico. Posteriormente regresaremos a M\u00e9rida. Pernocta en M\u00e9rida.<\/p>\n\n\n\n<p><strong>D\u00cdA 4 &nbsp;&nbsp; &nbsp;&nbsp;&nbsp; &nbsp;M\u00c9RIDA \u2013 CENOTES DE SANTA B\u00c1RBARA \u2013 M\u00c9RIDA<\/strong><br>Desayuno en el hotel. Cita en el lobby del hotel para dirigirnos hacia Santa B\u00e1rbara, donde podremos apreciar la peculiaridad de 3 cenotes, uno que se encuentra en una cueva, el siguiente semi abierto y el \u00faltimo completamente abierto, todos rodeados de la maravillosa flora y fauna nativa, aqu\u00ed podremos nadar rodeados de un ambiente natural. Posteriormente nos dirigiremos hacia la ciudad de M\u00e9rida. Pernocta en M\u00e9rida.<\/p>\n\n\n\n<p><strong>D\u00cdA 5 &nbsp;&nbsp; &nbsp;&nbsp;&nbsp; &nbsp;M\u00c9RIDA \u2013 AEROPUERTO DE M\u00c9RIDA<\/strong><br>Desayuno en el hotel. Resto de la ma\u00f1ana libre para disfrutar de las diversas actividades que se pueden realizar en el centro de esta maravillosa ciudad. Traslado al aeropuerto de M\u00e9rida.&nbsp;<strong>&nbsp;&nbsp;&nbsp;&nbsp;&#8230;FIN DE NUESTROS SERVICIOS<\/strong><\/p>\n\n\n\n<p>Precios y Hoteles:<\/p>\n\n\n\n<figure class=\"wp-block-table\"><table><tbody><tr><td><strong>CATEGOR\u00cdA<\/strong><\/td><td><strong>CPL<\/strong><\/td><td><strong>TRIPLE<\/strong><\/td><td><strong>DOBLE<\/strong><\/td><td><strong>SGL<\/strong><\/td><td><strong>MNR<\/strong><\/td><\/tr><tr><td>4 Estrellas<\/td><td>$ 14,779<\/td><td>$ 15,099<\/td><td>$ 15,729<\/td><td>$ 19,239<\/td><td>$ 11,979<\/td><\/tr><\/tbody><\/table><\/figure>\n\n\n\n<p><strong>IMPUESTOS Y SUPLEMENTOS<\/strong><\/p>\n\n\n\n<figure class=\"wp-block-table\"><table><tbody><tr><td>Impuestos A\u00e9reos<\/td><td>$ 1,599<\/td><\/tr><\/tbody><\/table><\/figure>\n\n\n\n<p>\u2013&nbsp;Precios indicados en MXN<br>\u2013&nbsp;Los precios cambian constantemente, as\u00ed que te sugerimos la verificaci\u00f3n de estos, y no utilizar este documento como definitivo.<br>\u2013&nbsp;Consultar suplementos de temporada alta, puentes y d\u00edas festivos.<\/p>\n\n\n\n<figure class=\"wp-block-table\"><table><thead><tr><td colspan=\"4\"><strong>HOTELES PREVISTOS O SIMILARES<\/strong><\/td><\/tr><tr><td><strong>HOTEL<\/strong><\/td><td><strong>CIUDAD<\/strong><\/td><td><strong>PA\u00cdS<\/strong><\/td><td><strong>TIPO<\/strong><\/td><\/tr><\/thead><tbody><tr><td>Del Gobernador o similar<\/td><td>M\u00e9rida<\/td><td>M\u00e9xico<\/td><td>4 Estrellas<\/td><\/tr><tr><td colspan=\"4\">\u00c9sta es la relaci\u00f3n de los hoteles utilizados m\u00e1s frecuentemente en este circuito. Reflejada tan s\u00f3lo a efectos indicativos, pudiendo ser el pasajero alojado en establecimientos similares o alternativos<\/td><\/tr><\/tbody><\/table><\/figure>\n\n\n\n<p>El paquete incluye<\/p>\n\n\n\n<ul class=\"wp-block-list\">\n<li>Vuelo redondo clase turista MEX-MID-MEX<\/li>\n\n\n\n<li>Transportaci\u00f3n Terrestre con aire acondicionado en servicio compartido<\/li>\n\n\n\n<li>Traslados aeropuerto- hotel- aeropuerto<\/li>\n\n\n\n<li>Chofer tur\u00edstico en espa\u00f1ol durante todo el recorrido<\/li>\n\n\n\n<li>Todas las entradas a atractivos tur\u00edsticos mencionados en el itinerario<\/li>\n\n\n\n<li>Recorrido en lancha compartida por Celest\u00fan<\/li>\n\n\n\n<li>Hoteles de categor\u00eda 4 estrellas<\/li>\n\n\n\n<li>Desayuno tipo americano<\/li>\n\n\n\n<li>Comida en Chichen Itza (bebida no incluida)<\/li>\n<\/ul>\n\n\n\n<p>El paquete no incluye:<\/p>\n\n\n\n<ul class=\"wp-block-list\">\n<li>IMPUESTOS DE $ 1,599 MXN POR PERSONA<\/li>\n\n\n\n<li>GASTOS PERSONALES, PROPINAS, COMIDAS Y CENAS.<\/li>\n\n\n\n<li>NING\u00daN SERVICIO NO ESPEC\u00cdFICADO<\/li>\n<\/ul>\n","protected":false},"excerpt":{"rendered":"<p>MT-40339 Colores de Yucat\u00e1n Ciudades Visitadas:\u00a0M\u00e9xico Duraci\u00f3n:&nbsp;5 D\u00edas y 4 Noches Desde:14779 MXN + 1599 Imp Fecha(s) de salida: Diarias Vigencia:&nbsp;Precios vigentes hasta el 31\/12\/2023 Aerolinea INCLUYE VUELO Leaflet Itinerario D\u00cdA 1 &nbsp;&nbsp; &nbsp;&nbsp;&nbsp; &nbsp;M\u00c9XICO \u2013 M\u00c9RIDA \u2013 CITY TOURRecepci\u00f3n en el aeropuerto Manuel Crescencio Rej\u00f3n. Traslado al hotel. Cita en las oficinas del Carnavalito. [&hellip;]<\/p>\n","protected":false},"author":1,"featured_media":0,"parent":0,"menu_order":0,"comment_status":"closed","ping_status":"closed","template":"","meta":{"om_disable_all_campaigns":false,"_monsterinsights_skip_tracking":false,"_monsterinsights_sitenote_active":false,"_monsterinsights_sitenote_note":"","_monsterinsights_sitenote_category":0,"site-sidebar-layout":"default","site-content-layout":"","ast-site-content-layout":"default","site-content-style":"default","site-sidebar-style":"default","ast-global-header-display":"","ast-banner-title-visibility":"","ast-main-header-display":"","ast-hfb-above-header-display":"","ast-hfb-below-header-display":"","ast-hfb-mobile-header-display":"","site-post-title":"disabled","ast-breadcrumbs-content":"","ast-featured-img":"","footer-sml-layout":"","ast-disable-related-posts":"","theme-transparent-header-meta":"","adv-header-id-meta":"","stick-header-meta":"","header-above-stick-meta":"","header-main-stick-meta":"","header-below-stick-meta":"","astra-migrate-meta-layouts":"set","ast-page-background-enabled":"default","ast-page-background-meta":{"desktop":{"background-color":"","background-image":"","background-repeat":"repeat","background-position":"center center","background-size":"auto","background-attachment":"scroll","background-type":"","background-media":"","overlay-type":"","overlay-color":"","overlay-opacity":"","overlay-gradient":""},"tablet":{"background-color":"","background-image":"","background-repeat":"repeat","background-position":"center center","background-size":"auto","background-attachment":"scroll","background-type":"","background-media":"","overlay-type":"","overlay-color":"","overlay-opacity":"","overlay-gradient":""},"mobile":{"background-color":"","background-image":"","background-repeat":"repeat","background-position":"center center","background-size":"auto","background-attachment":"scroll","background-type":"","background-media":"","overlay-type":"","overlay-color":"","overlay-opacity":"","overlay-gradient":""}},"ast-content-background-meta":{"desktop":{"background-color":"var(--ast-global-color-5)","background-image":"","background-repeat":"repeat","background-position":"center center","background-size":"auto","background-attachment":"scroll","background-type":"","background-media":"","overlay-type":"","overlay-color":"","overlay-opacity":"","overlay-gradient":""},"tablet":{"background-color":"var(--ast-global-color-5)","background-image":"","background-repeat":"repeat","background-position":"center center","background-size":"auto","background-attachment":"scroll","background-type":"","background-media":"","overlay-type":"","overlay-color":"","overlay-opacity":"","overlay-gradient":""},"mobile":{"background-color":"var(--ast-global-color-5)","background-image":"","background-repeat":"repeat","background-position":"center center","background-size":"auto","background-attachment":"scroll","background-type":"","background-media":"","overlay-type":"","overlay-color":"","overlay-opacity":"","overlay-gradient":""}},"footnotes":""},"class_list":["post-744","page","type-page","status-publish","hentry"],"aioseo_notices":[],"_links":{"self":[{"href":"https:\/\/camaratravel.com\/index.php?rest_route=\/wp\/v2\/pages\/744","targetHints":{"allow":["GET"]}}],"collection":[{"href":"https:\/\/camaratravel.com\/index.php?rest_route=\/wp\/v2\/pages"}],"about":[{"href":"https:\/\/camaratravel.com\/index.php?rest_route=\/wp\/v2\/types\/page"}],"author":[{"embeddable":true,"href":"https:\/\/camaratravel.com\/index.php?rest_route=\/wp\/v2\/users\/1"}],"replies":[{"embeddable":true,"href":"https:\/\/camaratravel.com\/index.php?rest_route=%2Fwp%2Fv2%2Fcomments&post=744"}],"version-history":[{"count":3,"href":"https:\/\/camaratravel.com\/index.php?rest_route=\/wp\/v2\/pages\/744\/revisions"}],"predecessor-version":[{"id":1599,"href":"https:\/\/camaratravel.com\/index.php?rest_route=\/wp\/v2\/pages\/744\/revisions\/1599"}],"wp:attachment":[{"href":"https:\/\/camaratravel.com\/index.php?rest_route=%2Fwp%2Fv2%2Fmedia&parent=744"}],"curies":[{"name":"wp","href":"https:\/\/api.w.org\/{rel}","templated":true}]}}