{"id":742,"date":"2023-10-08T18:26:55","date_gmt":"2023-10-08T18:26:55","guid":{"rendered":"https:\/\/camaratravel.com\/?page_id=742"},"modified":"2023-10-18T19:52:32","modified_gmt":"2023-10-18T19:52:32","slug":"mt-40338-esplendores-de-yucatan-y-cancun","status":"publish","type":"page","link":"https:\/\/camaratravel.com\/?page_id=742","title":{"rendered":"MT-40338 Esplendores de Yucat\u00e1n y Canc\u00fan"},"content":{"rendered":"\n<p><strong>Ciudades Visitadas:<\/strong>&nbsp;M\u00e9xico<\/p>\n\n\n\n<figure class=\"wp-block-image\"><img decoding=\"async\" src=\"https:\/\/one.cdnmega.com\/images\/viajes\/covers\/esplendores-de-yucataun-y-cancuun-1024x575_64962dd0a0ff9.webp\" alt=\"\"\/><\/figure>\n\n\n\n<p><strong>Duraci\u00f3n:<\/strong>&nbsp;6 D\u00edas y 5 Noches<\/p>\n\n\n\n<p><strong>Desde:<\/strong>14769 MXN + 1599 Imp<\/p>\n\n\n\n<p><strong>Fecha(s) de salida:<\/strong><\/p>\n\n\n\n<p><br>Diarias<\/p>\n\n\n\n<p><strong>Vigencia:<\/strong>&nbsp;Precios vigentes hasta el 31\/12\/2023<\/p>\n\n\n\n<p><strong>Aerolinea<\/strong><\/p>\n\n\n\n<h5 class=\"wp-block-heading\">INCLUYE VUELO<\/h5>\n\n\n\n<figure class=\"wp-block-image\"><img decoding=\"async\" src=\"https:\/\/one.cdnmega.com\/images\/aerolineas\/iata\/VI.png\" alt=\"Incluye Vuelo\"\/><\/figure>\n\n\n\n<p><a href=\"http:\/\/leafletjs.com\/\">Leaflet<\/a><\/p>\n\n\n\n<p>Itinerario<\/p>\n\n\n\n<p><strong>D\u00cdA 1 &nbsp;&nbsp; &nbsp;&nbsp;&nbsp; &nbsp;M\u00c9XICO \u2013 M\u00c9RIDA \u2013 CITY TOUR<\/strong><br>Recepci\u00f3n en el aeropuerto Manuel Crescencio Rej\u00f3n. Traslado al hotel. Cita en las oficinas del Carnavalito. Posteriormente visitaremos la hermosa \u201cCiudad Blanca\u201d, hogar de grandes joyas de Yucat\u00e1n: el elegante Paseo Montejo, la antigua Catedral, el Museo Regional de Antropolog\u00eda y los mejores restaurantes para comer cochinita pibil, queso relleno y papadzules. Conoceremos los puntos m\u00e1s emblem\u00e1ticos a bordo del \u201cCarnavalito\u201d (cami\u00f3n t\u00edpico para realizar el tour de la ciudad). Resto de la tarde libre. Regreso al hotel por cuenta de los pasajeros. Pernocta en M\u00e9rida.<br>**City tour NO operable los domingos**<\/p>\n\n\n\n<p><strong>D\u00cdA 2 &nbsp;&nbsp; &nbsp;&nbsp;&nbsp; &nbsp;M\u00c9RIDA \u2013 EXCURSI\u00d3N OPCIONAL<\/strong><br>Desayuno en el hotel.<\/p>\n\n\n\n<ul class=\"wp-block-list\">\n<li><strong>UXMAL<\/strong><br>Posteriormente nos dirigiremos a Uxmal, conocida como \u201cla tres veces construida\u201d, se ubica en una zona de cerros llamada Puuc, que rompe la monoton\u00eda de la llanura yucateca. Es la ciudad m\u00e1s importante de la zona pues lleg\u00f3 a tener 20,000 habitantes en su esplendor (600 \u2013 900 d.C). La conforman 15 grupos de edificios que abarcan cerca de 2km, destacando la Pir\u00e1mide del Adivino (35 metros de altura), el Cuadr\u00e1ngulo de las Monjas y el Palacio del Gobernador. Caracter\u00edsticas particulares le hacen diferente a los dem\u00e1s hallazgos en la zona maya, como el estilo arquitect\u00f3nico y la disposici\u00f3n de los edificios, ubicados para la observaci\u00f3n de fen\u00f3menos astron\u00f3micos como el movimiento del planeta venus y aprovechando el terreno para construir chultunes (cisternas construidas ingeniosamente para almacenar agua, ya que en esta zona no hay cenotes). Por \u00faltimo, regresaremos a M\u00e9rida. Pernocta en M\u00e9rida.<\/li>\n\n\n\n<li><strong>CELEST\u00daN<\/strong><br>Posteriormente viajaremos a Celest\u00fan. Reserva de la Bi\u00f3sfera, que se encuentra en un corredor costero de humedales con la mejor conservaci\u00f3n del occidente de la pen\u00ednsula: manglares, dunas, petenes, selva baja y pastizales que protegen los procesos evolutivos naturales. Aqu\u00ed conviven las especies m\u00e1s ex\u00f3ticas de la geograf\u00eda yucateca. Se han contabilizado m\u00e1s de 300 especies de aves donde destaca el hermoso flamenco rosa. Nos introduciremos en lancha en los senderos del manglar para descubrir este especial ecosistema con un equilibrio \u00fanico. Posteriormente regresaremos a M\u00e9rida. Pernocta en M\u00e9rida.<\/li>\n\n\n\n<li><strong>CENOTES DE SANTA BARBARA<\/strong><br>Desayuno en el hotel. Cita en el lobby del hotel para dirigirnos hacia Santa B\u00e1rbara, donde podremos apreciar la peculiaridad de 3 cenotes, uno que se encuentra en una cueva, el siguiente semi abierto y el \u00faltimo completamente abierto, todos rodeados de la maravillosa flora y fauna nativa, aqu\u00ed podremos nadar rodeados de un ambiente natural. Posteriormente nos dirigiremos hacia la ciudad de M\u00e9rida. Pernocta en M\u00e9rida.<\/li>\n<\/ul>\n\n\n\n<p><strong>D\u00cdA 3 &nbsp;&nbsp; &nbsp;&nbsp;&nbsp; &nbsp;M\u00c9RIDA \u2013 CHICHEN ITZ\u00c1 \u2013 CANC\u00daN<\/strong><br>Desayuno en el hotel. Traslado hacia las famosas ruinas de Chich\u00e9n Itz\u00e1, que significa &#8220;Boca del pozo de los brujos de agua&#8221; en lengua maya, fue la ciudad m\u00e1s importante entre los a\u00f1os 900 y 1300 de nuestra era. El edificio m\u00e1s famoso es el templo de Kukulc\u00e1n o &#8220;El Castillo\u201d, que, junto al templo de los guerreros, el juego de pelota, el observatorio astron\u00f3mico y el complejo de las monjas, dan muestra del car\u00e1cter ceremonial de la ciudad. En los equinoccios de primavera (21 de marzo) y de oto\u00f1o (21 de septiembre), un efecto de luz y sombras proyecta a la serpiente descendiendo en la escalera norte del Castillo, simbolizando el mandato de acudir a las labores agr\u00edcolas antes de la \u00e9poca de lluvias. Por \u00faltimo, nos trasladaremos hac\u00eda Canc\u00fan a bordo de un autob\u00fas. (Se realiza transborde de unidad y el traslado de la terminal al hotel de Cancun por cuenta del pasajero) Pernocta en Canc\u00fan.<\/p>\n\n\n\n<p><strong>D\u00cdA 4 Y 5 &nbsp;&nbsp; &nbsp;CANC\u00daN LIBRE<\/strong><br>Desayuno en el hotel. Resto de los d\u00edas libres para disfrutar de las hermosas playas de cristalina agua en tonalidades turquesa y blanca arena que este destino nos ofrece. Se recomienda visitar Xcaret, Xel-Ha, Playa del Carmen, Isla Mujeres y un sin fin de atractivos que puede agregar a su paquete. (Pregunte por las opciones disponibles). Pernocta en Canc\u00fan.<\/p>\n\n\n\n<p><strong>D\u00cdA 6 &nbsp;&nbsp; &nbsp;&nbsp;&nbsp; &nbsp;CANC\u00daN \u2013 AEROPUERTO DE CANC\u00daN<\/strong><br>Resto de la ma\u00f1ana libre para disfrutar de las diversas actividades que se pueden realizar en esta playa sin duda una de las mejores de M\u00e9xico. Traslado al aeropuerto de Canc\u00fan. &nbsp;<strong>&nbsp;&nbsp;&nbsp;&nbsp;&#8230;FIN DE NUESTROS SERVICIOS<\/strong><\/p>\n\n\n\n<p>Precios y Hoteles:<\/p>\n\n\n\n<figure class=\"wp-block-table\"><table><tbody><tr><td><strong>CATEGOR\u00cdA<\/strong><\/td><td><strong>CPL<\/strong><\/td><td><strong>TRIPLE<\/strong><\/td><td><strong>DOBLE<\/strong><\/td><td><strong>SGL<\/strong><\/td><td><strong>MNR<\/strong><\/td><\/tr><tr><td>4 Estrellas<\/td><td>$14,769<\/td><td>$15,199<\/td><td>$16,049<\/td><td>$20,719<\/td><td>$11,419<\/td><\/tr><\/tbody><\/table><\/figure>\n\n\n\n<p><strong>IMPUESTOS Y SUPLEMENTOS<\/strong><\/p>\n\n\n\n<figure class=\"wp-block-table\"><table><tbody><tr><td>Impuestos A\u00e9reos<\/td><td>$ 1599<\/td><\/tr><\/tbody><\/table><\/figure>\n\n\n\n<p>\u2013&nbsp;Precios indicados en MXN<br>\u2013&nbsp;Los precios cambian constantemente, as\u00ed que te sugerimos la verificaci\u00f3n de estos, y no utilizar este documento como definitivo.<br>\u2013&nbsp;Consultar suplementos de temporada alta, puentes y d\u00edas festivos.<\/p>\n\n\n\n<figure class=\"wp-block-table\"><table><thead><tr><td colspan=\"4\"><strong>HOTELES PREVISTOS O SIMILARES<\/strong><\/td><\/tr><tr><td><strong>HOTEL<\/strong><\/td><td><strong>CIUDAD<\/strong><\/td><td><strong>PA\u00cdS<\/strong><\/td><td><strong>TIPO<\/strong><\/td><\/tr><\/thead><tbody><tr><td>Del Gobernador o similar<\/td><td>M\u00e9rida<\/td><td>M\u00e9xico<\/td><td>4 Estrellas<\/td><\/tr><tr><td>City Express o similar<\/td><td>Canc\u00fan<\/td><td>M\u00e9xico<\/td><td>4 Estrellas<\/td><\/tr><tr><td colspan=\"4\">\u00c9sta es la relaci\u00f3n de los hoteles utilizados m\u00e1s frecuentemente en este circuito. Reflejada tan s\u00f3lo a efectos indicativos, pudiendo ser el pasajero alojado en establecimientos similares o alternativos<\/td><\/tr><\/tbody><\/table><\/figure>\n\n\n\n<p>El paquete incluye<\/p>\n\n\n\n<ul class=\"wp-block-list\">\n<li>Vuelo redondo clase turista MEXMID\/\/CUNMEX<\/li>\n\n\n\n<li>Transportaci\u00f3n Terrestre con aire acondicionado en servicio compartido<\/li>\n\n\n\n<li>Traslados aeropuerto- hotel- aeropuerto<\/li>\n\n\n\n<li>Chofer tur\u00edstico en espa\u00f1ol durante todo el recorrido<\/li>\n\n\n\n<li>Todas las entradas a atractivos tur\u00edsticos mencionados en el itinerario<\/li>\n\n\n\n<li>Hoteles de categor\u00eda 4 estrellas<\/li>\n\n\n\n<li>Desayunos tipo americano<\/li>\n<\/ul>\n\n\n\n<p>El paquete no incluye:<\/p>\n\n\n\n<ul class=\"wp-block-list\">\n<li>IMPUESTOS DE $ 1,599 MXN POR PERSONA<\/li>\n\n\n\n<li>GASTOS PERSONALES, PROPINAS, COMIDAS Y CENAS.<\/li>\n\n\n\n<li>TOURS OPCIONALES<\/li>\n\n\n\n<li>NO INCLUYE IMPUESTO AMBIENTAL EN CANC\u00daN, MISMO QUE ES PAGADERO EN DESTINO<\/li>\n\n\n\n<li>NING\u00daN SERVICIO NO ESPEC\u00cdFICADO<\/li>\n<\/ul>\n","protected":false},"excerpt":{"rendered":"<p>Ciudades Visitadas:&nbsp;M\u00e9xico Duraci\u00f3n:&nbsp;6 D\u00edas y 5 Noches Desde:14769 MXN + 1599 Imp Fecha(s) de salida: Diarias Vigencia:&nbsp;Precios vigentes hasta el 31\/12\/2023 Aerolinea INCLUYE VUELO Leaflet Itinerario D\u00cdA 1 &nbsp;&nbsp; &nbsp;&nbsp;&nbsp; &nbsp;M\u00c9XICO \u2013 M\u00c9RIDA \u2013 CITY TOURRecepci\u00f3n en el aeropuerto Manuel Crescencio Rej\u00f3n. Traslado al hotel. Cita en las oficinas del Carnavalito. Posteriormente visitaremos la hermosa [&hellip;]<\/p>\n","protected":false},"author":1,"featured_media":0,"parent":0,"menu_order":0,"comment_status":"closed","ping_status":"closed","template":"","meta":{"om_disable_all_campaigns":false,"_monsterinsights_skip_tracking":false,"_monsterinsights_sitenote_active":false,"_monsterinsights_sitenote_note":"","_monsterinsights_sitenote_category":0,"site-sidebar-layout":"default","site-content-layout":"","ast-site-content-layout":"default","site-content-style":"default","site-sidebar-style":"default","ast-global-header-display":"","ast-banner-title-visibility":"","ast-main-header-display":"","ast-hfb-above-header-display":"","ast-hfb-below-header-display":"","ast-hfb-mobile-header-display":"","site-post-title":"disabled","ast-breadcrumbs-content":"","ast-featured-img":"","footer-sml-layout":"","ast-disable-related-posts":"","theme-transparent-header-meta":"","adv-header-id-meta":"","stick-header-meta":"","header-above-stick-meta":"","header-main-stick-meta":"","header-below-stick-meta":"","astra-migrate-meta-layouts":"set","ast-page-background-enabled":"default","ast-page-background-meta":{"desktop":{"background-color":"","background-image":"","background-repeat":"repeat","background-position":"center center","background-size":"auto","background-attachment":"scroll","background-type":"","background-media":"","overlay-type":"","overlay-color":"","overlay-opacity":"","overlay-gradient":""},"tablet":{"background-color":"","background-image":"","background-repeat":"repeat","background-position":"center center","background-size":"auto","background-attachment":"scroll","background-type":"","background-media":"","overlay-type":"","overlay-color":"","overlay-opacity":"","overlay-gradient":""},"mobile":{"background-color":"","background-image":"","background-repeat":"repeat","background-position":"center center","background-size":"auto","background-attachment":"scroll","background-type":"","background-media":"","overlay-type":"","overlay-color":"","overlay-opacity":"","overlay-gradient":""}},"ast-content-background-meta":{"desktop":{"background-color":"var(--ast-global-color-5)","background-image":"","background-repeat":"repeat","background-position":"center center","background-size":"auto","background-attachment":"scroll","background-type":"","background-media":"","overlay-type":"","overlay-color":"","overlay-opacity":"","overlay-gradient":""},"tablet":{"background-color":"var(--ast-global-color-5)","background-image":"","background-repeat":"repeat","background-position":"center center","background-size":"auto","background-attachment":"scroll","background-type":"","background-media":"","overlay-type":"","overlay-color":"","overlay-opacity":"","overlay-gradient":""},"mobile":{"background-color":"var(--ast-global-color-5)","background-image":"","background-repeat":"repeat","background-position":"center center","background-size":"auto","background-attachment":"scroll","background-type":"","background-media":"","overlay-type":"","overlay-color":"","overlay-opacity":"","overlay-gradient":""}},"footnotes":""},"class_list":["post-742","page","type-page","status-publish","hentry"],"aioseo_notices":[],"_links":{"self":[{"href":"https:\/\/camaratravel.com\/index.php?rest_route=\/wp\/v2\/pages\/742","targetHints":{"allow":["GET"]}}],"collection":[{"href":"https:\/\/camaratravel.com\/index.php?rest_route=\/wp\/v2\/pages"}],"about":[{"href":"https:\/\/camaratravel.com\/index.php?rest_route=\/wp\/v2\/types\/page"}],"author":[{"embeddable":true,"href":"https:\/\/camaratravel.com\/index.php?rest_route=\/wp\/v2\/users\/1"}],"replies":[{"embeddable":true,"href":"https:\/\/camaratravel.com\/index.php?rest_route=%2Fwp%2Fv2%2Fcomments&post=742"}],"version-history":[{"count":2,"href":"https:\/\/camaratravel.com\/index.php?rest_route=\/wp\/v2\/pages\/742\/revisions"}],"predecessor-version":[{"id":1373,"href":"https:\/\/camaratravel.com\/index.php?rest_route=\/wp\/v2\/pages\/742\/revisions\/1373"}],"wp:attachment":[{"href":"https:\/\/camaratravel.com\/index.php?rest_route=%2Fwp%2Fv2%2Fmedia&parent=742"}],"curies":[{"name":"wp","href":"https:\/\/api.w.org\/{rel}","templated":true}]}}