{"id":738,"date":"2023-10-08T18:26:00","date_gmt":"2023-10-08T18:26:00","guid":{"rendered":"https:\/\/camaratravel.com\/?page_id=738"},"modified":"2023-11-02T19:03:08","modified_gmt":"2023-11-02T19:03:08","slug":"mt-40324-zacatecas-basico","status":"publish","type":"page","link":"https:\/\/camaratravel.com\/?page_id=738","title":{"rendered":"MT-40324 Zacatecas B\u00e1sico"},"content":{"rendered":"\n<div class=\"wp-block-cover is-light\" style=\"padding-top:var(--wp--preset--spacing--80);padding-bottom:var(--wp--preset--spacing--80);min-height:50px;aspect-ratio:unset;\"><span aria-hidden=\"true\" class=\"wp-block-cover__background has-luminous-vivid-orange-background-color has-background-dim-100 has-background-dim\"><\/span><div class=\"wp-block-cover__inner-container is-layout-flow wp-block-cover-is-layout-flow\">\n<p class=\"has-text-align-center has-large-font-size\"><\/p>\n<\/div><\/div>\n\n\n\n<figure class=\"wp-block-image aligncenter\"><img decoding=\"async\" src=\"https:\/\/one.cdnmega.com\/images\/viajes\/covers\/fachada-catedral-zacatecas-mexico.webp\" alt=\"\"\/><\/figure>\n\n\n\n<p style=\"padding-right:var(--wp--preset--spacing--60);padding-left:var(--wp--preset--spacing--60)\">MT-40324 Zacatecas B\u00e1sico<\/p>\n\n\n\n<p style=\"padding-right:var(--wp--preset--spacing--60);padding-left:var(--wp--preset--spacing--60)\"><strong>Ciudades Visitadas:<\/strong>&nbsp;M\u00e9xico<\/p>\n\n\n\n<p style=\"padding-right:var(--wp--preset--spacing--60);padding-left:var(--wp--preset--spacing--60)\"><strong>Duraci\u00f3n:<\/strong>&nbsp;3 D\u00edas y 2 Noches<\/p>\n\n\n\n<p style=\"padding-right:var(--wp--preset--spacing--60);padding-left:var(--wp--preset--spacing--60)\"><strong>Desde:<\/strong>6549 MXN + 1599 Imp<\/p>\n\n\n\n<p style=\"padding-right:var(--wp--preset--spacing--60);padding-left:var(--wp--preset--spacing--60)\"><strong>Fecha(s) de salida:<\/strong><\/p>\n\n\n\n<p style=\"padding-right:var(--wp--preset--spacing--60);padding-left:var(--wp--preset--spacing--60)\"><br>Diarias<\/p>\n\n\n\n<p style=\"padding-right:var(--wp--preset--spacing--60);padding-left:var(--wp--preset--spacing--60)\"><strong>Vigencia:<\/strong>&nbsp;Precios vigentes hasta el 15\/12\/2023<\/p>\n\n\n\n<p style=\"padding-right:var(--wp--preset--spacing--60);padding-left:var(--wp--preset--spacing--60)\"><strong>Aerolinea<\/strong><\/p>\n\n\n\n<h5 class=\"wp-block-heading\" style=\"padding-right:var(--wp--preset--spacing--60);padding-left:var(--wp--preset--spacing--60)\">INCLUYE VUELO<\/h5>\n\n\n\n<figure class=\"wp-block-image aligncenter\"><img decoding=\"async\" src=\"https:\/\/one.cdnmega.com\/images\/aerolineas\/iata\/AM.png\" alt=\"Aeromexico\"\/><\/figure>\n\n\n\n<p style=\"padding-right:var(--wp--preset--spacing--60);padding-left:var(--wp--preset--spacing--60)\">Itinerario<\/p>\n\n\n\n<p style=\"padding-right:var(--wp--preset--spacing--60);padding-left:var(--wp--preset--spacing--60)\"><strong>D\u00cdA 1 CIUDAD DE M\u00c9XICO \u2013 ZACATECAS MINA DEL EDEN \u2013 CERRO DE LA BUFA&nbsp;<\/strong><br>Cita en el aeropuerto de la Ciudad de M\u00e9xico para tomar vuelo rumbo a la Ciudad de Zacatecas. Llegada a la ciudad de Zacatecas y traslado al hotel y dependiendo de su horario de llegada visita al Cerro de la Bufa importante s\u00edmbolo de la ciudad donde se gesto una de la \u00faltimas batallas de la Revoluci\u00f3n Mexicana la famosa \u201cToma de Zacatecas\u201d, conoceremos la Capilla de la Virgen del Patrocinio patrona de la ciudad y desde donde tendremos una hermosa panor\u00e1mica de la ciudad. posteriormente nos trasladaremos a bordo del telef\u00e9rico rumbo a la mina \u201cEl Eden\u201d.. Alojamiento.<\/p>\n\n\n\n<p style=\"padding-right:var(--wp--preset--spacing--60);padding-left:var(--wp--preset--spacing--60)\"><strong>D\u00cdA 2 GUADALUPE VIRREINAL Y MUSEOBUS<\/strong><br>Despues de desayunar en el Hotel nos trasladaremos rumbo al Pueblo M\u00e1gico de Guadalupe, donde conoceremos, el Santuario, la Capilla de N\u00e1poles una de las joyas arquitect\u00f3nicas m\u00e1s importantes del norte de M\u00e9xico y la Pinacoteva Virreinal, una de las mas importantes de Am\u00e9rica latina. Posteriormente nos trasladaremos a la Ex Hacienda de Bern\u00e1rdez del siglo XVIII donde hoy se encuentra el centro platero de Zacatecas. Alojamiento.<\/p>\n\n\n\n<p style=\"padding-right:var(--wp--preset--spacing--60);padding-left:var(--wp--preset--spacing--60)\"><strong>D\u00cdA 3 &nbsp;TOUR PANOR\u00c1MICO \u2013 CIUDAD DE M\u00c9XICO<\/strong><br>Despu\u00e9s de desayunar, realizaremos un paseo panor\u00e1mico por los diferentes puntos del centro hist\u00f3rico de la ciudad Patrimonio Cultural de la Humanidad y despu\u00e9s tendr\u00e1n tiempo libre para visitar algunos de nuestros importantes museos. A la hora indicada traslado al aeropuerto de Zacatecas para tomar su vuelo de regreso.<\/p>\n\n\n\n<p style=\"padding-right:var(--wp--preset--spacing--60);padding-left:var(--wp--preset--spacing--60)\"><small><strong>Puede adicionar alg\u00fan tour m\u00e1s. Consultar opciones y tarifas.<br>**El itinerario puede sufrir modificaciones por causa de fuerza mayor y ajena a Mega Travel como paros, huelgas, bloqueos, retrasos de l\u00edneas a\u00e9reas**<\/strong><\/small><strong>&nbsp;&nbsp;&nbsp;&nbsp;&#8230;FIN DE NUESTROS SERVICIOS<\/strong><\/p>\n\n\n\n<p style=\"padding-right:var(--wp--preset--spacing--60);padding-left:var(--wp--preset--spacing--60)\">Precios y Hoteles:<\/p>\n\n\n\n<figure class=\"wp-block-table\" style=\"padding-right:var(--wp--preset--spacing--60);padding-left:var(--wp--preset--spacing--60)\"><table><tbody><tr><td><strong>CATEGOR\u00cdA<\/strong><\/td><td><strong>TRIPLE<\/strong><\/td><td><strong>DOBLE<\/strong><\/td><td><strong>SGL<\/strong><\/td><td><strong>MNR (4-10)<\/strong><\/td><\/tr><tr><td>3 Estrellas<\/td><td>$ 6,549<\/td><td>$ 7,029<\/td><td>$ 8,399<\/td><td>$ 4,869<\/td><\/tr><tr><td>4&nbsp;Estrellas<\/td><td>$ 7,299<\/td><td>$ 7,699<\/td><td>$ 9,299<\/td><td>$ 4,869<\/td><\/tr><tr><td>5&nbsp;Estrellas<\/td><td>$ 8,079<\/td><td>$ 8,239<\/td><td>$ 9,859<\/td><td>$ 4,869<\/td><\/tr><\/tbody><\/table><\/figure>\n\n\n\n<p style=\"padding-right:var(--wp--preset--spacing--60);padding-left:var(--wp--preset--spacing--60)\"><strong>&nbsp;IMPUESTOS Y SUPLEMENTOS<\/strong><\/p>\n\n\n\n<figure class=\"wp-block-table\" style=\"padding-right:var(--wp--preset--spacing--60);padding-left:var(--wp--preset--spacing--60)\"><table><tbody><tr><td>Impuestos a\u00e9reos<\/td><td>$ 1,599<\/td><\/tr><\/tbody><\/table><\/figure>\n\n\n\n<p style=\"padding-right:var(--wp--preset--spacing--60);padding-left:var(--wp--preset--spacing--60)\">\u2013 Precios por persona en MXN<br>\u2013 Los precios cambian constantemente, as\u00ed que te sugerimos la verificaci\u00f3n de estos, y no utilizar este documento como definitivo.<br>\u2013&nbsp;Las tarifas de paquetes no aplican en temporada alta, vacaciones o puentes, favor de consultar suplementos.<\/p>\n\n\n\n<figure class=\"wp-block-table\" style=\"padding-right:var(--wp--preset--spacing--60);padding-left:var(--wp--preset--spacing--60)\"><table><tbody><tr><td colspan=\"4\"><strong>HOTELES PREVISTOS O SIMILARES<\/strong><\/td><\/tr><tr><td><strong>HOTEL<\/strong><\/td><td><strong>CIUDAD<\/strong><\/td><td><strong>TIPO<\/strong><\/td><td><strong>PA\u00cdS<\/strong><\/td><\/tr><tr><td>Refugio de Don Carlos<\/td><td>Zacatecas<\/td><td>3 Estrellas<\/td><td>M\u00e9xico<\/td><\/tr><tr><td>Hotel Providencia<\/td><td>Zacatecas<\/td><td>4&nbsp;Estrellas<\/td><td>M\u00e9xico<\/td><\/tr><tr><td>Hotel Santa Rita<\/td><td>Zacatecas<\/td><td>5&nbsp;Estrellas<\/td><td>M\u00e9xico<\/td><\/tr><tr><td colspan=\"4\">\u00c9sta es la relaci\u00f3n de los hoteles utilizados m\u00e1s frecuentemente en este circuito. Reflejada tan s\u00f3lo a efectos indicativos, pudiendo ser el pasajero alojado en establecimientos similares o alternativos<\/td><\/tr><\/tbody><\/table><\/figure>\n\n\n\n<p style=\"padding-right:var(--wp--preset--spacing--60);padding-left:var(--wp--preset--spacing--60)\">El paquete incluye<\/p>\n\n\n\n<ul class=\"wp-block-list\" style=\"padding-right:var(--wp--preset--spacing--60);padding-left:var(--wp--preset--spacing--60)\">\n<li>VUELO REDONDO CLASE TURISTA MEX-ZCL-MEX<\/li>\n\n\n\n<li>TRASLADOS AEROPUERTO- HOTEL- AEROPUERTO<\/li>\n\n\n\n<li>2 NOCHES ALOJAMIENTO<\/li>\n\n\n\n<li>DESAYUNO EN HOTELES (EXCEPTO 3*).<\/li>\n\n\n\n<li>TRANSPORTACI\u00d3N EN UNIDADES CON PROTOCOLOS DE SANITIZACION<\/li>\n\n\n\n<li>ENTRADAS A LOS ATRACTIVOS<\/li>\n\n\n\n<li>ACOMPA\u00d1AMIENTO DE UN GU\u00cdA DURANTE TODOS LOS RECORRIDOS<\/li>\n\n\n\n<li>RECORRIDO PANOR\u00c1MICO POR LA CIUDAD<\/li>\n<\/ul>\n\n\n\n<p style=\"padding-right:var(--wp--preset--spacing--60);padding-left:var(--wp--preset--spacing--60)\">El paquete no incluye:<\/p>\n\n\n\n<ul class=\"wp-block-list\" style=\"padding-right:var(--wp--preset--spacing--60);padding-left:var(--wp--preset--spacing--60)\">\n<li>IMPUESTOS DE $ 1,599 MXN POR PERSONA<\/li>\n\n\n\n<li>PROPINAS A GU\u00cdAS, CHOFERES<\/li>\n\n\n\n<li>EXCURSIONES NO INDICADAS EN EL ITINERARIO NI OPCIONALES<\/li>\n\n\n\n<li>DESAYUNOS EN HOTEL 3*<\/li>\n\n\n\n<li>GASTOS PERSONALES<\/li>\n\n\n\n<li>COMIDAS<\/li>\n<\/ul>\n","protected":false},"excerpt":{"rendered":"<p>MT-40324 Zacatecas B\u00e1sico Ciudades Visitadas:&nbsp;M\u00e9xico Duraci\u00f3n:&nbsp;3 D\u00edas y 2 Noches Desde:6549 MXN + 1599 Imp Fecha(s) de salida: Diarias Vigencia:&nbsp;Precios vigentes hasta el 15\/12\/2023 Aerolinea INCLUYE VUELO Itinerario D\u00cdA 1 CIUDAD DE M\u00c9XICO \u2013 ZACATECAS MINA DEL EDEN \u2013 CERRO DE LA BUFA&nbsp;Cita en el aeropuerto de la Ciudad de M\u00e9xico para tomar vuelo rumbo [&hellip;]<\/p>\n","protected":false},"author":1,"featured_media":0,"parent":0,"menu_order":0,"comment_status":"closed","ping_status":"closed","template":"","meta":{"om_disable_all_campaigns":false,"_monsterinsights_skip_tracking":false,"_monsterinsights_sitenote_active":false,"_monsterinsights_sitenote_note":"","_monsterinsights_sitenote_category":0,"site-sidebar-layout":"default","site-content-layout":"","ast-site-content-layout":"default","site-content-style":"default","site-sidebar-style":"default","ast-global-header-display":"","ast-banner-title-visibility":"","ast-main-header-display":"","ast-hfb-above-header-display":"","ast-hfb-below-header-display":"","ast-hfb-mobile-header-display":"","site-post-title":"disabled","ast-breadcrumbs-content":"","ast-featured-img":"","footer-sml-layout":"","ast-disable-related-posts":"","theme-transparent-header-meta":"","adv-header-id-meta":"","stick-header-meta":"","header-above-stick-meta":"","header-main-stick-meta":"","header-below-stick-meta":"","astra-migrate-meta-layouts":"set","ast-page-background-enabled":"default","ast-page-background-meta":{"desktop":{"background-color":"","background-image":"","background-repeat":"repeat","background-position":"center center","background-size":"auto","background-attachment":"scroll","background-type":"","background-media":"","overlay-type":"","overlay-color":"","overlay-opacity":"","overlay-gradient":""},"tablet":{"background-color":"","background-image":"","background-repeat":"repeat","background-position":"center center","background-size":"auto","background-attachment":"scroll","background-type":"","background-media":"","overlay-type":"","overlay-color":"","overlay-opacity":"","overlay-gradient":""},"mobile":{"background-color":"","background-image":"","background-repeat":"repeat","background-position":"center center","background-size":"auto","background-attachment":"scroll","background-type":"","background-media":"","overlay-type":"","overlay-color":"","overlay-opacity":"","overlay-gradient":""}},"ast-content-background-meta":{"desktop":{"background-color":"var(--ast-global-color-5)","background-image":"","background-repeat":"repeat","background-position":"center center","background-size":"auto","background-attachment":"scroll","background-type":"","background-media":"","overlay-type":"","overlay-color":"","overlay-opacity":"","overlay-gradient":""},"tablet":{"background-color":"var(--ast-global-color-5)","background-image":"","background-repeat":"repeat","background-position":"center center","background-size":"auto","background-attachment":"scroll","background-type":"","background-media":"","overlay-type":"","overlay-color":"","overlay-opacity":"","overlay-gradient":""},"mobile":{"background-color":"var(--ast-global-color-5)","background-image":"","background-repeat":"repeat","background-position":"center center","background-size":"auto","background-attachment":"scroll","background-type":"","background-media":"","overlay-type":"","overlay-color":"","overlay-opacity":"","overlay-gradient":""}},"footnotes":""},"class_list":["post-738","page","type-page","status-publish","hentry"],"aioseo_notices":[],"_links":{"self":[{"href":"https:\/\/camaratravel.com\/index.php?rest_route=\/wp\/v2\/pages\/738","targetHints":{"allow":["GET"]}}],"collection":[{"href":"https:\/\/camaratravel.com\/index.php?rest_route=\/wp\/v2\/pages"}],"about":[{"href":"https:\/\/camaratravel.com\/index.php?rest_route=\/wp\/v2\/types\/page"}],"author":[{"embeddable":true,"href":"https:\/\/camaratravel.com\/index.php?rest_route=\/wp\/v2\/users\/1"}],"replies":[{"embeddable":true,"href":"https:\/\/camaratravel.com\/index.php?rest_route=%2Fwp%2Fv2%2Fcomments&post=738"}],"version-history":[{"count":5,"href":"https:\/\/camaratravel.com\/index.php?rest_route=\/wp\/v2\/pages\/738\/revisions"}],"predecessor-version":[{"id":1593,"href":"https:\/\/camaratravel.com\/index.php?rest_route=\/wp\/v2\/pages\/738\/revisions\/1593"}],"wp:attachment":[{"href":"https:\/\/camaratravel.com\/index.php?rest_route=%2Fwp%2Fv2%2Fmedia&parent=738"}],"curies":[{"name":"wp","href":"https:\/\/api.w.org\/{rel}","templated":true}]}}