{"id":736,"date":"2023-10-08T18:25:24","date_gmt":"2023-10-08T18:25:24","guid":{"rendered":"https:\/\/camaratravel.com\/?page_id=736"},"modified":"2023-10-18T19:50:58","modified_gmt":"2023-10-18T19:50:58","slug":"mt-40288-fin-de-semana-en-tequila","status":"publish","type":"page","link":"https:\/\/camaratravel.com\/?page_id=736","title":{"rendered":"MT-40288 Fin de Semana en Tequila"},"content":{"rendered":"\n<p><strong>Ciudades Visitadas:<\/strong>&nbsp;M\u00e9xico<\/p>\n\n\n\n<figure class=\"wp-block-image\"><img decoding=\"async\" src=\"https:\/\/one.cdnmega.com\/images\/viajes\/covers\/paisaje-de-tequila-jalisco-mexico.webp\" alt=\"\"\/><\/figure>\n\n\n\n<p><strong>Duraci\u00f3n:<\/strong>&nbsp;3 D\u00edas y 2 Noches<\/p>\n\n\n\n<p><strong>Desde:<\/strong>6689 MXN + 0 Imp<\/p>\n\n\n\n<p><strong>Fecha(s) de salida:<\/strong><\/p>\n\n\n\n<p><br>Diarias<\/p>\n\n\n\n<p><strong>Vigencia:<\/strong>&nbsp;Precios vigentes hasta el 15\/12\/2023<\/p>\n\n\n\n<p><strong>Aerolinea<\/strong><\/p>\n\n\n\n<h5 class=\"wp-block-heading\">SOLO TERRESTRE<\/h5>\n\n\n\n<p><a href=\"http:\/\/leafletjs.com\/\">Leaflet<\/a><\/p>\n\n\n\n<p>Itinerario<\/p>\n\n\n\n<p><strong>D\u00cdA 1 GUADALAJARA<\/strong><br>Recepci\u00f3n en el aeropuerto internacional de Guadalajara y traslado a Tequila check-inn en el Hotel elegido. A la Hora indicada presentarse en casa Sauza para tomar tour en tranv\u00eda tur\u00edstico y conocer el proceso de elaboraci\u00f3n del tequila Sauza en una de las destiler\u00edas m\u00e1s antigua del pueblo de tequila. Visitamos jard\u00edn bot\u00e1nico y conocer\u00e1s las diferentes variedades de agaves que forman parte de la flora mexicana, tendremos exhibici\u00f3n de jima. Al regreso visitaremos la cava de a\u00f1ejamiento la constancia y la f\u00e1brica la perseverancia de las m\u00e1s antiguas del pueblo de tequila, tambi\u00e9n La Quinta Sauza, antiguo casco de ex hacienda data desde 1835, tendr\u00e1 oportunidad de preparar una de las bebidas m\u00e1s emblem\u00e1ticas del Pueblo de tequila: \u201cLos cantaritos\u201d al terminal podr\u00e1 visitar la galer\u00eda de botellas antiguas de Sauza, resto del d\u00eda libre para disfrutar el pueblo de tequila. (comida y cena Libres, traslado al hotel por cuenta del cliente). Alojamiento Tequila.<\/p>\n\n\n\n<p><strong>D\u00cdA 2 TEQUILA&nbsp;<\/strong><br>Desayuno en el Hotel<br>A la hora previamente fijada, cita en el pueblo de tequila en la destiler\u00eda de Jos\u00e9 cuervo para tomar tour experiencia cl\u00e1sica en la destiler\u00eda \u201cLa Roje\u00f1a\u201d de Jos\u00e9 cuervo, la destiler\u00eda m\u00e1s antigua de am\u00e9rica latina. nos mostrar\u00e1 el proceso de elaboraci\u00f3n del tequila, durante este recorrido degustaremos agave cocido, tendremos acceso al centro cultural Juan Beckman Gallardo, La arquitectura de este museo estuvo a cargo del arquitecto Jorge Loyzaga, que est\u00e1 inspirada en la arquitectura Jesuita estilo barroco prevaleciente en nuestro pa\u00eds durante gran parte del siglo XVII, las exposiciones disponibles son: Charrer\u00eda La esencia de la Tierra, Los caminos de Jalisco y Tequila Colecci\u00f3n de carruajes de los siglos XIX &#8211; XX entre otros. (comida y cena Libres, traslado al hotel por cuenta del cliente) resto del Dia libre. Alojamiento Tequila.<\/p>\n\n\n\n<p><strong>D\u00cdA 3 TEQUILA \u2013 GUADALAJARA&nbsp;<\/strong><br>Desayuno en el Hotel. 12:00 hrs. Check out. A la hora acordada traslado a Guadalajara.&nbsp;<\/p>\n\n\n\n<p><small><strong>Este recorrido es parcialmente guiado lo que significa que el cliente deber\u00e1 de moverse a los puntos de reuni\u00f3n establecidos, se le entrega una gu\u00eda completa de actividades y puntos donde presentarse. El orden de los tours\/actividades se pueden acomodar dentro de las fechas para una mejor coordinaci\u00f3n con los horarios del cliente)<\/strong><\/small><strong>&nbsp;&nbsp;&nbsp;&nbsp;&#8230;FIN DE NUESTROS SERVICIOS<\/strong><\/p>\n\n\n\n<p>Precios y Hoteles:<\/p>\n\n\n\n<figure class=\"wp-block-table\"><table><tbody><tr><td><strong>HOTEL<\/strong><\/td><td><strong>CPL<\/strong><\/td><td><strong>TRIPLE<\/strong><\/td><td><strong>DOBLE<\/strong><\/td><td><strong>SGL<\/strong><\/td><td><strong>MNR<\/strong><\/td><\/tr><tr><td>Matices Hotel de Barricas<\/td><td>$ 6,689<\/td><td>$ 7,529<\/td><td>$ 8,259<\/td><td>$ 16,079<\/td><td>$ 3,629<\/td><\/tr><\/tbody><\/table><\/figure>\n\n\n\n<p>\u2013 Precios por persona en MXN.<br>\u2013 Los precios cambian constantemente, as\u00ed que te sugerimos la verificaci\u00f3n de estos, y no utilizar este documento como definitivo.<br>\u2013 Aplican suplementos&nbsp;temporada alta, puentes y d\u00edas festivos<\/p>\n\n\n\n<figure class=\"wp-block-table\"><table><tbody><tr><td colspan=\"4\"><strong>HOTELES PREVISTOS O SIMILARES<\/strong><\/td><\/tr><tr><td><strong>HOTEL<\/strong><\/td><td><strong>CIUDAD<\/strong><\/td><td><strong>TIPO<\/strong><\/td><td><strong>PA\u00cdS<\/strong><\/td><\/tr><tr><td>Matices Hotel de Barricas<\/td><td>Tequila<\/td><td>Turista<\/td><td>M\u00e9xico<\/td><\/tr><tr><td colspan=\"4\">\u00c9sta es la relaci\u00f3n de los hoteles utilizados m\u00e1s frecuentemente en este circuito. Reflejada tan s\u00f3lo a efectos indicativos, pudiendo ser el pasajero alojado en establecimientos similares o alternativos<\/td><\/tr><\/tbody><\/table><\/figure>\n\n\n\n<p>El paquete incluye<\/p>\n\n\n\n<ul class=\"wp-block-list\">\n<li>Traslado privado Guadalajara-Tequila- Guadalajara<\/li>\n\n\n\n<li>02 noches de alojamiento en Tequila Jalisco en hotel elegido<\/li>\n\n\n\n<li>Tour en tranv\u00eda tur\u00edstico a campos de agave con exhibici\u00f3n de Jima<\/li>\n\n\n\n<li>Visita a la destiler\u00eda la Perseverancia de Casa Sauza<\/li>\n\n\n\n<li>Visita a la cava de a\u00f1ejamiento la constancia de Casa Sauza con degustaci\u00f3n de tequila<\/li>\n\n\n\n<li>Actividad realiza tu propio cantarito<\/li>\n\n\n\n<li>Acceso a la destinar\u00eda la Roje\u00f1a de Jose Cuervo con degustaci\u00f3n de Tequila<\/li>\n\n\n\n<li>Acceso al centro cultural Juan Beckmann Gallardo<\/li>\n<\/ul>\n\n\n\n<p>El paquete no incluye:<\/p>\n\n\n\n<ul class=\"wp-block-list\">\n<li>BOLETO DE AVI\u00d3N O TRANSPORTACI\u00d3N TERRESTRE<\/li>\n\n\n\n<li>GASTOS PERSONALES, PROPINAS<\/li>\n\n\n\n<li>NING\u00daN SERVICIO NO ESPECIFICADO<\/li>\n<\/ul>\n","protected":false},"excerpt":{"rendered":"<p>Ciudades Visitadas:&nbsp;M\u00e9xico Duraci\u00f3n:&nbsp;3 D\u00edas y 2 Noches Desde:6689 MXN + 0 Imp Fecha(s) de salida: Diarias Vigencia:&nbsp;Precios vigentes hasta el 15\/12\/2023 Aerolinea SOLO TERRESTRE Leaflet Itinerario D\u00cdA 1 GUADALAJARARecepci\u00f3n en el aeropuerto internacional de Guadalajara y traslado a Tequila check-inn en el Hotel elegido. A la Hora indicada presentarse en casa Sauza para tomar tour [&hellip;]<\/p>\n","protected":false},"author":1,"featured_media":0,"parent":0,"menu_order":0,"comment_status":"closed","ping_status":"closed","template":"","meta":{"om_disable_all_campaigns":false,"_monsterinsights_skip_tracking":false,"_monsterinsights_sitenote_active":false,"_monsterinsights_sitenote_note":"","_monsterinsights_sitenote_category":0,"site-sidebar-layout":"default","site-content-layout":"","ast-site-content-layout":"default","site-content-style":"default","site-sidebar-style":"default","ast-global-header-display":"","ast-banner-title-visibility":"","ast-main-header-display":"","ast-hfb-above-header-display":"","ast-hfb-below-header-display":"","ast-hfb-mobile-header-display":"","site-post-title":"disabled","ast-breadcrumbs-content":"","ast-featured-img":"","footer-sml-layout":"","ast-disable-related-posts":"","theme-transparent-header-meta":"","adv-header-id-meta":"","stick-header-meta":"","header-above-stick-meta":"","header-main-stick-meta":"","header-below-stick-meta":"","astra-migrate-meta-layouts":"set","ast-page-background-enabled":"default","ast-page-background-meta":{"desktop":{"background-color":"","background-image":"","background-repeat":"repeat","background-position":"center center","background-size":"auto","background-attachment":"scroll","background-type":"","background-media":"","overlay-type":"","overlay-color":"","overlay-opacity":"","overlay-gradient":""},"tablet":{"background-color":"","background-image":"","background-repeat":"repeat","background-position":"center center","background-size":"auto","background-attachment":"scroll","background-type":"","background-media":"","overlay-type":"","overlay-color":"","overlay-opacity":"","overlay-gradient":""},"mobile":{"background-color":"","background-image":"","background-repeat":"repeat","background-position":"center center","background-size":"auto","background-attachment":"scroll","background-type":"","background-media":"","overlay-type":"","overlay-color":"","overlay-opacity":"","overlay-gradient":""}},"ast-content-background-meta":{"desktop":{"background-color":"var(--ast-global-color-5)","background-image":"","background-repeat":"repeat","background-position":"center center","background-size":"auto","background-attachment":"scroll","background-type":"","background-media":"","overlay-type":"","overlay-color":"","overlay-opacity":"","overlay-gradient":""},"tablet":{"background-color":"var(--ast-global-color-5)","background-image":"","background-repeat":"repeat","background-position":"center center","background-size":"auto","background-attachment":"scroll","background-type":"","background-media":"","overlay-type":"","overlay-color":"","overlay-opacity":"","overlay-gradient":""},"mobile":{"background-color":"var(--ast-global-color-5)","background-image":"","background-repeat":"repeat","background-position":"center center","background-size":"auto","background-attachment":"scroll","background-type":"","background-media":"","overlay-type":"","overlay-color":"","overlay-opacity":"","overlay-gradient":""}},"footnotes":""},"class_list":["post-736","page","type-page","status-publish","hentry"],"aioseo_notices":[],"_links":{"self":[{"href":"https:\/\/camaratravel.com\/index.php?rest_route=\/wp\/v2\/pages\/736","targetHints":{"allow":["GET"]}}],"collection":[{"href":"https:\/\/camaratravel.com\/index.php?rest_route=\/wp\/v2\/pages"}],"about":[{"href":"https:\/\/camaratravel.com\/index.php?rest_route=\/wp\/v2\/types\/page"}],"author":[{"embeddable":true,"href":"https:\/\/camaratravel.com\/index.php?rest_route=\/wp\/v2\/users\/1"}],"replies":[{"embeddable":true,"href":"https:\/\/camaratravel.com\/index.php?rest_route=%2Fwp%2Fv2%2Fcomments&post=736"}],"version-history":[{"count":2,"href":"https:\/\/camaratravel.com\/index.php?rest_route=\/wp\/v2\/pages\/736\/revisions"}],"predecessor-version":[{"id":1370,"href":"https:\/\/camaratravel.com\/index.php?rest_route=\/wp\/v2\/pages\/736\/revisions\/1370"}],"wp:attachment":[{"href":"https:\/\/camaratravel.com\/index.php?rest_route=%2Fwp%2Fv2%2Fmedia&parent=736"}],"curies":[{"name":"wp","href":"https:\/\/api.w.org\/{rel}","templated":true}]}}