{"id":734,"date":"2023-10-08T18:24:58","date_gmt":"2023-10-08T18:24:58","guid":{"rendered":"https:\/\/camaratravel.com\/?page_id=734"},"modified":"2023-11-02T18:58:18","modified_gmt":"2023-11-02T18:58:18","slug":"mt-40280-tradiciones-de-jalisco","status":"publish","type":"page","link":"https:\/\/camaratravel.com\/?page_id=734","title":{"rendered":"MT-40280 Tradiciones de Jalisco"},"content":{"rendered":"\n<div class=\"wp-block-cover is-light\" style=\"padding-top:var(--wp--preset--spacing--80);padding-bottom:var(--wp--preset--spacing--80);min-height:50px;aspect-ratio:unset;\"><span aria-hidden=\"true\" class=\"wp-block-cover__background has-luminous-vivid-orange-background-color has-background-dim-100 has-background-dim\"><\/span><div class=\"wp-block-cover__inner-container is-layout-flow wp-block-cover-is-layout-flow\">\n<p class=\"has-text-align-center has-large-font-size\"><\/p>\n<\/div><\/div>\n\n\n\n<figure class=\"wp-block-image aligncenter\"><img decoding=\"async\" src=\"https:\/\/one.cdnmega.com\/images\/viajes\/covers\/catedral-guadalajara-mexico.webp\" alt=\"\"\/><\/figure>\n\n\n\n<p style=\"padding-right:var(--wp--preset--spacing--60);padding-left:var(--wp--preset--spacing--60)\">MT-40280 Tradiciones de Jalisco<\/p>\n\n\n\n<p style=\"padding-right:var(--wp--preset--spacing--60);padding-left:var(--wp--preset--spacing--60)\"><strong>Ciudades Visitadas:<\/strong>&nbsp;M\u00e9xico<\/p>\n\n\n\n<p style=\"padding-right:var(--wp--preset--spacing--60);padding-left:var(--wp--preset--spacing--60)\"><strong>Duraci\u00f3n:<\/strong>&nbsp;4 D\u00edas y 3 Noches<\/p>\n\n\n\n<p style=\"padding-right:var(--wp--preset--spacing--60);padding-left:var(--wp--preset--spacing--60)\"><strong>Desde:<\/strong>8129 MXN + 1599 Imp<\/p>\n\n\n\n<p style=\"padding-right:var(--wp--preset--spacing--60);padding-left:var(--wp--preset--spacing--60)\"><strong>Fecha(s) de salida:<\/strong><\/p>\n\n\n\n<p style=\"padding-right:var(--wp--preset--spacing--60);padding-left:var(--wp--preset--spacing--60)\"><br>Diarias<\/p>\n\n\n\n<p style=\"padding-right:var(--wp--preset--spacing--60);padding-left:var(--wp--preset--spacing--60)\"><strong>Vigencia:<\/strong>&nbsp;Precios vigentes hasta el 15\/12\/2023<\/p>\n\n\n\n<p style=\"padding-right:var(--wp--preset--spacing--60);padding-left:var(--wp--preset--spacing--60)\"><strong>Aerolinea<\/strong><\/p>\n\n\n\n<h5 class=\"wp-block-heading\" style=\"padding-right:var(--wp--preset--spacing--60);padding-left:var(--wp--preset--spacing--60)\">INCLUYE VUELO<\/h5>\n\n\n\n<figure class=\"wp-block-image aligncenter\"><img decoding=\"async\" src=\"https:\/\/one.cdnmega.com\/images\/aerolineas\/iata\/Y4.png\" alt=\"Volaris\"\/><\/figure>\n\n\n\n<figure class=\"wp-block-image aligncenter\"><img decoding=\"async\" src=\"https:\/\/one.cdnmega.com\/images\/aerolineas\/iata\/AM.png\" alt=\"Aeromexico\"\/><\/figure>\n\n\n\n<figure class=\"wp-block-image aligncenter\"><img decoding=\"async\" src=\"https:\/\/one.cdnmega.com\/images\/aerolineas\/iata\/VB.png\" alt=\"Viva Aerobus\"\/><\/figure>\n\n\n\n<p style=\"padding-right:var(--wp--preset--spacing--60);padding-left:var(--wp--preset--spacing--60)\">Itinerario<\/p>\n\n\n\n<p style=\"padding-right:var(--wp--preset--spacing--60);padding-left:var(--wp--preset--spacing--60)\"><strong>D\u00cdA 1&nbsp;CIUDAD DE M\u00c9XICO \u2013 GUADALAJARA<\/strong><br>Cita en el Aeropuerto de la Ciudad de M\u00e9xico para tomar vuelo rumbo a Guadalajara. Recepci\u00f3n en el aeropuerto y traslado privado al hotel. Check in, resto del d\u00eda libre. Alojamiento.<\/p>\n\n\n\n<p style=\"padding-right:var(--wp--preset--spacing--60);padding-left:var(--wp--preset--spacing--60)\"><strong>D\u00cdA 2 GUADALAJARA \u2013 AJIJIC \u2013 GUADALAJARA<\/strong><br>Desayuno en el Hotel, cita en el lobby a la hora acordada. Salida a la Ribera de Chapala, pasamos por el exterior del rancho de Vicente Fern\u00e1ndez, tenemos tiempo de visitar la tienda vaquera m\u00e1s grande de M\u00e9xico. Llegamos al poblado de Chapala, este poblado fue bautizado como el rinconcito de amor por ser lugar de luna de miel de varias personalidades del cine de oro mexicano entre ellas la Sra. Mar\u00eda F\u00e9lix. visitamos el malec\u00f3n de Chapala y tendremos tiempo de realizar compras, relataremos la historia de la isla de Mezcala donde se llev\u00f3 una de las batallas m\u00e1s importantes en la guerra de independencia de M\u00e9xico. Tiempo libre para conocer los alrededores y hacer compras en el mercado artesanal. A la hora indicada por el gu\u00eda, continuamos a Ajijic, este poblado fue nombrado Pueblo m\u00e1gico por secretaria de turismo de M\u00e9xico, t\u00edpico poblado de calles empedradas y casas de adobes, tendremos recorrido peatonal, conoceremos el malec\u00f3n, galer\u00edas de arte, muro de los muertos, tendremos oportunidad de comer. (comida no incluida) a la hora acordada regreso a Guadalajara. Alojamiento Guadalajara.<\/p>\n\n\n\n<p style=\"padding-right:var(--wp--preset--spacing--60);padding-left:var(--wp--preset--spacing--60)\"><strong>D\u00cdA 3 GUADALAJARA \u2013 AMATITL\u00c1N \u2013 TEQUILA \u2013 GUADALAJARA&nbsp;<\/strong><br>Desayuno en el hotel, cita en el lobby del Hotel a la hora acordada. Por la ma\u00f1ana nos Trasladaremos a la ruta del tequila para conocer m\u00e1s de la historia y origen de nuestra bebida tradicional mexicana. Nuestro primer punto es el mirador del paisaje agavero para conocer m\u00e1s del agave tequilana weber Azul, As\u00ed mismo tendremos una vista espectacular del volc\u00e1n de tequila, nuestro gu\u00eda nos dar\u00e1 una explicaci\u00f3n completa. Continuamos al poblado de Amatit\u00e1n inicio de la ruta del tequila, un lugar con magia y cuna de los mejores tequilas, este poblado todav\u00eda conservando como pocos en M\u00e9xico, tiene un toque muy especial de pueblo antiguo. Conoceremos las ruinas de Chimulco una hermosa ex hacienda restaurada donde tendremos un refrigerio, conoceremos una de las grutas tallada en la roca desde la en \u00e9poca prehisp\u00e1nica donde posteriormente se extra\u00eda el agua para la elaboraci\u00f3n del Vino mezcal; en la revoluci\u00f3n y en la guerra cristera sirvi\u00f3 de refugio para sus habitantes. Tendremos una cata de tequila, mezcal y raicilla los diferentes destilados provenientes de agav\u00e1ceas, de igual forma, tendremos oportunidad de degustar cervezas de agave. Posteriormente nos trasladaremos al poblado de Tequila a una destiler\u00edas semi artesanal con mayor tradici\u00f3n en tequila, tendremos explicaci\u00f3n del proceso de elaboraci\u00f3n del tequila en la l\u00ednea de producci\u00f3n, degustaci\u00f3n de agave cocido y degustaci\u00f3n de tequila a 55 grados de alcohol, adem\u00e1s degustaremos varios tequilas, destilados y licores de agave. Al termino nos trasladaremos al poblado de tequila para conocer su centro hist\u00f3rico y tener tiempo para comer en la cueva de don Cenobio, (comida no incluida) dentro de uno de los restaurantes m\u00e1s ic\u00f3nicos del pueblo de Tequila. a la hora acordada regreso a Guadalajara. Alojamiento Guadalajara.<\/p>\n\n\n\n<p style=\"padding-right:var(--wp--preset--spacing--60);padding-left:var(--wp--preset--spacing--60)\"><strong>D\u00cdA 4 GUADALAJARA \u2013 CIUDAD DE M\u00c9XICO<\/strong><br>Desayuno, resto del d\u00eda libre para actividades personales, hasta la hora de acordada para el traslado al aeropuerto.<\/p>\n\n\n\n<p style=\"padding-right:var(--wp--preset--spacing--60);padding-left:var(--wp--preset--spacing--60)\"><small><strong>*El itinerario puede sufrir modificaciones por causa de fuerza mayor y ajena a Mega Travel como paros, huelgas, bloqueos, retrasos de l\u00edneas a\u00e9reas**<\/strong><\/small><strong>&nbsp;&nbsp;&nbsp;&nbsp;&#8230;FIN DE NUESTROS SERVICIOS<\/strong><\/p>\n\n\n\n<p style=\"padding-right:var(--wp--preset--spacing--60);padding-left:var(--wp--preset--spacing--60)\">Precios y Hoteles:<\/p>\n\n\n\n<figure class=\"wp-block-table\" style=\"padding-right:var(--wp--preset--spacing--60);padding-left:var(--wp--preset--spacing--60)\"><table style=\"border-style:none;border-width:0px\"><tbody><tr><td><strong>HOTEL<\/strong><\/td><td><strong>CPL<\/strong><\/td><td><strong>TRIPLE<\/strong><\/td><td><strong>DOBLE<\/strong><\/td><td><strong>SGL<\/strong><\/td><td><strong>MNR<\/strong><\/td><\/tr><tr><td>Hotel Fenix o similar<\/td><td>$8,129<\/td><td>$8,569<\/td><td>$8,939<\/td><td>$11,129<\/td><td>$6,309<\/td><\/tr><tr><td>Hotel Gamma&nbsp;o similar<\/td><td>$8,249<\/td><td>$8,409<\/td><td>$8,729<\/td><td>$10,289<\/td><td>$6,309<\/td><\/tr><tr><td>Hotel Mendoza&nbsp;o similar<\/td><td>$8,749<\/td><td>$8,919<\/td><td>$9,249<\/td><td>$11,229<\/td><td>$6,309<\/td><\/tr><tr><td>Hotel Aranzazu Centro&nbsp;o similar<\/td><td>$8,829<\/td><td>$9,059<\/td><td>$9,519<\/td><td>$11,639<\/td><td>$6,309<\/td><\/tr><tr><td>Hotel Camino Real&nbsp;o similar<\/td><td>$12,199<\/td><td>$12,499<\/td><td>$11,089<\/td><td>$17,219<\/td><td>$6,309<\/td><\/tr><\/tbody><\/table><\/figure>\n\n\n\n<p style=\"padding-right:var(--wp--preset--spacing--60);padding-left:var(--wp--preset--spacing--60)\"><strong>IMPUESTOS Y SUPLEMENTOS<\/strong><\/p>\n\n\n\n<figure class=\"wp-block-table\" style=\"padding-right:var(--wp--preset--spacing--60);padding-left:var(--wp--preset--spacing--60)\"><table><tbody><tr><td>Impuestos A\u00e9reos<\/td><td>$ 1,599<\/td><\/tr><\/tbody><\/table><\/figure>\n\n\n\n<p style=\"padding-right:var(--wp--preset--spacing--60);padding-left:var(--wp--preset--spacing--60)\">\u2013 Precios por persona en MXN.<br>\u2013 Los precios indicados en este itinerario son de car\u00e1cter informativo y deben ser confirmados para realizar su reservaci\u00f3n ya que est\u00e1n sujetos a modificaciones sin previo aviso.<br>\u2013 Los precios cambian constantemente, as\u00ed que te sugerimos la verificaci\u00f3n de estos, y no utilizar este documento como definitivo.<br>\u2013 Aplican supl. Temporada alta, puentes y d\u00edas festivos<\/p>\n\n\n\n<figure class=\"wp-block-table\" style=\"padding-right:var(--wp--preset--spacing--60);padding-left:var(--wp--preset--spacing--60)\"><table><tbody><tr><td colspan=\"4\"><strong>HOTELES PREVISTOS O SIMILARES<\/strong><\/td><\/tr><tr><td><strong>HOTEL<\/strong><\/td><td><strong>CIUDAD<\/strong><\/td><td><strong>TIPO<\/strong><\/td><td><strong>PA\u00cdS<\/strong><\/td><\/tr><tr><td>Hotel Fenix<\/td><td>Guadalajara<\/td><td>Turista<\/td><td>M\u00e9xico<\/td><\/tr><tr><td>Hotel Gamma<\/td><td>Guadalajara<\/td><td>Turista<\/td><td>M\u00e9xico<\/td><\/tr><tr><td>Hotel Mendoza<\/td><td>Guadalajara<\/td><td>Turista<\/td><td>M\u00e9xico<\/td><\/tr><tr><td>Hotel Aranzazu Centro<\/td><td>Guadalajara<\/td><td>Turista<\/td><td>M\u00e9xico<\/td><\/tr><tr><td>Hotel Camino Real<\/td><td>Guadalajara<\/td><td>Turista<\/td><td>M\u00e9xico<\/td><\/tr><tr><td colspan=\"4\">\u00c9sta es la relaci\u00f3n de los hoteles utilizados m\u00e1s frecuentemente en este circuito. Reflejada tan s\u00f3lo a efectos indicativos, pudiendo ser el pasajero alojado en establecimientos similares o alternativos<\/td><\/tr><\/tbody><\/table><\/figure>\n\n\n\n<p style=\"padding-right:var(--wp--preset--spacing--60);padding-left:var(--wp--preset--spacing--60)\">El paquete incluye<\/p>\n\n\n\n<ul class=\"wp-block-list\" style=\"padding-right:var(--wp--preset--spacing--60);padding-left:var(--wp--preset--spacing--60)\">\n<li>Vuelo en clase turista MEX-GDL-MEX.<\/li>\n\n\n\n<li>03 noches de hospedaje en hotel seleccionado<\/li>\n\n\n\n<li>Desayuno en el Hotel.<\/li>\n\n\n\n<li>Traslado privado de llegada y salida aeropuerto Guadalajara.<\/li>\n\n\n\n<li>Tour ribera de Chapala y Ajijic Pueblo m\u00e1gico (no incluye alimentos.)<\/li>\n\n\n\n<li>Tour a tequila<\/li>\n\n\n\n<li>Visitamos campos de agave y mirador del paisaje agavero.<\/li>\n\n\n\n<li>Visitamos poblado de Amatit\u00e1n y Poblado de Tequila. o Degustaci\u00f3n de los tequilas que se producen en la regi\u00f3n de amatitan<\/li>\n\n\n\n<li>Visita ex hacienda<\/li>\n\n\n\n<li>Refrigerio por la ma\u00f1ana.<\/li>\n\n\n\n<li>Degustaci\u00f3n de cerveza de agave.<\/li>\n\n\n\n<li>Acceso y explicaci\u00f3n a una Gruta prehisp\u00e1nica con explicaci\u00f3n guiada.<\/li>\n\n\n\n<li>Visita destiler\u00eda de tequila con explicaci\u00f3n del proceso de elaboraci\u00f3n del tequila sobre la l\u00ednea de producci\u00f3n.<\/li>\n\n\n\n<li>Visita peatonal por la zona centro del pueblo de tequila.<\/li>\n\n\n\n<li>Tiempo libre en el pueblo de tequila para comer y realizar compras.<\/li>\n\n\n\n<li>Gu\u00eda certificado Ingles\/espa\u00f1ol.<\/li>\n\n\n\n<li>Agua Embotellada en camioneta.<\/li>\n<\/ul>\n\n\n\n<p style=\"padding-right:var(--wp--preset--spacing--60);padding-left:var(--wp--preset--spacing--60)\">El paquete no incluye:<\/p>\n\n\n\n<ul class=\"wp-block-list\" style=\"padding-right:var(--wp--preset--spacing--60);padding-left:var(--wp--preset--spacing--60)\">\n<li>IMPUESTOS DE $1,599 MXN POR PERSONA<\/li>\n\n\n\n<li>GASTOS PERSONALES, PROPINAS<\/li>\n\n\n\n<li>NING\u00daN SERVICIO NO ESPEC\u00cdFICADO<\/li>\n<\/ul>\n","protected":false},"excerpt":{"rendered":"<p>MT-40280 Tradiciones de Jalisco Ciudades Visitadas:&nbsp;M\u00e9xico Duraci\u00f3n:&nbsp;4 D\u00edas y 3 Noches Desde:8129 MXN + 1599 Imp Fecha(s) de salida: Diarias Vigencia:&nbsp;Precios vigentes hasta el 15\/12\/2023 Aerolinea INCLUYE VUELO Itinerario D\u00cdA 1&nbsp;CIUDAD DE M\u00c9XICO \u2013 GUADALAJARACita en el Aeropuerto de la Ciudad de M\u00e9xico para tomar vuelo rumbo a Guadalajara. Recepci\u00f3n en el aeropuerto y traslado [&hellip;]<\/p>\n","protected":false},"author":1,"featured_media":0,"parent":0,"menu_order":0,"comment_status":"closed","ping_status":"closed","template":"","meta":{"om_disable_all_campaigns":true,"_monsterinsights_skip_tracking":false,"_monsterinsights_sitenote_active":false,"_monsterinsights_sitenote_note":"","_monsterinsights_sitenote_category":0,"site-sidebar-layout":"default","site-content-layout":"","ast-site-content-layout":"default","site-content-style":"default","site-sidebar-style":"default","ast-global-header-display":"","ast-banner-title-visibility":"","ast-main-header-display":"","ast-hfb-above-header-display":"","ast-hfb-below-header-display":"","ast-hfb-mobile-header-display":"","site-post-title":"disabled","ast-breadcrumbs-content":"","ast-featured-img":"","footer-sml-layout":"","ast-disable-related-posts":"","theme-transparent-header-meta":"","adv-header-id-meta":"","stick-header-meta":"","header-above-stick-meta":"","header-main-stick-meta":"","header-below-stick-meta":"","astra-migrate-meta-layouts":"set","ast-page-background-enabled":"default","ast-page-background-meta":{"desktop":{"background-color":"","background-image":"","background-repeat":"repeat","background-position":"center center","background-size":"auto","background-attachment":"scroll","background-type":"","background-media":"","overlay-type":"","overlay-color":"","overlay-opacity":"","overlay-gradient":""},"tablet":{"background-color":"","background-image":"","background-repeat":"repeat","background-position":"center center","background-size":"auto","background-attachment":"scroll","background-type":"","background-media":"","overlay-type":"","overlay-color":"","overlay-opacity":"","overlay-gradient":""},"mobile":{"background-color":"","background-image":"","background-repeat":"repeat","background-position":"center center","background-size":"auto","background-attachment":"scroll","background-type":"","background-media":"","overlay-type":"","overlay-color":"","overlay-opacity":"","overlay-gradient":""}},"ast-content-background-meta":{"desktop":{"background-color":"var(--ast-global-color-5)","background-image":"","background-repeat":"repeat","background-position":"center center","background-size":"auto","background-attachment":"scroll","background-type":"","background-media":"","overlay-type":"","overlay-color":"","overlay-opacity":"","overlay-gradient":""},"tablet":{"background-color":"var(--ast-global-color-5)","background-image":"","background-repeat":"repeat","background-position":"center center","background-size":"auto","background-attachment":"scroll","background-type":"","background-media":"","overlay-type":"","overlay-color":"","overlay-opacity":"","overlay-gradient":""},"mobile":{"background-color":"var(--ast-global-color-5)","background-image":"","background-repeat":"repeat","background-position":"center center","background-size":"auto","background-attachment":"scroll","background-type":"","background-media":"","overlay-type":"","overlay-color":"","overlay-opacity":"","overlay-gradient":""}},"footnotes":""},"class_list":["post-734","page","type-page","status-publish","hentry"],"aioseo_notices":[],"_links":{"self":[{"href":"https:\/\/camaratravel.com\/index.php?rest_route=\/wp\/v2\/pages\/734","targetHints":{"allow":["GET"]}}],"collection":[{"href":"https:\/\/camaratravel.com\/index.php?rest_route=\/wp\/v2\/pages"}],"about":[{"href":"https:\/\/camaratravel.com\/index.php?rest_route=\/wp\/v2\/types\/page"}],"author":[{"embeddable":true,"href":"https:\/\/camaratravel.com\/index.php?rest_route=\/wp\/v2\/users\/1"}],"replies":[{"embeddable":true,"href":"https:\/\/camaratravel.com\/index.php?rest_route=%2Fwp%2Fv2%2Fcomments&post=734"}],"version-history":[{"count":6,"href":"https:\/\/camaratravel.com\/index.php?rest_route=\/wp\/v2\/pages\/734\/revisions"}],"predecessor-version":[{"id":1588,"href":"https:\/\/camaratravel.com\/index.php?rest_route=\/wp\/v2\/pages\/734\/revisions\/1588"}],"wp:attachment":[{"href":"https:\/\/camaratravel.com\/index.php?rest_route=%2Fwp%2Fv2%2Fmedia&parent=734"}],"curies":[{"name":"wp","href":"https:\/\/api.w.org\/{rel}","templated":true}]}}