{"id":732,"date":"2023-10-08T18:24:28","date_gmt":"2023-10-08T18:24:28","guid":{"rendered":"https:\/\/camaratravel.com\/?page_id=732"},"modified":"2023-11-02T19:25:13","modified_gmt":"2023-11-02T19:25:13","slug":"mt-40279-jose-cuervo-express-y-ribera-de-chapala","status":"publish","type":"page","link":"https:\/\/camaratravel.com\/?page_id=732","title":{"rendered":"MT-40279 Jos\u00e9 Cuervo Express y Ribera de Chapala"},"content":{"rendered":"\n<div class=\"wp-block-cover is-light\"><span aria-hidden=\"true\" class=\"wp-block-cover__background has-background-dim\"><\/span><img decoding=\"async\" class=\"wp-block-cover__image-background\" alt=\"\" src=\"https:\/\/one.cdnmega.com\/images\/viajes\/covers\/catedral-de-guadalajara-mexico.webp\" data-object-fit=\"cover\"\/><div class=\"wp-block-cover__inner-container is-layout-flow wp-block-cover-is-layout-flow\">\n<p class=\"has-text-align-center has-large-font-size\"><\/p>\n<\/div><\/div>\n\n\n\n<p>MT-40279 Jos\u00e9 Cuervo Express y Ribera de Chapala<\/p>\n\n\n\n<p><strong>Ciudades Visitadas:<\/strong>\u00a0M\u00e9xico<\/p>\n\n\n\n<p><strong>Duraci\u00f3n:<\/strong>&nbsp;4 D\u00edas y 3 Noches<\/p>\n\n\n\n<p><strong>Desde:<\/strong>8779 MXN + 1599 Imp<\/p>\n\n\n\n<p><strong>Fecha(s) de salida:<\/strong><\/p>\n\n\n\n<p><br>Jueves a domingo<\/p>\n\n\n\n<p><strong>Vigencia:<\/strong>&nbsp;Precios vigentes hasta el 15\/12\/2023<\/p>\n\n\n\n<p><strong>Aerolinea<\/strong><\/p>\n\n\n\n<h5 class=\"wp-block-heading\">INCLUYE VUELO<\/h5>\n\n\n\n<figure class=\"wp-block-image\"><img decoding=\"async\" src=\"https:\/\/one.cdnmega.com\/images\/aerolineas\/iata\/Y4.png\" alt=\"Volaris\"\/><\/figure>\n\n\n\n<figure class=\"wp-block-image\"><img decoding=\"async\" src=\"https:\/\/one.cdnmega.com\/images\/aerolineas\/iata\/AM.png\" alt=\"Aeromexico\"\/><\/figure>\n\n\n\n<figure class=\"wp-block-image\"><img decoding=\"async\" src=\"https:\/\/one.cdnmega.com\/images\/aerolineas\/iata\/VB.png\" alt=\"Viva Aerobus\"\/><\/figure>\n\n\n\n<p><a href=\"http:\/\/leafletjs.com\/\">Leaflet<\/a><\/p>\n\n\n\n<p>Itinerario<\/p>\n\n\n\n<p><strong>D\u00cdA 1 CIUDAD DE M\u00c9XICO \u2013 GUADALAJARA<\/strong><br>Cita en el Aeropuerto de la Ciudad de M\u00e9xico para tomar vuelo rumbo a Guadalajara. Recepci\u00f3n y traslado a su hotel Check inn, Resto del D\u00eda Libre. Alojamiento Guadalajara<\/p>\n\n\n\n<p><strong>D\u00cdA 2 GUADALAJARA \u2013 CHAPALA \u2013 AJIJIC \u2013 GUADALAJARA &nbsp;<\/strong><br>Desayuno en el Hotel, cita en el lobby. Salida a la Ribera de Chapala, pasamos por el exterior del rancho de Vicente Fern\u00e1ndez, tenemos tiempo de visitar la tienda vaquera m\u00e1s grande de M\u00e9xico.<br>Llegamos al poblado de Chapala, este poblado fue bautizado como el rinconcito de amor por ser lugar de luna de miel de varias personalidades del cine de oro mexicano entre ellas la Sra. Mar\u00eda F\u00e9lix. visitamos el malec\u00f3n de Chapala y tendremos tiempo de realizar compras, relataremos la historia de la isla de Mezcala donde se llev\u00f3 una de las batallas m\u00e1s importantes en la guerra de independencia de M\u00e9xico. Tiempo libre para conocer los alrededores y hacer compras en el mercado artesanal. A la hora indicada por el gu\u00eda, continuamos a Ajijic, este poblado fue nombrado Pueblo m\u00e1gico por secretaria de turismo de M\u00e9xico, t\u00edpico poblado de calles empedradas y casas de adobes, tendremos recorrido peatonal, conoceremos el malec\u00f3n, galer\u00edas de arte, muro de los muertos, tendremos oportunidad de comer. (comida no incluida) a la hora acordada regreso a Guadalajara. Alojamiento Guadalajara<\/p>\n\n\n\n<p><strong>D\u00cdA 3 GUADALAJARA \u2013 TEQUILA \u2013 (JOS\u00c9 CUERVO EXPRESS)<\/strong><br>Desayuno en el hotel, Cita en el lobby a la hora acordada. Nos trasladamos al lugar de inicio a Casa Cuervo a sus instalaciones en perif\u00e9rico sur para abordar el autob\u00fas que nos llevar\u00e1 al paisaje agavero, visitaremos los campos los Buenos aires donde tendremos una exhibici\u00f3n de Jima, la forma en que cosechamos el agave, la materia prima para elaborar tequila, Continuamos a la Roje\u00f1a de Jos\u00e9 cuervo, la destiler\u00eda m\u00e1s antigua de Am\u00e9rica latina en el pueblo de tequila, conoceremos el proceso de elaboraci\u00f3n de tequila, tendremos degustaci\u00f3n de tequila directo del alambique a 55 grados alcohol, conoceremos los diferentes tipos de tequila, tendr\u00e1 unas horas libres en el pueblo de tequila para comer y degustar los mejores platillos de la gastronom\u00eda local (comida no incluida). En punto de las 4 de la tarde, (o a la hora indicada por su gu\u00eda) nos encontraremos en el foro Jos\u00e9 Cuervo para clausurar el d\u00eda entre bailes folcl\u00f3ricos y m\u00fasica de mariachi, y realizar un brindis con tequila premium de la casa. Finalmente es hora de abordar el Jos\u00e9 Cuervo Express, El tren que te llevar\u00e1 de regreso a Guadalajara, tendr\u00e1n bebidas a base de tequila incluidas. Llegada a la estaci\u00f3n de ferrocarriles, nuestro staff le estar\u00e1 esper\u00e1ndolo para regresarlo a su hotel. Alojamiento Guadalajara.<\/p>\n\n\n\n<p><strong>D\u00cdA 4 GUADALAJARA \u2013 CIUDAD DE M\u00c9XICO&nbsp;<\/strong><br>Desayuno en hotel, check out. Resto del d\u00eda libre para actividades personales, hasta la hora acordada cita en el lobby para el traslado al aeropuerto.<\/p>\n\n\n\n<p><small><strong>**El itinerario puede sufrir modificaciones por causa de fuerza mayor y ajena a Mega Travel como paros, huelgas, bloqueos, retrasos de l\u00edneas a\u00e9reas**<\/strong><\/small><strong>&nbsp;&nbsp;&nbsp;&nbsp;&#8230;FIN DE NUESTROS SERVICIOS<\/strong><\/p>\n\n\n\n<p>Precios y Hoteles:<\/p>\n\n\n\n<figure class=\"wp-block-table\"><table><tbody><tr><td><strong>HOTEL<\/strong><\/td><td><strong>CPL<\/strong><\/td><td><strong>TRIPLE<\/strong><\/td><td><strong>DOBLE<\/strong><\/td><td><strong>SGL<\/strong><\/td><td><strong>MNR<\/strong><\/td><\/tr><tr><td>Hotel Feniz o similar<\/td><td>$8,779<\/td><td>$9,569<\/td><td>$9,929<\/td><td>$11,769<\/td><td>$6,999<\/td><\/tr><tr><td>Hotel Fenix o similar<\/td><td>$9,249<\/td><td>$9,409<\/td><td>$9,719<\/td><td>$11,289<\/td><td>$6,999<\/td><\/tr><tr><td>Hotel Mendoza o similar<\/td><td>$9,339<\/td><td>$9,919<\/td><td>$10,249<\/td><td>$11,879<\/td><td>$6,999<\/td><\/tr><tr><td>Hotel Aranzazu Centro Hist\u00f3rico o similar<\/td><td>$9,479<\/td><td>$10,049<\/td><td>$10,519<\/td><td>$12,279<\/td><td>$6,999<\/td><\/tr><tr><td>Hotel Camino Real o similar<\/td><td>$10,979<\/td><td>$11,579<\/td><td>$12,069<\/td><td>$15,109<\/td><td>$6,999<\/td><\/tr><\/tbody><\/table><\/figure>\n\n\n\n<p><strong>IMPUESTOS Y SUPLEMENTOS<\/strong><\/p>\n\n\n\n<figure class=\"wp-block-table\"><table><tbody><tr><td>Impuestos a\u00e9reos<\/td><td>$ 1,599<\/td><\/tr><\/tbody><\/table><\/figure>\n\n\n\n<p>\u2013 Precios por persona en MXN.<br>\u2013 Los precios indicados en este itinerario son de car\u00e1cter informativo y deben ser confirmados para realizar su reservaci\u00f3n ya que est\u00e1n sujetos a modificaciones sin previo aviso.<br>\u2013 Los precios cambian constantemente, as\u00ed que te sugerimos la verificaci\u00f3n de estos, y no utilizar este documento como definitivo.<br>\u2013 Aplican supl. Temporada alta, puentes y d\u00edas festivos<\/p>\n\n\n\n<figure class=\"wp-block-table\"><table><tbody><tr><td colspan=\"4\"><strong>HOTELES PREVISTOS O SIMILARES<\/strong><\/td><\/tr><tr><td><strong>HOTEL<\/strong><\/td><td><strong>CIUDAD<\/strong><\/td><td><strong>TIPO<\/strong><\/td><td><strong>PA\u00cdS<\/strong><\/td><\/tr><tr><td>Hotel Gamma<\/td><td>Guadalajara<\/td><td>Turista<\/td><td>M\u00e9xico<\/td><\/tr><tr><td>Hotel Fenix o similar<\/td><td>Guadalajara<\/td><td>Turista<\/td><td>M\u00e9xico<\/td><\/tr><tr><td>Hotel Mendoza&nbsp;<\/td><td>Guadalajara<\/td><td>Turista<\/td><td>M\u00e9xico<\/td><\/tr><tr><td>Hotel Aranzazu Centro Hist\u00f3rico<\/td><td>Guadalajara<\/td><td>Turista<\/td><td>M\u00e9xico<\/td><\/tr><tr><td>Hotel Camino Real<\/td><td>Guadalajara<\/td><td>Superior<\/td><td>M\u00e9xico<\/td><\/tr><tr><td colspan=\"4\">\u00c9sta es la relaci\u00f3n de los hoteles utilizados m\u00e1s frecuentemente en este circuito. Reflejada tan s\u00f3lo a efectos indicativos, pudiendo ser el pasajero alojado en establecimientos similares o alternativos<\/td><\/tr><\/tbody><\/table><\/figure>\n\n\n\n<p>El paquete incluye<\/p>\n\n\n\n<ul class=\"wp-block-list\">\n<li>Vuelo en clase turista MEX-GDL-MEX.<\/li>\n\n\n\n<li>03 noches de Hospedaje en hotel elegido con desayunos.<\/li>\n\n\n\n<li>Traslado privado de llegada y salida Aeropuerto Guadalajara.<\/li>\n\n\n\n<li>Tour ribera de Chapala y Ajijic Pueblo m\u00e1gico (no incluye alimentos.)<\/li>\n\n\n\n<li>Traslado compartido hotel Edisa \u2013 Ferromex \u2013 Hotel (JCE)<\/li>\n\n\n\n<li>Tour en Jos\u00e9 cuervo express, categor\u00eda express y experiencia Atardecer Guadalajara, Tequila autob\u00fas y Tequila Guadalajara en Ferrocarril<\/li>\n\n\n\n<li>Viaje sencillo en autob\u00fas y viaje sencillo en Tren (GDL\u2013TQL\u2013GDL) experiencia atardecer.<\/li>\n\n\n\n<li>Bebidas a base de tequila a bordo del ferrocarril Jose cuervo express<\/li>\n\n\n\n<li>Cata profesional de tequila. o Visita destiler\u00eda la Roje\u00f1a de Jos\u00e9 cuervo<\/li>\n\n\n\n<li>Degustaci\u00f3n de tequila directo de la barrica y del alambique a 55% Alcohol<\/li>\n\n\n\n<li>Presentaci\u00f3n de mariachi y ballet folcl\u00f3rico en foro cuervo<\/li>\n\n\n\n<li>Brindis con tequila premium de la casa.<\/li>\n<\/ul>\n\n\n\n<p>El paquete no incluye:<\/p>\n\n\n\n<ul class=\"wp-block-list\">\n<li>IMPUESTOS DE $1,599MXN POR PERSONA<\/li>\n\n\n\n<li>GASTOS PERSONALES, PROPINAS<\/li>\n\n\n\n<li>NING\u00daN SERVICIO NO ESPECIFICADO<\/li>\n<\/ul>\n","protected":false},"excerpt":{"rendered":"<p>MT-40279 Jos\u00e9 Cuervo Express y Ribera de Chapala Ciudades Visitadas:\u00a0M\u00e9xico Duraci\u00f3n:&nbsp;4 D\u00edas y 3 Noches Desde:8779 MXN + 1599 Imp Fecha(s) de salida: Jueves a domingo Vigencia:&nbsp;Precios vigentes hasta el 15\/12\/2023 Aerolinea INCLUYE VUELO Leaflet Itinerario D\u00cdA 1 CIUDAD DE M\u00c9XICO \u2013 GUADALAJARACita en el Aeropuerto de la Ciudad de M\u00e9xico para tomar vuelo rumbo [&hellip;]<\/p>\n","protected":false},"author":1,"featured_media":0,"parent":0,"menu_order":0,"comment_status":"closed","ping_status":"closed","template":"","meta":{"om_disable_all_campaigns":false,"_monsterinsights_skip_tracking":false,"_monsterinsights_sitenote_active":false,"_monsterinsights_sitenote_note":"","_monsterinsights_sitenote_category":0,"site-sidebar-layout":"default","site-content-layout":"","ast-site-content-layout":"default","site-content-style":"default","site-sidebar-style":"default","ast-global-header-display":"","ast-banner-title-visibility":"","ast-main-header-display":"","ast-hfb-above-header-display":"","ast-hfb-below-header-display":"","ast-hfb-mobile-header-display":"","site-post-title":"disabled","ast-breadcrumbs-content":"","ast-featured-img":"","footer-sml-layout":"","ast-disable-related-posts":"","theme-transparent-header-meta":"","adv-header-id-meta":"","stick-header-meta":"","header-above-stick-meta":"","header-main-stick-meta":"","header-below-stick-meta":"","astra-migrate-meta-layouts":"set","ast-page-background-enabled":"default","ast-page-background-meta":{"desktop":{"background-color":"","background-image":"","background-repeat":"repeat","background-position":"center center","background-size":"auto","background-attachment":"scroll","background-type":"","background-media":"","overlay-type":"","overlay-color":"","overlay-opacity":"","overlay-gradient":""},"tablet":{"background-color":"","background-image":"","background-repeat":"repeat","background-position":"center center","background-size":"auto","background-attachment":"scroll","background-type":"","background-media":"","overlay-type":"","overlay-color":"","overlay-opacity":"","overlay-gradient":""},"mobile":{"background-color":"","background-image":"","background-repeat":"repeat","background-position":"center center","background-size":"auto","background-attachment":"scroll","background-type":"","background-media":"","overlay-type":"","overlay-color":"","overlay-opacity":"","overlay-gradient":""}},"ast-content-background-meta":{"desktop":{"background-color":"var(--ast-global-color-5)","background-image":"","background-repeat":"repeat","background-position":"center center","background-size":"auto","background-attachment":"scroll","background-type":"","background-media":"","overlay-type":"","overlay-color":"","overlay-opacity":"","overlay-gradient":""},"tablet":{"background-color":"var(--ast-global-color-5)","background-image":"","background-repeat":"repeat","background-position":"center center","background-size":"auto","background-attachment":"scroll","background-type":"","background-media":"","overlay-type":"","overlay-color":"","overlay-opacity":"","overlay-gradient":""},"mobile":{"background-color":"var(--ast-global-color-5)","background-image":"","background-repeat":"repeat","background-position":"center center","background-size":"auto","background-attachment":"scroll","background-type":"","background-media":"","overlay-type":"","overlay-color":"","overlay-opacity":"","overlay-gradient":""}},"footnotes":""},"class_list":["post-732","page","type-page","status-publish","hentry"],"aioseo_notices":[],"_links":{"self":[{"href":"https:\/\/camaratravel.com\/index.php?rest_route=\/wp\/v2\/pages\/732","targetHints":{"allow":["GET"]}}],"collection":[{"href":"https:\/\/camaratravel.com\/index.php?rest_route=\/wp\/v2\/pages"}],"about":[{"href":"https:\/\/camaratravel.com\/index.php?rest_route=\/wp\/v2\/types\/page"}],"author":[{"embeddable":true,"href":"https:\/\/camaratravel.com\/index.php?rest_route=\/wp\/v2\/users\/1"}],"replies":[{"embeddable":true,"href":"https:\/\/camaratravel.com\/index.php?rest_route=%2Fwp%2Fv2%2Fcomments&post=732"}],"version-history":[{"count":3,"href":"https:\/\/camaratravel.com\/index.php?rest_route=\/wp\/v2\/pages\/732\/revisions"}],"predecessor-version":[{"id":1601,"href":"https:\/\/camaratravel.com\/index.php?rest_route=\/wp\/v2\/pages\/732\/revisions\/1601"}],"wp:attachment":[{"href":"https:\/\/camaratravel.com\/index.php?rest_route=%2Fwp%2Fv2%2Fmedia&parent=732"}],"curies":[{"name":"wp","href":"https:\/\/api.w.org\/{rel}","templated":true}]}}