{"id":728,"date":"2023-10-08T18:23:39","date_gmt":"2023-10-08T18:23:39","guid":{"rendered":"https:\/\/camaratravel.com\/?page_id=728"},"modified":"2023-11-02T18:48:06","modified_gmt":"2023-11-02T18:48:06","slug":"mt-40255-ixtapa","status":"publish","type":"page","link":"https:\/\/camaratravel.com\/?page_id=728","title":{"rendered":"MT-40255 Ixtapa"},"content":{"rendered":"\n<div class=\"wp-block-cover is-light\" style=\"margin-top:0;margin-bottom:0;padding-top:var(--wp--preset--spacing--80);padding-bottom:var(--wp--preset--spacing--80);min-height:50px;aspect-ratio:unset;\"><span aria-hidden=\"true\" class=\"wp-block-cover__background has-luminous-vivid-orange-background-color has-background-dim-100 has-background-dim\"><\/span><div class=\"wp-block-cover__inner-container is-layout-flow wp-container-core-cover-is-layout-5f0deefe wp-block-cover-is-layout-flow\">\n<p class=\"has-text-align-center has-large-font-size\"><\/p>\n<\/div><\/div>\n\n\n\n<figure class=\"wp-block-image aligncenter\"><img decoding=\"async\" src=\"https:\/\/one.cdnmega.com\/images\/viajes\/covers\/ixtapa-1024x575_635b01291fe88.webp\" alt=\"\"\/><\/figure>\n\n\n\n<p style=\"padding-right:var(--wp--preset--spacing--60);padding-left:var(--wp--preset--spacing--60)\">MT-40255 Ixtapa<\/p>\n\n\n\n<p style=\"padding-right:var(--wp--preset--spacing--60);padding-left:var(--wp--preset--spacing--60)\"><strong>Ciudades Visitadas:<\/strong>&nbsp;M\u00e9xico<\/p>\n\n\n\n<p style=\"padding-right:var(--wp--preset--spacing--60);padding-left:var(--wp--preset--spacing--60)\"><strong>Duraci\u00f3n:<\/strong>&nbsp;4 D\u00edas y 3 Noches<\/p>\n\n\n\n<p style=\"padding-right:var(--wp--preset--spacing--60);padding-left:var(--wp--preset--spacing--60)\"><strong>Desde:<\/strong>3869 MXN + 1289 Imp<\/p>\n\n\n\n<p style=\"padding-right:var(--wp--preset--spacing--60);padding-left:var(--wp--preset--spacing--60)\"><strong>Fecha(s) de salida:<\/strong><\/p>\n\n\n\n<p style=\"padding-right:var(--wp--preset--spacing--60);padding-left:var(--wp--preset--spacing--60)\">Diarias<\/p>\n\n\n\n<p style=\"padding-right:var(--wp--preset--spacing--60);padding-left:var(--wp--preset--spacing--60)\"><strong>Vigencia:<\/strong>&nbsp;Precios vigentes hasta el 31\/12\/2023<\/p>\n\n\n\n<p style=\"padding-right:var(--wp--preset--spacing--60);padding-left:var(--wp--preset--spacing--60)\"><strong>Aerolinea<\/strong><\/p>\n\n\n\n<h5 class=\"wp-block-heading\" style=\"padding-right:var(--wp--preset--spacing--60);padding-left:var(--wp--preset--spacing--60)\">INCLUYE VUELO<\/h5>\n\n\n\n<figure class=\"wp-block-image aligncenter\"><img decoding=\"async\" src=\"https:\/\/one.cdnmega.com\/images\/aerolineas\/iata\/VB.png\" alt=\"Viva Aerobus\"\/><\/figure>\n\n\n\n<figure class=\"wp-block-image aligncenter\"><img decoding=\"async\" src=\"https:\/\/one.cdnmega.com\/images\/aerolineas\/iata\/Y4.png\" alt=\"Volaris\"\/><\/figure>\n\n\n\n<p style=\"padding-right:var(--wp--preset--spacing--60);padding-left:var(--wp--preset--spacing--60)\">Itinerario<\/p>\n\n\n\n<p style=\"padding-right:var(--wp--preset--spacing--60);padding-left:var(--wp--preset--spacing--60)\"><strong>6 Meses SIN INTERESES hasta 31 de octubre del 2023<\/strong><br><strong>Solo Santander \/ Scotiabank&nbsp;<\/strong><\/p>\n\n\n\n<p style=\"padding-right:var(--wp--preset--spacing--60);padding-left:var(--wp--preset--spacing--60)\"><strong>D\u00cdA 1 M\u00c9XICO \u2013 IXTAPA<\/strong><br>Presentarse en el Aeropuerto de la Ciudad de M\u00e9xico para tomar el vuelo a Ixtapa. Recepci\u00f3n y traslado a su hotel. Alojamiento.<\/p>\n\n\n\n<p style=\"padding-right:var(--wp--preset--spacing--60);padding-left:var(--wp--preset--spacing--60)\"><strong>D\u00cdA 2&nbsp;&#8211; 3 IXTAPA<\/strong><br>R\u00e9gimen de alimentos seg\u00fan elecci\u00f3n.&nbsp;<br>D\u00edas libres para actividades personales. Disfrute de su estancia en las paradis\u00edacas playas de Ixtapa Zihuatanejo. Consulte tours opcionales.&nbsp;<br>Alojamiento.&nbsp;<\/p>\n\n\n\n<p style=\"padding-right:var(--wp--preset--spacing--60);padding-left:var(--wp--preset--spacing--60)\"><strong>D\u00cdA 4 IXTAPA \u2013 M\u00c9XICO &nbsp;<\/strong><br>R\u00e9gimen de alimentos seg\u00fan elecci\u00f3n.&nbsp;<br>A la hora indicada traslado al aeropuerto para tomar sus vuelos de regreso.<strong>&nbsp;&nbsp;&nbsp;&nbsp;&#8230;FIN DE NUESTROS SERVICIOS<\/strong><\/p>\n\n\n\n<p style=\"padding-right:var(--wp--preset--spacing--60);padding-left:var(--wp--preset--spacing--60)\">Precios y Hoteles:<\/p>\n\n\n\n<p style=\"padding-right:var(--wp--preset--spacing--60);padding-left:var(--wp--preset--spacing--60)\"><strong>TARIFAS PLAN EUROPEO<\/strong><\/p>\n\n\n\n<figure class=\"wp-block-table\" style=\"padding-right:var(--wp--preset--spacing--60);padding-left:var(--wp--preset--spacing--60)\"><table><tbody><tr><td><strong>HOTEL<\/strong><\/td><td><strong>CPL<\/strong><\/td><td><strong>TRIPLE<\/strong><\/td><td><strong>DOBLE<\/strong><\/td><td><strong>SGL<\/strong><\/td><td><strong>MNR<\/strong><\/td><\/tr><tr><td>OYO<\/td><td>$3,869<\/td><td>$3,999<\/td><td>$4,529<\/td><td>$6,909<\/td><td>$3,369<\/td><\/tr><tr><td>Casa Sund and Moon<\/td><td>$6,229<\/td><td>$6,479<\/td><td>$7,729<\/td><td>$13,329<\/td><td>$3,939<\/td><\/tr><tr><td>Emporio<\/td><td>$7,589<\/td><td>$10,509<\/td><td>$12,729<\/td><td>$23,309<\/td><td>$6,829<\/td><\/tr><\/tbody><\/table><\/figure>\n\n\n\n<p style=\"padding-right:var(--wp--preset--spacing--60);padding-left:var(--wp--preset--spacing--60)\"><strong>TARIFAS CON DESAYUNO<\/strong><\/p>\n\n\n\n<figure class=\"wp-block-table\" style=\"padding-right:var(--wp--preset--spacing--60);padding-left:var(--wp--preset--spacing--60)\"><table><tbody><tr><td><strong>HOTEL<\/strong><\/td><td><strong>CPL<\/strong><\/td><td><strong>TRIPLE<\/strong><\/td><td><strong>DOBLE<\/strong><\/td><td><strong>SGL<\/strong><\/td><td><strong>MNR<\/strong><\/td><\/tr><tr><td>Krystal<\/td><td>$7,559<\/td><td>$8,179<\/td><td>$9,749<\/td><td>$16,549<\/td><td>$7,169<\/td><\/tr><tr><td>Las Brisas<\/td><td>N\/A<\/td><td>$10649<\/td><td>$12,339<\/td><td>$19,139<\/td><td>$4,369<\/td><\/tr><tr><td>Villa Mexicana<\/td><td>$8,059<\/td><td>$8,779<\/td><td>$10,959<\/td><td>$17,509<\/td><td>$4,859<\/td><\/tr><tr><td>Posada Real<\/td><td>$10,629<\/td><td>$10,679<\/td><td>$11,519<\/td><td>$19,199<\/td><td>$8,919<\/td><\/tr><\/tbody><\/table><\/figure>\n\n\n\n<p style=\"padding-right:var(--wp--preset--spacing--60);padding-left:var(--wp--preset--spacing--60)\"><strong>TARIFAS TODO INCLUIDO<\/strong><\/p>\n\n\n\n<figure class=\"wp-block-table\" style=\"padding-right:var(--wp--preset--spacing--60);padding-left:var(--wp--preset--spacing--60)\"><table><tbody><tr><td><strong>HOTEL<\/strong><\/td><td><strong>CPL<\/strong><\/td><td><strong>TRIPLE<\/strong><\/td><td><strong>DOBLE<\/strong><\/td><td><strong>SGL<\/strong><\/td><td><strong>MNR<\/strong><\/td><\/tr><tr><td>Fontan<\/td><td>N\/A<\/td><td>$8,319<\/td><td>$8,619<\/td><td>$13,489<\/td><td>$7,009<\/td><\/tr><tr><td>Emporio<\/td><td>$7,589<\/td><td>$10,509<\/td><td>$12,729<\/td><td>$23,309<\/td><td>$6,829<\/td><\/tr><tr><td>Las Brisas<\/td><td>N\/A<\/td><td>$10,649<\/td><td>$12,339<\/td><td>$19,139<\/td><td>$4,369<\/td><\/tr><tr><td>Posada Real<\/td><td>$11,929<\/td><td>$12,649<\/td><td>$14,809<\/td><td>$19,659<\/td><td>$6,879<\/td><\/tr><tr><td>Krystal<\/td><td>$12,959<\/td><td>$13,399<\/td><td>$14,189<\/td><td>$24,269<\/td><td>$5,499<\/td><\/tr><\/tbody><\/table><\/figure>\n\n\n\n<p style=\"padding-right:var(--wp--preset--spacing--60);padding-left:var(--wp--preset--spacing--60)\"><strong>IMPUESTOS Y SUPLEMENTOS<\/strong><\/p>\n\n\n\n<figure class=\"wp-block-table\" style=\"padding-right:var(--wp--preset--spacing--60);padding-left:var(--wp--preset--spacing--60)\"><table><tbody><tr><td>Impuestos A\u00e9reos<\/td><td>$ 1,289<\/td><\/tr><tr><td>Suplemento por temporada alta<\/td><td>$ 699<\/td><\/tr><\/tbody><\/table><\/figure>\n\n\n\n<p style=\"padding-right:var(--wp--preset--spacing--60);padding-left:var(--wp--preset--spacing--60)\">\u2013 Precios por persona en moneda nacional m\u00e1s impuestos.<br>\u2013 Los precios indicados en este itinerario son de car\u00e1cter informativo y deben ser confirmados para realizar su reservaci\u00f3n ya que est\u00e1n sujetos a modificaciones sin previo aviso.<br>\u2013 Consulte con su ejecutivo suplemento de temporada alta: semana santa, verano, navidad, fin de a\u00f1o y\/o puentes&nbsp;<br>\u2013 Tarifa de menor considerada de 2 a 11 a\u00f1os.<br>\u2013 Horarios de vuelo sujetos a cambio establecidos por aerol\u00ednea..<\/p>\n\n\n\n<figure class=\"wp-block-table\" style=\"padding-right:var(--wp--preset--spacing--60);padding-left:var(--wp--preset--spacing--60)\"><table><tbody><tr><td colspan=\"4\"><strong>HOTELES PREVISTOS O SIMILARES<\/strong><\/td><\/tr><tr><td><strong>HOTEL<\/strong><\/td><td><strong>CIUDAD<\/strong><\/td><td><strong>TIPO<\/strong><\/td><td><strong>PA\u00cdS<\/strong><\/td><\/tr><tr><td>OYO<\/td><td>Ixtapa<\/td><td>Turista<\/td><td>M\u00e9xico<\/td><\/tr><tr><td>Casa Sund and Moon<\/td><td>Ixtapa<\/td><td>Turista<\/td><td>M\u00e9xico<\/td><\/tr><tr><td>Emporio<\/td><td>Ixtapa<\/td><td>Turista<\/td><td>M\u00e9xico<\/td><\/tr><tr><td>Krystal<\/td><td>Ixtapa<\/td><td>Tursta<\/td><td>M\u00e9xico<\/td><\/tr><tr><td>Las Brisas<\/td><td>Ixtapa<\/td><td>Turista<\/td><td>M\u00e9xico<\/td><\/tr><tr><td>Villa Mexicana<\/td><td>Ixtapa<\/td><td>Turista<\/td><td>M\u00e9xico<\/td><\/tr><tr><td>Posada Real<\/td><td>Ixtapa<\/td><td>Turista<\/td><td>M\u00e9xico<\/td><\/tr><tr><td>Fontan<\/td><td>Ixtapa<\/td><td>Turista<\/td><td>M\u00e9xico<\/td><\/tr><tr><td colspan=\"4\">\u00c9sta es la relaci\u00f3n de los hoteles utilizados m\u00e1s frecuentemente en este circuito. Reflejada tan s\u00f3lo a efectos indicativos, pudiendo ser el pasajero alojado en establecimientos similares o alternativos<\/td><\/tr><\/tbody><\/table><\/figure>\n\n\n\n<p style=\"padding-right:var(--wp--preset--spacing--60);padding-left:var(--wp--preset--spacing--60)\">El paquete incluye<\/p>\n\n\n\n<ul class=\"wp-block-list\" style=\"padding-right:var(--wp--preset--spacing--60);padding-left:var(--wp--preset--spacing--60)\">\n<li>Vuelo redondo MEX \u2013 ZIH \u2013 MEX<\/li>\n\n\n\n<li>Traslados aeropuerto-hotel-aeropuerto,<\/li>\n\n\n\n<li>03 noches de alojamiento<\/li>\n\n\n\n<li>R\u00e9gimen de alimentos seg\u00fan elecci\u00f3n<\/li>\n\n\n\n<li>1 Maleta documentada por pasajero 15 kg<\/li>\n<\/ul>\n\n\n\n<p style=\"padding-right:var(--wp--preset--spacing--60);padding-left:var(--wp--preset--spacing--60)\">El paquete no incluye:<\/p>\n\n\n\n<ul class=\"wp-block-list\" style=\"padding-right:var(--wp--preset--spacing--60);padding-left:var(--wp--preset--spacing--60)\">\n<li>Impuestos $1,289 MXN Por Persona<\/li>\n\n\n\n<li>No Incluye Maletas Para Otras Fechas Diferentes Al Bloqueo Y Otras Aerol\u00edneas.<\/li>\n\n\n\n<li>Gastos Personales (Seguros M\u00e9dicos, Alimentos Y Bebidas, Tours Opcionales, Servicios No Especificados)<\/li>\n<\/ul>\n","protected":false},"excerpt":{"rendered":"<p>MT-40255 Ixtapa Ciudades Visitadas:&nbsp;M\u00e9xico Duraci\u00f3n:&nbsp;4 D\u00edas y 3 Noches Desde:3869 MXN + 1289 Imp Fecha(s) de salida: Diarias Vigencia:&nbsp;Precios vigentes hasta el 31\/12\/2023 Aerolinea INCLUYE VUELO Itinerario 6 Meses SIN INTERESES hasta 31 de octubre del 2023Solo Santander \/ Scotiabank&nbsp; D\u00cdA 1 M\u00c9XICO \u2013 IXTAPAPresentarse en el Aeropuerto de la Ciudad de M\u00e9xico para tomar [&hellip;]<\/p>\n","protected":false},"author":1,"featured_media":0,"parent":0,"menu_order":0,"comment_status":"closed","ping_status":"closed","template":"","meta":{"om_disable_all_campaigns":false,"_monsterinsights_skip_tracking":false,"_monsterinsights_sitenote_active":false,"_monsterinsights_sitenote_note":"","_monsterinsights_sitenote_category":0,"site-sidebar-layout":"default","site-content-layout":"","ast-site-content-layout":"default","site-content-style":"default","site-sidebar-style":"default","ast-global-header-display":"","ast-banner-title-visibility":"","ast-main-header-display":"","ast-hfb-above-header-display":"","ast-hfb-below-header-display":"","ast-hfb-mobile-header-display":"","site-post-title":"disabled","ast-breadcrumbs-content":"","ast-featured-img":"","footer-sml-layout":"","ast-disable-related-posts":"","theme-transparent-header-meta":"","adv-header-id-meta":"","stick-header-meta":"","header-above-stick-meta":"","header-main-stick-meta":"","header-below-stick-meta":"","astra-migrate-meta-layouts":"set","ast-page-background-enabled":"default","ast-page-background-meta":{"desktop":{"background-color":"","background-image":"","background-repeat":"repeat","background-position":"center center","background-size":"auto","background-attachment":"scroll","background-type":"","background-media":"","overlay-type":"","overlay-color":"","overlay-opacity":"","overlay-gradient":""},"tablet":{"background-color":"","background-image":"","background-repeat":"repeat","background-position":"center center","background-size":"auto","background-attachment":"scroll","background-type":"","background-media":"","overlay-type":"","overlay-color":"","overlay-opacity":"","overlay-gradient":""},"mobile":{"background-color":"","background-image":"","background-repeat":"repeat","background-position":"center center","background-size":"auto","background-attachment":"scroll","background-type":"","background-media":"","overlay-type":"","overlay-color":"","overlay-opacity":"","overlay-gradient":""}},"ast-content-background-meta":{"desktop":{"background-color":"var(--ast-global-color-5)","background-image":"","background-repeat":"repeat","background-position":"center center","background-size":"auto","background-attachment":"scroll","background-type":"","background-media":"","overlay-type":"","overlay-color":"","overlay-opacity":"","overlay-gradient":""},"tablet":{"background-color":"var(--ast-global-color-5)","background-image":"","background-repeat":"repeat","background-position":"center center","background-size":"auto","background-attachment":"scroll","background-type":"","background-media":"","overlay-type":"","overlay-color":"","overlay-opacity":"","overlay-gradient":""},"mobile":{"background-color":"var(--ast-global-color-5)","background-image":"","background-repeat":"repeat","background-position":"center center","background-size":"auto","background-attachment":"scroll","background-type":"","background-media":"","overlay-type":"","overlay-color":"","overlay-opacity":"","overlay-gradient":""}},"footnotes":""},"class_list":["post-728","page","type-page","status-publish","hentry"],"aioseo_notices":[],"_links":{"self":[{"href":"https:\/\/camaratravel.com\/index.php?rest_route=\/wp\/v2\/pages\/728","targetHints":{"allow":["GET"]}}],"collection":[{"href":"https:\/\/camaratravel.com\/index.php?rest_route=\/wp\/v2\/pages"}],"about":[{"href":"https:\/\/camaratravel.com\/index.php?rest_route=\/wp\/v2\/types\/page"}],"author":[{"embeddable":true,"href":"https:\/\/camaratravel.com\/index.php?rest_route=\/wp\/v2\/users\/1"}],"replies":[{"embeddable":true,"href":"https:\/\/camaratravel.com\/index.php?rest_route=%2Fwp%2Fv2%2Fcomments&post=728"}],"version-history":[{"count":8,"href":"https:\/\/camaratravel.com\/index.php?rest_route=\/wp\/v2\/pages\/728\/revisions"}],"predecessor-version":[{"id":1581,"href":"https:\/\/camaratravel.com\/index.php?rest_route=\/wp\/v2\/pages\/728\/revisions\/1581"}],"wp:attachment":[{"href":"https:\/\/camaratravel.com\/index.php?rest_route=%2Fwp%2Fv2%2Fmedia&parent=728"}],"curies":[{"name":"wp","href":"https:\/\/api.w.org\/{rel}","templated":true}]}}