{"id":718,"date":"2023-10-08T18:18:02","date_gmt":"2023-10-08T18:18:02","guid":{"rendered":"https:\/\/camaratravel.com\/?page_id=718"},"modified":"2023-11-02T19:00:04","modified_gmt":"2023-11-02T19:00:04","slug":"mt-40171-puebla-cultural","status":"publish","type":"page","link":"https:\/\/camaratravel.com\/?page_id=718","title":{"rendered":"MT-40171 Puebla Cultural"},"content":{"rendered":"\n<div class=\"wp-block-cover is-light\" style=\"padding-top:var(--wp--preset--spacing--80);padding-bottom:var(--wp--preset--spacing--80);min-height:50px;aspect-ratio:unset;\"><span aria-hidden=\"true\" class=\"wp-block-cover__background has-luminous-vivid-orange-background-color has-background-dim-100 has-background-dim\"><\/span><div class=\"wp-block-cover__inner-container is-layout-flow wp-block-cover-is-layout-flow\">\n<p class=\"has-text-align-center has-large-font-size\"><\/p>\n<\/div><\/div>\n\n\n\n<figure class=\"wp-block-image aligncenter\"><img decoding=\"async\" src=\"https:\/\/one.cdnmega.com\/images\/viajes\/covers\/piramide-de-cholula-puebla-mexico.webp\" alt=\"\"\/><\/figure>\n\n\n\n<p style=\"padding-right:var(--wp--preset--spacing--60);padding-left:var(--wp--preset--spacing--60)\">MT-40171 Puebla Cultural<\/p>\n\n\n\n<p style=\"padding-right:var(--wp--preset--spacing--60);padding-left:var(--wp--preset--spacing--60)\"><strong>Ciudades Visitadas:<\/strong>&nbsp;M\u00e9xico<\/p>\n\n\n\n<p style=\"padding-right:var(--wp--preset--spacing--60);padding-left:var(--wp--preset--spacing--60)\"><strong>Duraci\u00f3n:<\/strong>&nbsp;4 D\u00edas y 3 Noches<\/p>\n\n\n\n<p style=\"padding-right:var(--wp--preset--spacing--60);padding-left:var(--wp--preset--spacing--60)\"><strong>Desde:<\/strong>4239 MXN + 0 Imp<\/p>\n\n\n\n<p style=\"padding-right:var(--wp--preset--spacing--60);padding-left:var(--wp--preset--spacing--60)\"><strong>Fecha(s) de salida:<\/strong><\/p>\n\n\n\n<p style=\"padding-right:var(--wp--preset--spacing--60);padding-left:var(--wp--preset--spacing--60)\"><br>Diarias<\/p>\n\n\n\n<p style=\"padding-right:var(--wp--preset--spacing--60);padding-left:var(--wp--preset--spacing--60)\"><strong>Vigencia:<\/strong>&nbsp;Precios vigentes hasta el 15\/12\/2023<\/p>\n\n\n\n<p style=\"padding-right:var(--wp--preset--spacing--60);padding-left:var(--wp--preset--spacing--60)\"><strong>Aerolinea<\/strong><\/p>\n\n\n\n<h5 class=\"wp-block-heading\" style=\"padding-right:var(--wp--preset--spacing--60);padding-left:var(--wp--preset--spacing--60)\">SOLO TERRESTRE<\/h5>\n\n\n\n<p style=\"padding-right:var(--wp--preset--spacing--60);padding-left:var(--wp--preset--spacing--60)\">Itinerario<\/p>\n\n\n\n<p style=\"padding-right:var(--wp--preset--spacing--60);padding-left:var(--wp--preset--spacing--60)\"><strong>D\u00cdA 1 PUEBLA<\/strong><br>Llegada a Puebla, punto de contacto central de Autobuses Puebla CAPU en la rampa principal de llegada. Nuestros representantes se encontrar\u00e1n esper\u00e1ndolo 5 minutos antes de la llegada con una paleta con su nombre. Traslado a su hotel. D\u00eda libre para realizar sus actividades personales. &nbsp;Alojamiento.<\/p>\n\n\n\n<p style=\"padding-right:var(--wp--preset--spacing--60);padding-left:var(--wp--preset--spacing--60)\"><strong>D\u00cdA 2 CITY TOUR PANOR\u00c1MICO \u2013 FUERTES DE LORETO Y GUADALUPE \u2013 T\u00daNELES DE XANENETLA \u2013 TELEF\u00c9RICO &nbsp;<\/strong><br>Comenzaremos nuestra visita por la bella ciudad de Puebla realizando &nbsp;un paseo &nbsp;panor\u00e1mico para conocer &nbsp;los principales puntos del centro hist\u00f3rico &nbsp;y los fuertes de Loreto y Guadalupe, donde se desarroll\u00f3 la batalla hist\u00f3rica del 5 de Mayo, tendremos la oportunidad de subirnos al telef\u00e9rico, bellos paisajes de fotograf\u00eda que podremos captara trav\u00e9s de nuestra mirada, mercados, plazuelas y lugares curiosos ubicaremos a trav\u00e9s de este singular recorrido, la hora de llegada deber\u00e1 ser antes de las &nbsp;12:00 hrs. Adicionamos un recorrido especial &nbsp;por los t\u00faneles de &nbsp;Xanenetla, Historia, leyenda y mito reunidas en un mismo espacio a trav\u00e9s de un circuito de 110 metros &nbsp;de longitud y 6 metros bajo la ciudad.<\/p>\n\n\n\n<p style=\"padding-right:var(--wp--preset--spacing--60);padding-left:var(--wp--preset--spacing--60)\"><strong>D\u00cdA 3 CHOLULA \u2013 MUSEO DE SITIO \u2013 T\u00daNELES &nbsp;INTERIORES DE LA PIR\u00c1MIDE \u2013 SANTUARIO DE LOS REMEDIOS \u2013 TONANZINTLA \u2013 ACATEPEC \u2013 ESTRELLA DE PUEBLA&nbsp;<\/strong><br>En este &nbsp;recorrido tendremos &nbsp;la oportunidad de conocer una de las ciudades prehisp\u00e1nicas m\u00e1s antiguas del continente, lo que pareciera una monta\u00f1a en realidad es la pir\u00e1mide m\u00e1s grande del mundo en cuanto a su base, comenzaremos con el museo de sitio donde podremos obtener una perspectiva general de &nbsp; la cultura cholulteca, continuaremos &nbsp;el recorrido accediendo a los t\u00faneles interiores de la gran pir\u00e1mide, al salir de los t\u00faneles recorreremos la zona arqueol\u00f3gica de la mano de un gu\u00eda certificado, para finalizar la tarde &nbsp;visitaremos 2 iglesias &nbsp;impresionantes, San Francisco Acatepec y Santa Mar\u00eda Tonanzintla dignas representantes del Barroco ind\u00edgena, al finalizar la tarde recorreremos la nueva zona de la ciudad, Angel\u00f3polis y su imponente &nbsp;Estrella de Puebla &nbsp;desde donde observaremos una panor\u00e1mica de la ciudad verdaderamente espectacular.<\/p>\n\n\n\n<p style=\"padding-right:var(--wp--preset--spacing--60);padding-left:var(--wp--preset--spacing--60)\"><strong>D\u00cdA 4 PUEBLA D\u00cdA LIBRE PARA ACTIVIDADES PERSONALES<\/strong><br>Desayuno en el hotel. Tarde libre&nbsp;<strong>&nbsp;&nbsp;&nbsp;&nbsp;&#8230;FIN DE NUESTROS SERVICIOS<\/strong><\/p>\n\n\n\n<p style=\"padding-right:var(--wp--preset--spacing--60);padding-left:var(--wp--preset--spacing--60)\">Precios y Hoteles:<\/p>\n\n\n\n<figure class=\"wp-block-table\" style=\"padding-right:var(--wp--preset--spacing--60);padding-left:var(--wp--preset--spacing--60)\"><table><tbody><tr><td><strong>HOTEL<\/strong><\/td><td><strong>CPL<\/strong><\/td><td><strong>TRIPLE<\/strong><\/td><td><strong>DOBLE<\/strong><\/td><td><strong>MNR<\/strong><\/td><\/tr><tr><td>Hotel San Pedro<\/td><td>$ 4,239<\/td><td>$ 4,539<\/td><td>$ 4,779<\/td><td>$ 4,159<\/td><\/tr><\/tbody><\/table><\/figure>\n\n\n\n<p style=\"padding-right:var(--wp--preset--spacing--60);padding-left:var(--wp--preset--spacing--60)\">\u2013 Precios indicados en MXN<br>\u2013 Los precios cambian constantemente, as\u00ed que te sugerimos la verificaci\u00f3n de estos, y no utilizar este documento como definitivo.<br>\u2013 Consultar suplementos de temporada alta<\/p>\n\n\n\n<figure class=\"wp-block-table\" style=\"padding-right:var(--wp--preset--spacing--60);padding-left:var(--wp--preset--spacing--60)\"><table><tbody><tr><td colspan=\"4\"><strong>HOTELES PREVISTOS O SIMILARES<\/strong><\/td><\/tr><tr><td><strong>HOTEL<\/strong><\/td><td><strong>CIUDAD<\/strong><\/td><td><strong>TIPO<\/strong><\/td><td><strong>PA\u00cdS<\/strong><\/td><\/tr><tr><td>Hotel San Pedro<\/td><td>Puebla<\/td><td>4 Estrellas<\/td><td>M\u00e9xico<\/td><\/tr><tr><td colspan=\"4\">\u00c9sta es la relaci\u00f3n de los hoteles prevista en este circuito, sujeta a cambios por razones operativas y de per\u00edodos de eventos o temporadas altas, en las que se podr\u00eda alojar en localidades cercanas<\/td><\/tr><\/tbody><\/table><\/figure>\n\n\n\n<p style=\"padding-right:var(--wp--preset--spacing--60);padding-left:var(--wp--preset--spacing--60)\">El paquete incluye<\/p>\n\n\n\n<ul class=\"wp-block-list\" style=\"padding-right:var(--wp--preset--spacing--60);padding-left:var(--wp--preset--spacing--60)\">\n<li>TOUR PANOR\u00c1MICO CENTRO HIST\u00d3RICO Y LAS FUENTES DE LORETO Y GUADALUPE, T\u00daNELES Y NUEVO TELEF\u00c9RICO EN PUEBLA.<\/li>\n\n\n\n<li>TOUR CHOLULA MILENARIA CON DURACI\u00d3N DE 5 A 6 HORAS CON TRANSPORTE, SEGURO DE VIAJERO, GU\u00cdA CERTIFICADO, ENTRADA A LA ZONA ARQUEOL\u00d3GICA Y ENTRADA A LA ESTRELLA DE PUEBLA.<\/li>\n\n\n\n<li>03 NOCHES DE ALOJAMIENTO EN HOTEL SELECCIONADO<\/li>\n<\/ul>\n\n\n\n<p style=\"padding-right:var(--wp--preset--spacing--60);padding-left:var(--wp--preset--spacing--60)\">El paquete no incluye:<\/p>\n\n\n\n<ul class=\"wp-block-list\" style=\"padding-right:var(--wp--preset--spacing--60);padding-left:var(--wp--preset--spacing--60)\">\n<li>BOLETO DE AUTOB\u00daS\/ AVI\u00d3N<\/li>\n\n\n\n<li>GASTOS PERSONALES<\/li>\n\n\n\n<li>PROPINAS<\/li>\n\n\n\n<li>NING\u00daN SERVICIO NO ESPEC\u00cdFICADO<\/li>\n<\/ul>\n","protected":false},"excerpt":{"rendered":"<p>MT-40171 Puebla Cultural Ciudades Visitadas:&nbsp;M\u00e9xico Duraci\u00f3n:&nbsp;4 D\u00edas y 3 Noches Desde:4239 MXN + 0 Imp Fecha(s) de salida: Diarias Vigencia:&nbsp;Precios vigentes hasta el 15\/12\/2023 Aerolinea SOLO TERRESTRE Itinerario D\u00cdA 1 PUEBLALlegada a Puebla, punto de contacto central de Autobuses Puebla CAPU en la rampa principal de llegada. Nuestros representantes se encontrar\u00e1n esper\u00e1ndolo 5 minutos antes [&hellip;]<\/p>\n","protected":false},"author":1,"featured_media":0,"parent":0,"menu_order":0,"comment_status":"closed","ping_status":"closed","template":"","meta":{"om_disable_all_campaigns":false,"_monsterinsights_skip_tracking":false,"_monsterinsights_sitenote_active":false,"_monsterinsights_sitenote_note":"","_monsterinsights_sitenote_category":0,"site-sidebar-layout":"default","site-content-layout":"","ast-site-content-layout":"default","site-content-style":"default","site-sidebar-style":"default","ast-global-header-display":"","ast-banner-title-visibility":"","ast-main-header-display":"","ast-hfb-above-header-display":"","ast-hfb-below-header-display":"","ast-hfb-mobile-header-display":"","site-post-title":"disabled","ast-breadcrumbs-content":"","ast-featured-img":"","footer-sml-layout":"","ast-disable-related-posts":"","theme-transparent-header-meta":"","adv-header-id-meta":"","stick-header-meta":"","header-above-stick-meta":"","header-main-stick-meta":"","header-below-stick-meta":"","astra-migrate-meta-layouts":"set","ast-page-background-enabled":"default","ast-page-background-meta":{"desktop":{"background-color":"","background-image":"","background-repeat":"repeat","background-position":"center center","background-size":"auto","background-attachment":"scroll","background-type":"","background-media":"","overlay-type":"","overlay-color":"","overlay-opacity":"","overlay-gradient":""},"tablet":{"background-color":"","background-image":"","background-repeat":"repeat","background-position":"center center","background-size":"auto","background-attachment":"scroll","background-type":"","background-media":"","overlay-type":"","overlay-color":"","overlay-opacity":"","overlay-gradient":""},"mobile":{"background-color":"","background-image":"","background-repeat":"repeat","background-position":"center center","background-size":"auto","background-attachment":"scroll","background-type":"","background-media":"","overlay-type":"","overlay-color":"","overlay-opacity":"","overlay-gradient":""}},"ast-content-background-meta":{"desktop":{"background-color":"var(--ast-global-color-5)","background-image":"","background-repeat":"repeat","background-position":"center center","background-size":"auto","background-attachment":"scroll","background-type":"","background-media":"","overlay-type":"","overlay-color":"","overlay-opacity":"","overlay-gradient":""},"tablet":{"background-color":"var(--ast-global-color-5)","background-image":"","background-repeat":"repeat","background-position":"center center","background-size":"auto","background-attachment":"scroll","background-type":"","background-media":"","overlay-type":"","overlay-color":"","overlay-opacity":"","overlay-gradient":""},"mobile":{"background-color":"var(--ast-global-color-5)","background-image":"","background-repeat":"repeat","background-position":"center center","background-size":"auto","background-attachment":"scroll","background-type":"","background-media":"","overlay-type":"","overlay-color":"","overlay-opacity":"","overlay-gradient":""}},"footnotes":""},"class_list":["post-718","page","type-page","status-publish","hentry"],"aioseo_notices":[],"_links":{"self":[{"href":"https:\/\/camaratravel.com\/index.php?rest_route=\/wp\/v2\/pages\/718","targetHints":{"allow":["GET"]}}],"collection":[{"href":"https:\/\/camaratravel.com\/index.php?rest_route=\/wp\/v2\/pages"}],"about":[{"href":"https:\/\/camaratravel.com\/index.php?rest_route=\/wp\/v2\/types\/page"}],"author":[{"embeddable":true,"href":"https:\/\/camaratravel.com\/index.php?rest_route=\/wp\/v2\/users\/1"}],"replies":[{"embeddable":true,"href":"https:\/\/camaratravel.com\/index.php?rest_route=%2Fwp%2Fv2%2Fcomments&post=718"}],"version-history":[{"count":5,"href":"https:\/\/camaratravel.com\/index.php?rest_route=\/wp\/v2\/pages\/718\/revisions"}],"predecessor-version":[{"id":1590,"href":"https:\/\/camaratravel.com\/index.php?rest_route=\/wp\/v2\/pages\/718\/revisions\/1590"}],"wp:attachment":[{"href":"https:\/\/camaratravel.com\/index.php?rest_route=%2Fwp%2Fv2%2Fmedia&parent=718"}],"curies":[{"name":"wp","href":"https:\/\/api.w.org\/{rel}","templated":true}]}}