{"id":714,"date":"2023-10-08T18:16:43","date_gmt":"2023-10-08T18:16:43","guid":{"rendered":"https:\/\/camaratravel.com\/?page_id=714"},"modified":"2023-11-02T19:26:39","modified_gmt":"2023-11-02T19:26:39","slug":"mt-40164-bacalar-y-chetumal","status":"publish","type":"page","link":"https:\/\/camaratravel.com\/?page_id=714","title":{"rendered":"MT-40164 Bacalar y Chetumal"},"content":{"rendered":"\n<div class=\"wp-block-cover is-light\" style=\"padding-top:var(--wp--preset--spacing--80);padding-bottom:var(--wp--preset--spacing--80);min-height:50px;aspect-ratio:unset;\"><span aria-hidden=\"true\" class=\"wp-block-cover__background has-luminous-vivid-orange-background-color has-background-dim-100 has-background-dim\"><\/span><div class=\"wp-block-cover__inner-container is-layout-flow wp-block-cover-is-layout-flow\">\n<p class=\"has-text-align-center has-large-font-size\"><\/p>\n<\/div><\/div>\n\n\n\n<figure class=\"wp-block-image\"><img decoding=\"async\" src=\"https:\/\/one.cdnmega.com\/images\/viajes\/covers\/bacalar-y-chetumal844x474_5f3eb8113c484.webp\" alt=\"\"\/><\/figure>\n\n\n\n<p>MT-40164 Bacalar y Chetumal<\/p>\n\n\n\n<p><strong>Ciudades Visitadas:<\/strong>&nbsp;M\u00e9xico<\/p>\n\n\n\n<p><strong>Duraci\u00f3n:<\/strong>&nbsp;4 D\u00edas y 3 Noches<\/p>\n\n\n\n<p><strong>Desde:<\/strong>3999 MXN + 1289 Imp<\/p>\n\n\n\n<p><strong>Fecha(s) de salida:<\/strong><\/p>\n\n\n\n<p><br>Diarias<\/p>\n\n\n\n<p><strong>Vigencia:<\/strong>&nbsp;Precios vigentes hasta el 31\/12\/2023<\/p>\n\n\n\n<p><strong>Aerolinea<\/strong><\/p>\n\n\n\n<h5 class=\"wp-block-heading\">INCLUYE VUELO<\/h5>\n\n\n\n<figure class=\"wp-block-image\"><img decoding=\"async\" src=\"https:\/\/one.cdnmega.com\/images\/aerolineas\/iata\/VB.png\" alt=\"Viva Aerobus\"\/><\/figure>\n\n\n\n<figure class=\"wp-block-image\"><img decoding=\"async\" src=\"https:\/\/one.cdnmega.com\/images\/aerolineas\/iata\/Y4.png\" alt=\"Volaris\"\/><\/figure>\n\n\n\n<p><a href=\"http:\/\/leafletjs.com\/\">Leaflet<\/a><\/p>\n\n\n\n<p>Itinerario<\/p>\n\n\n\n<p><strong>6 Meses SIN INTERESES hasta 31 de octubre del 2023<\/strong><br><strong>Solo Santander \/ Scotiabank<\/strong><\/p>\n\n\n\n<p><strong>D\u00cdA 1&nbsp;M\u00c9XICO \u2013 CHETUMAL<\/strong><br>Presentarse en el Aeropuerto de la Ciudad de M\u00e9xico para tomar el vuelo a Chetumal, Recepci\u00f3n y traslado a su hotel. Resto de la tarde libre. Alojamiento en Chetumal o Bacalar.<\/p>\n\n\n\n<p><strong>D\u00cdA 2 &#8211; 3 CHETUMAL O BACALAR<\/strong><br>R\u00e9gimen de alimentos seg\u00fan elecci\u00f3n.&nbsp;<br>D\u00eda libre para actividades personales. Disfrute de su estancia en las paradis\u00edacas playas de Chetumal o Bacalar. Consulte tours opcionales.&nbsp;<br>Alojamiento en Chetumal o Bacalar.<\/p>\n\n\n\n<p><strong>D\u00cdA 4&nbsp;CHETUMAL O BACALAR&nbsp;\u2013 M\u00c9XICO<\/strong><br>A la hora indicada traslado al aeropuerto para tomar su vuelo con regreso a la Ciudad de M\u00e9xico.<strong>&nbsp;&nbsp;&nbsp;&nbsp;&#8230;FIN DE NUESTROS SERVICIOS<\/strong><\/p>\n\n\n\n<p>Precios y Hoteles:<\/p>\n\n\n\n<p><strong>TARIFAS PLAN EUROPEO<\/strong><\/p>\n\n\n\n<figure class=\"wp-block-table\"><table><tbody><tr><td><strong>HOTEL<\/strong><\/td><td><strong>CPL<\/strong><\/td><td><strong>TRIPLE<\/strong><\/td><td><strong>DOBLE<\/strong><\/td><td><strong>SGL<\/strong><\/td><td><strong>MNR<\/strong><\/td><\/tr><tr><td>OYO<\/td><td>$ 3,999<\/td><td>$ 4,399<\/td><td>$ 5,099<\/td><td>$ 7,229<\/td><td>$ 3,659<\/td><\/tr><tr><td>Arges Chetumal<\/td><td>$ 4,499<\/td><td>$ 4,629<\/td><td>$ 5,249<\/td><td>$ 9,059<\/td><td>$ 3,599<\/td><\/tr><tr><td>Fiesta Inn<\/td><td>N\/A<\/td><td>$5,579<\/td><td>$6,159<\/td><td>$8,929<\/td><td>$4,899<\/td><\/tr><tr><td>Alma de Zorro<\/td><td>N\/A<\/td><td>$5,189<\/td><td>$6,299<\/td><td>$9,619<\/td><td>$4,089<\/td><\/tr><tr><td>Capital Plaza<\/td><td>$7,759<\/td><td>$8,119<\/td><td>$9,139<\/td><td>$14,779<\/td><td>$5,159<\/td><\/tr><\/tbody><\/table><\/figure>\n\n\n\n<p><strong>TARIFAS CON DESAYUNO<\/strong><\/p>\n\n\n\n<figure class=\"wp-block-table\"><table><tbody><tr><td><strong>HOTEL<\/strong><\/td><td><strong>CPL<\/strong><\/td><td><strong>TRIPLE<\/strong><\/td><td><strong>DOBLE<\/strong><\/td><td><strong>SGL<\/strong><\/td><td><strong>MNR<\/strong><\/td><\/tr><tr><td>Los Cocos<\/td><td>N\/A<\/td><td>$ 4,839<\/td><td>$5,399<\/td><td>$6,679<\/td><td>$3,549<\/td><\/tr><tr><td>Villas Bakalar<\/td><td>$ 4,519<\/td><td>$5,729<\/td><td>$ 6,749<\/td><td>$ 12,979<\/td><td>$4,009<\/td><\/tr><tr><td>City Express<\/td><td>$ 6,119<\/td><td>$ 7,079<\/td><td>$ 7,609<\/td><td>$ 11,969<\/td><td>$ 4,799<\/td><\/tr><\/tbody><\/table><\/figure>\n\n\n\n<p><strong>IMPUESTOS Y SUPLEMENTOS<\/strong><\/p>\n\n\n\n<figure class=\"wp-block-table\"><table><tbody><tr><td>Impuestos a\u00e9reos<\/td><td>$ 1,289<\/td><\/tr><\/tbody><\/table><\/figure>\n\n\n\n<p>\u2013 Precios por persona en moneda nacional m\u00e1s impuestos.<br>\u2013 Los precios indicados en este itinerario son de car\u00e1cter informativo y deben ser confirmados para realizar su reservaci\u00f3n ya que est\u00e1n sujetos a modificaciones sin previo aviso.<br>\u2013 Consulte con su ejecutivo suplemento de temporada alta: semana santa, verano, navidad, fin de a\u00f1o y\/o puentes&nbsp;<br>\u2013 Tarifa de menor considerada de 2 a 11 a\u00f1os.<br>\u2013 Horarios de vuelo sujetos a cambio establecidos por aerol\u00ednea.<\/p>\n\n\n\n<figure class=\"wp-block-table\"><table><tbody><tr><td colspan=\"4\"><strong>HOTELES PREVISTOS O SIMILARES<\/strong><\/td><\/tr><tr><td><strong>HOTEL<\/strong><\/td><td><strong>TIPO<\/strong><\/td><td><strong>PAIS<\/strong><\/td><\/tr><tr><td>OYO<\/td><td>Turista<\/td><td>M\u00e9xico<\/td><\/tr><tr><td>Arges Chetumal<\/td><td>Turista<\/td><td>M\u00e9xico<\/td><\/tr><tr><td>Fiesta Inn<\/td><td>Turista<\/td><td>M\u00e9xico<\/td><\/tr><tr><td>Alma de Zorro<\/td><td>Turista<\/td><td>M\u00e9xico<\/td><\/tr><tr><td>Capital Plaza<\/td><td>Turista<\/td><td>M\u00e9xico<\/td><\/tr><tr><td>Los Cocos<\/td><td>Turista<\/td><td>Mexico<\/td><\/tr><tr><td>Villas Bakalar<\/td><td>Turista<\/td><td>M\u00e9xico<\/td><\/tr><tr><td>City Express<\/td><td>Turista<\/td><td>M\u00e9xico<\/td><\/tr><tr><td colspan=\"4\">\u00c9sta es la relaci\u00f3n de los hoteles utilizados m\u00e1s frecuentemente en este circuito. Reflejada tan s\u00f3lo a efectos indicativos, pudiendo ser el pasajero alojado en establecimientos similares o alternativos<\/td><\/tr><\/tbody><\/table><\/figure>\n\n\n\n<p>El paquete incluye<\/p>\n\n\n\n<ul class=\"wp-block-list\">\n<li>Vuelo viaje redondo MEX- CTM-MEX<\/li>\n\n\n\n<li>Traslados aeropuerto-hotel-aeropuerto<\/li>\n\n\n\n<li>03 noches de alojamiento<\/li>\n\n\n\n<li>R\u00e9gimen de alimentos seg\u00fan elecci\u00f3n<\/li>\n\n\n\n<li>1 Maleta documentada por pasajero 15 kg<\/li>\n<\/ul>\n\n\n\n<p>El paquete no incluye:<\/p>\n\n\n\n<ul class=\"wp-block-list\">\n<li>IMPUESTOS $1,289 MXN POR PERSONA<\/li>\n\n\n\n<li>Gastos Personales (Seguros M\u00e9dicos, Alimentos Y Bebidas, Tours Opcionales, Servicios No Especificados en el itinerario)<\/li>\n<\/ul>\n","protected":false},"excerpt":{"rendered":"<p>MT-40164 Bacalar y Chetumal Ciudades Visitadas:&nbsp;M\u00e9xico Duraci\u00f3n:&nbsp;4 D\u00edas y 3 Noches Desde:3999 MXN + 1289 Imp Fecha(s) de salida: Diarias Vigencia:&nbsp;Precios vigentes hasta el 31\/12\/2023 Aerolinea INCLUYE VUELO Leaflet Itinerario 6 Meses SIN INTERESES hasta 31 de octubre del 2023Solo Santander \/ Scotiabank D\u00cdA 1&nbsp;M\u00c9XICO \u2013 CHETUMALPresentarse en el Aeropuerto de la Ciudad de M\u00e9xico [&hellip;]<\/p>\n","protected":false},"author":1,"featured_media":0,"parent":0,"menu_order":0,"comment_status":"closed","ping_status":"closed","template":"","meta":{"om_disable_all_campaigns":false,"_monsterinsights_skip_tracking":false,"_monsterinsights_sitenote_active":false,"_monsterinsights_sitenote_note":"","_monsterinsights_sitenote_category":0,"site-sidebar-layout":"default","site-content-layout":"","ast-site-content-layout":"default","site-content-style":"default","site-sidebar-style":"default","ast-global-header-display":"","ast-banner-title-visibility":"","ast-main-header-display":"","ast-hfb-above-header-display":"","ast-hfb-below-header-display":"","ast-hfb-mobile-header-display":"","site-post-title":"disabled","ast-breadcrumbs-content":"","ast-featured-img":"","footer-sml-layout":"","ast-disable-related-posts":"","theme-transparent-header-meta":"","adv-header-id-meta":"","stick-header-meta":"","header-above-stick-meta":"","header-main-stick-meta":"","header-below-stick-meta":"","astra-migrate-meta-layouts":"set","ast-page-background-enabled":"default","ast-page-background-meta":{"desktop":{"background-color":"","background-image":"","background-repeat":"repeat","background-position":"center center","background-size":"auto","background-attachment":"scroll","background-type":"","background-media":"","overlay-type":"","overlay-color":"","overlay-opacity":"","overlay-gradient":""},"tablet":{"background-color":"","background-image":"","background-repeat":"repeat","background-position":"center center","background-size":"auto","background-attachment":"scroll","background-type":"","background-media":"","overlay-type":"","overlay-color":"","overlay-opacity":"","overlay-gradient":""},"mobile":{"background-color":"","background-image":"","background-repeat":"repeat","background-position":"center center","background-size":"auto","background-attachment":"scroll","background-type":"","background-media":"","overlay-type":"","overlay-color":"","overlay-opacity":"","overlay-gradient":""}},"ast-content-background-meta":{"desktop":{"background-color":"var(--ast-global-color-5)","background-image":"","background-repeat":"repeat","background-position":"center center","background-size":"auto","background-attachment":"scroll","background-type":"","background-media":"","overlay-type":"","overlay-color":"","overlay-opacity":"","overlay-gradient":""},"tablet":{"background-color":"var(--ast-global-color-5)","background-image":"","background-repeat":"repeat","background-position":"center center","background-size":"auto","background-attachment":"scroll","background-type":"","background-media":"","overlay-type":"","overlay-color":"","overlay-opacity":"","overlay-gradient":""},"mobile":{"background-color":"var(--ast-global-color-5)","background-image":"","background-repeat":"repeat","background-position":"center center","background-size":"auto","background-attachment":"scroll","background-type":"","background-media":"","overlay-type":"","overlay-color":"","overlay-opacity":"","overlay-gradient":""}},"footnotes":""},"class_list":["post-714","page","type-page","status-publish","hentry"],"aioseo_notices":[],"_links":{"self":[{"href":"https:\/\/camaratravel.com\/index.php?rest_route=\/wp\/v2\/pages\/714","targetHints":{"allow":["GET"]}}],"collection":[{"href":"https:\/\/camaratravel.com\/index.php?rest_route=\/wp\/v2\/pages"}],"about":[{"href":"https:\/\/camaratravel.com\/index.php?rest_route=\/wp\/v2\/types\/page"}],"author":[{"embeddable":true,"href":"https:\/\/camaratravel.com\/index.php?rest_route=\/wp\/v2\/users\/1"}],"replies":[{"embeddable":true,"href":"https:\/\/camaratravel.com\/index.php?rest_route=%2Fwp%2Fv2%2Fcomments&post=714"}],"version-history":[{"count":3,"href":"https:\/\/camaratravel.com\/index.php?rest_route=\/wp\/v2\/pages\/714\/revisions"}],"predecessor-version":[{"id":1602,"href":"https:\/\/camaratravel.com\/index.php?rest_route=\/wp\/v2\/pages\/714\/revisions\/1602"}],"wp:attachment":[{"href":"https:\/\/camaratravel.com\/index.php?rest_route=%2Fwp%2Fv2%2Fmedia&parent=714"}],"curies":[{"name":"wp","href":"https:\/\/api.w.org\/{rel}","templated":true}]}}