{"id":710,"date":"2023-10-08T18:15:28","date_gmt":"2023-10-08T18:15:28","guid":{"rendered":"https:\/\/camaratravel.com\/?page_id=710"},"modified":"2023-10-31T14:35:37","modified_gmt":"2023-10-31T14:35:37","slug":"mt-40107-chiapas-palenque-yaxchilan","status":"publish","type":"page","link":"https:\/\/camaratravel.com\/?page_id=710","title":{"rendered":"MT-40107 Chiapas &#8211; Palenque &#8211; Yaxchil\u00e1n"},"content":{"rendered":"\n<div class=\"wp-block-cover is-light\"><span aria-hidden=\"true\" class=\"wp-block-cover__background has-background-dim\"><\/span><img decoding=\"async\" class=\"wp-block-cover__image-background\" alt=\"\" src=\"https:\/\/one.cdnmega.com\/images\/viajes\/covers\/canion-del-sumidero-chiapas-mexico.webp\" data-object-fit=\"cover\"\/><div class=\"wp-block-cover__inner-container is-layout-flow wp-block-cover-is-layout-flow\">\n<p class=\"has-text-align-center has-large-font-size\"><\/p>\n<\/div><\/div>\n\n\n\n<p style=\"padding-right:var(--wp--preset--spacing--60);padding-left:var(--wp--preset--spacing--60)\"><strong>Ciudades Visitadas:<\/strong>&nbsp;M\u00e9xico<\/p>\n\n\n\n<p style=\"padding-right:var(--wp--preset--spacing--60);padding-left:var(--wp--preset--spacing--60)\"><strong>Duraci\u00f3n:<\/strong>&nbsp;7 D\u00edas y 6 Noches<\/p>\n\n\n\n<p style=\"padding-right:var(--wp--preset--spacing--60);padding-left:var(--wp--preset--spacing--60)\"><strong>Desde:<\/strong>25119 MXN + 1599 Imp<\/p>\n\n\n\n<p style=\"padding-right:var(--wp--preset--spacing--60);padding-left:var(--wp--preset--spacing--60)\"><strong>Fecha(s) de salida:<\/strong><\/p>\n\n\n\n<p style=\"padding-right:var(--wp--preset--spacing--60);padding-left:var(--wp--preset--spacing--60)\"><br>Jueves y domingo<\/p>\n\n\n\n<p style=\"padding-right:var(--wp--preset--spacing--60);padding-left:var(--wp--preset--spacing--60)\"><strong>Vigencia:<\/strong>&nbsp;Precios vigentes hasta el 15\/12\/2023<\/p>\n\n\n\n<p style=\"padding-right:var(--wp--preset--spacing--60);padding-left:var(--wp--preset--spacing--60)\"><strong>Aerolinea<\/strong><\/p>\n\n\n\n<h5 class=\"wp-block-heading\" style=\"padding-right:var(--wp--preset--spacing--60);padding-left:var(--wp--preset--spacing--60)\">INCLUYE VUELO<\/h5>\n\n\n\n<figure class=\"wp-block-image aligncenter\"><img decoding=\"async\" src=\"https:\/\/one.cdnmega.com\/images\/aerolineas\/iata\/AM.png\" alt=\"Aeromexico\"\/><\/figure>\n\n\n\n<figure class=\"wp-block-image aligncenter\"><img decoding=\"async\" src=\"https:\/\/one.cdnmega.com\/images\/aerolineas\/iata\/Y4.png\" alt=\"Volaris\"\/><\/figure>\n\n\n\n<figure class=\"wp-block-image aligncenter\"><img decoding=\"async\" src=\"https:\/\/one.cdnmega.com\/images\/aerolineas\/iata\/VB.png\" alt=\"Viva Aerobus\"\/><\/figure>\n\n\n\n<p style=\"padding-right:var(--wp--preset--spacing--60);padding-left:var(--wp--preset--spacing--60)\">Itinerario<\/p>\n\n\n\n<p style=\"padding-right:var(--wp--preset--spacing--60);padding-left:var(--wp--preset--spacing--60)\"><strong>D\u00cdA 01 M\u00c9XICO \u2013 TUXTLA GUTI\u00c9RREZ \u2013 CA\u00d1\u00d3N DEL SUMIDERO \u2013 CHIAPA DE CORZO \u2013 SAN CRIST\u00d3BAL DE LAS CASAS<\/strong><br>Cita en el aeropuerto de la Ciudad de M\u00e9xico, para abordar vuelo con destino a la ciudad de Tuxtla Guti\u00e9rrez. Recepci\u00f3n en el aeropuerto de Tuxtla Guti\u00e9rrez y traslado al embarcadero del r\u00edo Grijalva para navegar y observar la maravilla geol\u00f3gica que le da nombre al Ca\u00f1\u00f3n del Sumidero,que adem\u00e1s observaremos diversidad de flora y fauna. Al terminar nos trasladaremos a la ciudad colonial de San Crist\u00f3bal de Las Casas (2\u2019300 MSNM), fundada en 1528 por el capit\u00e1n Diego de Mazariegos declarada patrimonio cultural de la humanidad. A la llegada registro en el hotel elegido y resto del d\u00eda libre. Alojamiento.<\/p>\n\n\n\n<p style=\"padding-right:var(--wp--preset--spacing--60);padding-left:var(--wp--preset--spacing--60)\"><strong>D\u00cdA 02 SAN CRIST\u00d3BAL DE LAS CASAS \u2013 SAN JUAN CHAMULA \u2013 ZINACANT\u00c1N \u2013 CITY TOUR SAN CRIST\u00d3BAL DE LAS CASAS&nbsp;<\/strong><br>Despu\u00e9s del desayuno, partiremos hacia las comunidades ind\u00edgenas del grupo \u00e9tnico Tzotzil visitando primeramente Chamula, para aprender y entender la fusi\u00f3n de tradiciones contempor\u00e1neas y caracter\u00edsticas ancestrales mayas que identifican a \u00e9ste lugar. Posteriormente seguiremos a Zinacant\u00e1n, en donde visitaremos la iglesia y la casa de una cooperativa familiar donde seremos recibidos con una bebida regional y observaremos como las mujeres trabajan el telar de cintura de \u00e9pocas precolombinas. Despu\u00e9s de ver las muestras de lo que ellas producen nos ofrecer\u00e1n pasar a su cocina donde si tenemos suerte, nos invitar\u00e1n a probar tortillas hechas a mano. Al terminar regresaremos a San Crist\u00f3bal de Las Casas y se har\u00e1 un city tour por \u00e9sta bella ciudad. Resto del d\u00eda libre. Alojamiento.<\/p>\n\n\n\n<p style=\"padding-right:var(--wp--preset--spacing--60);padding-left:var(--wp--preset--spacing--60)\"><strong>D\u00cdA 03 SAN CRIST\u00d3BAL DE LAS CASAS \u2013 LAGOS DE MONTEBELLO \u2013 SAN CRIST\u00d3BAL DE LAS CASAS<\/strong><br>Por la ma\u00f1ana salida de San Crist\u00f3bal de Las Casas hacia los Lagos de Montebello, nuestra primera visita ser\u00e1 la comunidad ind\u00edgena alfarera de Amatenango del Valle; posteriormente iremos a la cascada del Chifl\u00f3n, una ca\u00edda de agua natural que est\u00e1 rodeada por exuberante vegetaci\u00f3n formada por ca\u00f1averales y palmares terminaremos con la visita a la zona lacustre m\u00e1s bella de M\u00e9xico: los Lagos de Montebello. La Reserva Natural que lleva \u00e9ste nombre \u00e9sta compuesta por varias hect\u00e1reas de pinos, encinos y selva donde podremos ver varios lagos y admirar si el clima lo permite, las diferentes tonalidades de las aguas que componen \u00e9ste hermoso lugar. Regreso por la tarde noche a San Crist\u00f3bal de Las Casas. Alojamiento.<\/p>\n\n\n\n<p style=\"padding-right:var(--wp--preset--spacing--60);padding-left:var(--wp--preset--spacing--60)\"><strong>D\u00cdA 04 SAN CRIST\u00d3BAL \u2013 CASCADAS DE AGUA AZUL \u2013 MISOL-HA \u2013 ZONA ARQUEOL\u00d3GICA DE PALENQUE<\/strong><br>Temprano en la ma\u00f1ana saldremos hacia Palenque, haciendo escala en Agua Azul un conjunto de cascadas creadas por las corrientes de los r\u00edos Otul\u00fan, Shumulj\u00e1 y Tulij\u00e1, formando ca\u00f1ones no muy profundos con acantilados verticales, en donde podr\u00e1n nadar y disfrutar de las diferentes \u00e1reas. Despu\u00e9s proseguiremos a las cascadas de Misol-H\u00e1 con sus 30 metros de altura,rodeada de selva tropical alta hacen de \u00e9ste un hermoso y refrescante lugar. Al terminar visitaremos el sitio arqueol\u00f3gico de Palenque. \u00c9sta ciudad maya destaca por su acervo arquitect\u00f3nico y escult\u00f3rico donde podremos admirar varias construcciones: El Palacio, El Templo de la Cruz Foliada, El Templo del Sol y otras m\u00e1s. Traslado al hotel en la ciudad de Palenque y Alojamiento.<\/p>\n\n\n\n<p style=\"padding-right:var(--wp--preset--spacing--60);padding-left:var(--wp--preset--spacing--60)\"><strong>D\u00cdA 05 PALENQUE \u2013 YAXCHIL\u00c1N \u2013 BONAMPAK \u2013 USUMACINTA CHIAPAS<\/strong><br>Muy temprano en la ma\u00f1ana salida hacia Frontera Corozal donde nos embarcaremos por una hora aproximadamente r\u00edo abajo, y visitar el m\u00edstico sitio arqueol\u00f3gico de Yaxchil\u00e1n que por la calidad de esculturas halladas en \u00e9ste lugar, es muy reconocido. Al regreso, continuaremos con la visita de Bonampak. Su nombre significa &#8220;Muros pintados&#8221;, y en ello reside la fama de este sitio, ya que sobre los muros de los recintos hay pinturas muy vistosas que aportan mucho acerca de la vida cotidiana de los mayas. Traslado al campamento lacand\u00f3n. Alojamiento en caba\u00f1as en la Selva.&nbsp;<\/p>\n\n\n\n<p style=\"padding-right:var(--wp--preset--spacing--60);padding-left:var(--wp--preset--spacing--60)\"><strong>D\u00cdA 06 USUMACINTA CHIAPAS \u2013 PIEDRAS NEGRAS \u2013 PALENQUE<\/strong><br>Por la ma\u00f1ana recorreremos cerca de 8 Km. por tierra hasta llegar a la uni\u00f3n de los r\u00edos Busil-H\u00e1 y Usumacinta. Aqu\u00ed tomaremos una lancha, la cual nos llevara r\u00edo arriba sobre el alto Usumacinta para disfrutar de la aventura, adem\u00e1s de la flora y fauna del lugar en su m\u00e1xima expresi\u00f3n; y como plato fuerte, nos internaremos en lo profundo de la selva para descubrir el tesoro perdido de los mayas: Piedras Negras.Por la tarde, regreso a la ciudad de Palenque. Alojamiento<\/p>\n\n\n\n<p style=\"padding-right:var(--wp--preset--spacing--60);padding-left:var(--wp--preset--spacing--60)\"><strong>D\u00cdA 07 PALENQUE \u2013 MUSEO LA VENTA \u2013 AEROPUERTO VILLAHERMOSA<\/strong><br>Despu\u00e9s del desayuno partiremos hacia la ciudad de Villahermosa, en donde visitaremos el museo \u201cLa Venta\u201d que atesora una de las m\u00e1s grandes colecciones de piezas pertenecientes a la Cultura Olmeca, todo clasificado en 4 grupos:altares, estelas, esculturas exentas y las impresionantes cabezas colosales. Posteriormente, haremos el traslado al aeropuerto de la ciudad para tomar el vuelo de regreso.&nbsp;<\/p>\n\n\n\n<p style=\"padding-right:var(--wp--preset--spacing--60);padding-left:var(--wp--preset--spacing--60)\"><small><strong>**El itinerario puede sufrir modificaciones por causa de fuerza mayor y ajena a Mega Travel como paros, huelgas, bloqueos, retrasos de l\u00edneas a\u00e9reas**<\/strong><\/small><strong>&nbsp;&nbsp;&nbsp;&nbsp;&#8230;FIN DE NUESTROS SERVICIOS<\/strong><\/p>\n\n\n\n<p style=\"padding-right:var(--wp--preset--spacing--60);padding-left:var(--wp--preset--spacing--60)\">Precios y Hoteles:<\/p>\n\n\n\n<figure class=\"wp-block-table\" style=\"padding-right:var(--wp--preset--spacing--60);padding-left:var(--wp--preset--spacing--60)\"><table><tbody><tr><td><strong>CATEGOR\u00cdA<\/strong><\/td><td><strong>TRIPLE<\/strong><\/td><td><strong>DOBLE<\/strong><\/td><td><strong>SGL<\/strong><\/td><td><strong>MNR<\/strong><\/td><\/tr><tr><td>4 Estrellas<\/td><td>$ 25,119<\/td><td>$ 26,719<\/td><td>$ 29,159<\/td><td>$ 14,799<\/td><\/tr><\/tbody><\/table><\/figure>\n\n\n\n<p style=\"padding-right:var(--wp--preset--spacing--60);padding-left:var(--wp--preset--spacing--60)\"><strong>IMPUESTOS Y SUPLEMENTOS<\/strong><\/p>\n\n\n\n<figure class=\"wp-block-table\" style=\"padding-right:var(--wp--preset--spacing--60);padding-left:var(--wp--preset--spacing--60)\"><table><tbody><tr><td>Impuestos a\u00e9reos<\/td><td>$ 1599<\/td><\/tr><\/tbody><\/table><\/figure>\n\n\n\n<p style=\"padding-right:var(--wp--preset--spacing--60);padding-left:var(--wp--preset--spacing--60)\">\u2013 Precios por persona en MXN.<br>\u2013 Los precios indicados en este itinerario son de car\u00e1cter informativo y deben ser confirmados para realizar su reservaci\u00f3n ya que est\u00e1n sujetos a modificaciones sin previo aviso.<br>\u2013 Aplican suplementos temporada alta (navidad, fin de a\u00f1o, semana santa, verano)<br>\u2013 Opera a partir de 02 pasajeros.<br>\u2013 Servicios compartidos.<br>\u2013&nbsp;Consultar suplementos por cambio de categor\u00eda.<\/p>\n\n\n\n<figure class=\"wp-block-table\" style=\"padding-right:var(--wp--preset--spacing--60);padding-left:var(--wp--preset--spacing--60)\"><table><tbody><tr><td colspan=\"4\"><strong>HOTELES PREVISTOS O SIMILARES<\/strong><\/td><\/tr><tr><td><strong>HOTEL<\/strong><\/td><td><strong>CIUDAD<\/strong><\/td><td><strong>TIPO<\/strong><\/td><td><strong>PA\u00cdS<\/strong><\/td><\/tr><tr><td>Hotel Plaza Magnolias o similar<\/td><td>San Cristobal<\/td><td>4 Estrellas<\/td><td>M\u00e9xico<\/td><\/tr><tr><td>Hotel Mata Tulipanes o similar<\/td><td>Palenque<\/td><td>4 Estrellas<\/td><td>M\u00e9xico<\/td><\/tr><tr><td colspan=\"4\">\u00c9sta es la relaci\u00f3n de los hoteles utilizados m\u00e1s frecuentemente en este circuito. Reflejada tan s\u00f3lo a efectos indicativos, pudiendo ser el pasajero alojado en establecimientos similares o alternativos<\/td><\/tr><\/tbody><\/table><\/figure>\n\n\n\n<p style=\"padding-right:var(--wp--preset--spacing--60);padding-left:var(--wp--preset--spacing--60)\">El paquete incluye<\/p>\n\n\n\n<ul class=\"wp-block-list\" style=\"padding-right:var(--wp--preset--spacing--60);padding-left:var(--wp--preset--spacing--60)\">\n<li>Vuelo redondo en clase turista MEX-TGZ\/VSA-MEX<\/li>\n\n\n\n<li>Transportaci\u00f3n terrestre en veh\u00edculos con aire acondicionado<\/li>\n\n\n\n<li>Chofer-gu\u00eda en espa\u00f1ol durante todo el recorrido<\/li>\n\n\n\n<li>Todas las entradas a parques y monumentos descritos en el itinerario<\/li>\n\n\n\n<li>Tour en lancha compartida en el Ca\u00f1\u00f3n del Sumidero<\/li>\n\n\n\n<li>03 noches de alojamiento en San Crist\u00f3bal de las Casas<\/li>\n\n\n\n<li>02 noches de alojamiento en Palenque<\/li>\n\n\n\n<li>01 noche de alojamiento en categor\u00eda especial (Caba\u00f1a Rustica)<\/li>\n\n\n\n<li>Desayuno tipo americano<\/li>\n<\/ul>\n\n\n\n<p style=\"padding-right:var(--wp--preset--spacing--60);padding-left:var(--wp--preset--spacing--60)\">El paquete no incluye:<\/p>\n\n\n\n<ul class=\"wp-block-list\" style=\"padding-right:var(--wp--preset--spacing--60);padding-left:var(--wp--preset--spacing--60)\">\n<li>IMPUESTOS $1,599 POR PERSONA<\/li>\n\n\n\n<li>GASTOS PERSONALES, PROPINAS<\/li>\n\n\n\n<li>BEBIDAS EN LOS ALIMENTOS<\/li>\n\n\n\n<li>SUPLEMENTO POR LLEGADA O SALIDA FUERA DE HORARIO<\/li>\n\n\n\n<li>NING\u00daN SERVICIO NO ESPECIFICADO<\/li>\n\n\n\n<li>DESAYUNOS PARA MENORES<\/li>\n<\/ul>\n","protected":false},"excerpt":{"rendered":"<p>Ciudades Visitadas:&nbsp;M\u00e9xico Duraci\u00f3n:&nbsp;7 D\u00edas y 6 Noches Desde:25119 MXN + 1599 Imp Fecha(s) de salida: Jueves y domingo Vigencia:&nbsp;Precios vigentes hasta el 15\/12\/2023 Aerolinea INCLUYE VUELO Itinerario D\u00cdA 01 M\u00c9XICO \u2013 TUXTLA GUTI\u00c9RREZ \u2013 CA\u00d1\u00d3N DEL SUMIDERO \u2013 CHIAPA DE CORZO \u2013 SAN CRIST\u00d3BAL DE LAS CASASCita en el aeropuerto de la Ciudad de M\u00e9xico, [&hellip;]<\/p>\n","protected":false},"author":1,"featured_media":0,"parent":0,"menu_order":0,"comment_status":"closed","ping_status":"closed","template":"","meta":{"om_disable_all_campaigns":false,"_monsterinsights_skip_tracking":false,"_monsterinsights_sitenote_active":false,"_monsterinsights_sitenote_note":"","_monsterinsights_sitenote_category":0,"site-sidebar-layout":"default","site-content-layout":"","ast-site-content-layout":"default","site-content-style":"default","site-sidebar-style":"default","ast-global-header-display":"","ast-banner-title-visibility":"","ast-main-header-display":"","ast-hfb-above-header-display":"","ast-hfb-below-header-display":"","ast-hfb-mobile-header-display":"","site-post-title":"disabled","ast-breadcrumbs-content":"","ast-featured-img":"","footer-sml-layout":"","ast-disable-related-posts":"","theme-transparent-header-meta":"","adv-header-id-meta":"","stick-header-meta":"","header-above-stick-meta":"","header-main-stick-meta":"","header-below-stick-meta":"","astra-migrate-meta-layouts":"set","ast-page-background-enabled":"default","ast-page-background-meta":{"desktop":{"background-color":"","background-image":"","background-repeat":"repeat","background-position":"center center","background-size":"auto","background-attachment":"scroll","background-type":"","background-media":"","overlay-type":"","overlay-color":"","overlay-opacity":"","overlay-gradient":""},"tablet":{"background-color":"","background-image":"","background-repeat":"repeat","background-position":"center center","background-size":"auto","background-attachment":"scroll","background-type":"","background-media":"","overlay-type":"","overlay-color":"","overlay-opacity":"","overlay-gradient":""},"mobile":{"background-color":"","background-image":"","background-repeat":"repeat","background-position":"center center","background-size":"auto","background-attachment":"scroll","background-type":"","background-media":"","overlay-type":"","overlay-color":"","overlay-opacity":"","overlay-gradient":""}},"ast-content-background-meta":{"desktop":{"background-color":"var(--ast-global-color-5)","background-image":"","background-repeat":"repeat","background-position":"center center","background-size":"auto","background-attachment":"scroll","background-type":"","background-media":"","overlay-type":"","overlay-color":"","overlay-opacity":"","overlay-gradient":""},"tablet":{"background-color":"var(--ast-global-color-5)","background-image":"","background-repeat":"repeat","background-position":"center center","background-size":"auto","background-attachment":"scroll","background-type":"","background-media":"","overlay-type":"","overlay-color":"","overlay-opacity":"","overlay-gradient":""},"mobile":{"background-color":"var(--ast-global-color-5)","background-image":"","background-repeat":"repeat","background-position":"center center","background-size":"auto","background-attachment":"scroll","background-type":"","background-media":"","overlay-type":"","overlay-color":"","overlay-opacity":"","overlay-gradient":""}},"footnotes":""},"class_list":["post-710","page","type-page","status-publish","hentry"],"aioseo_notices":[],"_links":{"self":[{"href":"https:\/\/camaratravel.com\/index.php?rest_route=\/wp\/v2\/pages\/710","targetHints":{"allow":["GET"]}}],"collection":[{"href":"https:\/\/camaratravel.com\/index.php?rest_route=\/wp\/v2\/pages"}],"about":[{"href":"https:\/\/camaratravel.com\/index.php?rest_route=\/wp\/v2\/types\/page"}],"author":[{"embeddable":true,"href":"https:\/\/camaratravel.com\/index.php?rest_route=\/wp\/v2\/users\/1"}],"replies":[{"embeddable":true,"href":"https:\/\/camaratravel.com\/index.php?rest_route=%2Fwp%2Fv2%2Fcomments&post=710"}],"version-history":[{"count":3,"href":"https:\/\/camaratravel.com\/index.php?rest_route=\/wp\/v2\/pages\/710\/revisions"}],"predecessor-version":[{"id":1565,"href":"https:\/\/camaratravel.com\/index.php?rest_route=\/wp\/v2\/pages\/710\/revisions\/1565"}],"wp:attachment":[{"href":"https:\/\/camaratravel.com\/index.php?rest_route=%2Fwp%2Fv2%2Fmedia&parent=710"}],"curies":[{"name":"wp","href":"https:\/\/api.w.org\/{rel}","templated":true}]}}