{"id":706,"date":"2023-10-08T18:13:58","date_gmt":"2023-10-08T18:13:58","guid":{"rendered":"https:\/\/camaratravel.com\/?page_id=706"},"modified":"2023-11-02T18:52:11","modified_gmt":"2023-11-02T18:52:11","slug":"mt-40100-cancun","status":"publish","type":"page","link":"https:\/\/camaratravel.com\/?page_id=706","title":{"rendered":"MT-40100 Canc\u00fan"},"content":{"rendered":"\n<div class=\"wp-block-cover is-light\" style=\"padding-top:var(--wp--preset--spacing--80);padding-bottom:var(--wp--preset--spacing--80);min-height:50px;aspect-ratio:unset;\"><span aria-hidden=\"true\" class=\"wp-block-cover__background has-luminous-vivid-orange-background-color has-background-dim-100 has-background-dim\"><\/span><div class=\"wp-block-cover__inner-container is-layout-flow wp-block-cover-is-layout-flow\">\n<p class=\"has-text-align-center has-large-font-size\"><\/p>\n<\/div><\/div>\n\n\n\n<figure class=\"wp-block-image aligncenter\"><img decoding=\"async\" src=\"https:\/\/one.cdnmega.com\/images\/viajes\/covers\/cancuun-1024x575_62686782d6ed4.webp\" alt=\"\"\/><\/figure>\n\n\n\n<p style=\"padding-right:var(--wp--preset--spacing--60);padding-left:var(--wp--preset--spacing--60)\">MT-40100 Canc\u00fan<\/p>\n\n\n\n<p style=\"padding-right:var(--wp--preset--spacing--60);padding-left:var(--wp--preset--spacing--60)\"><strong>Ciudades Visitadas:<\/strong>&nbsp;M\u00e9xico<\/p>\n\n\n\n<p style=\"padding-right:var(--wp--preset--spacing--60);padding-left:var(--wp--preset--spacing--60)\"><strong>Duraci\u00f3n:<\/strong>&nbsp;4 D\u00edas y 3 Noches<\/p>\n\n\n\n<p style=\"padding-right:var(--wp--preset--spacing--60);padding-left:var(--wp--preset--spacing--60)\"><strong>Desde:<\/strong>4799 MXN + 1289 Imp<\/p>\n\n\n\n<p style=\"padding-right:var(--wp--preset--spacing--60);padding-left:var(--wp--preset--spacing--60)\"><strong>Fecha(s) de salida:<\/strong><\/p>\n\n\n\n<p style=\"padding-right:var(--wp--preset--spacing--60);padding-left:var(--wp--preset--spacing--60)\"><br>Diarias<\/p>\n\n\n\n<p style=\"padding-right:var(--wp--preset--spacing--60);padding-left:var(--wp--preset--spacing--60)\"><strong>Vigencia:<\/strong>&nbsp;Precios vigentes hasta el 31\/12\/2023<\/p>\n\n\n\n<p style=\"padding-right:var(--wp--preset--spacing--60);padding-left:var(--wp--preset--spacing--60)\"><strong>Aerolinea<\/strong><\/p>\n\n\n\n<h5 class=\"wp-block-heading\" style=\"padding-right:var(--wp--preset--spacing--60);padding-left:var(--wp--preset--spacing--60)\">INCLUYE VUELO<\/h5>\n\n\n\n<figure class=\"wp-block-image aligncenter\"><img decoding=\"async\" src=\"https:\/\/one.cdnmega.com\/images\/aerolineas\/iata\/VB.png\" alt=\"Viva Aerobus\"\/><\/figure>\n\n\n\n<figure class=\"wp-block-image aligncenter\"><img decoding=\"async\" src=\"https:\/\/one.cdnmega.com\/images\/aerolineas\/iata\/Y4.png\" alt=\"Volaris\"\/><\/figure>\n\n\n\n<p style=\"padding-right:var(--wp--preset--spacing--60);padding-left:var(--wp--preset--spacing--60)\">Itinerario<\/p>\n\n\n\n<p style=\"padding-right:var(--wp--preset--spacing--60);padding-left:var(--wp--preset--spacing--60)\"><strong>6 Meses SIN INTERESES hasta 31 de octubre del 2023<\/strong><br><strong>Solo Santander \/ Scotiabank<\/strong><\/p>\n\n\n\n<p style=\"padding-right:var(--wp--preset--spacing--60);padding-left:var(--wp--preset--spacing--60)\"><strong>D\u00cdA 1 M\u00c9XICO \u2013 CANC\u00daN<\/strong><br>Presentarse en el Aeropuerto de la Ciudad de M\u00e9xico para tomar el vuelo a Canc\u00fan.&nbsp;<br>Recepci\u00f3n y traslado a su hotel. Alojamiento.<\/p>\n\n\n\n<p style=\"padding-right:var(--wp--preset--spacing--60);padding-left:var(--wp--preset--spacing--60)\"><strong>D\u00cdA&nbsp;2 &#8211; 3 CANC\u00daN<\/strong><br>R\u00e9gimen de alimentos seg\u00fan elecci\u00f3n.&nbsp;<br>D\u00edas libres para actividades personales. Disfrute de su estancia en las paradis\u00edacas playas de Canc\u00fan. Consulte tours opcionales.&nbsp;<br>Alojamiento.&nbsp;<\/p>\n\n\n\n<p style=\"padding-right:var(--wp--preset--spacing--60);padding-left:var(--wp--preset--spacing--60)\"><strong>D\u00cdA 4 CANC\u00daN \u2013 M\u00c9XICO&nbsp;<\/strong><br>R\u00e9gimen de alimentos seg\u00fan elecci\u00f3n.&nbsp;<br>A la hora indicada traslado al aeropuerto para tomar su vuelo de regreso.<strong>&nbsp;&nbsp;&nbsp;&nbsp;&#8230;FIN DE NUESTROS SERVICIOS<\/strong><\/p>\n\n\n\n<p style=\"padding-right:var(--wp--preset--spacing--60);padding-left:var(--wp--preset--spacing--60)\">Precios y Hoteles:<\/p>\n\n\n\n<p style=\"padding-right:var(--wp--preset--spacing--60);padding-left:var(--wp--preset--spacing--60)\"><strong>TARIFAS CON DESAYUNO<\/strong><\/p>\n\n\n\n<figure class=\"wp-block-table\" style=\"padding-right:var(--wp--preset--spacing--60);padding-left:var(--wp--preset--spacing--60)\"><table><tbody><tr><td><strong>HOTEL<\/strong><\/td><td><strong>CPL<\/strong><\/td><td><strong>TRIPLE<\/strong><\/td><td><strong>DOBLE<\/strong><\/td><td><strong>SGL<\/strong><\/td><td><strong>MNR<\/strong><\/td><\/tr><tr><td>Wyndham Garden playa del Carmen<\/td><td>$ 4,799<\/td><td>5,049<\/td><td>$ 5,529<\/td><td>$7,189<\/td><td>$ 4,119<\/td><\/tr><tr><td>Wyndham Garden Canc\u00fan Dowtown<\/td><td>$ 5,119<\/td><td>$ 5,469<\/td><td>$ 6,179<\/td><td>$ 8,289<\/td><td>$ 3,649<\/td><\/tr><tr><td>FaifieldInn &amp; Suites<\/td><td>$ 5,139<\/td><td>$ 5,629<\/td><td>$6,599<\/td><td>$ 9,499<\/td><td>$ 3,899<\/td><\/tr><tr><td>Reina Roja Playa del Carm\u00e9n (S\u00f3lo Adultos)<\/td><td>$5,209<\/td><td>$5,259<\/td><td>$5,449<\/td><td>$8,139<\/td><td>N\/A<\/td><\/tr><tr><td>Adhara Express<\/td><td>$ 6,449<\/td><td>$ 6,879<\/td><td>$7,719<\/td><td>$ 11,269<\/td><td>$3,779<\/td><\/tr><tr><td>Ocean View Canc\u00fan Arenas<\/td><td>$ 6,479<\/td><td>$ 6,829<\/td><td>$ 7,719<\/td><td>$ 11,349<\/td><td>$3,829<\/td><\/tr><tr><td>Aquamarina Beach<\/td><td>$7,299<\/td><td>$ 8,509<\/td><td>$ 10,079<\/td><td>$ 14,069<\/td><td>$5,719<\/td><\/tr><tr><td>All Ritmo<\/td><td>$9,759<\/td><td>$10,699<\/td><td>$11,629<\/td><td>$13,499<\/td><td>$4,399<\/td><\/tr><\/tbody><\/table><\/figure>\n\n\n\n<p style=\"padding-right:var(--wp--preset--spacing--60);padding-left:var(--wp--preset--spacing--60)\"><strong>TARIFAS EN PLAN TODO INCLUIDO<\/strong><\/p>\n\n\n\n<figure class=\"wp-block-table\" style=\"padding-right:var(--wp--preset--spacing--60);padding-left:var(--wp--preset--spacing--60)\"><table><tbody><tr><td><strong>HOTEL<\/strong><\/td><td><strong>CPL<\/strong><\/td><td><strong>TRIPLE<\/strong><\/td><td><strong>DOBLE<\/strong><\/td><td><strong>SGL<\/strong><\/td><td><strong>MNR<\/strong><\/td><\/tr><tr><td>Ocean View Arenas<\/td><td>$9,359<\/td><td>$9,939<\/td><td>$10,619<\/td><td>$14,369<\/td><td>$3,819<\/td><\/tr><tr><td>Riu Lupita<\/td><td>$11,739<\/td><td>$12,359<\/td><td>$13,059<\/td><td>$16,529<\/td><td>$3,219<\/td><\/tr><tr><td>Aquamarina<\/td><td>$11,639<\/td><td>$12,449<\/td><td>$13,269<\/td><td>$14,459<\/td><td>$3,959<\/td><\/tr><tr><td>Riu Dunamar<\/td><td>N\/A<\/td><td>$14,599<\/td><td>$15,699<\/td><td>$21,629<\/td><td>$3,619<\/td><\/tr><tr><td>Riu Canc\u00fan<\/td><td>N\/A<\/td><td>$15,669<\/td><td>$16,869<\/td><td>$23,329<\/td><td>$3,709<\/td><\/tr><\/tbody><\/table><\/figure>\n\n\n\n<p style=\"padding-right:var(--wp--preset--spacing--60);padding-left:var(--wp--preset--spacing--60)\"><strong>TARIFAS PLAN EUROPEO<\/strong><\/p>\n\n\n\n<figure class=\"wp-block-table\" style=\"padding-right:var(--wp--preset--spacing--60);padding-left:var(--wp--preset--spacing--60)\"><table><tbody><tr><td><strong>HOTEL<\/strong><\/td><td><strong>CPL<\/strong><\/td><td><strong>TRIPLE<\/strong><\/td><td><strong>DOBLE<\/strong><\/td><td><strong>SGL<\/strong><\/td><td><strong>MNR<\/strong><\/td><\/tr><tr><td>Selina Dowtown<\/td><td>$5,949<\/td><td>$6,799<\/td><td>$7,229<\/td><td>$10,349<\/td><td>$4,079<\/td><\/tr><tr><td>Selina Zona Hotelera<\/td><td>$7,439<\/td><td>$9,239<\/td><td>$10,029<\/td><td>$12,989<\/td><td>$5,179<\/td><\/tr><tr><td>Selina Tulum<\/td><td>$ 7,869<\/td><td>$ 9,069<\/td><td>$11,469<\/td><td>$ 13,939<\/td><td>$ 9,199<\/td><\/tr><\/tbody><\/table><\/figure>\n\n\n\n<p style=\"padding-right:var(--wp--preset--spacing--60);padding-left:var(--wp--preset--spacing--60)\"><strong>IMPUESTOS Y SUPLEMENTOS<\/strong><\/p>\n\n\n\n<figure class=\"wp-block-table\" style=\"padding-right:var(--wp--preset--spacing--60);padding-left:var(--wp--preset--spacing--60)\"><table><tbody><tr><td>Impuestos a\u00e9reos<\/td><td>$ 1,289<\/td><\/tr><\/tbody><\/table><\/figure>\n\n\n\n<p style=\"padding-right:var(--wp--preset--spacing--60);padding-left:var(--wp--preset--spacing--60)\">\u2013 Precios por persona en moneda nacional m\u00e1s impuestos.<br>\u2013 Los precios indicados en este itinerario son de car\u00e1cter informativo y deben ser confirmados para realizar su reservaci\u00f3n ya que est\u00e1n sujetos a modificaciones sin previo aviso.<br>\u2013 Consulte con su ejecutivo suplemento de temporada alta: semana santa, verano, navidad, fin de a\u00f1o y\/o puentes&nbsp;<br>\u2013 Tarifa de menor considerada de 2 a 11 a\u00f1os.<br>\u2013 Horarios de vuelo sujetos a cambio establecidos por aerol\u00ednea.<\/p>\n\n\n\n<figure class=\"wp-block-table\" style=\"padding-right:var(--wp--preset--spacing--60);padding-left:var(--wp--preset--spacing--60)\"><table><tbody><tr><td colspan=\"4\"><strong>HOTELES PREVISTOS O SIMILARES<\/strong><\/td><\/tr><tr><td><strong>HOTEL<\/strong><\/td><td><strong>TIPO<\/strong><\/td><td><strong>PA\u00cdS<\/strong><\/td><\/tr><tr><td>Wyndham Garden playa del Carmen<\/td><td>Turista<\/td><td>M\u00e9xico<\/td><\/tr><tr><td>Wyndham Garden Canc\u00fan Dowtown<\/td><td>Turista<\/td><td>M\u00e9xico<\/td><\/tr><tr><td>FaifieldInn &amp; Suites<\/td><td>Turista<\/td><td>M\u00e9xico<\/td><\/tr><tr><td>Reina Roja Playa del Carm\u00e9n (S\u00f3lo Adultos)<\/td><td>Turista<\/td><td>M\u00e9xico<\/td><\/tr><tr><td>Adhara Express<\/td><td>Turista<\/td><td>M\u00e9xico<\/td><\/tr><tr><td>Ocean View Canc\u00fan Arenas<\/td><td>Turista<\/td><td>M\u00e9xico<\/td><\/tr><tr><td>Aquamarina Beach<\/td><td>Turista<\/td><td>M\u00e9xico<\/td><\/tr><tr><td>All Ritmo<\/td><td>Turista<\/td><td>M\u00e9xico<\/td><\/tr><tr><td>Ocean View Arenas<\/td><td>Turista<\/td><td>M\u00e9xico<\/td><\/tr><tr><td>RIU Lupita<\/td><td>Turista<\/td><td>M\u00e9xico<\/td><\/tr><tr><td>Aquamarina<\/td><td>Turista<\/td><td>M\u00e9xico<\/td><\/tr><tr><td>RIU Dunamar<\/td><td>Turista<\/td><td>M\u00e9xico<\/td><\/tr><tr><td>RIU Canc\u00fan<\/td><td>Turista<\/td><td>M\u00e9xico<\/td><\/tr><tr><td>Selina Dowtown<\/td><td>Turista<\/td><td>M\u00e9xico<\/td><\/tr><tr><td>Selina Zona Hotelera<\/td><td>Turista<\/td><td>M\u00e9xico<\/td><\/tr><tr><td>Selina Tulum<\/td><td>Turista<\/td><td>M\u00e9xico<\/td><\/tr><tr><td colspan=\"4\">\u00c9sta es la relaci\u00f3n de los hoteles utilizados m\u00e1s frecuentemente en este circuito. Reflejada tan s\u00f3lo a efectos indicativos, pudiendo ser el pasajero alojado en establecimientos similares o alternativos<\/td><\/tr><\/tbody><\/table><\/figure>\n\n\n\n<p style=\"padding-right:var(--wp--preset--spacing--60);padding-left:var(--wp--preset--spacing--60)\">El paquete incluye<\/p>\n\n\n\n<ul class=\"wp-block-list\" style=\"padding-right:var(--wp--preset--spacing--60);padding-left:var(--wp--preset--spacing--60)\">\n<li>Vuelo viaje redondo MEX \u2013 CUN \u2013 MEX<\/li>\n\n\n\n<li>Transportaci\u00f3n terrestre aeropuerto-hotel-aeropuerto, en servicio compartido<\/li>\n\n\n\n<li>03 noches de alojamiento en la ciudad de Canc\u00fan<\/li>\n\n\n\n<li>R\u00e9gimen de alimentos seg\u00fan elecci\u00f3n<\/li>\n\n\n\n<li>1 Maleta documentada por pasajero (VIVA AEROBUS 15 KG)<\/li>\n<\/ul>\n\n\n\n<p style=\"padding-right:var(--wp--preset--spacing--60);padding-left:var(--wp--preset--spacing--60)\">El paquete no incluye:<\/p>\n\n\n\n<ul class=\"wp-block-list\" style=\"padding-right:var(--wp--preset--spacing--60);padding-left:var(--wp--preset--spacing--60)\">\n<li>IMPUESTOS $1,289 MXN POR PERSONA<\/li>\n\n\n\n<li>Consultar equipaje incluido con otras aerol\u00edneas.<\/li>\n\n\n\n<li>Gastos personales, seguros m\u00e9dicos, tours opcionales, servicios no especificados en el itinerario)<\/li>\n\n\n\n<li>Alimentos y bebidas que no est\u00e9n especificados en su plan de alimentaci\u00f3n.<\/li>\n<\/ul>\n","protected":false},"excerpt":{"rendered":"<p>MT-40100 Canc\u00fan Ciudades Visitadas:&nbsp;M\u00e9xico Duraci\u00f3n:&nbsp;4 D\u00edas y 3 Noches Desde:4799 MXN + 1289 Imp Fecha(s) de salida: Diarias Vigencia:&nbsp;Precios vigentes hasta el 31\/12\/2023 Aerolinea INCLUYE VUELO Itinerario 6 Meses SIN INTERESES hasta 31 de octubre del 2023Solo Santander \/ Scotiabank D\u00cdA 1 M\u00c9XICO \u2013 CANC\u00daNPresentarse en el Aeropuerto de la Ciudad de M\u00e9xico para tomar [&hellip;]<\/p>\n","protected":false},"author":1,"featured_media":0,"parent":0,"menu_order":0,"comment_status":"closed","ping_status":"closed","template":"","meta":{"om_disable_all_campaigns":false,"_monsterinsights_skip_tracking":false,"_monsterinsights_sitenote_active":false,"_monsterinsights_sitenote_note":"","_monsterinsights_sitenote_category":0,"site-sidebar-layout":"default","site-content-layout":"","ast-site-content-layout":"default","site-content-style":"default","site-sidebar-style":"default","ast-global-header-display":"","ast-banner-title-visibility":"","ast-main-header-display":"","ast-hfb-above-header-display":"","ast-hfb-below-header-display":"","ast-hfb-mobile-header-display":"","site-post-title":"disabled","ast-breadcrumbs-content":"","ast-featured-img":"","footer-sml-layout":"","ast-disable-related-posts":"","theme-transparent-header-meta":"","adv-header-id-meta":"","stick-header-meta":"","header-above-stick-meta":"","header-main-stick-meta":"","header-below-stick-meta":"","astra-migrate-meta-layouts":"set","ast-page-background-enabled":"default","ast-page-background-meta":{"desktop":{"background-color":"","background-image":"","background-repeat":"repeat","background-position":"center center","background-size":"auto","background-attachment":"scroll","background-type":"","background-media":"","overlay-type":"","overlay-color":"","overlay-opacity":"","overlay-gradient":""},"tablet":{"background-color":"","background-image":"","background-repeat":"repeat","background-position":"center center","background-size":"auto","background-attachment":"scroll","background-type":"","background-media":"","overlay-type":"","overlay-color":"","overlay-opacity":"","overlay-gradient":""},"mobile":{"background-color":"","background-image":"","background-repeat":"repeat","background-position":"center center","background-size":"auto","background-attachment":"scroll","background-type":"","background-media":"","overlay-type":"","overlay-color":"","overlay-opacity":"","overlay-gradient":""}},"ast-content-background-meta":{"desktop":{"background-color":"var(--ast-global-color-5)","background-image":"","background-repeat":"repeat","background-position":"center center","background-size":"auto","background-attachment":"scroll","background-type":"","background-media":"","overlay-type":"","overlay-color":"","overlay-opacity":"","overlay-gradient":""},"tablet":{"background-color":"var(--ast-global-color-5)","background-image":"","background-repeat":"repeat","background-position":"center center","background-size":"auto","background-attachment":"scroll","background-type":"","background-media":"","overlay-type":"","overlay-color":"","overlay-opacity":"","overlay-gradient":""},"mobile":{"background-color":"var(--ast-global-color-5)","background-image":"","background-repeat":"repeat","background-position":"center center","background-size":"auto","background-attachment":"scroll","background-type":"","background-media":"","overlay-type":"","overlay-color":"","overlay-opacity":"","overlay-gradient":""}},"footnotes":""},"class_list":["post-706","page","type-page","status-publish","hentry"],"aioseo_notices":[],"_links":{"self":[{"href":"https:\/\/camaratravel.com\/index.php?rest_route=\/wp\/v2\/pages\/706","targetHints":{"allow":["GET"]}}],"collection":[{"href":"https:\/\/camaratravel.com\/index.php?rest_route=\/wp\/v2\/pages"}],"about":[{"href":"https:\/\/camaratravel.com\/index.php?rest_route=\/wp\/v2\/types\/page"}],"author":[{"embeddable":true,"href":"https:\/\/camaratravel.com\/index.php?rest_route=\/wp\/v2\/users\/1"}],"replies":[{"embeddable":true,"href":"https:\/\/camaratravel.com\/index.php?rest_route=%2Fwp%2Fv2%2Fcomments&post=706"}],"version-history":[{"count":4,"href":"https:\/\/camaratravel.com\/index.php?rest_route=\/wp\/v2\/pages\/706\/revisions"}],"predecessor-version":[{"id":1583,"href":"https:\/\/camaratravel.com\/index.php?rest_route=\/wp\/v2\/pages\/706\/revisions\/1583"}],"wp:attachment":[{"href":"https:\/\/camaratravel.com\/index.php?rest_route=%2Fwp%2Fv2%2Fmedia&parent=706"}],"curies":[{"name":"wp","href":"https:\/\/api.w.org\/{rel}","templated":true}]}}