{"id":700,"date":"2023-10-08T17:55:41","date_gmt":"2023-10-08T17:55:41","guid":{"rendered":"https:\/\/camaratravel.com\/?page_id=700"},"modified":"2023-10-31T14:43:36","modified_gmt":"2023-10-31T14:43:36","slug":"mt-40003-escapate-a-chiapas","status":"publish","type":"page","link":"https:\/\/camaratravel.com\/?page_id=700","title":{"rendered":"MT-40003 Esc\u00e1pate a Chiapas"},"content":{"rendered":"\n<div class=\"wp-block-cover is-light\"><span aria-hidden=\"true\" class=\"wp-block-cover__background has-background-dim\"><\/span><img decoding=\"async\" class=\"wp-block-cover__image-background\" alt=\"\" src=\"https:\/\/one.cdnmega.com\/images\/viajes\/covers\/escaupate-a-chiapas-1024x575_642c7137a826c.webp\" data-object-fit=\"cover\"\/><div class=\"wp-block-cover__inner-container is-layout-flow wp-block-cover-is-layout-flow\">\n<p class=\"has-text-align-center has-large-font-size\"><\/p>\n<\/div><\/div>\n\n\n\n<p style=\"padding-right:var(--wp--preset--spacing--60);padding-left:var(--wp--preset--spacing--60)\">MT-40003 Esc\u00e1pate a Chiapas<\/p>\n\n\n\n<p style=\"padding-right:var(--wp--preset--spacing--60);padding-left:var(--wp--preset--spacing--60)\"><strong>Ciudades Visitadas:<\/strong>&nbsp;M\u00e9xico<\/p>\n\n\n\n<p style=\"padding-right:var(--wp--preset--spacing--60);padding-left:var(--wp--preset--spacing--60)\"><strong>Duraci\u00f3n:<\/strong>&nbsp;5 D\u00edas y 4 Noches<\/p>\n\n\n\n<p style=\"padding-right:var(--wp--preset--spacing--60);padding-left:var(--wp--preset--spacing--60)\"><strong>Desde:<\/strong>11539 MXN + 1599 Imp<\/p>\n\n\n\n<p style=\"padding-right:var(--wp--preset--spacing--60);padding-left:var(--wp--preset--spacing--60)\"><strong>Fecha(s) de salida:<\/strong><\/p>\n\n\n\n<p style=\"padding-right:var(--wp--preset--spacing--60);padding-left:var(--wp--preset--spacing--60)\"><br>Diarias<\/p>\n\n\n\n<p style=\"padding-right:var(--wp--preset--spacing--60);padding-left:var(--wp--preset--spacing--60)\"><strong>Vigencia:<\/strong>&nbsp;Precios vigentes hasta el 15\/12\/2023<\/p>\n\n\n\n<p style=\"padding-right:var(--wp--preset--spacing--60);padding-left:var(--wp--preset--spacing--60)\"><strong>Aerolinea<\/strong><\/p>\n\n\n\n<h5 class=\"wp-block-heading\" style=\"padding-right:var(--wp--preset--spacing--60);padding-left:var(--wp--preset--spacing--60)\">INCLUYE VUELO<\/h5>\n\n\n\n<figure class=\"wp-block-image aligncenter\"><img decoding=\"async\" src=\"https:\/\/one.cdnmega.com\/images\/aerolineas\/iata\/AM.png\" alt=\"Aeromexico\"\/><\/figure>\n\n\n\n<figure class=\"wp-block-image aligncenter\"><img decoding=\"async\" src=\"https:\/\/one.cdnmega.com\/images\/aerolineas\/iata\/VB.png\" alt=\"Viva Aerobus\"\/><\/figure>\n\n\n\n<figure class=\"wp-block-image aligncenter\"><img decoding=\"async\" src=\"https:\/\/one.cdnmega.com\/images\/aerolineas\/iata\/Y4.png\" alt=\"Volaris\"\/><\/figure>\n\n\n\n<p style=\"padding-right:var(--wp--preset--spacing--60);padding-left:var(--wp--preset--spacing--60)\">Itinerario<\/p>\n\n\n\n<p style=\"padding-right:var(--wp--preset--spacing--60);padding-left:var(--wp--preset--spacing--60)\"><strong>D\u00cdA 01 M\u00c9XICO \u2013 TUXTLA GUTI\u00c9RREZ \u2013 CA\u00d1\u00d3N DEL SUMIDERO \u2013 CHIAPA DE CORSO \u2013 SAN CRIST\u00d3BAL DE LAS CASAS<\/strong><br>Cita en el aeropuerto de la Ciudad de M\u00e9xico, para abordar vuelo con destino a la ciudad de Tuxtla Guti\u00e9rrez por su cuenta. Recepci\u00f3n en Tuxtla Guti\u00e9rrez, nuestra aventura comenzar\u00e1 al trasladarnos hacia el embarcadero del r\u00edo Grijalva para navegar y observar la maravilla geol\u00f3gica que le da nombre al Ca\u00f1\u00f3n del Sumidero, observaremos la diversidad de flora y fauna que nos ofrece este impresionante destino. Al terminar, nos trasladaremos a la Ciudad Colonial de San Crist\u00f3bal de Las Casas (2\u2019300 MSNM), fundada en 1528 por el capit\u00e1n Diego de Mazariegos y declarada Patrimonio Cultural de la Humanidad. A la llegada, podr\u00e1n registrarse en el hotel elegido y tendr\u00e1n el resto del d\u00eda libre. Alojamiento.<\/p>\n\n\n\n<p style=\"padding-right:var(--wp--preset--spacing--60);padding-left:var(--wp--preset--spacing--60)\"><strong>D\u00cdA 02&nbsp;SAN CRIST\u00d3BAL DE LAS CASAS \u2013 LAGOS DE MONTEBELLO \u2013 SAN CRIST\u00d3BAL DE LAS CASAS<\/strong><br>Por la ma\u00f1ana, saldremos de San Crist\u00f3bal de Las Casas, hacia los Lagos de Montebello, nuestra primera visita ser\u00e1 la comunidad ind\u00edgena alfarera de Amatenango del Valle; posteriormente, iremos a la cascada del Chifl\u00f3n, una ca\u00edda de agua natural que est\u00e1 rodeada por exuberante vegetaci\u00f3n formada por ca\u00f1averales y palmares, terminaremos con la visita a la zona lacustre m\u00e1s bella de M\u00e9xico: los Lagos de Montebello. La Reserva Natural que lleva este nombre, est\u00e1 compuesta por varias hect\u00e1reas de pinos, encinos y selva; ah\u00ed podremos ver varios lagos, si el clima lo permite, podremos observar las diferentes tonalidades de las aguas que componen \u00e9ste hermoso lugar. Regresaremos por la tarde-noche a San Crist\u00f3bal de Las Casas. Alojamiento.<\/p>\n\n\n\n<p style=\"padding-right:var(--wp--preset--spacing--60);padding-left:var(--wp--preset--spacing--60)\"><strong>D\u00cdA 03 SAN CRIST\u00d3BAL \u2013 SAN JUAN CHAMULA \u2013 ZINACANT\u00c1N \u2013 CITY &nbsp;TOUR SAN CRIST\u00d3BAL DE LAS CASAS<\/strong><br>Despu\u00e9s del desayuno, partiremos hacia las Comunidades Ind\u00edgenas del grupo \u00e9tnico Tzotzil; visitando primeramente Chamula, para aprender, y as\u00ed entender la fusi\u00f3n de tradiciones contempor\u00e1neas y caracter\u00edsticas ancestrales mayas que identifican a \u00e9ste lugar. Posteriormente, seguiremos a Zinacant\u00e1n, en donde visitaremos la iglesia y la casa de una cooperativa familiar, seremos recibidos con una bebida regional y observaremos como las mujeres trabajan el telar de cintura de \u00e9pocas Pre-colombinas. Despu\u00e9s de ver las muestras de lo que ellas producen, nos ofrecer\u00e1n pasar a su cocina, donde si tenemos suerte, nos invitar\u00e1n a probar tortillas hechas a mano. Al terminar, regresaremos a San Crist\u00f3bal de Las Casas y haremos un City Tour por \u00e9sta bella ciudad. Resto del d\u00eda libre. Alojamiento.<\/p>\n\n\n\n<p style=\"padding-right:var(--wp--preset--spacing--60);padding-left:var(--wp--preset--spacing--60)\"><strong>D\u00cdA 04&nbsp;SAN CRIST\u00d3BAL \u2013 CASCADAS DE AGUA AZUL \u2013 MISOL-HA \u2013 ZONA ARQUEOL\u00d3GICA DE PALENQUE<\/strong><br>Temprano en la ma\u00f1ana, saldremos hacia Palenque, haciendo escala en Agua Azul, un conjunto de cascadas creadas por las corrientes de los r\u00edos Otul\u00fan, Shumulj\u00e1 y Tulij\u00e1, formando ca\u00f1ones no muy profundos con acantilados verticales, en donde podremos nadar y disfrutar de las diferentes \u00e1reas. Despu\u00e9s, proseguiremos a las cascadas de Misol-Ha, que con sus 30 metros de altura y rodeada por selva tropical alta, hacen de \u00e9ste, un hermoso y refrescante lugar. Al terminar visitaremos el sitio arqueol\u00f3gico de Palenque. \u00c9sta ciudad maya destaca por su acervo arquitect\u00f3nico y escult\u00f3rico; en donde podremos admirar varias construcciones: El Palacio, El Templo de la Cruz Foliada, El Templo del Sol y otras m\u00e1s. Al terminar nos trasladaremos al hotel en la ciudad de Palenque. Alojamiento.<\/p>\n\n\n\n<p style=\"padding-right:var(--wp--preset--spacing--60);padding-left:var(--wp--preset--spacing--60)\"><strong>D\u00cdA 05&nbsp;PALENQUE \u2013 MUSEO LA VENTA \u2013 AEROPUERTO VILLAHERMOSA<\/strong><br>Despu\u00e9s del desayuno partiremos hacia la ciudad de Villahermosa, en donde visitaremos el museo \u201cLa Venta\u201d, que atesora una de las m\u00e1s grandes colecciones de piezas pertenecientes a la Cultura Olmeca; todo clasificado en 4 grupos: altares, estelas, esculturas exentas y las impresionantes cabezas colosales.Posteriormente, realizaremos el traslado (Aeropuerto, Hotel, Central de Autobuses) para el regreso a casa.<\/p>\n\n\n\n<p style=\"padding-right:var(--wp--preset--spacing--60);padding-left:var(--wp--preset--spacing--60)\"><small><strong>**El itinerario puede sufrir modificaciones por causa de fuerza mayor y ajena a Mega Travel como paros, huelgas, bloqueos, retrasos de l\u00edneas a\u00e9reas**<\/strong><\/small><strong>&nbsp;&nbsp;&nbsp;&nbsp;&#8230;FIN DE NUESTROS SERVICIOS<\/strong><\/p>\n\n\n\n<p style=\"padding-right:var(--wp--preset--spacing--60);padding-left:var(--wp--preset--spacing--60)\">Precios y Hoteles:<\/p>\n\n\n\n<figure class=\"wp-block-table\" style=\"padding-right:var(--wp--preset--spacing--60);padding-left:var(--wp--preset--spacing--60)\"><table><tbody><tr><td><strong>CATEGOR\u00cdA<\/strong><\/td><td><strong>CPL<\/strong><\/td><td><strong>TRIPLE<\/strong><\/td><td><strong>DOBLE<\/strong><\/td><td><strong>SGL<\/strong><\/td><td><strong>MNR<\/strong><\/td><\/tr><tr><td>3 Estrellas<\/td><td>$ 11,539<\/td><td>$ 11,619<\/td><td>$ 12,719<\/td><td>$ 14,489<\/td><td>$ 7,799<\/td><\/tr><tr><td>4 Estrellas<\/td><td>NA<\/td><td>$ 12,059<\/td><td>$ 13,209<\/td><td>$ 15,059<\/td><td>$ 8,039<\/td><\/tr><tr><td>5 Estrellas<\/td><td>NA<\/td><td>$ 14,959<\/td><td>$ 16,499<\/td><td>$ 21,169<\/td><td>$ 9,689<\/td><\/tr><\/tbody><\/table><\/figure>\n\n\n\n<p style=\"padding-right:var(--wp--preset--spacing--60);padding-left:var(--wp--preset--spacing--60)\"><strong>IMPUESTOS Y SUPLEMENTOS<\/strong><\/p>\n\n\n\n<figure class=\"wp-block-table\" style=\"padding-right:var(--wp--preset--spacing--60);padding-left:var(--wp--preset--spacing--60)\"><table><tbody><tr><td>Impuestos a\u00e9reos<\/td><td>$ 1,599<\/td><\/tr><tr><td colspan=\"2\">Aplican supl. temporada alta (navidad, fin de a\u00f1o, semana santa, verano)<\/td><\/tr><\/tbody><\/table><\/figure>\n\n\n\n<p style=\"padding-right:var(--wp--preset--spacing--60);padding-left:var(--wp--preset--spacing--60)\">\u2013 Precios por persona en MXN<br>\u2013 Los precios indicados en este itinerario son de car\u00e1cter informativo y deben ser confirmados para realizar su reservaci\u00f3n ya que est\u00e1n sujetos a modificaciones sin previo aviso.<br>\u2013 Opera con un m\u00ednimo de 02 pasajeros<br>\u2013 Servicio compartido<br>\u2013&nbsp;Consultar suplementos por cambio de categor\u00eda.<\/p>\n\n\n\n<figure class=\"wp-block-table\" style=\"padding-right:var(--wp--preset--spacing--60);padding-left:var(--wp--preset--spacing--60)\"><table><thead><tr><td colspan=\"4\"><strong>HOTELES PREVISTOS O SIMILARES<\/strong><\/td><\/tr><tr><td><strong>HOTEL<\/strong><\/td><td><strong>CIUDAD<\/strong><\/td><td><strong>TIPO<\/strong><\/td><td><strong>PA\u00cdS<\/strong><\/td><\/tr><\/thead><tbody><tr><td>Hotel Para\u00edso o similar<\/td><td>San Cristobal<\/td><td>3 Estrellas<\/td><td>M\u00e9xico<\/td><\/tr><tr><td>Hotel Ca\u00f1ada Internacional o similar<\/td><td>Palenque<\/td><td>3&nbsp;Estrellas<\/td><td>M\u00e9xico<\/td><\/tr><tr><td>Hotel Plaza Magnolias o similar<\/td><td>San Cristobal<\/td><td>4&nbsp;Estrellas<\/td><td>M\u00e9xico<\/td><\/tr><tr><td>Hotel Maya Tulipanes o similar<\/td><td>Palenque<\/td><td>4 Estrellas<\/td><td>M\u00e9xico<\/td><\/tr><tr><td>Hotel VIillamercedes o similar<\/td><td>San Cristobal<\/td><td>5 Estrellas<\/td><td>M\u00e9xico<\/td><\/tr><tr><td>Hotel VIillamercedes o similar<\/td><td>Palenque<\/td><td>5 Estrellas<\/td><td>M\u00e9xico<\/td><\/tr><tr><td colspan=\"4\">\u00c9sta es la relaci\u00f3n de los hoteles utilizados m\u00e1s frecuentemente en este circuito. Reflejada tan s\u00f3lo a efectos indicativos, pudiendo ser el pasajero alojado en establecimientos similares o alternativos<\/td><\/tr><\/tbody><\/table><\/figure>\n\n\n\n<p style=\"padding-right:var(--wp--preset--spacing--60);padding-left:var(--wp--preset--spacing--60)\">El paquete incluye<\/p>\n\n\n\n<ul class=\"wp-block-list\" style=\"padding-right:var(--wp--preset--spacing--60);padding-left:var(--wp--preset--spacing--60)\">\n<li>Vuelo redondo categor\u00eda Turista MEX-TGZ\/VSA-MEX<\/li>\n\n\n\n<li>Transportaci\u00f3n terrestre en veh\u00edculos con aire acondicionado<\/li>\n\n\n\n<li>Chofer-gu\u00eda en espa\u00f1ol\/ ingles durante todo el recorrido<\/li>\n\n\n\n<li>Gu\u00eda en zonas arqueol\u00f3gicas<\/li>\n\n\n\n<li>Todas las entradas a parques y monumentos descritos en el itinerario<\/li>\n\n\n\n<li>Visita en lancha al Parque Nacional Ca\u00f1\u00f3n del Sumidero.<\/li>\n\n\n\n<li>Visita al Parque Nacional Lagunas de Montebello.<\/li>\n\n\n\n<li>Visita panor\u00e1mica Amatenango del Valle.<\/li>\n\n\n\n<li>Visita Cascada Chifl\u00f3n.<\/li>\n\n\n\n<li>Visita San Juan Chamula.<\/li>\n\n\n\n<li>Visita Zinacant\u00e1n.<\/li>\n\n\n\n<li>City tour a pie en San Crist\u00f3bal de Las Casas.<\/li>\n\n\n\n<li>Visita las Cascadas de Agua Azul.<\/li>\n\n\n\n<li>Visita la Cascada de Misol-H\u00e1.<\/li>\n\n\n\n<li>Visita Zona Arqueol\u00f3gica de Palenque.<\/li>\n\n\n\n<li>Visita Parque Museo La Venta.<\/li>\n\n\n\n<li>Tour en lancha compartida en el r\u00edo Grijalva.<\/li>\n\n\n\n<li>Transfer in\/out<\/li>\n\n\n\n<li>03 noches de Alojamiento en San Crist\u00f3bal de Las Casas.<\/li>\n\n\n\n<li>01 noche de Alojamiento en Palenque.<\/li>\n\n\n\n<li>Desayuno tipo americano (3 d\u00edas en hotel y 1 d\u00eda en ruta).<\/li>\n<\/ul>\n\n\n\n<p style=\"padding-right:var(--wp--preset--spacing--60);padding-left:var(--wp--preset--spacing--60)\">El paquete no incluye:<\/p>\n\n\n\n<ul class=\"wp-block-list\" style=\"padding-right:var(--wp--preset--spacing--60);padding-left:var(--wp--preset--spacing--60)\">\n<li>IMPUESTOS $1,599 POR PERSONA<\/li>\n\n\n\n<li>GASTOS PERSONALES, PROPINAS<\/li>\n\n\n\n<li>SUPLEMENTO POR LLEGADA O SALIDA FUERA DE HORARIO<\/li>\n\n\n\n<li>BEBIDAS EN LOS ALIMENTOS<\/li>\n\n\n\n<li>NING\u00daN SERVICIO NO ESPEC\u00cdFICADO<\/li>\n\n\n\n<li>DESAYUNOS PARA MENORES<\/li>\n<\/ul>\n","protected":false},"excerpt":{"rendered":"<p>MT-40003 Esc\u00e1pate a Chiapas Ciudades Visitadas:&nbsp;M\u00e9xico Duraci\u00f3n:&nbsp;5 D\u00edas y 4 Noches Desde:11539 MXN + 1599 Imp Fecha(s) de salida: Diarias Vigencia:&nbsp;Precios vigentes hasta el 15\/12\/2023 Aerolinea INCLUYE VUELO Itinerario D\u00cdA 01 M\u00c9XICO \u2013 TUXTLA GUTI\u00c9RREZ \u2013 CA\u00d1\u00d3N DEL SUMIDERO \u2013 CHIAPA DE CORSO \u2013 SAN CRIST\u00d3BAL DE LAS CASASCita en el aeropuerto de la Ciudad [&hellip;]<\/p>\n","protected":false},"author":1,"featured_media":0,"parent":0,"menu_order":0,"comment_status":"closed","ping_status":"closed","template":"","meta":{"om_disable_all_campaigns":false,"_monsterinsights_skip_tracking":false,"_monsterinsights_sitenote_active":false,"_monsterinsights_sitenote_note":"","_monsterinsights_sitenote_category":0,"site-sidebar-layout":"default","site-content-layout":"","ast-site-content-layout":"default","site-content-style":"default","site-sidebar-style":"default","ast-global-header-display":"","ast-banner-title-visibility":"","ast-main-header-display":"","ast-hfb-above-header-display":"","ast-hfb-below-header-display":"","ast-hfb-mobile-header-display":"","site-post-title":"disabled","ast-breadcrumbs-content":"","ast-featured-img":"","footer-sml-layout":"","ast-disable-related-posts":"","theme-transparent-header-meta":"","adv-header-id-meta":"","stick-header-meta":"","header-above-stick-meta":"","header-main-stick-meta":"","header-below-stick-meta":"","astra-migrate-meta-layouts":"set","ast-page-background-enabled":"default","ast-page-background-meta":{"desktop":{"background-color":"","background-image":"","background-repeat":"repeat","background-position":"center center","background-size":"auto","background-attachment":"scroll","background-type":"","background-media":"","overlay-type":"","overlay-color":"","overlay-opacity":"","overlay-gradient":""},"tablet":{"background-color":"","background-image":"","background-repeat":"repeat","background-position":"center center","background-size":"auto","background-attachment":"scroll","background-type":"","background-media":"","overlay-type":"","overlay-color":"","overlay-opacity":"","overlay-gradient":""},"mobile":{"background-color":"","background-image":"","background-repeat":"repeat","background-position":"center center","background-size":"auto","background-attachment":"scroll","background-type":"","background-media":"","overlay-type":"","overlay-color":"","overlay-opacity":"","overlay-gradient":""}},"ast-content-background-meta":{"desktop":{"background-color":"var(--ast-global-color-5)","background-image":"","background-repeat":"repeat","background-position":"center center","background-size":"auto","background-attachment":"scroll","background-type":"","background-media":"","overlay-type":"","overlay-color":"","overlay-opacity":"","overlay-gradient":""},"tablet":{"background-color":"var(--ast-global-color-5)","background-image":"","background-repeat":"repeat","background-position":"center center","background-size":"auto","background-attachment":"scroll","background-type":"","background-media":"","overlay-type":"","overlay-color":"","overlay-opacity":"","overlay-gradient":""},"mobile":{"background-color":"var(--ast-global-color-5)","background-image":"","background-repeat":"repeat","background-position":"center center","background-size":"auto","background-attachment":"scroll","background-type":"","background-media":"","overlay-type":"","overlay-color":"","overlay-opacity":"","overlay-gradient":""}},"footnotes":""},"class_list":["post-700","page","type-page","status-publish","hentry"],"aioseo_notices":[],"_links":{"self":[{"href":"https:\/\/camaratravel.com\/index.php?rest_route=\/wp\/v2\/pages\/700","targetHints":{"allow":["GET"]}}],"collection":[{"href":"https:\/\/camaratravel.com\/index.php?rest_route=\/wp\/v2\/pages"}],"about":[{"href":"https:\/\/camaratravel.com\/index.php?rest_route=\/wp\/v2\/types\/page"}],"author":[{"embeddable":true,"href":"https:\/\/camaratravel.com\/index.php?rest_route=\/wp\/v2\/users\/1"}],"replies":[{"embeddable":true,"href":"https:\/\/camaratravel.com\/index.php?rest_route=%2Fwp%2Fv2%2Fcomments&post=700"}],"version-history":[{"count":3,"href":"https:\/\/camaratravel.com\/index.php?rest_route=\/wp\/v2\/pages\/700\/revisions"}],"predecessor-version":[{"id":1567,"href":"https:\/\/camaratravel.com\/index.php?rest_route=\/wp\/v2\/pages\/700\/revisions\/1567"}],"wp:attachment":[{"href":"https:\/\/camaratravel.com\/index.php?rest_route=%2Fwp%2Fv2%2Fmedia&parent=700"}],"curies":[{"name":"wp","href":"https:\/\/api.w.org\/{rel}","templated":true}]}}