{"id":698,"date":"2023-10-08T17:54:59","date_gmt":"2023-10-08T17:54:59","guid":{"rendered":"https:\/\/camaratravel.com\/?page_id=698"},"modified":"2023-11-02T19:29:08","modified_gmt":"2023-11-02T19:29:08","slug":"mt-40358-huasteca-magico","status":"publish","type":"page","link":"https:\/\/camaratravel.com\/?page_id=698","title":{"rendered":"MT-40358 Huasteca M\u00e1gico"},"content":{"rendered":"\n<div class=\"wp-block-cover is-light\" style=\"padding-top:var(--wp--preset--spacing--80);padding-bottom:var(--wp--preset--spacing--80);min-height:50px;aspect-ratio:unset;\"><span aria-hidden=\"true\" class=\"wp-block-cover__background has-luminous-vivid-orange-background-color has-background-dim-100 has-background-dim\"><\/span><div class=\"wp-block-cover__inner-container is-layout-flow wp-block-cover-is-layout-flow\">\n<p class=\"has-text-align-center has-large-font-size\"><\/p>\n<\/div><\/div>\n\n\n\n<figure class=\"wp-block-image\"><img decoding=\"async\" src=\"https:\/\/one.cdnmega.com\/images\/viajes\/covers\/huasteca-maugico-1024x575_626866c4c1061.webp\" alt=\"\"\/><\/figure>\n\n\n\n<p>MT-40358 Huasteca M\u00e1gico<\/p>\n\n\n\n<p><strong>Ciudades Visitadas:<\/strong>&nbsp;M\u00e9xico<\/p>\n\n\n\n<p><strong>Duraci\u00f3n:<\/strong>&nbsp;4 D\u00edas y 3 Noches<\/p>\n\n\n\n<p><strong>Desde:<\/strong>8799 MXN + 1599 Imp<\/p>\n\n\n\n<p><strong>Fecha(s) de salida:<\/strong><\/p>\n\n\n\n<h3 class=\"wp-block-heading\">Salidas para el a\u00f1o 2024<\/h3>\n\n\n\n<p>Marzo: 28<\/p>\n\n\n\n<p><strong>Vigencia:<\/strong>&nbsp;Precios vigentes hasta el 28\/03\/2024<\/p>\n\n\n\n<p><strong>Aerolinea<\/strong><\/p>\n\n\n\n<h5 class=\"wp-block-heading\">INCLUYE VUELO<\/h5>\n\n\n\n<figure class=\"wp-block-image\"><img decoding=\"async\" src=\"https:\/\/one.cdnmega.com\/images\/aerolineas\/iata\/AM.png\" alt=\"Aeromexico\"\/><\/figure>\n\n\n\n<figure class=\"wp-block-image\"><img decoding=\"async\" src=\"https:\/\/one.cdnmega.com\/images\/aerolineas\/iata\/VB.png\" alt=\"Viva Aerobus\"\/><\/figure>\n\n\n\n<p><a href=\"http:\/\/leafletjs.com\/\">Leaflet<\/a><\/p>\n\n\n\n<p>Itinerario<\/p>\n\n\n\n<p><strong>D\u00cdA 1 M\u00c9XICO \u2013 TAMPICO\u2013 CIUDAD VALLES&nbsp;<\/strong><br>Cita en el aeropuerto de la Ciudad de M\u00e9xico para tomar vuelo rumbo a la Ciudad de Tampico. Arribo a la Ciudad de Tampico, traslado a su hotel ubicado en Ciudad. Valles resto del d\u00eda libre o bien realizar alg\u00fan tour opcional (Consulte precios). Alojamiento.<\/p>\n\n\n\n<p><strong>D\u00cdA 2&nbsp;&nbsp; &nbsp; CIUDAD VALLES \u2013 JARDIN SURREALISTA- SOTANO DE HUAHUAS \u2013 CIUDAD VALLES.&nbsp;<\/strong><br>Desayuno en el hotel. Visitaremos el \u201cJard\u00edn Surrealista de Edward James\u201d, ubicado en el municipio de Xilitla; un lugar donde la combinaci\u00f3n del surrealismo y selva se juntan para formar un lugar totalmente m\u00e1gico, caminando por pasillos y escaleras sorprendentes; al finalizar te fascinaras por la gran cascada \u201cEl General\u201d y \u201cLas pozas\u201d de agua cristalinas que este lugar te ofrece.<br>Saldremos rumbo al \u201cS\u00f3tano de las Huahuas\u201d, cuya profundidad es de 478 metros, y en una de las paredes laterales se abre una enorme boca de 90 metros de altura y 80 de ancho, observaremos la entrada de miles de aves llamadas vencejos, a una velocidad de 150 km. por hora, un espect\u00e1culo realmente impresionante. Regreso al hotel&nbsp;<\/p>\n\n\n\n<p><strong>D\u00cdA 3&nbsp;&nbsp; &nbsp;CIUDAD VALLES \u2013 CASCADA DE MICOS-CASCADAS DE MINAS VIEJAS \u2013 CIUDAD VALLES&nbsp;<\/strong><br>Desayuno en el hotel. Saldremos de Ciudad Valles rumbo a las Cascadas de Micos. Llegando al sitio, tendremos la oportunidad de realizar una actividad llamada \u201cSalto de Cascadas\u201d, en la cual podremos saltar las 7 cascadas de diferentes alturas, de 1 a 8 metros, es una gran experiencia de aventura. En el caso de que las cascadas m\u00e1s altas no las saltemos, existe posibilidad de rodearlas. Si no deseamos hacer la actividad, podremos quedarnos en una cascada de 30 metros llamada \u201cEl Toro\u201d.&nbsp;<br>Posteriormente nos dirigimos hacia la Cascada de Minas Viejas, bajaremos 300 escalones y llegaremos a una impresionante ca\u00edda de 50 metros, formando pozas color azul turquesa, donde podremos entrar al agua y hacer un salto de 3 metros. Alojamiento.<\/p>\n\n\n\n<p><strong>D\u00cdA 4 CIUDAD VALLES \u2013 M\u00c9XICO&nbsp;<\/strong><br>Desayuno, tomaremos el traslado hacia el aeropuerto de la ciudad de Tampico para tomar vuelo a la Ciudad de M\u00e9xico.<strong>&nbsp;&nbsp;&nbsp;&nbsp;&#8230;FIN DE NUESTROS SERVICIOS<\/strong><\/p>\n\n\n\n<p>Precios y Hoteles:<\/p>\n\n\n\n<figure class=\"wp-block-table\"><table><tbody><tr><td><strong>CPL.<\/strong><\/td><td><strong>TRIPLE<\/strong><\/td><td><strong>DOBLE<\/strong><\/td><td><strong>SENCILLO<\/strong><\/td><td><strong>MENOR<\/strong><\/td><\/tr><tr><td>$ 8,799<\/td><td>$ 9,199<\/td><td>$ 9,799<\/td><td>$ 11,599<\/td><td>$ 8,599<\/td><\/tr><\/tbody><\/table><\/figure>\n\n\n\n<p><strong>IMPUESTOS Y SUPLEMENTOS<\/strong><\/p>\n\n\n\n<figure class=\"wp-block-table\"><table><tbody><tr><td>Impuestos A\u00e9reos<\/td><td>$ 1599<\/td><\/tr><\/tbody><\/table><\/figure>\n\n\n\n<p>\u2013 Precios indicados en MXN.<br>\u2013 Los precios cambian constantemente, as\u00ed que te sugerimos la verificaci\u00f3n de estos, y no utilizar este documento como definitivo.<br>\u2013 Menores aplican de 3 a 12 a\u00f1os.<br>\u2013 Programa opera con un m\u00ednimo de dos pasajeros.<\/p>\n\n\n\n<figure class=\"wp-block-table\"><table><thead><tr><td colspan=\"4\"><strong>HOTELES PREVISTOS O SIMILARES<\/strong><\/td><\/tr><tr><td><strong>Hotel<\/strong><\/td><td><strong>Ciudad<\/strong><\/td><td><strong>Tipo<\/strong><\/td><td><strong>Pais<\/strong><\/td><\/tr><\/thead><tbody><tr><td>Hotel Estancia Rheal O Similar<\/td><td>Ciudad Valles<\/td><td>Turista<\/td><td>M\u00e9xico<\/td><\/tr><tr><td colspan=\"4\">\u00c9sta es la relaci\u00f3n de los hoteles utilizados m\u00e1s frecuentemente en este circuito. Reflejada tan s\u00f3lo a efectos indicativos, pudiendo ser el pasajero alojado en establecimientos similares o alternativos<\/td><\/tr><\/tbody><\/table><\/figure>\n\n\n\n<p>El paquete incluye<\/p>\n\n\n\n<ul class=\"wp-block-list\">\n<li>Vuelo viaje redondo en clase turista<\/li>\n\n\n\n<li>Traslado aeropuerto-hotel-aeropuerto<\/li>\n\n\n\n<li>Desayunos<\/li>\n\n\n\n<li>Tour Jard\u00edn surrealista en Xilitla &amp; S\u00f3tano de las Huahuas<\/li>\n\n\n\n<li>03 noches de alojamiento en el hotel seleccionado<\/li>\n\n\n\n<li>Malet\u00edn de viaje, porta-documentos.<\/li>\n\n\n\n<li>1 comida completa durante el recorrido.<\/li>\n\n\n\n<li>Fotograf\u00eda del recorrido<\/li>\n<\/ul>\n\n\n\n<p>El paquete no incluye:<\/p>\n\n\n\n<ul class=\"wp-block-list\">\n<li>Impuestos $1,599 MXN<\/li>\n\n\n\n<li>Alimentos no mencionados en el itinerario, visitas y servicios no especificados gastos de \u00edndole personal, propinas y souvenirs<\/li>\n<\/ul>\n","protected":false},"excerpt":{"rendered":"<p>MT-40358 Huasteca M\u00e1gico Ciudades Visitadas:&nbsp;M\u00e9xico Duraci\u00f3n:&nbsp;4 D\u00edas y 3 Noches Desde:8799 MXN + 1599 Imp Fecha(s) de salida: Salidas para el a\u00f1o 2024 Marzo: 28 Vigencia:&nbsp;Precios vigentes hasta el 28\/03\/2024 Aerolinea INCLUYE VUELO Leaflet Itinerario D\u00cdA 1 M\u00c9XICO \u2013 TAMPICO\u2013 CIUDAD VALLES&nbsp;Cita en el aeropuerto de la Ciudad de M\u00e9xico para tomar vuelo rumbo a [&hellip;]<\/p>\n","protected":false},"author":1,"featured_media":0,"parent":0,"menu_order":0,"comment_status":"closed","ping_status":"closed","template":"","meta":{"om_disable_all_campaigns":false,"_monsterinsights_skip_tracking":false,"_monsterinsights_sitenote_active":false,"_monsterinsights_sitenote_note":"","_monsterinsights_sitenote_category":0,"site-sidebar-layout":"default","site-content-layout":"","ast-site-content-layout":"default","site-content-style":"default","site-sidebar-style":"default","ast-global-header-display":"","ast-banner-title-visibility":"","ast-main-header-display":"","ast-hfb-above-header-display":"","ast-hfb-below-header-display":"","ast-hfb-mobile-header-display":"","site-post-title":"disabled","ast-breadcrumbs-content":"","ast-featured-img":"","footer-sml-layout":"","ast-disable-related-posts":"","theme-transparent-header-meta":"","adv-header-id-meta":"","stick-header-meta":"","header-above-stick-meta":"","header-main-stick-meta":"","header-below-stick-meta":"","astra-migrate-meta-layouts":"set","ast-page-background-enabled":"default","ast-page-background-meta":{"desktop":{"background-color":"","background-image":"","background-repeat":"repeat","background-position":"center center","background-size":"auto","background-attachment":"scroll","background-type":"","background-media":"","overlay-type":"","overlay-color":"","overlay-opacity":"","overlay-gradient":""},"tablet":{"background-color":"","background-image":"","background-repeat":"repeat","background-position":"center center","background-size":"auto","background-attachment":"scroll","background-type":"","background-media":"","overlay-type":"","overlay-color":"","overlay-opacity":"","overlay-gradient":""},"mobile":{"background-color":"","background-image":"","background-repeat":"repeat","background-position":"center center","background-size":"auto","background-attachment":"scroll","background-type":"","background-media":"","overlay-type":"","overlay-color":"","overlay-opacity":"","overlay-gradient":""}},"ast-content-background-meta":{"desktop":{"background-color":"var(--ast-global-color-5)","background-image":"","background-repeat":"repeat","background-position":"center center","background-size":"auto","background-attachment":"scroll","background-type":"","background-media":"","overlay-type":"","overlay-color":"","overlay-opacity":"","overlay-gradient":""},"tablet":{"background-color":"var(--ast-global-color-5)","background-image":"","background-repeat":"repeat","background-position":"center center","background-size":"auto","background-attachment":"scroll","background-type":"","background-media":"","overlay-type":"","overlay-color":"","overlay-opacity":"","overlay-gradient":""},"mobile":{"background-color":"var(--ast-global-color-5)","background-image":"","background-repeat":"repeat","background-position":"center center","background-size":"auto","background-attachment":"scroll","background-type":"","background-media":"","overlay-type":"","overlay-color":"","overlay-opacity":"","overlay-gradient":""}},"footnotes":""},"class_list":["post-698","page","type-page","status-publish","hentry"],"aioseo_notices":[],"_links":{"self":[{"href":"https:\/\/camaratravel.com\/index.php?rest_route=\/wp\/v2\/pages\/698","targetHints":{"allow":["GET"]}}],"collection":[{"href":"https:\/\/camaratravel.com\/index.php?rest_route=\/wp\/v2\/pages"}],"about":[{"href":"https:\/\/camaratravel.com\/index.php?rest_route=\/wp\/v2\/types\/page"}],"author":[{"embeddable":true,"href":"https:\/\/camaratravel.com\/index.php?rest_route=\/wp\/v2\/users\/1"}],"replies":[{"embeddable":true,"href":"https:\/\/camaratravel.com\/index.php?rest_route=%2Fwp%2Fv2%2Fcomments&post=698"}],"version-history":[{"count":4,"href":"https:\/\/camaratravel.com\/index.php?rest_route=\/wp\/v2\/pages\/698\/revisions"}],"predecessor-version":[{"id":1606,"href":"https:\/\/camaratravel.com\/index.php?rest_route=\/wp\/v2\/pages\/698\/revisions\/1606"}],"wp:attachment":[{"href":"https:\/\/camaratravel.com\/index.php?rest_route=%2Fwp%2Fv2%2Fmedia&parent=698"}],"curies":[{"name":"wp","href":"https:\/\/api.w.org\/{rel}","templated":true}]}}