{"id":679,"date":"2023-10-08T17:43:30","date_gmt":"2023-10-08T17:43:30","guid":{"rendered":"https:\/\/camaratravel.com\/?page_id=679"},"modified":"2023-11-02T19:19:54","modified_gmt":"2023-11-02T19:19:54","slug":"mt-40445-ruta-maya-8-dias","status":"publish","type":"page","link":"https:\/\/camaratravel.com\/?page_id=679","title":{"rendered":"MT-40445 Ruta Maya 8 d\u00edas"},"content":{"rendered":"\n<div class=\"wp-block-cover is-light\"><span aria-hidden=\"true\" class=\"wp-block-cover__background has-background-dim\"><\/span><img decoding=\"async\" class=\"wp-block-cover__image-background\" alt=\"\" src=\"https:\/\/one.cdnmega.com\/images\/viajes\/covers\/ruta-maya-1024x575_6449b6c3b3857.webp\" data-object-fit=\"cover\"\/><div class=\"wp-block-cover__inner-container is-layout-flow wp-block-cover-is-layout-flow\">\n<p class=\"has-text-align-center has-large-font-size\"><\/p>\n<\/div><\/div>\n\n\n\n<p>MT-40445 Ruta Maya 8 d\u00edas<\/p>\n\n\n\n<p><strong>Ciudades Visitadas:<\/strong>&nbsp;M\u00e9xico<\/p>\n\n\n\n<p><strong>Duraci\u00f3n:<\/strong>&nbsp;8 D\u00edas y 7 Noches<\/p>\n\n\n\n<p><strong>Desde:<\/strong>11999 MXN + 1599 Imp<\/p>\n\n\n\n<p><strong>Fecha(s) de salida:<\/strong><\/p>\n\n\n\n<p><br>Noviembre: 19<br>Diciembre: 21, 29<\/p>\n\n\n\n<h3 class=\"wp-block-heading\">Salidas para el a\u00f1o 2024<\/h3>\n\n\n\n<p>Enero: 18<br>Febrero: 01<br>Marzo: 14, 24<br>Abril: 04, 28<\/p>\n\n\n\n<p><strong>Vigencia:<\/strong>&nbsp;Precios vigentes hasta el 28\/04\/2024<\/p>\n\n\n\n<p><strong>Aerolinea<\/strong><\/p>\n\n\n\n<h5 class=\"wp-block-heading\">INCLUYE VUELO<\/h5>\n\n\n\n<figure class=\"wp-block-image\"><img decoding=\"async\" src=\"https:\/\/one.cdnmega.com\/images\/aerolineas\/iata\/Y4.png\" alt=\"Volaris\"\/><\/figure>\n\n\n\n<figure class=\"wp-block-image\"><img decoding=\"async\" src=\"https:\/\/one.cdnmega.com\/images\/aerolineas\/iata\/VB.png\" alt=\"Viva Aerobus\"\/><\/figure>\n\n\n\n<p><a href=\"http:\/\/leafletjs.com\/\">Leaflet<\/a><\/p>\n\n\n\n<p>Itinerario<\/p>\n\n\n\n<p><strong>D\u00cdA 01 M\u00c9XICO \u2013 CANC\u00daN<\/strong><br>Cita en el aeropuerto para tomar vuelo rumbo a la ciudad de Canc\u00fan, recibimiento por el gu\u00eda en el aeropuerto, traslado a su hotel y check in. Resto del d\u00eda libre. Alojamiento en Canc\u00fan. (Posibilidad de agregar noches Pre. consulte con su ejecutivo de ventas).<\/p>\n\n\n\n<p><strong>D\u00cdA 02 CANC\u00daN \u2013 CHICHEN ITZA&nbsp;\u2013 M\u00c9RIDA<\/strong><br>Despu\u00e9s del desayuno saldremos a la zona arqueol\u00f3gica m\u00e1s significativa de la Pen\u00ednsula de Yucat\u00e1n, zona declarada Patrimonio de la Humanidad por la Unesco, admira el poderoso Templo de Kukulk\u00e1n, la serpiente emplumada, mide aproximadamente 22 m (75 pies) de alto y es el monumento m\u00e1s famoso de esta majestuosa ciudad. Comida (no incluida). Terminada la visita tomaremos camino a la ciudad de M\u00e9rida. Por la tarde haremos un city tour panor\u00e1mico con vistas a El Paseo de Montejo, el monumento a la Patria, la Plaza Principal con la Catedral y los Palacios de Gobierno. Alojamiento en M\u00e9rida.<\/p>\n\n\n\n<p><strong>D\u00cdA 03 M\u00c9RIDA&nbsp;\u2013 UXMAL&nbsp;\u2013 CAMPECHE<\/strong><br>Despu\u00e9s del desayuno, Salida con destino a Uxmal considerada la construcci\u00f3n m\u00e1s hermosa de Mesoam\u00e9rica por su estilo e imponentes proporciones. La estructura m\u00e1s impresionante es la Pir\u00e1mide del Adivino, con una altura de m\u00e1s de 35 metros, dise\u00f1ada de tal modo que su escalinata da cara al oriente, hacia la puesta del sol en el solsticio de verano. Continuaremos nuestro camino hasta la Ciudad de Campeche, una de las capitales m\u00e1s hermosas del pa\u00eds, declarada Patrimonio de la Humanidad. Al establecerse la villa espa\u00f1ola en lo que hoy es la plaza principal, siendo un pueblo situado junto al mar sigui\u00f3 el modelo renacentista del trazo en cuadricula, as\u00ed la UNESCO la mencion\u00f3 como un modelo de planificaci\u00f3n de una ciudad barroca colonial. Llegada y vista panoramica de la ciudad amurallada. Alojamiento en Campeche.<\/p>\n\n\n\n<p><strong>D\u00cdA 04 CAMPECHE&nbsp;\u2013 EDZN\u00c1<\/strong><br>Desayuno y &nbsp;salida con destino a la &nbsp;zona arqueol\u00f3gica de Ednz\u00e1, visita guiada de &nbsp;la zona arqueol\u00f3gica de Edzn\u00e1. &nbsp;Situada a 45 min al sureste de la ciudad capital, la Antigua ciudad maya presente desde 600a.c. aproximadamente, se mantuvo presente a lo largo de casi 1800a\u00f1os. Se puede admirar su variedad en arquitectura y temporalidades constructivas coronadas por su Templo Pir\u00e1mide de los Cinco Pisos, su plaza principal, juego de pelota y Nohoch N\u00e1 ,muestras de la arquitectura Pet\u00e9n,Chenes,R\u00edo Bec y Puuc. Alojamiento en Xpujil.<br><small><strong>**Por razones operativas, el horario de salida puede modificarse**<\/strong><\/small><\/p>\n\n\n\n<p><strong>D\u00cdA 05 XPUJIL&nbsp;\u2013 BACALAR&nbsp;\u2013 CHETUMAL<\/strong><br>Despu\u00e9s del desayuno, saldremos con destino a Bacalar, iniciaremos nuestro recorrido al Pueblo M\u00e1gico con visita al centro, tiempo libre para poder explorar de las maravillas que ofrece como la hermosa laguna conocida tambi\u00e9n como \u201cLaguna de los Siete Colores\u201d . Los suelos del fondo, la diferencia de profundidades y la variaci\u00f3n de la intensidad del Sol, hacen que sus aguas muestren una maravillosa diversidad de tonos azules.(posibilidad de tomar un tour opcional en lancha).Comida (no incluida). Llegada a la ciudad de Chetumal y city tour panoramico. Alojamiento en Chetumal.<\/p>\n\n\n\n<p><strong>D\u00cdA 06 CHETUMAL&nbsp;\u2013 TULUM&nbsp;\u2013 PLAYA DEL CARMEN<\/strong><br>Desayuno en el hotel, salida hacia la zona arqueol\u00f3gica de Tulum, el \u00fanico sitio maya construido junto al mar, est\u00e9 sitio sirvi\u00f3 como puerto comercial y de defensa para la civilizaci\u00f3n maya. Llegada por la tarde a &nbsp;Playa del Carmen. Alojamiento en Playa del Carmen.&nbsp;<\/p>\n\n\n\n<p><strong>D\u00cdA 07 PLAYA DEL CARMEN<\/strong><br>Desayuno. D\u00eda libre (sin gui\u00e1) para disfrutar de las hermosas playas del Caribe Mexicano y hacer actividades personales o bien posibilidad de tomar un tour opcional. Alojamiento en Playa del Carmen.<\/p>\n\n\n\n<p><strong>D\u00cdA 08 PLAYA DEL CARMEN&nbsp;\u2013 CIUDAD DE M\u00c9XICO<\/strong><br>Desayuno. Ma\u00f1ana libre (sin gui\u00e1).A la hora indicada traslado de salida con destino al aeropuerto de Canc\u00fan, para tomar nuestro vuelo de regreso.&nbsp;<br><small><strong>Posibilidad de agregar noches post \u00f3 mejorar la categor\u00eda de hotel. (Consulte con su ejecutivo de ventas).<\/strong><\/small><\/p>\n\n\n\n<p><small><strong>**El itinerario puede sufrir modificaciones por causa de fuerza mayor y ajena a Mega Travel tales como cierres por contingencia, bloqueos, retrasos de l\u00edneas a\u00e9reas etc sin embargo siempre tratamos de cumplir con el itinerario para convivencia de los pasajeros**<\/strong><\/small><strong>&nbsp;&nbsp;&nbsp;&nbsp;&#8230;FIN DE NUESTROS SERVICIOS<\/strong><\/p>\n\n\n\n<p>Precios y Hoteles:<\/p>\n\n\n\n<figure class=\"wp-block-table\"><table><tbody><tr><td colspan=\"5\"><strong>SALIDAS 2023<\/strong><\/td><\/tr><tr><td><strong>CPL<\/strong><\/td><td><strong>TRIPLE<\/strong><\/td><td><strong>DOBLE<\/strong><\/td><td><strong>SGL<\/strong><\/td><td><strong>MNR<\/strong><\/td><\/tr><tr><td>$ 11,999<\/td><td>$12,999<\/td><td>$13,999<\/td><td>$21,999<\/td><td>$11,499<\/td><\/tr><tr><td colspan=\"5\"><strong>SALIDAS 2024<\/strong><\/td><\/tr><tr><td><strong>CPL<\/strong><\/td><td><strong>TRIPLE<\/strong><\/td><td><strong>DOBLE<\/strong><\/td><td><strong>SGL<\/strong><\/td><td><strong>MNR<\/strong><\/td><\/tr><tr><td>$ 12,699<\/td><td>$13,699<\/td><td>$14,699<\/td><td>$21,999<\/td><td>$11,999<\/td><\/tr><\/tbody><\/table><\/figure>\n\n\n\n<p><strong>IMPUESTOS Y SUPLEMENTOS<\/strong><\/p>\n\n\n\n<figure class=\"wp-block-table\"><table><tbody><tr><td>Impuestos A\u00e9reos<\/td><td>$ 1,599<\/td><\/tr><tr><td>Diciembre: 21, 29<\/td><td>$ 2,399<\/td><\/tr><tr><td colspan=\"4\"><strong>SALIDAS 2024<\/strong><\/td><\/tr><tr><td>Febrero: 01<br>Marzo: 14<br>Abril: 28<\/td><td>$ 1,999<\/td><\/tr><tr><td>Marzo: 24<br>Abril: 04<\/td><td>$ 2,399<\/td><\/tr><\/tbody><\/table><\/figure>\n\n\n\n<p>\u2013&nbsp;Precios por persona en MXN m\u00e1s impuestos. Tarifas sujetas a cambios hasta el momento de su compra. Los impuestos pueden cambiar hasta el momento de la emisi\u00f3n del vuelo.<\/p>\n\n\n\n<figure class=\"wp-block-table\"><table><tbody><tr><td colspan=\"4\"><strong>HOTELES PREVISTOS O SIMILARES<\/strong><\/td><\/tr><tr><td><strong>Hotel<\/strong><\/td><td><strong>Ciudad<\/strong><\/td><td><strong>Tipo<\/strong><\/td><td><strong>Pais<\/strong><\/td><\/tr><tr><td>Hotel Fairfield Inn &amp; Suites By Marriott Cancun Downtown o similar<\/td><td>Canc\u00fan<\/td><td>Turista<\/td><td>M\u00e9xico<\/td><\/tr><tr><td>HotelColonial o similar<\/td><td>M\u00e9rida<\/td><td>Turista<\/td><td>M\u00e9xico<\/td><\/tr><tr><td>Hotel Misi\u00f3n Campeche o similar<\/td><td>Campeche<\/td><td>Turista<\/td><td>M\u00e9xico<\/td><\/tr><tr><td>Hotel Maya Balam o similar<\/td><td>Calakmul<\/td><td>Turista<\/td><td>M\u00e9xico<\/td><\/tr><tr><td>Hotel City Express o similar<\/td><td>Chetumal<\/td><td>Turista<\/td><td>M\u00e9xico<\/td><\/tr><tr><td>Hotel Wyndham o similar<\/td><td>Playa Del Carmen<\/td><td>Turista<\/td><td>M\u00e9xico<\/td><\/tr><tr><td colspan=\"4\">\u00c9sta es la relaci\u00f3n de los hoteles utilizados m\u00e1s frecuentemente en este circuito. Reflejada tan s\u00f3lo a efectos indicativos, pudiendo ser el pasajero alojado en establecimientos similares o alternativos<\/td><\/tr><\/tbody><\/table><\/figure>\n\n\n\n<p>El paquete incluye<\/p>\n\n\n\n<ul class=\"wp-block-list\">\n<li>Vuelo redondo MEX-CUN-MEX en clase Turista<\/li>\n\n\n\n<li>Transportaci\u00f3n terrestre durante todo el recorrido<\/li>\n\n\n\n<li>01 noche de alojamiento en la ciudad de Canc\u00fan<\/li>\n\n\n\n<li>01 noche de alojamiento en la ciudad de M\u00e9rida<\/li>\n\n\n\n<li>01 noche de alojamiento en la ciudad de Campeche<\/li>\n\n\n\n<li>01 noche de alojamiento en la ciudad de Xpujil<\/li>\n\n\n\n<li>01 noche de alojamiento en la ciudad de Chetumal<\/li>\n\n\n\n<li>02 noches de alojamiento en la ciudad de Playa del Carmen<\/li>\n\n\n\n<li>Chofer y gu\u00eda (espa\u00f1ol) durante todo el recorrido, excepto los d\u00edas libres.<\/li>\n\n\n\n<li>07 desayunos tipo americanos<\/li>\n\n\n\n<li>Entradas a:<\/li>\n\n\n\n<li>Chichen Itza, Uxmal, Edzna y Tulum.<\/li>\n\n\n\n<li>Visitas de ciudad en M\u00e9rida, Campeche, Bacalar y Chetumal (si el tiempo lo permite)<\/li>\n<\/ul>\n\n\n\n<p>El paquete no incluye:<\/p>\n\n\n\n<ul class=\"wp-block-list\">\n<li>IMPUESTOS $1,599 MXN POR PERSONA<\/li>\n\n\n\n<li>GASTOS PERSONALES, PROPINAS A GUI\u00c1, CHOFER Y MALETEROS (SEGUROS M\u00c9DICOS, ALIMENTOS Y\/O TOURS OPCIONALES, SERVICIOS NO ESPECIFICADOS)<\/li>\n<\/ul>\n","protected":false},"excerpt":{"rendered":"<p>MT-40445 Ruta Maya 8 d\u00edas Ciudades Visitadas:&nbsp;M\u00e9xico Duraci\u00f3n:&nbsp;8 D\u00edas y 7 Noches Desde:11999 MXN + 1599 Imp Fecha(s) de salida: Noviembre: 19Diciembre: 21, 29 Salidas para el a\u00f1o 2024 Enero: 18Febrero: 01Marzo: 14, 24Abril: 04, 28 Vigencia:&nbsp;Precios vigentes hasta el 28\/04\/2024 Aerolinea INCLUYE VUELO Leaflet Itinerario D\u00cdA 01 M\u00c9XICO \u2013 CANC\u00daNCita en el aeropuerto para [&hellip;]<\/p>\n","protected":false},"author":1,"featured_media":0,"parent":0,"menu_order":0,"comment_status":"closed","ping_status":"closed","template":"","meta":{"om_disable_all_campaigns":false,"_monsterinsights_skip_tracking":false,"_monsterinsights_sitenote_active":false,"_monsterinsights_sitenote_note":"","_monsterinsights_sitenote_category":0,"site-sidebar-layout":"default","site-content-layout":"","ast-site-content-layout":"default","site-content-style":"default","site-sidebar-style":"default","ast-global-header-display":"","ast-banner-title-visibility":"","ast-main-header-display":"","ast-hfb-above-header-display":"","ast-hfb-below-header-display":"","ast-hfb-mobile-header-display":"","site-post-title":"disabled","ast-breadcrumbs-content":"","ast-featured-img":"","footer-sml-layout":"","ast-disable-related-posts":"","theme-transparent-header-meta":"","adv-header-id-meta":"","stick-header-meta":"","header-above-stick-meta":"","header-main-stick-meta":"","header-below-stick-meta":"","astra-migrate-meta-layouts":"set","ast-page-background-enabled":"default","ast-page-background-meta":{"desktop":{"background-color":"","background-image":"","background-repeat":"repeat","background-position":"center center","background-size":"auto","background-attachment":"scroll","background-type":"","background-media":"","overlay-type":"","overlay-color":"","overlay-opacity":"","overlay-gradient":""},"tablet":{"background-color":"","background-image":"","background-repeat":"repeat","background-position":"center center","background-size":"auto","background-attachment":"scroll","background-type":"","background-media":"","overlay-type":"","overlay-color":"","overlay-opacity":"","overlay-gradient":""},"mobile":{"background-color":"","background-image":"","background-repeat":"repeat","background-position":"center center","background-size":"auto","background-attachment":"scroll","background-type":"","background-media":"","overlay-type":"","overlay-color":"","overlay-opacity":"","overlay-gradient":""}},"ast-content-background-meta":{"desktop":{"background-color":"var(--ast-global-color-5)","background-image":"","background-repeat":"repeat","background-position":"center center","background-size":"auto","background-attachment":"scroll","background-type":"","background-media":"","overlay-type":"","overlay-color":"","overlay-opacity":"","overlay-gradient":""},"tablet":{"background-color":"var(--ast-global-color-5)","background-image":"","background-repeat":"repeat","background-position":"center center","background-size":"auto","background-attachment":"scroll","background-type":"","background-media":"","overlay-type":"","overlay-color":"","overlay-opacity":"","overlay-gradient":""},"mobile":{"background-color":"var(--ast-global-color-5)","background-image":"","background-repeat":"repeat","background-position":"center center","background-size":"auto","background-attachment":"scroll","background-type":"","background-media":"","overlay-type":"","overlay-color":"","overlay-opacity":"","overlay-gradient":""}},"footnotes":""},"class_list":["post-679","page","type-page","status-publish","hentry"],"aioseo_notices":[],"_links":{"self":[{"href":"https:\/\/camaratravel.com\/index.php?rest_route=\/wp\/v2\/pages\/679","targetHints":{"allow":["GET"]}}],"collection":[{"href":"https:\/\/camaratravel.com\/index.php?rest_route=\/wp\/v2\/pages"}],"about":[{"href":"https:\/\/camaratravel.com\/index.php?rest_route=\/wp\/v2\/types\/page"}],"author":[{"embeddable":true,"href":"https:\/\/camaratravel.com\/index.php?rest_route=\/wp\/v2\/users\/1"}],"replies":[{"embeddable":true,"href":"https:\/\/camaratravel.com\/index.php?rest_route=%2Fwp%2Fv2%2Fcomments&post=679"}],"version-history":[{"count":4,"href":"https:\/\/camaratravel.com\/index.php?rest_route=\/wp\/v2\/pages\/679\/revisions"}],"predecessor-version":[{"id":1600,"href":"https:\/\/camaratravel.com\/index.php?rest_route=\/wp\/v2\/pages\/679\/revisions\/1600"}],"wp:attachment":[{"href":"https:\/\/camaratravel.com\/index.php?rest_route=%2Fwp%2Fv2%2Fmedia&parent=679"}],"curies":[{"name":"wp","href":"https:\/\/api.w.org\/{rel}","templated":true}]}}