{"id":652,"date":"2023-10-06T17:23:19","date_gmt":"2023-10-06T17:23:19","guid":{"rendered":"https:\/\/camaratravel.com\/?page_id=652"},"modified":"2023-11-10T05:12:15","modified_gmt":"2023-11-10T05:12:15","slug":"mt-20041-egipto-petra-y-tierra-santa","status":"publish","type":"page","link":"https:\/\/camaratravel.com\/?page_id=652","title":{"rendered":"MT-20041 Egipto, Petra y Tierra Santa"},"content":{"rendered":"\n<div class=\"wp-block-cover is-light\" style=\"padding-top:var(--wp--preset--spacing--80);padding-bottom:var(--wp--preset--spacing--80);min-height:50px;aspect-ratio:unset;\"><span aria-hidden=\"true\" class=\"wp-block-cover__background has-vivid-green-cyan-background-color has-background-dim-100 has-background-dim\"><\/span><div class=\"wp-block-cover__inner-container is-layout-flow wp-block-cover-is-layout-flow\">\n<p class=\"has-text-align-center has-large-font-size\"><\/p>\n<\/div><\/div>\n\n\n\n<p>MT-20041 Egipto, Petra y Tierra Santa<\/p>\n\n\n\n<p><strong>Ciudades Visitadas:<\/strong>&nbsp;Egipto, Jordania, Israel<\/p>\n\n\n\n<figure class=\"wp-block-image\"><img decoding=\"async\" src=\"https:\/\/one.cdnmega.com\/images\/viajes\/covers\/egipto-petra-y-tierra-santa-844x474_5db9bb63c7581.jpg\" alt=\"\"\/><\/figure>\n\n\n\n<p><strong>Duraci\u00f3n:<\/strong>&nbsp;20 D\u00edas y 18 Noches<\/p>\n\n\n\n<p><strong>Desde:<\/strong>1999 USD + 999 Imp<\/p>\n\n\n\n<p><strong>Fecha(s) de salida:<\/strong><\/p>\n\n\n\n<h3 class=\"wp-block-heading\">Salidas para el a\u00f1o 2024<\/h3>\n\n\n\n<p>Febrero: 20<\/p>\n\n\n\n<p><strong>Vigencia:<\/strong>&nbsp;Precios vigentes hasta el 20\/02\/2024<\/p>\n\n\n\n<p><strong>Aerolinea<\/strong><\/p>\n\n\n\n<h5 class=\"wp-block-heading\">INCLUYE VUELO<\/h5>\n\n\n\n<figure class=\"wp-block-image\"><img decoding=\"async\" src=\"https:\/\/one.cdnmega.com\/images\/aerolineas\/iata\/AF.png\" alt=\"Air France\"\/><\/figure>\n\n\n\n<p>Itinerario<\/p>\n\n\n\n<p><strong>D\u00cdA 01&nbsp;M\u00c9XICO \u2708 PAR\u00cdS<\/strong><br>Cita en el aeropuerto de la ciudad de M\u00e9xico para abordar vuelo con destino a Par\u00eds. Noche a bordo.&nbsp;<\/p>\n\n\n\n<p><strong>D\u00cdA 02&nbsp;PAR\u00cdS \u2708 EL CAIRO&nbsp;<\/strong><br>Llegada y tiempo de espera para abordar el siguiente vuelo con destino a El Cairo.<\/p>\n\n\n\n<p><strong>D\u00cdA 03 EL CAIRO<\/strong><br>Llegada por la madrugada, recepci\u00f3n en el aeropuerto y traslado al hotel. Alojamiento.<br>Desayuno. Dia libre. Alojamiento.<\/p>\n\n\n\n<p><strong>D\u00cdA 04&nbsp;EL CAIRO<\/strong><br>Desayuno. Por la ma\u00f1ana salida para visitar las pir\u00e1mides de Giza, complejo funerario formado por las pir\u00e1mides de Keops, una de las siete maravillas del Mundo, Kefr\u00e9n, Mikerinos, la Esfinge de Kefr\u00e9n y el Templo del Valle. Tarde libre. Por la noche sugerimos realizar opcional (con costo adicional) ESPECT\u00c1CULO DE LUZ Y SONIDO EN LAS PIR\u00c1MIDES. Alojamiento.<\/p>\n\n\n\n<p><strong>D\u00cdA 05&nbsp;EL CAIRO&nbsp;<\/strong><br>Desayuno. D\u00eda libre. Alojamiento.<br>Excursi\u00f3n Opcional (con costo adicional) al MUSEO EGIPCIO donde se encuentran miles de piezas originales del Antiguo Egipto, entre ellas los Tesoros del Fara\u00f3n Tutankamon; La Ciudadela de Saladino; La Mezquita de Mohamed Ali; El barrio copto donde se encuentra la Iglesia de la Sagrada Familia y Bazar Khan Khalili.&nbsp;<\/p>\n\n\n\n<p><strong>D\u00cdA 06&nbsp;EL CAIRO<\/strong><br>Desayuno. D\u00eda libre. Alojamiento.&nbsp;&nbsp; &nbsp;<br>Sugerimos realizar la excursi\u00f3n opcional (con costo adicional) ALEJANDR\u00cdA CON ALMUERZO: Conocida como la perla del mediterr\u00e1neo se sit\u00faa a unos 220 km al norte de El Cairo. Fundada por Alejandro Magno en el a\u00f1o 332 a.C. y fue la capital de Egipto en la \u00e9poca Greco-Romana, la excursi\u00f3n de Alejandr\u00eda incluye la visita panor\u00e1mica de la Ciudadela de Qaitibai, visita al palacio del Montaza que en sus or\u00edgenes se estableci\u00f3 como residencia de verano de la familia real, a la grandiosa Biblioteca de Alejandr\u00eda, las Catacumbas de Kom El shokafa . (Las catacumbas de Kom El Shoqafa es considerado una de las Siete Maravillas de la Edad Media), la necr\u00f3polis consiste de una serie de tumbas alejandrinas, estatuas y otros objetos de gran valor arqueol\u00f3gico.<\/p>\n\n\n\n<p><strong>D\u00cdA 07&nbsp;EL CAIRO \u2708 ASWAN&nbsp;<\/strong><br>Desayuno. A la hora indicada, traslado al aeropuerto para tomar el vuelo con destino a Aswan. Llegada, asistencia. Visita a la gran presa de Aswan. Alojamiento.<\/p>\n\n\n\n<p><strong>D\u00cdA 08&nbsp;ASWAN \ud83d\udea2&nbsp;<\/strong><br>Desayuno. Visita a la cantera de granito con el obelisco inacabado de casi 200 toneladas de peso. M\u00e1s tarde paseo en \u201cFaluca\u201d, t\u00edpico barco de vela egipcio, alrededor de la Isla Elefantina y traslado al barco para el embarque. Comida y cena a bordo. Noche a bordo.<\/p>\n\n\n\n<p><strong>D\u00cdA 09&nbsp;KOM OMBO \ud83d\udea2 EDFU<\/strong><br>R\u00e9gimen de pensi\u00f3n completa a bordo. En la madrugada posibilidad de realizar una excursi\u00f3n opcional (con costo adicional) a los TEMPLOS DE ABU SIMBEL. Por la tarde navegaci\u00f3n a Kom Ombo. Llegada y visita al templo dedicado a los dioses Sobek y Haroeris. Tambi\u00e9n veremos un nil\u00f3metro, utilizado por los antiguos egipcios para medir el nivel de las aguas de este rio. Navegaci\u00f3n a Edfu. Noche a bordo.<\/p>\n\n\n\n<p><strong>D\u00cdA 10&nbsp;EDFU \ud83d\udea2 ESNA \ud83d\udea2 LUXOR<\/strong><br>R\u00e9gimen de pensi\u00f3n completa a bordo. Vista al Templo dedicado al Dios de la cabeza de Halc\u00f3n: Horus, construido por los Ptolomeos, el segundo en tama\u00f1o y el mejor conservado de Egipto. Navegaci\u00f3n hacia Esna para el paso de la esclusa y continuar a Luxor y visita al templo de Luxor. Noche a bordo.<\/p>\n\n\n\n<p><strong>D\u00cdA 11 LUXOR \u2708 AQABA \ud83d\ude8c WADI RUM \ud83d\ude8c AQABA<\/strong><br>Desayuno y desembarque. Por la ma\u00f1ana visita al templo de Karnak y luego cruzaremos El Nilo hacia la orilla occidental para visitar la necr\u00f3polis de Tebas, donde descubriremos el Valle de los Reyes, lugar donde se encuentran enterrados los faraones de las dinast\u00edas XVIII a la XX, sus esposas y los pr\u00edncipes de sangre real, en tumbas excavadas en la roca de las monta\u00f1as. Visitaremos tambi\u00e9n el Templo de la reina Hatchepsut en Dair Al Bahari y los Colosos de Memn\u00f3n. A la hora prevista traslado al aeropuerto para tomar el vuelo con destino a Aqaba. Llegada y visita opcional (con costo adicional) al DESIERTO DE WADI RUM, uno de los escenarios de las pel\u00edculas \u201cThe Martian\u201d y \u201cLa Guerra de las Galaxias: El Ascenso de Skywalker\u201d, y uno de los entornos m\u00e1s espectaculares de Oriente Medio. Se trata de un desierto de arena roja, sobre la cual, se alzan monta\u00f1as de granito y picos de colores dorados y rojizos. Recorrido (tour cl\u00e1sico) en veh\u00edculo 4&#215;4 por los imponentes paisajes de aproximadamente 2 horas. Traslado a hotel en Aqaba. Cena y alojamiento.<\/p>\n\n\n\n<p><strong>D\u00cdA 12&nbsp;AQABA \ud83d\ude8c PETRA \ud83d\ude8c AQABA<\/strong><br>Desayuno. Visita de d\u00eda completo a la ciudad Nabatea de Petra, una de las maravillas del mundo, excavada en roca rosa hace m\u00e1s de 2000 a\u00f1os. Accederemos hasta la entrada del desfiladero (Siq). Desde all\u00ed continuaremos para llegar al impresionante conjunto monumental del Tesoro (El Khazneh). Visita del teatro, el altar del sacrificio, calle de las columnas y las tumbas reales. Regreso al hotel. Alojamiento.&nbsp;<\/p>\n\n\n\n<p><strong>D\u00cdA 13 AQABA \ud83d\ude8c JERASH \ud83d\ude8c AMMAN<\/strong><br>Desayuno. Traslado hacia Amman. Sugerimos tomar la excursi\u00f3n opcional (con costo adicional) AMMAN Y JERASH: Visita panor\u00e1mica de la ciudad de Amm\u00e1n nueva y antigua, conocida como Filadelfia: se efectuar\u00e1 un recorrido por la zona moderna, se procede al centro de la ciudad con una vista desde la Ciudadela. Continuaci\u00f3n al centro de la ciudad hacia el Teatro Romano, mercados tradicionales (souqs), iglesias y mezquitas. Salida hacia Jerash, una de las ciudades greco-romanas m\u00e1s completas y mejor conservadas del Imperio romano conocida como Pompeii del este, lo cual indica el gran ejemplo de la urbanizaci\u00f3n romana. Un recorrido por el tiempo a trav\u00e9s de sus calles, teatros, templos y plazas entre los que destaca la gran columnata, el arco del triunfo, la plaza ovalada y los templos de Zeus y Artemisa. Alojamiento.<\/p>\n\n\n\n<p><strong>D\u00cdA 14&nbsp;AMMAN \ud83d\ude8c MONTE NEBO\ud83d\ude8c MADABA \ud83d\ude8c JERUSAL\u00c9N &nbsp;<\/strong><br>Desayuno. Salida hacia el Monte Nebo, conocido como la tumba de Mois\u00e9s y desde cuya cima se divisa una magn\u00edfica panor\u00e1mica del Valle del Jord\u00e1n. Salida hacia Madaba la \u201cCiudad de los Mosaicos\u201d donde se visitar\u00e1 la iglesia de San Jorge que alberga el mapa de Tierra Santa confeccionado en el a\u00f1o 571 D. C. Salida hacia la frontera Sheikh Hussein. Llegada despu\u00e9s de los tr\u00e1mites fronterizos. Traslado al hotel en Jerusal\u00e9n. Alojamiento.<\/p>\n\n\n\n<p><strong>D\u00cdA 15 JERUSALEN \ud83d\ude8c CIUDAD NUEVA \ud83d\ude8c EIN KAREM \ud83d\ude8c BEL\u00c9N \ud83d\ude8c JERUSAL\u00c9N&nbsp;<\/strong><br>Desayuno. Salida para visitar el Monte Scopus, el Monte de los Olivos, el Huerto de Getseman\u00ed y la Bas\u00edlica de la Agon\u00eda. Viajaremos hacia Ein Kerem, visitando la iglesia de San Juan. Por la tarde Continuaci\u00f3n hacia Yad Vashem, museo recordatorio a los seis millones de v\u00edctimas ca\u00eddas en el Holocausto Visita al Santuario del Libro en el Museo de Israel, donde est\u00e1n expuestos los manuscritos encontrados en el Mar Muerto y la maqueta de la ciudad de Jerusal\u00e9n en la \u00e9poca de Jes\u00fas. &nbsp;Se sugiere tomar el tour opcional (con costo adicional) BEL\u00c9N CON ALMUERZO: Visitaremos la bas\u00edlica de la Natividad, Iglesia de Santa Catarina y la Gruta del Nacimiento. Regreso a Jerusal\u00e9n. Por la noche sugerimos realizar la opcional (con costo adicional) NOCHE EN JERUSAL\u00c9N (CIUDAD ANTIGUA, CALLE MAMILA Y SHOW DE LUCES Y SONIDOS): Saldremos del hotel en una caminata por la calle Yaffo, hacia la ciudad antigua de Jerusalem. Pasaremos por la calle Peatonal Mamila. Entraremos a la ciudad antigua de Jerusalem para disfrutar de su belleza nocturna iluminada. Entraremos al recinto de la Torre de El rey David, donde disfrutaremos del Show especial y \u00fanico de luces y sonidos. &nbsp;Disfrutaremos de un aperitivo tradicional de Israel y una bebida. Alojamiento.<\/p>\n\n\n\n<p><strong>D\u00cdA 16&nbsp;JERUSAL\u00c9N \ud83d\ude8c CIUDAD ANTIGUA \ud83d\ude8c JERUSAL\u00c9N&nbsp;<\/strong><br>Desayuno. La visita continuara por la ciudad Antigua: el Muro de los Lamentos y la V\u00eda Dolorosa, visitando la iglesia de la Flagelaci\u00f3n, la Capilla de la Condena, el Calvario y el Santo Sepulcro; la Explanada del Templo donde se encuentran las mezquitas de Omar y El-Aksa (la entrada a las mezquitas no est\u00e1 permitida), el Cardo Romano y el Mercado Oriental. Continuaci\u00f3n hacia el Monte Sion para visitar la Tumba del Rey David, el Cen\u00e1culo y la Abad\u00eda de la Dormici\u00f3n. Por la noche se sugiere tomar el tour opcional (con costo adicional) TOUR A TEL AVIV CON CENA: Visita a la Bolsa de Diamantes, centro mundial de comercio, donde veremos movimiento de compra y venta. Visitaremos un negocio con precios especiales de Diamantes. &nbsp;Continuaremos a Yaffo. Visita a la iglesia de San Pedro y las callejuelas de la ciudad, con los 12 nombres de zodiaco, el puerto y toda su belleza en Yaffo, luego vista panor\u00e1mica de la calle Rothschild con sus casas de arquitectura Bauhaus, la calle Dizengof &nbsp; y su movimiento. &nbsp;Seguiremos con nuestra visita Panor\u00e1mica del Mercado Sarona que era una Colonia alemana Templer en Tel Aviv. &nbsp;Cena en Tel Aviv. Regreso a Jerusal\u00e9n. Alojamiento.<\/p>\n\n\n\n<p><strong>D\u00cdA 17&nbsp;JERUSAL\u00c9N&nbsp;<\/strong><br>Desayuno. D\u00eda libre. Alojamiento.<br>Sugerimos tomar la excursi\u00f3n opcional (con costo adicional) a MAR MUERTO Y MASADA: Dejaremos Jerusal\u00e9n pasando por Maale Adumim y la Posada del Buen Samaritano. Descenderemos por el desierto de Judea hasta las saladas costas del Mar Muerto, que se encuentran en el punto m\u00e1s bajo del mundo (390 mts. bajo el nivel del mar). Bordeando las costas del Mar Muerto pasaremos por Qumran donde fueron encontrados los famosos Rollos del Mar Muerto. Continuaremos hasta el Oasis de Ein Guedi hasta llegar a la espectacular fortaleza de Masada. Ascenso en cable carril y visita del Palacio de Herodes, los Ba\u00f1os Termales, la Antigua Sinagoga, Iglesia Bizantina y el acueducto. Descenderemos en cable carril y comenzaremos la experiencia \u00fanica de ba\u00f1arse en el Mar Muerto. Visitaremos la famosa f\u00e1brica de productos de belleza del Mar Muerto &#8220;AHAVA&#8221;. Regreso a Jerusal\u00e9n.<\/p>\n\n\n\n<p><strong>D\u00cdA 18&nbsp;JERUSAL\u00c9N&nbsp;<\/strong><br>Desayuno. D\u00eda libre. Alojamiento.<br>Sugerimos tomar la excursi\u00f3n opcional (con costo adicional) A GALILEA, NAZARET Y TIBERIADES: Salida de Jerusal\u00e9n v\u00eda el Valle del Jord\u00e1n, donde podremos ver el Oasis de Jeric\u00f3. Bordearemos la frontera con Jordania hasta llegar al Valle de Israel y ascenderemos por los montes de Nazareth hasta llegar a la ciudad de Nazaret. Comenzaremos nuestra visita por la Bas\u00edlica de la Anunciaci\u00f3n donde veremos la gruta de la Anunciaci\u00f3n, el Taller de San Jos\u00e9 y recorreremos las calles de Nazareth hasta llegar a la Fuente de la Virgen. Pasando por Cana, sitio del primer milagro, llegaremos al Mar de La Galilea y ascenderemos al Monte de las Bienaventuranzas, sitio del Serm\u00f3n de la Monta\u00f1a donde tendremos una magnifica vista de la Galilea y Las Alturas del Gol\u00e1n. Descenderemos hasta las costas del Mar de la Galilea para visitar Capernaum, ciudad de Jes\u00fas y casa de Pedro. Continuaremos hasta Tabgha, donde se realiz\u00f3 el milagro de la multiplicaci\u00f3n de los panes y los peces, donde se encuentra el famoso mosaico Bizantino. Pasearemos por la ciudad de Tiberiades, hacia Yardenit, donde se encuentra lugar de conmemoraci\u00f3n del bautismo en el Rio Jord\u00e1n. Continuando a trav\u00e9s del Valle del R\u00edo Jord\u00e1n, ascenso por los Montes de Judea, retornaremos Jerusal\u00e9n. Alojamiento.<\/p>\n\n\n\n<p><strong>D\u00cdA 19&nbsp;JERUSALEN&nbsp;<\/strong><br>Desayuno. D\u00eda libre. Alojamiento.<\/p>\n\n\n\n<p><strong>D\u00cdA 20&nbsp;TEL AVIV \u2708 PAR\u00cdS \u2708 M\u00c9XICO<\/strong><br>A la hora conveniente traslado al aeropuerto para abordar vuelo con destino a Par\u00eds. Llegada y tiempo de espera para abordar el siguiente vuelo. Los pasajeros permanecer\u00e1n en tr\u00e1nsito mientras esperan para tomar el siguiente vuelo con destino a la Ciudad de M\u00e9xico.<\/p>\n\n\n\n<p><strong>\u2013 Este itinerario puede sufrir modificaciones por condiciones de carreteras, clima, otros aspectos no previsibles o disponibilidad al momento de reservar.<\/strong><br><strong>\u2013 El orden de los servicios puede cambiar.<\/strong><strong>&nbsp;&nbsp;&nbsp;&nbsp;&#8230;FIN DE NUESTROS SERVICIOS<\/strong><\/p>\n\n\n\n<p>Precios y Hoteles:<\/p>\n\n\n\n<figure class=\"wp-block-table\"><table><tbody><tr><td><strong>TRIPLE*<\/strong><\/td><td><strong>DOBLE<\/strong><\/td><td><strong>SGL<\/strong><\/td><\/tr><tr><td>$ 2,099<\/td><td>$ 1,999<\/td><td>$ 2,699<\/td><\/tr><\/tbody><\/table><\/figure>\n\n\n\n<p><strong>IMPUESTOS Y SUPLEMENTOS<\/strong><\/p>\n\n\n\n<figure class=\"wp-block-table\"><table><tbody><tr><td>Impuestos a\u00e9reos<\/td><td>$ 999<\/td><\/tr><tr><td>Febrero: 20<\/td><td>$ 399<\/td><\/tr><\/tbody><\/table><\/figure>\n\n\n\n<p>\u2013 Precios indicados en USD, pagaderos en Moneda Nacional al tipo de cambio del d\u00eda.<br>\u2013 Los precios indicados en este itinerario son de car\u00e1cter informativo y deben ser confirmados para realizar su reservaci\u00f3n ya que est\u00e1n sujetos a modificaciones sin previo aviso.<br>\u2013 *En Israel el acomodo ser\u00e1 una habitaci\u00f3n doble y una sencilla.<\/p>\n\n\n\n<figure class=\"wp-block-table\"><table><thead><tr><td colspan=\"4\"><strong>HOTELES PREVISTOS O SIMILARES<\/strong><\/td><\/tr><tr><td><strong>HOTEL<\/strong><\/td><td><strong>CIUDAD<\/strong><\/td><td><strong>TIPO<\/strong><\/td><td><strong>PA\u00cdS<\/strong><\/td><\/tr><\/thead><tbody><tr><td>Barcel\u00f3 Pyramids \/ Pyramids Park<\/td><td>El Cairo<\/td><td>Primera<\/td><td>Egipto<\/td><\/tr><tr><td>Nile Shams \/ Ramadis Ii \/ Princess Sarah \/ Solaris<\/td><td>Crucero Nilo<\/td><td>Superior<\/td><td>Egipto<\/td><\/tr><tr><td>My Luxury Hotel \/ Golden Tulip Aqaba<\/td><td>Aqaba<\/td><td>Primera<\/td><td>Jordania<\/td><\/tr><tr><td>Amman Retaj \/ Liwan Hotel<\/td><td>Amman<\/td><td>Primera<\/td><td>Jordania<\/td><\/tr><tr><td>Ibis \/ Prima Royal \/ Eyal Shalom \/ Shani<\/td><td>Jerusalen<\/td><td>Primera<\/td><td>Israel<\/td><\/tr><tr><td colspan=\"4\">\u00c9sta es la relaci\u00f3n de los hoteles utilizados m\u00e1s frecuentemente en este circuito. Reflejada tan s\u00f3lo a efectos indicativos, pudiendo ser el pasajero alojado en establecimientos similares o alternativos<\/td><\/tr><\/tbody><\/table><\/figure>\n\n\n\n<p>El paquete incluye<\/p>\n\n\n\n<ul class=\"wp-block-list\">\n<li>Boleto de avi\u00f3n M\u00e9xico \u2013 El Cairo \/ Tel Aviv \u2013M\u00e9xico, v\u00eda Europa en clase turista.<\/li>\n\n\n\n<li>Boletos de avi\u00f3n El Cairo \u2013 Aswan \/ Luxor \u2013 Aqaba, en clase turista.<\/li>\n\n\n\n<li>5 noches de alojamiento en El Cairo.<\/li>\n\n\n\n<li>1 noche de alojamiento en Aswan.<\/li>\n\n\n\n<li>3 noches de Crucero por el Nilo en barco categor\u00eda 5*<\/li>\n\n\n\n<li>2 noches de alojamiento en Aqaba.<\/li>\n\n\n\n<li>1 noche de alojamiento en Amman.<\/li>\n\n\n\n<li>6 noches de alojamiento en Jerusal\u00e9n.<\/li>\n\n\n\n<li>R\u00e9gimen alimenticio seg\u00fan itinerario.<\/li>\n\n\n\n<li>Traslados y visitas indicados.<\/li>\n\n\n\n<li>Gu\u00edas de habla hispana<\/li>\n\n\n\n<li>Autocar con aire acondicionado.<\/li>\n<\/ul>\n\n\n\n<p>El paquete no incluye:<\/p>\n\n\n\n<ul class=\"wp-block-list\">\n<li>Gastos personales y extras en los hoteles.<\/li>\n\n\n\n<li>Propinas en Egipto: 60 USD por persona. (Se paga directo en destino)<\/li>\n\n\n\n<li>Propinas en Jordania: 5 USD por persona por d\u00eda. (Se paga directo en destino)<\/li>\n\n\n\n<li>Impuesto de salida en Jordania: 15 USD por persona (sujeto a cambio en destino)<\/li>\n\n\n\n<li>Propinas en Israel: 5 USD por persona por d\u00eda. (Se paga directo en destino)<\/li>\n\n\n\n<li>Impuestos a\u00e9reos por persona<\/li>\n\n\n\n<li>Visa de Egipto.<\/li>\n\n\n\n<li>Ning\u00fan servicio no especificado como incluido o como opcional.<\/li>\n<\/ul>\n\n\n\n<p>Precios cotizados en d\u00f3lares americanos, pagaderos en Moneda Nacional al tipo de cambio del d\u00eda Los precios indicados son informativos y deben ser conformados antes de su compra ya que est\u00e1n sujetos a cambio sin previo aviso. Para obtener el costo exacto a pagar a tipo de cambio del d\u00eda, comun\u00edquese con nosotros. Consulte impuestos y suplementos.<\/p>\n","protected":false},"excerpt":{"rendered":"<p>MT-20041 Egipto, Petra y Tierra Santa Ciudades Visitadas:&nbsp;Egipto, Jordania, Israel Duraci\u00f3n:&nbsp;20 D\u00edas y 18 Noches Desde:1999 USD + 999 Imp Fecha(s) de salida: Salidas para el a\u00f1o 2024 Febrero: 20 Vigencia:&nbsp;Precios vigentes hasta el 20\/02\/2024 Aerolinea INCLUYE VUELO Itinerario D\u00cdA 01&nbsp;M\u00c9XICO \u2708 PAR\u00cdSCita en el aeropuerto de la ciudad de M\u00e9xico para abordar vuelo con [&hellip;]<\/p>\n","protected":false},"author":1,"featured_media":0,"parent":0,"menu_order":0,"comment_status":"closed","ping_status":"closed","template":"","meta":{"om_disable_all_campaigns":false,"_monsterinsights_skip_tracking":false,"_monsterinsights_sitenote_active":false,"_monsterinsights_sitenote_note":"","_monsterinsights_sitenote_category":0,"site-sidebar-layout":"default","site-content-layout":"","ast-site-content-layout":"default","site-content-style":"default","site-sidebar-style":"default","ast-global-header-display":"","ast-banner-title-visibility":"","ast-main-header-display":"","ast-hfb-above-header-display":"","ast-hfb-below-header-display":"","ast-hfb-mobile-header-display":"","site-post-title":"disabled","ast-breadcrumbs-content":"","ast-featured-img":"","footer-sml-layout":"","ast-disable-related-posts":"","theme-transparent-header-meta":"","adv-header-id-meta":"","stick-header-meta":"","header-above-stick-meta":"","header-main-stick-meta":"","header-below-stick-meta":"","astra-migrate-meta-layouts":"set","ast-page-background-enabled":"default","ast-page-background-meta":{"desktop":{"background-color":"","background-image":"","background-repeat":"repeat","background-position":"center center","background-size":"auto","background-attachment":"scroll","background-type":"","background-media":"","overlay-type":"","overlay-color":"","overlay-opacity":"","overlay-gradient":""},"tablet":{"background-color":"","background-image":"","background-repeat":"repeat","background-position":"center center","background-size":"auto","background-attachment":"scroll","background-type":"","background-media":"","overlay-type":"","overlay-color":"","overlay-opacity":"","overlay-gradient":""},"mobile":{"background-color":"","background-image":"","background-repeat":"repeat","background-position":"center center","background-size":"auto","background-attachment":"scroll","background-type":"","background-media":"","overlay-type":"","overlay-color":"","overlay-opacity":"","overlay-gradient":""}},"ast-content-background-meta":{"desktop":{"background-color":"var(--ast-global-color-5)","background-image":"","background-repeat":"repeat","background-position":"center center","background-size":"auto","background-attachment":"scroll","background-type":"","background-media":"","overlay-type":"","overlay-color":"","overlay-opacity":"","overlay-gradient":""},"tablet":{"background-color":"var(--ast-global-color-5)","background-image":"","background-repeat":"repeat","background-position":"center center","background-size":"auto","background-attachment":"scroll","background-type":"","background-media":"","overlay-type":"","overlay-color":"","overlay-opacity":"","overlay-gradient":""},"mobile":{"background-color":"var(--ast-global-color-5)","background-image":"","background-repeat":"repeat","background-position":"center center","background-size":"auto","background-attachment":"scroll","background-type":"","background-media":"","overlay-type":"","overlay-color":"","overlay-opacity":"","overlay-gradient":""}},"footnotes":""},"class_list":["post-652","page","type-page","status-publish","hentry"],"aioseo_notices":[],"_links":{"self":[{"href":"https:\/\/camaratravel.com\/index.php?rest_route=\/wp\/v2\/pages\/652","targetHints":{"allow":["GET"]}}],"collection":[{"href":"https:\/\/camaratravel.com\/index.php?rest_route=\/wp\/v2\/pages"}],"about":[{"href":"https:\/\/camaratravel.com\/index.php?rest_route=\/wp\/v2\/types\/page"}],"author":[{"embeddable":true,"href":"https:\/\/camaratravel.com\/index.php?rest_route=\/wp\/v2\/users\/1"}],"replies":[{"embeddable":true,"href":"https:\/\/camaratravel.com\/index.php?rest_route=%2Fwp%2Fv2%2Fcomments&post=652"}],"version-history":[{"count":4,"href":"https:\/\/camaratravel.com\/index.php?rest_route=\/wp\/v2\/pages\/652\/revisions"}],"predecessor-version":[{"id":1690,"href":"https:\/\/camaratravel.com\/index.php?rest_route=\/wp\/v2\/pages\/652\/revisions\/1690"}],"wp:attachment":[{"href":"https:\/\/camaratravel.com\/index.php?rest_route=%2Fwp%2Fv2%2Fmedia&parent=652"}],"curies":[{"name":"wp","href":"https:\/\/api.w.org\/{rel}","templated":true}]}}