{"id":646,"date":"2023-10-06T17:15:03","date_gmt":"2023-10-06T17:15:03","guid":{"rendered":"https:\/\/camaratravel.com\/?page_id=646"},"modified":"2023-11-10T05:13:51","modified_gmt":"2023-11-10T05:13:51","slug":"mt-20004-descubre-israel","status":"publish","type":"page","link":"https:\/\/camaratravel.com\/?page_id=646","title":{"rendered":"MT-20004 Descubre Israel"},"content":{"rendered":"\n<div class=\"wp-block-cover is-light\" style=\"padding-top:var(--wp--preset--spacing--80);padding-bottom:var(--wp--preset--spacing--80);min-height:50px;aspect-ratio:unset;\"><span aria-hidden=\"true\" class=\"wp-block-cover__background has-vivid-green-cyan-background-color has-background-dim-100 has-background-dim\"><\/span><div class=\"wp-block-cover__inner-container is-layout-flow wp-block-cover-is-layout-flow\">\n<p class=\"has-text-align-center has-large-font-size\"><\/p>\n<\/div><\/div>\n\n\n\n<p>MT-20004 Descubre Israel<\/p>\n\n\n\n<p><strong>Ciudades Visitadas:<\/strong>&nbsp;Israel<\/p>\n\n\n\n<figure class=\"wp-block-image\"><img decoding=\"async\" src=\"https:\/\/one.cdnmega.com\/images\/viajes\/covers\/descubre-israel-1024x575_649a0e7dda631.webp\" alt=\"\"\/><\/figure>\n\n\n\n<p><strong>Duraci\u00f3n:<\/strong>&nbsp;11 D\u00edas y 9 Noches<\/p>\n\n\n\n<p><strong>Desde:<\/strong>1499 USD + 999 Imp<\/p>\n\n\n\n<p><strong>Fecha(s) de salida:<\/strong><\/p>\n\n\n\n<h3 class=\"wp-block-heading\">Salidas para el a\u00f1o 2024<\/h3>\n\n\n\n<p>Febrero: 05<br>Marzo: 06, 25<br>Mayo: 17<br>Junio: 10<\/p>\n\n\n\n<p><strong>Vigencia:<\/strong>&nbsp;Precios vigentes hasta el 10\/06\/2024<\/p>\n\n\n\n<p><strong>Aerolinea<\/strong><\/p>\n\n\n\n<h5 class=\"wp-block-heading\">INCLUYE VUELO<\/h5>\n\n\n\n<figure class=\"wp-block-image\"><img decoding=\"async\" src=\"https:\/\/one.cdnmega.com\/images\/aerolineas\/iata\/AF.png\" alt=\"Air France\"\/><\/figure>\n\n\n\n<p>Itinerario<\/p>\n\n\n\n<p><strong>D\u00cdA 01&nbsp;M\u00c9XICO \u2708 PAR\u00cdS<\/strong><br>Cita en el aeropuerto de la Ciudad de M\u00e9xico para abordar vuelo con destino a Paris. Noche a bordo.<\/p>\n\n\n\n<p><strong>D\u00cdA 02 PAR\u00cdS \u2708 &nbsp;TEL AVIV<\/strong><br>Llegada y tiempo de espera para tomar el siguiente vuelo con destino a Tel Aviv.&nbsp;<\/p>\n\n\n\n<p><strong>D\u00cdA 03&nbsp;TEL AVIV \ud83d\ude8c GALILEA<\/strong><br>Llegada al aeropuerto de Ben Gurion, recepci\u00f3n y traslado a Galilea via costera. Alojamiento.<\/p>\n\n\n\n<p><strong>D\u00cdA 04&nbsp;GALILEA&nbsp;<\/strong><br>Desayuno. Dia libre. Alojamiento.&nbsp;<br>Sugerimos realizar la visita opcional (con costo adicional) LOS ALTOS DE GOLAN: Salida a Banias, manantial del rio Jordan en el extremo norte de Israel, desde aqu\u00ed entenderemos la geopol\u00edtica y la historia de las batallas que determinaron la actuales fronteras de los tres pa\u00edses. Banias conocida como la antigua ciudad de Ces\u00e1rea de Felipo. Seguiremos al monte Bental es un volc\u00e1n inactivo en el noreste de los Altos del Gol\u00e1n, cuya cumbre alcanza los 1.165 metros sobre el nivel del mar. La monta\u00f1a est\u00e1 ubicada al oeste de la ciudad siria de Quneitra y al sur del asentamiento de Merom Golan, que se encuentra a sus pies. La monta\u00f1a es parte de la l\u00ednea de mont\u00edculos israel\u00edes y es un excelente punto de vista hacia Siria las laderas del monte Herm\u00f3n y el resto de los Altos del Gol\u00e1n. Veremos restos de Bunkers Sirios anteriores a la guerra de los seis d\u00edas. Seguiremos a un vi\u00f1edo, donde haremos degustaci\u00f3n de vinos. Seguiremos el viaje por los altos del Golan, hasta llegar al Mirador de la Paz, lugar con la vista panor\u00e1mica mas bella del Lago de Galilea.<\/p>\n\n\n\n<p><strong>D\u00cdA 05 VALLE DEL JORD\u00c1N \ud83d\ude8c LAGO DE GALILEA \ud83d\ude8c NAZARET \ud83d\ude8c JERUSAL\u00c9N<\/strong><br>Desayuno. Paseo en barco. Salida hacia el Monte de las Bienaventuranzas escenario del Serm\u00f3n de la Monta\u00f1a. Visita a Cafarna\u00fam, Antigua Sinagoga y Casa de San Pedro. Por la tarde visita a la bas\u00edlica de la anunciaci\u00f3n en Nazaret y carpinter\u00eda de Jose. Viaje a Jerusal\u00e9n. Alojamiento.<\/p>\n\n\n\n<p><strong>D\u00cdA 06&nbsp;JERUSAL\u00c9N CIUDAD NUEVA<\/strong><br>Desayuno. Dia libre. Alojamiento.<br>Sugerimos realizar la visita opcional (con costo adicional) a JERUSALEN CIUDAD NUEVA: Salida al Monte Scopus, el Monte de los Olivos, el Huerto de Getseman\u00ed y la Bas\u00edlica de la Agon\u00eda, Museo de Israel, con la maqueta de la \u00e9poca de Jes\u00fas y con los manuscritos del Mar Muerto. Tiempo libre para visitar y probar los sabores de Israel en el Mercado Mahane Yehuda. Continuaci\u00f3n hacia Yad Vashem, museo recordatorio a los seis millones de v\u00edctimas ca\u00eddas en el Holocausto.<\/p>\n\n\n\n<p><strong>D\u00cdA 07&nbsp;JERUSAL\u00c9N CIUDAD ANTIGUA<\/strong><br>Desayuno. Dia entero de visitas. Comenzaremos el Muro de los Lamentos y la Explanada del Templo donde se encuentran las mezquitas de Omar y El-Aksa (la entrada a las mezquitas no est\u00e1 permitida &#8212; viernes y s\u00e1bado cerrado), la V\u00eda Dolorosa, visitando la iglesia de la Flagelaci\u00f3n, la Capilla de la Condena, el Calvario y el Santo Sepulcro, el Cardo Romano y el Mercado Oriental. Continuaci\u00f3n hacia el Monte Si\u00f3n para visitar la Tumba del Rey David, el Cen\u00e1culo y visitaremos la Bas\u00edlica de la Dormici\u00f3n donde la Stma. Virgen cerr\u00f3 sus ojos. luego subiremos al Cen\u00e1culo, el lugar de \u201cLA \u00daLTIMA CENA\u201d donde se instituye el Sacerdocio. Por la noche sugerimos realizar la visita opcional (con costo adicional) a NOCHE EN JERUSALEN: Vista a la Ciudad Antigua, la calle Mamila y Show de Luces y Sonidos Salida as 19:30 para espect\u00e1culo de luces y sonidos en Las paredes de la ciudadela sirven como una plataforma para un espect\u00e1culo nocturno que es una celebraci\u00f3n de vista y sonido. En medio de los restos arqueol\u00f3gicos en el patio de la Ciudadela y al son de m\u00fasica original, la historia de Jerusal\u00e9n se desarrolla en un exhibi\u00f3 virtual de impresionantes im\u00e1genes. El espect\u00e1culo utiliza tecnolog\u00eda avanzada &#8211; las piedras de los muros y las estructuras se desvanecen en las escenas y las im\u00e1genes proyectadas envuelven los espectadores y los invitan a una experiencia multisensorial y \u00fanica en su tipo. Alojamiento.<\/p>\n\n\n\n<p><strong>D\u00cdA 08&nbsp;JERUSAL\u00c9N<\/strong><br>Desayuno. Dia libre. Alojamiento.<br>Sugerimos tomar la excursi\u00f3n opcional (con costo adicional) a MAR MUERTO Y MASADA: Dejaremos Jerusal\u00e9n pasando por Ma&#8217;aleh Adumim y la Posada del Buen Samaritano. Descenderemos por el desierto de Judea hasta las saladas costas del Mar Muerto, que se encuentra en el punto m\u00e1s bajo del mundo (390 mts. bajo el nivel del mar). Bordeando las costas del Mar Muerto pasaremos por Qumr\u00e1n donde fueron encontrados los famosos Rollos del Mar Muerto. Continuaremos hasta el Oasis de Ein Gedi hasta llegar a la espectacular fortaleza de Masada. Ascenso en cable carril y visita del Palacio de Herodes, los Ba\u00f1os Termales, la Antigua Sinagoga, Iglesia Bizantina y el acueducto. Descenderemos en cable carril y comenzaremos la experiencia \u00fanica de ba\u00f1arse en el Mar Muerto. Visitaremos la famosa f\u00e1brica de productos de belleza del Mar Muerto &#8220;AHAVA&#8221;. Retorno a Jerusal\u00e9n.<\/p>\n\n\n\n<p><strong>D\u00cdA 09&nbsp;BEL\u00c9N \ud83d\ude8c TEL AVIV<\/strong><br>Desayuno. Seguiremos a Bel\u00e9n la Bas\u00edlica de la Natividad, Iglesia Catarina y la Gruta del Nacimiento. La Natividad, construida sobre el establo donde naci\u00f3 Jes\u00fas, es uno de los templos cristianos en uso m\u00e1s antiguos. En la actualidad, la bas\u00edlica es una combinaci\u00f3n de dos iglesias, cuyos cimientos se hallan en el lugar donde naci\u00f3 Jesucristo. La caverna subterr\u00e1nea cuenta con un altar sobre el lugar de nacimiento de Jes\u00fas. Tiempo libre para visitar una cooperativa de artesanos de madrea de olivo. Seguiremos a Tel Aviv, visita a la Bolsa Mundial de Diamantes, veremos el movimiento de compra y venta, el proceso de pulimiento. Visitaremos un negocio con precios especiales de Diamantes. Llegada al Hotel, tiempo libre para disfrutar. Alojamiento.<\/p>\n\n\n\n<p><strong>D\u00cdA 10&nbsp;TEL AVIV<\/strong><br>Desayuno. Dia libre. Alojamiento.<br>Sugerimos tomar la excursi\u00f3n opcional (con costo adicional) a TEL AVIV \u2013 YAFFO: Visitaremos el Mercado Sarona y el barrio. Sarona era una Colonia alemana Templer en Tel Aviv. Luego vista panor\u00e1mica de La Calle Rothschild con sus casas arquitectura Bauhuas, la calle Dizengof y su movimiento. Continuaremos por la pintoresca Neve Tzedek, Barrio de los artistas. Yaffo visita a la iglesia de san Pedro y las callejuelas de la ciudad, con los 12 nombres de zodiaco, el puerto y toda su belleza. Terminaremos en el Merado ha carmel (s\u00e1bados cerrados).<\/p>\n\n\n\n<p><strong>D\u00cdA 11&nbsp;TEL AVIV \u2708 PAR\u00cdS \u2708 M\u00c9XICO<\/strong><br>A la hora indicada, traslado al aeropuerto para tomar vuelo con destino a la Ciudad de M\u00e9xico., via Paris.<\/p>\n\n\n\n<p><strong><small>*Este itinerario puede sufrir modificaciones por condiciones de carreteras, clima, otros aspectos no previsibles o disponibilidad al momento de reservar.<br>El orden de los servicios puede cambiar*<\/small><\/strong><strong>&nbsp;&nbsp;&nbsp;&nbsp;&#8230;FIN DE NUESTROS SERVICIOS<\/strong><\/p>\n\n\n\n<p>Precios y Hoteles:<\/p>\n\n\n\n<figure class=\"wp-block-table\"><table><tbody><tr><td><strong>DOBLE<\/strong><\/td><td><strong>SGL<\/strong><\/td><\/tr><tr><td>$ 1,499<\/td><td>$ 2,199<\/td><\/tr><\/tbody><\/table><\/figure>\n\n\n\n<p><strong>IMPUESTOS Y SUPLEMENTOS<\/strong><\/p>\n\n\n\n<figure class=\"wp-block-table\"><table><tbody><tr><td>Impuestos a\u00e9reos<\/td><td>$ 999<\/td><\/tr><tr><td colspan=\"2\"><strong>SUPLEMENTOS 2024<\/strong><\/td><\/tr><tr><td>Febrero: 04, 05*<\/td><td>$ 99<\/td><\/tr><tr><td>Marzo: 05, 06*, 25<br>Mayo: 17<br>Junio: 10<\/td><td>$ 399<\/td><\/tr><\/tbody><\/table><\/figure>\n\n\n\n<p>\u2013 Precios indicados en USD, pagaderos en Moneda Nacional al tipo de cambio del d\u00eda.<br>\u2013 Los precios indicados en este itinerario son de car\u00e1cter informativo y deben ser confirmados para realizar su reservaci\u00f3n ya que est\u00e1n sujetos a modificaciones sin previo aviso.<br>\u2013 *Itinerario 08 noches<\/p>\n\n\n\n<figure class=\"wp-block-table\"><table><tbody><tr><td colspan=\"4\"><strong>HOTELES PREVISTOS O SIMILARES<\/strong><\/td><\/tr><tr><td><strong>HOTEL<\/strong><\/td><td><strong>CIUDAD<\/strong><\/td><td><strong>TIPO<\/strong><\/td><td><strong>PA\u00cdS<\/strong><\/td><\/tr><tr><td>Astoria \/ Daria Tiberias \/ Satori Haifa<\/td><td>Galilea<\/td><td>Primera<\/td><td>Israel<\/td><\/tr><tr><td>Jerusalem Shani \/ Eyal \/ Montefiori \/ Ibis<\/td><td>Jerusalen<\/td><td>Primera<\/td><td>Israel<\/td><\/tr><tr><td>Berr Garden \/ Nyx Tlv \/ Brut<\/td><td>Tel Aviv<\/td><td>Primera<\/td><td>Israel<\/td><\/tr><tr><td colspan=\"4\">\u00c9sta es la relaci\u00f3n de los hoteles utilizados m\u00e1s frecuentemente en este circuito. Reflejada tan s\u00f3lo a efectos indicativos, pudiendo ser el pasajero alojado en establecimientos similares o alternativos<\/td><\/tr><\/tbody><\/table><\/figure>\n\n\n\n<p>El paquete incluye<\/p>\n\n\n\n<ul class=\"wp-block-list\">\n<li>Boleto de avi\u00f3n en viaje redondo M\u00e9xico \u2013 Tel Aviv \u2013 M\u00e9xico, en clase turista.<\/li>\n\n\n\n<li>03 noches de alojamiento en Galilea.<\/li>\n\n\n\n<li>04 noches de alojamiento en Jerusal\u00e9n.<\/li>\n\n\n\n<li>02 noches de alojamiento en Tel Aviv.<\/li>\n\n\n\n<li>R\u00e9gimen alimenticio indicado en el itinerario.<\/li>\n\n\n\n<li>Traslados indicados<\/li>\n\n\n\n<li>Visitas indicadas<\/li>\n\n\n\n<li>Gu\u00edas de habla hispana<\/li>\n\n\n\n<li>Autocar con aire acondicionado.<\/li>\n<\/ul>\n\n\n\n<p>El paquete no incluye:<\/p>\n\n\n\n<ul class=\"wp-block-list\">\n<li>Gastos personales y extras en los hoteles.<\/li>\n\n\n\n<li>Propinas en Israel: 5 USD por persona por d\u00eda. (Se paga directo en destino)<\/li>\n\n\n\n<li>Paseo en barco Galilea obligatorio: 15 USD por persona (sujeto a cambio en destino)<\/li>\n\n\n\n<li>Impuestos a\u00e9reos por persona.<\/li>\n\n\n\n<li>Ning\u00fan servicio no especificado como incluido o como opcional.<\/li>\n<\/ul>\n\n\n\n<p>Precios cotizados en d\u00f3lares americanos, pagaderos en Moneda Nacional al tipo de cambio del d\u00eda Los precios indicados son informativos y deben ser conformados antes de su compra ya que est\u00e1n sujetos a cambio sin previo aviso. Para obtener el costo exacto a pagar a tipo de cambio del d\u00eda, comun\u00edquese con nosotros. Consulte impuestos y suplementos.<\/p>\n","protected":false},"excerpt":{"rendered":"<p>MT-20004 Descubre Israel Ciudades Visitadas:&nbsp;Israel Duraci\u00f3n:&nbsp;11 D\u00edas y 9 Noches Desde:1499 USD + 999 Imp Fecha(s) de salida: Salidas para el a\u00f1o 2024 Febrero: 05Marzo: 06, 25Mayo: 17Junio: 10 Vigencia:&nbsp;Precios vigentes hasta el 10\/06\/2024 Aerolinea INCLUYE VUELO Itinerario D\u00cdA 01&nbsp;M\u00c9XICO \u2708 PAR\u00cdSCita en el aeropuerto de la Ciudad de M\u00e9xico para abordar vuelo con destino [&hellip;]<\/p>\n","protected":false},"author":1,"featured_media":0,"parent":0,"menu_order":0,"comment_status":"closed","ping_status":"closed","template":"","meta":{"om_disable_all_campaigns":false,"_monsterinsights_skip_tracking":false,"_monsterinsights_sitenote_active":false,"_monsterinsights_sitenote_note":"","_monsterinsights_sitenote_category":0,"site-sidebar-layout":"default","site-content-layout":"","ast-site-content-layout":"default","site-content-style":"default","site-sidebar-style":"default","ast-global-header-display":"","ast-banner-title-visibility":"","ast-main-header-display":"","ast-hfb-above-header-display":"","ast-hfb-below-header-display":"","ast-hfb-mobile-header-display":"","site-post-title":"disabled","ast-breadcrumbs-content":"","ast-featured-img":"","footer-sml-layout":"","ast-disable-related-posts":"","theme-transparent-header-meta":"","adv-header-id-meta":"","stick-header-meta":"","header-above-stick-meta":"","header-main-stick-meta":"","header-below-stick-meta":"","astra-migrate-meta-layouts":"set","ast-page-background-enabled":"default","ast-page-background-meta":{"desktop":{"background-color":"","background-image":"","background-repeat":"repeat","background-position":"center center","background-size":"auto","background-attachment":"scroll","background-type":"","background-media":"","overlay-type":"","overlay-color":"","overlay-opacity":"","overlay-gradient":""},"tablet":{"background-color":"","background-image":"","background-repeat":"repeat","background-position":"center center","background-size":"auto","background-attachment":"scroll","background-type":"","background-media":"","overlay-type":"","overlay-color":"","overlay-opacity":"","overlay-gradient":""},"mobile":{"background-color":"","background-image":"","background-repeat":"repeat","background-position":"center center","background-size":"auto","background-attachment":"scroll","background-type":"","background-media":"","overlay-type":"","overlay-color":"","overlay-opacity":"","overlay-gradient":""}},"ast-content-background-meta":{"desktop":{"background-color":"var(--ast-global-color-5)","background-image":"","background-repeat":"repeat","background-position":"center center","background-size":"auto","background-attachment":"scroll","background-type":"","background-media":"","overlay-type":"","overlay-color":"","overlay-opacity":"","overlay-gradient":""},"tablet":{"background-color":"var(--ast-global-color-5)","background-image":"","background-repeat":"repeat","background-position":"center center","background-size":"auto","background-attachment":"scroll","background-type":"","background-media":"","overlay-type":"","overlay-color":"","overlay-opacity":"","overlay-gradient":""},"mobile":{"background-color":"var(--ast-global-color-5)","background-image":"","background-repeat":"repeat","background-position":"center center","background-size":"auto","background-attachment":"scroll","background-type":"","background-media":"","overlay-type":"","overlay-color":"","overlay-opacity":"","overlay-gradient":""}},"footnotes":""},"class_list":["post-646","page","type-page","status-publish","hentry"],"aioseo_notices":[],"_links":{"self":[{"href":"https:\/\/camaratravel.com\/index.php?rest_route=\/wp\/v2\/pages\/646","targetHints":{"allow":["GET"]}}],"collection":[{"href":"https:\/\/camaratravel.com\/index.php?rest_route=\/wp\/v2\/pages"}],"about":[{"href":"https:\/\/camaratravel.com\/index.php?rest_route=\/wp\/v2\/types\/page"}],"author":[{"embeddable":true,"href":"https:\/\/camaratravel.com\/index.php?rest_route=\/wp\/v2\/users\/1"}],"replies":[{"embeddable":true,"href":"https:\/\/camaratravel.com\/index.php?rest_route=%2Fwp%2Fv2%2Fcomments&post=646"}],"version-history":[{"count":3,"href":"https:\/\/camaratravel.com\/index.php?rest_route=\/wp\/v2\/pages\/646\/revisions"}],"predecessor-version":[{"id":1691,"href":"https:\/\/camaratravel.com\/index.php?rest_route=\/wp\/v2\/pages\/646\/revisions\/1691"}],"wp:attachment":[{"href":"https:\/\/camaratravel.com\/index.php?rest_route=%2Fwp%2Fv2%2Fmedia&parent=646"}],"curies":[{"name":"wp","href":"https:\/\/api.w.org\/{rel}","templated":true}]}}