{"id":644,"date":"2023-10-06T17:13:14","date_gmt":"2023-10-06T17:13:14","guid":{"rendered":"https:\/\/camaratravel.com\/?page_id=644"},"modified":"2023-11-02T21:42:27","modified_gmt":"2023-11-02T21:42:27","slug":"mt-20175-egipto-y-dubai","status":"publish","type":"page","link":"https:\/\/camaratravel.com\/?page_id=644","title":{"rendered":"MT-20175 Egipto y Dub\u00e1i"},"content":{"rendered":"\n<div class=\"wp-block-cover is-light\" style=\"padding-top:var(--wp--preset--spacing--80);padding-bottom:var(--wp--preset--spacing--80);min-height:50px;aspect-ratio:unset;\"><span aria-hidden=\"true\" class=\"wp-block-cover__background has-vivid-green-cyan-background-color has-background-dim-100 has-background-dim\"><\/span><div class=\"wp-block-cover__inner-container is-layout-flow wp-block-cover-is-layout-flow\">\n<p class=\"has-text-align-center has-large-font-size\"><\/p>\n<\/div><\/div>\n\n\n\n<figure class=\"wp-block-image\"><img decoding=\"async\" src=\"https:\/\/one.cdnmega.com\/images\/viajes\/covers\/egipto-y-dubai-1024x575_64b5954107c38.webp\" alt=\"\"\/><\/figure>\n\n\n\n<p>MT-20175 Egipto y Dub\u00e1i<\/p>\n\n\n\n<p><strong>Ciudades Visitadas:<\/strong>&nbsp;Egipto, Emiratos \u00c0rabes Unidos<\/p>\n\n\n\n<p><strong>Duraci\u00f3n:<\/strong>&nbsp;15 D\u00edas y 11 Noches<\/p>\n\n\n\n<p><strong>Desde:<\/strong>999 USD + 999 Imp<\/p>\n\n\n\n<p><strong>Fecha(s) de salida:<\/strong><\/p>\n\n\n\n<h3 class=\"wp-block-heading\">Salidas para el a\u00f1o 2024<\/h3>\n\n\n\n<p>Enero: 14, 18, 25<br>Febrero: 08, 11, 18, 22, 25, 29<br>Abril: 11, 14, 18<br>Mayo: 02, 09, 16, 23, 28<\/p>\n\n\n\n<p><strong>Vigencia:<\/strong>&nbsp;Precios vigentes hasta el 29\/08\/2024<\/p>\n\n\n\n<p><strong>Aerolinea<\/strong><\/p>\n\n\n\n<h5 class=\"wp-block-heading\">INCLUYE VUELO<\/h5>\n\n\n\n<figure class=\"wp-block-image\"><img decoding=\"async\" src=\"https:\/\/one.cdnmega.com\/images\/aerolineas\/iata\/EK.png\" alt=\"Emirates\"\/><\/figure>\n\n\n\n<p><a href=\"http:\/\/leafletjs.com\/\">Leaflet<\/a><\/p>\n\n\n\n<p>Itinerario<\/p>\n\n\n\n<p><strong>D\u00cdA 01&nbsp;M\u00c9XICO \u2708 DUB\u00c1I<\/strong><br>Cita en el aeropuerto de la Ciudad de M\u00e9xico para abordar vuelo con destino a Dub\u00e1i. Noche a bordo.<\/p>\n\n\n\n<p><strong>D\u00cdA 02&nbsp;TIEMPO DE VUELO<\/strong><br>Vuelo con escala t\u00e9cnica en Barcelona.<\/p>\n\n\n\n<p><strong>D\u00cdA 03&nbsp;DUB\u00c1I<\/strong><br>Llegada al Aeropuerto Internacional de los Emiratos Arabes Unicos. Recepci\u00f3n, y traslado al hotel. Alojamiento.<\/p>\n\n\n\n<p><strong>D\u00cdA 04&nbsp;DUB\u00c1I<\/strong><br>Desayuno. Realizaremos la visita \u201cDub\u00e1i Cl\u00e1sico\u201d. Este recorrido le llevar\u00e1 hasta las magn\u00edficas vistas de la ensenada de Dub\u00e1i Creek, pasando por el \u00e1rea de patrimonio de Bastakiya y sus fascinantes casas antiguas con caracter\u00edsticas torres de viento construidas por ricos mercaderes. A continuaci\u00f3n, visitaremos la fortaleza de Al Fahidi de 225 a\u00f1os de antig\u00fcedad. Es aqu\u00ed donde el museo de Dub\u00e1i conserva valiosos archivos acerca del pasado de la ciudad, as\u00ed como cr\u00f3nicas de sus diferentes fases de desarrollo. Luego subir\u00e1n a bordo de un barco tradicional llamado \u201cabra\u201d para atravesar la ensenada y visitar el mercado de especias y el zoco del oro. Luego por la carretera de Jumeirah, vistas de la Mezquita de Jumeirah. Parada para fotos en el Burj al Arab el \u00fanico hotel 7 estrellas en el mundo pasando por el World Trade Center y el Centro Internacional Financiero y al final pasaremos por el Burj Khalifa, el edificio m\u00e1s alto del mundo, opcionalmente, podr\u00e1 subir al mirador en el piso 124,(regreso al hotel para los pasajeros que no quieren quedarse en Dubai Mall despu\u00e9s de la parada o subida opcional (no incluida &#8211; con costo adicional) a BURJ KHALIFA, los pasajeros que deseen quedarse en el Mall para hacer compras y asistir el espect\u00e1culo de las fuentes danzante, deber\u00e1n regresar el hotel por su cuenta).Alojamiento.<\/p>\n\n\n\n<p><strong>D\u00cdA 05&nbsp;DUB\u00c1I<\/strong><br>Desayuno. Dia libre. Alojamiento<br>Posibilidad de realizar la visita opcional en privado (no incluida \u2013 con costo adicional \u2013 consulte condiciones) de D\u00cdA COMPLETO DE ABU DHABI, Recorrido de 2 horas desde Dub\u00e1i pasando por el puerto Jebel Ali, el puerto m\u00e1s grande del mundo realizado por los hombres, hasta la capital de los Emiratos. Parada para tomar fotos en la Residencia Jazirra, ex del Jeque Zayed. Admiraremos la Mezquita del Jeque Zayed, la tercera m\u00e1s grande del mundo, as\u00ed como la tumba del mismo, antiguo presidente de los Emiratos y padre de la naci\u00f3n. Continuaci\u00f3n hasta el puente de Al Maqta pasando por una de las \u00e1reas m\u00e1s ricas de Abu Dhabi, el \u00c1rea de los ministros. Llegada a la calle Corniche que es comparada con Manhattan. Parada para fotos en el hotel Emirates Palace; que cuenta con su propio helipuerto y puerto mar\u00edtimo. Continuamos a Al Batee, donde se encuentran los palacios de la familia Real. Regreso a Dub\u00e1i. Por la noche visita opcional (no incluida \u2013 con costo adicional) a CENAR EN EL BARCO \u201cDHOW CRUISE\u201d. Regreso al hotel.<\/p>\n\n\n\n<p><strong>D\u00cdA 06&nbsp;DUB\u00c1I<\/strong><br>Desayuno. Dia libre. Alojamiento<br>Por la ma\u00f1ana posibilidad de realizar la visita opcional (no incluida \u2013 con costo adicional) DUBAI MODERNO: Salida hacia Marina donde podremos contemplar las viviendas m\u00e1s altas del mundo, el edificio espiral y continuaremos a la Palmera Jumeirah, realizaremos una parada fotogr\u00e1fica frente al hotel Atlantis the Palm, continuaremos nuestra visita hacia Zoco de la ciudad que es un mercado de forma tradicional, pasaremos a Emirates Mall donde est\u00e1 la pista de Ski y termina nuestro recorrido con entrada a Dub\u00e1i Mall. Mas tarde sugerimos de realizar la excursi\u00f3n opcional m\u00e1s popular (no incluida \u2013 con costo adicional) SAFARI 4X4 EN EL DESIERTO: Los Land Cruisers (6 personas por veh\u00edculo) los recoger\u00e1n para un excitante trayecto por las fant\u00e1sticas altas dunas. Podr\u00e1 hacer unas fotos \u00fanicas de la puesta de sol \u00e1rabe. Una vez que desaparezca el sol, detr\u00e1s de las dunas de arena dorada, nos dirigiremos a nuestro campamento en el desierto. El olor a la fresca Brocheta a la parrilla y el cordero, las hogueras, el olor a las tradicionales pipas de agua y los relajantes sonidos de la m\u00fasica \u00e1rabe, le invitara a una tarde inolvidable. Despu\u00e9s de haber repuesto fuerzas tras la suntuosa cena, una bailarina, le mostrara el antiguo arte de la Danza del Vientre. El pintarse con Henna, tambi\u00e9n se encuentra incluido, al igual que el agua, refrescos, te y caf\u00e9. Regreso al hotel.<\/p>\n\n\n\n<p><strong>D\u00cdA 07&nbsp;DUB\u00c1I \u2708 EL CAIRO<\/strong><br>A la hora indicada traslado al aeropuerto para tomar vuelo con destino a El Cairo. Llegada, recepcion y traslado para realizar visita a las pir\u00e1mides de Giza, complejo funerario formado por las pir\u00e1mides de Keops, una de las siete maravillas del Mundo, Kefr\u00e9n, Mikerinos, la Esfinge de Kefr\u00e9n y el Templo del Valle. Posibilidad de realizar la visita opcional (con costo adicional) MEDIO DIA MEMFIS + SAKKARA + COMIDA. Tarde libre. Alojamiento.<\/p>\n\n\n\n<p><strong>D\u00cdA 08&nbsp;EL CAIRO<\/strong><br>Desayuno. D\u00eda libre. Alojamiento.<br>Posibilidad de realizar visita opcional (con costo adicional) MUSEO EGIPCIO donde se encuentran miles de piezas originales del Antiguo Egipto, entre ellas los Tesoros del Fara\u00f3n Tutankamon; La Ciudadela de Saladino; La Mezquita de Mohamed Ali; El barrio copto donde se encuentra la Iglesia de la Sagrada Familia y Bazar Khan Khalili. Por la noche sugerimos realizar opcional (con costo adicional) ESPECT\u00c1CULO DE LUZ Y SONIDO CON CENA EN LAS PIRAMIDES.<\/p>\n\n\n\n<p><strong>D\u00cdA 09&nbsp;EL CAIRO \u2708 ASWAN<\/strong><br>Desayuno. A la hora indicada, traslado al aeropuerto para tomar el vuelo con destino a Aswan. Llegada, asistencia y traslado al Crucero. Posibilidad de realizar una excursi\u00f3n opcional (con costo adicional) a los TEMPLOS DE ABU SIMBEL. M\u00e1s tarde paseo en \u201cFaluca\u201d, t\u00edpico barco de vela egipcio, alrededor de la Isla Elefantina. Comida y cena a bordo.<\/p>\n\n\n\n<p><strong>D\u00cdA 10&nbsp;ASWAN \ud83d\udea2 KOM OMBO \ud83d\udea2 EDFU<\/strong><br>R\u00e9gimen de pensi\u00f3n completa a bordo. Visita a la gran presa de Aswan situada en el Lago Nasser, y la cantera de granito con el obelisco inacabado de casi 200 toneladas de peso. Navegaci\u00f3n a Kom Ombo. Llegada y visita al templo dedicado a los dioses Sobek y Haroeris. Tambi\u00e9n veremos un nil\u00f3metro, utilizado por los antiguos egipcios para medir el nivel de las aguas de este rio. Navegaci\u00f3n a Edfu. Noche a bordo.<\/p>\n\n\n\n<p><strong>D\u00cdA 11&nbsp;EDFU \ud83d\udea2 ESNA \ud83d\udea2 LUXOR<\/strong><br>R\u00e9gimen de pensi\u00f3n completa a bordo. Vista al Templo dedicado al Dios de la cabeza de Halc\u00f3n: Horus, construido por los Ptolomeos, el segundo en tama\u00f1o y el mejor conservado de Egipto. Navegaci\u00f3n hacia Esna para el paso de la esclusa y continuar a Luxor. Noche a bordo.<\/p>\n\n\n\n<p><strong>D\u00cdA 12&nbsp;LUXOR \ud83d\udea2<\/strong><br>Desayuno y desembarque. Sugerimos realizar la visita opcional (con costo adicional) NECR\u00d3POLIS DE TEBAS, donde descubriremos el Valle de los Reyes, lugar donde se encuentran enterrados los faraones de las dinast\u00edas XVIII a la XX, sus esposas y los pr\u00edncipes de sangre real, en tumbas excavadas en la roca de las monta\u00f1as. Visitaremos tambi\u00e9n el Templo de la reina Hatchepsut en Dair Al Bahari y los Colosos de Memn\u00f3n. Por la tarde visita incluida al conjunto monumental m\u00e1s grandioso de la Antig\u00fcedad, los Templos de Karnak y Luxor construidos por decenas de faraones a lo largo de casi 2000 a\u00f1os de historia. Alojamiento.&nbsp;<\/p>\n\n\n\n<p><strong>D\u00cdA 13&nbsp;LUXOR \u2708 EL CAIRO<\/strong><br>Desayuno. A la hora indicada traslado al aeropuerto para tomar el vuelo con destino a El Cairo. Llegada, recepci\u00f3n y traslado al hotel. Alojamiento.<\/p>\n\n\n\n<p><strong>D\u00cdA 14&nbsp;EL CAIRO \u2708 DUB\u00c1I<\/strong><br>Desayuno. A la hora indicada traslado al aeropuerto para tomar vuelo con destino a Dub\u00e1i. Llegada y tiempo de espera para tomar el siguiente vuelo con destino a M\u00e9xico.<\/p>\n\n\n\n<p><strong>D\u00cdA 15&nbsp;DUB\u00c1I \u2708 M\u00c9XICO<\/strong><br>A la hora indicada abordar vuelo de regreso a la Ciudad de M\u00e9xico.<\/p>\n\n\n\n<p><strong>\u2013 Este itinerario puede sufrir modificaciones por condiciones de carreteras, clima, otros aspectos no previsibles o disponibilidad al momento de reservar<\/strong><br><strong>\u2013&nbsp;El orden de los servicios puede cambiar&nbsp;<\/strong><strong>&nbsp;&nbsp;&nbsp;&nbsp;&#8230;FIN DE NUESTROS SERVICIOS<\/strong><\/p>\n\n\n\n<p>Precios y Hoteles:<\/p>\n\n\n\n<figure class=\"wp-block-table\"><table><tbody><tr><td><strong>TRIPLE<\/strong><\/td><td><strong>DOBLE<\/strong><\/td><td><strong>SGL<\/strong><\/td><\/tr><tr><td>$ 999<\/td><td>$ 999<\/td><td>$ 1,699<\/td><\/tr><\/tbody><\/table><\/figure>\n\n\n\n<p><strong>IMPUESTOS Y SUPLEMENTOS<\/strong><\/p>\n\n\n\n<figure class=\"wp-block-table\"><table><tbody><tr><td>Impuestos a\u00e9reos<\/td><td>$ 999<\/td><\/tr><tr><td colspan=\"2\"><strong>SUPLEMENTOS 2024<\/strong><\/td><\/tr><tr><td>Abril: 11, 14, 18<br>Mayo: 02, 09, 16, 23, 28<\/td><td>$ 299<\/td><\/tr><tr><td>Enero: 14, 18, 25<br>Febrero: 08, 11, 18, 22, 25, 29<\/td><td>$ 399<\/td><\/tr><\/tbody><\/table><\/figure>\n\n\n\n<p>\u2013 Precios indicados en USD, pagaderos en Moneda Nacional al tipo de cambio del d\u00eda.<br>\u2013 Los precios indicados en este itinerario son de car\u00e1cter informativo y deben ser confirmados para realizar su reservaci\u00f3n ya que est\u00e1n sujetos a modificaciones sin previo aviso.<br>\u2013 La cena de fin de a\u00f1o en Dub\u00e1i es obligatoria, consultar suplemento y c\u00f3digo de vestimenta.<br>\u2013 *Itinerario de 15 d\u00edas.<\/p>\n\n\n\n<figure class=\"wp-block-table\"><table><tbody><tr><td colspan=\"4\"><strong>HOTELES PREVISTOS O SIMILARES<\/strong><\/td><\/tr><tr><td><strong>HOTEL<\/strong><\/td><td><strong>CIUDAD<\/strong><\/td><td><strong>TIPO<\/strong><\/td><td><strong>PA\u00cdS<\/strong><\/td><\/tr><tr><td>Hotel Barcelo Pyramids<\/td><td>El Cairo<\/td><td>Primera<\/td><td>Egipto<\/td><\/tr><tr><td>Princess Sara \/ Radamis I<\/td><td>Crucero Por El Nilo<\/td><td>Superior<\/td><td>Egipto<\/td><\/tr><tr><td>Golden Tulip Media \/ Ramada By Wydham Deira \/ Occidental Jaddaf<\/td><td>Dubai<\/td><td>Primera<\/td><td>Emiratos \u00c1rabes Unidos<\/td><\/tr><tr><td colspan=\"4\">\u00c9sta es la relaci\u00f3n de los hoteles utilizados m\u00e1s frecuentemente en este circuito. Reflejada tan s\u00f3lo a efectos indicativos, pudiendo ser el pasajero alojado en establecimientos similares o alternativos<\/td><\/tr><\/tbody><\/table><\/figure>\n\n\n\n<p>El paquete incluye<\/p>\n\n\n\n<ul class=\"wp-block-list\">\n<li>Boleto de avi\u00f3n en viaje redondo M\u00e9xico \u2013 Dub\u00e1i \u2013 M\u00e9xico, en clase turista.<\/li>\n\n\n\n<li>Vuelos Dub\u00e1i \u2013 El Cairo &#8211; Dub\u00e1i \/ El Cairo \u2013 Aswan \/ Luxor \u2013 El Cairo en clase turista.<\/li>\n\n\n\n<li>3 noches de alojamiento en el Cairo<\/li>\n\n\n\n<li>3 noches de crucero por el Nilo<\/li>\n\n\n\n<li>1 noche de alojamiento en Luxor<\/li>\n\n\n\n<li>4 noches de alojamiento en Dub\u00e1i.<\/li>\n\n\n\n<li>R\u00e9gimen alimenticio indicado en el itinerario.<\/li>\n\n\n\n<li>Traslados indicados.<\/li>\n\n\n\n<li>Visitas indicadas.<\/li>\n\n\n\n<li>Gu\u00edas de habla hispana.<\/li>\n\n\n\n<li>Autocar con aire acondicionado.<\/li>\n<\/ul>\n\n\n\n<p>El paquete no incluye:<\/p>\n\n\n\n<ul class=\"wp-block-list\">\n<li>Gastos personales y extras en los hoteles.<\/li>\n\n\n\n<li>Propinas en Egipto: 60 USD por persona. (Se paga directo en destino)<\/li>\n\n\n\n<li>Propinas en Dub\u00e1i: 35 USD por persona. (Se paga directo en destino)<\/li>\n\n\n\n<li>Impuesto Turismo d\u00edrham en Dub\u00e1i: 5 USD por habitaci\u00f3n por noche. (Se paga directo en destino)<\/li>\n\n\n\n<li>Impuestos a\u00e9reos por persona.<\/li>\n\n\n\n<li>Visa de Egipto.<\/li>\n\n\n\n<li>Ning\u00fan servicio no especificado como incluido o como opcional.<\/li>\n<\/ul>\n\n\n\n<p>Precios cotizados en d\u00f3lares americanos, pagaderos en Moneda Nacional al tipo de cambio del d\u00eda Los precios indicados son informativos y deben ser conformados antes de su compra ya que est\u00e1n sujetos a cambio sin previo aviso. Para obtener el costo exacto a pagar a tipo de cambio del d\u00eda, comun\u00edquese con nosotros. Consulte impuestos y suplementos.<\/p>\n","protected":false},"excerpt":{"rendered":"<p>MT-20175 Egipto y Dub\u00e1i Ciudades Visitadas:&nbsp;Egipto, Emiratos \u00c0rabes Unidos Duraci\u00f3n:&nbsp;15 D\u00edas y 11 Noches Desde:999 USD + 999 Imp Fecha(s) de salida: Salidas para el a\u00f1o 2024 Enero: 14, 18, 25Febrero: 08, 11, 18, 22, 25, 29Abril: 11, 14, 18Mayo: 02, 09, 16, 23, 28 Vigencia:&nbsp;Precios vigentes hasta el 29\/08\/2024 Aerolinea INCLUYE VUELO Leaflet Itinerario [&hellip;]<\/p>\n","protected":false},"author":1,"featured_media":0,"parent":0,"menu_order":0,"comment_status":"closed","ping_status":"closed","template":"","meta":{"om_disable_all_campaigns":false,"_monsterinsights_skip_tracking":false,"_monsterinsights_sitenote_active":false,"_monsterinsights_sitenote_note":"","_monsterinsights_sitenote_category":0,"site-sidebar-layout":"default","site-content-layout":"","ast-site-content-layout":"default","site-content-style":"default","site-sidebar-style":"default","ast-global-header-display":"","ast-banner-title-visibility":"","ast-main-header-display":"","ast-hfb-above-header-display":"","ast-hfb-below-header-display":"","ast-hfb-mobile-header-display":"","site-post-title":"disabled","ast-breadcrumbs-content":"","ast-featured-img":"","footer-sml-layout":"","ast-disable-related-posts":"","theme-transparent-header-meta":"","adv-header-id-meta":"","stick-header-meta":"","header-above-stick-meta":"","header-main-stick-meta":"","header-below-stick-meta":"","astra-migrate-meta-layouts":"set","ast-page-background-enabled":"default","ast-page-background-meta":{"desktop":{"background-color":"","background-image":"","background-repeat":"repeat","background-position":"center center","background-size":"auto","background-attachment":"scroll","background-type":"","background-media":"","overlay-type":"","overlay-color":"","overlay-opacity":"","overlay-gradient":""},"tablet":{"background-color":"","background-image":"","background-repeat":"repeat","background-position":"center center","background-size":"auto","background-attachment":"scroll","background-type":"","background-media":"","overlay-type":"","overlay-color":"","overlay-opacity":"","overlay-gradient":""},"mobile":{"background-color":"","background-image":"","background-repeat":"repeat","background-position":"center center","background-size":"auto","background-attachment":"scroll","background-type":"","background-media":"","overlay-type":"","overlay-color":"","overlay-opacity":"","overlay-gradient":""}},"ast-content-background-meta":{"desktop":{"background-color":"var(--ast-global-color-5)","background-image":"","background-repeat":"repeat","background-position":"center center","background-size":"auto","background-attachment":"scroll","background-type":"","background-media":"","overlay-type":"","overlay-color":"","overlay-opacity":"","overlay-gradient":""},"tablet":{"background-color":"var(--ast-global-color-5)","background-image":"","background-repeat":"repeat","background-position":"center center","background-size":"auto","background-attachment":"scroll","background-type":"","background-media":"","overlay-type":"","overlay-color":"","overlay-opacity":"","overlay-gradient":""},"mobile":{"background-color":"var(--ast-global-color-5)","background-image":"","background-repeat":"repeat","background-position":"center center","background-size":"auto","background-attachment":"scroll","background-type":"","background-media":"","overlay-type":"","overlay-color":"","overlay-opacity":"","overlay-gradient":""}},"footnotes":""},"class_list":["post-644","page","type-page","status-publish","hentry"],"aioseo_notices":[],"_links":{"self":[{"href":"https:\/\/camaratravel.com\/index.php?rest_route=\/wp\/v2\/pages\/644","targetHints":{"allow":["GET"]}}],"collection":[{"href":"https:\/\/camaratravel.com\/index.php?rest_route=\/wp\/v2\/pages"}],"about":[{"href":"https:\/\/camaratravel.com\/index.php?rest_route=\/wp\/v2\/types\/page"}],"author":[{"embeddable":true,"href":"https:\/\/camaratravel.com\/index.php?rest_route=\/wp\/v2\/users\/1"}],"replies":[{"embeddable":true,"href":"https:\/\/camaratravel.com\/index.php?rest_route=%2Fwp%2Fv2%2Fcomments&post=644"}],"version-history":[{"count":3,"href":"https:\/\/camaratravel.com\/index.php?rest_route=\/wp\/v2\/pages\/644\/revisions"}],"predecessor-version":[{"id":1617,"href":"https:\/\/camaratravel.com\/index.php?rest_route=\/wp\/v2\/pages\/644\/revisions\/1617"}],"wp:attachment":[{"href":"https:\/\/camaratravel.com\/index.php?rest_route=%2Fwp%2Fv2%2Fmedia&parent=644"}],"curies":[{"name":"wp","href":"https:\/\/api.w.org\/{rel}","templated":true}]}}