{"id":627,"date":"2023-10-06T01:48:06","date_gmt":"2023-10-06T01:48:06","guid":{"rendered":"https:\/\/camaratravel.com\/?page_id=627"},"modified":"2023-11-10T01:15:06","modified_gmt":"2023-11-10T01:15:06","slug":"mt-52074-quito-y-guayaquil","status":"publish","type":"page","link":"https:\/\/camaratravel.com\/?page_id=627","title":{"rendered":"MT-52074 Quito y Guayaquil"},"content":{"rendered":"\n<div class=\"wp-block-cover is-light\" style=\"padding-top:var(--wp--preset--spacing--80);padding-bottom:var(--wp--preset--spacing--80);min-height:50px;aspect-ratio:unset;\"><span aria-hidden=\"true\" class=\"wp-block-cover__background has-vivid-green-cyan-background-color has-background-dim-100 has-background-dim\"><\/span><div class=\"wp-block-cover__inner-container is-layout-flow wp-block-cover-is-layout-flow\">\n<p class=\"has-text-align-center has-large-font-size\"><\/p>\n<\/div><\/div>\n\n\n\n<p>MT-52074 Quito y Guayaquil<\/p>\n\n\n\n<p><strong>Ciudades Visitadas:<\/strong>&nbsp;Ecuador<\/p>\n\n\n\n<figure class=\"wp-block-image\"><img decoding=\"async\" src=\"https:\/\/one.cdnmega.com\/images\/viajes\/covers\/guayaquil-vista-aerea-de-guayaquil.webp\" alt=\"\"\/><\/figure>\n\n\n\n<p><strong>Duraci\u00f3n:<\/strong>&nbsp;5 D\u00edas y 4 Noches<\/p>\n\n\n\n<p><strong>Desde:<\/strong>798 USD + 390 Imp<\/p>\n\n\n\n<p><strong>Fecha(s) de salida:<\/strong><\/p>\n\n\n\n<p><br>Diarias<\/p>\n\n\n\n<p><strong>Vigencia:<\/strong>&nbsp;Precios vigentes hasta el 08\/12\/2023<\/p>\n\n\n\n<p><strong>Aerolinea<\/strong><\/p>\n\n\n\n<h5 class=\"wp-block-heading\">INCLUYE VUELO<\/h5>\n\n\n\n<figure class=\"wp-block-image\"><img decoding=\"async\" src=\"https:\/\/one.cdnmega.com\/images\/aerolineas\/iata\/AV.png\" alt=\"Avianca\"\/><\/figure>\n\n\n\n<figure class=\"wp-block-image\"><img decoding=\"async\" src=\"https:\/\/one.cdnmega.com\/images\/aerolineas\/iata\/CM.png\" alt=\"Copa Airlines\"\/><\/figure>\n\n\n\n<p>Itinerario<\/p>\n\n\n\n<p><strong>D\u00cdA 1 M\u00c9XICO \u2013 QUITO&nbsp;<\/strong><br>Cita en el aeropuerto de la Ciudad de M\u00e9xico para abordar el vuelo con destino a la ciudad de Quito, Ecuador. Llegada, recepci\u00f3n y traslado a su hotel. Alojamiento.&nbsp;<\/p>\n\n\n\n<p><strong>D\u00cdA 2 QUITO \u2013 Visita de Ciudad en Trolley + Mitad del Mundo.&nbsp;<\/strong><br>Recorreremos el centro hist\u00f3rico, el m\u00e1s grande y mejor preservado de Sudam\u00e9rica, en uno de nuestros originales Trolleys, que son una r\u00e9plica de los tranv\u00edas que circulaban en Quito el siglo pasado. Visitaremos, la Iglesia de la Bas\u00edlica del Voto Nacional, donde realizaremos una breve parada para una explicaci\u00f3n de su fachada, para posteriormente trasladarnos hacia el Mirador del Panecillo, un lugar \u00edcono de la ciudad, reconocido por su belleza, y donde se encuentra una estatua gigante de la \u201cVirgen Alada\u201d, desde donde se podr\u00e1 admirar un hermoso paisaje del Quito colonial y moderno. &nbsp;Posteriormente continuaremos hasta la Plaza de San Francisco, uno de los lugares representativos de la ciudad, y lleno de historia, desde donde caminaremos hasta la Plaza Grande, centro hist\u00f3rico y pol\u00edtico de la ciudad, rodeada por innumerables atractivos entre ellos: la Catedral, el Palacio de Gobierno, el Palacio Arzobispal y la Iglesia de La Compa\u00f1\u00eda. Terminaremos nuestro recorrido conociendo el tradicional barrio La Ronda, en cuyo entorno rom\u00e1ntico podemos encontrar talleres donde nuestros visitantes aprender\u00e1n con un grupo de aut\u00e9nticos artesanos, como se elaboran sus obras, y oficios de anta\u00f1o que mantienen vivas las tradiciones culturales de esta encantadora ciudad, en esta emblem\u00e1tica calle tendr\u00e1s la oportunidad de visitar una helader\u00eda donde se puede encontrar sabores muy tradiciones del Ecuador, as\u00ed como tambi\u00e9n la visita a uno de los talleres artesanales: sombreros de paja toquilla o ebanister\u00eda u hojalater\u00eda o productos elaborados a base de miel de abeja. (Entradas a Iglesias no est\u00e1n incluidas). Haremos una parada en la zona rosa de la ciudad, aproximadamente una hora y media para tener tiempo libre para el almuerzo (no incluido) y posteriormente continuamos con nuestra excursi\u00f3n a la Mitad del Mundo. Nos dirigimos a la \u201cCiudad Mitad del Mundo\u201d, donde se podr\u00e1 observar el monumento que divide el hemisferio norte del hemisferio sur del planeta. Fue construida en el siglo XVIII donde la expedici\u00f3n cient\u00edfica francesa defini\u00f3 la posici\u00f3n exacta de la l\u00ednea Ecuador que divide al mundo y es un lugar imperdible para quien visita Quito. Incluye entrada al complejo de la Mitad del Mundo donde se podr\u00e1 vivir experiencias \u00fanicas que desaf\u00edan las leyes de la f\u00edsica y que se producen \u00fanicamente en este lugar del Mundo. Despu\u00e9s de visitar este lugar privilegiado y registrarlo en su pasaporte, ver\u00e1n siempre a Ecuador y la Mitad del Mundo de forma diferente. A la hora acordada regreso al hotel. Alojamiento.<\/p>\n\n\n\n<p><strong>D\u00cdA 3 QUITO \u2013 GUAYAQUIL&nbsp;<\/strong><br>Traslado al aeropuerto para abordar vuelo con destino a Guayaquil, llegada, recepci\u00f3n y traslado a su hotel. Alojamiento.<\/p>\n\n\n\n<p><strong>D\u00cdA 4 GUAYAQUIL \u2013 Visita de Ciudad &nbsp;<\/strong>&nbsp;&nbsp;<br>Recorrido por las principales calles y avenidas de la ciudad, visita al parque Sim\u00f3n Bol\u00edvar, El Malec\u00f3n 2000, los muelles y la Rotonda (con las estatuas de Bol\u00edvar y San Mart\u00edn). Visita al barrio Colonial de Las Pe\u00f1as, donde se podr\u00e1 admirar su arquitectura en madera y donde muchas de sus casas son galer\u00edas de arte, se apreciar\u00e1 una hermosa vista panor\u00e1mica de Guayaquil y del R\u00edo Guayas desde El fuerte Santa Ana. Regreso al hotel. Alojamiento.&nbsp;<\/p>\n\n\n\n<p><strong>D\u00cdA 5&nbsp;GUAYAQUIL \u2013 M\u00c9XICO&nbsp;<\/strong><br>A la hora oportuna traslado al aeropuerto para tomar el vuelo de regreso con destino a la Ciudad de M\u00e9xico.<strong>&nbsp;&nbsp;&nbsp;&nbsp;&#8230;FIN DE NUESTROS SERVICIOS<\/strong><\/p>\n\n\n\n<p>Precios y Hoteles:<\/p>\n\n\n\n<figure class=\"wp-block-table\"><table><tbody><tr><td><strong>CATEGOR\u00cdA<\/strong><\/td><td><strong>TRIPLE<\/strong><\/td><td><strong>DOBLE<\/strong><\/td><td><strong>SGL<\/strong><\/td><td><strong>MNR<\/strong><\/td><\/tr><tr><td>Hoteles 3 Estrellas<\/td><td>$ 788<\/td><td>$ 798<\/td><td>$ 1,088<\/td><td>$ 598<\/td><\/tr><tr><td>Hoteles 4 Estrellas<\/td><td>$ 919<\/td><td>$ 938<\/td><td>$ 1,228<\/td><td>$ 598<\/td><\/tr><tr><td>Hoteles 5 Estrellas<\/td><td>$ 918<\/td><td>$ 938<\/td><td>$ 1,288<\/td><td>$ 598<\/td><\/tr><tr><td>Hoteles Lujo<\/td><td>$ 978<\/td><td>$ 998<\/td><td>$ 1,468<\/td><td>$ 598<\/td><\/tr><\/tbody><\/table><\/figure>\n\n\n\n<p><strong>IMPUESTOS Y SUPLEMENTOS<\/strong><\/p>\n\n\n\n<figure class=\"wp-block-table\"><table><tbody><tr><td>Impuestos a\u00e9reos<\/td><td>$390<\/td><\/tr><\/tbody><\/table><\/figure>\n\n\n\n<p>\u2013 Precios por persona en d\u00f3lares<br>\u2013 Precios no aplican en semana santa, pascua, eventos especiales, carnaval, navidad y a\u00f1o nuevo<br>\u2013 Los precios cambian constantemente, as\u00ed que te sugerimos la verificaci\u00f3n de estos, y no utilizar este documento como definitivo.<br>\u2013 Tarifas v\u00e1lidas con precompra de 21 d\u00edas.<br>\u2013 Consultar suplemento a\u00e9reo julio y agosto 2023.<\/p>\n\n\n\n<figure class=\"wp-block-table\"><table><tbody><tr><td colspan=\"4\"><strong>HOTELES PREVISTOS O SIMILARES<\/strong><\/td><\/tr><tr><td><strong>HOTEL<\/strong><\/td><td><strong>CIUDAD<\/strong><\/td><td><strong>TIPO<\/strong><\/td><td><strong>PA\u00cdS<\/strong><\/td><\/tr><tr><td>Reina Isabel<\/td><td>Quito<\/td><td>3 Estrellas<\/td><td>Ecuador<\/td><\/tr><tr><td>HM Hotel<\/td><td>Guayaquil<\/td><td>3 Estrellas<\/td><td>Ecuador<\/td><\/tr><tr><td><strong>HOTEL<\/strong><\/td><td><strong>CIUDAD<\/strong><\/td><td><strong>TIPO<\/strong><\/td><td><strong>PA\u00cdS<\/strong><\/td><\/tr><tr><td>Mercure<\/td><td>Quito<\/td><td>4 Estrellas<\/td><td>Ecuador<\/td><\/tr><tr><td>Unipark<\/td><td>Guayaquil<\/td><td>4 Estrellas<\/td><td>Ecuador<\/td><\/tr><tr><td><strong>HOTEL<\/strong><\/td><td><strong>CIUDAD<\/strong><\/td><td><strong>TIPO<\/strong><\/td><td><strong>PA\u00cdS<\/strong><\/td><\/tr><tr><td>Dann Carlton<\/td><td>Quito<\/td><td>5 Estrellas<\/td><td>Ecuador<\/td><\/tr><tr><td>Courtyard by Marriott<\/td><td>Guayaquil<\/td><td>5 Estrellas<\/td><td>Ecuador<\/td><\/tr><tr><td><strong>HOTEL<\/strong><\/td><td><strong>CIUDAD<\/strong><\/td><td><strong>TIPO<\/strong><\/td><td><strong>PA\u00cdS<\/strong><\/td><\/tr><tr><td>Swissotel<\/td><td>Quito<\/td><td>Lujo<\/td><td>Ecuador<\/td><\/tr><tr><td>Wyndham<\/td><td>Guayaquil<\/td><td>Lujo<\/td><td>Ecuador<\/td><\/tr><tr><td colspan=\"4\">\u00c9sta es la relaci\u00f3n de los hoteles utilizados m\u00e1s frecuentemente en este circuito. Reflejada tan s\u00f3lo a efectos indicativos, pudiendo ser el pasajero alojado en establecimientos similares o alternativos<\/td><\/tr><\/tbody><\/table><\/figure>\n\n\n\n<p>El paquete incluye<\/p>\n\n\n\n<ul class=\"wp-block-list\">\n<li>Boleto de avi\u00f3n M\u00e9xico \u2013 Quito \u2013 Guayaquil \u2013 M\u00e9xico.<\/li>\n\n\n\n<li>02 noches de alojamiento en Quito en la categor\u00eda elegida.<\/li>\n\n\n\n<li>02 noches de alojamiento en Guayaquil en la categor\u00eda elegida.<\/li>\n\n\n\n<li>Traslados de llegada y salida.<\/li>\n\n\n\n<li>Desayunos diarios.<\/li>\n\n\n\n<li>Visitas indicadas en el itinerario.<\/li>\n\n\n\n<li>Gu\u00eda de habla hispana.<\/li>\n\n\n\n<li>Documentos de viaje se entregar\u00e1n en formato digital para descargar en su dispositivo m\u00f3vil.<\/li>\n<\/ul>\n\n\n\n<p>El paquete no incluye:<\/p>\n\n\n\n<ul class=\"wp-block-list\">\n<li>Tarjeta de Asistencia Tur\u00edstica (seguro de viajero). Consultar opciones.<\/li>\n\n\n\n<li>Ning\u00fan servicio no especificado.<\/li>\n\n\n\n<li>Gastos personales y propinas a maleteros, trasladistas, meseros y gu\u00edas.<\/li>\n<\/ul>\n\n\n\n<p>Precios cotizados en d\u00f3lares americanos, pagaderos en Moneda Nacional al tipo de cambio del d\u00eda Los precios indicados son informativos y deben ser conformados antes de su compra ya que est\u00e1n sujetos a cambio sin previo aviso. Para obtener el costo exacto a pagar a tipo de cambio del d\u00eda, comun\u00edquese con nosotros. Consulte impuestos y suplementos.<\/p>\n","protected":false},"excerpt":{"rendered":"<p>MT-52074 Quito y Guayaquil Ciudades Visitadas:&nbsp;Ecuador Duraci\u00f3n:&nbsp;5 D\u00edas y 4 Noches Desde:798 USD + 390 Imp Fecha(s) de salida: Diarias Vigencia:&nbsp;Precios vigentes hasta el 08\/12\/2023 Aerolinea INCLUYE VUELO Itinerario D\u00cdA 1 M\u00c9XICO \u2013 QUITO&nbsp;Cita en el aeropuerto de la Ciudad de M\u00e9xico para abordar el vuelo con destino a la ciudad de Quito, Ecuador. Llegada, [&hellip;]<\/p>\n","protected":false},"author":1,"featured_media":0,"parent":0,"menu_order":0,"comment_status":"closed","ping_status":"closed","template":"","meta":{"om_disable_all_campaigns":false,"_monsterinsights_skip_tracking":false,"_monsterinsights_sitenote_active":false,"_monsterinsights_sitenote_note":"","_monsterinsights_sitenote_category":0,"site-sidebar-layout":"default","site-content-layout":"","ast-site-content-layout":"default","site-content-style":"default","site-sidebar-style":"default","ast-global-header-display":"","ast-banner-title-visibility":"","ast-main-header-display":"","ast-hfb-above-header-display":"","ast-hfb-below-header-display":"","ast-hfb-mobile-header-display":"","site-post-title":"disabled","ast-breadcrumbs-content":"","ast-featured-img":"","footer-sml-layout":"","ast-disable-related-posts":"","theme-transparent-header-meta":"","adv-header-id-meta":"","stick-header-meta":"","header-above-stick-meta":"","header-main-stick-meta":"","header-below-stick-meta":"","astra-migrate-meta-layouts":"set","ast-page-background-enabled":"default","ast-page-background-meta":{"desktop":{"background-color":"","background-image":"","background-repeat":"repeat","background-position":"center center","background-size":"auto","background-attachment":"scroll","background-type":"","background-media":"","overlay-type":"","overlay-color":"","overlay-opacity":"","overlay-gradient":""},"tablet":{"background-color":"","background-image":"","background-repeat":"repeat","background-position":"center center","background-size":"auto","background-attachment":"scroll","background-type":"","background-media":"","overlay-type":"","overlay-color":"","overlay-opacity":"","overlay-gradient":""},"mobile":{"background-color":"","background-image":"","background-repeat":"repeat","background-position":"center center","background-size":"auto","background-attachment":"scroll","background-type":"","background-media":"","overlay-type":"","overlay-color":"","overlay-opacity":"","overlay-gradient":""}},"ast-content-background-meta":{"desktop":{"background-color":"var(--ast-global-color-5)","background-image":"","background-repeat":"repeat","background-position":"center center","background-size":"auto","background-attachment":"scroll","background-type":"","background-media":"","overlay-type":"","overlay-color":"","overlay-opacity":"","overlay-gradient":""},"tablet":{"background-color":"var(--ast-global-color-5)","background-image":"","background-repeat":"repeat","background-position":"center center","background-size":"auto","background-attachment":"scroll","background-type":"","background-media":"","overlay-type":"","overlay-color":"","overlay-opacity":"","overlay-gradient":""},"mobile":{"background-color":"var(--ast-global-color-5)","background-image":"","background-repeat":"repeat","background-position":"center center","background-size":"auto","background-attachment":"scroll","background-type":"","background-media":"","overlay-type":"","overlay-color":"","overlay-opacity":"","overlay-gradient":""}},"footnotes":""},"class_list":["post-627","page","type-page","status-publish","hentry"],"aioseo_notices":[],"_links":{"self":[{"href":"https:\/\/camaratravel.com\/index.php?rest_route=\/wp\/v2\/pages\/627","targetHints":{"allow":["GET"]}}],"collection":[{"href":"https:\/\/camaratravel.com\/index.php?rest_route=\/wp\/v2\/pages"}],"about":[{"href":"https:\/\/camaratravel.com\/index.php?rest_route=\/wp\/v2\/types\/page"}],"author":[{"embeddable":true,"href":"https:\/\/camaratravel.com\/index.php?rest_route=\/wp\/v2\/users\/1"}],"replies":[{"embeddable":true,"href":"https:\/\/camaratravel.com\/index.php?rest_route=%2Fwp%2Fv2%2Fcomments&post=627"}],"version-history":[{"count":4,"href":"https:\/\/camaratravel.com\/index.php?rest_route=\/wp\/v2\/pages\/627\/revisions"}],"predecessor-version":[{"id":1675,"href":"https:\/\/camaratravel.com\/index.php?rest_route=\/wp\/v2\/pages\/627\/revisions\/1675"}],"wp:attachment":[{"href":"https:\/\/camaratravel.com\/index.php?rest_route=%2Fwp%2Fv2%2Fmedia&parent=627"}],"curies":[{"name":"wp","href":"https:\/\/api.w.org\/{rel}","templated":true}]}}