{"id":621,"date":"2023-10-06T01:45:08","date_gmt":"2023-10-06T01:45:08","guid":{"rendered":"https:\/\/camaratravel.com\/?page_id=621"},"modified":"2023-11-08T05:34:50","modified_gmt":"2023-11-08T05:34:50","slug":"cartagena-y-bogota-todo-incluido","status":"publish","type":"page","link":"https:\/\/camaratravel.com\/?page_id=621","title":{"rendered":"Cartagena y Bogot\u00e1 &#8211; Todo Incluido"},"content":{"rendered":"\n<div class=\"wp-block-cover is-light\" style=\"padding-top:var(--wp--preset--spacing--80);padding-bottom:var(--wp--preset--spacing--80);min-height:50px;aspect-ratio:unset;\"><span aria-hidden=\"true\" class=\"wp-block-cover__background has-vivid-green-cyan-background-color has-background-dim-100 has-background-dim\"><\/span><div class=\"wp-block-cover__inner-container is-layout-flow wp-block-cover-is-layout-flow\">\n<p class=\"has-text-align-center has-large-font-size\"><\/p>\n<\/div><\/div>\n\n\n\n<p>MT-52092 Cartagena y Bogot\u00e1 &#8211; Todo Incluido<\/p>\n\n\n\n<p><strong>Ciudades Visitadas:<\/strong>&nbsp;Colombia<\/p>\n\n\n\n<figure class=\"wp-block-image\"><img decoding=\"async\" src=\"https:\/\/one.cdnmega.com\/images\/viajes\/covers\/bogota-plaza-de-bolivar.jpg\" alt=\"\"\/><\/figure>\n\n\n\n<p><strong>Duraci\u00f3n:<\/strong>&nbsp;8 D\u00edas y 7 Noches<\/p>\n\n\n\n<p><strong>Desde:<\/strong>868 USD + 290 Imp<\/p>\n\n\n\n<p><strong>Fecha(s) de salida:<\/strong><\/p>\n\n\n\n<p><br>Diarias<\/p>\n\n\n\n<p><strong>Vigencia:<\/strong>&nbsp;Precios vigentes hasta el 06\/12\/2023<\/p>\n\n\n\n<p><strong>Aerolinea<\/strong><\/p>\n\n\n\n<h5 class=\"wp-block-heading\">INCLUYE VUELO<\/h5>\n\n\n\n<p><a href=\"http:\/\/leafletjs.com\/\">Leaflet<\/a><\/p>\n\n\n\n<p>Itinerario<\/p>\n\n\n\n<p><strong>D\u00cdA 1 M\u00c9XICO \u2013 CARTAGENA<\/strong><br>Salida en vuelo regular con destino la Ciudad de Cartagena. Llegada, recepci\u00f3n y traslado a su hotel. Alojamiento.<\/p>\n\n\n\n<p><strong>D\u00cdA 2 CARTAGENA \u2013 Visita de Ciudad con Castillo de San Felipe<\/strong><br>Cartagena de Indias, es uno de los destinos m\u00e1s tur\u00edsticos de nuestro pa\u00eds. &nbsp;En ella, encuentras toda la alegr\u00eda, el sabor y el color de nuestra regi\u00f3n caribe. Desayuno en el hotel. Se dar\u00e1 inicio a este maravilloso recorrido por la ciudad. &nbsp;Pasaremos por la moderna Bocagrande, con sus playas y zonas comerciales, continuaremos al barrio de Manga, donde el contraste entre la arquitectura republicana y los modernos edificios te asombrar\u00e1. Llegaremos a una de las joyas de la ciudad: el Castillo o fuerte de San Felipe de Barajas, construido por los espa\u00f1oles, para defenderse de los piratas y posteriormente, de los ingleses, en el siglo XVII. Continuar\u00e1 con una breve caminata por el centro hist\u00f3rico de esta hermosa ciudad. Resto del d\u00eda libre. Alojamiento.&nbsp;<\/p>\n\n\n\n<p><strong>D\u00cdA 3 CARTAGENA<\/strong><br>Desayuno en el hotel. D\u00eda libre para realizar actividades personales. Alojamiento.<\/p>\n\n\n\n<p><strong>D\u00cdA 4 CARTAGENA<\/strong><br>Desayuno en el hotel. D\u00eda libre para realizar actividades personales. Alojamiento.<\/p>\n\n\n\n<p><strong>D\u00cdA 5 CARTAGENA \u2013 BOGOT\u00c1<\/strong>&nbsp;<br>Desayuno en el hotel. A la hora indicada traslado al aeropuerto para tomar vuelo con destino la ciudad de Bogot\u00e1. Llegada, recepci\u00f3n y traslado al hotel. Alojamiento.&nbsp;<\/p>\n\n\n\n<p><strong>D\u00cdA 6 BOGOT\u00c1 \u2013 Visita de Ciudad con Monserrate y Museo del Oro<\/strong><br>Desayuno en el hotel. Se dar\u00e1 inicio al recorrido con destino al centro de la ciudad para visitar el famoso Museo de Oro, el cual posee la colecci\u00f3n de orfebrer\u00eda prehisp\u00e1nica m\u00e1s grande del mundo, con aproximadamente treinta y cuatro mil piezas de oro panor\u00e1mico por el sector hist\u00f3rico de la ciudad. Continuando con el recorrido Panor\u00e1mico a pie pasando por el Teatro Col\u00f3n, el Palacio de San Carlos, la Iglesia de San Ignacio, el Palacio Presidencial Casa de Nari\u00f1o, la Plaza de Bol\u00edvar, el Capitolio, la Alcald\u00eda Mayor y la Catedral Primada. Continuaremos el recorrido para realizar el ascenso en telef\u00e9rico o Funicular al Cerro de Monserrate, visitaremos la Bas\u00edlica del Se\u00f1or ca\u00eddo de Monserrate y sus alrededores desde donde podr\u00e1 tener una excelente vista de la capital colombiana. &nbsp;Alojamiento.<br>Nota: Museo del Oro cerrado los lunes, se reemplaza por la Exposici\u00f3n Botero, Monserrate los domingos la congesti\u00f3n es muy alta, lo cambiamos haciendo recorrido v\u00eda la Calera para tener la vista de Bogot\u00e1 e incluimos una bebida en el mirador.<\/p>\n\n\n\n<p><strong>D\u00cdA 7 BOGOT\u00c1&nbsp;<\/strong><br>Desayuno en el hotel. Dia libre para actividades personales. Alojamiento.&nbsp;<\/p>\n\n\n\n<p><strong>D\u00cdA 8 BOGOT\u00c1 \u2013 M\u00c9XICO &nbsp;<\/strong><br>Desayuno en el hotel. A la hora convenida traslado al aeropuerto para tomar el vuelo regular con destino a la Ciudad de M\u00e9xico.<strong>&nbsp;&nbsp;&nbsp;&nbsp;&#8230;FIN DE NUESTROS SERVICIOS<\/strong><\/p>\n\n\n\n<p>Precios y Hoteles:<\/p>\n\n\n\n<figure class=\"wp-block-table\"><table><tbody><tr><td><strong>CATEGOR\u00cdA<\/strong><\/td><td><strong>TRIPLE<\/strong><\/td><td><strong>DOBLE<\/strong><\/td><td><strong>SGL<\/strong><\/td><\/tr><tr><td>Hoteles 3*<\/td><td>$848<\/td><td>$868<\/td><td>$1,298<\/td><\/tr><tr><td>Hoteles 4*<\/td><td>$1,048<\/td><td>$1,018<\/td><td>$1,298<\/td><\/tr><tr><td>Hoteles 5*<\/td><td>$1,348<\/td><td>$1,458<\/td><td>$1,958<\/td><\/tr><\/tbody><\/table><\/figure>\n\n\n\n<p><strong>IMPUESTOS Y SUPLEMENTOS<\/strong><\/p>\n\n\n\n<figure class=\"wp-block-table\"><table><tbody><tr><td>Impuestos A\u00e9reos<\/td><td>$ 290<\/td><\/tr><\/tbody><\/table><\/figure>\n\n\n\n<p>\u2013 Precios por persona en d\u00f3lares<br>\u2013 Precios no aplican en semana santa, pascua, eventos especiales, carnaval, navidad y a\u00f1o nuevo<br>\u2013 Los precios cambian constantemente, as\u00ed que te sugerimos la verificaci\u00f3n de estos, y no utilizar este documento como definitivo.<br>\u2013 Tarifas validas con precompra de 21 d\u00edas.<br>\u2013 Consultar suplemento a\u00e9reo julio y agosto 2023.<\/p>\n\n\n\n<figure class=\"wp-block-table\"><table><tbody><tr><td colspan=\"4\"><strong>HOTELES PREVISTOS O SIMILARES<\/strong><\/td><\/tr><tr><td><strong>HOTEL<\/strong><\/td><td><strong>CIUDAD<\/strong><\/td><td><strong>TIPO<\/strong><\/td><td><strong>PA\u00cdS<\/strong><\/td><\/tr><tr><td>Andes Plaza<\/td><td>Bogot\u00e1<\/td><td>3 Estrellas<\/td><td>Colombia<\/td><\/tr><tr><td>Cartagena Plaza Todo incluido<\/td><td>Cartagena<\/td><td>3 Estrellas<\/td><td>Colombia<\/td><\/tr><tr><td><strong>HOTEL<\/strong><\/td><td><strong>CIUDAD<\/strong><\/td><td><strong>TIPO<\/strong><\/td><td><strong>PA\u00cdS<\/strong><\/td><\/tr><tr><td>Belverde by Faranda<\/td><td>Bogot\u00e1<\/td><td>4 Estrellas<\/td><td>Colombia<\/td><\/tr><tr><td>Dann Cartagena Pensi\u00f3n completa<\/td><td>Cartagena<\/td><td>4 Estrellas<\/td><td>Colombia<\/td><\/tr><tr><td><strong>HOTEL<\/strong><\/td><td><strong>CIUDAD<\/strong><\/td><td><strong>TIPO<\/strong><\/td><td><strong>PA\u00cdS<\/strong><\/td><\/tr><tr><td>Four Points by Sheraton<\/td><td>Bogot\u00e1<\/td><td>4 Estrellas<\/td><td>Colombia<\/td><\/tr><tr><td>Las Americas Casa de Playa Pensi\u00f3n completa<\/td><td>Cartagena<\/td><td>5 Estrellas<\/td><td>Colombia<\/td><\/tr><tr><td colspan=\"4\">\u00c9sta es la relaci\u00f3n de los hoteles utilizados m\u00e1s frecuentemente en este circuito. Reflejada tan s\u00f3lo a efectos indicativos, pudiendo ser el pasajero alojado en establecimientos similares o alternativos<\/td><\/tr><\/tbody><\/table><\/figure>\n\n\n\n<p>El paquete incluye<\/p>\n\n\n\n<ul class=\"wp-block-list\">\n<li>Boleto de avi\u00f3n M\u00e9xico \u2013 Bogot\u00e1 \u2013 Cartagena \u2013 Bogot\u00e1\u2013 M\u00e9xico.<\/li>\n\n\n\n<li>Traslados aeropuerto \u2013 hotel \u2013 aeropuerto<\/li>\n\n\n\n<li>04 noches de alojamiento en Cartagena en hotel elegido en Plan Todo Indicado.<\/li>\n\n\n\n<li>03 noches de alojamiento Bogot\u00e1 en hotel elegido con desayunos.<\/li>\n\n\n\n<li>Visitas indicadas en el itinerario.<\/li>\n\n\n\n<li>Gu\u00eda especializado de habla hispana<\/li>\n\n\n\n<li>Documentos de viaje se entregar\u00e1n en formato digital para descargar en su dispositivo m\u00f3vil.<\/li>\n<\/ul>\n\n\n\n<p>El paquete no incluye:<\/p>\n\n\n\n<ul class=\"wp-block-list\">\n<li>Tarjeta de Asistencia Tur\u00edstica (seguro de viajero). Consultar opciones.<\/li>\n\n\n\n<li>Ning\u00fan servicio no especificado.<\/li>\n\n\n\n<li>Gastos personales y propinas a meseros, maleteros, gu\u00edas y trasladistas.<\/li>\n\n\n\n<li>Actividades acu\u00e1ticas, snorkel, entrada al Acuario, Buceo con tanque, etc.<\/li>\n<\/ul>\n\n\n\n<p>Precios cotizados en d\u00f3lares americanos, pagaderos en Moneda Nacional al tipo de cambio del d\u00eda Los precios indicados son informativos y deben ser conformados antes de su compra ya que est\u00e1n sujetos a cambio sin previo aviso. Para obtener el costo exacto a pagar a tipo de cambio del d\u00eda, comun\u00edquese con nosotros. Consulte impuestos y suplementos.<\/p>\n","protected":false},"excerpt":{"rendered":"<p>MT-52092 Cartagena y Bogot\u00e1 &#8211; Todo Incluido Ciudades Visitadas:&nbsp;Colombia Duraci\u00f3n:&nbsp;8 D\u00edas y 7 Noches Desde:868 USD + 290 Imp Fecha(s) de salida: Diarias Vigencia:&nbsp;Precios vigentes hasta el 06\/12\/2023 Aerolinea INCLUYE VUELO Leaflet Itinerario D\u00cdA 1 M\u00c9XICO \u2013 CARTAGENASalida en vuelo regular con destino la Ciudad de Cartagena. Llegada, recepci\u00f3n y traslado a su hotel. Alojamiento. [&hellip;]<\/p>\n","protected":false},"author":1,"featured_media":0,"parent":0,"menu_order":0,"comment_status":"closed","ping_status":"closed","template":"","meta":{"om_disable_all_campaigns":false,"_monsterinsights_skip_tracking":false,"_monsterinsights_sitenote_active":false,"_monsterinsights_sitenote_note":"","_monsterinsights_sitenote_category":0,"site-sidebar-layout":"default","site-content-layout":"","ast-site-content-layout":"default","site-content-style":"default","site-sidebar-style":"default","ast-global-header-display":"","ast-banner-title-visibility":"","ast-main-header-display":"","ast-hfb-above-header-display":"","ast-hfb-below-header-display":"","ast-hfb-mobile-header-display":"","site-post-title":"disabled","ast-breadcrumbs-content":"","ast-featured-img":"","footer-sml-layout":"","ast-disable-related-posts":"","theme-transparent-header-meta":"","adv-header-id-meta":"","stick-header-meta":"","header-above-stick-meta":"","header-main-stick-meta":"","header-below-stick-meta":"","astra-migrate-meta-layouts":"set","ast-page-background-enabled":"default","ast-page-background-meta":{"desktop":{"background-color":"","background-image":"","background-repeat":"repeat","background-position":"center center","background-size":"auto","background-attachment":"scroll","background-type":"","background-media":"","overlay-type":"","overlay-color":"","overlay-opacity":"","overlay-gradient":""},"tablet":{"background-color":"","background-image":"","background-repeat":"repeat","background-position":"center center","background-size":"auto","background-attachment":"scroll","background-type":"","background-media":"","overlay-type":"","overlay-color":"","overlay-opacity":"","overlay-gradient":""},"mobile":{"background-color":"","background-image":"","background-repeat":"repeat","background-position":"center center","background-size":"auto","background-attachment":"scroll","background-type":"","background-media":"","overlay-type":"","overlay-color":"","overlay-opacity":"","overlay-gradient":""}},"ast-content-background-meta":{"desktop":{"background-color":"var(--ast-global-color-5)","background-image":"","background-repeat":"repeat","background-position":"center center","background-size":"auto","background-attachment":"scroll","background-type":"","background-media":"","overlay-type":"","overlay-color":"","overlay-opacity":"","overlay-gradient":""},"tablet":{"background-color":"var(--ast-global-color-5)","background-image":"","background-repeat":"repeat","background-position":"center center","background-size":"auto","background-attachment":"scroll","background-type":"","background-media":"","overlay-type":"","overlay-color":"","overlay-opacity":"","overlay-gradient":""},"mobile":{"background-color":"var(--ast-global-color-5)","background-image":"","background-repeat":"repeat","background-position":"center center","background-size":"auto","background-attachment":"scroll","background-type":"","background-media":"","overlay-type":"","overlay-color":"","overlay-opacity":"","overlay-gradient":""}},"footnotes":""},"class_list":["post-621","page","type-page","status-publish","hentry"],"aioseo_notices":[],"_links":{"self":[{"href":"https:\/\/camaratravel.com\/index.php?rest_route=\/wp\/v2\/pages\/621","targetHints":{"allow":["GET"]}}],"collection":[{"href":"https:\/\/camaratravel.com\/index.php?rest_route=\/wp\/v2\/pages"}],"about":[{"href":"https:\/\/camaratravel.com\/index.php?rest_route=\/wp\/v2\/types\/page"}],"author":[{"embeddable":true,"href":"https:\/\/camaratravel.com\/index.php?rest_route=\/wp\/v2\/users\/1"}],"replies":[{"embeddable":true,"href":"https:\/\/camaratravel.com\/index.php?rest_route=%2Fwp%2Fv2%2Fcomments&post=621"}],"version-history":[{"count":3,"href":"https:\/\/camaratravel.com\/index.php?rest_route=\/wp\/v2\/pages\/621\/revisions"}],"predecessor-version":[{"id":1651,"href":"https:\/\/camaratravel.com\/index.php?rest_route=\/wp\/v2\/pages\/621\/revisions\/1651"}],"wp:attachment":[{"href":"https:\/\/camaratravel.com\/index.php?rest_route=%2Fwp%2Fv2%2Fmedia&parent=621"}],"curies":[{"name":"wp","href":"https:\/\/api.w.org\/{rel}","templated":true}]}}