{"id":619,"date":"2023-10-06T01:43:34","date_gmt":"2023-10-06T01:43:34","guid":{"rendered":"https:\/\/camaratravel.com\/?page_id=619"},"modified":"2023-11-10T00:39:12","modified_gmt":"2023-11-10T00:39:12","slug":"mt-52057-peru-y-bolivia","status":"publish","type":"page","link":"https:\/\/camaratravel.com\/?page_id=619","title":{"rendered":"MT-52057 Per\u00fa y Bolivia"},"content":{"rendered":"\n<div class=\"wp-block-cover is-light\" style=\"padding-top:var(--wp--preset--spacing--80);padding-bottom:var(--wp--preset--spacing--80);min-height:50px;aspect-ratio:unset;\"><span aria-hidden=\"true\" class=\"wp-block-cover__background has-vivid-green-cyan-background-color has-background-dim-100 has-background-dim\"><\/span><div class=\"wp-block-cover__inner-container is-layout-flow wp-block-cover-is-layout-flow\">\n<p class=\"has-text-align-center has-large-font-size\"><\/p>\n<\/div><\/div>\n\n\n\n<p>MT-52057 Per\u00fa y Bolivia<\/p>\n\n\n\n<p><strong>Ciudades Visitadas:<\/strong>&nbsp;Per\u00fa, Bolivia<\/p>\n\n\n\n<figure class=\"wp-block-image\"><img decoding=\"async\" src=\"https:\/\/one.cdnmega.com\/images\/viajes\/covers\/lago-titicaca-bolivia.webp\" alt=\"\"\/><\/figure>\n\n\n\n<p><strong>Duraci\u00f3n:<\/strong>&nbsp;10 D\u00edas y 9 Noches<\/p>\n\n\n\n<p><strong>Desde:<\/strong>2088 USD + 440 Imp<\/p>\n\n\n\n<p><strong>Fecha(s) de salida:<\/strong><\/p>\n\n\n\n<p><br>Diarias<\/p>\n\n\n\n<p><strong>Vigencia:<\/strong>&nbsp;Precios vigentes hasta el 06\/12\/2023<\/p>\n\n\n\n<p><strong>Aerolinea<\/strong><\/p>\n\n\n\n<h5 class=\"wp-block-heading\">INCLUYE VUELO<\/h5>\n\n\n\n<figure class=\"wp-block-image\"><img decoding=\"async\" src=\"https:\/\/one.cdnmega.com\/images\/aerolineas\/iata\/LA.png\" alt=\"LAN\"\/><\/figure>\n\n\n\n<p>Itinerario<\/p>\n\n\n\n<p><strong>D\u00cdA 1 M\u00c9XICO \u2013 LIMA<\/strong><br>Cita en el aeropuerto de la Ciudad de M\u00e9xico para abordar el vuelo con destino al aeropuerto de Lima. Llegada a la ciudad de Lima, asistencia y traslado al hotel. Alojamiento en Lima.<\/p>\n\n\n\n<p><strong>D\u00cdA 2 LIMA \u2013 CUSCO \u2013 Visita de Ciudad<\/strong><br>Traslado al aeropuerto para nuestra salida a Cusco. A la llegada, asistencia y traslado al hotel. Resto de la ma\u00f1ana libre para aclimatarse. En la tarde, recorrido exclusivo de la ciudad que inicia con una visita a la Plaza de San Crist\u00f3bal para disfrutar de una vista panor\u00e1mica de la ciudad. Luego, visitaremos el Mercado de San Pedro, donde nos empaparemos del sabor local y conoceremos m\u00e1s de cerca los productos de la zona en este mercado que lo tiene todo y abastece a la ciudad completa. Luego, el Templo de Koricancha nos recibe con toda su magnificencia; Recinto de Oro es su nombre en quechua y su fastuosidad a\u00fan se siente en esas paredes que alguna vez estuvieron totalmente revestidas de oro. Conoceremos tambi\u00e9n la Iglesia de Santo Domingo. Desde San Blas, el barrio de los artesanos, bajaremos a pie por la calle Hatun Rumiyoc encontrando a nuestro paso el palacio Inca Roca, hoy el Palacio Arzobispal, tendremos tiempo para admirar la mundialmente famosa Piedra de los Doce \u00c1ngulos. Seguiremos a la Plaza de Armas para visitar La Catedral que alberga obras coloniales de incre\u00edble valor. Alojamiento en Cusco.<\/p>\n\n\n\n<p><strong>D\u00cdA 3 CUSCO \u2013 Sacsayhuam\u00e1n<\/strong><br>Por la ma\u00f1ana, nos alejaremos de las multitudes para visitar Sacsayhuam\u00e1n, una impresionante ciudadela llena de colosales construcciones rodeada de hermosos paisajes en total comuni\u00f3n con el entorno. Luego, continuamos hacia el adoratorio Incaico de Qenqo, sorprendente ser\u00e1 el altar para sacrificios incrustado en la parte interna de su formaci\u00f3n rocosa. Finalmente llegamos a la atalaya de Puca Pucar\u00e1 y a Tambomachay, monumento de notable excelencia arquitect\u00f3nica es considerado uno de los pilares de la cosmovisi\u00f3n andina. Tarde libre para disfrutar de la ciudad. Alojamiento en Cusco.<\/p>\n\n\n\n<p><strong>D\u00cdA 4 CUSCO \u2013 MACHU PICCHU \u2013 CUSCO<\/strong><br>Partiremos en tren para conocer una de las Nuevas 7 Maravillas del Mundo. Arribaremos a la estaci\u00f3n de Aguas Calientes, donde nuestro personal nos asistir\u00e1 para abordar el transporte que ascender\u00e1 por un camino intrincado obsequi\u00e1ndonos una espectacular vista del r\u00edo Urubamba que da forma al famoso ca\u00f1\u00f3n. La Ciudad Perdida de los Incas, Machu Picchu, nos recibir\u00e1 con sus incre\u00edbles terrazas, escalinatas, recintos ceremoniales y \u00e1reas urbanas. La energ\u00eda emana de todo el lugar. Luego de una visita guiada, almorzaremos en uno de los restaurantes de la zona. Pernoctaremos en uno de los hoteles de Aguas Calientes o Machu Picchu, lo que nos permitir\u00e1 m\u00e1s tiempo en este recinto. Alojamiento en Cusco.<\/p>\n\n\n\n<p><strong>D\u00cdA 5 CUSCO \u2013 PUNO<\/strong><br>Partiremos en un bus tur\u00edstico a la ciudad de Puno. En el camino realizaremos oportunas paradas para visitar los atractivos de esta paisaj\u00edstica ruta. Nuestra primera parada ser\u00e1 Andahuaylillas, donde visitaremos su hermosa capilla. Continuaremos hacia Racchi, Templo del Dios Wiracocha, en el cual destacan los enormes muros y pasajes del recinto. Nuestras siguientes paradas ser\u00e1n para almorzar y disfrutar hermosas vistas en La Raya, l\u00edmite natural entre Cusco y Puno. Antes de nuestro destino final, visitaremos el Museo de Sitio de Pucar\u00e1. No desaprovechemos esta oportunidad para conseguir uno de los cl\u00e1sicos toritos de la localidad. Arribaremos a Puno finalizando la tarde. Alojamiento en Puno<\/p>\n\n\n\n<p><strong>D\u00cdA 6 PUNO \u2013 Isla de los Uros y Sillustani<\/strong><br>Tomaremos la ma\u00f1ana para conocer \u201cEl Pueblo del Lago\u201d. Visitaremos las islas artificiales de los Uros que nos recibir\u00e1n con su t\u00edpica hospitalidad y nos mostrar\u00e1n su peculiar forma de vida. Nos resultar\u00e1 dif\u00edcil de creer, pero estos amistosos locales habitan, se educan y se ganan la vida sobre estas islas flotantes. En la tarde, visitaremos el cementerio pre-inca de los Jefes Hatun Colla en Sillustani, a orillas del Lago Umayo. Son famosos sus torreones funerarios o Chullpas de hasta 6 metros de altura. Alojamiento en Puno.<\/p>\n\n\n\n<p><strong>D\u00cdA 7 PUNO \u2013 COPACABANA \u2013 ISLA DEL SOL \u2013 LA PAZ<\/strong><br>A primera hora traslado por carretera hacia el Santuario de Copacabana. Breve visita al Santuario de la virgen de Copacabana, para luego abordar el Crucero Catamar\u00e1n disfrutando de un snack a bordo hacia la Isla del Sol, cuna del Imperio Incaico. En esta legendaria isla se visita el Jard\u00edn, las Escaleras y la Fuente del Inca, posteriormente el itinerario incluye la visita al Complejo Cultural Inti Wata, el principal atractivo tur\u00edstico privado de Bolivia, incluye el museo subterr\u00e1neo del Ekako, los centros de medicina tradicional y de construcci\u00f3n de balsas de totora, las terrazas Pachamama de agricultura incaica, un centro artesanal, el refugio Intica y la m\u00e1s grande variedad de cam\u00e9lidos andinos ubicados en el mirador &#8220;Manco Kapac&#8221;. &nbsp;La visita al Complejo Inti Wata tambi\u00e9n incluye la posibilidad de navegar a bordo de una inmensa balsa t\u00edpica de Totora y de realizar una visita panor\u00e1mica al palacio incaico de Pilkokaina. Se aborda nuevamente el catamar\u00e1n para luego continuar la navegaci\u00f3n disfrutando de un almuerzo buffet y del majestuoso panorama del lago Titicaca. &nbsp;Traslado a La Paz. Alojamiento en La Paz.<\/p>\n\n\n\n<p><strong>D\u00cdA 8 LA PAZ \u2013 Visita de Ciudad<\/strong><br>Empezaremos nuestro recorrido de la ciudad visitando el t\u00edpico Mercado de los M\u00e9dicos Brujos; luego conocemos la Iglesia Colonial de San Francisco. Seguimos hasta la Plaza Murillo, donde encontraremos la Catedral Metropolitana, el Palacio de Gobierno y el Parlamento. Luego, pasearemos por la famosa Calle Ja\u00e9n, donde encontramos los museos m\u00e1s importantes de La Paz. Buscamos otros aires y nos dirigiremos a las zonas residenciales de Obrajes, Calacoto y la Florida para terminar en el espectacular Valle de la Luna. Tarde libre. Alojamiento en La Paz.<\/p>\n\n\n\n<p><strong>D\u00cdA 9 LA PAZ \u2013 LIMA \u2013 Visita de Ciudad<\/strong><br>Por el horario del vuelo, de madrugada ser\u00e1 trasladado al aeropuerto para abordar vuelo con destino a la Ciudad de Lima. Ma\u00f1ana libre para descansar. Por la ma\u00f1ana, pasearemos por las principales calles, plazas y avenidas de la ciudad. Comenzaremos por el Parque del Amor en Miraflores, con una espectacular vista del Oc\u00e9ano Pac\u00edfico. Luego, tendremos una vista panor\u00e1mica de la Huaca Pucllana, centro ceremonial de la cultura Lima. Continuaremos a la Plaza de Armas, donde encontraremos el Palacio de Gobierno y el Palacio Municipal. Visitaremos la Catedral y caminaremos hasta el Convento de Santo Domingo, cuyos pasillos fueron transitados por San Mart\u00edn de Porras y Santa Rosa de Lima en el siglo XVII y donde actualmente yacen sus restos. Por la noche, traslado al aeropuerto para abordar vuelo a la Ciudad de M\u00e9xico (vuelo de madrugada).<br><small><strong>NOTA: Catedral de Lima no opera los d\u00edas s\u00e1bados en la tarde, ni domingos por la ma\u00f1ana, se reemplaza por Museo de Arte de Lima \u2013 MALI. La Catedral cierra en algunos feriados nacionales y\/o religiosos.<\/strong><\/small><strong>&nbsp;&nbsp;&nbsp;&nbsp;&#8230;FIN DE NUESTROS SERVICIOS<\/strong><\/p>\n\n\n\n<p>Precios y Hoteles:<\/p>\n\n\n\n<figure class=\"wp-block-table\"><table><tbody><tr><td><strong>CATEGOR\u00cdA<\/strong><\/td><td><strong>TRIPLE<\/strong><\/td><td><strong>DOBLE<\/strong><\/td><td><strong>SGL<\/strong><\/td><\/tr><tr><td>Hoteles 3 Estrellas<\/td><td>$ 1,858<\/td><td>$ 2,088<\/td><td>$ 2,548<\/td><\/tr><tr><td>Hoteles 4 Estrellas<\/td><td>$ 2,068<\/td><td>$ 2,288<\/td><td>$ 2,918<\/td><\/tr><tr><td>Hoteles 5 Estrellas<\/td><td>$ 2,628<\/td><td>$ 2,638<\/td><td>$ 3,658<\/td><\/tr><tr><td>Hoteles Lujo<\/td><td>$ 2,878<\/td><td>$ 2,798<\/td><td>$ 4,018<\/td><\/tr><\/tbody><\/table><\/figure>\n\n\n\n<p><strong>IMPUESTOS Y SUPLEMENTOS<\/strong><\/p>\n\n\n\n<figure class=\"wp-block-table\"><table><tbody><tr><td>Impuestos a\u00e9reos<\/td><td>$ 440<\/td><\/tr><tr><td>Suplemento Tren Vistadome<\/td><td>$ 50<\/td><\/tr><tr><td>Suplemento fin de semana viernes a domingo<\/td><td>$ 75<\/td><\/tr><\/tbody><\/table><\/figure>\n\n\n\n<p>\u2013 Precios por persona en d\u00f3lares<br>\u2013 Precios no aplican en semana santa, pascua, Inti Raymi, eventos especiales, carnaval, navidad y a\u00f1o nuevo<br>\u2013 Los precios cambian constantemente, as\u00ed que te sugerimos la verificaci\u00f3n de estos, y no utilizar este documento como definitivo.<br>\u2013 Tarifas validas con precompra de 21 d\u00edas.<br>\u2013 Consultar suplemento a\u00e9reo julio y agosto 2023.<br>\u2013 Consultar suplemento para pasajero viajando solo.<br>\u2013 Se considera menor hasta los 3 a\u00f1os 11 meses. M\u00e1ximo 1 menor por habitaci\u00f3n doble compartiendo cama con los padres. A partir de los 4 a\u00f1os, se solicita habitaci\u00f3n triple.<\/p>\n\n\n\n<figure class=\"wp-block-table\"><table><tbody><tr><td colspan=\"4\"><strong>HOTELES PREVISTOS O SIMILARES<\/strong><\/td><\/tr><tr><td><strong>HOTEL<\/strong><\/td><td><strong>CIUDAD<\/strong><\/td><td><strong>TIPO<\/strong><\/td><td><strong>PA\u00cdS<\/strong><\/td><\/tr><tr><td>Libre Hotel<\/td><td>Lima<\/td><td>3 Estrellas<\/td><td>Per\u00fa<\/td><\/tr><tr><td>Royal Inka II<\/td><td>Cusco<\/td><td>3 Estrellas<\/td><td>Per\u00fa<\/td><\/tr><tr><td>Hacienda Puno<\/td><td>Puno<\/td><td>3 Estrellas<\/td><td>Per\u00fa<\/td><\/tr><tr><td>Europa<\/td><td>La Paz<\/td><td>3 Estrellas<\/td><td>Bolivia<\/td><\/tr><tr><td><strong>HOTEL<\/strong><\/td><td><strong>CIUDAD<\/strong><\/td><td><strong>TIPO<\/strong><\/td><td><strong>PA\u00cdS<\/strong><\/td><\/tr><tr><td>Pullman Miraflores<\/td><td>Lima<\/td><td>4 Estrellas<\/td><td>Per\u00fa<\/td><\/tr><tr><td>Sonesta Hotel<\/td><td>Cusco<\/td><td>4 Estrellas<\/td><td>Per\u00fa<\/td><\/tr><tr><td>Casa Andina Premium<\/td><td>Puno<\/td><td>4 Estrellas<\/td><td>Per\u00fa<\/td><\/tr><tr><td>Europa<\/td><td>La Paz<\/td><td>4 Estrellas<\/td><td>Bolivia<\/td><\/tr><tr><td><strong>HOTEL<\/strong><\/td><td><strong>CIUDAD<\/strong><\/td><td><strong>TIPO<\/strong><\/td><td><strong>PA\u00cdS<\/strong><\/td><\/tr><tr><td>AC Hotel Lima<\/td><td>Lima<\/td><td>5 Estrellas<\/td><td>Per\u00fa<\/td><\/tr><tr><td>Aranwa<\/td><td>Cusco<\/td><td>5 Estrellas<\/td><td>Per\u00fa<\/td><\/tr><tr><td>GHL Hotel Lago Titicaca<\/td><td>Puno<\/td><td>5 Estrellas<\/td><td>Per\u00fa<\/td><\/tr><tr><td>Casa Grande Hotel<\/td><td>La Paz<\/td><td>5 Estrellas<\/td><td>Bolivia<\/td><\/tr><tr><td><strong>HOTEL<\/strong><\/td><td><strong>CIUDAD<\/strong><\/td><td><strong>TIPO<\/strong><\/td><td><strong>PA\u00cdS<\/strong><\/td><\/tr><tr><td>Westin Lima<\/td><td>Lima<\/td><td>Lujo<\/td><td>Per\u00fa<\/td><\/tr><tr><td>Palacio del Inka<\/td><td>Cusco<\/td><td>Lujo<\/td><td>Per\u00fa<\/td><\/tr><tr><td>GHL Hotel Lago Titicaca<\/td><td>Puno<\/td><td>Lujo<\/td><td>Per\u00fa<\/td><\/tr><tr><td>Casa Grande Hotel<\/td><td>La Paz<\/td><td>Lujo<\/td><td>Bolivia<\/td><\/tr><tr><td colspan=\"4\">\u00c9sta es la relaci\u00f3n de los hoteles utilizados m\u00e1s frecuentemente en este circuito. Reflejada tan s\u00f3lo a efectos indicativos, pudiendo ser el pasajero alojado en establecimientos similares o alternativos<\/td><\/tr><\/tbody><\/table><\/figure>\n\n\n\n<p>El paquete incluye<\/p>\n\n\n\n<ul class=\"wp-block-list\">\n<li>Boleto de avi\u00f3n viaje redondo M\u00e9xico \u2013 Lima \u2013 Cusco \/\/ La Paz \u2013 Lima \u2013 M\u00e9xico.<\/li>\n\n\n\n<li>09 noches de alojamiento en los hoteles mencionados con desayunos diarios incluidos.<\/li>\n\n\n\n<li>Lima<\/li>\n\n\n\n<li>Traslado aeropuerto \/ hotel \/ aeropuerto en Lima en servicio compartido en idioma espa\u00f1ol.<\/li>\n\n\n\n<li>Tour a la ciudad de Lima en servicio compartido en idioma espa\u00f1ol con entradas incluidas.<\/li>\n\n\n\n<li>Cusco<\/li>\n\n\n\n<li>Traslado aeropuerto \/ hotel \/ estaci\u00f3n de bus en servicio compartido en idioma espa\u00f1ol.<\/li>\n\n\n\n<li>Tour a la ciudad de Cusco en servicio compartido en idioma espa\u00f1ol con entradas incluidas.<\/li>\n\n\n\n<li>Tour al Parque Arqueol\u00f3gico de Sacsayhuam\u00e1n en servicio compartido en idioma espa\u00f1ol con entradas incluidas.<\/li>\n\n\n\n<li>Tour a Machu Picchu en servicio compartido en idioma espa\u00f1ol.<\/li>\n\n\n\n<li>Traslado hotel\/estaci\u00f3n de tren\/hotel.<\/li>\n\n\n\n<li>Ticket de tren ida\/retorno en tren Expedition.<\/li>\n\n\n\n<li>01 bus ida\/retorno de Machu Picchu.<\/li>\n\n\n\n<li>01 entrada a Machu Picchu con visita guiada.<\/li>\n\n\n\n<li>01 almuerzo en el restaurante de Machu Picchu Pueblo (no incluye bebidas).<\/li>\n\n\n\n<li>Salida Cusco\/Puno en bus tur\u00edstico en servicio compartido en idioma espa\u00f1ol.<\/li>\n\n\n\n<li>Puno<\/li>\n\n\n\n<li>Traslado estaci\u00f3n de bus \/ hotel en servicio compartido en idioma espa\u00f1ol.<\/li>\n\n\n\n<li>Excursi\u00f3n a las Islas flotantes de los Uros en servicio compartido en idioma espa\u00f1ol.<\/li>\n\n\n\n<li>Excursi\u00f3n a Sillustani en servicio compartido en idioma espa\u00f1ol.<\/li>\n\n\n\n<li>La Paz<\/li>\n\n\n\n<li>Salida en servicio de Catamar\u00e1n en servicio compartido en idioma espa\u00f1ol\/ingl\u00e9s.<\/li>\n\n\n\n<li>Visita a la ciudad de La Paz en servicio privado en idioma espa\u00f1ol.<\/li>\n\n\n\n<li>Traslado hotel \/ aeropuerto en servicio privado en idioma espa\u00f1ol.<\/li>\n\n\n\n<li>Alimentaci\u00f3n seg\u00fan se menciona en el programa.<\/li>\n\n\n\n<li>Gu\u00eda de habla hispana.<\/li>\n\n\n\n<li>Documentos de viaje se entregar\u00e1n en formato digital para descargar en su dispositivo m\u00f3vil.<\/li>\n<\/ul>\n\n\n\n<p>El paquete no incluye:<\/p>\n\n\n\n<ul class=\"wp-block-list\">\n<li>Tarjeta de Asistencia Tur\u00edstica (seguro de viajero). Consultar opciones.<\/li>\n\n\n\n<li>Ning\u00fan servicio no especificado.<\/li>\n\n\n\n<li>Gastos personales y propinas a maleteros, trasladistas, gu\u00edas y meseros.<\/li>\n\n\n\n<li>Bebidas en alimentaci\u00f3n<\/li>\n<\/ul>\n\n\n\n<p>Precios cotizados en d\u00f3lares americanos, pagaderos en Moneda Nacional al tipo de cambio del d\u00eda Los precios indicados son informativos y deben ser conformados antes de su compra ya que est\u00e1n sujetos a cambio sin previo aviso. Para obtener el costo exacto a pagar a tipo de cambio del d\u00eda, comun\u00edquese con nosotros. Consulte impuestos y suplementos.<\/p>\n","protected":false},"excerpt":{"rendered":"<p>MT-52057 Per\u00fa y Bolivia Ciudades Visitadas:&nbsp;Per\u00fa, Bolivia Duraci\u00f3n:&nbsp;10 D\u00edas y 9 Noches Desde:2088 USD + 440 Imp Fecha(s) de salida: Diarias Vigencia:&nbsp;Precios vigentes hasta el 06\/12\/2023 Aerolinea INCLUYE VUELO Itinerario D\u00cdA 1 M\u00c9XICO \u2013 LIMACita en el aeropuerto de la Ciudad de M\u00e9xico para abordar el vuelo con destino al aeropuerto de Lima. Llegada a [&hellip;]<\/p>\n","protected":false},"author":1,"featured_media":0,"parent":0,"menu_order":0,"comment_status":"closed","ping_status":"closed","template":"","meta":{"om_disable_all_campaigns":false,"_monsterinsights_skip_tracking":false,"_monsterinsights_sitenote_active":false,"_monsterinsights_sitenote_note":"","_monsterinsights_sitenote_category":0,"site-sidebar-layout":"default","site-content-layout":"","ast-site-content-layout":"default","site-content-style":"default","site-sidebar-style":"default","ast-global-header-display":"","ast-banner-title-visibility":"","ast-main-header-display":"","ast-hfb-above-header-display":"","ast-hfb-below-header-display":"","ast-hfb-mobile-header-display":"","site-post-title":"disabled","ast-breadcrumbs-content":"","ast-featured-img":"","footer-sml-layout":"","ast-disable-related-posts":"","theme-transparent-header-meta":"","adv-header-id-meta":"","stick-header-meta":"","header-above-stick-meta":"","header-main-stick-meta":"","header-below-stick-meta":"","astra-migrate-meta-layouts":"set","ast-page-background-enabled":"default","ast-page-background-meta":{"desktop":{"background-color":"","background-image":"","background-repeat":"repeat","background-position":"center center","background-size":"auto","background-attachment":"scroll","background-type":"","background-media":"","overlay-type":"","overlay-color":"","overlay-opacity":"","overlay-gradient":""},"tablet":{"background-color":"","background-image":"","background-repeat":"repeat","background-position":"center center","background-size":"auto","background-attachment":"scroll","background-type":"","background-media":"","overlay-type":"","overlay-color":"","overlay-opacity":"","overlay-gradient":""},"mobile":{"background-color":"","background-image":"","background-repeat":"repeat","background-position":"center center","background-size":"auto","background-attachment":"scroll","background-type":"","background-media":"","overlay-type":"","overlay-color":"","overlay-opacity":"","overlay-gradient":""}},"ast-content-background-meta":{"desktop":{"background-color":"var(--ast-global-color-5)","background-image":"","background-repeat":"repeat","background-position":"center center","background-size":"auto","background-attachment":"scroll","background-type":"","background-media":"","overlay-type":"","overlay-color":"","overlay-opacity":"","overlay-gradient":""},"tablet":{"background-color":"var(--ast-global-color-5)","background-image":"","background-repeat":"repeat","background-position":"center center","background-size":"auto","background-attachment":"scroll","background-type":"","background-media":"","overlay-type":"","overlay-color":"","overlay-opacity":"","overlay-gradient":""},"mobile":{"background-color":"var(--ast-global-color-5)","background-image":"","background-repeat":"repeat","background-position":"center center","background-size":"auto","background-attachment":"scroll","background-type":"","background-media":"","overlay-type":"","overlay-color":"","overlay-opacity":"","overlay-gradient":""}},"footnotes":""},"class_list":["post-619","page","type-page","status-publish","hentry"],"aioseo_notices":[],"_links":{"self":[{"href":"https:\/\/camaratravel.com\/index.php?rest_route=\/wp\/v2\/pages\/619","targetHints":{"allow":["GET"]}}],"collection":[{"href":"https:\/\/camaratravel.com\/index.php?rest_route=\/wp\/v2\/pages"}],"about":[{"href":"https:\/\/camaratravel.com\/index.php?rest_route=\/wp\/v2\/types\/page"}],"author":[{"embeddable":true,"href":"https:\/\/camaratravel.com\/index.php?rest_route=\/wp\/v2\/users\/1"}],"replies":[{"embeddable":true,"href":"https:\/\/camaratravel.com\/index.php?rest_route=%2Fwp%2Fv2%2Fcomments&post=619"}],"version-history":[{"count":3,"href":"https:\/\/camaratravel.com\/index.php?rest_route=\/wp\/v2\/pages\/619\/revisions"}],"predecessor-version":[{"id":1673,"href":"https:\/\/camaratravel.com\/index.php?rest_route=\/wp\/v2\/pages\/619\/revisions\/1673"}],"wp:attachment":[{"href":"https:\/\/camaratravel.com\/index.php?rest_route=%2Fwp%2Fv2%2Fmedia&parent=619"}],"curies":[{"name":"wp","href":"https:\/\/api.w.org\/{rel}","templated":true}]}}