{"id":617,"date":"2023-10-06T01:42:42","date_gmt":"2023-10-06T01:42:42","guid":{"rendered":"https:\/\/camaratravel.com\/?page_id=617"},"modified":"2023-11-10T00:22:36","modified_gmt":"2023-11-10T00:22:36","slug":"mt-52049-peru-clasico","status":"publish","type":"page","link":"https:\/\/camaratravel.com\/?page_id=617","title":{"rendered":"MT-52049 Per\u00fa Cl\u00e1sico"},"content":{"rendered":"\n<div class=\"wp-block-cover is-light wp-elements-4d9431f2606f688bad6d7c2317ac850a\" style=\"padding-top:var(--wp--preset--spacing--80);padding-bottom:var(--wp--preset--spacing--80);min-height:50px;aspect-ratio:unset;\"><span aria-hidden=\"true\" class=\"wp-block-cover__background has-vivid-green-cyan-background-color has-background-dim-100 has-background-dim\"><\/span><div class=\"wp-block-cover__inner-container is-layout-flow wp-block-cover-is-layout-flow\">\n<p class=\"has-text-align-center has-large-font-size\"><\/p>\n<\/div><\/div>\n\n\n\n<p>MT-52049 Per\u00fa Cl\u00e1sico<\/p>\n\n\n\n<p><strong>Ciudades Visitadas:<\/strong>&nbsp;Per\u00fa<\/p>\n\n\n\n<figure class=\"wp-block-image\"><img decoding=\"async\" src=\"https:\/\/one.cdnmega.com\/images\/viajes\/covers\/peru-clasico-1024x575_63a2519b24421.webp\" alt=\"\"\/><\/figure>\n\n\n\n<p><strong>Duraci\u00f3n:<\/strong>&nbsp;7 D\u00edas y 6 Noches<\/p>\n\n\n\n<p><strong>Desde:<\/strong>1178 USD + 440 Imp<\/p>\n\n\n\n<p><strong>Fecha(s) de salida:<\/strong><\/p>\n\n\n\n<p><br>Diarias<\/p>\n\n\n\n<p><strong>Vigencia:<\/strong>&nbsp;Precios vigentes hasta el 06\/12\/2023<\/p>\n\n\n\n<p><strong>Aerolinea<\/strong><\/p>\n\n\n\n<h5 class=\"wp-block-heading\">INCLUYE VUELO<\/h5>\n\n\n\n<figure class=\"wp-block-image\"><img decoding=\"async\" src=\"https:\/\/one.cdnmega.com\/images\/aerolineas\/iata\/LA.png\" alt=\"LAN\"\/><\/figure>\n\n\n\n<p>Itinerario<\/p>\n\n\n\n<p><strong>D\u00cdA 1 M\u00c9XICO \u2013 LIMA<\/strong><br>Cita en el aeropuerto de la Ciudad de M\u00e9xico para abordar el vuelo con destino al aeropuerto de Lima. Llegada a la ciudad de Lima, asistencia y traslado al hotel. Alojamiento en Lima.<\/p>\n\n\n\n<p><strong>D\u00cdA 2&nbsp;LIMA \u2013 Visita de Ciudad<\/strong><br>Visita de Ciudad, por la tarde, pasearemos por las principales calles, plazas y avenidas de la ciudad. Comenzaremos por el Parque del Amor en Miraflores, con una espectacular vista del Oc\u00e9ano Pac\u00edfico. Luego, tendremos una vista panor\u00e1mica de la Huaca Pucllana, centro ceremonial de la cultura Lima. Continuaremos a la Plaza de Armas, donde encontraremos el Palacio de Gobierno y el Palacio Municipal. Visitaremos la Catedral y caminaremos hasta el Convento de Santo Domingo, cuyos pasillos fueron transitados por San Mart\u00edn de Porras y Santa Rosa de Lima en el siglo XVII y donde actualmente yacen sus restos. Alojamiento en Lima.<br><small><strong>NOTA: Catedral de Lima no opera los d\u00edas s\u00e1bados en la tarde, ni domingos por la ma\u00f1ana, se reemplaza por Museo de Arte de Lima \u2013 MALI. La Catedral cierra en algunos feriados nacionales y\/o religiosos.<\/strong><\/small><\/p>\n\n\n\n<p><strong>D\u00cdA 3 LIMA \u2013 CUSCO \u2013 Visita de Ciudad<\/strong><br>Traslado al aeropuerto para nuestra salida a Cusco. A la llegada, asistencia y traslado al hotel. Resto de la ma\u00f1ana libre para aclimatarnos. En la tarde, recorrido exclusivo de la ciudad que inicia con una visita a la Plaza de San Crist\u00f3bal para disfrutar de una vista panor\u00e1mica de la ciudad. Luego, visitaremos el Mercado de San Pedro, donde nos empaparemos del sabor local y conoceremos m\u00e1s de cerca los productos de la zona en este mercado que lo tiene todo y abastece a la ciudad completa. Luego, el Templo de Koricancha nos recibe con toda su magnificencia; Recinto de Oro es su nombre en quechua y su fastuosidad a\u00fan se siente en esas paredes que alguna vez estuvieron totalmente revestidas de oro. Conoceremos tambi\u00e9n la Iglesia de Santo Domingo. Desde San Blas, el barrio de los artesanos, bajaremos a pie por la calle Hatun Rumiyoc encontrando a nuestro paso el palacio Inca Roca, hoy el Palacio Arzobispal, tendremos tiempo para admirar la mundialmente famosa Piedra de los Doce \u00c1ngulos. Seguiremos a la Plaza de Armas para visitar La Catedral que alberga obras coloniales de incre\u00edble valor. Alojamiento en Cusco.<\/p>\n\n\n\n<p><strong>D\u00cdA 4 CUSCO \u2013 Sacsayhuam\u00e1n<\/strong><br>Por la ma\u00f1ana, nos alejaremos de las multitudes para visitar Sacsayhuam\u00e1n, una impresionante ciudadela llena de colosales construcciones rodeada de hermosos paisajes en total comuni\u00f3n con el entorno. Luego, continuamos hacia el adoratorio Incaico de Q\u00b4enqo, sorprendente ser\u00e1 el altar para sacrificios incrustado en la parte interna de su formaci\u00f3n rocosa. Finalmente llegamos a la atalaya de Puca Pucar\u00e1 y a Tambomachay, monumento de notable excelencia arquitect\u00f3nica es considerado uno de los pilares de la cosmovisi\u00f3n andina. Tarde libre para disfrutar de la ciudad. Alojamiento en Cusco.<\/p>\n\n\n\n<p><strong>D\u00cdA 5 CUSCO \u2013 VALLE SAGRADO \u2013 MACHU PICCHU PUEBLO&nbsp;<\/strong><br>Este d\u00eda visitaremos los sitios m\u00e1s resaltantes del Valle Sagrado de los Incas. Partiremos hacia el Pueblo de Chinchero, el m\u00e1s t\u00edpico y pintoresco del Valle Sagrado. Este pueblo tambi\u00e9n es famoso por sus mujeres tejedoras, haremos una breve parada en un centro textil para apreciar sus hermosos tejidos y en el que nos ense\u00f1aran las antiguas t\u00e9cnicas Incas para el te\u00f1ido e hilado con lana de Alpaca. Ya en el Pueblo de Chinchero visitaremos su complejo arqueol\u00f3gico Inca y su bella Iglesia colonial gozando de las impresionantes estampas naturales que rodean al pueblo. Continuaremos hacia Moray, bello y curioso complejo arqueol\u00f3gico Inca compuesto de colosales terrazas conc\u00e9ntricas simulando un gran anfiteatro. En \u00e9pocas Incas serv\u00eda como laboratorio agr\u00edcola donde se recreaban diversos microclimas. Almuerzo en uno de los restaurantes de la zona. Culminaremos nuestro recorrido visitando el fabuloso complejo arqueol\u00f3gico de Ollantaytambo importante para los Incas como centro militar, religioso y agr\u00edcola. Visitaremos el Templo de las Diez ventanas, los ba\u00f1os de la \u00d1usta, el Templo del Sol entre otros sitios de inter\u00e9s. Las postales desde las alturas de Ollantaytambo cerraran este m\u00e1gico d\u00eda en el Valle Sagrado de los Incas. A continuaci\u00f3n, partiremos en tren desde la estaci\u00f3n de Ollantaytambo. Arribaremos a la estaci\u00f3n de Aguas Calientes, donde nuestro personal nos asistir\u00e1 para alojarnos en uno de los hoteles de Aguas Calientes (hoy, Machu Picchu Pueblo).<\/p>\n\n\n\n<p><strong>D\u00cdA 6&nbsp;MACHU PICCHU \u2013 CUSCO<\/strong><br>Abordaremos el transporte que ascender\u00e1 por un camino intrincado obsequi\u00e1ndonos una espectacular vista del r\u00edo Urubamba que da forma al famoso ca\u00f1\u00f3n. La Ciudad Perdida de los Incas, Machu Picchu, nos recibir\u00e1 con sus incre\u00edbles terrazas, escalinatas, recintos ceremoniales y \u00e1reas urbanas. La energ\u00eda emana de todo el lugar. Luego de una visita guiada, almorzaremos en uno de los restaurantes de la zona. A la hora coordinada, retornaremos en tren y seremos trasladados al hotel. Alojamiento en Cusco.<\/p>\n\n\n\n<p><strong>D\u00cdA 7&nbsp;CUSCO \u2013 LIMA \u2013 M\u00c9XICO<\/strong><br>Check out a las 10:00 h. Ma\u00f1ana libre para descansar en el hotel, realizar las \u00faltimas compras o pasear por la Ciudad. A la hora coordinada, traslado al aeropuerto para abordar nuestro vuelo de salida a Lima y conexi\u00f3n inmediata a la Ciudad de M\u00e9xico.<strong>&nbsp;&nbsp;&nbsp;&nbsp;&#8230;FIN DE NUESTROS SERVICIOS<\/strong><\/p>\n\n\n\n<p>Precios y Hoteles:<\/p>\n\n\n\n<figure class=\"wp-block-table\"><table><tbody><tr><td><strong>CATEGOR\u00cdA<\/strong><\/td><td><strong>TRIPLE<\/strong><\/td><td><strong>DOBLE<\/strong><\/td><td><strong>SGL<\/strong><\/td><td><strong>MNR<\/strong><\/td><\/tr><tr><td>Hoteles 3 Estrellas<\/td><td>$ 1,158<\/td><td>$ 1,178<\/td><td>$ 1,398<\/td><td>$ 928<\/td><\/tr><tr><td>Hoteles 4 Estrellas<\/td><td>$ 1,198<\/td><td>$ 1,198<\/td><td>$ 1,468<\/td><td>$ 968<\/td><\/tr><tr><td>Hoteles 5 Estrellas<\/td><td>$ 1,568<\/td><td>$ 1,648<\/td><td>$ 2,348<\/td><td>$ 1,338<\/td><\/tr><tr><td>Hoteles Lujo<\/td><td>$ 1,818<\/td><td>$ 1,828<\/td><td>$ 2,698<\/td><td>$ 1,588<\/td><\/tr><\/tbody><\/table><\/figure>\n\n\n\n<p><strong>IMPUESTOS Y SUPLEMENTOS<\/strong><\/p>\n\n\n\n<figure class=\"wp-block-table\"><table><tbody><tr><td>Impuestos a\u00e9reos<\/td><td>$ 440<\/td><\/tr><tr><td>Suplemento Tren Vistadome<\/td><td>$ 50<\/td><\/tr><\/tbody><\/table><\/figure>\n\n\n\n<p>\u2013 Precios por persona en d\u00f3lares<br>\u2013 Precios no aplican en semana santa, pascua, Inti Raymi, eventos especiales, carnaval, navidad y a\u00f1o nuevo<br>\u2013 Los precios cambian constantemente, as\u00ed que te sugerimos la verificaci\u00f3n de estos, y no utilizar este documento como definitivo.<br>\u2013 Tarifas validas con precompra de 21 d\u00edas.<br>\u2013 Consultar suplemento a\u00e9reo 15 diciembre 2022 al 20 de enero&nbsp;2023 y julio y agosto 2023.<br>\u2013 \u200bSe considera menor hasta los 3 a\u00f1os 11 meses. M\u00e1ximo 1 menor por habitaci\u00f3n doble compartiendo cama con los padres. A partir de los 4 a\u00f1os, se solicita habitaci\u00f3n triple.<\/p>\n\n\n\n<figure class=\"wp-block-table\"><table><tbody><tr><td colspan=\"4\"><strong>HOTELES PREVISTOS O SIMILARES<\/strong><\/td><\/tr><tr><td><strong>HOTEL<\/strong><\/td><td><strong>CIUDAD<\/strong><\/td><td><strong>TIPO<\/strong><\/td><td><strong>PA\u00cdS<\/strong><\/td><\/tr><tr><td>Libre Hotel<\/td><td>Lima<\/td><td>3 Estrellas<\/td><td>Per\u00fa<\/td><\/tr><tr><td>Royal Inka II<\/td><td>Cusco<\/td><td>3 Estrellas<\/td><td>Per\u00fa<\/td><\/tr><tr><td>Ferr\u00e9 Machu Picchu<\/td><td>Machu Picchu Pueblo<\/td><td>3 Estrellas<\/td><td>Per\u00fa<\/td><\/tr><tr><td><strong>HOTEL<\/strong><\/td><td><strong>CIUDAD<\/strong><\/td><td><strong>TIPO<\/strong><\/td><td><strong>PA\u00cdS<\/strong><\/td><\/tr><tr><td>Holiday Inn<\/td><td>Lima<\/td><td>4 Estrellas<\/td><td>Per\u00fa<\/td><\/tr><tr><td>Xima Hotel<\/td><td>Cusco<\/td><td>4 Estrellas<\/td><td>Per\u00fa<\/td><\/tr><tr><td>Casa Andina Machu Pichu<\/td><td>Machu Picchu Pueblo<\/td><td>4 Estrellas<\/td><td>Per\u00fa<\/td><\/tr><tr><td><strong>HOTEL<\/strong><\/td><td><strong>CIUDAD<\/strong><\/td><td><strong>TIPO<\/strong><\/td><td><strong>PA\u00cdS<\/strong><\/td><\/tr><tr><td>AC Hotel Lima<\/td><td>Lima<\/td><td>5 Estrellas<\/td><td>Per\u00fa<\/td><\/tr><tr><td>Aranwa<\/td><td>Cusco<\/td><td>5 Estrellas<\/td><td>Per\u00fa<\/td><\/tr><tr><td>Sumaq<\/td><td>Machu Picchu Pueblo<\/td><td>5 Estrellas<\/td><td>Per\u00fa<\/td><\/tr><tr><td><strong>HOTEL<\/strong><\/td><td><strong>CIUDAD<\/strong><\/td><td><strong>TIPO<\/strong><\/td><td><strong>PA\u00cdS<\/strong><\/td><\/tr><tr><td>Westin Lima<\/td><td>Lima<\/td><td>Lujo<\/td><td>Per\u00fa<\/td><\/tr><tr><td>Palacio del Inka<\/td><td>Cusco<\/td><td>Lujo<\/td><td>Per\u00fa<\/td><\/tr><tr><td>Sumaq<\/td><td>Machu Picchu Pueblo<\/td><td>Lujo<\/td><td>Per\u00fa<\/td><\/tr><tr><td colspan=\"4\">\u00c9sta es la relaci\u00f3n de los hoteles utilizados m\u00e1s frecuentemente en este circuito. Reflejada tan s\u00f3lo a efectos indicativos, pudiendo ser el pasajero alojado en establecimientos similares o alternativos<\/td><\/tr><\/tbody><\/table><\/figure>\n\n\n\n<p>El paquete incluye<\/p>\n\n\n\n<ul class=\"wp-block-list\">\n<li>Boleto de avi\u00f3n viaje redondo M\u00e9xico \u2013 Lima \u2013 Cusco \u2013 Lima \u2013 M\u00e9xico<\/li>\n\n\n\n<li>06 noches de alojamiento en los hoteles mencionados con desayunos diarios incluidos.<\/li>\n\n\n\n<li>Lima<\/li>\n\n\n\n<li>Traslado aeropuerto \/ hotel \/ aeropuerto en Lima en servicio compartido en idioma espa\u00f1ol<\/li>\n\n\n\n<li>Tour a la ciudad de Lima en servicio compartido en idioma espa\u00f1ol con entradas incluidas<\/li>\n\n\n\n<li>Cusco<\/li>\n\n\n\n<li>Traslado aeropuerto \/ hotel \/ aeropuerto en servicio compartido en idioma espa\u00f1ol<\/li>\n\n\n\n<li>Tour a la ciudad de Cusco en servicio compartido en idioma espa\u00f1ol con entradas incluidas<\/li>\n\n\n\n<li>Tour al Parque Sacsayhuam\u00e1n en servicio compartido en idioma espa\u00f1ol con entradas incluidas<\/li>\n\n\n\n<li>Tour al Valle Sagrado en servicio compartido en idioma espa\u00f1ol con entradas incluidas<\/li>\n\n\n\n<li>Tour a Machu Picchu en servicio compartido en idioma espa\u00f1ol<\/li>\n\n\n\n<li>Traslado hotel\/estaci\u00f3n de tren\/hotel<\/li>\n\n\n\n<li>Ticket de tren ida\/retorno en tren Voyager<\/li>\n\n\n\n<li>01 bus ida\/retorno de Machu Picchu<\/li>\n\n\n\n<li>01 entrada a Machu Picchu con visita guiada<\/li>\n\n\n\n<li>01 almuerzo en restaurante en Machu Picchu Pueblo (no incluye bebidas)<\/li>\n\n\n\n<li>Alimentaci\u00f3n seg\u00fan se menciona en el programa.<\/li>\n\n\n\n<li>Gu\u00eda de habla hispana.<\/li>\n\n\n\n<li>Documentos de viaje se entregar\u00e1n en formato digital para descargar en su dispositivo m\u00f3vil.<\/li>\n<\/ul>\n\n\n\n<p>El paquete no incluye:<\/p>\n\n\n\n<ul class=\"wp-block-list\">\n<li>Tarjeta de Asistencia Tur\u00edstica (seguro de viajero). Consultar opciones.<\/li>\n\n\n\n<li>Ning\u00fan servicio no especificado.<\/li>\n\n\n\n<li>Gastos personales y propinas a maleteros, trasladistas, gu\u00edas y meseros.<\/li>\n\n\n\n<li>Bebidas en alimentaci\u00f3n<\/li>\n<\/ul>\n\n\n\n<p>Precios cotizados en d\u00f3lares americanos, pagaderos en Moneda Nacional al tipo de cambio del d\u00eda Los precios indicados son informativos y deben ser conformados antes de su compra ya que est\u00e1n sujetos a cambio sin previo aviso. Para obtener el costo exacto a pagar a tipo de cambio del d\u00eda, comun\u00edquese con nosotros. Consulte impuestos y suplementos.<\/p>\n","protected":false},"excerpt":{"rendered":"<p>MT-52049 Per\u00fa Cl\u00e1sico Ciudades Visitadas:&nbsp;Per\u00fa Duraci\u00f3n:&nbsp;7 D\u00edas y 6 Noches Desde:1178 USD + 440 Imp Fecha(s) de salida: Diarias Vigencia:&nbsp;Precios vigentes hasta el 06\/12\/2023 Aerolinea INCLUYE VUELO Itinerario D\u00cdA 1 M\u00c9XICO \u2013 LIMACita en el aeropuerto de la Ciudad de M\u00e9xico para abordar el vuelo con destino al aeropuerto de Lima. Llegada a la ciudad [&hellip;]<\/p>\n","protected":false},"author":1,"featured_media":0,"parent":0,"menu_order":0,"comment_status":"closed","ping_status":"closed","template":"","meta":{"om_disable_all_campaigns":false,"_monsterinsights_skip_tracking":false,"_monsterinsights_sitenote_active":false,"_monsterinsights_sitenote_note":"","_monsterinsights_sitenote_category":0,"site-sidebar-layout":"default","site-content-layout":"","ast-site-content-layout":"default","site-content-style":"default","site-sidebar-style":"default","ast-global-header-display":"","ast-banner-title-visibility":"","ast-main-header-display":"","ast-hfb-above-header-display":"","ast-hfb-below-header-display":"","ast-hfb-mobile-header-display":"","site-post-title":"disabled","ast-breadcrumbs-content":"","ast-featured-img":"","footer-sml-layout":"","ast-disable-related-posts":"","theme-transparent-header-meta":"","adv-header-id-meta":"","stick-header-meta":"","header-above-stick-meta":"","header-main-stick-meta":"","header-below-stick-meta":"","astra-migrate-meta-layouts":"set","ast-page-background-enabled":"default","ast-page-background-meta":{"desktop":{"background-color":"","background-image":"","background-repeat":"repeat","background-position":"center center","background-size":"auto","background-attachment":"scroll","background-type":"","background-media":"","overlay-type":"","overlay-color":"","overlay-opacity":"","overlay-gradient":""},"tablet":{"background-color":"","background-image":"","background-repeat":"repeat","background-position":"center center","background-size":"auto","background-attachment":"scroll","background-type":"","background-media":"","overlay-type":"","overlay-color":"","overlay-opacity":"","overlay-gradient":""},"mobile":{"background-color":"","background-image":"","background-repeat":"repeat","background-position":"center center","background-size":"auto","background-attachment":"scroll","background-type":"","background-media":"","overlay-type":"","overlay-color":"","overlay-opacity":"","overlay-gradient":""}},"ast-content-background-meta":{"desktop":{"background-color":"var(--ast-global-color-5)","background-image":"","background-repeat":"repeat","background-position":"center center","background-size":"auto","background-attachment":"scroll","background-type":"","background-media":"","overlay-type":"","overlay-color":"","overlay-opacity":"","overlay-gradient":""},"tablet":{"background-color":"var(--ast-global-color-5)","background-image":"","background-repeat":"repeat","background-position":"center center","background-size":"auto","background-attachment":"scroll","background-type":"","background-media":"","overlay-type":"","overlay-color":"","overlay-opacity":"","overlay-gradient":""},"mobile":{"background-color":"var(--ast-global-color-5)","background-image":"","background-repeat":"repeat","background-position":"center center","background-size":"auto","background-attachment":"scroll","background-type":"","background-media":"","overlay-type":"","overlay-color":"","overlay-opacity":"","overlay-gradient":""}},"footnotes":""},"class_list":["post-617","page","type-page","status-publish","hentry"],"aioseo_notices":[],"_links":{"self":[{"href":"https:\/\/camaratravel.com\/index.php?rest_route=\/wp\/v2\/pages\/617","targetHints":{"allow":["GET"]}}],"collection":[{"href":"https:\/\/camaratravel.com\/index.php?rest_route=\/wp\/v2\/pages"}],"about":[{"href":"https:\/\/camaratravel.com\/index.php?rest_route=\/wp\/v2\/types\/page"}],"author":[{"embeddable":true,"href":"https:\/\/camaratravel.com\/index.php?rest_route=\/wp\/v2\/users\/1"}],"replies":[{"embeddable":true,"href":"https:\/\/camaratravel.com\/index.php?rest_route=%2Fwp%2Fv2%2Fcomments&post=617"}],"version-history":[{"count":4,"href":"https:\/\/camaratravel.com\/index.php?rest_route=\/wp\/v2\/pages\/617\/revisions"}],"predecessor-version":[{"id":1667,"href":"https:\/\/camaratravel.com\/index.php?rest_route=\/wp\/v2\/pages\/617\/revisions\/1667"}],"wp:attachment":[{"href":"https:\/\/camaratravel.com\/index.php?rest_route=%2Fwp%2Fv2%2Fmedia&parent=617"}],"curies":[{"name":"wp","href":"https:\/\/api.w.org\/{rel}","templated":true}]}}