{"id":613,"date":"2023-10-06T01:40:48","date_gmt":"2023-10-06T01:40:48","guid":{"rendered":"https:\/\/camaratravel.com\/?page_id=613"},"modified":"2023-11-10T00:35:39","modified_gmt":"2023-11-10T00:35:39","slug":"mt-52172-brasil-y-argentina","status":"publish","type":"page","link":"https:\/\/camaratravel.com\/?page_id=613","title":{"rendered":"MT-52172 Brasil y Argentina"},"content":{"rendered":"\n<div class=\"wp-block-cover is-light\" style=\"padding-top:var(--wp--preset--spacing--80);padding-bottom:var(--wp--preset--spacing--80);min-height:53px;aspect-ratio:unset;\"><span aria-hidden=\"true\" class=\"wp-block-cover__background has-vivid-green-cyan-background-color has-background-dim-100 has-background-dim\"><\/span><div class=\"wp-block-cover__inner-container is-layout-flow wp-block-cover-is-layout-flow\">\n<p class=\"has-text-align-center has-large-font-size\"><\/p>\n<\/div><\/div>\n\n\n\n<p>MT-52172 Brasil y Argentina<\/p>\n\n\n\n<p><strong>Ciudades Visitadas:<\/strong>&nbsp;Argentina, Brasil<\/p>\n\n\n\n<figure class=\"wp-block-image\"><img decoding=\"async\" src=\"https:\/\/one.cdnmega.com\/images\/viajes\/covers\/brasilyargentina-1024x575_64de422bdef61.webp\" alt=\"\"\/><\/figure>\n\n\n\n<p><strong>Duraci\u00f3n:<\/strong>&nbsp;11 D\u00edas y 9 Noches<\/p>\n\n\n\n<p><strong>Desde:<\/strong>1699 USD + 799 Imp<\/p>\n\n\n\n<p><strong>Fecha(s) de salida:<\/strong><\/p>\n\n\n\n<p><br>Noviembre: 15, 16, 22, 30<br>Diciembre: 06<\/p>\n\n\n\n<p><strong>Vigencia:<\/strong>&nbsp;Precios vigentes hasta el 13\/12\/2023<\/p>\n\n\n\n<p><strong>Aerolinea<\/strong><\/p>\n\n\n\n<h5 class=\"wp-block-heading\">INCLUYE VUELO<\/h5>\n\n\n\n<figure class=\"wp-block-image\"><img decoding=\"async\" src=\"https:\/\/one.cdnmega.com\/images\/aerolineas\/iata\/AM.png\" alt=\"Aeromexico\"\/><\/figure>\n\n\n\n<figure class=\"wp-block-image\"><img decoding=\"async\" src=\"https:\/\/one.cdnmega.com\/images\/aerolineas\/iata\/AV.png\" alt=\"Avianca\"\/><\/figure>\n\n\n\n<p>Itinerario<\/p>\n\n\n\n<p><small><strong>Las salidas agosto: 17, septiembre: 07, 21, octubre 05, 19 y noviembre: 02, 16, 30, son con una noche menos, consultar itinerario.<\/strong><\/small><\/p>\n\n\n\n<p><strong>D\u00cdA 1 M\u00c9XICO \u2013 SAO PAULO \u2013 R\u00cdO DE JANEIRO<\/strong><br>Cita en el aeropuerto de la Ciudad de M\u00e9xico para abordar el vuelo con destino a R\u00edo de Janeiro v\u00eda Sao Paulo. Noche a bordo.<\/p>\n\n\n\n<p><strong>D\u00cdA 2 R\u00cdO DE JANEIRO<\/strong><br>Arribo al aeropuerto de R\u00edo de Janeiro, recepci\u00f3n y traslado al hotel. Check in a las 15:00 h. Resto del d\u00eda libre para actividades personales. Alojamiento.<\/p>\n\n\n\n<p><strong>D\u00cdA 3 R\u00cdO DE JANEIRO \u2013 Pan de Az\u00facar y Corcovado<\/strong><br>Desayuno buffet servido en el restaurante del hotel. Hoy realizaremos un City Tour completo. Salida del hotel para visitar los monumentos m\u00e1s famosos de la ciudad y contemplar la belleza natural de R\u00edo de Janeiro desde lo alto de Corcovado. Luego de un recorrido panor\u00e1mico llegamos al punto para subir a Corcovado en TREN. Al llegar a la cima, se puede disfrutar de una vista panor\u00e1mica e incre\u00edble de la &#8220;Ciudad Maravillosa&#8221;. Este tour tambi\u00e9n incluye un recorrido panor\u00e1mico de la ciudad a trav\u00e9s del Samb\u00f3dromo (Vista Panor\u00e1mica), la Catedral, el Maracan\u00e3 (Vista Panor\u00e1mica) y la Escalera del Selar\u00f3n. Almuerzo EN CHURRASQUERIA RODICIO incluido (bebidas y postres no incluidos) y continuamos nuestro recorrido para disfrutar de incre\u00edbles vistas de la Ciudad Maravillosa desde la cima del Pan de Az\u00facar. El primer telef\u00e9rico lleva a los pasajeros a la cima del cerro Urca, que se eleva a 215 metros sobre el nivel del mar y ofrece vistas espectaculares de la bah\u00eda y sus islas vecinas. Desde Morro da Urca, continuamos en un segundo telef\u00e9rico hasta la cima del Pan de Az\u00facar, que se eleva 395 metros sobre el nivel del mar y ofrece una vista de 360 grados de toda la ciudad. Este tour tambi\u00e9n incluye una visita panor\u00e1mica a la playa Zona Sur de R\u00edo de Janeiro. Regreso al hotel. Alojamiento.&nbsp;<\/p>\n\n\n\n<p><strong>D\u00cdA 4 R\u00cdO DE JANEIRO&nbsp;<\/strong><br>Desayuno buffet servido en el restaurante del hotel. Dia libre. Como tour opcional recomendamos conocer sobre la historia de Rio de Janeiro y Brasil en un paseo a la ciudad Imperial de Petr\u00f3polis, Realizar un city tour a pie por el centro de Rio de Janeiro, un paseo educativo por una Favela, conocer la naturaleza del Jard\u00edn Bot\u00e1nico y la floresta de Tijuca o un tour opcional por los nuevos atractivos de la ciudad. Alojamiento.<\/p>\n\n\n\n<p><strong>D\u00cdA 5 R\u00cdO DE JANEIRO \u2013 IGUAZ\u00da \u2013 Cataratas Brasile\u00f1as<\/strong><br>Llegada al aeropuerto internacional de Foz do Igua\u00e7u. Recepci\u00f3n por nuestro personal y traslado regular al hotel seleccionado. Por la tarde visitaremos el lado brasilero de las cataratas del Iguaz\u00fa. Luego de pasar por el centro de visitantes, continuaremos por una ruta que nos lleva hasta las magn\u00edficas Cataratas del Iguaz\u00fa. Llegamos hasta el Mirador de las Cataratas, y a partir de este lugar, realizaremos una caminata de aproximadamente 1.200m con un nivel de dificultad leve. Durante la caminata tenemos vistas panor\u00e1micas de los diferentes saltos, y al final una fant\u00e1stica aproximaci\u00f3n de la Garganta del Diablo. El paseo termina a la parte superior de las Cataratas donde existe un bell\u00edsimo mirador con una vista panor\u00e1mica al Rio Iguaz\u00fa superior; en este lugar hay un excelente restaurante y tienda de artesan\u00eda, donde podremos saborear un delicioso jugo de frutas natural o adquirir un souvenir del lugar. Antes de regresar al hotel, recomendamos no perder como tour opcional la experiencia Macuco Safari o un paseo por el parque de las aves. Regreso al hotel. Alojamiento.<\/p>\n\n\n\n<p><strong>D\u00cdA 6 IGUAZ\u00da \u2013 Cataratas Argentinas<\/strong><br>Desayuno servido en el restaurante del hotel. Por la ma\u00f1ana salida para conocer el lado argentino de las cataratas del Iguaz\u00fa. En la entrada al parque se encuentra un centro de visitantes equipado con una gran estructura con ba\u00f1os, centro m\u00e9dico, tiendas de regalos y paneles informativos sobre la biodiversidad del parque. El transporte dentro del parque se realiza en un tren ecol\u00f3gico que une en varias paradas los principales puntos del Parque Nacional. Visitar el lado argentino de las cataratas nos da la posibilidad de hacer 3 recorridos diferentes en donde se obtienen diferentes visiones de esta maravilla del mundo. La primera parada es la Estaci\u00f3n Cataratas, desde all\u00ed se puede hacer que la visita al paseo Superior, o al paseo en la parte inferior. Otra visita imperdible del parque es la Garganta del diablo, donde despu\u00e9s de cruzar un camino de 1 kil\u00f3metro de pasarelas sobre el rio se llega al punto donde se puede conocer de cerca esta gigantesca cascada. Alojamiento.<\/p>\n\n\n\n<p><strong>D\u00cdA 7 IGUAZ\u00da \u2013 BUENOS AIRES<\/strong><br>A la hora indicada traslado al aeropuerto para tomar el vuelo a Buenos Aires. Llegada al aeropuerto y traslado al hotel. Resto del d\u00eda libre. Por la noche le trasladaremos a LA VENTANA para disfrutar del mejor Show de Tango y Folclore en Buenos Aires donde tambi\u00e9n podr\u00e1 degustar los mejores platos gourmet acompa\u00f1ados del mejor show de tango. Alojamiento.<\/p>\n\n\n\n<p><strong>D\u00cdA 8&nbsp;BUENOS AIRES \u2013 Visita de Ciudad&nbsp;&nbsp; &nbsp;<\/strong><br>Esta excursi\u00f3n transmite la emoci\u00f3n de un Buenos Aires m\u00faltiple. Recorreremos los puntos m\u00e1s importantes de nuestra ciudad. Visitaremos Plaza de Mayo, centro pol\u00edtico, social e hist\u00f3rico donde encontraremos la Casa Rosada sede del Poder Ejecutivo; el Cabildo; la Catedral Metropolitana y la Pir\u00e1mide de Mayo. De all\u00ed atravesaremos parte de la Avenida de Mayo, rica en variedad de estilos arquitect\u00f3nicos d\u00f3nde se destacan los edificios de estilo europeo. Esta avenida une los Palacios Ejecutivo y el Legislativo, adem\u00e1s fue y sigue siendo un punto de reuni\u00f3n de la comunidad espa\u00f1ola. Luego nos dirigiremos a visitar el barrio de San Telmo, d\u00f3nde conoceremos su historia. Luego continuaremos al barrio de La Boca, caracter\u00edstico por sus viviendas y por haber sido el primer Puerto de Buenos Aires y centro de la colectividad italiana, en especial la genovesa. Posteriormente visitaremos la parte norte de la ciudad: Palermo, un barrio que cuenta con grandes mansiones, su Parque Tres de Febrero y sus innumerables plazas e importantes avenidas. En esta zona veremos el monumento a la Carta Magna, com\u00fanmente llamado De los Espa\u00f1oles. De all\u00ed nos dirigiremos a la zona de La Recoleta, uno de los barrios m\u00e1s elegantes y aristocr\u00e1ticos de la ciudad donde veremos el Paseo del Pilar, repleto de restaurantes y bares, la Iglesia del Pilar y los importantes edificios que se encuentran en este sitio. Rodearemos el Teatro Col\u00f3n y Plaza Lavalle, donde veremos en sus alrededores adem\u00e1s del mencionado Teatro, el Teatro Nacional Cervantes, la escuela Roca y el Palacio Legislativo. Atravesaremos la avenida m\u00e1s importante de nuestra ciudad, la 9 de Julio donde se encuentra la Plaza de la Rep\u00fablica en cuyo centro se levanta el s\u00edmbolo m\u00e1s caracter\u00edstico de la ciudad de Buenos Aires: el Obelisco. Tambi\u00e9n pasamos por Puerto Madero, el barrio m\u00e1s moderno de la ciudad. El viejo Puerto reciclado en 1990 se convirti\u00f3 en un paseo de moda y en una de las zonas con m\u00e1s bares y restaurantes de la ciudad. Alojamiento.<\/p>\n\n\n\n<p><strong>D\u00cdA 9 BUENOS AIRES&nbsp;<\/strong><br>D\u00eda libre para actividades personales. Alojamiento.<\/p>\n\n\n\n<p><strong>D\u00cdA 10&nbsp;BUENOS AIRES&nbsp;<\/strong><br>D\u00eda libre para actividades personales. Alojamiento.<\/p>\n\n\n\n<p><strong>D\u00cdA 11 BUENOS AIRES \u2013 M\u00c9XICO<\/strong><br>Check out a las 12:00 h. D\u00eda libre para realizar las \u00faltimas compras. A la hora oportuna traslado al aeropuerto para tomar el vuelo directo de regreso con destino a la Ciudad de M\u00e9xico. (vuelo nocturno, llegada a M\u00e9xico al d\u00eda siguiente.<strong>&nbsp;&nbsp;&nbsp;&nbsp;&#8230;FIN DE NUESTROS SERVICIOS<\/strong><\/p>\n\n\n\n<p>Precios y Hoteles:<\/p>\n\n\n\n<figure class=\"wp-block-table\"><table><tbody><tr><td><strong>CATEGOR\u00cdA<\/strong><\/td><td><strong>TRIPLE<\/strong><\/td><td><strong>DOBLE<\/strong><\/td><td><strong>SGL<\/strong><\/td><td><strong>MENOR<\/strong><\/td><\/tr><tr><td>Hoteles 3*<\/td><td>$1,699<\/td><td>$1699<\/td><td>$2,029<\/td><td>$1,459<\/td><\/tr><\/tbody><\/table><\/figure>\n\n\n\n<p><strong>IMPUESTOS Y SUPLEMENTOS<\/strong><\/p>\n\n\n\n<figure class=\"wp-block-table\"><table><tbody><tr><td>Impuestos a\u00e9reos<\/td><td>$ 799<\/td><\/tr><tr><td>Entradas a Parques Nacionales en Iguaz\u00fa<\/td><td>$ 94<\/td><\/tr><tr><td>Suplemento temporada alta<\/td><td>$ 140<\/td><\/tr><\/tbody><\/table><\/figure>\n\n\n\n<p>\u2013 Precios por persona en d\u00f3lares<br>\u2013 Los precios cambian constantemente, as\u00ed que te sugerimos la verificaci\u00f3n de estos, y no utilizar este documento como definitivo.<br>\u2013 Habitaciones triples cupo limitado, favor de consultar. se considera doble + roll away<\/p>\n\n\n\n<figure class=\"wp-block-table\"><table><tbody><tr><td colspan=\"4\"><strong>HOTELES PREVISTOS O SIMILARES<\/strong><\/td><\/tr><tr><td><strong>HOTEL<\/strong><\/td><td><strong>CIUDAD<\/strong><\/td><td><strong>TIPO<\/strong><\/td><td><strong>PA\u00cdS<\/strong><\/td><\/tr><tr><td>Copa Sul<\/td><td>R\u00edo de Janeiro<\/td><td>3 Estrellas<\/td><td>Brasil<\/td><\/tr><tr><td>Viale Tower<\/td><td>Iguaz\u00fa<\/td><td>3 Estrellas<\/td><td>Brasil<\/td><\/tr><tr><td>Two Hotel<\/td><td>Buenos Aires<\/td><td>3 Estrellas<\/td><td>Argentina<\/td><\/tr><tr><td colspan=\"4\">\u00c9sta es la relaci\u00f3n de los hoteles utilizados m\u00e1s frecuentemente en este circuito. Reflejada tan s\u00f3lo a efectos indicativos, pudiendo ser el pasajero alojado en establecimientos similares o alternativos<\/td><\/tr><\/tbody><\/table><\/figure>\n\n\n\n<p>El paquete incluye<\/p>\n\n\n\n<ul class=\"wp-block-list\">\n<li>Boleto de avi\u00f3n redondo M\u00e9xico \u2013 R\u00edo de Janeiro \/\/ Buenos Aires \u2013 M\u00e9xico.<\/li>\n\n\n\n<li>Traslados aeropuerto \u2013 hotel \u2013 aeropuerto.<\/li>\n\n\n\n<li>03 noches en R\u00edo de Janeiro con desayunos incluidos.<\/li>\n\n\n\n<li>02 noches en Iguaz\u00fa con desayunos incluidos.<\/li>\n\n\n\n<li>04 noches en Buenos Aires con desayunos incluidos.<\/li>\n\n\n\n<li>Visitas indicadas en el itinerario.<\/li>\n\n\n\n<li>Gu\u00edas de habla hispana.<\/li>\n\n\n\n<li>Documentos de viaje en formato digital.<\/li>\n<\/ul>\n\n\n\n<p>El paquete no incluye:<\/p>\n\n\n\n<ul class=\"wp-block-list\">\n<li>Tarjeta de Asistencia Tur\u00edstica (seguro de viajero) Consultar opciones.<\/li>\n\n\n\n<li>Excursiones marcadas como opcionales.<\/li>\n\n\n\n<li>Gastos personales y propinas a maleteros, trasladistas y meseros.<\/li>\n\n\n\n<li>Bebidas en alimentaci\u00f3n.<\/li>\n<\/ul>\n\n\n\n<p>Precios cotizados en d\u00f3lares americanos, pagaderos en Moneda Nacional al tipo de cambio del d\u00eda Los precios indicados son informativos y deben ser conformados antes de su compra ya que est\u00e1n sujetos a cambio sin previo aviso. Para obtener el costo exacto a pagar a tipo de cambio del d\u00eda, comun\u00edquese con nosotros. Consulte impuestos y suplementos.<\/p>\n","protected":false},"excerpt":{"rendered":"<p>MT-52172 Brasil y Argentina Ciudades Visitadas:&nbsp;Argentina, Brasil Duraci\u00f3n:&nbsp;11 D\u00edas y 9 Noches Desde:1699 USD + 799 Imp Fecha(s) de salida: Noviembre: 15, 16, 22, 30Diciembre: 06 Vigencia:&nbsp;Precios vigentes hasta el 13\/12\/2023 Aerolinea INCLUYE VUELO Itinerario Las salidas agosto: 17, septiembre: 07, 21, octubre 05, 19 y noviembre: 02, 16, 30, son con una noche menos, [&hellip;]<\/p>\n","protected":false},"author":1,"featured_media":0,"parent":0,"menu_order":0,"comment_status":"closed","ping_status":"closed","template":"","meta":{"om_disable_all_campaigns":false,"_monsterinsights_skip_tracking":false,"_monsterinsights_sitenote_active":false,"_monsterinsights_sitenote_note":"","_monsterinsights_sitenote_category":0,"site-sidebar-layout":"default","site-content-layout":"","ast-site-content-layout":"default","site-content-style":"default","site-sidebar-style":"default","ast-global-header-display":"","ast-banner-title-visibility":"","ast-main-header-display":"","ast-hfb-above-header-display":"","ast-hfb-below-header-display":"","ast-hfb-mobile-header-display":"","site-post-title":"disabled","ast-breadcrumbs-content":"","ast-featured-img":"","footer-sml-layout":"","ast-disable-related-posts":"","theme-transparent-header-meta":"","adv-header-id-meta":"","stick-header-meta":"","header-above-stick-meta":"","header-main-stick-meta":"","header-below-stick-meta":"","astra-migrate-meta-layouts":"set","ast-page-background-enabled":"default","ast-page-background-meta":{"desktop":{"background-color":"","background-image":"","background-repeat":"repeat","background-position":"center center","background-size":"auto","background-attachment":"scroll","background-type":"","background-media":"","overlay-type":"","overlay-color":"","overlay-opacity":"","overlay-gradient":""},"tablet":{"background-color":"","background-image":"","background-repeat":"repeat","background-position":"center center","background-size":"auto","background-attachment":"scroll","background-type":"","background-media":"","overlay-type":"","overlay-color":"","overlay-opacity":"","overlay-gradient":""},"mobile":{"background-color":"","background-image":"","background-repeat":"repeat","background-position":"center center","background-size":"auto","background-attachment":"scroll","background-type":"","background-media":"","overlay-type":"","overlay-color":"","overlay-opacity":"","overlay-gradient":""}},"ast-content-background-meta":{"desktop":{"background-color":"var(--ast-global-color-5)","background-image":"","background-repeat":"repeat","background-position":"center center","background-size":"auto","background-attachment":"scroll","background-type":"","background-media":"","overlay-type":"","overlay-color":"","overlay-opacity":"","overlay-gradient":""},"tablet":{"background-color":"var(--ast-global-color-5)","background-image":"","background-repeat":"repeat","background-position":"center center","background-size":"auto","background-attachment":"scroll","background-type":"","background-media":"","overlay-type":"","overlay-color":"","overlay-opacity":"","overlay-gradient":""},"mobile":{"background-color":"var(--ast-global-color-5)","background-image":"","background-repeat":"repeat","background-position":"center center","background-size":"auto","background-attachment":"scroll","background-type":"","background-media":"","overlay-type":"","overlay-color":"","overlay-opacity":"","overlay-gradient":""}},"footnotes":""},"class_list":["post-613","page","type-page","status-publish","hentry"],"aioseo_notices":[],"_links":{"self":[{"href":"https:\/\/camaratravel.com\/index.php?rest_route=\/wp\/v2\/pages\/613","targetHints":{"allow":["GET"]}}],"collection":[{"href":"https:\/\/camaratravel.com\/index.php?rest_route=\/wp\/v2\/pages"}],"about":[{"href":"https:\/\/camaratravel.com\/index.php?rest_route=\/wp\/v2\/types\/page"}],"author":[{"embeddable":true,"href":"https:\/\/camaratravel.com\/index.php?rest_route=\/wp\/v2\/users\/1"}],"replies":[{"embeddable":true,"href":"https:\/\/camaratravel.com\/index.php?rest_route=%2Fwp%2Fv2%2Fcomments&post=613"}],"version-history":[{"count":4,"href":"https:\/\/camaratravel.com\/index.php?rest_route=\/wp\/v2\/pages\/613\/revisions"}],"predecessor-version":[{"id":1671,"href":"https:\/\/camaratravel.com\/index.php?rest_route=\/wp\/v2\/pages\/613\/revisions\/1671"}],"wp:attachment":[{"href":"https:\/\/camaratravel.com\/index.php?rest_route=%2Fwp%2Fv2%2Fmedia&parent=613"}],"curies":[{"name":"wp","href":"https:\/\/api.w.org\/{rel}","templated":true}]}}