{"id":607,"date":"2023-10-06T00:16:47","date_gmt":"2023-10-06T00:16:47","guid":{"rendered":"https:\/\/camaratravel.com\/?page_id=607"},"modified":"2023-11-08T05:01:53","modified_gmt":"2023-11-08T05:01:53","slug":"espana-portugal-y-marruecos-plus","status":"publish","type":"page","link":"https:\/\/camaratravel.com\/?page_id=607","title":{"rendered":"Espa\u00f1a, Portugal y Marruecos Plus"},"content":{"rendered":"\n<div class=\"wp-block-cover is-light\" style=\"padding-top:var(--wp--preset--spacing--80);padding-bottom:var(--wp--preset--spacing--80);min-height:50px;aspect-ratio:unset;\"><span aria-hidden=\"true\" class=\"wp-block-cover__background has-vivid-green-cyan-background-color has-background-dim-100 has-background-dim\"><\/span><div class=\"wp-block-cover__inner-container is-layout-flow wp-block-cover-is-layout-flow\">\n<p class=\"has-text-align-center has-large-font-size\"><\/p>\n<\/div><\/div>\n\n\n\n<figure class=\"wp-block-image\"><img decoding=\"async\" src=\"https:\/\/one.cdnmega.com\/images\/viajes\/covers\/espanaa-portugal-y-marruecos-1024x575_646d40cccf0de.webp\" alt=\"\"\/><\/figure>\n\n\n\n<p><strong>Ciudades Visitadas:<\/strong>\u00a0Espa\u00f1a, Portugal, Marruecos<\/p>\n\n\n\n<p><strong>Duraci\u00f3n:<\/strong>&nbsp;19 D\u00edas y 17 Noches<\/p>\n\n\n\n<p>Espa\u00f1a, Portugal y Marruecos Plus<\/p>\n\n\n\n<p><strong>Desde:<\/strong>1799 USD + 750 Imp<\/p>\n\n\n\n<p><strong>Fecha(s) de salida:<\/strong><\/p>\n\n\n\n<p><br>Octubre: 23<br>Noviembre: 13, 27<\/p>\n\n\n\n<p><strong>Vigencia:<\/strong>&nbsp;Precios vigentes hasta el 19\/11\/2024<\/p>\n\n\n\n<p><strong>Aerolinea<\/strong><\/p>\n\n\n\n<h5 class=\"wp-block-heading\">INCLUYE VUELO<\/h5>\n\n\n\n<p><a href=\"http:\/\/leafletjs.com\/\">Leaflet<\/a><\/p>\n\n\n\n<p>Itinerario<\/p>\n\n\n\n<p><strong>D\u00cdA 01 M\u00c9XICO \u2013 MADRID&nbsp;<\/strong><br>Presentarse en el aeropuerto de la Ciudad de M\u00e9xico 3hrs. antes de la salida del vuelo trasatl\u00e1ntico con destino la Ciudad de Madrid. Noche a bordo.&nbsp;<\/p>\n\n\n\n<p><strong>D\u00cdA 02 MADRID<\/strong><br>Llegada al Aeropuerto de Madrid. Recepci\u00f3n y traslado al hotel. Alojamiento.&nbsp;<\/p>\n\n\n\n<p><strong>D\u00cdA 03 MADRID<\/strong><br>Desayuno. Visita panor\u00e1mica de la ciudad con gu\u00eda local, recorriendo la Plaza de Espa\u00f1a, Fuente de Cibeles, Plaza de Oriente, Puerta de Alcal\u00e1, Ciudad Universitaria, etc. Tarde libre para disfrutar de la ciudad. Alojamiento.&nbsp;<\/p>\n\n\n\n<ul class=\"wp-block-list\">\n<li><strong>Tour opcional: Ronda Nocturna con Tapas.&nbsp;<\/strong><br>Recorreremos las zonas m\u00e1s emblem\u00e1ticas de la ciudad y visitaremos los mejores bares de tapas para experimentar los sabores de la gastronom\u00eda espa\u00f1ola mientras descubrimos los secretos de la capital.<\/li>\n<\/ul>\n\n\n\n<p><strong>D\u00cdA 04 MADRID \u2013 F\u00c1TIMA \u2013 LISBOA<\/strong>&nbsp;<br>Desayuno. Salida hacia F\u00e1tima, importante centro de peregrinaci\u00f3n. Tiempo libre para visitar la Bas\u00edlica. Continuaci\u00f3n hacia Lisboa. Llegada al hotel alojamiento.<\/p>\n\n\n\n<p><strong>D\u00cdA 05 LISBOA &nbsp;&nbsp;<\/strong><br>Desayuno. Por la ma\u00f1ana haremos la visita panor\u00e1mica de la ciudad durante la cual nos acercaremos al barrio de Belem desde donde sal\u00edan los grandes navegantes portugueses que cruzaron los oc\u00e9anos en el siglo XV. Tarde libre o posibilidad de realizar alguna excursi\u00f3n opcional. Alojamiento.<\/p>\n\n\n\n<ul class=\"wp-block-list\">\n<li><strong>Excursi\u00f3n opcional a Sintra, Cascais y Estoril.&nbsp;<\/strong><br>Tomaremos una avenida que va por la Costa observando las playas hacia Estoril, donde est\u00e1 el Casino m\u00e1s grande de Europa. Haremos una parada en Cascais, un pintoresco pueblo de pescadores con casas encaladas y palacios de veraneo. Pararemos en el mirador de la Boca de Inferno y a continuaci\u00f3n seguiremos a Sintra. Ubicada en la sierra, Sintra con su parque natural y palacios, era el lugar de descanso favorito de los reyes de Portugal.<\/li>\n\n\n\n<li><strong>Tour opcional Lisboa de Noche<\/strong><br>Lisboa es una de las capitales europeas que goza de uno de los mayores privilegios concedidos a la vida ciudadana, y es que sus calles se pueden disfrutar durante la noche con absoluta seguridad. En este paseo conocer\u00e1s como los barrios de la ciudad van ganando vida en la noche.<\/li>\n<\/ul>\n\n\n\n<p><strong>D\u00cdA 06 LISBOA \u2013 C\u00c1CERES \u2013 SEVILLA &nbsp;&nbsp;<\/strong><br>Desayuno. Salida hacia la frontera espa\u00f1ola para llegar hasta C\u00e1ceres. Tiempo libre para conocer su Plaza Mayor y el casco antiguo con su barrio medieval, considerado Patrimonio de la Humanidad. Posteriormente continuaci\u00f3n del viaje por la autov\u00eda de la Plata para llegar a Sevilla. &nbsp;Alojamiento.<\/p>\n\n\n\n<ul class=\"wp-block-list\">\n<li><strong>Tour opcional de C\u00e1ceres.&nbsp;<\/strong><br>De la mano de nuestro gu\u00eda local, experto en la ciudad, descubriremos los misterios de una de las ciudades m\u00e1s visitadas de Espa\u00f1a. Paseo por las calles medievales conociendo la Torre de Bujaco, el Arco de la Estrella y los Palacios de la nobleza espa\u00f1ola, entre ellos el Palacio Toledo Moctezuma (exterior) donde vivi\u00f3 una descendiente del emperador Moctezuma II, hoy en d\u00eda sede del archivo hist\u00f3rico provincial.<\/li>\n<\/ul>\n\n\n\n<p><strong>D\u00cdA 07&nbsp;SEVILLA &nbsp;<\/strong><br>Desayuno. Por la ma\u00f1ana visita de la ciudad, incluyendo el Parque de Mar\u00eda Luisa, Plaza de Espa\u00f1a y el t\u00edpico Barrio de Santa Cruz etc.Tarde libre o posibilidad de realizar alguna excursi\u00f3n opcional. Alojamiento.<\/p>\n\n\n\n<ul class=\"wp-block-list\">\n<li><strong>Excursi\u00f3n opcional: Sevilla y Ol\u00e9.<\/strong>&nbsp;<br>Visita a la Catedral de Sevilla, lugar de descanso eterno del navegante Crist\u00f3bal Col\u00f3n y testigo de bodas reales. La m\u00e1s grande de Espa\u00f1a y una de las m\u00e1s bellas. Seguidamente, embarcaremos en un crucero a trav\u00e9s del rio Guadalquivir, para conocer la ciudad desde otra perspectiva y disfrutar del atardecer con sus incomparables vistas. Seguiremos hacia el Patio Sevillano para disfrutar de un espect\u00e1culo de flamenco, m\u00fasica y danza espa\u00f1ola tradicional.<\/li>\n<\/ul>\n\n\n\n<p><strong>D\u00cdA 08&nbsp;SEVILLA \u2013 GRANADA&nbsp;<\/strong><br>Desayuno. A la hora indicada salida hacia Granada. Por la noche posibilidad de realizar alguna excursi\u00f3n opcional. Alojamiento.<\/p>\n\n\n\n<ul class=\"wp-block-list\">\n<li><strong>Tour opcional: Granada City Tour<\/strong><br>Por la ma\u00f1ana, visita de la ciudad que vio nacer al genial poeta Federico Garcia Lorca. Entrada incluida a la Capilla Real, donde est\u00e1n enterados los Reyes Cat\u00f3licos, Isabel y Fernando, y a la Cartuja de Granada, donde nuestro gu\u00eda les explicar\u00e1 esta parte fundamental de la historia del pa\u00eds.<\/li>\n\n\n\n<li><strong>Tour opcional: Paseo por el Albaic\u00edn y Zambra Gitana<\/strong><br>Paseo nocturno por El Barrio del Albaic\u00edn, para conocer el m\u00e1s aut\u00e9ntico esp\u00edritu granadilla y disfrutar de las mejores vistas de la Alhambra. Adem\u00e1s, para empaparnos del esp\u00edritu gitano de la ciudad, asistiremos a una aut\u00e9ntica fiesta gitana en las cuevas del Albaic\u00edn con una copa incluida en nuestra entrada.<\/li>\n<\/ul>\n\n\n\n<p><strong>D\u00cdA 09 GRANADA \u2013 COSTA DEL SOL &nbsp;<\/strong><br>Desayuno. Visita del impresionante conjunto monumental de La Alhambra(llevar pasaporte para ingresar a la Alhambra)con sus bellos Palacios Nazar\u00edes y el Generalife (Entradas sujetas a disponibilidad). A la hora indicada viaje hacia Costa del sol. Llegada y tiempo libre. &nbsp;Alojamiento.&nbsp;<br>Nos permitimos informar que, debido a la gran demanda para visitar el conjunto monumental de la Alhambra, y a la restricci\u00f3n de ingreso del n\u00famero de visitantes por d\u00eda, es posible que en algunos casos:<\/p>\n\n\n\n<ul class=\"wp-block-list\">\n<li>Se realice la visita a los jardines<\/li>\n\n\n\n<li>No sea posible realizar la visita&nbsp;<\/li>\n<\/ul>\n\n\n\n<p><strong>D\u00cdA 10 COSTA DEL SOL \u2013 T\u00c1NGER &nbsp;<\/strong><br>Desayuno y a la hora indicada salida hacia Algeciras para tomar Ferry hac\u00eda T\u00e1nger. Llegada al puerto de T\u00e1nger y asistencia, visita de la ciudad nueva y sus alrededores, empezando por el Cabo Espartel, aseg\u00farate de tener tu c\u00e1mara lista cuando nos detengamos ah\u00ed, donde el Mar Mediterr\u00e1neo y el Oc\u00e9ano Atl\u00e1ntico se encuentran; un punto estrat\u00e9gico que ha sido testigo de muchas batallas navales. Continuaci\u00f3n hacia la Medina, visita del gran y peque\u00f1o Zoco y terminar en La Corniche. Cena libre y alojamiento.&nbsp;<\/p>\n\n\n\n<ul class=\"wp-block-list\">\n<li><strong>Excursi\u00f3n opcional: T\u00e1nger de Noche.&nbsp;<\/strong><br>Comenzaremos saliendo de la ciudad para ir en direcci\u00f3n al Cabo Espartel, atravesando una zona de bosque hasta llegar al lugar del Estrecho de Gibraltar donde confluyen el Oc\u00e9ano Atl\u00e1ntico y el Mar Mediterr\u00e1neo y donde est\u00e1n enclavadas las Cuevas de H\u00e9rcules. A continuaci\u00f3n haremos una parada en el famoso Caf\u00e9 Hafa. En el mismo, disfrutaremos de un descanso en este magn\u00edfico lugar situado sobre el mar.<\/li>\n<\/ul>\n\n\n\n<p><strong>D\u00cdA 11 T\u00c1NGER \u2013 RABAT \u2013 CASABLANCA &nbsp;<\/strong><br>Desayuno y salida hacia Rabat. Visita a pie de la ciudad para conocer el Mausoleo de Mohamed V, la Torre Hassan y la Kasbah de los Oudaya con vista impresionante sobre el rio Bouregreg. Continuaci\u00f3n hacia la legendaria y cosmopolita ciudad de Casablanca. Visita panor\u00e1mica; destacamos, la plaza Mohamed V, el Barrio de Anfa, el Boulevard de La Corniche y finalmente los exteriores de la Mezquita Hassan II . Cena libre y alojamiento.<\/p>\n\n\n\n<p><strong>D\u00cdA 12 CASABLANCA \u2013 MARRAKECH &nbsp;<\/strong><br>Desayuno y salida hacia Marrakech &#8220;la ciudad Roja&#8221; visita de la ciudad imperial y capital del sur, donde destaca la Torre Koutoubia y las Tumbas Saadianas, y finalmente la ex\u00f3tica Plaza Jem\u00e1a el F\u00b4naa con incesante actividad, m\u00fasicos, bailarines, encantadores de serpientes, etc. Cena libre y alojamiento.<\/p>\n\n\n\n<ul class=\"wp-block-list\">\n<li><strong>Tour opcional: Paseo en Calesa por Marrakech:<\/strong><br>Las tradicionales calesas (carruajes) son uno de los atractivos de la ciudad para visitarla de manera tranquila. Recorrer el centro hist\u00f3rico de la ciudad en ellas es una de las formas de hacerlo con m\u00e1s encanto. Despu\u00e9s de tomar un t\u00e9 a la menta en alguna de las terrazas de la famosa plaza de Jemaa El Fna y contemplar el atardecer, el paseo nocturno en calesa por los barrios de la ciudad antigua (la Medina) y por El Hivernage (la zona residencial del centro de la cuidad) es una experiencia muy agradable.<\/li>\n\n\n\n<li><strong>Opcional: Cena con espect\u00e1culo en Chez Ali:<\/strong><br>A las afueras de la cuidad se encuentra el famoso restaurante Chez Ali donde, adem\u00e1s de degustar una magn\u00edfica cena tradicional, disfrutaremos de un espect\u00e1culo muy variado con representantes de la m\u00fasica y cultura de las diferentes regiones de Marruecos. El entorno es un precioso decorado de las mil y una noches y la cena se sirve en las jaimas tradicionales (grandes tiendas de campa\u00f1a). Tras la cena, comenzar\u00e1 el espect\u00e1culo de luz, sonido, baile y caballos.<\/li>\n<\/ul>\n\n\n\n<p><strong>D\u00cdA 13 MARRAKECH<\/strong><br>Desayuno Dia libre o posibilidad de realizar algun tour opcional &nbsp;Cena libre y alojamiento.&nbsp;<\/p>\n\n\n\n<ul class=\"wp-block-list\">\n<li><strong>Excursi\u00f3n opcional a una villa Berebere y paseo en dromedario.&nbsp;<\/strong><br>Entre las regiones naturales m\u00e1s bellas accesibles desde Marrakech se encuentra el Valle del Ourika, situado en el coraz\u00f3n de las cumbres del Alto Atlas. Explorar esta regi\u00f3n es una oportunidad para sumergirse en el aut\u00e9ntico Marruecos y sus magn\u00edficos paisajes. El r\u00edo que da nombre al valle serpentea entre las monta\u00f1as de las cuales parecen colgados los peque\u00f1os pueblos bereberes de la zona. Haremos tambi\u00e9n una visita al inmenso Palmeral situado a las afueras de la ciudad para dar un paseo en dromedario y hacerse algunas fotos de recuerdo con vestimentas t\u00edpicas de los n\u00f3madas del desierto. Disfrutaremos, en un descanso, de un t\u00e9 a la menta en una casa t\u00edpica servido por nuestros anfitriones.<\/li>\n<\/ul>\n\n\n\n<p><strong>D\u00cdA 14 MARRAKECH \u2013 MEKNEZ \u2013 FEZ&nbsp;<\/strong><br>Desayuno salida hacia Meknes, ciudad imperial rodeada de 40 kms. de murallas, con la bella Puerta &#8220;Bab El Mansour&#8221;. Visita de la ciudad. Continuaci\u00f3n hacia Fez. donde realizaremos la visita de ciudad y pasearemos por sus estrechas callejuelas del siglo IX. La vieja Medina amurallada es una de las mayores en el mundo, considerada Patrimonio de la Humanidad, con ex\u00f3ticos rincones, arcos, mezquitas, medersas, fuentes y tiendas de artesan\u00eda. &nbsp;Cena libre y alojamiento.<\/p>\n\n\n\n<ul class=\"wp-block-list\">\n<li><strong>Excursi\u00f3n opcional: Espect\u00e1culo en Fez.<\/strong><br>Asistiremos por la noche a un espect\u00e1culo de danza oriental y m\u00fasica andalus\u00ed que introduce al visitante en el ambiente m\u00e1gico de los antiguos palacios marroqu\u00edes. Tambi\u00e9n disfrutaremos de una danza tribal (Reggada) que los guerreros llevaban a cabo para celebrar la victoria sobre el enemigo. Veremos una representaci\u00f3n de la t\u00edpica ceremonia de boda marroqu\u00ed con sus rituales y sus c\u00e1nticos. El restaurante se transforma en un espacio hist\u00f3rico donde confluye la tradici\u00f3n del pa\u00eds en sus diversas facetas: danza, m\u00fasica y cultura.<\/li>\n<\/ul>\n\n\n\n<p><strong>D\u00cdA 15&nbsp;FEZ \u2013 T\u00c1NGER \u2013 C\u00c1DIZ &nbsp;<\/strong><br>Desayuno. Salida hacia el puerto de T\u00e1nger para embarcar de regreso a Espa\u00f1a. Traslado hacia C\u00e1diz y alojamiento.<\/p>\n\n\n\n<p><strong>D\u00cdA 16 C\u00c1DIZ \u2013 C\u00d3RDOBA&nbsp;<\/strong><br>Desayuno y a la hora indicada salida hacia C\u00f3rdoba, llegada y visita del centro hist\u00f3rico paseando por las callejuelas con sus casas y bellos patios andaluces, el Barrio Jud\u00edo, etc. Tiempo libre para visitar por su cuenta la Mezquita-Catedral de C\u00f3rdoba. Alojamiento.<\/p>\n\n\n\n<ul class=\"wp-block-list\">\n<li><strong>Tour opcional de la Mezquita\/Catedral de C\u00f3rdoba.&nbsp;<\/strong><br>Visita con gu\u00eda local del casco hist\u00f3rico, recorriendo sus famosas callejuelas blancas, donde durante siglos convivieron tres culturas. Despertar\u00e1n nuestros sentidos el olor de las flores que adornan los famosos patios cordobeses. Al terminar el paseo, entrada incluida a la incomparable Mezquita de C\u00f3rdoba, \u00fanica en el mundo.&nbsp;<\/li>\n<\/ul>\n\n\n\n<p><strong>D\u00cdA 17 C\u00d3RDOBA \u2013 TOLEDO \u2013 MADRID &nbsp;<\/strong><br>Desayuno y salida hacia Toledo para visitar ciudad-museo de gran belleza art\u00edstica y una de las m\u00e1s antiguas de Europa, denominada tambi\u00e9n \u201cCiudad de las Tres Culturas\u201d, ya que en ella convivieron cristianos, musulmanes y jud\u00edos. Sus edificios abarcan pr\u00e1cticamente todos los per\u00edodos de la historia (\u00e1rabe, g\u00f3tico, mud\u00e9jar, renacentista y barroco). Aqu\u00ed residi\u00f3 El Greco, gran pintor del siglo XVI. Realizaremos una visita panor\u00e1mica de la ciudad, incluyendo los m\u00e1s importantes monumentos a trav\u00e9s de sus calles estrechas y admirando el famoso arte t\u00edpico del damasquinado (incrustaci\u00f3n de metales preciosos en acero). Entrada a la Catedral incluida. &nbsp;Regreso a Madrid.Alojamiento.&nbsp;<\/p>\n\n\n\n<p><strong>D\u00cdA 18 MADRID &nbsp;<\/strong><br>Desayuno. Dia libre para disfrutar de esta ciudad, caminar por sus principales avenidas admirando sus plazas y monumentos. Alojamiento.<\/p>\n\n\n\n<ul class=\"wp-block-list\">\n<li><strong>Excursi\u00f3n opcional a Segovia.&nbsp;<\/strong><br>Podr\u00e1s conocer la historia y las curiosidades de los monumentos m\u00e1s representativos de Segovia, como el imponente Acueducto, una de las construcciones romanas mejor conservadas del mundo. Pasearemos por las laber\u00ednticas calles del centro hist\u00f3rico, que evocan su pasado medieval y visitaremos el interior de su Catedral, conocida popularmente como \u201cLa Dama de las Catedrales\u201d, por la belleza de su estilo g\u00f3tico con influencias renacentistas.<\/li>\n<\/ul>\n\n\n\n<p><strong>D\u00cdA 19 MADRID \u2013 M\u00c9XICO &nbsp;&nbsp;<\/strong><br>Desayuno. A la hora indicada traslado al aeropuerto para tomar el vuelo trasatl\u00e1ntico con destino la Ciudad de M\u00e9xico.&nbsp;<\/p>\n\n\n\n<p><small><strong>\u2013&#8221;Debido a la alteraci\u00f3n de la normativa y para el control de fraude en la venta de las entradas para visitar la ALHAMBRA en Granada, ser\u00e1 necesario nos env\u00eden en el momento de formalizar la reserva la copia de los pasaportes de los clientes, lo cual garantizar\u00e1 el acceso de estos al recinto&#8221;<\/strong><\/small><br><small><strong>\u2013&nbsp;Itinerario sujeto a cambio, de acuerdo a su fecha de salida<\/strong><\/small><\/p>\n\n\n\n<p><small><strong>NOTAS IMPORTANTES TOURS OPCIONALES<\/strong><br>\u2013&nbsp;Algunos recintos se encuentran cerrados por asuntos pol\u00edticos o diplom\u00e1ticos<br>\u2013&nbsp;Sujetas a realizarse en d\u00edas diferentes y\/o cambios en destino sin previo aviso&nbsp;<br>\u2013&nbsp;Se necesitan minimo 10 pasajeros en cada excursi\u00f3n para ser operativas.<\/small><strong>&nbsp;&nbsp;&nbsp;&nbsp;&#8230;FIN DE NUESTROS SERVICIOS<\/strong><\/p>\n\n\n\n<p>Precios y Hoteles:<\/p>\n\n\n\n<figure class=\"wp-block-table\"><table><tbody><tr><td colspan=\"5\"><strong>SALIDAS 2023<\/strong><\/td><\/tr><tr><td><strong>CATEGOR\u00cdA<\/strong><\/td><td><strong>TRIPLE<\/strong><\/td><td><strong>DOBLE<\/strong><\/td><td><strong>SGL<\/strong><\/td><td><strong>MNR<\/strong><\/td><\/tr><tr><td>Turista<\/td><td>$1,799<\/td><td>$1,799<\/td><td>$2,439<\/td><td>$1,509<\/td><\/tr><tr><td colspan=\"5\"><strong>SALIDAS 2024<\/strong><\/td><\/tr><tr><td><strong>CATEGOR\u00cdA<\/strong><\/td><td><strong>TRIPLE<\/strong><\/td><td><strong>DOBLE<\/strong><\/td><td><strong>SGL<\/strong><\/td><td><strong>MNR<\/strong><\/td><\/tr><tr><td>Turista<\/td><td>$1,799<\/td><td>$1,799<\/td><td>$2,699<\/td><td>$1,509<\/td><\/tr><\/tbody><\/table><\/figure>\n\n\n\n<p><strong>IMPUESTOS Y SUPLEMENTOS<\/strong><\/p>\n\n\n\n<figure class=\"wp-block-table\"><table><tbody><tr><td colspan=\"2\"><strong>SALIDAS 2023 IMPUESTOS Y SUPLEMENTOS<\/strong><\/td><\/tr><tr><td>Impuestos A\u00e9reos<\/td><td>$ 750<\/td><\/tr><tr><td>Octubre 23<br>Noviembre 13, 20<\/td><td>$199<\/td><\/tr><tr><td>Noviembre 27<\/td><td>$299<\/td><\/tr><tr><td colspan=\"2\"><strong>SALIDAS 2024 IMPUESTOS Y SUPLEMENTOS<\/strong><\/td><\/tr><tr><td>Impuestos A\u00e9reos<\/td><td>$ 799<\/td><\/tr><tr><td>Abril: 02, 23<br>Mayo: 07<br>Septiembre: 03, 17, 24<br>Octubre: 29<br>Noviembre: 05, 19<\/td><td>$299<\/td><\/tr><\/tbody><\/table><\/figure>\n\n\n\n\n\n<p>\u2013 Precios indicados en USD, pagaderos en Moneda Nacional al tipo de cambio del d\u00eda<br>\u2013 Los precios indicados en este itinerario son de car\u00e1cter informativo y deben ser confirmados para realizar su reservaci\u00f3n ya que est\u00e1n sujetos a modificaciones sin previo aviso.<br>\u2013 El precio de menor se considera entre 2 a 11 a\u00f1os y aplica solo compartiendo habitaci\u00f3n con 2 adultos. La habitaci\u00f3n lleva una cama supletoria (rollaway bed)<\/p>\n\n\n\n<figure class=\"wp-block-table\"><table><tbody><tr><td colspan=\"4\"><strong>HOTELES PREVISTOS O SIMILARES<\/strong><\/td><\/tr><tr><td><strong>HOTEL<\/strong><\/td><td><strong>CIUDAD<\/strong><\/td><td><strong>TIPO<\/strong><\/td><td><strong>PA\u00cdS<\/strong><\/td><\/tr><tr><td>Silken Puerta de Madrid o similar<\/td><td>Madrid<\/td><td>Turista<\/td><td>Espa\u00f1a<\/td><\/tr><tr><td>Vip Inn Berna Hotel o similar<\/td><td>Lisboa<\/td><td>Turista<\/td><td>Portugal<\/td><\/tr><tr><td>Thr Alcora Sevilla o similar<\/td><td>Sevilla<\/td><td>Turista<\/td><td>Espa\u00f1a<\/td><\/tr><tr><td>Macia Monasterio de los Basilios o similar<\/td><td>Granada<\/td><td>Turista<\/td><td>Espa\u00f1a<\/td><\/tr><tr><td>Holiday Inn Express Malaga Airport o similar<\/td><td>Malaga<\/td><td>Turista<\/td><td>Espa\u00f1a<\/td><\/tr><tr><td>Hotel Atlas Amohades o similar<\/td><td>Tanger<\/td><td>Turista<\/td><td>Marruecos<\/td><\/tr><tr><td>Hotel Kenzi Basma o similar<\/td><td>Casablanca<\/td><td>Turista<\/td><td>Marruecos<\/td><\/tr><tr><td>Hotel Dellarosa Suites &amp; Spa o similar<\/td><td>Marrakech<\/td><td>Turista<\/td><td>Marruecos<\/td><\/tr><tr><td>Hotel Menzeh Zalagh o similar<\/td><td>Fez<\/td><td>Turista<\/td><td>Marruecos<\/td><\/tr><tr><td>Senator Cadiz o similar<\/td><td>C\u00e1diz<\/td><td>Turista<\/td><td>Espa\u00f1a<\/td><\/tr><tr><td>Ayre Cordoba o similar<\/td><td>C\u00f3rdoba<\/td><td>Turista<\/td><td>Espa\u00f1a<\/td><\/tr><tr><td>Silken Puerta de Madrid o similar<\/td><td>Madrid<\/td><td>Turista<\/td><td>Espa\u00f1a<\/td><\/tr><tr><td colspan=\"4\">\u00c9sta es la relaci\u00f3n de los hoteles utilizados m\u00e1s frecuentemente en este circuito. Reflejada tan s\u00f3lo a efectos indicativos, pudiendo ser el pasajero alojado en establecimientos similares o alternativos<\/td><\/tr><tr><td colspan=\"4\">&nbsp;<\/td><\/tr><\/tbody><\/table><\/figure>\n\n\n\n<p>El paquete incluye<\/p>\n\n\n\n<ul class=\"wp-block-list\">\n<li>BOLETO DE AVI\u00d3N M\u00c9XICO \u2013 MADRID \u2013 M\u00c9XICO VOLANDO EN CLASE TURISTA CON IBERIA.<\/li>\n\n\n\n<li>FERRY IDA Y VUELTA.<\/li>\n\n\n\n<li>17 NOCHES DE ALOJAMIENTO EN CATEGORIA INDICADA.<\/li>\n\n\n\n<li>REGIMEN ALIMENTICIO SEG\u00daN ITINERARIO.<\/li>\n\n\n\n<li>VISITAS SEG\u00daN ITINERARIO.<\/li>\n\n\n\n<li>GUIA PROFESIONAL DE HABLA HISPANA<\/li>\n\n\n\n<li>TRASLADOS LOS INDICADOS.<\/li>\n\n\n\n<li>TRANSPORTE EN AUTOCAR TURISTICO.<\/li>\n\n\n\n<li>DOCUMENTOS ELECTRONICOS CODIGO QR (EMPRESA SOCIALMENTE RESPONSABLE CON EL MEDIO AMBIENTE).<\/li>\n<\/ul>\n\n\n\n<p>El paquete no incluye:<\/p>\n\n\n\n<ul class=\"wp-block-list\">\n<li>ALIMENTOS ,GASTOS DE INDOLE PERSONAL<\/li>\n\n\n\n<li>2023 PROPINA SUGERIDA DE 65 EUR POR PERSONA. SE PAGA DIRECTO EN DESTINO.<\/li>\n\n\n\n<li>NING\u00daN SERVICIO NO ESPEC\u00cdFICADO.<\/li>\n\n\n\n<li>TODAS LAS EXCURSIONES QUE SE MENCIONAN COMO OPCIONALES.<\/li>\n\n\n\n<li>IMPUESTOS A\u00c9REOS POR PERSONA<\/li>\n<\/ul>\n\n\n\n<p>Precios cotizados en d\u00f3lares americanos, pagaderos en Moneda Nacional al tipo de cambio del d\u00eda Los precios indicados son informativos y deben ser conformados antes de su compra ya que est\u00e1n sujetos a cambio sin previo aviso. Para obtener el costo exacto a pagar a tipo de cambio del d\u00eda, comun\u00edquese con nosotros. Consulte impuestos y suplementos.<\/p>\n","protected":false},"excerpt":{"rendered":"<p>Ciudades Visitadas:\u00a0Espa\u00f1a, Portugal, Marruecos Duraci\u00f3n:&nbsp;19 D\u00edas y 17 Noches Espa\u00f1a, Portugal y Marruecos Plus Desde:1799 USD + 750 Imp Fecha(s) de salida: Octubre: 23Noviembre: 13, 27 Vigencia:&nbsp;Precios vigentes hasta el 19\/11\/2024 Aerolinea INCLUYE VUELO Leaflet Itinerario D\u00cdA 01 M\u00c9XICO \u2013 MADRID&nbsp;Presentarse en el aeropuerto de la Ciudad de M\u00e9xico 3hrs. antes de la salida del [&hellip;]<\/p>\n","protected":false},"author":1,"featured_media":0,"parent":0,"menu_order":0,"comment_status":"closed","ping_status":"closed","template":"","meta":{"om_disable_all_campaigns":false,"_monsterinsights_skip_tracking":false,"_monsterinsights_sitenote_active":false,"_monsterinsights_sitenote_note":"","_monsterinsights_sitenote_category":0,"site-sidebar-layout":"default","site-content-layout":"","ast-site-content-layout":"default","site-content-style":"default","site-sidebar-style":"default","ast-global-header-display":"","ast-banner-title-visibility":"","ast-main-header-display":"","ast-hfb-above-header-display":"","ast-hfb-below-header-display":"","ast-hfb-mobile-header-display":"","site-post-title":"disabled","ast-breadcrumbs-content":"","ast-featured-img":"","footer-sml-layout":"","ast-disable-related-posts":"","theme-transparent-header-meta":"","adv-header-id-meta":"","stick-header-meta":"","header-above-stick-meta":"","header-main-stick-meta":"","header-below-stick-meta":"","astra-migrate-meta-layouts":"set","ast-page-background-enabled":"default","ast-page-background-meta":{"desktop":{"background-color":"","background-image":"","background-repeat":"repeat","background-position":"center center","background-size":"auto","background-attachment":"scroll","background-type":"","background-media":"","overlay-type":"","overlay-color":"","overlay-opacity":"","overlay-gradient":""},"tablet":{"background-color":"","background-image":"","background-repeat":"repeat","background-position":"center center","background-size":"auto","background-attachment":"scroll","background-type":"","background-media":"","overlay-type":"","overlay-color":"","overlay-opacity":"","overlay-gradient":""},"mobile":{"background-color":"","background-image":"","background-repeat":"repeat","background-position":"center center","background-size":"auto","background-attachment":"scroll","background-type":"","background-media":"","overlay-type":"","overlay-color":"","overlay-opacity":"","overlay-gradient":""}},"ast-content-background-meta":{"desktop":{"background-color":"var(--ast-global-color-5)","background-image":"","background-repeat":"repeat","background-position":"center center","background-size":"auto","background-attachment":"scroll","background-type":"","background-media":"","overlay-type":"","overlay-color":"","overlay-opacity":"","overlay-gradient":""},"tablet":{"background-color":"var(--ast-global-color-5)","background-image":"","background-repeat":"repeat","background-position":"center center","background-size":"auto","background-attachment":"scroll","background-type":"","background-media":"","overlay-type":"","overlay-color":"","overlay-opacity":"","overlay-gradient":""},"mobile":{"background-color":"var(--ast-global-color-5)","background-image":"","background-repeat":"repeat","background-position":"center center","background-size":"auto","background-attachment":"scroll","background-type":"","background-media":"","overlay-type":"","overlay-color":"","overlay-opacity":"","overlay-gradient":""}},"footnotes":""},"class_list":["post-607","page","type-page","status-publish","hentry"],"aioseo_notices":[],"_links":{"self":[{"href":"https:\/\/camaratravel.com\/index.php?rest_route=\/wp\/v2\/pages\/607","targetHints":{"allow":["GET"]}}],"collection":[{"href":"https:\/\/camaratravel.com\/index.php?rest_route=\/wp\/v2\/pages"}],"about":[{"href":"https:\/\/camaratravel.com\/index.php?rest_route=\/wp\/v2\/types\/page"}],"author":[{"embeddable":true,"href":"https:\/\/camaratravel.com\/index.php?rest_route=\/wp\/v2\/users\/1"}],"replies":[{"embeddable":true,"href":"https:\/\/camaratravel.com\/index.php?rest_route=%2Fwp%2Fv2%2Fcomments&post=607"}],"version-history":[{"count":3,"href":"https:\/\/camaratravel.com\/index.php?rest_route=\/wp\/v2\/pages\/607\/revisions"}],"predecessor-version":[{"id":1632,"href":"https:\/\/camaratravel.com\/index.php?rest_route=\/wp\/v2\/pages\/607\/revisions\/1632"}],"wp:attachment":[{"href":"https:\/\/camaratravel.com\/index.php?rest_route=%2Fwp%2Fv2%2Fmedia&parent=607"}],"curies":[{"name":"wp","href":"https:\/\/api.w.org\/{rel}","templated":true}]}}