{"id":605,"date":"2023-10-06T00:15:43","date_gmt":"2023-10-06T00:15:43","guid":{"rendered":"https:\/\/camaratravel.com\/?page_id=605"},"modified":"2023-11-08T04:59:55","modified_gmt":"2023-11-08T04:59:55","slug":"alma-de-italia-con-turquia","status":"publish","type":"page","link":"https:\/\/camaratravel.com\/?page_id=605","title":{"rendered":"Alma de Italia con Turqu\u00eda"},"content":{"rendered":"\n<div class=\"wp-block-cover is-light\" style=\"padding-top:var(--wp--preset--spacing--80);padding-bottom:var(--wp--preset--spacing--80);min-height:50px;aspect-ratio:unset;\"><span aria-hidden=\"true\" class=\"wp-block-cover__background has-vivid-green-cyan-background-color has-background-dim-100 has-background-dim\"><\/span><div class=\"wp-block-cover__inner-container is-layout-flow wp-block-cover-is-layout-flow\">\n<p class=\"has-text-align-center has-large-font-size\"><\/p>\n<\/div><\/div>\n\n\n\n<figure class=\"wp-block-image\"><img decoding=\"async\" src=\"https:\/\/one.cdnmega.com\/images\/viajes\/covers\/alma-de-italia-con-turquia-1024x575_6410f01b35055.webp\" alt=\"\"\/><\/figure>\n\n\n\n<p>MT-12342 Alma de Italia con Turqu\u00eda<\/p>\n\n\n\n<p><strong>Ciudades Visitadas:<\/strong>&nbsp;Italia, Turqu\u00eda<\/p>\n\n\n\n<p><strong>Duraci\u00f3n:<\/strong>&nbsp;21 D\u00edas y 19 Noches<\/p>\n\n\n\n<p><strong>Desde:<\/strong>1299 USD + 899 Imp<\/p>\n\n\n\n<p><strong>Fecha(s) de salida:<\/strong><\/p>\n\n\n\n<p><br>Noviembre: 29<br>Diciembre: 06<\/p>\n\n\n\n<p><strong>Vigencia:<\/strong>&nbsp;Precios vigentes hasta el 12\/12\/2023<\/p>\n\n\n\n<p><strong>Aerolinea<\/strong><\/p>\n\n\n\n<h5 class=\"wp-block-heading\">INCLUYE VUELO<\/h5>\n\n\n\n<figure class=\"wp-block-image\"><img decoding=\"async\" src=\"https:\/\/one.cdnmega.com\/images\/aerolineas\/iata\/TK.png\" alt=\"Turkish Airlines\"\/><\/figure>\n\n\n\n<p>Itinerario<\/p>\n\n\n\n<p><strong>D\u00cdA 01 M\u00c9XICO \u2013 ESTAMBUL<\/strong><br>Cita en el aeropuerto de la Ciudad de M\u00e9xico para abordar vuelo con destino a Estambul. &nbsp;Noche a bordo.&nbsp;<\/p>\n\n\n\n<p><strong>D\u00cdA 02&nbsp;ESTAMBUL&nbsp;<\/strong><br>Traslado y recepci\u00f3n al hotel. Alojamiento<\/p>\n\n\n\n<p><strong>D\u00cdA 03 ESTAMBUL<\/strong><br>Desayuno. D\u00eda libre para actividades personales. Alojamiento.&nbsp;<\/p>\n\n\n\n<p><strong>D\u00cdA 04&nbsp;ESTAMBUL&nbsp;\u2013 ANKARA \u2013 CAPADOCIA<\/strong><br>Desayuno. Salida temprano en autob\u00fas hacia Ankara y visita de la capital de Turqu\u00eda y del Mausoleo del Fundador de la rep\u00fablica. Almuerzo. Llegada a Capadocia. Visita de una ciudad subterr\u00e1nea construidas por las antiguas comunidades locales para protegerse de los ataques. alojamiento.&nbsp;<\/p>\n\n\n\n<p><strong>D\u00cdA 05 CAPADOCIA<\/strong><br>Desayuno. Salida para visitar esta maravillosa regi\u00f3n con su paisaje fascinante y original, formada por lava volc\u00e1nica desde hace m\u00e1s de 3 millones de a\u00f1os. Visita al Museo a cielo abierto de Goreme, un monasterio con capillas excavadas en las rocas volc\u00e1nicas y decoradas con frescos del siglo XIII. Visita a los impresionantes valles de la regi\u00f3n con sus paisajes \u201cde otro planeta\u201d, habiendo servido como set de filmajes en las pel\u00edculas de Star Wars. Van tambi\u00e9n apreciar las vistas de las formaciones geol\u00f3gicas s\u00edmbolos de la regi\u00f3n, las famosas \u201cChimeneas de Hada\u201d. Haremos una parada para apreciar la incre\u00edble y extensa vista panor\u00e1mica del Valle de las Palomas, que debe su nombre a los numerosos palomares excavados en las rocas, ya que en Capadocia esos animales han sido durante mucho tiempo una fuente de alimento y fertilizante. Visita a un centro de joyas y piedras t\u00edpicas de Capadocia y a una f\u00e1brica de alfombras para aprender sobre la producci\u00f3n de estos productos. Alojamiento.<\/p>\n\n\n\n<p><strong>D\u00cdA 06 CAPADOCIA<\/strong><br>Desayuno. D\u00eda libre para actividades personales. Alojamiento.&nbsp;<\/p>\n\n\n\n<p><strong>D\u00cdA 07&nbsp;CAPADOCIA \u2013 PAMUKALE&nbsp;<\/strong><br>Desayuno. Salida hasta Pamukkale para visitar la antigua Hier\u00e1polis y el Castillo de Algod\u00f3n, verdadera maravilla natural, una cascada gigante, estalactitas y piscinas naturales formadas a trav\u00e9s de los siglos por el paso de las aguas termales cargadas de sales calc\u00e1reas. alojamiento.<\/p>\n\n\n\n<p><strong>D\u00cdA 08 PAMUKALE \u2013 EFESO \u2013 KUSADASI<\/strong><br>Desayuno. Salida hacia \u00c9feso, la ciudad greco-romana mejor conservada de Asia Menor desde los siglos I y II, que monopoliz\u00f3 la riqueza de Medio Oriente y guarda tesoros como el impresionante teatro romano que albergaba a m\u00e1s de 25.000 espectadores, la magn\u00edfica biblioteca de Celso y la calle de M\u00e1rmol. Visitaremos la Casa de la Virgen Mar\u00eda, supuesta \u00faltima morada de la madre de Jes\u00fas, y hoy es considerada un punto de peregrinaci\u00f3n. Continuaci\u00f3n hacia Kusadasi en el Mar Egeo y visita un taller de pieles y a un outlet de marcas internacionales. alojamiento.<\/p>\n\n\n\n<p><strong>D\u00cdA 09 KUSADASI<\/strong><br>Desayuno. D\u00eda libre para actividades personales y pasear por sus calles. Alojamiento.<\/p>\n\n\n\n<p><strong>D\u00cdA 10 KUSADASI \u2013 BURSA \u2013 ESTAMBUL<\/strong><br>Desayuno. Salida hacia Bursa. Visita panor\u00e1mica de esta importante ciudad que fue la primera capital del Imperio Otomano. Visita de la Mezquita Ulu Camii, la mezquita principal de la ciudad y una de las m\u00e1s bellas de toda Turqu\u00eda. Tambi\u00e9n tendr\u00e1n la oportunidad de dar un paseo por el mercado de la seda, donde podr\u00e1 apreciar antig\u00fcedades, sedas, perfumes y pashminas. Alojamiento.<\/p>\n\n\n\n<p><strong>D\u00cdA 11 ESTAMBUL&nbsp;<\/strong><br>Desayuno. D\u00eda libre para actividades personales. Alojamiento.<\/p>\n\n\n\n<p><strong>D\u00cdA 12 ESTAMBUL \u2013 ROMA&nbsp;<\/strong><br>Llegada al aeropuerto internacional de Roma. Recepci\u00f3n y traslado al hotel. Visita panoramica de la ciudad de Roma, conocida tambi\u00e9n com La Ciudad Eterna. Admiraremos la inconfundible figura del Anfiteatro Flavio, llamado popularmente \u201cEl Coliseo\u201d. Pasaremos tambi\u00e9n por el Circo M\u00e1ximo y la Bas\u00edlica patriarcal de Santa Mar\u00eda la Mayor. Se ofrece visita opcional a los famosos Museos Vaticanos situados en el pa\u00eds m\u00e1s peque\u00f1o del mundo.&nbsp;<\/p>\n\n\n\n<ul class=\"wp-block-list\">\n<li><strong>Excursi\u00f3n opcional Museo del Vaticano y la Capilla Sixtina.<\/strong><br>Visita al Estado m\u00e1s peque\u00f1o del mundo con apenas 44 hect\u00e1reas, pero con un patrimonio cultural universal inconmensurable. Esta visita nos llevar\u00e1 por la grandeza de los Museos Vaticanos (con entrada preferente) hasta llegar a la Capilla Sixtina. Con un inmenso sentimiento, admirar\u00e1n los dos momentos de Miguel \u00c1ngel: la B\u00f3veda (con 33 a\u00f1os) y el Juicio Final (ya con 60 a\u00f1os). Y respetando el riguroso silencio, simplemente se dejar\u00e1n llevar. Continuar\u00e1n hacia la Bas\u00edlica de San Pedro, donde solo estando en su interior comprender\u00e1n su grandiosidad. Les recibir\u00e1 Miguel \u00c1ngel, en este caso como escultor, con la Piedad. No estar\u00e1 ausente el gran maestro Bernini y su famoso Baldaquino en el Altar Mayor, protegido por la obra cumbre de Miguel \u00c1ngel, ahora como arquitecto, la enorme C\u00fapula de la Bas\u00edlica.<\/li>\n<\/ul>\n\n\n\n<p><strong>D\u00cdA 13&nbsp;ROMA \u2013 NAPOLI<\/strong><br>Desayuno. Despu\u00e9s del desayuno saldremos a la ciudad de N\u00e1poli donde tendremos una visita panor\u00e1mica. Durante esta visita veremos el casco hist\u00f3rico de la ciudad que est\u00e1 incluido en la Lista del Patrimonio Cultural de la UNESCO. Los sitios principales de inter\u00e9s son La Plaza del Plebicito, El Palacio Real, El Castillo Huevo y otros. Alojamiento. Se ofrece un tour opcional a la ciudad de Pompeya.<\/p>\n\n\n\n<ul class=\"wp-block-list\">\n<li><strong>Excursi\u00f3n opcional a la ciudad de Pompeya.&nbsp;<\/strong><br>Visitaremos las ruinas de Pompeya, la antigua ciudad sepultada tras la erupci\u00f3n del volcano Vesubio con sus calles, talleres y casas preservadas as\u00ed como funcionaban hace dos mil a\u00f1os.<\/li>\n<\/ul>\n\n\n\n<p><strong>D\u00cdA&nbsp;14 N\u00c1POLI \u2013 AMALFI \u2013 SORRENTO \u2013 POSITANO &#8211; N\u00c1POLI<\/strong><br>Desayuno. D\u00eda libre para actividades personales. Se ofrece un tour opcional a las pintorescas ciudades de Amalfi, Sorrento y Positano. &nbsp;<\/p>\n\n\n\n<ul class=\"wp-block-list\">\n<li><strong>Excursi\u00f3n opcional a las ciudades de Amalfi, Sorrento y Positano<\/strong><br>La vista de Amalfi montada sobre los abrutos acastillados coste\u00f1os del Mar Tirreno es tan bella que la ciudad entera est\u00e1 incluida en la Lista del Patrimonio de la Humanidad de la UNESCO. Adem\u00e1s, veremos la catedral, Il Duomo di Amalfi que deja a cada observador sin palabras y sin aliento.<br>La ciudad de Sorrento, el famos\u00edsimo puerto italiano tambi\u00e9n tiene su casco hist\u00f3rico con su catedral y peque\u00f1os talleres de artesanos locales, tambi\u00e9n tiene su paseo mar\u00edtimo, pero est\u00e1 m\u00e1s famoso por la leyenda de las sirenas que atra\u00edan a los marineros para matarlos.<br>Adem\u00e1s de las fant\u00e1sticas vistas de la ciudad montada sobre las rocas coste\u00f1as, la ciudad de Positano ofrece un encuentro con la Madonna Negra bisantina en la Iglesia de santa Maria Asunta.&nbsp;<\/li>\n<\/ul>\n\n\n\n<p><strong>D\u00cdA 15 NAPOLI \u2013 ALBEROBELLO \u2013 TARANTO<\/strong><br>Desayuno. Despu\u00e9s del desayuno, salida en direcci\u00f3n a la ciudad de Alberobello (en espa\u00f1ol \u201c\u00c1rbol Bello\u201d). Al llegar nos daremos sorprendidos por encontrarnos en una \u00e9poca muy remota porque las casas locales llamadas trullos son un eco de la \u201cmoda\u201d arquitect\u00f3nica que se aplicaba en esta latitud geogr\u00e1fica de Europa desde hace m\u00e1s de 5000 a\u00f1os est\u00e1n incluidos en la Lista del Patrimonio de la Humanidad de la UNESCO. &nbsp;Luego continuaremos nuestro viaje a la ciudad de Taranto. Situada en la base del \u201ctac\u00f3n\u201d de la \u201cbota\u201d, como est\u00e1 conocida la Pen\u00ednsula Apenina en Europa, la ciudad de Taranto es un importante puerto comercial y militar en los \u00faltimos 2500 a\u00f1os, con su fortaleza del siglo 15 y la rica decoraci\u00f3n de los edificios de los siglos 17 y 18 pero la fama mundial de la ciudad viene del baile folkl\u00f3rico local que se llama tarantela y de la riqu\u00edsima comida estilo mediterr\u00e1neo. Durante nuestro recorrido por el casco hist\u00f3rico de Taranto entre los numerosos edificios curiosos veremos tambi\u00e9n el magestuoso Palacio del Gobierno, la Catedral de San Cataldo y la Fortaleza Aragonez. Alojamiento. &nbsp;<\/p>\n\n\n\n<p><strong>D\u00cdA 16 TARANTO&nbsp;<\/strong><br>Desayuno. D\u00eda libre para actividades personales. Se ofrece un tour opcional a las ciudades hist\u00f3ricas de Ostuni y Lecce en la regi\u00f3n de Apulia.<\/p>\n\n\n\n<ul class=\"wp-block-list\">\n<li><strong>Excursi\u00f3n opcional de d\u00eda completo a las ciudades de Ostuni y Lecce.&nbsp;<\/strong><br>La curios\u00edsima milenaria ciudad de Ostuni tiene su casco hist\u00f3rico todo pintado de blanco: las murallas, los palacios de las familias arist\u00f3cratas, inclusive la bella catedral del siglo 13 en estilo arquitect\u00f3nico rom\u00e1nico. La catedral est\u00e1 dedicada a la Asunci\u00f3n de la Virgen, pero dentro se pueden ver frescos de santos poco conocidos como Santo Oronzo, San Blasius, Santa Augustina, etc.&nbsp;<br>La antigua ciudad de Lecce ofrece un toque \u00fanico a la arquitectura barroca italiana con sus iglesias estilo barroco, arcos de triunfo, palacios y plazas. Durante nuestro recorrido gozaremos de las vistas desiguales de la ciudad.&nbsp;<\/li>\n<\/ul>\n\n\n\n<p><strong>D\u00cdA 17 TARANTO \u2013 MATERA \u2013 CALABRIA&nbsp;<\/strong><br>Desayuno. Despu\u00e9s del desayuno, salida en direcci\u00f3n a la ciudad de Matera conocida por sus viviendas-cuevas escavadas en el ca\u00f1\u00f3n del r\u00edo Gravena y utilizadas como viviendas a lo largo de toda la historia humana hasta la mitad del siglo 20. Entre las viviendas est\u00e1n escavadas tambi\u00e9n unas curios\u00edsimas iglecias-cuevas. Todo el complejo est\u00e1 incluido en la Lista del Patrimonio de la Humanidad de la UNESCO. &nbsp;Luego continuaremos nuestro viaje a la ciudad de Calabria donde naci\u00f3 el nombre moderno de Italia. Alojamiento.&nbsp;<\/p>\n\n\n\n<p><strong>D\u00cdA 18 CALABRIA \u2013 MESINA \u2013 PALERMO &nbsp;<\/strong><br>Desayuno. Despu\u00e9s del desayuno, salida en direcci\u00f3n a la ciudad de Mesina. Situada en un punto estrat\u00e9gico de comunicaci\u00f3n entre la \u0130sla de Sicilia y la Pen\u00ednsula Apenina, Mesina ofrece una experiencia inolvidable de contacto con las distintas comunidades que viv\u00edan en la ciudad a lo largo de su historia milenaria. Aqu\u00ed est\u00e1n la severa catedral de los n\u00f3rmanos con su curioso campanario, la elegante Iglesia de la Sant\u00edsima Anunciada de los Catalanes, la Iglesia de Santa Maria de los Alemanes, la torre octagonal del Castillo Matagrifone del siglo 11. Luego seguimos a la ciudad de Palermo, la capital y la ciudad m\u00e1s grande de la regi\u00f3n de Sicilia. Situada en las orillas de los r\u00edos Papireto y Kemonia, la ciudad est\u00e1 famosa por sus maravillosas playas del Mar Mediterr\u00e1neo y por su arquitectura normanda representada por la enorme pero muy elegante bas\u00edlica \u2013 la Catedral de la Asunci\u00f3n de la Virgen; el Palacio de los reyes N\u00f3rmanos con su impresionante Capilla Palatina. Durante nuestro recorrido vamos a ver tambi\u00e9n palacios muy notables de estilo g\u00f3tico y barroco. Alojamiento. Se ofrece un tour opcional a la ciudad de Cefal\u00fa.&nbsp;<\/p>\n\n\n\n<ul class=\"wp-block-list\">\n<li><strong>Excursi\u00f3n opcional a la ciudad de Cefalu<\/strong><br>La ciudad de Cefalu es otra ciudad coste\u00f1a de Sicilia, famosa por sus playas. La imposante catedral de Cefalu mesclando la severidad rom\u00e1nica de sus dos torres con la elegancia normana y esplendor del cristianismo ortodoxo bysantino est\u00e1 incluida en la Lista el Patrimonio de la Humanidad de la UNESCO. Durante nuestro recorrido por el casco antiguo veremos tambi\u00e9n varios palacios de arist\u00f3cratas de siglos 13-16.<\/li>\n<\/ul>\n\n\n\n<p><strong>D\u00cdA 19 PALERMO \u2013 CATANIA &nbsp;<\/strong><br>Desayuno. Despu\u00e9s del desayuno, salida en direcci\u00f3n a la ciudad de Catania en la isla de Sicilia. Siendo la segunda grande ciudad en la isla, Catania est\u00e1 llena de monumentos de distintas \u00e9pocas hist\u00f3ricas, como el Amfiteatro Romano, el Ode\u00f3n y su casco hist\u00f3rico formado por edificios de estilo barroco siciliano forma parte de la Lista del Patrimonio de la Humanidad de la UNESCO. El s\u00edmbolo de la ciudad es la estatua de elefante m\u00e1gico llevando un obelisco egipcio en la espalda. Nuestro recorrido incluye varios de estos interes\u00e1ntisimos monumentos. Alojamiento. Se ofrece un tour opcional a la ciudad de Siracusa. &nbsp;&nbsp;<\/p>\n\n\n\n<ul class=\"wp-block-list\">\n<li><strong>Excursi\u00f3n opcional a ciudad de Siracusa.&nbsp;<\/strong><br>La ciudad de Siracusa se considera uno de los lugares m\u00e1s encantadores de la isla de Sicilia. Rica e importante a lo largo de la historia europea, en la antig\u00fcedad a Siracusa le llamaban la ciudad m\u00e1s bella entre las ciudades griegas. Pero los bellos edificios que veremos durante nuestra visita representan todas las \u00e9pocas conocidas. Por ejemplo, el Anfiteatro es de la \u00e9poca romana y la catedral \u2013 de la \u00e9poca barroca (siglo 18). Por su rica historia y la \u00fanica combinaci\u00f3n de estilos arquitect\u00f3nicos hoy d\u00eda Siracusa forma parte de la Lista del Patrimonio de la Humanidad de la UNESCO.<\/li>\n<\/ul>\n\n\n\n<p><strong>D\u00cdA 20 CATANIA \u2013 ESTAMBUL&nbsp;<\/strong><br>Desayuno. D\u00eda libre para actividades personales. Se ofrece un tour opcional al Monte Etna \u2013 un volc\u00e1n activo en la isla de Sicilia, y a la ciudad de Taormina. A la hora indicada se dar\u00e1 el traslado al aeropuerto para tomar el vuelo con destino la ciudad de Estambul<br>Excursi\u00f3n opcional al volc\u00e1n Etna y ciudad de Taormina.<br>El Monte Etna es uno de los pocos volcanes activos en el continente Europeo. Tiene altura de 3 357 m formada despu\u00e9s de su \u00faltina erupci\u00f3n en 2021 cuando el monte aument\u00f3 su altura con unos 30 m.<br>La ciudad de Taormina est\u00e1 situada alrededor de una inaccesible colina en la costa mediterr\u00e1nea donde en tiempos inmemoriales fue construida una ciudadela fortificada los restos de la que se pueden ver hoy d\u00eda. &nbsp; El monumento m\u00e1s famoso de la ciudad siciliana es el enorme amfiteatro de los tiempos de Antigua Grecia. Paseando por el casco hist\u00f3rico de la ciudad veremos tambien el Palacio Corvaja del siglo 14.&nbsp;<\/p>\n\n\n\n<p><strong>D\u00cdA 21 ESTAMBUL \u2013 M\u00c9XICO&nbsp;<\/strong><br>Desayuno. D\u00eda libre. Check out a las 12:00hrs. Por la noche traslado al aeropuerto para tomar vuelo de regreso a la Ciudad de M\u00e9xico.&nbsp;<strong>&nbsp;&nbsp;&nbsp;&nbsp;&#8230;FIN DE NUESTROS SERVICIOS<\/strong><\/p>\n\n\n\n<p>Precios y Hoteles:<\/p>\n\n\n\n<figure class=\"wp-block-table\"><table><tbody><tr><td><strong>CATEGOR\u00cdA<\/strong><\/td><td><strong>TRIPLE<\/strong><\/td><td><strong>DOBLE<\/strong><\/td><td><strong>SGL<\/strong><\/td><td><strong>MNR<\/strong><\/td><\/tr><tr><td>Turista<\/td><td>$1299<\/td><td>$1299<\/td><td>$1799<\/td><td>$1099<\/td><\/tr><\/tbody><\/table><\/figure>\n\n\n\n<p><strong>IMPUESTOS Y SUPLEMENTOS<\/strong><\/p>\n\n\n\n<figure class=\"wp-block-table\"><table><tbody><tr><td>Impuestos a\u00e9reos<\/td><td>$ 899<\/td><\/tr><tr><td>Septiembre: 20<br>Octubre: 18<br>Noviembre: 29<br>Diciembre: 06<\/td><td>$399<\/td><\/tr><\/tbody><\/table><\/figure>\n\n\n\n<p>\u2013 Precios por pasajero en d\u00f3lares<br>\u2013 Los precios cambian constantemente , as\u00ed que te sugerimos la verificaci\u00f3n de estos, y no utilizar este documento como definitivo.<br>\u2013 Costos&nbsp;sujetos&nbsp;a&nbsp;cambios&nbsp;de&nbsp;un&nbsp;momento&nbsp;a&nbsp;otro&nbsp;<br>\u2013 El precio de menor se considera entre 3 a 11 a\u00f1os y aplica solo compartiendo habitaci\u00f3n con 2 adultos. La habitaci\u00f3n lleva una cama supletoria (rollaway bed)<br>\u2013 Itinerario sujeto a cambio, de acuerdo a su fecha de salid<\/p>\n\n\n\n<figure class=\"wp-block-table\"><table><tbody><tr><td colspan=\"4\"><strong>HOTELES PREVISTOS O SIMILARES<\/strong><\/td><\/tr><tr><td><strong>HOTEL<\/strong><\/td><td><strong>CIUDAD<\/strong><\/td><td><strong>PA\u00cdS<\/strong><\/td><td><strong>CATEGOR\u00cdA<\/strong><\/td><\/tr><tr><td>Excel Roma Montemario o similar<\/td><td>Roma<\/td><td>Italia<\/td><td>Turista<\/td><\/tr><tr><td>Ibis Styles Napoli o similar<\/td><td>N\u00e1poles<\/td><td>Italia<\/td><td>Turista<\/td><\/tr><tr><td>B&amp;B Cairoli o similar<\/td><td>Calabria<\/td><td>Italia<\/td><td>Turista<\/td><\/tr><tr><td>Best Western Hotel Mediterraneo o similar<\/td><td>Catania<\/td><td>Italia<\/td><td>Turista<\/td><\/tr><tr><td>Hotel Ramada Atakoy o similar<\/td><td>Estambul<\/td><td>Turqu\u00eda<\/td><td>Turista<\/td><\/tr><tr><td>Signature o similar<\/td><td>Capadocia<\/td><td>Turqu\u00eda<\/td><td>Turista<\/td><\/tr><tr><td colspan=\"4\">\u00c9sta es la relaci\u00f3n de los hoteles utilizados m\u00e1s frecuentemente en este circuito. Reflejada tan s\u00f3lo a efectos indicativos, pudiendo ser el pasajero alojado en establecimientos similares o alternativos<\/td><\/tr><\/tbody><\/table><\/figure>\n\n\n\n<p>El paquete incluye<\/p>\n\n\n\n<ul class=\"wp-block-list\">\n<li>BOLETO DE AVI\u00d3N M\u00c9XICO \/ ESTAMBUL \u2013ROMA M\u00c9XICO VOLANDO EN CLASE TURISTA<\/li>\n\n\n\n<li>19 NOCHES DE ALOJAMIENTO EN CATEGORIA INDICADA.<\/li>\n\n\n\n<li>DESAYUNOS DE ACUERDO A ITINERARIO<\/li>\n\n\n\n<li>VISITAS SEG\u00daN ITINERARIO.<\/li>\n\n\n\n<li>TRASLADOS LOS INDICADOS.<\/li>\n\n\n\n<li>TRANSPORTE EN AUTOCAR TURISTICO.<\/li>\n\n\n\n<li>DOCUMENTOS ELECTRONICOS CODIGO QR (EMPRESA SOCIALMENTE RESPONSABLE CON EL MEDIO AMBIENTE).<\/li>\n<\/ul>\n\n\n\n<p>El paquete no incluye:<\/p>\n\n\n\n<ul class=\"wp-block-list\">\n<li>NING\u00daN SERVICIO NO ESPEC\u00cdFICADO O COMO OPCIONAL<\/li>\n\n\n\n<li>TODAS LAS EXCURSIONES QUE SE MENCIONAN COMO OPCIONALES.<\/li>\n\n\n\n<li>GASTOS PERSONALES Y EXTRAS EN LOS HOTELES.<\/li>\n\n\n\n<li>PROPINAS EN EUROPA 2023 PROPINA SUGERIDA DE 65 EUR POR PERSONA. SE PAGA DIRECTO EN DESTINO.<\/li>\n\n\n\n<li>TASAS DE SERVICIO EN TURQU\u00cdA: 45 USD POR PERSONA. (SE PAGA DIRECTO EN DESTINO)<\/li>\n\n\n\n<li>IMPUESTO HOTELERO EN TURQU\u00cdA: 10 USD POR PERSONA (SE PAGA DIRECTO EN DESTINO)<\/li>\n\n\n\n<li>IMPUESTO HOTELERO EN TURQU\u00cdA EN HOTELES DE MAYOR CATEGOR\u00cdA: 20 USD POR PERSONA (SE PAGA DIRECTO EN DESTINO)<\/li>\n\n\n\n<li>IMPUESTO HOTELERO EN HOTELES CUEVA EN CAPADOCIA: 6 USD ADICIONALES POR PERSONA (SE PAGA DIRECTO EN DESTINO)<\/li>\n\n\n\n<li>IMPUESTOS A\u00c9REOS POR PERSONA.<\/li>\n\n\n\n<li>VISA DE TURQU\u00cdA.<\/li>\n<\/ul>\n\n\n\n<p>Precios cotizados en d\u00f3lares americanos, pagaderos en Moneda Nacional al tipo de cambio del d\u00eda Los precios indicados son informativos y deben ser conformados antes de su compra ya que est\u00e1n sujetos a cambio sin previo aviso. Para obtener el costo exacto a pagar a tipo de cambio del d\u00eda, comun\u00edquese con nosotros. Consulte impuestos y suplementos.<\/p>\n","protected":false},"excerpt":{"rendered":"<p>MT-12342 Alma de Italia con Turqu\u00eda Ciudades Visitadas:&nbsp;Italia, Turqu\u00eda Duraci\u00f3n:&nbsp;21 D\u00edas y 19 Noches Desde:1299 USD + 899 Imp Fecha(s) de salida: Noviembre: 29Diciembre: 06 Vigencia:&nbsp;Precios vigentes hasta el 12\/12\/2023 Aerolinea INCLUYE VUELO Itinerario D\u00cdA 01 M\u00c9XICO \u2013 ESTAMBULCita en el aeropuerto de la Ciudad de M\u00e9xico para abordar vuelo con destino a Estambul. &nbsp;Noche [&hellip;]<\/p>\n","protected":false},"author":1,"featured_media":0,"parent":0,"menu_order":0,"comment_status":"closed","ping_status":"closed","template":"","meta":{"om_disable_all_campaigns":false,"_monsterinsights_skip_tracking":false,"_monsterinsights_sitenote_active":false,"_monsterinsights_sitenote_note":"","_monsterinsights_sitenote_category":0,"site-sidebar-layout":"default","site-content-layout":"","ast-site-content-layout":"default","site-content-style":"default","site-sidebar-style":"default","ast-global-header-display":"","ast-banner-title-visibility":"","ast-main-header-display":"","ast-hfb-above-header-display":"","ast-hfb-below-header-display":"","ast-hfb-mobile-header-display":"","site-post-title":"disabled","ast-breadcrumbs-content":"","ast-featured-img":"","footer-sml-layout":"","ast-disable-related-posts":"","theme-transparent-header-meta":"","adv-header-id-meta":"","stick-header-meta":"","header-above-stick-meta":"","header-main-stick-meta":"","header-below-stick-meta":"","astra-migrate-meta-layouts":"set","ast-page-background-enabled":"default","ast-page-background-meta":{"desktop":{"background-color":"","background-image":"","background-repeat":"repeat","background-position":"center center","background-size":"auto","background-attachment":"scroll","background-type":"","background-media":"","overlay-type":"","overlay-color":"","overlay-opacity":"","overlay-gradient":""},"tablet":{"background-color":"","background-image":"","background-repeat":"repeat","background-position":"center center","background-size":"auto","background-attachment":"scroll","background-type":"","background-media":"","overlay-type":"","overlay-color":"","overlay-opacity":"","overlay-gradient":""},"mobile":{"background-color":"","background-image":"","background-repeat":"repeat","background-position":"center center","background-size":"auto","background-attachment":"scroll","background-type":"","background-media":"","overlay-type":"","overlay-color":"","overlay-opacity":"","overlay-gradient":""}},"ast-content-background-meta":{"desktop":{"background-color":"var(--ast-global-color-5)","background-image":"","background-repeat":"repeat","background-position":"center center","background-size":"auto","background-attachment":"scroll","background-type":"","background-media":"","overlay-type":"","overlay-color":"","overlay-opacity":"","overlay-gradient":""},"tablet":{"background-color":"var(--ast-global-color-5)","background-image":"","background-repeat":"repeat","background-position":"center center","background-size":"auto","background-attachment":"scroll","background-type":"","background-media":"","overlay-type":"","overlay-color":"","overlay-opacity":"","overlay-gradient":""},"mobile":{"background-color":"var(--ast-global-color-5)","background-image":"","background-repeat":"repeat","background-position":"center center","background-size":"auto","background-attachment":"scroll","background-type":"","background-media":"","overlay-type":"","overlay-color":"","overlay-opacity":"","overlay-gradient":""}},"footnotes":""},"class_list":["post-605","page","type-page","status-publish","hentry"],"aioseo_notices":[],"_links":{"self":[{"href":"https:\/\/camaratravel.com\/index.php?rest_route=\/wp\/v2\/pages\/605","targetHints":{"allow":["GET"]}}],"collection":[{"href":"https:\/\/camaratravel.com\/index.php?rest_route=\/wp\/v2\/pages"}],"about":[{"href":"https:\/\/camaratravel.com\/index.php?rest_route=\/wp\/v2\/types\/page"}],"author":[{"embeddable":true,"href":"https:\/\/camaratravel.com\/index.php?rest_route=\/wp\/v2\/users\/1"}],"replies":[{"embeddable":true,"href":"https:\/\/camaratravel.com\/index.php?rest_route=%2Fwp%2Fv2%2Fcomments&post=605"}],"version-history":[{"count":4,"href":"https:\/\/camaratravel.com\/index.php?rest_route=\/wp\/v2\/pages\/605\/revisions"}],"predecessor-version":[{"id":1630,"href":"https:\/\/camaratravel.com\/index.php?rest_route=\/wp\/v2\/pages\/605\/revisions\/1630"}],"wp:attachment":[{"href":"https:\/\/camaratravel.com\/index.php?rest_route=%2Fwp%2Fv2%2Fmedia&parent=605"}],"curies":[{"name":"wp","href":"https:\/\/api.w.org\/{rel}","templated":true}]}}