{"id":601,"date":"2023-10-06T00:13:11","date_gmt":"2023-10-06T00:13:11","guid":{"rendered":"https:\/\/camaratravel.com\/?page_id=601"},"modified":"2023-11-08T05:21:32","modified_gmt":"2023-11-08T05:21:32","slug":"alemania-y-ciudades-imperiales","status":"publish","type":"page","link":"https:\/\/camaratravel.com\/?page_id=601","title":{"rendered":"Alemania y Ciudades Imperiales"},"content":{"rendered":"\n<div class=\"wp-block-cover is-light\" style=\"padding-top:var(--wp--preset--spacing--80);padding-bottom:var(--wp--preset--spacing--80);min-height:50px;aspect-ratio:unset;\"><span aria-hidden=\"true\" class=\"wp-block-cover__background has-vivid-green-cyan-background-color has-background-dim-100 has-background-dim\"><\/span><div class=\"wp-block-cover__inner-container is-layout-flow wp-block-cover-is-layout-flow\">\n<p class=\"has-text-align-center has-large-font-size\"><\/p>\n<\/div><\/div>\n\n\n\n<p>MT-16201 Alemania y Ciudades Imperiales<\/p>\n\n\n\n<p><strong>Ciudades Visitadas:<\/strong>&nbsp;Alemania, Rep\u00fablica Checa, Eslovaquia, Hungr\u00eda, Austria, Suiza<\/p>\n\n\n\n<figure class=\"wp-block-image\"><img decoding=\"async\" src=\"https:\/\/one.cdnmega.com\/images\/viajes\/covers\/alemania-y-ciudades-imperiales-1024x575_63d96c3fd9d72.webp\" alt=\"\"\/><\/figure>\n\n\n\n<p><strong>Duraci\u00f3n:<\/strong>&nbsp;12 D\u00edas y 10 Noches<\/p>\n\n\n\n<p><strong>Desde:<\/strong>1599 USD + 750 Imp<\/p>\n\n\n\n<p><strong>Fecha(s) de salida:<\/strong><\/p>\n\n\n\n<p><br>Noviembre: 08<br>Diciembre: 06, 13, 20<\/p>\n\n\n\n<p><strong>Vigencia:<\/strong>&nbsp;Precios vigentes hasta el 20\/12\/2023<\/p>\n\n\n\n<p><strong>Aerolinea<\/strong><\/p>\n\n\n\n<h5 class=\"wp-block-heading\">INCLUYE VUELO<\/h5>\n\n\n\n<figure class=\"wp-block-image\"><img decoding=\"async\" src=\"https:\/\/one.cdnmega.com\/images\/aerolineas\/iata\/AF.png\" alt=\"Air France\"\/><\/figure>\n\n\n\n<figure class=\"wp-block-image\"><img decoding=\"async\" src=\"https:\/\/one.cdnmega.com\/images\/aerolineas\/iata\/AM.png\" alt=\"Aeromexico\"\/><\/figure>\n\n\n\n<figure class=\"wp-block-image\"><img decoding=\"async\" src=\"https:\/\/one.cdnmega.com\/images\/aerolineas\/iata\/IB.png\" alt=\"Iberia\"\/><\/figure>\n\n\n\n<p>Itinerario<\/p>\n\n\n\n<p><strong>D\u00cdA 01 M\u00c9XICO \u2013 BERL\u00cdN&nbsp;<\/strong><br>Presentarse en el aeropuerto de la Ciudad de M\u00e9xico para tomar el vuelo transatl\u00e1ntico con destino a Berl\u00edn. Noche a bordo.<\/p>\n\n\n\n<p><strong>D\u00cdA 02 BERL\u00cdN&nbsp;<\/strong><br>Llegada, nuestro trasladista le recibir\u00e1 en el aeropuerto para llevarle a su hotel. Resto del d\u00eda libre. Alojamiento.<\/p>\n\n\n\n<p><strong>D\u00cdA 03&nbsp;BERL\u00cdN \u2013 DRESDE \u2013 PRAGA<\/strong><br>Desayuno y salida hacia la regi\u00f3n de Sajonia para llegar a su antigua capital, Dresde, a orillas del Rio Elba, capital de la cultura germ\u00e1nica, que fue reconstruida tras los bombardeos de la II Guerra Mundial. Tiempo libre, para disfrutar de la ciudad. Continuaci\u00f3n hacia la Rep\u00fablica Checa para llegar a la ciudad de Praga. Llegada y alojamiento.<\/p>\n\n\n\n<p><strong>D\u00cdA 04 PRAGA<\/strong><br>Desayuno&nbsp;y salida para visita panor\u00e1mica recorriendo la Plaza Vieja, el famoso reloj Astron\u00f3mico que funciona desde 1410, cuya atracci\u00f3n son sus tres principales componentes; cuadrante astron\u00f3mico, figuras animadas de los 12 ap\u00f3stoles y calendario circular. Recorrido a la Colina del Castillo, visitar el interior de la Catedral de San Vito, la calle dorada, Palacio Imperial, la Iglesia de Santa Mar\u00eda de la Victoria. Tiempo libre Tour opcional de Cena con show medieval.&nbsp;Alojamiento.<\/p>\n\n\n\n<p><strong>D\u00cdA 05 PRAGA \u2013 BRATISLAVA \u2013 BUDAPEST&nbsp;<\/strong><br>Desayuno y salida hacia la capital Bratislava. Breve parada para conocer la ciudad ba\u00f1ada por el Danubio, tiempo libre para recorrer sus peque\u00f1as calles, descubrir sus famosas esculturas populares y admirar su famoso Castillo. Continuaci\u00f3n del viaje hasta llegar a Budapest. Llegada y alojamiento&nbsp;<\/p>\n\n\n\n<p><strong>D\u00cdA 06 BUDAPEST<\/strong><br>Desayuno y salida para visitar una de las ciudades m\u00e1s bellas de Europa, dividida en dos partes por el Rio Danubio: Buda, donde se podr\u00e1 caminar entre sus calles para conocer la antigua sede real, la Iglesia de Mat\u00edas y el Basti\u00f3n de los Pescadores y Pest , famosa por sus bulevares, teatro de la Opera, Parlamento H\u00fangaro, Sinagoga y Bas\u00edlica de San Esteban. Tarde libre para poder conocer las maravillas de esta ciudad. En la noche se ofrecer\u00e1 como opcional un crucero por el Danubio. Alojamiento.<\/p>\n\n\n\n<p><strong>D\u00cdA 07 BUDAPEST \u2013 VIENA&nbsp;<\/strong><br>Desayuno&nbsp;Continuamos ruta a una ciudad con un legado art\u00edstico e intelectual que se form\u00f3 gracias a sus pobladores, Viena.&nbsp;Visita panor\u00e1mica&nbsp;de la ciudad donde podr\u00e1n conocer sus majestuosas avenidas, sus hermosos palacios, y sus grandes parques.&nbsp;Alojamiento.<\/p>\n\n\n\n<p><strong>D\u00cdA 08 VIENA<\/strong><br>Desayuno&nbsp;y salida para realizar recorrido por la ciudad con la avenida Ringstrasse, con multitud de edificios hist\u00f3ricos como el Palacio de Schonbrunn, la Opera, el Palacio Real, Ayuntamiento, Iglesia Votiva, Canal del Danubio, pasamos por la Prater con la emblem\u00e1tica Noria. Tiempo libre para realizar una excursi\u00f3n opcional de la Viena Imperial de Sisi.&nbsp;Alojamiento.<\/p>\n\n\n\n<p><strong>D\u00cdA 09 VIENA \u2013 SALZBURGO \u2013 M\u00daNICH<\/strong><br>Desayuno.&nbsp;&nbsp;Salida hacia Salzburgo la ciudad m\u00e1s bonita de Austria,&nbsp;visita panor\u00e1mica&nbsp;por la ciudad y despu\u00e9s tiempo libre almuerzo (no incluido). Continuaci\u00f3n hacia M\u00fanich, nuestra primera parada para conocer el recinto de los juegos Ol\u00edmpicos y el Parque ingl\u00e9s, finalizando para ver desde fuera el sitio de BMW, Continuaci\u00f3n al hotel.Alojamiento.<\/p>\n\n\n\n<p><strong>D\u00cdA 10&nbsp; M\u00daNICH \u2013 Z\u00daRICH<\/strong><br>Desayuno&nbsp;y salida para&nbsp;visita panor\u00e1mica&nbsp;de la ciudad con parada en el Palacio Nymphenburg. Traslado al centro de la ciudad e iniciamos un recorrido desde la Plaza de Maximiliano Jos\u00e9 hasta la hist\u00f3rica cervecer\u00eda Hofbrahaus, pasando por la \u00d3pera, la Catedral y el Ayuntamiento. Continuamos con nuestro recorrido a Z\u00farich, ubicado en el coraz\u00f3n de Europa, el cual ofrece todas las comodidades modernas de una metr\u00f3polis cosmopolita sin sacrificar su lado natural, es una de las ciudades clasificada durante a\u00f1os como de las mejores por su calidad de vida. Llegada y&nbsp;alojamiento.<\/p>\n\n\n\n<p><strong>D\u00cdA 11 Z\u00daRICH \u2013 ESTRASBURGO \u2013 FRANKFURT&nbsp;<\/strong><br>Desayuno&nbsp;Y salida hacia Estrasburgo donde podremos conocer la combinaci\u00f3n de cultura y arquitectura alemana y francesa, breve recorrido y seguimos hacia Frankfurt Tiempo libre o posibilidad de realizar el tour opcional de un crucero por el Rio Main .Llegada y&nbsp;alojamiento.<\/p>\n\n\n\n<p><strong>D\u00cdA 12 FRANKFURT \u2013 M\u00c9XICO<\/strong><br>Desayuno. A la hora prevista traslado al aeropuerto para tomar el vuelo de regreso a su ciudad de origen.<strong>&nbsp;&nbsp;&nbsp;&nbsp;&#8230;FIN DE NUESTROS SERVICIOS<\/strong><\/p>\n\n\n\n<p>Precios y Hoteles:<\/p>\n\n\n\n<figure class=\"wp-block-table\"><table><tbody><tr><td><strong>CATEGOR\u00cdA<\/strong><\/td><td><strong>TRIPLE<\/strong><\/td><td><strong>DOBLE<\/strong><\/td><td><strong>SGL<\/strong><\/td><td><strong>MNR<\/strong><\/td><\/tr><tr><td>4 Estrellas<\/td><td>1,599<\/td><td>1,599<\/td><td>2,399<\/td><td>1,499<\/td><\/tr><\/tbody><\/table><\/figure>\n\n\n\n<p><a href=\"https:\/\/www.megatravel.com.mx\/info\/formas-de-pago\" target=\"_blank\" rel=\"noreferrer noopener\">Verificar las cuentas que corresponden a EXA TRAVEL<\/a><\/p>\n\n\n\n<p><strong>IMPUESTOS Y SUPLEMENTOS<\/strong><\/p>\n\n\n\n<figure class=\"wp-block-table\"><table><tbody><tr><td>Impuestos a\u00e9reos<\/td><td>$750<\/td><\/tr><tr><td>Noviembre: 08<\/td><td>$199<\/td><\/tr><tr><td>Diciembre:&nbsp;06, 13<\/td><td>$299<\/td><\/tr><tr><td>Diciembre: 20<\/td><td>$399<\/td><\/tr><\/tbody><\/table><\/figure>\n\n\n\n<p>\u2013 Precios por pasajero en d\u00f3lares<br>\u2013 Precios precompra 22 de abril 2023<br>\u2013 El precio de menor se considera entre 4 a 11 a\u00f1os y aplica solo compartiendo habitaci\u00f3n con 2 adultos. La habitaci\u00f3n lleva una cama supletoria (rollaway bed)<\/p>\n\n\n\n<figure class=\"wp-block-table\"><table><tbody><tr><td colspan=\"4\"><strong>HOTELES PREVISTOS O SIMILARES<\/strong><\/td><\/tr><tr><td><strong>HOTEL<\/strong><\/td><td><strong>CIUDAD<\/strong><\/td><td><strong>TIPO<\/strong><\/td><td><strong>PA\u00cdS<\/strong><\/td><\/tr><tr><td>Park Inn by Radisson Berlin Alexanderplatz<\/td><td>Berl\u00edn<\/td><td>4 Estrellas<\/td><td>Alemania<\/td><\/tr><tr><td>Hotel Corinthia<\/td><td>Praga<\/td><td>4 Estrellas<\/td><td>Rep\u00fablica Checa<\/td><\/tr><tr><td>Hilton Garden Inn City Center<\/td><td>Budapest<\/td><td>4 Estrellas<\/td><td>Hungr\u00eda<\/td><\/tr><tr><td>Holiday Inn Vienna City an Ihg Hotel<\/td><td>Viena<\/td><td>4 Estrellas<\/td><td>Austria<\/td><\/tr><tr><td>Pullman Munich<\/td><td>M\u00fanich<\/td><td>4 Estrellas<\/td><td>Alemania<\/td><\/tr><tr><td>Hotel Z\u00fcri by Fassbind<\/td><td>Z\u00farich<\/td><td>4 Estrellas<\/td><td>Suiza<\/td><\/tr><tr><td>Leonardo Hotel Offenbach Frankfurt<\/td><td>Frankfurt<\/td><td>4 Estrellas<\/td><td>Alemania<\/td><\/tr><tr><td colspan=\"4\">\u00c9sta es la relaci\u00f3n de los hoteles utilizados m\u00e1s frecuentemente en este circuito. Reflejada tan s\u00f3lo a efectos indicativos, pudiendo ser el pasajero alojado en establecimientos similares o alternativos<\/td><\/tr><\/tbody><\/table><\/figure>\n\n\n\n<p>El paquete incluye<\/p>\n\n\n\n<ul class=\"wp-block-list\">\n<li>BOLETO DE AVI\u00d3N M\u00c9XICO \u2013 BERLIN \/ FRANKFURT \u2013 M\u00c9XICO, VOLANDO EN CLASE TURISTA<\/li>\n\n\n\n<li>TRASLADOS DE LLEGADA Y SALIDA, DESDE LOS AEROPUERTOS INTERNACIONALES.<\/li>\n\n\n\n<li>AUTOB\u00daS TUR\u00cdSTICO CON WIFI.<\/li>\n\n\n\n<li>10 NOCHES DE ALOJAMIENTO EN CATEGOR\u00cdA INDICADA<\/li>\n\n\n\n<li>DESAYUNOS, DIARIOS<\/li>\n\n\n\n<li>VISITAS PANOR\u00c1MICAS DE LA CIUDAD DE ACUERDO CON EL ITINERARIO<\/li>\n\n\n\n<li>GU\u00cdAS ACOMPA\u00d1ANTES DURANTE EL VIAJE<\/li>\n\n\n\n<li>GU\u00cdAS LOCALES EN LAS PRINCIPALES CIUDADES<\/li>\n\n\n\n<li>ASISTENCIA DE SU GU\u00cdA ANTES DE INICIAR SU VIAJE.<\/li>\n\n\n\n<li>TARJETA DE ASISTENCIA TUR\u00cdSTICA B\u00c1SICA*<\/li>\n\n\n\n<li>*CONSULTE MONTOS DE COBERTURA Y SI DESEA AMPLIARLA LOS SUPLEMENTOS CORRESPONDIENTES.<\/li>\n\n\n\n<li>KIT DE VIAJE: REGALO DE BIENVENIDA, DOSSIER CON DOCUMENTACI\u00d3N DE SU VIAJE, INFORMACI\u00d3N DEL RECORRIDO CON SUGERENCIAS DE RESTAURANTES COMPRAS, RECOMENDACIONES RELEVANTES PARA SU VIAJE Y M\u00c1S \u2026<\/li>\n\n\n\n<li>NUESTROS PRECIOS INCLUYEN TODAS LAS TASAS DE ALOJAMIENTO.<\/li>\n\n\n\n<li>ASISTENCIA 24HRS ANTES Y DURANTE SU VIAJE.<\/li>\n\n\n\n<li>DOCUMENTOS ELECTR\u00d3NICOS C\u00d3DIGO QR (EMPRESA SOCIALMENTE RESPONSABLE CON EL MEDIO AMBIENTE).<\/li>\n<\/ul>\n\n\n\n<p>El paquete no incluye:<\/p>\n\n\n\n<ul class=\"wp-block-list\">\n<li>SERVICIOS NO ESPECIFICADOS EXCURSIONES SERVICIOS Y ALIMENTOS QUE SE MARCAN COMO OPCIONALES.<\/li>\n\n\n\n<li>GASTOS PERSONALES.<\/li>\n\n\n\n<li>PROPINAS A GUIAS Y CHOFERES.<\/li>\n\n\n\n<li>EL SEGURO TUR\u00cdSTICO INCLUIDO TIENE UNA COBERTURA M\u00cdNIMA PARA EUROPA<\/li>\n\n\n\n<li>SI USTED LO REQUIERE PUEDE COMPRAR UN SEGURO DE MAYOR COBERTURA COMO AC35 O AC60, PREGUNTE A SU AGENTE DE VIAJES<\/li>\n<\/ul>\n\n\n\n<p>Precios cotizados en d\u00f3lares americanos, pagaderos en Moneda Nacional al tipo de cambio del d\u00eda Los precios indicados son informativos y deben ser conformados antes de su compra ya que est\u00e1n sujetos a cambio sin previo aviso. Para obtener el costo exacto a pagar a tipo de cambio del d\u00eda, comun\u00edquese con nosotros. Consulte impuestos y suplementos.<\/p>\n","protected":false},"excerpt":{"rendered":"<p>MT-16201 Alemania y Ciudades Imperiales Ciudades Visitadas:&nbsp;Alemania, Rep\u00fablica Checa, Eslovaquia, Hungr\u00eda, Austria, Suiza Duraci\u00f3n:&nbsp;12 D\u00edas y 10 Noches Desde:1599 USD + 750 Imp Fecha(s) de salida: Noviembre: 08Diciembre: 06, 13, 20 Vigencia:&nbsp;Precios vigentes hasta el 20\/12\/2023 Aerolinea INCLUYE VUELO Itinerario D\u00cdA 01 M\u00c9XICO \u2013 BERL\u00cdN&nbsp;Presentarse en el aeropuerto de la Ciudad de M\u00e9xico para tomar [&hellip;]<\/p>\n","protected":false},"author":1,"featured_media":0,"parent":0,"menu_order":0,"comment_status":"closed","ping_status":"closed","template":"","meta":{"om_disable_all_campaigns":false,"_monsterinsights_skip_tracking":false,"_monsterinsights_sitenote_active":false,"_monsterinsights_sitenote_note":"","_monsterinsights_sitenote_category":0,"site-sidebar-layout":"default","site-content-layout":"","ast-site-content-layout":"default","site-content-style":"default","site-sidebar-style":"default","ast-global-header-display":"","ast-banner-title-visibility":"","ast-main-header-display":"","ast-hfb-above-header-display":"","ast-hfb-below-header-display":"","ast-hfb-mobile-header-display":"","site-post-title":"","ast-breadcrumbs-content":"","ast-featured-img":"","footer-sml-layout":"","ast-disable-related-posts":"","theme-transparent-header-meta":"","adv-header-id-meta":"","stick-header-meta":"","header-above-stick-meta":"","header-main-stick-meta":"","header-below-stick-meta":"","astra-migrate-meta-layouts":"set","ast-page-background-enabled":"default","ast-page-background-meta":{"desktop":{"background-color":"","background-image":"","background-repeat":"repeat","background-position":"center center","background-size":"auto","background-attachment":"scroll","background-type":"","background-media":"","overlay-type":"","overlay-color":"","overlay-opacity":"","overlay-gradient":""},"tablet":{"background-color":"","background-image":"","background-repeat":"repeat","background-position":"center center","background-size":"auto","background-attachment":"scroll","background-type":"","background-media":"","overlay-type":"","overlay-color":"","overlay-opacity":"","overlay-gradient":""},"mobile":{"background-color":"","background-image":"","background-repeat":"repeat","background-position":"center center","background-size":"auto","background-attachment":"scroll","background-type":"","background-media":"","overlay-type":"","overlay-color":"","overlay-opacity":"","overlay-gradient":""}},"ast-content-background-meta":{"desktop":{"background-color":"var(--ast-global-color-5)","background-image":"","background-repeat":"repeat","background-position":"center center","background-size":"auto","background-attachment":"scroll","background-type":"","background-media":"","overlay-type":"","overlay-color":"","overlay-opacity":"","overlay-gradient":""},"tablet":{"background-color":"var(--ast-global-color-5)","background-image":"","background-repeat":"repeat","background-position":"center center","background-size":"auto","background-attachment":"scroll","background-type":"","background-media":"","overlay-type":"","overlay-color":"","overlay-opacity":"","overlay-gradient":""},"mobile":{"background-color":"var(--ast-global-color-5)","background-image":"","background-repeat":"repeat","background-position":"center center","background-size":"auto","background-attachment":"scroll","background-type":"","background-media":"","overlay-type":"","overlay-color":"","overlay-opacity":"","overlay-gradient":""}},"footnotes":""},"class_list":["post-601","page","type-page","status-publish","hentry"],"aioseo_notices":[],"_links":{"self":[{"href":"https:\/\/camaratravel.com\/index.php?rest_route=\/wp\/v2\/pages\/601","targetHints":{"allow":["GET"]}}],"collection":[{"href":"https:\/\/camaratravel.com\/index.php?rest_route=\/wp\/v2\/pages"}],"about":[{"href":"https:\/\/camaratravel.com\/index.php?rest_route=\/wp\/v2\/types\/page"}],"author":[{"embeddable":true,"href":"https:\/\/camaratravel.com\/index.php?rest_route=\/wp\/v2\/users\/1"}],"replies":[{"embeddable":true,"href":"https:\/\/camaratravel.com\/index.php?rest_route=%2Fwp%2Fv2%2Fcomments&post=601"}],"version-history":[{"count":4,"href":"https:\/\/camaratravel.com\/index.php?rest_route=\/wp\/v2\/pages\/601\/revisions"}],"predecessor-version":[{"id":1643,"href":"https:\/\/camaratravel.com\/index.php?rest_route=\/wp\/v2\/pages\/601\/revisions\/1643"}],"wp:attachment":[{"href":"https:\/\/camaratravel.com\/index.php?rest_route=%2Fwp%2Fv2%2Fmedia&parent=601"}],"curies":[{"name":"wp","href":"https:\/\/api.w.org\/{rel}","templated":true}]}}