{"id":599,"date":"2023-10-06T00:11:44","date_gmt":"2023-10-06T00:11:44","guid":{"rendered":"https:\/\/camaratravel.com\/?page_id=599"},"modified":"2023-11-08T05:17:58","modified_gmt":"2023-11-08T05:17:58","slug":"mega-bretana-e-irlanda-invierno","status":"publish","type":"page","link":"https:\/\/camaratravel.com\/?page_id=599","title":{"rendered":"Mega Breta\u00f1a e Irlanda Invierno"},"content":{"rendered":"\n<div class=\"wp-block-cover is-light\" style=\"padding-top:var(--wp--preset--spacing--80);padding-bottom:var(--wp--preset--spacing--80);min-height:50px;aspect-ratio:unset;\"><span aria-hidden=\"true\" class=\"wp-block-cover__background has-vivid-green-cyan-background-color has-background-dim-100 has-background-dim\"><\/span><div class=\"wp-block-cover__inner-container is-layout-flow wp-block-cover-is-layout-flow\">\n<p class=\"has-text-align-center has-large-font-size\"><\/p>\n<\/div><\/div>\n\n\n\n<p>MT-12401 Mega Breta\u00f1a e Irlanda Invierno<\/p>\n\n\n\n<p><strong>Ciudades Visitadas:<\/strong>&nbsp;Irlanda, Escocia, Inglaterra<\/p>\n\n\n\n<figure class=\"wp-block-image\"><img decoding=\"async\" src=\"https:\/\/one.cdnmega.com\/images\/viajes\/covers\/18-mega-bretana-e-irlanda-mega-bretana-e-irlanda-1024x575_64f21d8469e53.webp\" alt=\"\"\/><\/figure>\n\n\n\n<p><strong>Duraci\u00f3n:<\/strong>&nbsp;11 D\u00edas y 9 Noches<\/p>\n\n\n\n<p><strong>Desde:<\/strong>1299 USD + 799 Imp<\/p>\n\n\n\n<p><strong>Fecha(s) de salida:<\/strong><\/p>\n\n\n\n<h3 class=\"wp-block-heading\">Salidas para el a\u00f1o 2024<\/h3>\n\n\n\n<p>Febrero: 07, 21<br>Marzo: 06<br>Octubre: 16<br>Noviembre: 06, 13, 20, 27<\/p>\n\n\n\n<p><strong>Vigencia:<\/strong>&nbsp;Precios vigentes hasta el 27\/11\/2024<\/p>\n\n\n\n<p><strong>Aerolinea<\/strong><\/p>\n\n\n\n<h5 class=\"wp-block-heading\">INCLUYE VUELO<\/h5>\n\n\n\n<figure class=\"wp-block-image\"><img decoding=\"async\" src=\"https:\/\/one.cdnmega.com\/images\/aerolineas\/iata\/VI.png\" alt=\"Incluye Vuelo\"\/><\/figure>\n\n\n\n<p>Itinerario<\/p>\n\n\n\n<p><strong>Precios de pre venta hasta 30 de septiembre<\/strong><\/p>\n\n\n\n<p><strong>D\u00cdA 01&nbsp; M\u00c9XICO \u2013&nbsp;LONDRES<\/strong><br>Presentarse en el aeropuerto de la Ciudad de M\u00e9xico 3hrs. antes de la salida del vuelo trasatl\u00e1ntico con destino la ciudad de Londres. Noche a bordo.<\/p>\n\n\n\n<p><strong>D\u00cdA 02 LONDRES \u2013&nbsp;CAMBRIDGE.<\/strong><br>Llegada al aeropuerto internacional de Londres-Heathrow. Aqu\u00ed conoceremos a nuestro gu\u00eda, quien los recibir\u00e1 y los trasladar\u00e1 al hotel. Continuaremos nuestro recorrido hacia el norte de Inglaterra: Cambridge. Un lugar que cuenta con hermosos dise\u00f1os de arquitectura g\u00f3tica, magn\u00edficos jardines y parques muy bien conservados. Llegaremos al hotel para realizar el check-in y descansar. Alojamiento<\/p>\n\n\n\n<p><strong>D\u00cdA 03 CAMBRIDGE \u2013 YORK \u2013&nbsp;DURHAM<\/strong><br>Desayuno.. Despu\u00e9s comenzaremos con nuestro city tour de Cambridge. Admiraremos sus hermosos paisajes y pintorescos colegios residenciales. Una de las universidades m\u00e1s antiguas y prestigiosas del mundo le dio la fama a esta ciudad, y es que ha presentado a la humanidad casi 90 Premios Nobel. Por la tarde, luego del almuerzo, seguiremos hacia la hist\u00f3rica ciudad fortaleza York, en donde su imponente catedral, murallas romanas y calles adoquinadas con casas medievales crear\u00e1n un inolvidable recuerdo. Terminando, tendremos un poco de tiempo libre y continuaremos hacia el norte hasta el pueblo medieval de Durham. Su impresionante catedral es uno de los centros religiosos m\u00e1s importantes de Inglaterra; &nbsp;y su castillo, situado encima del r\u00edo Wear, es visible desde cada rinc\u00f3n de la ciudad. Alojamiento<\/p>\n\n\n\n<ul class=\"wp-block-list\">\n<li><strong>Excursi\u00f3n opcional<\/strong><br>TOUR EN BOTE POR CAMBRIDGE<br>Cambridge es conocida por sus magn\u00edficos edificios universitarios y con este tour en bote por sus diferentes canales, maximizar\u00e1s tu tiempo en la ciudad visitando varias universidades en poco tiempo. Durante el recorrido aprender\u00e1s sobre la historia de la ciudad, las historias de los antiguos alumnos famosos de la Universidad de Cambridge y los puntos de inter\u00e9s m\u00e1s famosos. En el camino admirar\u00e1s las vistas del Puente de los Suspiros, la Capilla del King&#8217;s College, el Puente Matem\u00e1tico, el Trinity College, entre otros.&nbsp;<\/li>\n\n\n\n<li>YORK&nbsp;<br>Visitaremos una de las ciudades m\u00e1s pintorescas del Reino Unido. Fue fundada por el Imperio Romano hace casi 2.000 a\u00f1os, fue una gran Capital del Norte de Inglaterra desde el principio. Tribus Anglosajonas invadieron y establecieron el Reino de Northumbria, el cual vio la llegada de grandes grupos de Vikingos que invadieron hacia el a\u00f1o 800 DC, e hicieron de Jorvik (York) una de sus principales ciudades fuera de Escandinavia. En el \u00e1rea del Castillo veremos la torre que fue erigida tras la gran invasi\u00f3n Normanda de Guillermo el Conquistador en 1066. York es uno de los mejores sitios en Inglaterra por la colecci\u00f3n de arquitectura medieval, con sus callejones y casas de m\u00e1s de 600 a\u00f1os, a\u00fan en pie! Visitaremos los Jardines de la Abad\u00eda de St. Mary&#8217;s; recorremos el sector de la Catedral G\u00f3tica, inmenso edificio medieval que demor\u00f3 250 a\u00f1os en construirse, muy cerca de Shambles, la famosa calle de los Carniceros, que sirvi\u00f3 de inspiraci\u00f3n para im\u00e1genes de Harry Potter. York es una ciudad incre\u00edble, con mucho para ver, y tanta historia para contar!<\/li>\n<\/ul>\n\n\n\n<p><strong>D\u00cdA 04 DURHAM \u2013 ALNWICK \u2013&nbsp;EDIMBURGO<\/strong><br>Desayuno.. Luego continuaremos nuestro recorrido. Como primera parada est\u00e1 Alnwick, en donde la historia y la magia se dan la mano. Sus m\u00e1s de siete siglos de historia te transportar\u00e1n a tiempos medievales, mientras que su papel como escenario de las pel\u00edculas de Harry Potter te trasladar\u00e1n a un d\u00eda cualquiera en Hogwarts. Luego, al medio d\u00eda llegaremos a Edimburgo, la capital de Escocia y una de las ciudades m\u00e1s activas del norte de Europa. Su coraz\u00f3n hist\u00f3rico ha sido declarado Patrimonio de la Humanidad por la UNESCO por su arquitectura muy bien definida y conservada. El impresionante Castillo de Edimburgo, situado sobre la colina volc\u00e1nica Castle Hill, es el lugar emblem\u00e1tico y con mejores vistas de la ciudad.Alojamiento<\/p>\n\n\n\n<ul class=\"wp-block-list\">\n<li><strong>Excursi\u00f3n opcional<\/strong><br>EDIMBURGO MISTERIOSO&nbsp;<br>Saldr\u00e1s de la t\u00edpica ruta tur\u00edstica y explorar\u00e1s los secretos ocultos de la capital escocesa en este recorrido. Juntos exploraremos el casco antiguo de Edimburgo hasta el nivel de la calle, en donde podremos encontrar una serie de b\u00f3vedas antiguas. Mientras exploramos los oscuros secretos y visitamos el Cementerio Greyfriars, aprenderemos el por qu\u00e9 se construyeron estos lugares, escucharemos a las pobres almas que buscaron refugio y descubriremos un templo de brujer\u00eda oculto. Conoceremos la vida de la ciudad durante el siglo XVIII y las enfermedades mortales que amenazaron a los habitantes de Edimburgo. Juntos exploraremos el lado m\u00e1s siniestro de esta ciudad caminando a trav\u00e9s de sus oscuros callejones mientras escuchamos las siniestras y terribles historias de traici\u00f3n, cr\u00edmen y tortura.&nbsp;<\/li>\n<\/ul>\n\n\n\n<p><strong>D\u00cdA 05 EDIMBURGO \u2013&nbsp;GLASGOW<\/strong><br>Desayuno.. Al finalizar el desayuno, comenzaremos nuestra visita panor\u00e1mica de la ciudad de Edimburgo, una de las ciudades m\u00e1s activas del norte de Europa. Su coraz\u00f3n hist\u00f3rico ha sido declarado patrimonio de la humanidad por la UNESCO por su arquitectura muy bien definida y conservada. El impresionante Castillo de Edimburgo, situado sobre la colina volc\u00e1nica Castle Hill, es el lugar emblem\u00e1tico y con mejores vistas de la ciudad. Luego tendremos tiempo libre para almorzar, pasear, tomar fotos o terminar actividades personales. Finalmente, terminando el d\u00eda, saldremos rumbo a Glasgow, situada a orillas del r\u00edo Clyde en las Tierras Bajas de Escocia. . Alojamiento<\/p>\n\n\n\n<ul class=\"wp-block-list\">\n<li><strong>Excursi\u00f3n opcional<\/strong><br>CASTILLO DE STIRLING &#8211; Situado sobre la cima de un volc\u00e1n extinto, fue una de las fortalezas m\u00e1s importantes de la historia escocesa, y por ello hoy es el segundo castillo m\u00e1s visitado de toda Escocia. Durante los primeros siglos de nuestra era, esta zona estaba dominada por la tribu de los Maeatea, debido a su importante enclave estrat\u00e9gico. Posteriormente, a medida que Stirling fue tomando relevancia dentro de la historia escocesa, el castillo fue creciendo y tambi\u00e9n sufriendo numerosos asedios, motivo por el que esta fortaleza se convirti\u00f3 en el escenario de momentos cruciales para Escocia. Fue clave en las guerras de independencia escocesas en el siglo XIV, donde participaron personajes hist\u00f3ricos como William Wallace y Robert the Bruce. Residencia Real durante siglos, fue la residencia favorita de muchos monarcas. Particularmente, la dinast\u00eda Estuardo tuvo mucha influencia en la arquitectura renacentista que hoy se puede ver en el interior&nbsp;<\/li>\n<\/ul>\n\n\n\n<p><strong>D\u00cdA 06 GLASGOW \u2013&nbsp;BELFAST \u2013&nbsp;DUBL\u00cdN<\/strong><br>Desayuno.. Despu\u00e9s continuaremos el recorrido rumbo al sur de Escocia. Embarcaremos en ferry en Cairnryan, un peque\u00f1o pueblo de pescadores con destino hacia Irlanda del Norte y en donde llegaremos a Belfast, su capital. Esta ciudad monumental ha superado sus conflictos religiosos, y hoy en d\u00eda es moderna, viva y cuenta con muchos atractivos tur\u00edsticos. Retomaremos nuestro viaje a \u00c9ire en Irlanda, y nuestra \u00faltima parada ser\u00e1 Dubl\u00edn, al cual llegaremos al finalizar el d\u00eda.Alojamiento<\/p>\n\n\n\n<p><strong>D\u00cdA 07&nbsp;DUBL\u00cdN<\/strong><br>Desayuno.. Luego comenzaremos el d\u00eda con un recorrido tur\u00edstico en una de las ciudades m\u00e1s importantes de la Rep\u00fablica de Irlanda y su capital: Dubl\u00edn. Disfrutaremos de un paseo a orillas del R\u00edo Liffey, visitaremos sus parques, plazas, la antigua universidad &nbsp;y animadas calles del centro llenas de estatuas y monumentos. Continuaremos con un paseo por el Trinity College, constru\u00eddo sobre un antiguo monasterio agustino, es la universidad m\u00e1s antigua de Irlanda y est\u00e1 ubicada en el centro urbano de la ciudad. Luego, se tendr\u00e1 la tarde libre para pasear y realizar actividades personales.Alojamiento<\/p>\n\n\n\n<ul class=\"wp-block-list\">\n<li><strong>Excursiones opcionales<\/strong><br>CATEDRAL DE SAN PATRICIO+GUINNESS STOREHOUSE &#8211; &nbsp;Erigida en honor del patr\u00f3n de Irlanda, la Catedral de San Patricio es una de las dos catedrales pertenecientes a la Iglesia de Irlanda, junto con la Catedral Christ Church. El interior de la Catedral de San Patricio aloja infinidad de aspectos interesantes que reflejan diferentes momentos hist\u00f3ricos ocurridos durante su existencia, como es el caso de &#8220;La Puerta del Cap\u00edtulo&#8221;, que conmemora el fin de las disputas entre los condes de Ormond y Kildare los cuales, a trav\u00e9s de un agujero realizado en dicha puerta, estrecharon sus manos para restaurar la paz perdida. A lo largo del templo se sit\u00faan un gran n\u00famero de bustos, monumentos sepulcrales y placas mortuorias que pretenden conmemorar a algunos de los ciudadanos m\u00e1s c\u00e9lebres en la historia irlandesa, como Douglas Hyde, Turlough O\u2019Carolan o Jonathan Swift. El Guinness Storehouse es todo un referente para los amantes de la buena cerveza ya que cuenta con exposiciones fabulosas para conocer a profundidad todo el mundo en torno a esta famosa y deliciosa bebida. Aqu\u00ed conoceremos a detalle los diversos procesos y secretos que se llevan a cabo en la elaboraci\u00f3n de la cerveza, esa bebida exquisita que s\u00f3lo cuenta con cuatro ingredientes: cebada, levadura, l\u00fapulo y agua. A lo largo del recorrido podremos observar c\u00f3mo se van mezclando estos ingredientes mientras pasan por diversas maquinarias que los trituran y mezclan: el molino, el alambique, el tostadero y los inmensos barriles de madera antigua. Y terminaremos el recorrido degustando una buena cerveza Guinness.&nbsp;<\/li>\n\n\n\n<li>CENA CON SHOW T\u00cdPICO IRLAND\u00c9S &nbsp;&#8211; Sum\u00e9rgete en una noche de comida, m\u00fasica y baile tradicional irland\u00e9s. Combinaremos m\u00fasica, danza y narraci\u00f3n de cuentos con excelentes productos locales que deleitar\u00e1n tu paladar acompa\u00f1ado de un show de primera. Moveremos los pies al ritmo del arpa y las flautas, y probaremos algunos movimientos de baile tradicionales de este hermoso pa\u00eds. Degustaremos diversas exquisiteces como distintos tipos de carnes, dulces t\u00edpicos y bebidas locales. El transporte de ida y vuelta del show est\u00e1 inclu\u00eddo. * Incluye cena de 4 platos, 1 copa de vino o pinta de cerveza o refresco por persona.&nbsp;<\/li>\n<\/ul>\n\n\n\n<p><strong>D\u00cdA 08 &nbsp;DUBL\u00cdN \u2013&nbsp;CAERNARFON \u2013&nbsp;LIVERPOOL<\/strong><br>Desayuno. Abordaremos un ferry. Luego de tres horas de viaje llegaremos a Gales. Ah\u00ed visitaremos Caernafon, Patrimonio de la Humanidad por la UNESCO, en donde se encuentra uno de los castillos m\u00e1s famosos de Gales constru\u00eddo por el rey Eduardo I de Inglaterra como consecuencia de su victoriosa campa\u00f1a de sometimiento a Inglaterra de Gales. Al terminar, tendremos tiempo libre para almorzar y dar un paseo. Luego, continuaremos el recorrido hacia Liverpool, tambi\u00e9n Patrimonio de la Humanidad, en donde tendremos un city tour en autob\u00fas. Es una fabulosa ciudad hist\u00f3rica, pionera de los avances tecnol\u00f3gicos y la cuna de la industria musical que le dio al mundo Los Beatles.Alojamiento<\/p>\n\n\n\n<ul class=\"wp-block-list\">\n<li><strong>Excursi\u00f3n opcional<\/strong><br>THE BEATLES STORY&nbsp;<br>Si tenemos que elegir cu\u00e1l ha sido la banda de m\u00fasica m\u00e1s influyente de la historia el nombre de The Beatles suena r\u00e1pidamente en nuestra cabeza. Estos cuatro j\u00f3venes que nacieron en Liverpool, crecieron entre los clubes de Hamburgo y el famoso The Cavern, y que cuando estuvieron listos para salir a conquistar el mundo decidieron que lo har\u00edan desde Londres. Si quieres seguir las huellas de estos cuatro fant\u00e1sticos no puedes perderte estas tres horas de historia viva de la m\u00fasica en Reino Unido. Juntos recorreremos los lugares m\u00e1s emblem\u00e1ticos que encumbraron a Paul, John, George y Ringo al nivel de leyenda, todo ello amenizado con las mejores an\u00e9cdotas de la banda. Terminaremos nuestro recorrido tomando una refrescante cerveza en The Cavern Club, lugar famoso por ser el club de rock and roll donde tocaron los Beatles en sus primeros a\u00f1os.<\/li>\n<\/ul>\n\n\n\n<p><strong>D\u00cdA 09 LIVERPOOL \u2013&nbsp;STRATFORD-UPON-AVON &#8211; OXFORD \u2013 LONDRES<\/strong><br>Desayuno.Despu\u00e9s continuaremos explorando el centro de Inglaterra. Empezamos visitando Stratford-upon-Avon, la ciudad natal de William Shakespeare. Situada sobre la calle Henley, se encuentra la vivienda del famoso escritor y poeta, una vivienda t\u00edpica del siglo XVI muy bien conservada. Luego tendremos tiempo libre para pasear y almorzar. Continuaremos nuestro viaje rumbo a Oxford, ciudad sin\u00f3nimo de estudio y cultura. \u00a1Reyes, estadistas, fil\u00f3sofos y cient\u00edficos estudiaron aqu\u00ed! Disfrutaremos de la faceta m\u00e1s acad\u00e9mica y literaria de Inglaterra. Finalmente, por la tarde, regresaremos nuevamente a Londres.Alojamiento<\/p>\n\n\n\n<p><strong>D\u00cdA 10 LONDRES CITY TOUR<\/strong><br>Desayuno. y recorrido por la ciudad conociendo lugares como Hyde Park, Kensington, Piccadilly Circus, Regent St., Oxford St. y el Parlamento con su famoso Big Ben. En el Palacio de Buckingham (si se realiza y\/o el clima lo permite) asistiremos al famoso cambio de la Guardia Real. Veremos tambi\u00e9n diferentes puentes de la ciudad y la Abad\u00eda de Westminster. Tarde libre. Alojamiento.Alojamiento<\/p>\n\n\n\n<ul class=\"wp-block-list\">\n<li><strong>Excursi\u00f3n opcional<\/strong><br>STONEHENGE&nbsp;<br>Visitar\u00e1s uno de los monumentos prehist\u00f3ricos y Patrimonio de la Humanidad por la UNESCO, m\u00e1s famosos y m\u00edticos del mundo: Stonehenge; desde Londres. Admiraremos estas rocas de 40 toneladas que se encuentran en medio de una enorme extensi\u00f3n de tierra abierta. Stonehenge, un curioso fen\u00f3meno de la ingenier\u00eda y el dise\u00f1o que se remonta casi 5.000 a\u00f1os, sigue dividiendo a los historiadores acerca de su prop\u00f3sito exacto. Algunas de las teor\u00edas dicen que Stonehenge era un templo al sol, un cementerio elaborado e incluso que Merl\u00edn encar<\/li>\n<\/ul>\n\n\n\n<p><strong>D\u00cdA 11 LONDRES \u2013&nbsp;M\u00c9XICO<\/strong><br>Desayuno. Hemos llegado al fin del viaje. Se tendr\u00e1 tiempo libre para realizar Tours Opcionales. Al finalizar el d\u00eda, a la hora indicada, se proceder\u00e1 con el check-out del hotel y traslado al aeropuerto internacional en Londres-Heathrow.Alojamiento<\/p>\n\n\n\n<ul class=\"wp-block-list\">\n<li><strong>Excursi\u00f3n opcional<\/strong><br>D\u00cdA COMPLETO LONDON ON INSTAGRAM: EAST SIDE, LONDON EYE Y CRUCERO POR EL T\u00c1MESIS Visitaremos a pie y en autob\u00fas otros de los lugares m\u00e1s ic\u00f3nicos y fotografiables de la ciudad, mientras un gu\u00eda local nos explica su historia: pasaremos por la Catedral de San Pablo, lugar donde la princesa Diana celebr\u00f3 su boda con el entonces pr\u00edncipe Carlos. En seguida veremos el ic\u00f3nico Puente de la Torre, el monumento m\u00e1s famoso de Inglaterra. Haremos una parada para admirar la Torre de Londres, un castillo medieval, inscrito en la lista del Patrimonio de la Humanidad de la UNESCO. Entraremos al Covent Garden, un popular barrio lleno de vida que debe su nombre al mercado m\u00e1s conocido de la ciudad y terminaremos en Piccadilly Circus, el coraz\u00f3n de la ciudad. Luego continuaremos nuestro recorrido visitando el London Eye, una de las norias de observaci\u00f3n m\u00e1s grandes del mundo lleva siendo la atracci\u00f3n m\u00e1s visitada de esta ciudad durante m\u00e1s de 10 a\u00f1os. \u00a1Sin duda una experiencia inolvidable! Finalmente, terminaremos el d\u00eda a bordo de un c\u00f3modo barco por el R\u00edo T\u00e1mesis y escucharemos una narraci\u00f3n en vivo mientras observamos desde otro \u00e1ngulos las principales vistas de la ciudad, ya sea desde la cubierta o desde el interior del bote&nbsp;<br>*SUJETA A REALIZARSE O NO DE ACUERDO AL HORARIO DEL VUELO*<\/li>\n<\/ul>\n\n\n\n<p><strong>&nbsp;&nbsp;&nbsp;&nbsp;&#8230;FIN DE NUESTROS SERVICIOS<\/strong><\/p>\n\n\n\n<p>Precios y Hoteles:<\/p>\n\n\n\n<figure class=\"wp-block-table\"><table><tbody><tr><td><strong>CATEGOR\u00cdA<\/strong><\/td><td><strong>DOBLE<\/strong><\/td><td><strong>TRIPLE<\/strong><\/td><td><strong>SGL<\/strong><\/td><td><strong>MNR<\/strong><\/td><\/tr><tr><td>Turista<\/td><td>$1299<\/td><td>$1299<\/td><td>$2199<\/td><td>$1099<\/td><\/tr><\/tbody><\/table><\/figure>\n\n\n\n<p><strong>IMPUESTOS Y SUPLEMENTOS<\/strong><\/p>\n\n\n\n<figure class=\"wp-block-table\"><table><tbody><tr><td>Impuestos a\u00e9reos<\/td><td>$ 799<\/td><\/tr><tr><td>Febrero: 07<\/td><td>Sin suplementos<\/td><\/tr><tr><td>Febrero: 21<br>Marzo: 06<br>Octubre: 16<br>Noviembre: 06, 13, 20, 27<\/td><td>$199<\/td><\/tr><\/tbody><\/table><\/figure>\n\n\n\n<p>\u2013 Precios indicados en USD, pagaderos en Moneda Nacional al tipo de cambio del d\u00eda.<br>\u2013 El precio de menor se considera entre 2 a 11 a\u00f1os y aplica solo compartiendo habitaci\u00f3n con 2 adultos. La habitaci\u00f3n lleva una cama supletoria (rollaway bed), si el menor tiene m\u00e1s de 2 a\u00f1os al regreso del viaje, ya paga boleto de avi\u00f3n, favor de consultar la tarifa con su ejecutivo.<br>\u2013 Itinerario sujeto a cambio, de acuerdo con su fecha de salida.<br>\u2013 Este paquete est\u00e1 basado en hoteles turista 3*, si est\u00e1 interesado en una mejor categor\u00eda, favor de consultar nuestra secci\u00f3n de programas premium o regulares.<\/p>\n\n\n\n<figure class=\"wp-block-table\"><table><tbody><tr><td colspan=\"4\"><strong>HOTELES PREVISTOS O SIMILARES<\/strong><\/td><\/tr><tr><td><strong>HOTEL<\/strong><\/td><td><strong>CIUDAD<\/strong><\/td><td><strong>TIPO<\/strong><\/td><td><strong>PA\u00cdS<\/strong><\/td><\/tr><tr><td>Premier Inn Ealing O Similar<\/td><td>Londres<\/td><td>Turista<\/td><td>Inglaterra<\/td><\/tr><tr><td>Leonardo Newcastle O Similar<\/td><td>Durham<\/td><td>Turista<\/td><td>Inglaterra<\/td><\/tr><tr><td>Moxy Edinburgh Fountainbridge O Similar<\/td><td>Edimburgo<\/td><td>Turista<\/td><td>Escocia<\/td><\/tr><tr><td>Hotel Holiday Inn Express Glasgow Airport O Similar<\/td><td>Glasgow<\/td><td>Turista<\/td><td>Escocia<\/td><\/tr><tr><td>Louis Fitzgerald O Similar<\/td><td>Dublin<\/td><td>Turista<\/td><td>Irlanda<\/td><\/tr><tr><td>Moxy Chester<\/td><td>Liverpool<\/td><td>Turista<\/td><td>Irlanda<\/td><\/tr><tr><td>Premier Inn Ealing O Similar<\/td><td>Londres<\/td><td>Turista<\/td><td>Inglaterra<\/td><\/tr><tr><td colspan=\"4\">\u00c9sta es la relaci\u00f3n de los hoteles utilizados m\u00e1s frecuentemente en este circuito. Reflejada tan s\u00f3lo a efectos indicativos, pudiendo ser el pasajero alojado en establecimientos similares o alternativos<\/td><\/tr><\/tbody><\/table><\/figure>\n\n\n\n<p>El paquete incluye<\/p>\n\n\n\n<ul class=\"wp-block-list\">\n<li>BOLETO DE AVI\u00d3N M\u00c9XICO \u2013 LONDRES \u2013 M\u00c9XICO VOLANDO EN CLASE TURISTA<\/li>\n\n\n\n<li>09 NOCHES DE ALOJAMIENTO EN CATEGORIA INDICADA.<\/li>\n\n\n\n<li>DESAYUNOS DE ACUERDO A ITINERARIO<\/li>\n\n\n\n<li>VISITAS SEG\u00daN ITINERARIO.<\/li>\n\n\n\n<li>GUIA PROFESIONAL DE HABLA HISPANA<\/li>\n\n\n\n<li>TRASLADOS LOS INDICADOS.<\/li>\n\n\n\n<li>TRANSPORTE EN AUTOCAR TURISTICO.<\/li>\n\n\n\n<li>DOCUMENTOS ELECTRONICOS CODIGO QR (EMPRESA SOCIALMENTE RESPONSABLE CON EL MEDIO AMBIENTE).<\/li>\n<\/ul>\n\n\n\n<p>El paquete no incluye:<\/p>\n\n\n\n<ul class=\"wp-block-list\">\n<li>ALIMENTOS, GASTOS DE INDOLE PERSONAL<\/li>\n\n\n\n<li>PROPINA SUGERIDA DE 65 EUR POR PERSONA. SE PAGA DIRECTO EN DESTINO POR CONCEPTO DE TASAS DE HOTELES, PROPINAS A GUIAS LOCALES, GUIAS CORREO, CHOFERES Y PERSONAL EN HOTELES..<\/li>\n\n\n\n<li>NING\u00daN SERVICIO NO ESPEC\u00cdFICADO.<\/li>\n\n\n\n<li>IMPUESTOS A\u00c9REOS POR PERSONA<\/li>\n<\/ul>\n\n\n\n<p>Precios cotizados en d\u00f3lares americanos, pagaderos en Moneda Nacional al tipo de cambio del d\u00eda Los precios indicados son informativos y deben ser conformados antes de su compra ya que est\u00e1n sujetos a cambio sin previo aviso. Para obtener el costo exacto a pagar a tipo de cambio del d\u00eda, comun\u00edquese con nosotros. Consulte impuestos y suplementos.<\/p>\n","protected":false},"excerpt":{"rendered":"<p>MT-12401 Mega Breta\u00f1a e Irlanda Invierno Ciudades Visitadas:&nbsp;Irlanda, Escocia, Inglaterra Duraci\u00f3n:&nbsp;11 D\u00edas y 9 Noches Desde:1299 USD + 799 Imp Fecha(s) de salida: Salidas para el a\u00f1o 2024 Febrero: 07, 21Marzo: 06Octubre: 16Noviembre: 06, 13, 20, 27 Vigencia:&nbsp;Precios vigentes hasta el 27\/11\/2024 Aerolinea INCLUYE VUELO Itinerario Precios de pre venta hasta 30 de septiembre D\u00cdA [&hellip;]<\/p>\n","protected":false},"author":1,"featured_media":0,"parent":0,"menu_order":0,"comment_status":"closed","ping_status":"closed","template":"","meta":{"om_disable_all_campaigns":false,"_monsterinsights_skip_tracking":false,"_monsterinsights_sitenote_active":false,"_monsterinsights_sitenote_note":"","_monsterinsights_sitenote_category":0,"site-sidebar-layout":"default","site-content-layout":"","ast-site-content-layout":"default","site-content-style":"default","site-sidebar-style":"default","ast-global-header-display":"","ast-banner-title-visibility":"","ast-main-header-display":"","ast-hfb-above-header-display":"","ast-hfb-below-header-display":"","ast-hfb-mobile-header-display":"","site-post-title":"disabled","ast-breadcrumbs-content":"","ast-featured-img":"","footer-sml-layout":"","ast-disable-related-posts":"","theme-transparent-header-meta":"","adv-header-id-meta":"","stick-header-meta":"","header-above-stick-meta":"","header-main-stick-meta":"","header-below-stick-meta":"","astra-migrate-meta-layouts":"set","ast-page-background-enabled":"default","ast-page-background-meta":{"desktop":{"background-color":"","background-image":"","background-repeat":"repeat","background-position":"center center","background-size":"auto","background-attachment":"scroll","background-type":"","background-media":"","overlay-type":"","overlay-color":"","overlay-opacity":"","overlay-gradient":""},"tablet":{"background-color":"","background-image":"","background-repeat":"repeat","background-position":"center center","background-size":"auto","background-attachment":"scroll","background-type":"","background-media":"","overlay-type":"","overlay-color":"","overlay-opacity":"","overlay-gradient":""},"mobile":{"background-color":"","background-image":"","background-repeat":"repeat","background-position":"center center","background-size":"auto","background-attachment":"scroll","background-type":"","background-media":"","overlay-type":"","overlay-color":"","overlay-opacity":"","overlay-gradient":""}},"ast-content-background-meta":{"desktop":{"background-color":"var(--ast-global-color-5)","background-image":"","background-repeat":"repeat","background-position":"center center","background-size":"auto","background-attachment":"scroll","background-type":"","background-media":"","overlay-type":"","overlay-color":"","overlay-opacity":"","overlay-gradient":""},"tablet":{"background-color":"var(--ast-global-color-5)","background-image":"","background-repeat":"repeat","background-position":"center center","background-size":"auto","background-attachment":"scroll","background-type":"","background-media":"","overlay-type":"","overlay-color":"","overlay-opacity":"","overlay-gradient":""},"mobile":{"background-color":"var(--ast-global-color-5)","background-image":"","background-repeat":"repeat","background-position":"center center","background-size":"auto","background-attachment":"scroll","background-type":"","background-media":"","overlay-type":"","overlay-color":"","overlay-opacity":"","overlay-gradient":""}},"footnotes":""},"class_list":["post-599","page","type-page","status-publish","hentry"],"aioseo_notices":[],"_links":{"self":[{"href":"https:\/\/camaratravel.com\/index.php?rest_route=\/wp\/v2\/pages\/599","targetHints":{"allow":["GET"]}}],"collection":[{"href":"https:\/\/camaratravel.com\/index.php?rest_route=\/wp\/v2\/pages"}],"about":[{"href":"https:\/\/camaratravel.com\/index.php?rest_route=\/wp\/v2\/types\/page"}],"author":[{"embeddable":true,"href":"https:\/\/camaratravel.com\/index.php?rest_route=\/wp\/v2\/users\/1"}],"replies":[{"embeddable":true,"href":"https:\/\/camaratravel.com\/index.php?rest_route=%2Fwp%2Fv2%2Fcomments&post=599"}],"version-history":[{"count":4,"href":"https:\/\/camaratravel.com\/index.php?rest_route=\/wp\/v2\/pages\/599\/revisions"}],"predecessor-version":[{"id":1641,"href":"https:\/\/camaratravel.com\/index.php?rest_route=\/wp\/v2\/pages\/599\/revisions\/1641"}],"wp:attachment":[{"href":"https:\/\/camaratravel.com\/index.php?rest_route=%2Fwp%2Fv2%2Fmedia&parent=599"}],"curies":[{"name":"wp","href":"https:\/\/api.w.org\/{rel}","templated":true}]}}