{"id":597,"date":"2023-10-06T00:10:40","date_gmt":"2023-10-06T00:10:40","guid":{"rendered":"https:\/\/camaratravel.com\/?page_id=597"},"modified":"2023-11-08T05:04:33","modified_gmt":"2023-11-08T05:04:33","slug":"mega-europa","status":"publish","type":"page","link":"https:\/\/camaratravel.com\/?page_id=597","title":{"rendered":"Mega Europa"},"content":{"rendered":"\n<div class=\"wp-block-cover is-light\" style=\"padding-top:var(--wp--preset--spacing--80);padding-bottom:var(--wp--preset--spacing--80);min-height:50px;aspect-ratio:unset;\"><span aria-hidden=\"true\" class=\"wp-block-cover__background has-vivid-green-cyan-background-color has-background-dim-100 has-background-dim\"><\/span><div class=\"wp-block-cover__inner-container is-layout-flow wp-block-cover-is-layout-flow\">\n<p class=\"has-text-align-center has-large-font-size\"><\/p>\n<\/div><\/div>\n\n\n\n<figure class=\"wp-block-image aligncenter\"><img decoding=\"async\" src=\"https:\/\/one.cdnmega.com\/images\/viajes\/covers\/banner1024-mega-mt-12017-mega-europa_64f1194d0a57e.webp\" alt=\"\"\/><\/figure>\n\n\n\n<p>MT-12017 Mega Europa<\/p>\n\n\n\n<p><strong>Ciudades Visitadas:<\/strong>&nbsp;Espa\u00f1a, Francia, Suiza, Italia<\/p>\n\n\n\n<p><strong>Duraci\u00f3n:<\/strong>&nbsp;17 D\u00edas y 15 Noches<\/p>\n\n\n\n<p><strong>Desde:<\/strong>1399 USD + 750 Imp<\/p>\n\n\n\n<p><strong>Fecha(s) de salida:<\/strong><\/p>\n\n\n\n<p><br>Noviembre: 02, 18, 19, 24, 25, 26, 27<br>Diciembre: 08<\/p>\n\n\n\n<h3 class=\"wp-block-heading\">Salidas para el a\u00f1o 2024<\/h3>\n\n\n\n<p>Marzo: 06, 13, 20<br>Abril: 03, 06, 13, 20<br>Mayo: 04, 10, 11<br>Agosto: 17, 31<br>Septiembre: 07, 21, 28<br>Octubre: 05, 12, 26<br>Noviembre: 02, 09, 17, 23, 30<br>Diciembre: 07<\/p>\n\n\n\n<p><strong>Vigencia:<\/strong>&nbsp;Precios vigentes hasta el 10\/05\/2024<\/p>\n\n\n\n<p><strong>Aerolinea<\/strong><\/p>\n\n\n\n<h5 class=\"wp-block-heading\">INCLUYE VUELO<\/h5>\n\n\n\n<figure class=\"wp-block-image\"><img decoding=\"async\" src=\"https:\/\/one.cdnmega.com\/images\/aerolineas\/iata\/AM.png\" alt=\"Aeromexico\"\/><\/figure>\n\n\n\n<figure class=\"wp-block-image\"><img decoding=\"async\" src=\"https:\/\/one.cdnmega.com\/images\/aerolineas\/iata\/IB.png\" alt=\"Iberia\"\/><\/figure>\n\n\n\n<figure class=\"wp-block-image\"><img decoding=\"async\" src=\"https:\/\/one.cdnmega.com\/images\/aerolineas\/iata\/AV.png\" alt=\"Avianca\"\/><\/figure>\n\n\n\n<h3 class=\"wp-block-heading\">Itinerario<\/h3>\n\n\n\n<p><strong>D\u00cdA 01 M\u00c9XICO \u2013 MADRID&nbsp;<\/strong><br>Presentarse en el aeropuerto de la Ciudad de M\u00e9xico 3hrs. antes de la salida del vuelo trasatl\u00e1ntico con destino la Ciudad de Madrid. Noche a bordo.&nbsp;<\/p>\n\n\n\n<p><strong>D\u00cdA 02 MADRID<\/strong><br>Llegada al aeropuerto internacional Adolfo Su\u00e1rez Madrid &#8211; Barajas. Recepci\u00f3n y traslado al hotel. Alojamiento. &nbsp;<\/p>\n\n\n\n<p><strong>D\u00cdA 03 MADRID<\/strong><br>Desayuno, salida para realizar city tour panor\u00e1mico por la ciudad de Madrid, una de las ciudades m\u00e1s animadas en toda Europa, donde se. Visitar\u00e1 sitios importantes como la Plaza Espa\u00f1a, la Gran V\u00eda, la Fuente de la Cibeles, la Puerta de Alcal\u00e1, la famosa plaza de toros de las Ventas, etc. Despu\u00e9s, continuando por la zona moderna, finalizar\u00e1n en el Madrid de los Austrias. Encantos como la Plaza Mayor y la Plaza de Oriente dar\u00e1n un espl\u00e9ndido fin a este recorrido por la capital de Espa\u00f1a.&nbsp;<br>Tarde libre para disfrutar de alguna excursi\u00f3n opcional. Alojamiento.<\/p>\n\n\n\n<ul class=\"wp-block-list\">\n<li><strong>Opcional: &nbsp;Ciudad Imperial de Toledo<\/strong><br>Situada a 70 km de Madrid, es conocida como la \u201cCiudad Patrimonio de la Humanidad\u201d. Es una ciudad-museo de granbelleza art\u00edstica y una de las m\u00e1s antiguas de Europa, denominada tambi\u00e9n \u201cCiudad de las Tres Culturas\u201d, ya que en ellaconvivieron cristianos, musulmanes y jud\u00edos. Sus edificios abarcan pr\u00e1cticamente todos los per\u00edodos de la historia (\u00e1rabe,g\u00f3tico, mud\u00e9jar, renacentista y barroco).<\/li>\n<\/ul>\n\n\n\n<p><strong>D\u00cdA 04 MADRID \u2013 BURGOS \u2013 BURDEOS&nbsp;<\/strong><br>Desayuno. salida a primera hora de la ma\u00f1ana. Viajaremos hacia el norte de Espa\u00f1a pasando por las regiones del Pa\u00eds Vasco, en el camino realizaremos una breve visita panor\u00e1mica a la ciudad de burgos, provincia aut\u00f3noma perteneciente a la comunidad de castilla y leon, resalta su arquitectura medieval intacta y contando con lugares reconocidos como la catedral de santa mar\u00eda, de estilo franc\u00e9s g\u00f3tico, cuyas puertas principales est\u00e1 flanqueada por campanarios ornamentados. Continuaremos nuestro recorrido en direcci\u00f3n a la ciudad de Burdeos. Llegada a Burdeos y breve visita panor\u00e1mica. Nuestro recorrido comenzara en el place de la Bource, seguiremos por la fuente de las tres gracias, su parlamento y La Miroir d&#8217;eaur, la fuente reflectante m\u00e1s grande del mundo. &nbsp;Resto de la tarde libre. Alojamiento.&nbsp;<\/p>\n\n\n\n<p><strong>D\u00cdA 05 BURDEOS \u2013 BLOIS \u2013 PAR\u00cdS&nbsp;<\/strong><br>Desayuno, salida en direcci\u00f3n a la ciudad de Paris, realizando en el camino una breve parada en Blois, ciudad emblem\u00e1tica por su bello castillo. Disfrutaremos del encanto de una de las ciudades m\u00e1s impresionantes que componen la Regi\u00f3n del Valle del Loira, conocida por su belleza y esplendores sin igual El castillo de Blois, declarado patrimonio de la Humanidad por la Unesco es considerado como uno de los m\u00e1s importantes de la regi\u00f3n. Tras el tiempo libre continuaremos hasta Par\u00eds, conocida como la \u201cCiudad de la Luz\u201d, Llegada y alojamiento.&nbsp;<\/p>\n\n\n\n<p><strong>D\u00cdA 06 PAR\u00cdS&nbsp;<\/strong><br>Desayuno. &nbsp;City tour panor\u00e1mico para recorrer la \u201cCiudad del Amor\u201d visitando sus lugares m\u00e1s emblem\u00e1ticos, cruzando por la Avenida de los Campos El\u00edseos, la Plaza de la Concordia, el Arco del Triunfo, la Asamblea Nacional, la \u00d3pera, el Museo del Louvre, los Inv\u00e1lidos, el Campo de Marte, la Torre Eiffel, etc.&nbsp;<br>Tarde libre o posibilidad de realizar alguna excursi\u00f3n opcional. Alojamiento.<\/p>\n\n\n\n<ul class=\"wp-block-list\">\n<li><strong>Opcional: Paseo Panor\u00e1mico en Barco por el R\u00edo Sena con Barrio Latino y Montmartre<\/strong><br>Este rom\u00e1ntico crucero le ofrecer\u00e1 descubrir majestuosos monumentos parisinos como la Torre Eiffel, Pont de l&#8217;Alma, Mus\u00e9e d&#8217;Orsay y el museo del Louvre y admirar las vistas m\u00e1s grandiosas de Par\u00eds. Continuaremos hasta el vibrante y ecl\u00e9ctico Barrio Latino. pasearemos por calles empedradas bordeadas de extravagantes librer\u00edas y animados caf\u00e9s. Caminaremos hacia el coraz\u00f3n de La Ciudad de las Luces a trav\u00e9s de las islas de Par\u00eds. D\u00f3nde podremos observar su arquitectura medieval, las espl\u00e9ndidas mansiones renacentistas, las calles tranquilas y las hermosas orillas del r\u00edo Sena. Tendremos tiempo libre y continuaremos en direcci\u00f3n a Montmartre, donde tendremos tiempo para visitar la Bas\u00edlica del Sagrado Coraz\u00f3n de Par\u00eds. Descubriremos d\u00f3nde viv\u00edan los artistas como de Picasso, Toulouse-Lautrec y Van Gogh. y disfruta del atardecer en la colina del sacre coeur.<\/li>\n<\/ul>\n\n\n\n<p><strong>D\u00cdA 07 PAR\u00cdS&nbsp;<\/strong><br>Desayuno. &nbsp;D\u00eda libre para realizar actividades personales o tener la posibilidad de realizar una excursi\u00f3n opcional. Alojamiento.<\/p>\n\n\n\n<ul class=\"wp-block-list\">\n<li><strong>Opcional a la ciudad de Brujas:<\/strong><br>Una de las perlas de la arquitectura europea. El casco hist\u00f3rico preservando edificios fabulosos del siglo 12 que embellecen las orillas de los numerosos canales est\u00e1 incluido en la Lista del Patrimonio Mundial de la UNESCO. El edificio m\u00e1s destacado que puede ver contra el encaje de estrechas calles medievales y canales es el asombroso el Campanario de Brujas. Situada en un cruce de rutas comerciales entre el norte europeo y el Mediterr\u00e1neo, la ciudad sigue siendo famosa por sus tejidos y, por supuesto, por la sabros\u00edsima cerveza belga. Despu\u00e9s de la visita volvemos al hotel en Par\u00eds.<\/li>\n<\/ul>\n\n\n\n<p><strong>D\u00cdA 08 PAR\u00cdS \u2013 LUCERNA \u2013 Z\u00daRICH&nbsp;<\/strong><br>Desayuno. &nbsp;A primera hora de la ma\u00f1ana salida para llegar a la frontera con Suiza. Pasando por la ciudad de Basilea llegaremos a la ciudad de Lucerna. En Lucerna hacemos una breve visita a la ciudad para gozar de su arquitectura medieval bien preservada. El recorrido empieza en el Puente peatonal de Spreuer, uno de los dos puentes cubiertos de madera en la ciudad. Veremos tambi\u00e9n la Iglesia Jesuita, el otro puente de madera cubierto peatonal de Kapellbr\u00fccke cruzando el r\u00edo Reuss diagonalmente. Al pasar por el puente seguiremos andando a la Iglesia de Santo Leodegario. Despu\u00e9s del recorrido seguimos a Z\u00farich, la ciudad m\u00e1s grande de Suiza y la capital del cant\u00f3n de Z\u00farich situada al norte de la parte central del pa\u00eds. Realizaremos un city tour panor\u00e1mico por la ciudad y nos alojaremos en nuestro hotel.<\/p>\n\n\n\n<p><strong>D\u00cdA 09 Z\u00daRICH \u2013 VERONA \u2013 VENECIA&nbsp;<\/strong><br>Desayuno Desayuno. Tomaremos EL camino en direcci\u00f3n a la frontera de Suiza con Italia. Al cruzar la frontera pasaremos por las proximidades de Mil\u00e1n y llegamos a la antigua ciudad de Verona. Nuestra parada est\u00e1 en la parte moderna de Verona, tendremos tiempo libre. Despu\u00e9s seguimos hacia Venecia y nos alojamos en nuestro hotel.<\/p>\n\n\n\n<p><strong>D\u00cdA 10 VENECIA \u2013&nbsp;ROMA&nbsp;<\/strong><br>Desayuno. Nos dejaremos maravillar por la ciudad de las 118 islas y sus m\u00e1s de 400 puentes, cuyas caracter\u00edsticas la convierten en \u00fanica y exclusiva catalogada como patrimonio de la humanidad por la UNESCO, Recorrer\u00e1n el Puente de los Suspiros y la Plaza de San Marcos, con su incomparable escenario donde destaca la Bas\u00edlica, joya de la arquitectura. Tiempo libre. Seguiremos nuestro recorrido en direcci\u00f3n a Roma. Alojamiento.<\/p>\n\n\n\n<ul class=\"wp-block-list\">\n<li><strong>Opcional: G\u00f3ndola con serenata musical.<\/strong><\/li>\n<\/ul>\n\n\n\n<p><strong>D\u00cdA 11 ROMA&nbsp;<\/strong><br>Desayuno Realizaremos el city tour panor\u00e1mico, donde admiraremos la inconfundible figura del Anfiteatro Flavio, m\u00e1s conocido como \u201cEl Coliseo\u201d. Pasaremos tambi\u00e9n por el Circo M\u00e1ximo y la Bas\u00edlica patriarcal de Santa Mar\u00eda la Mayor. A continuaci\u00f3n, atravesando el r\u00edo T\u00edber, llegaremos al Vaticano.&nbsp;<br>Tarde libre para poder realizar actividades opcionales. Alojamiento.<\/p>\n\n\n\n<ul class=\"wp-block-list\">\n<li><strong>Opcional: Museo del Vaticano y la Capilla Sixtina<\/strong><br>Por la ma\u00f1ana, al Estado m\u00e1s peque\u00f1o del mundo con apenas 44 hect\u00e1reas, pero con un patrimonio cultural universal inconmensurable. Esta visita nos llevar\u00e1 por la grandeza de los Museos Vaticanos (con entrada preferente) hasta llegar a la Capilla Sixtina. Con un inmenso sentimiento, admirar\u00e1n los dos momentos de Miguel \u00c1ngel: la B\u00f3veda (con 33 a\u00f1os) y el Juicio Final (ya con 60 a\u00f1os). Y respetando el riguroso silencio, simplemente se dejar\u00e1n llevar. Continuar\u00e1n hacia la Bas\u00edlica de San Pedro, donde solo estando en su interior comprender\u00e1n su grandiosidad. Les recibir\u00e1 Miguel \u00c1ngel, en este caso como escultor, con la Piedad. No estar\u00e1 ausente el gran maestro Bernini y su famoso Baldaquino en el Altar Mayor, protegido por la obra cumbre de Miguel \u00c1ngel, ahora como arquitecto, la enorme C\u00fapula de la Bas\u00edlica.&nbsp;<\/li>\n<\/ul>\n\n\n\n<p><strong>D\u00cdA 12 ROMA&nbsp;<\/strong><br>Desayuno. D\u00eda libre para realizar actividades personales o tener la posibilidad de realizar una excursi\u00f3n opcional. Alojamiento.<\/p>\n\n\n\n<ul class=\"wp-block-list\">\n<li><strong>Opcional: de d\u00eda completo a N\u00e1poli \u2013 Pompeya \u2013 Castel Gandolfo \u2013 Lago Albano.&nbsp;<\/strong><br>Saldremos a la ciudad de N\u00e1poli donde tendremos una visita panor\u00e1mica. Durante esta visita veremos el casco hist\u00f3rico de la ciudad que est\u00e1 incluido en la Lista del Patrimonio Cultural de la UNESCO. Los sitios principales son La Plaza del Plebicito, El Palacio Real, El Castillo Huevo y otros. Despu\u00e9s visitaremos las ruinas Pompeya, la antigua ciudad sepultada tras la erupci\u00f3n del volcano Vesubio con sus calles, talleres y casas preservadas, as\u00ed como funcionaban hace dos mil a\u00f1os. A la vuelta veremos Castel Gandolfo \u2013 un complejo de edificios de los siglos 17-18 construidos por varios papas para ser su residencia. Hoy d\u00eda el palacio sigue siendo la residencia del papa durante el verano \/la entrada no est\u00e1 incluida\/. Castel Gandolfo est\u00e1 situado en las orillas del Lago Albano &#8211; un peque\u00f1o, pero muy pintoresco lago volc\u00e1nico lleno de leyendas e historias curiosas. Esta excursi\u00f3n ocupar\u00e1 todo el d\u00eda. Al terminar volveremos al hotel en Roma.<\/li>\n<\/ul>\n\n\n\n<p><strong>D\u00cdA 13 ROMA \u2013 FLORENCIA&nbsp;<\/strong><br>Desayuno. Despu\u00e9s del desayuno, salida en direcci\u00f3n a Florencia, una ciudad en el centro de Italia y capital de la regi\u00f3n de Toscana. City tour panor\u00e1mico por esta inigualable ciudad donde el arte le sorprender\u00e1 a cada paso. Recorreremos la Plaza de San Marcos, pasando por delante de la Galer\u00eda de la Academia y llegando al Mercado de la Paja. Contemplaremos la combinaci\u00f3n de hermosos m\u00e1rmoles en la fachada de la Catedral Santa Mar\u00eda del Fiore y su inconfundible Campanario de Giotto. Tambi\u00e9n disfrutaremos del Baptisterio y sus c\u00e9lebres Puertas del Para\u00edso. Nos asomaremos al conocido Ponte Vecchio y llegar\u00e1n hasta la Plaza de la Santa Croce para admirar la Bas\u00edlica franciscana del mismo nombre realizar actividades personales o tener la posibilidad de realizar una excursi\u00f3n opcional. Alojamiento.<\/p>\n\n\n\n<p><strong>D\u00cdA 14 FLORENCIA \u2013 PISA \u2013 NIZA&nbsp;<\/strong><br>Desayuno y salida con destino a Pisa. Esta ciudad es identificada siempre por su famosa Torre Inclinada, acompa\u00f1ada del bello conjunto arquitect\u00f3nico compuesto por la Catedral y Baptisterio. Despu\u00e9s del tiempo libre continuaremos en ruta para llegar a la frontera con Francia y poco despu\u00e9s a Niza, capital de la Costa Azu, visitaremos durante nuestro city tour panor\u00e1mico la catedral ortodoxa de san Nicolas, un bazar de flores. Alojamiento.<\/p>\n\n\n\n<p><strong>D\u00cdA 15&nbsp;NIZA \u2013 BARCELONA &nbsp;<\/strong><br>Desayuno y salida hacia Espa\u00f1a atravesando las regiones de La Provenza, los Alpes, la Costa Azul y la Occitania, llegar\u00e1n hasta la frontera. Entrando en Barcelona, capital cosmopolita de la regi\u00f3n Catalu\u00f1a, reconocida por su arte y arquitectura. realizar\u00e1n una breve visita de la ciudad para conocer la Sagrada Familia, dise\u00f1ada por el arquitecto espa\u00f1ol\/catal\u00e1n Antoni Gaud\u00ed, su trabajo en el edificio es Patrimonio de la humanidad por la UNESCO, la Plaza Catalu\u00f1a, el Monumento a Col\u00f3n, la Plaza de Espa\u00f1a, la rambla, una calle peatonal que se extiende por 1.2 km, casa Batlo, un edificio en el centro de Barcelona, dise\u00f1ado por Antoni Gaud\u00ed, Alojamiento.&nbsp;<\/p>\n\n\n\n<p><strong>D\u00cdA 16 BARCELONA \u2013 ZARAGOZA \u2013 MADRID &nbsp;<\/strong><br>Desayuno y salida hacia Zaragoza, donde realizar\u00e1n una breve parada para admirar el Templo Mariano m\u00e1s antiguo de la cristiandad: la Bas\u00edlica de Nuestra Se\u00f1ora del Pilar, que forma parte de la enorme plaza del mismo nombre. Continuar\u00e1n hacia Madrid. Llegada y alojamiento. &nbsp;<\/p>\n\n\n\n<ul class=\"wp-block-list\">\n<li><strong>Opcional: Cena en un restaurante t\u00edpico espa\u00f1ol con espect\u00e1culo de flamenco.<\/strong><br>Visitar Espa\u00f1a y no probar la comida t\u00edpica como por ejemplo las tapas; irse de Espa\u00f1a sin haber visto en vivo el famoso flamenco y sin haber sentido su aliento ardiente abrazador, no podemos dejar que pase esto con usted. Por tanto, le invitamos a uno de los mejores restaurantes con cena t\u00edpica y espect\u00e1culo de flamenco en Madrid.<\/li>\n<\/ul>\n\n\n\n<p><strong>D\u00cdA 17 MADRID \u2013 M\u00c9XICO&nbsp;<\/strong><br>Desayuno. A la hora indicada se dar\u00e1 el traslado al aeropuerto para tomar el vuelo con destino la ciudad de M\u00e9xico.<strong>&nbsp;&nbsp;&nbsp;&nbsp;&#8230;FIN DE NUESTROS SERVICIOS<\/strong><\/p>\n\n\n\n<p>Precios y Hoteles:<\/p>\n\n\n\n<figure class=\"wp-block-table\"><table><tbody><tr><td colspan=\"5\"><strong>SALIDAS 2023<\/strong><\/td><\/tr><tr><td><strong>CATEGOR\u00cdA<\/strong><\/td><td><strong>TRIPLE<\/strong><\/td><td><strong>DOBLE<\/strong><\/td><td><strong>SGL<\/strong><\/td><td><strong>MNR<\/strong><\/td><\/tr><tr><td>Turista<\/td><td>$ 1,399<\/td><td>$ 1,399<\/td><td>$ 2,079<\/td><td>$ 1,099<\/td><\/tr><tr><td colspan=\"5\"><strong>SALIDAS 2024<\/strong><\/td><\/tr><tr><td><strong>CATEGOR\u00cdA<\/strong><\/td><td><strong>TRIPLE<\/strong><\/td><td><strong>DOBLE<\/strong><\/td><td><strong>SGL<\/strong><\/td><td><strong>MNR<\/strong><\/td><\/tr><tr><td>Turista<\/td><td>$1,499<\/td><td>$1,499<\/td><td>$2,179<\/td><td>$1,199<\/td><\/tr><\/tbody><\/table><\/figure>\n\n\n\n<p><small>\u2013&nbsp;Este paquete esta basado en hoteles turista 3*, si esta interesado en una mejor categor\u00eda, favor de consultar nuestra secci\u00f3n de programas premium o regulares.<\/small><\/p>\n\n\n\n<p><strong>IMPUESTOS Y SUPLEMENTOS<\/strong><\/p>\n\n\n\n<figure class=\"wp-block-table\"><table><tbody><tr><td colspan=\"2\"><strong>SALIDAS 2023&nbsp;IMPUESTOS Y SUPLEMENTOS<\/strong><\/td><\/tr><tr><td>Impuestos A\u00e9reos<\/td><td>$ 750<\/td><\/tr><tr><td>Noviembre 02, 24, 25, 26<\/td><td>$ 199<\/td><\/tr><tr><td>Noviembre: 18, 19, 27<\/td><td>$ 299<\/td><\/tr><tr><td>Diciembre 08<\/td><td>$ 450<\/td><\/tr><tr><td colspan=\"4\"><strong>SALIDAS 2024 IMPUESTOS Y SUPLEMENTOS<\/strong><\/td><\/tr><tr><td>Impuestos a\u00e9reos<\/td><td>$799<\/td><\/tr><tr><td>Noviembre 17<\/td><td>Sin suplementos<\/td><\/tr><tr><td>Noviembre 02, 09<\/td><td>$ 199<\/td><\/tr><tr><td>Abril 03, 13, 20<br>Mayo 04<br>Septiembre 07, 21, 28<br>Octubre 05, 12, 26<br>Noviembre 23<\/td><td>$ 299<\/td><\/tr><tr><td>Marzo 06, 13, 20<br>Abril 06<br>Mayo 10, 11<br>Agosto 17, 31<br>Noviembre 30<br>Diciembre 07<\/td><td>$ 399<\/td><\/tr><\/tbody><\/table><\/figure>\n\n\n\n<p>\u2013 Precios indicados en USD, pagaderos en Moneda Nacional al tipo de cambio del d\u00eda.<br>\u2013 Los precios indicados en este itinerario son de car\u00e1cter informativo y deben ser confirmados para realizar su reservaci\u00f3n ya que est\u00e1n sujetos a modificaciones sin previo aviso.<br>\u2013&nbsp;El precio de menor se considera entre 2 a 11 a\u00f1os y aplica solo compartiendo habitaci\u00f3n con 2 adultos. La habitaci\u00f3n lleva una cama supletoria (rollaway bed), si el menor tiene m\u00e1s de 2 a\u00f1os al regreso del viaje, ya paga boleto de avi\u00f3n, favor de consultar con su ejecutivo.<br>\u2013 *Salidas inician por Barcelona, favor de consultar con su ejecutivo.<\/p>\n\n\n\n<figure class=\"wp-block-table\"><table><tbody><tr><td colspan=\"4\"><strong>HOTELES PREVISTOS O SIMILARES<\/strong><\/td><\/tr><tr><td><strong>PA\u00cdS<\/strong><\/td><td><strong>CIUDAD<\/strong><\/td><td><strong>HOTEL<\/strong><\/td><td><strong>TIPO<\/strong><\/td><\/tr><tr><td>Espa\u00f1a<\/td><td>Madrid<\/td><td>Hotel Via Castellana, Praga , Silken Puerta O Similar<\/td><td>Turista<\/td><\/tr><tr><td rowspan=\"2\">Francia<\/td><td>Burdeos<\/td><td>Hotel B&amp;b Bassins A Flot, Du Phare, Kyriad Est Lormont O Similar<\/td><td>Turista<\/td><\/tr><tr><td>Paris<\/td><td>Hotel Ibis Porte D\u2019italie,B&amp;b Hotel Paris 17 Batignolles,Comfort Hotel Porte D&#8217;ivry O Similar<\/td><td>Turista<\/td><\/tr><tr><td>Suiza<\/td><td>Z\u00farich<\/td><td>Hotel Ibis Messe Airport, Jet Hotel , B&amp;b Wallisellen O Similar<\/td><td>Turista<\/td><\/tr><tr><td rowspan=\"3\">Italia<\/td><td>Venecia<\/td><td>Lh Hotel Sirio Venice, Four Points Sheraton,Novotel Venece Mestre Castellana O Similar<\/td><td>Turista<\/td><\/tr><tr><td>Florencia<\/td><td>Hotel Mirage, Datini,west Hotel O Similar<\/td><td>Turista<\/td><\/tr><tr><td>Roma<\/td><td>Hotel Ibis Vintage,grand Hotel Fleminig, Campannelle Appia Antica O Similar<\/td><td>Turista<\/td><\/tr><tr><td>Francia<\/td><td>Niza<\/td><td>Hotel Campanile Nice, B&amp;b Nice Airport,ibis Antibes O Similar<\/td><td>Turista<\/td><\/tr><tr><td rowspan=\"2\">Espa\u00f1a<\/td><td>Barcelona<\/td><td>Hotel Frontair Congress,exe Campus, B&amp;b Sant Cugat O Similar<\/td><td>Turista<\/td><\/tr><tr><td>Madrid<\/td><td>Hotel Asset Trojen, Eurostars I Hotel, Zleep MadridO Similar<\/td><td>Turista<\/td><\/tr><tr><td colspan=\"4\">\u00c9sta es la relaci\u00f3n de los hoteles utilizados m\u00e1s frecuentemente en este circuito. Reflejada tan s\u00f3lo a efectos indicativos, pudiendo ser el pasajero alojado en establecimientos similares o alternativos<\/td><\/tr><\/tbody><\/table><\/figure>\n\n\n\n<p>El paquete incluye<\/p>\n\n\n\n<ul class=\"wp-block-list\">\n<li>BOLETO DE AVI\u00d3N M\u00c9XICO \u2013 MADRID \u2013 M\u00c9XICO VOLANDO EN CLASE TURISTA CON AEROM\u00c9XICO O IBERIA<\/li>\n\n\n\n<li>15 NOCHES DE ALOJAMIENTO EN CATEGORIA INDICADA.<\/li>\n\n\n\n<li>DESAYUNOS DE ACUERDO A ITINERARIO<\/li>\n\n\n\n<li>VISITAS SEG\u00daN ITINERARIO.<\/li>\n\n\n\n<li>GUIA PROFESIONAL DE HABLA HISPANA<\/li>\n\n\n\n<li>TRASLADOS LOS INDICADOS.<\/li>\n\n\n\n<li>TRANSPORTE EN AUTOCAR TURISTICO.<\/li>\n\n\n\n<li>DOCUMENTOS ELECTRONICOS CODIGO QR (EMPRESA SOCIALMENTE RESPONSABLE CON EL MEDIO AMBIENTE).<\/li>\n<\/ul>\n\n\n\n<p>El paquete no incluye:<\/p>\n\n\n\n<ul class=\"wp-block-list\">\n<li>ALIMENTOS ,GASTOS DE INDOLE PERSONAL<\/li>\n\n\n\n<li>2023 PROPINA SUGERIDA DE 65 EUR POR PERSONA. (SE PAGA DIRECTO EN DESTINO<\/li>\n\n\n\n<li>NING\u00daN SERVICIO NO ESPEC\u00cdFICADO.<\/li>\n\n\n\n<li>TODAS LAS EXCURSIONES QUE SE MENCIONAN COMO OPCIONALES.<\/li>\n<\/ul>\n\n\n\n<p>Precios cotizados en d\u00f3lares americanos, pagaderos en Moneda Nacional al tipo de cambio del d\u00eda Los precios indicados son informativos y deben ser conformados antes de su compra ya que est\u00e1n sujetos a cambio sin previo aviso. Para obtener el costo exacto a pagar a tipo de cambio del d\u00eda, comun\u00edquese con nosotros. Consulte impuestos y suplementos.<\/p>\n","protected":false},"excerpt":{"rendered":"<p>MT-12017 Mega Europa Ciudades Visitadas:&nbsp;Espa\u00f1a, Francia, Suiza, Italia Duraci\u00f3n:&nbsp;17 D\u00edas y 15 Noches Desde:1399 USD + 750 Imp Fecha(s) de salida: Noviembre: 02, 18, 19, 24, 25, 26, 27Diciembre: 08 Salidas para el a\u00f1o 2024 Marzo: 06, 13, 20Abril: 03, 06, 13, 20Mayo: 04, 10, 11Agosto: 17, 31Septiembre: 07, 21, 28Octubre: 05, 12, 26Noviembre: 02, [&hellip;]<\/p>\n","protected":false},"author":1,"featured_media":0,"parent":0,"menu_order":0,"comment_status":"closed","ping_status":"closed","template":"","meta":{"om_disable_all_campaigns":false,"_monsterinsights_skip_tracking":false,"_monsterinsights_sitenote_active":false,"_monsterinsights_sitenote_note":"","_monsterinsights_sitenote_category":0,"site-sidebar-layout":"default","site-content-layout":"","ast-site-content-layout":"default","site-content-style":"default","site-sidebar-style":"default","ast-global-header-display":"","ast-banner-title-visibility":"","ast-main-header-display":"","ast-hfb-above-header-display":"","ast-hfb-below-header-display":"","ast-hfb-mobile-header-display":"","site-post-title":"disabled","ast-breadcrumbs-content":"","ast-featured-img":"","footer-sml-layout":"","ast-disable-related-posts":"","theme-transparent-header-meta":"","adv-header-id-meta":"","stick-header-meta":"","header-above-stick-meta":"","header-main-stick-meta":"","header-below-stick-meta":"","astra-migrate-meta-layouts":"set","ast-page-background-enabled":"default","ast-page-background-meta":{"desktop":{"background-color":"","background-image":"","background-repeat":"repeat","background-position":"center center","background-size":"auto","background-attachment":"scroll","background-type":"","background-media":"","overlay-type":"","overlay-color":"","overlay-opacity":"","overlay-gradient":""},"tablet":{"background-color":"","background-image":"","background-repeat":"repeat","background-position":"center center","background-size":"auto","background-attachment":"scroll","background-type":"","background-media":"","overlay-type":"","overlay-color":"","overlay-opacity":"","overlay-gradient":""},"mobile":{"background-color":"","background-image":"","background-repeat":"repeat","background-position":"center center","background-size":"auto","background-attachment":"scroll","background-type":"","background-media":"","overlay-type":"","overlay-color":"","overlay-opacity":"","overlay-gradient":""}},"ast-content-background-meta":{"desktop":{"background-color":"var(--ast-global-color-5)","background-image":"","background-repeat":"repeat","background-position":"center center","background-size":"auto","background-attachment":"scroll","background-type":"","background-media":"","overlay-type":"","overlay-color":"","overlay-opacity":"","overlay-gradient":""},"tablet":{"background-color":"var(--ast-global-color-5)","background-image":"","background-repeat":"repeat","background-position":"center center","background-size":"auto","background-attachment":"scroll","background-type":"","background-media":"","overlay-type":"","overlay-color":"","overlay-opacity":"","overlay-gradient":""},"mobile":{"background-color":"var(--ast-global-color-5)","background-image":"","background-repeat":"repeat","background-position":"center center","background-size":"auto","background-attachment":"scroll","background-type":"","background-media":"","overlay-type":"","overlay-color":"","overlay-opacity":"","overlay-gradient":""}},"footnotes":""},"class_list":["post-597","page","type-page","status-publish","hentry"],"aioseo_notices":[],"_links":{"self":[{"href":"https:\/\/camaratravel.com\/index.php?rest_route=\/wp\/v2\/pages\/597","targetHints":{"allow":["GET"]}}],"collection":[{"href":"https:\/\/camaratravel.com\/index.php?rest_route=\/wp\/v2\/pages"}],"about":[{"href":"https:\/\/camaratravel.com\/index.php?rest_route=\/wp\/v2\/types\/page"}],"author":[{"embeddable":true,"href":"https:\/\/camaratravel.com\/index.php?rest_route=\/wp\/v2\/users\/1"}],"replies":[{"embeddable":true,"href":"https:\/\/camaratravel.com\/index.php?rest_route=%2Fwp%2Fv2%2Fcomments&post=597"}],"version-history":[{"count":4,"href":"https:\/\/camaratravel.com\/index.php?rest_route=\/wp\/v2\/pages\/597\/revisions"}],"predecessor-version":[{"id":1635,"href":"https:\/\/camaratravel.com\/index.php?rest_route=\/wp\/v2\/pages\/597\/revisions\/1635"}],"wp:attachment":[{"href":"https:\/\/camaratravel.com\/index.php?rest_route=%2Fwp%2Fv2%2Fmedia&parent=597"}],"curies":[{"name":"wp","href":"https:\/\/api.w.org\/{rel}","templated":true}]}}