{"id":593,"date":"2023-10-06T00:07:18","date_gmt":"2023-10-06T00:07:18","guid":{"rendered":"https:\/\/camaratravel.com\/?page_id=593"},"modified":"2023-11-08T05:12:15","modified_gmt":"2023-11-08T05:12:15","slug":"tour-de-francia","status":"publish","type":"page","link":"https:\/\/camaratravel.com\/?page_id=593","title":{"rendered":"Tour de Francia"},"content":{"rendered":"\n<div class=\"wp-block-cover is-light\" style=\"padding-top:var(--wp--preset--spacing--80);padding-bottom:var(--wp--preset--spacing--80);min-height:50px;aspect-ratio:unset;\"><span aria-hidden=\"true\" class=\"wp-block-cover__background has-vivid-green-cyan-background-color has-background-dim-100 has-background-dim\"><\/span><div class=\"wp-block-cover__inner-container is-layout-flow wp-block-cover-is-layout-flow\">\n<p class=\"has-text-align-center has-large-font-size\"><\/p>\n<\/div><\/div>\n\n\n\n<p>MT-12370 Tour de Francia<\/p>\n\n\n\n<p><strong>Ciudades Visitadas:<\/strong>&nbsp;Francia<\/p>\n\n\n\n<figure class=\"wp-block-image\"><img decoding=\"async\" src=\"https:\/\/one.cdnmega.com\/images\/viajes\/covers\/37-tour-de-francia-1024x575_651e02d921f17.webp\" alt=\"\"\/><\/figure>\n\n\n\n<p><strong>Duraci\u00f3n:<\/strong>&nbsp;11 D\u00edas y 9 Noches<\/p>\n\n\n\n<p><strong>Desde:<\/strong>999 USD + 799 Imp<\/p>\n\n\n\n<p><strong>Fecha(s) de salida:<\/strong><\/p>\n\n\n\n<h3 class=\"wp-block-heading\">Salidas para el a\u00f1o 2024<\/h3>\n\n\n\n<p>Mayo: 19, 25<br>Julio: 21<br>Agosto: 04<br>Septiembre: 15, 26<br>Octubre: 18, 29<br>Noviembre: 06<\/p>\n\n\n\n<p><strong>Vigencia:<\/strong>&nbsp;Precios vigentes hasta el 06\/11\/2024<\/p>\n\n\n\n<p><strong>Aerolinea<\/strong><\/p>\n\n\n\n<h5 class=\"wp-block-heading\">INCLUYE VUELO<\/h5>\n\n\n\n<figure class=\"wp-block-image\"><img decoding=\"async\" src=\"https:\/\/one.cdnmega.com\/images\/aerolineas\/iata\/IB.png\" alt=\"Iberia\"\/><\/figure>\n\n\n\n<p><\/p>\n\n\n\n<p>Itinerario<\/p>\n\n\n\n<p><strong>DIA 01 M\u00c9XICO \u2013 PARIS<\/strong><br>Presentarse en el aeropuerto de la Ciudad de M\u00e9xico 3hrs. antes de la salida del vuelo trasatl\u00e1ntico con destino la ciudad de Par\u00eds Noche a bordo.&nbsp;<\/p>\n\n\n\n<p><strong>DIA 02 PARIS &#8211; REIMS<\/strong><br>Llegada al aeropuerto internacional de par\u00eds donde nuestro trasladista. Continuaremos nuestro recorrido hacia la ciudad de las consagraciones y del champagne: Reims llegada al hotel. Alojamiento.<\/p>\n\n\n\n<p><strong>DIA 03 REIMS &#8211; NANCY- ESTRASBURGO<\/strong><br>Desayuno. Al finalizar el desayuno, tendremos nuestro tour panor\u00e1mico de la ciudad de Reims. La principal joya de la ciudad, La Catedral de Notre-Dame de Reims, fue el escenario de la consagraci\u00f3n de 33 reyes de Francia, entre los a\u00f1os 816 a 1825. En su interior resalta la gran claridad de la nave y las espl\u00e9ndidas vidrieras, algunas de ellas del siglo XIII. Tambi\u00e9n sorprenden las vidrieras azules de la capilla axial, dise\u00f1adas por el artista contempor\u00e1neo Marc Chagall y las magn\u00edficas estatuas de \u00e1ngeles con las alas desplegadas. El champ\u00e1n est\u00e1 incluido en la cultura y forma de vida de la ciudad, por eso se encuentran muestras de ello en todos los rincones de la ciudad. Al finalizar, continuaremos nuestro recorrido hacia la hermosa ciudad de Nancy. Esta ciudad fue la capital del ducado de Lorena hasta mediados del siglo XVIII. Su patrimonio arquitect\u00f3nico e hist\u00f3rico es excepcional, y en \u00e9l se distinguen tres grandes per\u00edodos los cuales veremos en nuestra visita panor\u00e1mica. El primero se sit\u00faa durante el Renacimiento con el Palacio Ducal y los palacetes de la ciudad vieja. El segundo fue durante el siglo XVIII fruto del cual hay un conjunto arquitect\u00f3nico barroco impresionante incluido en el Patrimonio Mundial por la UNESCO desde 1983 formado por la plaza Stanislas, la plaza de la Carri\u00e8re y la plaza d\u2019Alliance. Y el tercero fue a principios del siglo XX justo con el desarrollo del art nouveau.&nbsp;Esta ciudad lorenesa fue una de las principales cunas europeas de este estilo gracias a artistas reconocidos internacionalmente reunidos en la Escuela de Nancy. Al finalizar el recorrido saldremos rumbo a la ciudad con encanto medieval y coloridos paisajes: Estrasburgo. Alojamiento.&nbsp;<\/p>\n\n\n\n<p><strong>DIA 4 ESTRASBURGO<\/strong><br>Desayuno. Luego de desayunar, tendremos la visita panor\u00e1mica de Estrasburgo, la bella capital alsaciana en el centro de Europa. A pesar de las guerras, Estrasburgo ha podido preservar un patrimonio de una excepcional diversidad, representativo de la evoluci\u00f3n de la ciudad desde la \u00e9poca Romana hasta nuestros d\u00edas. Con su amplio centro peatonal, la dulzura de sus canales, sus barrios caracter\u00edsticos, sus numerosos parques y zonas verdes y sus tiendas de lujo, Estrasburgo se afirma como una ciudad acogedora llena de autenticidad a la par que moderna y cosmopolita.&nbsp;<br>Estrasburgo destaca como uno de los lugares m\u00e1s importantes de la cocina en Francia y en Europa. En los \u201cwinstubs\u201d, peque\u00f1as tabernas de vino t\u00edpicamente alsacianas, se prepara y degusta en cantidad los platos tradicionales, as\u00ed como los vinos de Alsacia. Adicional, aqu\u00ed se invent\u00f3 La Marsellesa, el himno nacional franc\u00e9s, pero tambi\u00e9n la bandera azul con estrellas doradas de la Uni\u00f3n Europea. Por la tarde, tendremos tiempo libre para pasear, tomar fotos o realizar una maravillosa excursi\u00f3n Opcional. alojamiento.&nbsp;<\/p>\n\n\n\n<p><strong>D\u00cdA 05 ESTRASBURGO \u2013 LYON<\/strong><br>Desayuno. Despu\u00e9s de desayunar, saldremos con rumbo a Lyon, una de las ciudades m\u00e1s importantes de Francia, su centro comercial e industrial, que ocupa el tercer lugar en t\u00e9rminos de poblaci\u00f3n. Aqu\u00ed tendremos nuestro tour panor\u00e1mico de la ciudad. Antigua capital de los galos durante el Imperio romano. A partir de la Edad Media, Lyon se convirti\u00f3 en una ciudad comercial donde las ferias ten\u00edan un gran protagonismo; m\u00e1s tarde en un centro financiero de primer orden desde el Renacimiento al final del siglo XIX. Su prosperidad econ\u00f3mica se debi\u00f3 al monopolio de la seda y despu\u00e9s a la aparici\u00f3n de industrias, sobre todo, las textiles y las qu\u00edmicas. Los gobernantes romanos Tiberio, Claudio y Caracalla, los fundadores del cine los hermanos Lumiere, el autor de El Principito Antoine de Saint-Exup\u00e9ry y muchos otros nacieron en esta ciudad. Cada calle, cada casa tiene su propia historia. No en vano, en el a\u00f1o 1998, la parte antigua de Lyon fue inscrita en la Lista del Patrimonio Mundial de la UNESCO. Al finalizar, tendremos tiempo libre para tomar fotos, pasear o realizar actividades personales. Alojamiento.<\/p>\n\n\n\n<p><strong>DIA 06 LYON &#8211; CASTILLOS DEL LOIRA<\/strong><br>Desayuno. Al finalizar el desayuno, continuaremos el viaje hacia el Valle F\u00e9rtil del Loira, tambi\u00e9n conocido como \u201cel jard\u00edn de Francia\u201d. Declarado Patrimonio de la Humanidad por la UNESCO, es una regi\u00f3n de importantes vi\u00f1edos galardonados y castillos de cuentos de hadas que se extienden a lo largo de las orillas del R\u00edo Loira. Veremos las majestuosas arquitecturas, cuidados jardines y tesoros escondidos a lo largo de un viaje apasionante a trav\u00e9s de los espl\u00e9ndidos paisajes del Valle. Cada elegante fortaleza medieval desvela cap\u00edtulos fundamentales de la historia de Francia. Alojamiento.<\/p>\n\n\n\n<p><strong>DIA 07 CASTILLOS DEL LOIRA &#8211; SAINT-MALO &#8211; MONTE SAINT-MICHEL<\/strong><br>Desayuno. Luego de desayunar, saldremos hacia Saint-Malo, ciudad cuyo pasado est\u00e1 estrechamente ligado a los piratas. Aqu\u00ed tendremos un recorrido panor\u00e1mico de la ciudad. A menudo se refieren a esta ciudad como la ciudad de los corsarios, y es que desde la \u00e9poca medieval tuvo un importante puerto por el que pasaron marineros, pero tambi\u00e9n muchos piratas que la convirtieron en un enclave rico y pr\u00f3spero. Su peor momento fue en agosto de 1944, cuando los bombardeos de la Segunda Guerra Mundial redujeron a escombros casi la totalidad de esta ciudad amurallada llena de historia. S\u00f3lo las murallas se mantuvieron en pie, pero por suerte, una fant\u00e1stica reconstrucci\u00f3n nos permite hoy en d\u00eda seguir disfrutando de este precioso municipio que cuenta con una de las bah\u00edas m\u00e1s impresionantes de Francia. Al finalizar, tendremos tiempo libre para almorzar y luego saldremos con rumbo al Monte Saint-Michel, un lugar natural excepcional y Patrimonio de la Humanidad por la UNESCO, ba\u00f1ado por las mareas m\u00e1s altas de Europa. Al llegar realizaremos el check-in en el hotel y descansaremos. Alojamiento.<\/p>\n\n\n\n<p><strong>DIA 08 MONTE SAINT-MICHEL &#8211; NORMAND\u00cdA &#8211; PAR\u00cdS&nbsp;<\/strong><br>Desayuno, Al finalizar el desayuno, disfrutaremos de un paseo por las calles medievales del Monte Saint-Michel, bordeadas de encantadoras casas, restaurantes y peque\u00f1as tiendas. Tambi\u00e9n caminaremos por las altas murallas que rodean el pueblo para disfrutar de las impresionantes vistas de la bah\u00eda. A lo largo de esta muralla, son siete las torres que marcan el descubrimiento de la abad\u00eda, la cual se ubica en la punta de la monta\u00f1a. Terminando el recorrido, tendremos tiempo libre para tomar fotos y disfrutar de la hermosa naturaleza que ofrece el monte. Luego continuaremos hacia Normand\u00eda, que durante mucho tiempo fue disputada entre Francia e Inglaterra. Esta zona rural y costera es famosa por sus excelentes quesos, sidra de manzana y productos del mar. La calidad culinaria de la regi\u00f3n la convierte en una visita obligada para los amantes de la gastronom\u00eda. Ya al finalizar el d\u00eda saldremos rumbo a la \u201cciudad de las luces\u201d: Par\u00eds. Alojamiento.<\/p>\n\n\n\n<p><strong>D\u00cdA 09 &#8211; PAR\u00cdS<\/strong><br>Desayuno, Despu\u00e9s del desayuno, saldremos para recorrer la \u201cCiudad del Amor\u201d pasando por la Avenida de los Campos El\u00edseos, la Plaza de la Concordia, el Arco del Triunfo, la Asamblea Nacional, la \u00d3pera, el Museo del Louvre, los Inv\u00e1lidos, el Campo de Marte, la Torre Eiffel, etc. Tarde libre. Alojamiento. Alojamiento.<\/p>\n\n\n\n<p><strong>D\u00cdA 10 \u2013 PAR\u00cdS<\/strong><br>Desayuno. D\u00eda libre para realizar actividades personales o tener la posibilidad de realizar una excursi\u00f3n opcional. Alojamiento.<\/p>\n\n\n\n<p><strong>D\u00cdA 11 \u2013 PARIS-MEXICO<\/strong><br>Desayuno. A la hora indicada, se proceder\u00e1 con el check-out del hotel y traslado al aeropuerto internacional en Paris<strong>&nbsp;&nbsp;&nbsp;&nbsp;&#8230;FIN DE NUESTROS SERVICIOS<\/strong><\/p>\n\n\n\n<p>Precios y Hoteles:<\/p>\n\n\n\n<figure class=\"wp-block-table\"><table><tbody><tr><td><strong>CATEGORIA<\/strong><\/td><td><strong>DOBLE<\/strong><\/td><td><strong>TRIPLE<\/strong><\/td><td><strong>SGL<\/strong><\/td><td><strong>MNR<\/strong><\/td><\/tr><tr><td>Turista<\/td><td>$999<\/td><td>$999<\/td><td>$1699<\/td><td>$949<\/td><\/tr><\/tbody><\/table><\/figure>\n\n\n\n<p><strong>IMPUESTOS Y SUPLEMENTOS<\/strong><\/p>\n\n\n\n<figure class=\"wp-block-table\"><table><tbody><tr><td>Impuestos A\u00e9reos<\/td><td>$ 799<\/td><\/tr><tr><td>Noviembre: 06<\/td><td>Sin sup<\/td><\/tr><tr><td>Octubre: 29<\/td><td>$99<\/td><\/tr><tr><td>Septiembre: 26<br>Octubre: 18<\/td><td>$199<\/td><\/tr><tr><td>Mayo: 19, 26<br>Septiembre: 15<\/td><td>$299<\/td><\/tr><tr><td>Julio: 21<br>Agosto: 04<\/td><td>$499<\/td><\/tr><\/tbody><\/table><\/figure>\n\n\n\n<p>-Precios indicados en USD, pagaderos en Moneda Nacional al tipo de cambio del d\u00eda.<br>-El precio de menor se considera entre 2 a 11 a\u00f1os y aplica solo compartiendo habitaci\u00f3n con 2 adultos. La habitaci\u00f3n lleva una cama supletoria (rollaway bed), si el menor tiene m\u00e1s de 2 a\u00f1os al regreso del viaje, ya paga boleto de avi\u00f3n, favor de consultar la tarifa con su ejecutivo.<br>-Itinerario sujeto a cambio, de acuerdo con su fecha de salida.<br>-Este paquete est\u00e1 basado en hoteles turista 3*, si est\u00e1 interesado en una mejor categor\u00eda, favor de consultar nuestra secci\u00f3n de programas premium o regulares.<\/p>\n\n\n\n<figure class=\"wp-block-table\"><table><tbody><tr><td colspan=\"4\"><strong>HOTELES PREVISTOS O SIMILARES<\/strong><\/td><\/tr><tr><td><strong>HOTEL<\/strong><\/td><td><strong>CIUDAD<\/strong><\/td><td><strong>TIPO<\/strong><\/td><td><strong>PA\u00cdS<\/strong><\/td><\/tr><tr><td>Hotel Residhome Reims Centre\/ Hotel Apart&#8217;City Classic Reims Pars Des Expositions O Similar<\/td><td>Reims<\/td><td>Turista<\/td><td rowspan=\"6\">Francia<\/td><\/tr><tr><td>Hotel Ibis Styles Strasbourg Stade De La Meinau \/Hotel Cerise Strasbourg O Similar<\/td><td>Estrasburgo<\/td><td>Turista<\/td><\/tr><tr><td>Hotel B&amp;B Hotel Lyon Caluire Cit\u00e9 International \/ Hotel Ibis Lyon Sud Ouillins O Similar<\/td><td>Lyon<\/td><td>Turista<\/td><\/tr><tr><td>Hotel Kyriad Blois Nord \/ Hotel Campanile Tours Nord O Similar<\/td><td>Castillos Del Loira<\/td><td>Turista<\/td><\/tr><tr><td>Hotel Campanile Vire \/ Hotel Ibis Style Pontorson O Similar<\/td><td>Monte Saint-Michel<\/td><td>Turista<\/td><\/tr><tr><td>Hotel Ibis Paris Porte D&#8217;Orleans\/ Hotel Ibis Paris La Defense Courbevoie<\/td><td>Paris<\/td><td>Turista<\/td><\/tr><tr><td colspan=\"4\">\u00c9sta es la relaci\u00f3n de los hoteles utilizados m\u00e1s frecuentemente en este circuito. Reflejada tan s\u00f3lo a efectos indicativos, pudiendo ser el pasajero alojado en establecimientos similares o alternativos<\/td><\/tr><\/tbody><\/table><\/figure>\n\n\n\n<p>El paquete incluye<\/p>\n\n\n\n<ul class=\"wp-block-list\">\n<li>BOLETO DE AVI\u00d3N M\u00c9XICO \u2013 PARIS\u2013 ROMA-M\u00c9XICO VOLANDO EN CLASE TURISTA.<\/li>\n\n\n\n<li>09 NOCHES DE ALOJAMIENTO EN CATEGORIA INDICADA.<\/li>\n\n\n\n<li>DESAYUNOS DE ACUERDO A ITINERARIO<\/li>\n\n\n\n<li>VISITAS SEG\u00daN ITINERARIO.<\/li>\n\n\n\n<li>GUIA PROFESIONAL DE HABLA HISPANA<\/li>\n\n\n\n<li>TRASLADOS LOS INDICADOS.<\/li>\n\n\n\n<li>TRANSPORTE EN AUTOCAR TURISTICO.<\/li>\n\n\n\n<li>DOCUMENTOS ELECTRONICOS CODIGO QR (EMPRESA SOCIALMENTE RESPONSABLE CON EL MEDIO AMBIENTE).<\/li>\n<\/ul>\n\n\n\n<p>El paquete no incluye:<\/p>\n\n\n\n<ul class=\"wp-block-list\">\n<li>ALIMENTOS, GASTOS DE INDOLE PERSONAL<\/li>\n\n\n\n<li>2024: 45 EUROS QUE SE PAGAN EN DESTINO POR CONCEPTO DE TASAS DE HOTELES, PROPINAS A GUIAS LOCALES, GUIAS CORREO, CHOFERES Y PERSONAL EN HOTELES.<\/li>\n\n\n\n<li>NING\u00daN SERVICIO NO ESPEC\u00cdFICADO.<\/li>\n\n\n\n<li>TODAS LAS EXCURSIONES QUE SE MENCIONAN COMO OPCIONALES.<\/li>\n<\/ul>\n\n\n\n<p>Precios cotizados en d\u00f3lares americanos, pagaderos en Moneda Nacional al tipo de cambio del d\u00eda Los precios indicados son informativos y deben ser conformados antes de su compra ya que est\u00e1n sujetos a cambio sin previo aviso. Para obtener el costo exacto a pagar a tipo de cambio del d\u00eda, comun\u00edquese con nosotros. Consulte impuestos y suplementos.<\/p>\n","protected":false},"excerpt":{"rendered":"<p>MT-12370 Tour de Francia Ciudades Visitadas:&nbsp;Francia Duraci\u00f3n:&nbsp;11 D\u00edas y 9 Noches Desde:999 USD + 799 Imp Fecha(s) de salida: Salidas para el a\u00f1o 2024 Mayo: 19, 25Julio: 21Agosto: 04Septiembre: 15, 26Octubre: 18, 29Noviembre: 06 Vigencia:&nbsp;Precios vigentes hasta el 06\/11\/2024 Aerolinea INCLUYE VUELO Itinerario DIA 01 M\u00c9XICO \u2013 PARISPresentarse en el aeropuerto de la Ciudad de [&hellip;]<\/p>\n","protected":false},"author":1,"featured_media":0,"parent":0,"menu_order":0,"comment_status":"closed","ping_status":"closed","template":"","meta":{"om_disable_all_campaigns":false,"_monsterinsights_skip_tracking":false,"_monsterinsights_sitenote_active":false,"_monsterinsights_sitenote_note":"","_monsterinsights_sitenote_category":0,"site-sidebar-layout":"default","site-content-layout":"","ast-site-content-layout":"default","site-content-style":"default","site-sidebar-style":"default","ast-global-header-display":"","ast-banner-title-visibility":"","ast-main-header-display":"","ast-hfb-above-header-display":"","ast-hfb-below-header-display":"","ast-hfb-mobile-header-display":"","site-post-title":"disabled","ast-breadcrumbs-content":"","ast-featured-img":"","footer-sml-layout":"","ast-disable-related-posts":"","theme-transparent-header-meta":"","adv-header-id-meta":"","stick-header-meta":"","header-above-stick-meta":"","header-main-stick-meta":"","header-below-stick-meta":"","astra-migrate-meta-layouts":"set","ast-page-background-enabled":"default","ast-page-background-meta":{"desktop":{"background-color":"","background-image":"","background-repeat":"repeat","background-position":"center center","background-size":"auto","background-attachment":"scroll","background-type":"","background-media":"","overlay-type":"","overlay-color":"","overlay-opacity":"","overlay-gradient":""},"tablet":{"background-color":"","background-image":"","background-repeat":"repeat","background-position":"center center","background-size":"auto","background-attachment":"scroll","background-type":"","background-media":"","overlay-type":"","overlay-color":"","overlay-opacity":"","overlay-gradient":""},"mobile":{"background-color":"","background-image":"","background-repeat":"repeat","background-position":"center center","background-size":"auto","background-attachment":"scroll","background-type":"","background-media":"","overlay-type":"","overlay-color":"","overlay-opacity":"","overlay-gradient":""}},"ast-content-background-meta":{"desktop":{"background-color":"var(--ast-global-color-5)","background-image":"","background-repeat":"repeat","background-position":"center center","background-size":"auto","background-attachment":"scroll","background-type":"","background-media":"","overlay-type":"","overlay-color":"","overlay-opacity":"","overlay-gradient":""},"tablet":{"background-color":"var(--ast-global-color-5)","background-image":"","background-repeat":"repeat","background-position":"center center","background-size":"auto","background-attachment":"scroll","background-type":"","background-media":"","overlay-type":"","overlay-color":"","overlay-opacity":"","overlay-gradient":""},"mobile":{"background-color":"var(--ast-global-color-5)","background-image":"","background-repeat":"repeat","background-position":"center center","background-size":"auto","background-attachment":"scroll","background-type":"","background-media":"","overlay-type":"","overlay-color":"","overlay-opacity":"","overlay-gradient":""}},"footnotes":""},"class_list":["post-593","page","type-page","status-publish","hentry"],"aioseo_notices":[],"_links":{"self":[{"href":"https:\/\/camaratravel.com\/index.php?rest_route=\/wp\/v2\/pages\/593","targetHints":{"allow":["GET"]}}],"collection":[{"href":"https:\/\/camaratravel.com\/index.php?rest_route=\/wp\/v2\/pages"}],"about":[{"href":"https:\/\/camaratravel.com\/index.php?rest_route=\/wp\/v2\/types\/page"}],"author":[{"embeddable":true,"href":"https:\/\/camaratravel.com\/index.php?rest_route=\/wp\/v2\/users\/1"}],"replies":[{"embeddable":true,"href":"https:\/\/camaratravel.com\/index.php?rest_route=%2Fwp%2Fv2%2Fcomments&post=593"}],"version-history":[{"count":3,"href":"https:\/\/camaratravel.com\/index.php?rest_route=\/wp\/v2\/pages\/593\/revisions"}],"predecessor-version":[{"id":1637,"href":"https:\/\/camaratravel.com\/index.php?rest_route=\/wp\/v2\/pages\/593\/revisions\/1637"}],"wp:attachment":[{"href":"https:\/\/camaratravel.com\/index.php?rest_route=%2Fwp%2Fv2%2Fmedia&parent=593"}],"curies":[{"name":"wp","href":"https:\/\/api.w.org\/{rel}","templated":true}]}}