{"id":570,"date":"2023-10-05T22:40:50","date_gmt":"2023-10-05T22:40:50","guid":{"rendered":"https:\/\/camaratravel.com\/?page_id=570"},"modified":"2023-11-08T05:45:06","modified_gmt":"2023-11-08T05:45:06","slug":"santo-domingo-y-punta-cana","status":"publish","type":"page","link":"https:\/\/camaratravel.com\/?page_id=570","title":{"rendered":"Santo Domingo y Punta Cana"},"content":{"rendered":"\n<div class=\"wp-block-cover is-light\" style=\"padding-top:var(--wp--preset--spacing--80);padding-bottom:var(--wp--preset--spacing--80);min-height:50px;aspect-ratio:unset;\"><span aria-hidden=\"true\" class=\"wp-block-cover__background has-vivid-green-cyan-background-color has-background-dim-100 has-background-dim\"><\/span><div class=\"wp-block-cover__inner-container is-layout-flow wp-block-cover-is-layout-flow\">\n<p class=\"has-text-align-center has-large-font-size\"><\/p>\n<\/div><\/div>\n\n\n\n<p>MT-51013 Santo Domingo y Punta Cana<\/p>\n\n\n\n<p><strong>Ciudades Visitadas:<\/strong>&nbsp;Rep\u00fablica Dominicana<\/p>\n\n\n\n<figure class=\"wp-block-image\"><img decoding=\"async\" src=\"https:\/\/one.cdnmega.com\/images\/viajes\/covers\/santo-domingo-punta-cana-1024x575_6320b85646a86.webp\" alt=\"\"\/><\/figure>\n\n\n\n<p><strong>Duraci\u00f3n:<\/strong>&nbsp;7 D\u00edas y 6 Noches<\/p>\n\n\n\n<p><strong>Desde:<\/strong>1348 USD + 430 Imp<\/p>\n\n\n\n<p><strong>Fecha(s) de salida:<\/strong><\/p>\n\n\n\n<p><br>Diarias<\/p>\n\n\n\n<p><strong>Vigencia:<\/strong>&nbsp;Precios vigentes hasta el 30\/11\/2023<\/p>\n\n\n\n<p><strong>Aerolinea<\/strong><\/p>\n\n\n\n<h5 class=\"wp-block-heading\">INCLUYE VUELO<\/h5>\n\n\n\n<figure class=\"wp-block-image\"><img decoding=\"async\" src=\"https:\/\/one.cdnmega.com\/images\/aerolineas\/iata\/CM.png\" alt=\"Copa Airlines\"\/><\/figure>\n\n\n\n<p>Itinerario<\/p>\n\n\n\n<p><strong>D\u00cdA 01&nbsp; M\u00c9XICO \u2013 SANTO DOMINGO<\/strong><br>Salida en vuelo regular con destino Santo domingo v\u00eda Panam\u00e1. Llegada y recepci\u00f3n y traslado al hotel. Tarde libre para disfrutar de esta maravillosa ciudad. Alojamiento.<\/p>\n\n\n\n<p><strong>D\u00cdA 02&nbsp;SANTO DOMINGO<\/strong><br>D\u00eda libre para realizar actividades personales. Alojamiento.<\/p>\n\n\n\n<p><strong>D\u00cdA 03&nbsp; SANTO DOMINGO \u2013 PUNTA CANA<\/strong><br>A la hora indicada, traslado v\u00eda terrestre al hotel elegido o similar en Punta Cana (3 h aproximadamente). Alojamiento en Plan Todo Incluido.<\/p>\n\n\n\n<p><strong>D\u00cdA 04&nbsp;PUNTA CANA<\/strong><br>D\u00eda libre para disfrutar de las maravillosas playas del Caribe e instalaciones del hotel. Alojamiento en Plan Todo Incluido.<\/p>\n\n\n\n<p><strong>D\u00cdA 05&nbsp;PUNTA CANA<\/strong><br>D\u00eda libre para disfrutar de las maravillosas playas del Caribe e instalaciones del hotel. Alojamiento en Plan Todo Incluido.<\/p>\n\n\n\n<p><strong>D\u00cdA 06&nbsp;PUNTA CANA<\/strong><br>D\u00eda libre para disfrutar de las maravillosas playas del Caribe e instalaciones del hotel. Alojamiento en Plan Todo Incluido.<\/p>\n\n\n\n<p><strong>D\u00cdA 07&nbsp;PUNTA CANA \u2013 M\u00c9XICO<\/strong><br>Traslado al aeropuerto para abordar vuelo con destino a la Ciudad de M\u00e9xico v\u00eda Panam\u00e1.<strong>&nbsp;&nbsp;&nbsp;&nbsp;&#8230;FIN DE NUESTROS SERVICIOS<\/strong><\/p>\n\n\n\n<p>Precios y Hoteles:<\/p>\n\n\n\n<figure class=\"wp-block-table\"><table><tbody><tr><td><strong>CATEGOR\u00cdA<\/strong><\/td><td><strong>TRIPLE<\/strong><\/td><td><strong>DOBLE<\/strong><\/td><td><strong>SGL<\/strong><\/td><td><strong>MNR<\/strong><\/td><\/tr><tr><td>Hoteles 3*<\/td><td>$ 1,338<\/td><td>$ 1,348<\/td><td>$ 1,888<\/td><td>$ 938<\/td><\/tr><tr><td>Hoteles 4*<\/td><td>$ 1,398<\/td><td>$ 1,398<\/td><td>$2,048<\/td><td>$ 1,168<\/td><\/tr><tr><td>Hoteles 5*<\/td><td>$1,818<\/td><td>$2,018<\/td><td>$2,748<\/td><td>$ 1,398<\/td><\/tr><\/tbody><\/table><\/figure>\n\n\n\n<p><strong>IMPUESTOS Y SUPLEMENTOS<\/strong><\/p>\n\n\n\n<figure class=\"wp-block-table\"><table><tbody><tr><td>Impuestos a\u00e9reos saliendo de CDMX<\/td><td>$ 430<\/td><\/tr><\/tbody><\/table><\/figure>\n\n\n\n<p>\u2013Precios indicados en USD, pagaderos en Moneda Nacional al tipo de cambio del d\u00eda.<br>\u2013 Precios no aplican en semana santa, pascua, eventos especiales, carnaval, navidad y a\u00f1o nuevo.<br>\u2013 Tarifas validas con precompra de 07 dias.&nbsp;<br>\u2013 Los precios cambian constantemente, as\u00ed que te sugerimos la verificaci\u00f3n de estos, y no utilizar este documento como definitivo.<\/p>\n\n\n\n<figure class=\"wp-block-table\"><table><tbody><tr><td colspan=\"4\"><strong>HOTELES PREVISTOS O SIMILARES<\/strong><\/td><\/tr><tr><td><strong>HOTEL<\/strong><\/td><td><strong>CIUDAD<\/strong><\/td><td><strong>TIPO<\/strong><\/td><td><strong>PA\u00cdS<\/strong><\/td><\/tr><tr><td>Occidental Caribe<\/td><td>Punta Cana<\/td><td>3 Estrellas<\/td><td>Republica Dominacana<\/td><\/tr><tr><td>Barcelo Santo Domingo<\/td><td>Santo Domingo<\/td><td>3 Estrellas<\/td><td>Republica Dominicana<\/td><\/tr><tr><td><strong>HOTEL<\/strong><\/td><td><strong>CIUDAD<\/strong><\/td><td><strong>TIPO<\/strong><\/td><td><strong>PA\u00cdS<\/strong><\/td><\/tr><tr><td>Bahia Principe Grand<\/td><td>Punta Cana<\/td><td>4 Estrellas<\/td><td>Republica Dominacana<\/td><\/tr><tr><td>Nicolas De Ovando<\/td><td>Santo Domingo<\/td><td>4 Estrellas<\/td><td>Republica Dominicana<\/td><\/tr><tr><td><strong>HOTEL<\/strong><\/td><td><strong>CIUDAD<\/strong><\/td><td><strong>TIPO<\/strong><\/td><td><strong>PA\u00cdS<\/strong><\/td><\/tr><tr><td>Barcelo Bavaro Palace<\/td><td>Punta Cana<\/td><td>5 Estrellas<\/td><td>Republica Dominacana<\/td><\/tr><tr><td>Renaissance Sto Domingo<\/td><td>Santo Domingo<\/td><td>5 Estrellas<\/td><td>Republica Dominicana<\/td><\/tr><tr><td colspan=\"4\">\u00c9sta es la relaci\u00f3n de los hoteles utilizados m\u00e1s frecuentemente en este circuito. Reflejada tan s\u00f3lo a efectos indicativos, pudiendo ser el pasajero alojado en establecimientos similares o alternativos<\/td><\/tr><\/tbody><\/table><\/figure>\n\n\n\n<p>El paquete incluye<\/p>\n\n\n\n<ul class=\"wp-block-list\">\n<li>Avi\u00f3n viaje redondo M\u00e9xico \u2013 Panam\u00e1 \u2013 Santo Domingo \/\/ Punta Cana \u2013 Panam\u00e1 \u2013 M\u00e9xico.<\/li>\n\n\n\n<li>Traslados aeropuerto \u2013 hotel \u2013 aeropuerto y entre ciudades.<\/li>\n\n\n\n<li>02 noches de alojamiento en Santo Domingo con desayunos.<\/li>\n\n\n\n<li>04 noches de alojamiento en Punta Cana en PLAN TODO INCLUIDO.<\/li>\n\n\n\n<li>M\u00ednimo dos pasajeros viajando juntos.<\/li>\n\n\n\n<li>Documentos de viaje se entregar\u00e1n en formato digital para descargar en su dispositivo m\u00f3vil.<\/li>\n<\/ul>\n\n\n\n<p>El paquete no incluye:<\/p>\n\n\n\n<ul class=\"wp-block-list\">\n<li>Tarjeta de Asistencia Tur\u00edstica (seguro de viajero). Consultar opciones.<\/li>\n\n\n\n<li>Ning\u00fan servicio no especificado.<\/li>\n\n\n\n<li>Gastos personales y propinas a maleteros, trasladistas, meseros y gu\u00edas.<\/li>\n<\/ul>\n\n\n\n<p>Precios cotizados en d\u00f3lares americanos, pagaderos en Moneda Nacional al tipo de cambio del d\u00eda Los precios indicados son informativos y deben ser conformados antes de su compra ya que est\u00e1n sujetos a cambio sin previo aviso. Para obtener el costo exacto a pagar a tipo de cambio del d\u00eda, comun\u00edquese con nosotros. Consulte impuestos y suplementos.<\/p>\n","protected":false},"excerpt":{"rendered":"<p>MT-51013 Santo Domingo y Punta Cana Ciudades Visitadas:&nbsp;Rep\u00fablica Dominicana Duraci\u00f3n:&nbsp;7 D\u00edas y 6 Noches Desde:1348 USD + 430 Imp Fecha(s) de salida: Diarias Vigencia:&nbsp;Precios vigentes hasta el 30\/11\/2023 Aerolinea INCLUYE VUELO Itinerario D\u00cdA 01&nbsp; M\u00c9XICO \u2013 SANTO DOMINGOSalida en vuelo regular con destino Santo domingo v\u00eda Panam\u00e1. Llegada y recepci\u00f3n y traslado al hotel. Tarde [&hellip;]<\/p>\n","protected":false},"author":1,"featured_media":0,"parent":0,"menu_order":0,"comment_status":"closed","ping_status":"closed","template":"","meta":{"om_disable_all_campaigns":false,"_monsterinsights_skip_tracking":false,"_monsterinsights_sitenote_active":false,"_monsterinsights_sitenote_note":"","_monsterinsights_sitenote_category":0,"site-sidebar-layout":"default","site-content-layout":"","ast-site-content-layout":"default","site-content-style":"default","site-sidebar-style":"default","ast-global-header-display":"","ast-banner-title-visibility":"","ast-main-header-display":"","ast-hfb-above-header-display":"","ast-hfb-below-header-display":"","ast-hfb-mobile-header-display":"","site-post-title":"disabled","ast-breadcrumbs-content":"","ast-featured-img":"","footer-sml-layout":"","ast-disable-related-posts":"","theme-transparent-header-meta":"","adv-header-id-meta":"","stick-header-meta":"","header-above-stick-meta":"","header-main-stick-meta":"","header-below-stick-meta":"","astra-migrate-meta-layouts":"set","ast-page-background-enabled":"default","ast-page-background-meta":{"desktop":{"background-color":"","background-image":"","background-repeat":"repeat","background-position":"center center","background-size":"auto","background-attachment":"scroll","background-type":"","background-media":"","overlay-type":"","overlay-color":"","overlay-opacity":"","overlay-gradient":""},"tablet":{"background-color":"","background-image":"","background-repeat":"repeat","background-position":"center center","background-size":"auto","background-attachment":"scroll","background-type":"","background-media":"","overlay-type":"","overlay-color":"","overlay-opacity":"","overlay-gradient":""},"mobile":{"background-color":"","background-image":"","background-repeat":"repeat","background-position":"center center","background-size":"auto","background-attachment":"scroll","background-type":"","background-media":"","overlay-type":"","overlay-color":"","overlay-opacity":"","overlay-gradient":""}},"ast-content-background-meta":{"desktop":{"background-color":"var(--ast-global-color-5)","background-image":"","background-repeat":"repeat","background-position":"center center","background-size":"auto","background-attachment":"scroll","background-type":"","background-media":"","overlay-type":"","overlay-color":"","overlay-opacity":"","overlay-gradient":""},"tablet":{"background-color":"var(--ast-global-color-5)","background-image":"","background-repeat":"repeat","background-position":"center center","background-size":"auto","background-attachment":"scroll","background-type":"","background-media":"","overlay-type":"","overlay-color":"","overlay-opacity":"","overlay-gradient":""},"mobile":{"background-color":"var(--ast-global-color-5)","background-image":"","background-repeat":"repeat","background-position":"center center","background-size":"auto","background-attachment":"scroll","background-type":"","background-media":"","overlay-type":"","overlay-color":"","overlay-opacity":"","overlay-gradient":""}},"footnotes":""},"class_list":["post-570","page","type-page","status-publish","hentry"],"aioseo_notices":[],"_links":{"self":[{"href":"https:\/\/camaratravel.com\/index.php?rest_route=\/wp\/v2\/pages\/570","targetHints":{"allow":["GET"]}}],"collection":[{"href":"https:\/\/camaratravel.com\/index.php?rest_route=\/wp\/v2\/pages"}],"about":[{"href":"https:\/\/camaratravel.com\/index.php?rest_route=\/wp\/v2\/types\/page"}],"author":[{"embeddable":true,"href":"https:\/\/camaratravel.com\/index.php?rest_route=\/wp\/v2\/users\/1"}],"replies":[{"embeddable":true,"href":"https:\/\/camaratravel.com\/index.php?rest_route=%2Fwp%2Fv2%2Fcomments&post=570"}],"version-history":[{"count":3,"href":"https:\/\/camaratravel.com\/index.php?rest_route=\/wp\/v2\/pages\/570\/revisions"}],"predecessor-version":[{"id":1658,"href":"https:\/\/camaratravel.com\/index.php?rest_route=\/wp\/v2\/pages\/570\/revisions\/1658"}],"wp:attachment":[{"href":"https:\/\/camaratravel.com\/index.php?rest_route=%2Fwp%2Fv2%2Fmedia&parent=570"}],"curies":[{"name":"wp","href":"https:\/\/api.w.org\/{rel}","templated":true}]}}