{"id":566,"date":"2023-10-05T22:37:33","date_gmt":"2023-10-05T22:37:33","guid":{"rendered":"https:\/\/camaratravel.com\/?page_id=566"},"modified":"2023-11-08T05:46:24","modified_gmt":"2023-11-08T05:46:24","slug":"santo-domingo-punta-cana-y-panama","status":"publish","type":"page","link":"https:\/\/camaratravel.com\/?page_id=566","title":{"rendered":"Santo Domingo, Punta Cana y Panam\u00e1"},"content":{"rendered":"\n<div class=\"wp-block-cover is-light\" style=\"padding-top:var(--wp--preset--spacing--80);padding-bottom:var(--wp--preset--spacing--80);min-height:50px;aspect-ratio:unset;\"><span aria-hidden=\"true\" class=\"wp-block-cover__background has-vivid-green-cyan-background-color has-background-dim-100 has-background-dim\"><\/span><div class=\"wp-block-cover__inner-container is-layout-flow wp-block-cover-is-layout-flow\">\n<p class=\"has-text-align-center has-large-font-size\"><\/p>\n<\/div><\/div>\n\n\n\n<p>MT-51015 Santo Domingo, Punta Cana y Panam\u00e1<\/p>\n\n\n\n<p><strong>Ciudades Visitadas:<\/strong>&nbsp;Rep\u00fablica Dominicana, Panam\u00e1<\/p>\n\n\n\n<figure class=\"wp-block-image\"><img decoding=\"async\" src=\"https:\/\/one.cdnmega.com\/images\/viajes\/covers\/mtp-51015-santo-domingo-punta-cana-y-panama-844x474_60411e2f1ea73.webp\" alt=\"\"\/><\/figure>\n\n\n\n<p><strong>Duraci\u00f3n:<\/strong>&nbsp;10 D\u00edas y 9 Noches<\/p>\n\n\n\n<p><strong>Desde:<\/strong>1398 USD + 480 Imp<\/p>\n\n\n\n<p><strong>Fecha(s) de salida:<\/strong><\/p>\n\n\n\n<p><br>Diarias<\/p>\n\n\n\n<p><strong>Vigencia:<\/strong>&nbsp;Precios vigentes hasta el 30\/11\/2023<\/p>\n\n\n\n<p><strong>Aerolinea<\/strong><\/p>\n\n\n\n<h5 class=\"wp-block-heading\">INCLUYE VUELO<\/h5>\n\n\n\n<figure class=\"wp-block-image\"><img decoding=\"async\" src=\"https:\/\/one.cdnmega.com\/images\/aerolineas\/iata\/CM.png\" alt=\"Copa Airlines\"\/><\/figure>\n\n\n\n<p>Itinerario<\/p>\n\n\n\n<p><strong>D\u00cdA 01&nbsp;M\u00c9XICO \u2013 PANAM\u00c1<\/strong><br>Salida en vuelo regular con destino a Panam\u00e1. Llegada y recepci\u00f3n y traslado al hotel. Tarde libre para disfrutar de esta maravillosa ciudad. Alojamiento en Panam\u00e1.<\/p>\n\n\n\n<p><strong>D\u00cdA 02&nbsp; PANAM\u00c1 \u2013 Tour de Ciudad &amp; Canal + Tour de Compras<\/strong><br>A la hora coordinada iniciaremos la visita de la ciudad de Panam\u00e1 recorriendo La Cinta Costera que es un sitio para disfrutar el verdor de sus \u00e1reas mientras se encuentra dentro de la urbe, continuamos con el Casco Antiguo considerado Patrimonio de la Humanidad donde encontraremos la mayor\u00eda de los principales monumentos de la ciudad de Panam\u00e1, visitaremos el Centro de Visitantes de Miraflores es el lugar perfecto para aprender sobre la impresionante obra del Canal de Panam\u00e1. Conocer su historia, funcionamiento, observar a pocos metros de distancia el tr\u00e1nsito de barcos por el Canal y observar c\u00f3mo trabajan las esclusas (Incluye entradas al centro de visitantes). La Calzada de Amador es una v\u00eda que une tierra firme con cuatros peque\u00f1as islas en la Bah\u00eda de Panam\u00e1 disfrutar\u00e1n preciosas vistas que nos ofrece el Oc\u00e9ano Pac\u00edfico. Finalizamos con el centro comercial de Albrook ofrece una gran variedad de tiendas y boutiques, as\u00ed como de restaurantes (No incluye almuerzo). Alojamiento en Panam\u00e1.<\/p>\n\n\n\n<p><strong>D\u00cdA 03&nbsp;PANAM\u00c1<\/strong><br>Desayuno. D\u00eda libre para realizar actividades personales. Alojamiento en Panam\u00e1.<\/p>\n\n\n\n<p><strong>D\u00cdA 04&nbsp;PANAM\u00c1&nbsp;\u2013 SANTO DOMINGO&nbsp;<\/strong><br>A la hora indicada traslado al aeropuerto para abordar vuelo con destino a Santo Domingo. Llegada, recepci\u00f3n y traslado a su hotel. Tarde Libre. Alojamiento en Santo Domingo.<\/p>\n\n\n\n<p><strong>D\u00cdA 05&nbsp;SANTO DOMINGO<\/strong><br>D\u00eda libre para realizar actividades personales. Alojamiento en Santo Domingo.<\/p>\n\n\n\n<p><strong>D\u00cdA 06&nbsp;SANTO DOMINGO \u2013 PUNTA CANA<\/strong><br>A la hora indicada, traslado terrestre a su hotel en Punta Cana (3 h aproximadamente). Alojamiento en Plan Todo Incluido.<\/p>\n\n\n\n<p><strong>D\u00cdA 07&nbsp;PUNTA CANA<\/strong><br>D\u00eda libre para disfrutar de las maravillosas playas del Caribe e instalaciones del hotel. Alojamiento en Plan Todo Incluido.<\/p>\n\n\n\n<p><strong>D\u00cdA 08&nbsp;PUNTA CANA<\/strong><br>D\u00eda libre para disfrutar de las maravillosas playas del Caribe e instalaciones del hotel. Alojamiento en Plan Todo Incluido.<\/p>\n\n\n\n<p><strong>D\u00cdA 09&nbsp;PUNTA CANA<\/strong><br>D\u00eda libre para disfrutar de las maravillosas playas del Caribe e instalaciones del hotel. Alojamiento en Plan Todo Incluido.<\/p>\n\n\n\n<p><strong>D\u00cdA 10&nbsp;PUNTA CANA \u2013 PANAM\u00c1&nbsp;\u2013 M\u00c9XICO<\/strong><br>A la hora convenida traslado del hotel hacia el aeropuerto para abordar el vuelo con destino final a la Ciudad de M\u00e9xico.<strong>&nbsp;&nbsp;&nbsp;&nbsp;&#8230;FIN DE NUESTROS SERVICIOS<\/strong><\/p>\n\n\n\n<p>Precios y Hoteles:<\/p>\n\n\n\n<figure class=\"wp-block-table\"><table><tbody><tr><td><strong>CATEGOR\u00cdA<\/strong><\/td><td><strong>TRIPLE<\/strong><\/td><td><strong>DOBLE<\/strong><\/td><td><strong>SGL<\/strong><\/td><td><strong>MNR<\/strong><\/td><\/tr><tr><td>Hoteles 3*<\/td><td>$ 1,358<\/td><td>$ 1,398<\/td><td>$2,048<\/td><td>$ 898<\/td><\/tr><tr><td>Hoteles 4*<\/td><td>$1,548<\/td><td>$1,538<\/td><td>$2,378<\/td><td>$ 1,138<\/td><\/tr><tr><td>Hoteles 5*<\/td><td>$2,048<\/td><td>$2,298<\/td><td>$3,328<\/td><td>$ 1,378<\/td><\/tr><\/tbody><\/table><\/figure>\n\n\n\n<p><strong>IMPUESTOS Y SUPLEMENTOS<\/strong><\/p>\n\n\n\n<figure class=\"wp-block-table\"><table><tbody><tr><td>Impuestos A\u00e9reos saliendo desde CDMX<\/td><td>$ 480<\/td><\/tr><\/tbody><\/table><\/figure>\n\n\n\n<p>\u2013 Precios indicados en USD, pagaderos en Moneda Nacional al tipo de cambio del d\u00eda.<br>\u2013 Precios no aplican en semana santa, pascua, eventos especiales, carnaval, navidad y a\u00f1o nuevo.<br>\u2013 Tarifas validas con precompra de 07 dias.&nbsp;<br>\u2013 Los precios cambian constantemente, as\u00ed que te sugerimos la verificaci\u00f3n de estos, y no utilizar este documento como definitivo.<\/p>\n\n\n\n<figure class=\"wp-block-table\"><table><tbody><tr><td colspan=\"4\"><strong>HOTELES PREVISTOS O SIMILARES<\/strong><\/td><\/tr><tr><td><strong>HOTEL<\/strong><\/td><td><strong>CIUDAD<\/strong><\/td><td><strong>TIPO<\/strong><\/td><td><strong>PA\u00cdS<\/strong><\/td><\/tr><tr><td>Barcelo Santo Domingo<\/td><td>Santo Domingo<\/td><td>3 Estrellas<\/td><td>Republica Dominicana<\/td><\/tr><tr><td>Occidental Caribe<\/td><td>Punta Cana<\/td><td>3 Estrellas<\/td><td>Republica Dominicana<\/td><\/tr><tr><td>Ramada Panama Centro<\/td><td>Panam\u00e1<\/td><td>3 Estrellas<\/td><td>Panam\u00e1<\/td><\/tr><tr><td><strong>HOTEL<\/strong><\/td><td><strong>CIUDAD<\/strong><\/td><td><strong>TIPO<\/strong><\/td><td><strong>PA\u00cdS<\/strong><\/td><\/tr><tr><td>Nicolas De Ovando<\/td><td>Santo Domingo<\/td><td>4 Estrellas<\/td><td>Republica Dominicana<\/td><\/tr><tr><td>Bahia Principe Grand Bavaro<\/td><td>Punta Cana<\/td><td>4 Estrellas<\/td><td>Republica Dominicana<\/td><\/tr><tr><td>The Executive<\/td><td>Panam\u00e1<\/td><td>4 Estrellas<\/td><td>Panam\u00e1<\/td><\/tr><tr><td><strong>HOTEL<\/strong><\/td><td><strong>CIUDAD<\/strong><\/td><td><strong>TIPO<\/strong><\/td><td><strong>PA\u00cdS<\/strong><\/td><\/tr><tr><td>Renaissance Santo Domingo<\/td><td>Santo Domingo<\/td><td>5 Estrellas<\/td><td>Republica Dominicana<\/td><\/tr><tr><td>Barcel\u00f3 Bavaro Palace<\/td><td>Punta Cana<\/td><td>5 Estrellas<\/td><td>Republica Dominicana<\/td><\/tr><tr><td>Hilton Panam\u00e1<\/td><td>Panam\u00e1<\/td><td>5 Estrellas<\/td><td>Panam\u00e1<\/td><\/tr><tr><td colspan=\"4\">\u00c9sta es la relaci\u00f3n de los hoteles utilizados m\u00e1s frecuentemente en este circuito. Reflejada tan s\u00f3lo a efectos indicativos, pudiendo ser el pasajero alojado en establecimientos similares o alternativos<\/td><\/tr><\/tbody><\/table><\/figure>\n\n\n\n<p>El paquete incluye<\/p>\n\n\n\n<ul class=\"wp-block-list\">\n<li>Avi\u00f3n viaje redondo M\u00e9xico \u2013 Panam\u00e1 \u2013 Santo Domingo \/\/ Punta Cana \u2013 Panam\u00e1 \u2013 M\u00e9xico.<\/li>\n\n\n\n<li>Traslados aeropuerto \u2013 hotel \u2013 aeropuerto y entre ciudades.<\/li>\n\n\n\n<li>02 noches en Santo Domingo con desayunos.<\/li>\n\n\n\n<li>04 noches en Punta Cana en PLAN TODO INCLUIDO.<\/li>\n\n\n\n<li>03 noches en Panam\u00e1 con desayunos.<\/li>\n\n\n\n<li>Gu\u00eda de habla hispana.<\/li>\n\n\n\n<li>M\u00ednimo dos pasajeros viajando juntos.<\/li>\n\n\n\n<li>Documentos de viaje se entregar\u00e1n en formato digital para descargar en su dispositivo m\u00f3vil.<\/li>\n<\/ul>\n\n\n\n<p>El paquete no incluye:<\/p>\n\n\n\n<ul class=\"wp-block-list\">\n<li>Tarjeta de Asistencia Tur\u00edstica (seguro de viajero). Consultar opciones.<\/li>\n\n\n\n<li>Ning\u00fan servicio no especificado.<\/li>\n\n\n\n<li>Gastos personales y propinas a maleteros, trasladistas, meseros y gu\u00edas.<\/li>\n<\/ul>\n\n\n\n<p>Precios cotizados en d\u00f3lares americanos, pagaderos en Moneda Nacional al tipo de cambio del d\u00eda Los precios indicados son informativos y deben ser conformados antes de su compra ya que est\u00e1n sujetos a cambio sin previo aviso. Para obtener el costo exacto a pagar a tipo de cambio del d\u00eda, comun\u00edquese con nosotros. Consulte impuestos y suplementos.<\/p>\n","protected":false},"excerpt":{"rendered":"<p>MT-51015 Santo Domingo, Punta Cana y Panam\u00e1 Ciudades Visitadas:&nbsp;Rep\u00fablica Dominicana, Panam\u00e1 Duraci\u00f3n:&nbsp;10 D\u00edas y 9 Noches Desde:1398 USD + 480 Imp Fecha(s) de salida: Diarias Vigencia:&nbsp;Precios vigentes hasta el 30\/11\/2023 Aerolinea INCLUYE VUELO Itinerario D\u00cdA 01&nbsp;M\u00c9XICO \u2013 PANAM\u00c1Salida en vuelo regular con destino a Panam\u00e1. Llegada y recepci\u00f3n y traslado al hotel. Tarde libre para [&hellip;]<\/p>\n","protected":false},"author":1,"featured_media":0,"parent":0,"menu_order":0,"comment_status":"closed","ping_status":"closed","template":"","meta":{"om_disable_all_campaigns":false,"_monsterinsights_skip_tracking":false,"_monsterinsights_sitenote_active":false,"_monsterinsights_sitenote_note":"","_monsterinsights_sitenote_category":0,"site-sidebar-layout":"default","site-content-layout":"","ast-site-content-layout":"default","site-content-style":"default","site-sidebar-style":"default","ast-global-header-display":"","ast-banner-title-visibility":"","ast-main-header-display":"","ast-hfb-above-header-display":"","ast-hfb-below-header-display":"","ast-hfb-mobile-header-display":"","site-post-title":"disabled","ast-breadcrumbs-content":"","ast-featured-img":"","footer-sml-layout":"","ast-disable-related-posts":"","theme-transparent-header-meta":"","adv-header-id-meta":"","stick-header-meta":"","header-above-stick-meta":"","header-main-stick-meta":"","header-below-stick-meta":"","astra-migrate-meta-layouts":"set","ast-page-background-enabled":"default","ast-page-background-meta":{"desktop":{"background-color":"","background-image":"","background-repeat":"repeat","background-position":"center center","background-size":"auto","background-attachment":"scroll","background-type":"","background-media":"","overlay-type":"","overlay-color":"","overlay-opacity":"","overlay-gradient":""},"tablet":{"background-color":"","background-image":"","background-repeat":"repeat","background-position":"center center","background-size":"auto","background-attachment":"scroll","background-type":"","background-media":"","overlay-type":"","overlay-color":"","overlay-opacity":"","overlay-gradient":""},"mobile":{"background-color":"","background-image":"","background-repeat":"repeat","background-position":"center center","background-size":"auto","background-attachment":"scroll","background-type":"","background-media":"","overlay-type":"","overlay-color":"","overlay-opacity":"","overlay-gradient":""}},"ast-content-background-meta":{"desktop":{"background-color":"var(--ast-global-color-5)","background-image":"","background-repeat":"repeat","background-position":"center center","background-size":"auto","background-attachment":"scroll","background-type":"","background-media":"","overlay-type":"","overlay-color":"","overlay-opacity":"","overlay-gradient":""},"tablet":{"background-color":"var(--ast-global-color-5)","background-image":"","background-repeat":"repeat","background-position":"center center","background-size":"auto","background-attachment":"scroll","background-type":"","background-media":"","overlay-type":"","overlay-color":"","overlay-opacity":"","overlay-gradient":""},"mobile":{"background-color":"var(--ast-global-color-5)","background-image":"","background-repeat":"repeat","background-position":"center center","background-size":"auto","background-attachment":"scroll","background-type":"","background-media":"","overlay-type":"","overlay-color":"","overlay-opacity":"","overlay-gradient":""}},"footnotes":""},"class_list":["post-566","page","type-page","status-publish","hentry"],"aioseo_notices":[],"_links":{"self":[{"href":"https:\/\/camaratravel.com\/index.php?rest_route=\/wp\/v2\/pages\/566","targetHints":{"allow":["GET"]}}],"collection":[{"href":"https:\/\/camaratravel.com\/index.php?rest_route=\/wp\/v2\/pages"}],"about":[{"href":"https:\/\/camaratravel.com\/index.php?rest_route=\/wp\/v2\/types\/page"}],"author":[{"embeddable":true,"href":"https:\/\/camaratravel.com\/index.php?rest_route=\/wp\/v2\/users\/1"}],"replies":[{"embeddable":true,"href":"https:\/\/camaratravel.com\/index.php?rest_route=%2Fwp%2Fv2%2Fcomments&post=566"}],"version-history":[{"count":3,"href":"https:\/\/camaratravel.com\/index.php?rest_route=\/wp\/v2\/pages\/566\/revisions"}],"predecessor-version":[{"id":1659,"href":"https:\/\/camaratravel.com\/index.php?rest_route=\/wp\/v2\/pages\/566\/revisions\/1659"}],"wp:attachment":[{"href":"https:\/\/camaratravel.com\/index.php?rest_route=%2Fwp%2Fv2%2Fmedia&parent=566"}],"curies":[{"name":"wp","href":"https:\/\/api.w.org\/{rel}","templated":true}]}}