{"id":561,"date":"2023-10-05T22:28:29","date_gmt":"2023-10-05T22:28:29","guid":{"rendered":"https:\/\/camaratravel.com\/?page_id=561"},"modified":"2023-11-08T05:43:15","modified_gmt":"2023-11-08T05:43:15","slug":"punta-cana","status":"publish","type":"page","link":"https:\/\/camaratravel.com\/?page_id=561","title":{"rendered":"Punta Cana"},"content":{"rendered":"\n<div class=\"wp-block-cover is-light\" style=\"padding-top:var(--wp--preset--spacing--80);padding-bottom:var(--wp--preset--spacing--80);min-height:50px;aspect-ratio:unset;\"><span aria-hidden=\"true\" class=\"wp-block-cover__background has-vivid-green-cyan-background-color has-background-dim-100 has-background-dim\"><\/span><div class=\"wp-block-cover__inner-container is-layout-flow wp-block-cover-is-layout-flow\">\n<p class=\"has-text-align-center has-large-font-size\"><\/p>\n<\/div><\/div>\n\n\n\n<p>MT-51006 Punta Cana<\/p>\n\n\n\n<p><strong>Ciudades Visitadas:<\/strong>&nbsp;Rep\u00fablica Dominicana<\/p>\n\n\n\n<figure class=\"wp-block-image\"><img decoding=\"async\" src=\"https:\/\/one.cdnmega.com\/images\/viajes\/covers\/mt-51006-punta-cana-844x474_60401dc14483f.webp\" alt=\"\"\/><\/figure>\n\n\n\n<p><strong>Duraci\u00f3n:<\/strong>&nbsp;4 D\u00edas y 3 Noches<\/p>\n\n\n\n<p><strong>Desde:<\/strong>838 USD + 430 Imp<\/p>\n\n\n\n<p><strong>Fecha(s) de salida:<\/strong><\/p>\n\n\n\n<p><br>Diarias<\/p>\n\n\n\n<p><strong>Vigencia:<\/strong>&nbsp;Precios vigentes hasta el 30\/11\/2023<\/p>\n\n\n\n<p><strong>Aerolinea<\/strong><\/p>\n\n\n\n<h5 class=\"wp-block-heading\">INCLUYE VUELO<\/h5>\n\n\n\n<figure class=\"wp-block-image\"><img decoding=\"async\" src=\"https:\/\/one.cdnmega.com\/images\/aerolineas\/iata\/CM.png\" alt=\"Copa Airlines\"\/><\/figure>\n\n\n\n<p>Itinerario<\/p>\n\n\n\n<p><strong>D\u00cdA 1&nbsp;M\u00c9XICO \u2013 PANAM\u00c1 \u2013 PUNTA CANA<\/strong><br>Salida en vuelo regular con destino la ciudad de Punta Cana v\u00eda Panam\u00e1. Llegada, recepci\u00f3n y traslado al hotel. Alojamiento en Plan Todo Incluido.<\/p>\n\n\n\n<p><strong>D\u00cdA 2&nbsp; PUNTA CANA<\/strong><br>D\u00eda libre para disfrutar de las maravillosas playas del Caribe e instalaciones del hotel. Alojamiento en Plan Todo Incluido.<\/p>\n\n\n\n<p><strong>D\u00cdA 3 &nbsp;PUNTA CANA<\/strong><br>D\u00eda libre para disfrutar de las maravillosas playas del Caribe e instalaciones del hotel. Alojamiento en Plan Todo Incluido.<br><strong>&nbsp;&nbsp; &nbsp;<br>D\u00cdA 4 &nbsp;PUNTA CANA \u2013 PANAM\u00c1 \u2013 M\u00c9XICO<\/strong><br>A la hora convenida traslado del hotel hacia el aeropuerto para abordar el vuelo con destino final a la Ciudad de M\u00e9xico.<strong>&nbsp;&nbsp;&nbsp;&nbsp;&#8230;FIN DE NUESTROS SERVICIOS<\/strong><\/p>\n\n\n\n<p>Precios y Hoteles:<\/p>\n\n\n\n<figure class=\"wp-block-table\"><table><tbody><tr><td><strong>CATEGOR\u00cdA<\/strong><\/td><td><strong>TRIPLE<\/strong><\/td><td><strong>DOBLE<\/strong><\/td><td><strong>SGL<\/strong><\/td><td><strong>MNR<\/strong><\/td><\/tr><tr><td>Hoteles 3*<\/td><td>$ 888<\/td><td>$ 838<\/td><td>$ 1,078<\/td><td>$ 578<\/td><\/tr><tr><td>Hoteles 4*<\/td><td>$ 908<\/td><td>$ 868<\/td><td>$ 1,108<\/td><td>$ 678<\/td><\/tr><tr><td>Hoteles 5*<\/td><td>$ 1,128<\/td><td>$ 1,198<\/td><td>$ 1,578<\/td><td>$ 828<\/td><\/tr><\/tbody><\/table><\/figure>\n\n\n\n<p><strong>IMPUESTOS Y SUPLEMENTOS<\/strong><\/p>\n\n\n\n<figure class=\"wp-block-table\"><table><tbody><tr><td>Impuestos a\u00e9reos desde Mexico<\/td><td>$ 430<\/td><\/tr><\/tbody><\/table><\/figure>\n\n\n\n<p>\u2013Precios indicados en USD, pagaderos en Moneda Nacional al tipo de cambio del d\u00eda.<br>\u2013 Precios no aplican en semana santa, pascua, eventos especiales, carnaval, navidad y a\u00f1o nuevo.<br>\u2013 Tarifas validas con precompra de 07 dias.&nbsp;<br>\u2013 Los precios cambian constantemente, as\u00ed que te sugerimos la verificaci\u00f3n de estos, y no utilizar este documento como definitivo.<\/p>\n\n\n\n<figure class=\"wp-block-table\"><table><tbody><tr><td colspan=\"4\"><strong>HOTELES PREVISTOS O SIMILARES<\/strong><\/td><\/tr><tr><td><strong>HOTEL<\/strong><\/td><td><strong>CIUDAD<\/strong><\/td><td><strong>TIPO<\/strong><\/td><td><strong>PA\u00cdS<\/strong><\/td><\/tr><tr><td>Ociddental Caribe<\/td><td>Punta Cana<\/td><td>3 Estrellas<\/td><td>Rep\u00fablica Dominicana<\/td><\/tr><tr><td>Bahia Principe Grand Bavaro<\/td><td>Punta Cana<\/td><td>4 Estrellas<\/td><td>Rep\u00fablica Dominicana<\/td><\/tr><tr><td>Barcel\u00f3 B\u00e1varo Palace<\/td><td>Punta Cana<\/td><td>5 Estrellas<\/td><td>Rep\u00fablica Dominicana<\/td><\/tr><tr><td colspan=\"4\">\u00c9sta es la relaci\u00f3n de los hoteles utilizados m\u00e1s frecuentemente en este circuito. Reflejada tan s\u00f3lo a efectos indicativos, pudiendo ser el pasajero alojado en establecimientos similares o alternativos<\/td><\/tr><\/tbody><\/table><\/figure>\n\n\n\n<p>El paquete incluye<\/p>\n\n\n\n<ul class=\"wp-block-list\">\n<li>Avi\u00f3n viaje redondo M\u00e9xico \u2013 Panam\u00e1 \u2013 Punta Cana \u2013 Panam\u00e1 \u2013 M\u00e9xico.<\/li>\n\n\n\n<li>Traslado aeropuerto \u2013 hotel\u2013 aeropuerto.<\/li>\n\n\n\n<li>03 noches de alojamiento en PLAN TODO INCLUIDO.<\/li>\n\n\n\n<li>Gu\u00eda de habla hispana.<\/li>\n\n\n\n<li>M\u00ednimo dos pasajeros viajando juntos.<\/li>\n\n\n\n<li>Documentos de viaje se entregar\u00e1n en formato digital para descargar en su dispositivo m\u00f3vil.<\/li>\n<\/ul>\n\n\n\n<p>El paquete no incluye:<\/p>\n\n\n\n<ul class=\"wp-block-list\">\n<li>Tarjeta de Asistencia Tur\u00edstica (seguro de viajero). Consultar opciones.<\/li>\n\n\n\n<li>Ning\u00fan servicio no especificado.<\/li>\n\n\n\n<li>Gastos personales y propinas a maleteros, trasladistas, meseros y gu\u00edas.<\/li>\n<\/ul>\n\n\n\n<p>Precios cotizados en d\u00f3lares americanos, pagaderos en Moneda Nacional al tipo de cambio del d\u00eda Los precios indicados son informativos y deben ser conformados antes de su compra ya que est\u00e1n sujetos a cambio sin previo aviso. Para obtener el costo exacto a pagar a tipo de cambio del d\u00eda, comun\u00edquese con nosotros. Consulte impuestos y suplementos.<\/p>\n","protected":false},"excerpt":{"rendered":"<p>MT-51006 Punta Cana Ciudades Visitadas:&nbsp;Rep\u00fablica Dominicana Duraci\u00f3n:&nbsp;4 D\u00edas y 3 Noches Desde:838 USD + 430 Imp Fecha(s) de salida: Diarias Vigencia:&nbsp;Precios vigentes hasta el 30\/11\/2023 Aerolinea INCLUYE VUELO Itinerario D\u00cdA 1&nbsp;M\u00c9XICO \u2013 PANAM\u00c1 \u2013 PUNTA CANASalida en vuelo regular con destino la ciudad de Punta Cana v\u00eda Panam\u00e1. Llegada, recepci\u00f3n y traslado al hotel. Alojamiento [&hellip;]<\/p>\n","protected":false},"author":1,"featured_media":0,"parent":0,"menu_order":0,"comment_status":"closed","ping_status":"closed","template":"","meta":{"om_disable_all_campaigns":false,"_monsterinsights_skip_tracking":false,"_monsterinsights_sitenote_active":false,"_monsterinsights_sitenote_note":"","_monsterinsights_sitenote_category":0,"site-sidebar-layout":"default","site-content-layout":"","ast-site-content-layout":"default","site-content-style":"default","site-sidebar-style":"default","ast-global-header-display":"","ast-banner-title-visibility":"","ast-main-header-display":"","ast-hfb-above-header-display":"","ast-hfb-below-header-display":"","ast-hfb-mobile-header-display":"","site-post-title":"disabled","ast-breadcrumbs-content":"","ast-featured-img":"","footer-sml-layout":"","ast-disable-related-posts":"","theme-transparent-header-meta":"","adv-header-id-meta":"","stick-header-meta":"","header-above-stick-meta":"","header-main-stick-meta":"","header-below-stick-meta":"","astra-migrate-meta-layouts":"set","ast-page-background-enabled":"default","ast-page-background-meta":{"desktop":{"background-color":"","background-image":"","background-repeat":"repeat","background-position":"center center","background-size":"auto","background-attachment":"scroll","background-type":"","background-media":"","overlay-type":"","overlay-color":"","overlay-opacity":"","overlay-gradient":""},"tablet":{"background-color":"","background-image":"","background-repeat":"repeat","background-position":"center center","background-size":"auto","background-attachment":"scroll","background-type":"","background-media":"","overlay-type":"","overlay-color":"","overlay-opacity":"","overlay-gradient":""},"mobile":{"background-color":"","background-image":"","background-repeat":"repeat","background-position":"center center","background-size":"auto","background-attachment":"scroll","background-type":"","background-media":"","overlay-type":"","overlay-color":"","overlay-opacity":"","overlay-gradient":""}},"ast-content-background-meta":{"desktop":{"background-color":"var(--ast-global-color-5)","background-image":"","background-repeat":"repeat","background-position":"center center","background-size":"auto","background-attachment":"scroll","background-type":"","background-media":"","overlay-type":"","overlay-color":"","overlay-opacity":"","overlay-gradient":""},"tablet":{"background-color":"var(--ast-global-color-5)","background-image":"","background-repeat":"repeat","background-position":"center center","background-size":"auto","background-attachment":"scroll","background-type":"","background-media":"","overlay-type":"","overlay-color":"","overlay-opacity":"","overlay-gradient":""},"mobile":{"background-color":"var(--ast-global-color-5)","background-image":"","background-repeat":"repeat","background-position":"center center","background-size":"auto","background-attachment":"scroll","background-type":"","background-media":"","overlay-type":"","overlay-color":"","overlay-opacity":"","overlay-gradient":""}},"footnotes":""},"class_list":["post-561","page","type-page","status-publish","hentry"],"aioseo_notices":[],"_links":{"self":[{"href":"https:\/\/camaratravel.com\/index.php?rest_route=\/wp\/v2\/pages\/561","targetHints":{"allow":["GET"]}}],"collection":[{"href":"https:\/\/camaratravel.com\/index.php?rest_route=\/wp\/v2\/pages"}],"about":[{"href":"https:\/\/camaratravel.com\/index.php?rest_route=\/wp\/v2\/types\/page"}],"author":[{"embeddable":true,"href":"https:\/\/camaratravel.com\/index.php?rest_route=\/wp\/v2\/users\/1"}],"replies":[{"embeddable":true,"href":"https:\/\/camaratravel.com\/index.php?rest_route=%2Fwp%2Fv2%2Fcomments&post=561"}],"version-history":[{"count":3,"href":"https:\/\/camaratravel.com\/index.php?rest_route=\/wp\/v2\/pages\/561\/revisions"}],"predecessor-version":[{"id":1657,"href":"https:\/\/camaratravel.com\/index.php?rest_route=\/wp\/v2\/pages\/561\/revisions\/1657"}],"wp:attachment":[{"href":"https:\/\/camaratravel.com\/index.php?rest_route=%2Fwp%2Fv2%2Fmedia&parent=561"}],"curies":[{"name":"wp","href":"https:\/\/api.w.org\/{rel}","templated":true}]}}