{"id":559,"date":"2023-10-05T22:27:32","date_gmt":"2023-10-05T22:27:32","guid":{"rendered":"https:\/\/camaratravel.com\/?page_id=559"},"modified":"2023-11-08T05:41:00","modified_gmt":"2023-11-08T05:41:00","slug":"escapada-a-cuba","status":"publish","type":"page","link":"https:\/\/camaratravel.com\/?page_id=559","title":{"rendered":"Escapada a Cuba"},"content":{"rendered":"\n<div class=\"wp-block-cover is-light\" style=\"padding-top:var(--wp--preset--spacing--80);padding-bottom:var(--wp--preset--spacing--80);min-height:50px;aspect-ratio:unset;\"><span aria-hidden=\"true\" class=\"wp-block-cover__background has-vivid-green-cyan-background-color has-background-dim-100 has-background-dim\"><\/span><div class=\"wp-block-cover__inner-container is-layout-flow wp-block-cover-is-layout-flow\">\n<p class=\"has-text-align-center has-large-font-size\"><\/p>\n<\/div><\/div>\n\n\n\n<p>MT-51095 Escapada a Cuba<\/p>\n\n\n\n<p><strong>Ciudades Visitadas:<\/strong>&nbsp;Cuba<\/p>\n\n\n\n<figure class=\"wp-block-image\"><img decoding=\"async\" src=\"https:\/\/one.cdnmega.com\/images\/viajes\/covers\/escapada-a-cuba-1024x575_647e171c53438.webp\" alt=\"\"\/><\/figure>\n\n\n\n<p><strong>Duraci\u00f3n:<\/strong>&nbsp;5 D\u00edas y 4 Noches<\/p>\n\n\n\n<p><strong>Desde:<\/strong>599 USD + 399 Imp<\/p>\n\n\n\n<p><strong>Fecha(s) de salida:<\/strong><\/p>\n\n\n\n<h3 class=\"wp-block-heading\">Salidas para el a\u00f1o 2024<\/h3>\n\n\n\n<p>Enero: 10, 17, 24, 31<br>Febrero: 07, 14, 21, 28<br>Marzo: 06, 13<br>Abril: 10, 17, 24<br>Mayo: 01, 08, 15, 22, 29<br>Junio: 05, 12, 19, 26<\/p>\n\n\n\n<p><strong>Vigencia:<\/strong>&nbsp;Precios vigentes hasta el 26\/06\/2024<\/p>\n\n\n\n<p><strong>Aerolinea<\/strong><\/p>\n\n\n\n<h5 class=\"wp-block-heading\">INCLUYE VUELO<\/h5>\n\n\n\n<figure class=\"wp-block-image\"><img decoding=\"async\" src=\"https:\/\/one.cdnmega.com\/images\/aerolineas\/iata\/AM.png\" alt=\"Aeromexico\"\/><\/figure>\n\n\n\n<p>Itinerario<\/p>\n\n\n\n<p><strong>D\u00cdA 01&nbsp;M\u00c9XICO \u2013 HABANA \u2013 VARADERO<\/strong><br>Salida en vuelo regular con destino a la ciudad Habana. Recepci\u00f3n y traslado hacia Varadero (03 hrs. aproximadamente), para su Alojamiento en Plan Todo Incluido. &nbsp;<\/p>\n\n\n\n<p><strong>D\u00cdA 02&nbsp;VARADERO&nbsp;<\/strong><br>D\u00eda libre para disfrutar de las maravillosas playas del Caribe e instalaciones del hotel. Alojamiento en Plan Todo Incluido.<\/p>\n\n\n\n<p><strong>D\u00cdA 03 VARADERO \u2013 LA HABANA<\/strong><br>A hora indicada traslado a la HABANA al hotel seleccionado. &nbsp;Tarde libre para disfrutar de la ciudad. Alojamiento en la Habana.<\/p>\n\n\n\n<p><strong>D\u00cdA 04&nbsp;&nbsp;LA HABANA \u2013 Visita de Ciudad<\/strong><br>Visita panor\u00e1mica. Durante nuestra visita, veremos la parte antigua de la ciudad de La Habana, el Bulevar del Malec\u00f3n, la Plaza de la Revoluci\u00f3n, el Cementerio de Colon, zona de Miramar y el Castillo del Morro, desde donde tendr\u00e1 la oportunidad de ver una vista general de La Habana. &nbsp;Almuerzo en restaurante local. Al finalizar, traslado a nuestro hotel. Alojamiento en la Habana.<\/p>\n\n\n\n<p><strong>D\u00cdA 05&nbsp;&nbsp;LA HABANA \u2013 M\u00c9XICO<\/strong><br>A la hora indicada traslado al aeropuerto para abordar vuelo regular con destino a la ciudad de M\u00e9xico.<strong>&nbsp;&nbsp;&nbsp;&nbsp;&#8230;FIN DE NUESTROS SERVICIOS<\/strong><\/p>\n\n\n\n<p>Precios y Hoteles:<\/p>\n\n\n\n<figure class=\"wp-block-table\"><table><tbody><tr><td><strong>CATEGOR\u00cdA<\/strong><\/td><td><strong>TRIPLE<\/strong><\/td><td><strong>DOBLE<\/strong><\/td><td><strong>SGL<\/strong><\/td><td><strong>MNR<\/strong><\/td><\/tr><tr><td>Primera<\/td><td>$589<\/td><td>$599<\/td><td>$759<\/td><td>$429<\/td><\/tr><\/tbody><\/table><\/figure>\n\n\n\n<p><strong>IMPUESTOS Y SUPLEMENTOS<\/strong><\/p>\n\n\n\n<figure class=\"wp-block-table\"><table><tbody><tr><td>Impuestos a\u00e9reos<\/td><td>$ 399<\/td><\/tr><\/tbody><\/table><\/figure>\n\n\n\n<p>\u2013 Precios por persona en d\u00f3lares<br>\u2013 Los precios cambian constantemente, as\u00ed que te sugerimos la verificaci\u00f3n de estos, y no utilizar este documento como definitivo.<br>\u2013 Este programa tiene un m\u00ednimo de participantes, en caso de no cumplirse se le ofrecer\u00e1 otra fecha alternativa<br>\u2013 Menores \u00fanicamente hasta los 11 a\u00f1os 11 meses con cama. M\u00e1ximo 1 ni\u00f1o por habitaci\u00f3n doble.<br>\u2013 Habitaciones triple cupo limitado, favor de consultar. Se considera doble + roll away.<br>\u2013 Este programa tiene un minimo de participantes, en caso de no cumplirse se le ofrecer\u00e1 otra fecha alternativa.<\/p>\n\n\n\n<figure class=\"wp-block-table\"><table><tbody><tr><td colspan=\"4\"><strong>HOTELES PREVISTOS O SIMILARES<\/strong><\/td><\/tr><tr><td><strong>HOTEL<\/strong><\/td><td><strong>CIUDAD<\/strong><\/td><td><strong>TIPO<\/strong><\/td><td><strong>PA\u00cdS<\/strong><\/td><\/tr><tr><td>Roc Varadero<\/td><td>Varadero<\/td><td>Primera<\/td><td>Cuba<\/td><\/tr><tr><td>Roc Presidente<\/td><td>La Habana<\/td><td>Primera<\/td><td>Cuba<\/td><\/tr><tr><td colspan=\"4\">\u00c9sta es la relaci\u00f3n de los hoteles utilizados m\u00e1s frecuentemente en este circuito. Reflejada tan s\u00f3lo a efectos indicativos, pudiendo ser el pasajero alojado en establecimientos similares o alternativos<\/td><\/tr><\/tbody><\/table><\/figure>\n\n\n\n<p>El paquete incluye<\/p>\n\n\n\n<ul class=\"wp-block-list\">\n<li>Boleto de avi\u00f3n viaje redondo M\u00e9xico \u2013 La Habana \u2013 M\u00e9xico<\/li>\n\n\n\n<li>04 noches de alojamiento en los hoteles mencionados con desayunos incluidos en La Habana y Plan Todo Incluido en Varadero.<\/li>\n\n\n\n<li>Traslados de llegada y salida.<\/li>\n\n\n\n<li>Visita de Ciudad en la Habana.<\/li>\n\n\n\n<li>Visa de ingreso a Cuba.<\/li>\n\n\n\n<li>Seguro de viajero obligatorio.<\/li>\n\n\n\n<li>Gu\u00eda de habla hispana.<\/li>\n\n\n\n<li>Documentos de viaje se entregan en formato digital para descargar en su dispositivo m\u00f3vil.<\/li>\n<\/ul>\n\n\n\n<p>El paquete no incluye:<\/p>\n\n\n\n<ul class=\"wp-block-list\">\n<li>Ning\u00fan servicio no especificado.<\/li>\n\n\n\n<li>Excursiones opcionales.<\/li>\n\n\n\n<li>Gastos personales y propinas a maleteros, trasladistas y meseros.<\/li>\n<\/ul>\n\n\n\n<p>Precios cotizados en d\u00f3lares americanos, pagaderos en Moneda Nacional al tipo de cambio del d\u00eda Los precios indicados son informativos y deben ser conformados antes de su compra ya que est\u00e1n sujetos a cambio sin previo aviso. Para obtener el costo exacto a pagar a tipo de cambio del d\u00eda, comun\u00edquese con nosotros. Consulte impuestos y suplementos.<\/p>\n","protected":false},"excerpt":{"rendered":"<p>MT-51095 Escapada a Cuba Ciudades Visitadas:&nbsp;Cuba Duraci\u00f3n:&nbsp;5 D\u00edas y 4 Noches Desde:599 USD + 399 Imp Fecha(s) de salida: Salidas para el a\u00f1o 2024 Enero: 10, 17, 24, 31Febrero: 07, 14, 21, 28Marzo: 06, 13Abril: 10, 17, 24Mayo: 01, 08, 15, 22, 29Junio: 05, 12, 19, 26 Vigencia:&nbsp;Precios vigentes hasta el 26\/06\/2024 Aerolinea INCLUYE VUELO [&hellip;]<\/p>\n","protected":false},"author":1,"featured_media":0,"parent":0,"menu_order":0,"comment_status":"closed","ping_status":"closed","template":"","meta":{"om_disable_all_campaigns":false,"_monsterinsights_skip_tracking":false,"_monsterinsights_sitenote_active":false,"_monsterinsights_sitenote_note":"","_monsterinsights_sitenote_category":0,"site-sidebar-layout":"default","site-content-layout":"","ast-site-content-layout":"default","site-content-style":"default","site-sidebar-style":"default","ast-global-header-display":"","ast-banner-title-visibility":"","ast-main-header-display":"","ast-hfb-above-header-display":"","ast-hfb-below-header-display":"","ast-hfb-mobile-header-display":"","site-post-title":"disabled","ast-breadcrumbs-content":"","ast-featured-img":"","footer-sml-layout":"","ast-disable-related-posts":"","theme-transparent-header-meta":"","adv-header-id-meta":"","stick-header-meta":"","header-above-stick-meta":"","header-main-stick-meta":"","header-below-stick-meta":"","astra-migrate-meta-layouts":"set","ast-page-background-enabled":"default","ast-page-background-meta":{"desktop":{"background-color":"","background-image":"","background-repeat":"repeat","background-position":"center center","background-size":"auto","background-attachment":"scroll","background-type":"","background-media":"","overlay-type":"","overlay-color":"","overlay-opacity":"","overlay-gradient":""},"tablet":{"background-color":"","background-image":"","background-repeat":"repeat","background-position":"center center","background-size":"auto","background-attachment":"scroll","background-type":"","background-media":"","overlay-type":"","overlay-color":"","overlay-opacity":"","overlay-gradient":""},"mobile":{"background-color":"","background-image":"","background-repeat":"repeat","background-position":"center center","background-size":"auto","background-attachment":"scroll","background-type":"","background-media":"","overlay-type":"","overlay-color":"","overlay-opacity":"","overlay-gradient":""}},"ast-content-background-meta":{"desktop":{"background-color":"var(--ast-global-color-5)","background-image":"","background-repeat":"repeat","background-position":"center center","background-size":"auto","background-attachment":"scroll","background-type":"","background-media":"","overlay-type":"","overlay-color":"","overlay-opacity":"","overlay-gradient":""},"tablet":{"background-color":"var(--ast-global-color-5)","background-image":"","background-repeat":"repeat","background-position":"center center","background-size":"auto","background-attachment":"scroll","background-type":"","background-media":"","overlay-type":"","overlay-color":"","overlay-opacity":"","overlay-gradient":""},"mobile":{"background-color":"var(--ast-global-color-5)","background-image":"","background-repeat":"repeat","background-position":"center center","background-size":"auto","background-attachment":"scroll","background-type":"","background-media":"","overlay-type":"","overlay-color":"","overlay-opacity":"","overlay-gradient":""}},"footnotes":""},"class_list":["post-559","page","type-page","status-publish","hentry"],"aioseo_notices":[],"_links":{"self":[{"href":"https:\/\/camaratravel.com\/index.php?rest_route=\/wp\/v2\/pages\/559","targetHints":{"allow":["GET"]}}],"collection":[{"href":"https:\/\/camaratravel.com\/index.php?rest_route=\/wp\/v2\/pages"}],"about":[{"href":"https:\/\/camaratravel.com\/index.php?rest_route=\/wp\/v2\/types\/page"}],"author":[{"embeddable":true,"href":"https:\/\/camaratravel.com\/index.php?rest_route=\/wp\/v2\/users\/1"}],"replies":[{"embeddable":true,"href":"https:\/\/camaratravel.com\/index.php?rest_route=%2Fwp%2Fv2%2Fcomments&post=559"}],"version-history":[{"count":4,"href":"https:\/\/camaratravel.com\/index.php?rest_route=\/wp\/v2\/pages\/559\/revisions"}],"predecessor-version":[{"id":1656,"href":"https:\/\/camaratravel.com\/index.php?rest_route=\/wp\/v2\/pages\/559\/revisions\/1656"}],"wp:attachment":[{"href":"https:\/\/camaratravel.com\/index.php?rest_route=%2Fwp%2Fv2%2Fmedia&parent=559"}],"curies":[{"name":"wp","href":"https:\/\/api.w.org\/{rel}","templated":true}]}}