{"id":557,"date":"2023-10-05T22:22:23","date_gmt":"2023-10-05T22:22:23","guid":{"rendered":"https:\/\/camaratravel.com\/?page_id=557"},"modified":"2023-11-08T05:38:30","modified_gmt":"2023-11-08T05:38:30","slug":"triangulo-maya","status":"publish","type":"page","link":"https:\/\/camaratravel.com\/?page_id=557","title":{"rendered":"Tri\u00e1ngulo Maya"},"content":{"rendered":"\n<div class=\"wp-block-cover is-light\" style=\"padding-top:var(--wp--preset--spacing--80);padding-bottom:var(--wp--preset--spacing--80);min-height:50px;aspect-ratio:unset;\"><span aria-hidden=\"true\" class=\"wp-block-cover__background has-vivid-green-cyan-background-color has-background-dim-100 has-background-dim\"><\/span><div class=\"wp-block-cover__inner-container is-layout-flow wp-block-cover-is-layout-flow\">\n<p class=\"has-text-align-center has-large-font-size\"><\/p>\n<\/div><\/div>\n\n\n\n<p>MT-50055 Tri\u00e1ngulo Maya<\/p>\n\n\n\n<p><strong>Ciudades Visitadas:<\/strong>&nbsp;Guatemala, El Salvador, Honduras<\/p>\n\n\n\n<figure class=\"wp-block-image\"><img decoding=\"async\" src=\"https:\/\/one.cdnmega.com\/images\/viajes\/covers\/antigua-guatemala-colorido-semana-santa.webp\" alt=\"\"\/><\/figure>\n\n\n\n<p><strong>Duraci\u00f3n:<\/strong>&nbsp;10 D\u00edas y 9 Noches<\/p>\n\n\n\n<p><strong>Desde:<\/strong>2168 USD + 250 Imp<\/p>\n\n\n\n<p><strong>Fecha(s) de salida:<\/strong><\/p>\n\n\n\n<p><br>Lunes y viernes<\/p>\n\n\n\n<p><strong>Vigencia:<\/strong>&nbsp;Precios vigentes hasta el 10\/12\/2023<\/p>\n\n\n\n<p><strong>Aerolinea<\/strong><\/p>\n\n\n\n<h5 class=\"wp-block-heading\">INCLUYE VUELO<\/h5>\n\n\n\n<figure class=\"wp-block-image\"><img decoding=\"async\" src=\"https:\/\/one.cdnmega.com\/images\/aerolineas\/iata\/AM.png\" alt=\"Aeromexico\"\/><\/figure>\n\n\n\n<p>Itinerario<\/p>\n\n\n\n<p><strong>D\u00cdA 1 M\u00c9XICO \u2013 GUATEMALA<\/strong><br>Cita en el aeropuerto de la ciudad de M\u00e9xico, para abordar el vuelo con destino a Guatemala. Llegada, recepci\u00f3n y traslado al hotel elegido o similar. Tarde libre. Alojamiento.<\/p>\n\n\n\n<p><strong>D\u00cdA 2&nbsp;GUATEMALA \u2013 Chalchuapa \u2013 Joya De Cer\u00e9n \u2013 SAN SALVADOR<\/strong><br>Salida desde Ciudad de Guatemala hacia San Salvador, 270km aprox. Visita el Sitio Arqueol\u00f3gico Joya de Ceren declarado Patrimonio de la Humanidad por la UNESCO, uno de los descubrimientos arqueol\u00f3gicos m\u00e1s importante en los \u00faltimos a\u00f1os en Latinoam\u00e9rica, este sitio \u00fanico en el Mundo Maya nos muestra una ventana al pasado de la forma de vida y agricultura de los mayasen ruta del Sitio Arqueol\u00f3gico de Tazumal y Casa Blanca, y continuaci\u00f3n hacia San Salvador. Alojamiento. &nbsp;<\/p>\n\n\n\n<p><strong>D\u00cdA 3 SAN SALVADOR \u2013 Santa Ana \u2013 COP\u00c1N (HONDURAS)<\/strong><br>Salida hacia la ciudad Heroica de Santa Ana, segunda ciudad en importancia para El Salvador, breve tour panor\u00e1mico. Continuaci\u00f3n hacia Cop\u00e1n (Honduras). Breves tr\u00e1mites migratorios y llegada al medio d\u00eda. Por la tarde Visita del Sitio Arqueol\u00f3gico considerado como uno de los m\u00e1s importantes del Mundo Maya, visita del complejo con sus estelas esculpidas, la escalinata con glifos mayas y el campo de pelota. Alojamiento.<\/p>\n\n\n\n<p><strong>D\u00cdA 4 COP\u00c1N \u2013 Quirigu\u00e1 \u2013 R\u00cdO DULCE<\/strong><br>Salida hacia Arqueol\u00f3gico de Quirigu\u00e1 (Guatemala) localizado a orillas del R\u00edo Motagua, el parque est\u00e1 comprendido en un complejo de estelas esculpidas en piedra arenisca, dentro de las cuales se encuentra la estela m\u00e1s alta de todo el mundo Maya, con m\u00e1s de 10.60 mts. De altura, as\u00ed tambi\u00e9n figuras zoomorfas que datan del per\u00edodo cl\u00e1sico de los mayas. Continuaci\u00f3n hacia R\u00edo Dulce. Alojamiento.<\/p>\n\n\n\n<p><strong>D\u00cdA 5 R\u00cdO DULCE \u2013 Livingston \u2013 R\u00edo Dulce \u2013 FLORES<\/strong><br>Traslado hacia Rio Dulce. Salida en bote para visitar el poblado de origen gar\u00edfuna Livingston con su m\u00fasica reggae y punta, el pan de coco, etc. Continuaci\u00f3n en bote r\u00edo arriba, desde donde observaremos la exuberante vegetaci\u00f3n y un ca\u00f1\u00f3n natural. Y con el bote se introducir\u00e1n en los canales, continuaci\u00f3n hacia Rio Dulce, TOUR panor\u00e1mico del Castillo de San Felipe de Lara, fortaleza construida en el siglo XVII por los espa\u00f1oles para evitar los saqueos de los almacenes que ten\u00edan a orillas del Lago. M\u00e1s tarde continuaremos a la ciudad de Flores. Alojamiento.<\/p>\n\n\n\n<p><strong>D\u00cdA 6 FLORES \u2013 Tikal \u2013 FLORES \u2013 GUATEMALA&nbsp;<\/strong><br>Traslado hacia el Sitio Arqueol\u00f3gico m\u00e1s importante del mundo Maya, Tikal, su nombre significa \u201cLugar de Voces\u201d, construido durante el per\u00edodo cl\u00e1sico de los Mayas. A su llegada al Sitio Arqueol\u00f3gico Tikal, nuestro gu\u00eda le mostrar\u00e1 la maqueta del complejo de Templos y Acr\u00f3polis. Visita del Complejo Q y R, continuaci\u00f3n hacia la Acr\u00f3polis Central, los Templos I \u201cEl Gran Jaguar\u201d y el templo II \u201cde Los Mascarones\u201d, considerado el primero como uno de los m\u00e1s importantes dentro del complejo, visita del Mundo Perdido (si el tiempo lo permite), y por la tarde retorno al Centro de Visitantes para almuerzo. A hora conveniente traslado hacia el Aeropuerto Mundo Maya para tomar vuelo de retorno a Guatemala. Recibimiento y traslado hacia su hotel en Ciudad Guatemala para alojamiento.&nbsp;<\/p>\n\n\n\n<p><strong>D\u00cdA 7 GUATEMALA \u2013 Chichicastenango \u2013 Lago Atitl\u00e1n<\/strong><br>Salida muy temprano hacia el mercado de Chichicastenango, localizado en el altiplano central guatemalteco, importante por su mercado multicolor, visita de la Iglesia de Santo Tom\u00e1s, a la hora conveniente salida hacia el Lago Atitl\u00e1n, rodeado de tres volcanes Atitl\u00e1n, Tolim\u00e1n y San Pedro, sus aguas cristalinas reflejan la belleza natural del lago. Visita panor\u00e1mica de Panajachel. A la hora conveniente traslado a su hotel. Alojamiento.&nbsp;<\/p>\n\n\n\n<p><strong>D\u00cdA 8&nbsp;BOTE SAN JUAN LA LAGUNA \u2013 Lago Atitl\u00e1n \u2013 ANTIGUA GUATEMALA&nbsp;<\/strong><br>A las 08:00 de la ma\u00f1ana, abordaremos el bote que nos conducir\u00e1 hacia el poblado de de San Juan La Laguna, a su llegada caminata y visita de la Iglesia Cat\u00f3lica. Luego nos dirigiremos hacia la f\u00e1brica de chocolate para ver la elaboraci\u00f3n del mismo, siguiendo hacia la F\u00e1brica de Textiles donde nos mostrar\u00e1n la elaboraci\u00f3n de los tintes para estos bellos lienzos, adem\u00e1s visitaremos a los artesanos de las plantas medicinales. A la hora conveniente retorno a Panajachel, por la tarde traslado a la Ciudad de Antigua Guatemala. Alojamiento.&nbsp;<\/p>\n\n\n\n<p><strong>D\u00cdA 9 ANTIGUA \u2013 Visita de Ciudad<\/strong><br>Salida para visita de una de las ciudades m\u00e1s importantes durante el periodo colonial en Am\u00e9rica, a su llegada visita del monasterio de la Merced, visita de la plaza de Armas y Catedral, tiempo libre para compras y a la hora indicada retorno a su hotel. Tarde libre. &nbsp;Alojamiento.<\/p>\n\n\n\n<p><strong>D\u00cdA 10&nbsp;ANTIGUA \u2013 GUATEMALA \u2013 M\u00c9XICO<\/strong><br>Traslado al aeropuerto para abordar el vuelo con destino a la Ciudad de M\u00e9xico.<strong>&nbsp;&nbsp;&nbsp;&nbsp;&#8230;FIN DE NUESTROS SERVICIOS<\/strong><\/p>\n\n\n\n<p>Precios y Hoteles:<\/p>\n\n\n\n<figure class=\"wp-block-table\"><table><tbody><tr><td><strong>CATEGOR\u00cdA<\/strong><\/td><td><strong>TRIPLE<\/strong><\/td><td><strong>DOBLE<\/strong><\/td><td><strong>SGL<\/strong><\/td><td><strong>MNR<\/strong><\/td><\/tr><tr><td>Hoteles 3*<\/td><td>$ 2,098<\/td><td>$ 2,168<\/td><td>$ 2,568<\/td><td>$ 1,638<\/td><\/tr><tr><td>Hoteles 4*<\/td><td>$ 2,198<\/td><td>$ 2,268<\/td><td>$ 2,828<\/td><td>$ 1,638<\/td><\/tr><tr><td>Hoteles 5*<\/td><td>$ 2,398<\/td><td>$ 2,468<\/td><td>$ 3,168<\/td><td>$ 1,638<\/td><\/tr><\/tbody><\/table><\/figure>\n\n\n\n<p><strong>IMPUESTOS Y SUPLEMENTOS<\/strong><\/p>\n\n\n\n<figure class=\"wp-block-table\"><table><tbody><tr><td>Impuestos A\u00e9reos<\/td><td>$ 250<\/td><\/tr><\/tbody><\/table><\/figure>\n\n\n\n<p>\u2013 Precios por persona en d\u00f3lares<br>\u2013 Precios no aplican en semana santa, pascua, eventos especiales, carnaval, navidad y a\u00f1o nuevo<br>\u2013 Los precios cambian constantemente, as\u00ed que te sugerimos la verificaci\u00f3n de estos, y no utilizar este documento como definitivo.<br>\u2013 Tarifas validas con precompra de 21 d\u00edas.<br>\u2013 Consultar suplemento a\u00e9reo julio y agosto 2023.<br>\u2013&nbsp;Consultar suplemento para pasajero viajando solo.<br>\u2013 Menores compartiendo habitaci\u00f3n con sus padres. No incluye desayuno (se permiten 02 menores en base habitaci\u00f3n doble). Ni\u00f1os menores de 11 a\u00f1os.<\/p>\n\n\n\n<figure class=\"wp-block-table\"><table><tbody><tr><td colspan=\"4\"><strong>HOTELES PREVISTOS O SIMILARES<\/strong><\/td><\/tr><tr><td><strong>HOTEL<\/strong><\/td><td><strong>CIUDAD<\/strong><\/td><td><strong>TIPO<\/strong><\/td><td><strong>PA\u00cdS<\/strong><\/td><\/tr><tr><td>Casa Veranda<\/td><td>Guatemala<\/td><td>3 Estrellas<\/td><td>Guatemala<\/td><\/tr><tr><td>Villa Terra<\/td><td>Salvador<\/td><td>3 Estrellas<\/td><td>El Salvador<\/td><\/tr><tr><td>Plaza Cop\u00e1n<\/td><td>Cop\u00e1n<\/td><td>3 Estrellas<\/td><td>Honduras<\/td><\/tr><tr><td>Catamaran<\/td><td>R\u00edo Dulce<\/td><td>3 Estrellas<\/td><td>Guatemala<\/td><\/tr><tr><td>Casona de la Isla<\/td><td>Flores<\/td><td>3 Estrellas<\/td><td>Guatemala<\/td><\/tr><tr><td>Regis \/ Dos Mundos<\/td><td>Panajachel<\/td><td>3 Estrellas<\/td><td>Guatemala<\/td><\/tr><tr><td>Hotel San Jorge<\/td><td>Antigua<\/td><td>3 Estrellas<\/td><td>Guatemala<\/td><\/tr><tr><td><strong>HOTEL<\/strong><\/td><td><strong>CIUDAD<\/strong><\/td><td><strong>TIPO<\/strong><\/td><td><strong>PA\u00cdS<\/strong><\/td><\/tr><tr><td>Clarion Suites<\/td><td>Guatemala<\/td><td>4 Estrellas<\/td><td>Guatemala<\/td><\/tr><tr><td>Barcel\u00f3<\/td><td>Salvador<\/td><td>4 Estrellas<\/td><td>El Salvador<\/td><\/tr><tr><td>Marina Cop\u00e1n<\/td><td>Cop\u00e1n<\/td><td>4 Estrellas<\/td><td>Honduras<\/td><\/tr><tr><td>Banana Palms&nbsp;<\/td><td>R\u00edo Dulce<\/td><td>4 Estrellas<\/td><td>Guatemala<\/td><\/tr><tr><td>Casona del Lago<\/td><td>Flores<\/td><td>4 Estrellas<\/td><td>Guatemala<\/td><\/tr><tr><td>Porta del Lago<\/td><td>Panajachel<\/td><td>4 Estrellas<\/td><td>Guatemala<\/td><\/tr><tr><td>Camino Real Antigua<\/td><td>Antigua<\/td><td>4 Estrellas<\/td><td>Guatemala<\/td><\/tr><tr><td><strong>HOTEL<\/strong><\/td><td><strong>CIUDAD<\/strong><\/td><td><strong>TIPO<\/strong><\/td><td><strong>PA\u00cdS<\/strong><\/td><\/tr><tr><td>Hilton Guatemala<\/td><td>Guatemala<\/td><td>5 Estrellas<\/td><td>Guatemala<\/td><\/tr><tr><td>Real Intecontinental<\/td><td>Salvador<\/td><td>5 Estrellas<\/td><td>El Salvador<\/td><\/tr><tr><td>Marina Cop\u00e1n<\/td><td>Cop\u00e1n<\/td><td>5 Estrellas<\/td><td>Honduras<\/td><\/tr><tr><td>Banana Palms 4*<\/td><td>R\u00edo Dulce<\/td><td>5 Estrellas<\/td><td>Guatemala<\/td><\/tr><tr><td>Camino Real Tikal<\/td><td>Flores<\/td><td>5 Estrellas<\/td><td>Guatemala<\/td><\/tr><tr><td>Atitl\u00e1n<\/td><td>Panajachel<\/td><td>5 Estrellas<\/td><td>Guatemala<\/td><\/tr><tr><td>Santo Domingo \/ Pensativo<\/td><td>Antigua<\/td><td>5 Estrellas<\/td><td>Guatemala<\/td><\/tr><tr><td colspan=\"4\">\u00c9sta es la relaci\u00f3n de los hoteles utilizados m\u00e1s frecuentemente en este circuito. Reflejada tan s\u00f3lo a efectos indicativos, pudiendo ser el pasajero alojado en establecimientos similares o alternativos<\/td><\/tr><\/tbody><\/table><\/figure>\n\n\n\n<p>El paquete incluye<\/p>\n\n\n\n<ul class=\"wp-block-list\">\n<li>Boleto de avi\u00f3n redondo M\u00e9xico \u2013 Guatemala \u2013 M\u00e9xico.<\/li>\n\n\n\n<li>Boleto de avi\u00f3n Flores \u2013 Guatemala.<\/li>\n\n\n\n<li>Traslados aeropuerto \u2013 hotel \u2013 aeropuerto y entre ciudades.<\/li>\n\n\n\n<li>01 noches en El Salvador en hotel de categor\u00eda elegida con desayuno.<\/li>\n\n\n\n<li>02 noches en Guatemala en hotel de categor\u00eda elegida con desayunos.<\/li>\n\n\n\n<li>01 noche en Copan en hotel de categor\u00eda elegida con desayuno.<\/li>\n\n\n\n<li>01 noche en Puerto Barrios en hotel de categor\u00eda elegida con desayuno.<\/li>\n\n\n\n<li>01 noche en Flores en hotel de categor\u00eda elegida con desayuno.<\/li>\n\n\n\n<li>01 noche en Panajachel en hotel de categor\u00eda elegida con desayuno.<\/li>\n\n\n\n<li>02 noches en Antigua en hotel de categor\u00eda elegida con desayuno.<\/li>\n\n\n\n<li>Excursiones indicadas en el itinerario.<\/li>\n\n\n\n<li>M\u00ednimo dos pasajeros viajando juntos.<\/li>\n\n\n\n<li>Documentos de viaje se entregar\u00e1n en formato digital para descargar en su dispositivo m\u00f3vil.<\/li>\n<\/ul>\n\n\n\n<p>El paquete no incluye:<\/p>\n\n\n\n<ul class=\"wp-block-list\">\n<li>Tarjeta de Asistencia Tur\u00edstica (seguro de viajero). Consultar opciones.<\/li>\n\n\n\n<li>Ning\u00fan servicio no especificado.<\/li>\n\n\n\n<li>Gastos personales y propinas a maleteros, trasladistas, meseros y gu\u00edas.<\/li>\n\n\n\n<li>Impuesto pagadero en el aeropuerto de Guatemala 5.00 usd.<\/li>\n<\/ul>\n\n\n\n<p>Precios cotizados en d\u00f3lares americanos, pagaderos en Moneda Nacional al tipo de cambio del d\u00eda Los precios indicados son informativos y deben ser conformados antes de su compra ya que est\u00e1n sujetos a cambio sin previo aviso. Para obtener el costo exacto a pagar a tipo de cambio del d\u00eda, comun\u00edquese con nosotros. Consulte impuestos y suplementos.<\/p>\n","protected":false},"excerpt":{"rendered":"<p>MT-50055 Tri\u00e1ngulo Maya Ciudades Visitadas:&nbsp;Guatemala, El Salvador, Honduras Duraci\u00f3n:&nbsp;10 D\u00edas y 9 Noches Desde:2168 USD + 250 Imp Fecha(s) de salida: Lunes y viernes Vigencia:&nbsp;Precios vigentes hasta el 10\/12\/2023 Aerolinea INCLUYE VUELO Itinerario D\u00cdA 1 M\u00c9XICO \u2013 GUATEMALACita en el aeropuerto de la ciudad de M\u00e9xico, para abordar el vuelo con destino a Guatemala. Llegada, [&hellip;]<\/p>\n","protected":false},"author":1,"featured_media":0,"parent":0,"menu_order":0,"comment_status":"closed","ping_status":"closed","template":"","meta":{"om_disable_all_campaigns":false,"_monsterinsights_skip_tracking":false,"_monsterinsights_sitenote_active":false,"_monsterinsights_sitenote_note":"","_monsterinsights_sitenote_category":0,"site-sidebar-layout":"default","site-content-layout":"","ast-site-content-layout":"default","site-content-style":"default","site-sidebar-style":"default","ast-global-header-display":"","ast-banner-title-visibility":"","ast-main-header-display":"","ast-hfb-above-header-display":"","ast-hfb-below-header-display":"","ast-hfb-mobile-header-display":"","site-post-title":"disabled","ast-breadcrumbs-content":"","ast-featured-img":"","footer-sml-layout":"","ast-disable-related-posts":"","theme-transparent-header-meta":"","adv-header-id-meta":"","stick-header-meta":"","header-above-stick-meta":"","header-main-stick-meta":"","header-below-stick-meta":"","astra-migrate-meta-layouts":"set","ast-page-background-enabled":"default","ast-page-background-meta":{"desktop":{"background-color":"","background-image":"","background-repeat":"repeat","background-position":"center center","background-size":"auto","background-attachment":"scroll","background-type":"","background-media":"","overlay-type":"","overlay-color":"","overlay-opacity":"","overlay-gradient":""},"tablet":{"background-color":"","background-image":"","background-repeat":"repeat","background-position":"center center","background-size":"auto","background-attachment":"scroll","background-type":"","background-media":"","overlay-type":"","overlay-color":"","overlay-opacity":"","overlay-gradient":""},"mobile":{"background-color":"","background-image":"","background-repeat":"repeat","background-position":"center center","background-size":"auto","background-attachment":"scroll","background-type":"","background-media":"","overlay-type":"","overlay-color":"","overlay-opacity":"","overlay-gradient":""}},"ast-content-background-meta":{"desktop":{"background-color":"var(--ast-global-color-5)","background-image":"","background-repeat":"repeat","background-position":"center center","background-size":"auto","background-attachment":"scroll","background-type":"","background-media":"","overlay-type":"","overlay-color":"","overlay-opacity":"","overlay-gradient":""},"tablet":{"background-color":"var(--ast-global-color-5)","background-image":"","background-repeat":"repeat","background-position":"center center","background-size":"auto","background-attachment":"scroll","background-type":"","background-media":"","overlay-type":"","overlay-color":"","overlay-opacity":"","overlay-gradient":""},"mobile":{"background-color":"var(--ast-global-color-5)","background-image":"","background-repeat":"repeat","background-position":"center center","background-size":"auto","background-attachment":"scroll","background-type":"","background-media":"","overlay-type":"","overlay-color":"","overlay-opacity":"","overlay-gradient":""}},"footnotes":""},"class_list":["post-557","page","type-page","status-publish","hentry"],"aioseo_notices":[],"_links":{"self":[{"href":"https:\/\/camaratravel.com\/index.php?rest_route=\/wp\/v2\/pages\/557","targetHints":{"allow":["GET"]}}],"collection":[{"href":"https:\/\/camaratravel.com\/index.php?rest_route=\/wp\/v2\/pages"}],"about":[{"href":"https:\/\/camaratravel.com\/index.php?rest_route=\/wp\/v2\/types\/page"}],"author":[{"embeddable":true,"href":"https:\/\/camaratravel.com\/index.php?rest_route=\/wp\/v2\/users\/1"}],"replies":[{"embeddable":true,"href":"https:\/\/camaratravel.com\/index.php?rest_route=%2Fwp%2Fv2%2Fcomments&post=557"}],"version-history":[{"count":4,"href":"https:\/\/camaratravel.com\/index.php?rest_route=\/wp\/v2\/pages\/557\/revisions"}],"predecessor-version":[{"id":1653,"href":"https:\/\/camaratravel.com\/index.php?rest_route=\/wp\/v2\/pages\/557\/revisions\/1653"}],"wp:attachment":[{"href":"https:\/\/camaratravel.com\/index.php?rest_route=%2Fwp%2Fv2%2Fmedia&parent=557"}],"curies":[{"name":"wp","href":"https:\/\/api.w.org\/{rel}","templated":true}]}}