{"id":555,"date":"2023-10-05T22:20:53","date_gmt":"2023-10-05T22:20:53","guid":{"rendered":"https:\/\/camaratravel.com\/?page_id=555"},"modified":"2023-11-08T05:30:44","modified_gmt":"2023-11-08T05:30:44","slug":"guatemala-y-costa-rica","status":"publish","type":"page","link":"https:\/\/camaratravel.com\/?page_id=555","title":{"rendered":"Guatemala y Costa Rica"},"content":{"rendered":"\n<div class=\"wp-block-cover is-light\" style=\"padding-top:var(--wp--preset--spacing--80);padding-bottom:var(--wp--preset--spacing--80);min-height:50px;aspect-ratio:unset;\"><span aria-hidden=\"true\" class=\"wp-block-cover__background has-vivid-green-cyan-background-color has-background-dim-100 has-background-dim\"><\/span><div class=\"wp-block-cover__inner-container is-layout-flow wp-block-cover-is-layout-flow\">\n<p class=\"has-text-align-center has-large-font-size\"><\/p>\n<\/div><\/div>\n\n\n\n<p>MT-50048 Guatemala y Costa Rica<\/p>\n\n\n\n<p><strong>Ciudades Visitadas:<\/strong>&nbsp;Guatemala, Costa Rica<\/p>\n\n\n\n<figure class=\"wp-block-image\"><img decoding=\"async\" src=\"https:\/\/one.cdnmega.com\/images\/viajes\/covers\/guatemala-y-costa-rica-844x474_5db9c8f33fa77.webp\" alt=\"\"\/><\/figure>\n\n\n\n<p><strong>Duraci\u00f3n:<\/strong>&nbsp;7 D\u00edas y 6 Noches<\/p>\n\n\n\n<p><strong>Desde:<\/strong>1098 USD + 320 Imp<\/p>\n\n\n\n<p><strong>Fecha(s) de salida:<\/strong><\/p>\n\n\n\n<p><br>Diarias<\/p>\n\n\n\n<p><strong>Vigencia:<\/strong>&nbsp;Precios vigentes hasta el 30\/11\/2023<\/p>\n\n\n\n<p><strong>Aerolinea<\/strong><\/p>\n\n\n\n<h5 class=\"wp-block-heading\">INCLUYE VUELO<\/h5>\n\n\n\n<figure class=\"wp-block-image\"><img decoding=\"async\" src=\"https:\/\/one.cdnmega.com\/images\/aerolineas\/iata\/AM.png\" alt=\"Aeromexico\"\/><\/figure>\n\n\n\n<figure class=\"wp-block-image\"><img decoding=\"async\" src=\"https:\/\/one.cdnmega.com\/images\/aerolineas\/iata\/AV.png\" alt=\"Avianca\"\/><\/figure>\n\n\n\n<p>Itinerario<\/p>\n\n\n\n<p><strong>D\u00cdA 1 M\u00c9XICO \u2013 SAN JOS\u00c9 \u2013 Visita de Ciudad<\/strong><br>Cita en el aeropuerto de la Ciudad de M\u00e9xico para abordar el vuelo con destino a la ciudad de San Jos\u00e9. \u00a1Bienvenidos a Costa Rica! Nuestro personal estar\u00e1 preparado para recibirles y trasladarles hasta su hotel. Alojamiento en San Jos\u00e9.<\/p>\n\n\n\n<p><strong>D\u00cdA 2 SAN JOS\u00c9 \u2013 VIP San Jose City Bus<\/strong><br>Se inicia el tour pasando por su hotel para iniciar el recorrido por el Parque Metropolitano en donde se encuentra el Museo de Arte as\u00ed inicia una traves\u00eda por la capital de San Jos\u00e9 viviendo una experiencia cultural, durante el recorrido se pueden apreciar importantes atractivos culturales de San Jos\u00e9, disfrutando de m\u00fasica t\u00edpica, donde un gu\u00eda biling\u00fce les proporcionar\u00e1 toda la informaci\u00f3n respectiva y evacuar\u00e1 sus dudas. Haremos caminatas en la Plaza La Cultura, almorzaremos un rico platillo costarricense, Teatro Nacional (vest\u00edbulo), Museo de Oro, Monumento Nacional, Parque Nacional, y Mercado Central donde tendremos un espacio para hacer compras. Alojamiento en San Jos\u00e9.<br>NOTA: El horario de Teatro y Museo para ingreso puede variar seg\u00fan d\u00edas festivos o actividades especiales.<\/p>\n\n\n\n<p><strong>D\u00cdA 3 SAN JOS\u00c9<\/strong><br>D\u00eda libre para disfrutar de la ciudad, posibilidad de realizar excursiones opcionales de aventura o ecoturismo. Recomendamos una excursi\u00f3n a Isla Tortuga, Volcan Arenal, o bien disfrutar la capital del pa\u00eds. Alojamiento en San Jos\u00e9.<\/p>\n\n\n\n<p><strong>D\u00cdA 4 SAN JOS\u00c9 \u2013 GUATEMALA \u2013 ANTIGUA&nbsp;<\/strong><br>A la hora indicada traslado al aeropuerto para abordar vuelo regular con destino a Guatemala. Llegada, recepci\u00f3n y traslado terrestre a Antigua. Alojamiento en Antigua.<\/p>\n\n\n\n<p><strong>D\u00cdA 5 ANTIGUA \u2013 Visita de Ciudad<\/strong><br>Salida desde su hotel a hora convenida hacia la ciudad colonial de Antigua Guatemala, una de las ciudades m\u00e1s importantes durante el periodo colonial en Am\u00e9rica, a su llegada visita del monasterio de la Merced, visita de la plaza de Armas y Catedral, tiempo libre para compras y a la hora indicada retorno a Guatemala. Alojamiento en Antigua. Nota: Operaci\u00f3n diaria excepto jueves y domingo.<\/p>\n\n\n\n<p><strong>D\u00cdA 6 ANTIGUA \u2013 GUATEMALA<\/strong><br>Ma\u00f1ana libre para realizar actividades personales. Por la tarde traslado terrestre a la Ciudad de Guatemala. Alojamiento en Guatemala.<\/p>\n\n\n\n<p><strong>D\u00cdA 7 GUATEMALA \u2013 M\u00c9XICO<\/strong><br>A la hora oportuna traslado al aeropuerto para tomar el vuelo de regreso con destino a la Ciudad de M\u00e9xico.<strong>&nbsp;&nbsp;&nbsp;&nbsp;&#8230;FIN DE NUESTROS SERVICIOS<\/strong><\/p>\n\n\n\n<p>Precios y Hoteles:<\/p>\n\n\n\n<figure class=\"wp-block-table\"><table><tbody><tr><td><strong>CATEGOR\u00cdA<\/strong><\/td><td><strong>TRIPLE<\/strong><\/td><td><strong>DOBLE<\/strong><\/td><td><strong>SGL<\/strong><\/td><td><strong>MNR<\/strong><\/td><\/tr><tr><td>Hoteles 3*<\/td><td>$ 1,048<\/td><td>$ 1,098<\/td><td>$ 1,448<\/td><td>$698<\/td><\/tr><tr><td>Hoteles 4*<\/td><td>$ 1,118<\/td><td>$ 1,218<\/td><td>$ 1,698<\/td><td>$ 698<\/td><\/tr><tr><td>Hoteles 5*<\/td><td>$ 1,358<\/td><td>$ 1,438<\/td><td>$ 2,018<\/td><td>$ 698<\/td><\/tr><\/tbody><\/table><\/figure>\n\n\n\n<p><strong>IMPUESTOS Y SUPLEMENTOS<\/strong><\/p>\n\n\n\n<figure class=\"wp-block-table\"><table><tbody><tr><td>Impuestos A\u00e9reos<\/td><td>$ 320<\/td><\/tr><tr><td>Suplemento para pasajero viajando solo<\/td><td>$65<\/td><\/tr><\/tbody><\/table><\/figure>\n\n\n\n<p>\u2013 Precios por persona en d\u00f3lares<br>\u2013 Precios no aplican en semana santa, pascua, eventos especiales, carnaval, navidad y a\u00f1o nuevo<br>\u2013 Los precios cambian constantemente, as\u00ed que te sugerimos la verificaci\u00f3n de estos, y no utilizar este documento como definitivo.<br>\u2013 Tarifas validas con precompra de 21 d\u00edas.<br>\u2013 Consultar suplemento a\u00e9reo julio y agosto 2023.<\/p>\n\n\n\n<figure class=\"wp-block-table\"><table><tbody><tr><td colspan=\"4\"><strong>HOTELES PREVISTOS O SIMILARES<\/strong><\/td><\/tr><tr><td><strong>HOTEL<\/strong><\/td><td><strong>CIUDAD<\/strong><\/td><td><strong>TIPO<\/strong><\/td><td><strong>PA\u00cdS<\/strong><\/td><\/tr><tr><td>Hotel San Jorge<\/td><td>Antigua<\/td><td>3 Estrellas<\/td><td>Guatemala<\/td><\/tr><tr><td>Casa Verana<\/td><td>Guatemala<\/td><td>3 Estrellas<\/td><td>Guatemala<\/td><\/tr><tr><td>Iraz\u00fa Hotel &amp; Studios<\/td><td>San Jos\u00e9<\/td><td>3 Estrellas<\/td><td>Costa Rica<\/td><\/tr><tr><td><strong>HOTEL<\/strong><\/td><td><strong>CIUDAD<\/strong><\/td><td><strong>TIPO<\/strong><\/td><td><strong>PA\u00cdS<\/strong><\/td><\/tr><tr><td>Camino Real<\/td><td>Antigua<\/td><td>4 Estrellas<\/td><td>Guatemala<\/td><\/tr><tr><td>Clarion<\/td><td>Guatemala<\/td><td>4 Estrellas<\/td><td>Guatemala<\/td><\/tr><tr><td>Radisson San Jose<\/td><td>San Jos\u00e9<\/td><td>4 Estrellas<\/td><td>Costa Rica<\/td><\/tr><tr><td><strong>HOTEL<\/strong><\/td><td><strong>CIUDAD<\/strong><\/td><td><strong>TIPO<\/strong><\/td><td><strong>PA\u00cdS<\/strong><\/td><\/tr><tr><td>Santo Domingo<\/td><td>Antigua<\/td><td>5 Estrellas<\/td><td>Guatemala<\/td><\/tr><tr><td>Barcel\u00f3<\/td><td>Guatemala<\/td><td>5 Estrellas<\/td><td>Guatemala<\/td><\/tr><tr><td>Gran Costa Rica Curio<\/td><td>San Jos\u00e9<\/td><td>5 Estrellas<\/td><td>Costa Rica<\/td><\/tr><tr><td colspan=\"4\">\u00c9sta es la relaci\u00f3n de los hoteles utilizados m\u00e1s frecuentemente en este circuito. Reflejada tan s\u00f3lo a efectos indicativos, pudiendo ser el pasajero alojado en establecimientos similares o alternativos<\/td><\/tr><\/tbody><\/table><\/figure>\n\n\n\n<p>El paquete incluye<\/p>\n\n\n\n<ul class=\"wp-block-list\">\n<li>Boleto de avi\u00f3n M\u00e9xico \u2013 San Jos\u00e9 \u2013 Guatemala \u2013 M\u00e9xico.<\/li>\n\n\n\n<li>Traslados aeropuerto \u2013 hotel \u2013 aeropuerto y entre ciudades.<\/li>\n\n\n\n<li>03 noches de alojamiento en San Jos\u00e9 en hotel de categor\u00eda elegida.<\/li>\n\n\n\n<li>02 noches en Antigua en hotel de categor\u00eda elegida con desayunos.<\/li>\n\n\n\n<li>01 noche en Guatemala en hotel de categor\u00eda elegida con desayuno.<\/li>\n\n\n\n<li>Desayunos diarios.<\/li>\n\n\n\n<li>Visitas indicadas en itinerario.<\/li>\n\n\n\n<li>Gu\u00eda de habla hispana.<\/li>\n\n\n\n<li>Documentos de viaje se entregar\u00e1n en formato digital para descargar en su dispositivo m\u00f3vil.<\/li>\n\n\n\n<li>M\u00ednimo dos pasajeros viajando juntos.<\/li>\n<\/ul>\n\n\n\n<p>El paquete no incluye:<\/p>\n\n\n\n<ul class=\"wp-block-list\">\n<li>Tarjeta de Asistencia Tur\u00edstica (seguro de viajero). Consultar opciones.<\/li>\n\n\n\n<li>Ning\u00fan servicio no especificado.<\/li>\n\n\n\n<li>Gastos personales y propinas a trasladistas, gu\u00edas, maleteros y meseros.<\/li>\n\n\n\n<li>Bebidas en alimentaci\u00f3n.<\/li>\n<\/ul>\n\n\n\n<p>Precios cotizados en d\u00f3lares americanos, pagaderos en Moneda Nacional al tipo de cambio del d\u00eda Los precios indicados son informativos y deben ser conformados antes de su compra ya que est\u00e1n sujetos a cambio sin previo aviso. Para obtener el costo exacto a pagar a tipo de cambio del d\u00eda, comun\u00edquese con nosotros. Consulte impuestos y suplementos.<\/p>\n","protected":false},"excerpt":{"rendered":"<p>MT-50048 Guatemala y Costa Rica Ciudades Visitadas:&nbsp;Guatemala, Costa Rica Duraci\u00f3n:&nbsp;7 D\u00edas y 6 Noches Desde:1098 USD + 320 Imp Fecha(s) de salida: Diarias Vigencia:&nbsp;Precios vigentes hasta el 30\/11\/2023 Aerolinea INCLUYE VUELO Itinerario D\u00cdA 1 M\u00c9XICO \u2013 SAN JOS\u00c9 \u2013 Visita de CiudadCita en el aeropuerto de la Ciudad de M\u00e9xico para abordar el vuelo con [&hellip;]<\/p>\n","protected":false},"author":1,"featured_media":0,"parent":0,"menu_order":0,"comment_status":"closed","ping_status":"closed","template":"","meta":{"om_disable_all_campaigns":false,"_monsterinsights_skip_tracking":false,"_monsterinsights_sitenote_active":false,"_monsterinsights_sitenote_note":"","_monsterinsights_sitenote_category":0,"site-sidebar-layout":"default","site-content-layout":"","ast-site-content-layout":"default","site-content-style":"default","site-sidebar-style":"default","ast-global-header-display":"","ast-banner-title-visibility":"","ast-main-header-display":"","ast-hfb-above-header-display":"","ast-hfb-below-header-display":"","ast-hfb-mobile-header-display":"","site-post-title":"disabled","ast-breadcrumbs-content":"","ast-featured-img":"","footer-sml-layout":"","ast-disable-related-posts":"","theme-transparent-header-meta":"","adv-header-id-meta":"","stick-header-meta":"","header-above-stick-meta":"","header-main-stick-meta":"","header-below-stick-meta":"","astra-migrate-meta-layouts":"set","ast-page-background-enabled":"default","ast-page-background-meta":{"desktop":{"background-color":"","background-image":"","background-repeat":"repeat","background-position":"center center","background-size":"auto","background-attachment":"scroll","background-type":"","background-media":"","overlay-type":"","overlay-color":"","overlay-opacity":"","overlay-gradient":""},"tablet":{"background-color":"","background-image":"","background-repeat":"repeat","background-position":"center center","background-size":"auto","background-attachment":"scroll","background-type":"","background-media":"","overlay-type":"","overlay-color":"","overlay-opacity":"","overlay-gradient":""},"mobile":{"background-color":"","background-image":"","background-repeat":"repeat","background-position":"center center","background-size":"auto","background-attachment":"scroll","background-type":"","background-media":"","overlay-type":"","overlay-color":"","overlay-opacity":"","overlay-gradient":""}},"ast-content-background-meta":{"desktop":{"background-color":"var(--ast-global-color-5)","background-image":"","background-repeat":"repeat","background-position":"center center","background-size":"auto","background-attachment":"scroll","background-type":"","background-media":"","overlay-type":"","overlay-color":"","overlay-opacity":"","overlay-gradient":""},"tablet":{"background-color":"var(--ast-global-color-5)","background-image":"","background-repeat":"repeat","background-position":"center center","background-size":"auto","background-attachment":"scroll","background-type":"","background-media":"","overlay-type":"","overlay-color":"","overlay-opacity":"","overlay-gradient":""},"mobile":{"background-color":"var(--ast-global-color-5)","background-image":"","background-repeat":"repeat","background-position":"center center","background-size":"auto","background-attachment":"scroll","background-type":"","background-media":"","overlay-type":"","overlay-color":"","overlay-opacity":"","overlay-gradient":""}},"footnotes":""},"class_list":["post-555","page","type-page","status-publish","hentry"],"aioseo_notices":[],"_links":{"self":[{"href":"https:\/\/camaratravel.com\/index.php?rest_route=\/wp\/v2\/pages\/555","targetHints":{"allow":["GET"]}}],"collection":[{"href":"https:\/\/camaratravel.com\/index.php?rest_route=\/wp\/v2\/pages"}],"about":[{"href":"https:\/\/camaratravel.com\/index.php?rest_route=\/wp\/v2\/types\/page"}],"author":[{"embeddable":true,"href":"https:\/\/camaratravel.com\/index.php?rest_route=\/wp\/v2\/users\/1"}],"replies":[{"embeddable":true,"href":"https:\/\/camaratravel.com\/index.php?rest_route=%2Fwp%2Fv2%2Fcomments&post=555"}],"version-history":[{"count":3,"href":"https:\/\/camaratravel.com\/index.php?rest_route=\/wp\/v2\/pages\/555\/revisions"}],"predecessor-version":[{"id":1647,"href":"https:\/\/camaratravel.com\/index.php?rest_route=\/wp\/v2\/pages\/555\/revisions\/1647"}],"wp:attachment":[{"href":"https:\/\/camaratravel.com\/index.php?rest_route=%2Fwp%2Fv2%2Fmedia&parent=555"}],"curies":[{"name":"wp","href":"https:\/\/api.w.org\/{rel}","templated":true}]}}