{"id":550,"date":"2023-10-05T22:17:20","date_gmt":"2023-10-05T22:17:20","guid":{"rendered":"https:\/\/camaratravel.com\/?page_id=550"},"modified":"2023-11-08T05:31:57","modified_gmt":"2023-11-08T05:31:57","slug":"panama-y-gamboa","status":"publish","type":"page","link":"https:\/\/camaratravel.com\/?page_id=550","title":{"rendered":"Panam\u00e1 y Gamboa"},"content":{"rendered":"\n<div class=\"wp-block-cover is-light\" style=\"padding-top:var(--wp--preset--spacing--80);padding-bottom:var(--wp--preset--spacing--80);min-height:50px;aspect-ratio:unset;\"><span aria-hidden=\"true\" class=\"wp-block-cover__background has-vivid-green-cyan-background-color has-background-dim-100 has-background-dim\"><\/span><div class=\"wp-block-cover__inner-container is-layout-flow wp-block-cover-is-layout-flow\">\n<p class=\"has-text-align-center has-large-font-size\"><\/p>\n<\/div><\/div>\n\n\n\n<p>MT-50038 Panam\u00e1 y Gamboa<\/p>\n\n\n\n<p><strong>Ciudades Visitadas:<\/strong>&nbsp;Panam\u00e1<\/p>\n\n\n\n<figure class=\"wp-block-image\"><img decoding=\"async\" src=\"https:\/\/one.cdnmega.com\/images\/viajes\/covers\/panama-y-gamboa-844x474_5e3b4bad004dc.jpg\" alt=\"\"\/><\/figure>\n\n\n\n<p><strong>Duraci\u00f3n:<\/strong>&nbsp;4 D\u00edas y 3 Noches<\/p>\n\n\n\n<p><strong>Desde:<\/strong>728 USD + 295 Imp<\/p>\n\n\n\n<p><strong>Fecha(s) de salida:<\/strong><\/p>\n\n\n\n<p><br>Diarias<\/p>\n\n\n\n<p><strong>Vigencia:<\/strong>&nbsp;Precios vigentes hasta el 30\/11\/2023<\/p>\n\n\n\n<p><strong>Aerolinea<\/strong><\/p>\n\n\n\n<h5 class=\"wp-block-heading\">INCLUYE VUELO<\/h5>\n\n\n\n<figure class=\"wp-block-image\"><img decoding=\"async\" src=\"https:\/\/one.cdnmega.com\/images\/aerolineas\/iata\/CM.png\" alt=\"Copa Airlines\"\/><\/figure>\n\n\n\n<p>Itinerario<\/p>\n\n\n\n<p><strong>D\u00cdA 1 M\u00c9XICO \u2013 PANAM\u00c1&nbsp;<\/strong><br>Salida en vuelo regular con destino la ciudad de Panam\u00e1. Llegada, recepci\u00f3n y traslado hacia su hotel en Panam\u00e1. Alojamiento.<\/p>\n\n\n\n<p><strong>D\u00cdA 2 PANAM\u00c1 \u2013 Tour de Ciudad &amp; Canal + Tour de Compras<\/strong><br>A la hora coordinada iniciaremos la visita de la ciudad de Panam\u00e1 recorriendo La Cinta Costera que es un sitio para disfrutar el verdor de sus \u00e1reas mientras se encuentra dentro de la urbe, continuamos con el Casco Antiguo considerado Patrimonio de la Humanidad donde encontraremos la mayor\u00eda de los principales monumentos de la ciudad de Panam\u00e1, visitaremos el Centro de Visitantes de Miraflores es el lugar perfecto para aprender sobre la impresionante obra del Canal de Panam\u00e1. Conocer su historia, funcionamiento, observar a pocos metros de distancia el tr\u00e1nsito de barcos por el Canal y observar c\u00f3mo trabajan las esclusas (Incluye entradas al centro de visitantes). La Calzada de Amador es una v\u00eda que une tierra firme con cuatros peque\u00f1as islas en la Bah\u00eda de Panam\u00e1 disfrutar\u00e1n preciosas vistas que nos ofrece el Oc\u00e9ano Pac\u00edfico. Finalizamos con el centro comercial de Albrook ofrece una gran variedad de tiendas y boutiques, as\u00ed como de restaurantes (No incluye almuerzo). Alojamiento en Panam\u00e1.<\/p>\n\n\n\n<p><strong>D\u00cdA 3 PANAM\u00c1 \u2013 Gamboa Rainforest + Exhibiciones Ecol\u00f3gicas + Telef\u00e9rico<\/strong><br>Usted quedar\u00e1 maravillado con la experiencia de la verde selva Gamboa desde dentro, ascendiendo unos 280 pies de distancia de la sombra del suelo forestal, a trav\u00e9s de la densa maleza y hasta el sol de dosel ba\u00f1adas con sus mil tonos de verde que s\u00f3lo se interrumpe por los vibrantes colores de la floraci\u00f3n de \u00e1rboles. Una vez en la parte superior, tendr\u00e1 la oportunidad de subir a nuestra torre de observaci\u00f3n (tambi\u00e9n accesible para sillas de ruedas), donde tendr\u00e1 vistas ininterrumpidas de la gran selva tropical del Parque Nacional Soberan\u00eda, as\u00ed como tambi\u00e9n podr\u00e1 observar la parte m\u00e1s angosta del Canal de Panam\u00e1., salidas de martes a domingos. Incluye almuerzo. Alojamiento. Nota: Gamboa Rainforest Resort cerrado los lunes.<\/p>\n\n\n\n<p><strong>D\u00cdA 4 PANAM\u00c1 \u2013 M\u00c9XICO<\/strong><br>Traslado del hotel hacia el aeropuerto para abordar vuelo de regreso a la Ciudad de M\u00e9xico.<strong>&nbsp;&nbsp;&nbsp;&nbsp;&#8230;FIN DE NUESTROS SERVICIOS<\/strong><\/p>\n\n\n\n<p>Precios y Hoteles:<\/p>\n\n\n\n<p><strong>SALIDAS DESDE CDMX<\/strong><\/p>\n\n\n\n<figure class=\"wp-block-table\"><table><tbody><tr><td><strong>CATEGOR\u00cdA<\/strong><\/td><td><strong>TRIPLE<\/strong><\/td><td><strong>DOBLE<\/strong><\/td><td><strong>SGL<\/strong><\/td><td><strong>MNR<\/strong><\/td><\/tr><tr><td>Hoteles 3*<\/td><td>$ 778<\/td><td>$ 788<\/td><td>$ 918<\/td><td>$ 598<\/td><\/tr><tr><td>Hoteles 4*<\/td><td>$ 798<\/td><td>$ 828<\/td><td>$ 988<\/td><td>$ 618<\/td><\/tr><tr><td>Hoteles 5*<\/td><td>$ 918<\/td><td>$ 978<\/td><td>$ 1,298<\/td><td>$ 638<\/td><\/tr><\/tbody><\/table><\/figure>\n\n\n\n<p><strong>SALIDAS DESDE GUADALAJARA<\/strong><\/p>\n\n\n\n<figure class=\"wp-block-table\"><table><tbody><tr><td><strong>CATEGOR\u00cdA<\/strong><\/td><td><strong>TRIPLE<\/strong><\/td><td><strong>DOBLE<\/strong><\/td><td><strong>SGL<\/strong><\/td><td><strong>MNR<\/strong><\/td><\/tr><tr><td>Hoteles 3*<\/td><td>$ 728<\/td><td>$ 738<\/td><td>$ 868<\/td><td>$ 558<\/td><\/tr><tr><td>Hoteles 4*<\/td><td>$ 758<\/td><td>$ 788<\/td><td>$ 948<\/td><td>$ 568<\/td><\/tr><tr><td>Hoteles 5*<\/td><td>$ 868<\/td><td>$ 938<\/td><td>$ 1,258<\/td><td>$ 588<\/td><\/tr><\/tbody><\/table><\/figure>\n\n\n\n<p><strong>SALIDAS DESDE MONTERREY<\/strong><\/p>\n\n\n\n<figure class=\"wp-block-table\"><table><tbody><tr><td><strong>CATEGOR\u00cdA<\/strong><\/td><td><strong>TRIPLE<\/strong><\/td><td><strong>DOBLE<\/strong><\/td><td><strong>SGL<\/strong><\/td><td><strong>MNR<\/strong><\/td><\/tr><tr><td>Hoteles 3*<\/td><td>$ 718<\/td><td>$ 728<\/td><td>$ 858<\/td><td>$ 548<\/td><\/tr><tr><td>Hoteles 4*<\/td><td>$ 748<\/td><td>$ 768<\/td><td>$ 928<\/td><td>$ 558<\/td><\/tr><tr><td>Hoteles 5*<\/td><td>$ 858<\/td><td>$ 918<\/td><td>$ 1,238<\/td><td>$ 578<\/td><\/tr><\/tbody><\/table><\/figure>\n\n\n\n<p><strong>IMPUESTOS Y SUPLEMENTOS<\/strong><\/p>\n\n\n\n<figure class=\"wp-block-table\"><table><tbody><tr><td>Impuestos A\u00e9reos saliendo de CDMX<\/td><td>$ 310<\/td><\/tr><tr><td>Impuestos A\u00e9reos saliendo de Guadalajara y Monterrey<\/td><td>$295<\/td><\/tr><\/tbody><\/table><\/figure>\n\n\n\n<p>\u2013 Precios por persona en d\u00f3lares<br>\u2013 Precios no aplican en semana santa, pascua, eventos especiales, carnaval, navidad y a\u00f1o nuevo<br>\u2013 Los precios cambian constantemente, as\u00ed que te sugerimos la verificaci\u00f3n de estos, y no utilizar este documento como definitivo.<br>\u2013 Tarifas validas con precompra de 21 d\u00edas.<br>\u2013 Consultar suplemento a\u00e9reo julio y agosto 2023.<\/p>\n\n\n\n<figure class=\"wp-block-table\"><table><tbody><tr><td colspan=\"4\"><strong>HOTELES PREVISTOS O SIMILARES<\/strong><\/td><\/tr><tr><td><strong>HOTEL<\/strong><\/td><td><strong>CIUDAD<\/strong><\/td><td><strong>TIPO<\/strong><\/td><td><strong>PA\u00cdS<\/strong><\/td><\/tr><tr><td>Ramada Panama Centro<\/td><td>Panam\u00e1<\/td><td>3 Estrellas<\/td><td>Panam\u00e1<\/td><\/tr><tr><td>Hilton Garden Inn<\/td><td>Panam\u00e1<\/td><td>4 Estrellas<\/td><td>Panam\u00e1<\/td><\/tr><tr><td>Marriott Albrook<\/td><td>Panam\u00e1<\/td><td>5 Estrellas<\/td><td>Panam\u00e1<\/td><\/tr><tr><td colspan=\"4\">\u00c9sta es la relaci\u00f3n de los hoteles utilizados m\u00e1s frecuentemente en este circuito. Reflejada tan s\u00f3lo a efectos indicativos, pudiendo ser el pasajero alojado en establecimientos similares o alternativos<\/td><\/tr><\/tbody><\/table><\/figure>\n\n\n\n<p>El paquete incluye<\/p>\n\n\n\n<ul class=\"wp-block-list\">\n<li>Boleto de avi\u00f3n M\u00e9xico &#8211; Panam\u00e1 \u2013 M\u00e9xico.<\/li>\n\n\n\n<li>03 noches de alojamiento en Panam\u00e1 en de categor\u00eda elegida con desayunos.<\/li>\n\n\n\n<li>Traslados regulares aeropuerto \u2013 hotel \u2013 aeropuerto.<\/li>\n\n\n\n<li>Tour de Ciudad &amp; Canal + Tour de compras.<\/li>\n\n\n\n<li>Tour Gamboa Rainforest + exhibiciones ecol\u00f3gicas + telef\u00e9rico + almuerzo.<\/li>\n\n\n\n<li>Documentos de viaje se entregar\u00e1n en formato digital para descargar en su dispositivo m\u00f3vil.<\/li>\n\n\n\n<li>M\u00ednimo dos pasajeros viajando juntos.<\/li>\n<\/ul>\n\n\n\n<p>El paquete no incluye:<\/p>\n\n\n\n<ul class=\"wp-block-list\">\n<li>Tarjeta de Asistencia Tur\u00edstica (seguro de viajero). Consultar opciones.<\/li>\n\n\n\n<li>Ning\u00fan servicio no especificado.<\/li>\n\n\n\n<li>Gastos personales y propinas a trasladistas, gu\u00edas, maleteros y meseros.<\/li>\n\n\n\n<li>Bebidas en alimentaci\u00f3n.<\/li>\n<\/ul>\n\n\n\n<p>Precios cotizados en d\u00f3lares americanos, pagaderos en Moneda Nacional al tipo de cambio del d\u00eda Los precios indicados son informativos y deben ser conformados antes de su compra ya que est\u00e1n sujetos a cambio sin previo aviso. Para obtener el costo exacto a pagar a tipo de cambio del d\u00eda, comun\u00edquese con nosotros. Consulte impuestos y suplementos.<\/p>\n","protected":false},"excerpt":{"rendered":"<p>MT-50038 Panam\u00e1 y Gamboa Ciudades Visitadas:&nbsp;Panam\u00e1 Duraci\u00f3n:&nbsp;4 D\u00edas y 3 Noches Desde:728 USD + 295 Imp Fecha(s) de salida: Diarias Vigencia:&nbsp;Precios vigentes hasta el 30\/11\/2023 Aerolinea INCLUYE VUELO Itinerario D\u00cdA 1 M\u00c9XICO \u2013 PANAM\u00c1&nbsp;Salida en vuelo regular con destino la ciudad de Panam\u00e1. Llegada, recepci\u00f3n y traslado hacia su hotel en Panam\u00e1. Alojamiento. D\u00cdA 2 [&hellip;]<\/p>\n","protected":false},"author":1,"featured_media":0,"parent":0,"menu_order":0,"comment_status":"closed","ping_status":"closed","template":"","meta":{"om_disable_all_campaigns":false,"_monsterinsights_skip_tracking":false,"_monsterinsights_sitenote_active":false,"_monsterinsights_sitenote_note":"","_monsterinsights_sitenote_category":0,"site-sidebar-layout":"default","site-content-layout":"","ast-site-content-layout":"default","site-content-style":"default","site-sidebar-style":"default","ast-global-header-display":"","ast-banner-title-visibility":"","ast-main-header-display":"","ast-hfb-above-header-display":"","ast-hfb-below-header-display":"","ast-hfb-mobile-header-display":"","site-post-title":"disabled","ast-breadcrumbs-content":"","ast-featured-img":"","footer-sml-layout":"","ast-disable-related-posts":"","theme-transparent-header-meta":"","adv-header-id-meta":"","stick-header-meta":"","header-above-stick-meta":"","header-main-stick-meta":"","header-below-stick-meta":"","astra-migrate-meta-layouts":"set","ast-page-background-enabled":"default","ast-page-background-meta":{"desktop":{"background-color":"","background-image":"","background-repeat":"repeat","background-position":"center center","background-size":"auto","background-attachment":"scroll","background-type":"","background-media":"","overlay-type":"","overlay-color":"","overlay-opacity":"","overlay-gradient":""},"tablet":{"background-color":"","background-image":"","background-repeat":"repeat","background-position":"center center","background-size":"auto","background-attachment":"scroll","background-type":"","background-media":"","overlay-type":"","overlay-color":"","overlay-opacity":"","overlay-gradient":""},"mobile":{"background-color":"","background-image":"","background-repeat":"repeat","background-position":"center center","background-size":"auto","background-attachment":"scroll","background-type":"","background-media":"","overlay-type":"","overlay-color":"","overlay-opacity":"","overlay-gradient":""}},"ast-content-background-meta":{"desktop":{"background-color":"var(--ast-global-color-5)","background-image":"","background-repeat":"repeat","background-position":"center center","background-size":"auto","background-attachment":"scroll","background-type":"","background-media":"","overlay-type":"","overlay-color":"","overlay-opacity":"","overlay-gradient":""},"tablet":{"background-color":"var(--ast-global-color-5)","background-image":"","background-repeat":"repeat","background-position":"center center","background-size":"auto","background-attachment":"scroll","background-type":"","background-media":"","overlay-type":"","overlay-color":"","overlay-opacity":"","overlay-gradient":""},"mobile":{"background-color":"var(--ast-global-color-5)","background-image":"","background-repeat":"repeat","background-position":"center center","background-size":"auto","background-attachment":"scroll","background-type":"","background-media":"","overlay-type":"","overlay-color":"","overlay-opacity":"","overlay-gradient":""}},"footnotes":""},"class_list":["post-550","page","type-page","status-publish","hentry"],"aioseo_notices":[],"_links":{"self":[{"href":"https:\/\/camaratravel.com\/index.php?rest_route=\/wp\/v2\/pages\/550","targetHints":{"allow":["GET"]}}],"collection":[{"href":"https:\/\/camaratravel.com\/index.php?rest_route=\/wp\/v2\/pages"}],"about":[{"href":"https:\/\/camaratravel.com\/index.php?rest_route=\/wp\/v2\/types\/page"}],"author":[{"embeddable":true,"href":"https:\/\/camaratravel.com\/index.php?rest_route=\/wp\/v2\/users\/1"}],"replies":[{"embeddable":true,"href":"https:\/\/camaratravel.com\/index.php?rest_route=%2Fwp%2Fv2%2Fcomments&post=550"}],"version-history":[{"count":4,"href":"https:\/\/camaratravel.com\/index.php?rest_route=\/wp\/v2\/pages\/550\/revisions"}],"predecessor-version":[{"id":1649,"href":"https:\/\/camaratravel.com\/index.php?rest_route=\/wp\/v2\/pages\/550\/revisions\/1649"}],"wp:attachment":[{"href":"https:\/\/camaratravel.com\/index.php?rest_route=%2Fwp%2Fv2%2Fmedia&parent=550"}],"curies":[{"name":"wp","href":"https:\/\/api.w.org\/{rel}","templated":true}]}}