{"id":540,"date":"2023-10-04T16:05:06","date_gmt":"2023-10-04T16:05:06","guid":{"rendered":"https:\/\/camaratravel.com\/?page_id=540"},"modified":"2023-11-08T05:28:04","modified_gmt":"2023-11-08T05:28:04","slug":"escapada-a-costa-rica","status":"publish","type":"page","link":"https:\/\/camaratravel.com\/?page_id=540","title":{"rendered":"Escapada a Costa Rica"},"content":{"rendered":"\n<div class=\"wp-block-cover is-light\" style=\"padding-top:var(--wp--preset--spacing--80);padding-bottom:var(--wp--preset--spacing--80);min-height:50px;aspect-ratio:unset;\"><span aria-hidden=\"true\" class=\"wp-block-cover__background has-vivid-green-cyan-background-color has-background-dim-100 has-background-dim\"><\/span><div class=\"wp-block-cover__inner-container is-layout-flow wp-block-cover-is-layout-flow\">\n<p class=\"has-text-align-center has-large-font-size\"><\/p>\n<\/div><\/div>\n\n\n\n<p>MT-50113 Escapada a Costa Rica<\/p>\n\n\n\n<p><strong>Ciudades Visitadas:<\/strong>&nbsp;Costa Rica<\/p>\n\n\n\n<figure class=\"wp-block-image\"><img decoding=\"async\" src=\"https:\/\/one.cdnmega.com\/images\/viajes\/covers\/costa-rica_6168796aae895.webp\" alt=\"\"\/><\/figure>\n\n\n\n<p><strong>Duraci\u00f3n:<\/strong>&nbsp;5 D\u00edas y 4 Noches<\/p>\n\n\n\n<p><strong>Desde:<\/strong>499 USD + 299 Imp<\/p>\n\n\n\n<p><strong>Fecha(s) de salida:<\/strong><\/p>\n\n\n\n<h3 class=\"wp-block-heading\">Salidas para el a\u00f1o 2024<\/h3>\n\n\n\n<p>Enero: 17, 24, 31<br>Febrero: 07, 14, 21, 28<br>Marzo: 05, 12<br>Abril: 09, 16, 23, 30<br>Mayo: 07, 14, 21, 28<br>Junio: 04, 11, 18, 25<\/p>\n\n\n\n<p><strong>Vigencia:<\/strong>&nbsp;Precios vigentes hasta el 25\/06\/2024<\/p>\n\n\n\n<p><strong>Aerolinea<\/strong><\/p>\n\n\n\n<h5 class=\"wp-block-heading\">INCLUYE VUELO<\/h5>\n\n\n\n<figure class=\"wp-block-image\"><img decoding=\"async\" src=\"https:\/\/one.cdnmega.com\/images\/aerolineas\/iata\/AM.png\" alt=\"Aeromexico\"\/><\/figure>\n\n\n\n<p>Itinerario<\/p>\n\n\n\n<p><strong>D\u00cdA 1&nbsp; M\u00c9XICO \u2013 SAN JOS\u00c9 &#8211; Excursi\u00f3n por la ciudad VIP<\/strong><br>Cita en el aeropuerto de la Ciudad de M\u00e9xico para abordar el vuelo con destino a San Jos\u00e9, Costa Rica. Recepci\u00f3n y traslado al hotel. Por la tarde se realizara el Vip City Bus, que tiene a su disposici\u00f3n el mejor Tour en la ciudad de San Jos\u00e9 en Costa Rica, &nbsp;llev\u00e1ndole al centro de la ciudad, un bus de dos pisos con vistas panor\u00e1micas le estar\u00e1 esperando para empezar el City Tour, nuestro staff con vestimenta campesina y un gu\u00eda biling\u00fce le recibir\u00e1 con un c\u00f3ctel local de bienvenida, el cual le brindar\u00e1 toda la informaci\u00f3n, historia de los atractivos de la ciudad, el mismo Tour incluye un coctel de bienvenida paradas en los mejores sitios de la ciudad como Museo de Arte costarricense Sal\u00f3n Dorado, Mercado Central para compras, Degustaci\u00f3n de licor nacional, Lobby Teatro Nacional, majestuoso Museo de Oro, Monumento Nacional, adem\u00e1s de vistas panor\u00e1micas de los lugares m\u00e1s emblem\u00e1ticos de San Jos\u00e9 y un delicioso almuerzo o cena t\u00edpica (depende del horario), durante el tour podr\u00e1 disfrutar de m\u00fasica folkl\u00f3rica en la comodidad del bus. Alojamiento. &nbsp;<\/p>\n\n\n\n<p><strong>D\u00cdA 2&nbsp;SAN JOS\u00c9&nbsp;<\/strong><br>D\u00eda libre para actividades personales. Sugerimos realizar alguna de las siguientes actividades. Alojamiento.&nbsp;<\/p>\n\n\n\n<ul class=\"wp-block-list\">\n<li><strong>OPCIONAL<br>Isla Tortuga. Precio por persona 155 USD. M\u00ednimo 02 pasajeros.&nbsp;<\/strong><br>Por la ma\u00f1ana, saldremos de San Jos\u00e9 hacia Puntarenas, donde abordaremos el yate hacia Isla Tortuga. Tortuga es una hermosa isla ubicada en el Golfo de Nicoya, Costa Pac\u00edfica de Costa Rica. A bordo del yate, se servir\u00e1n frutas tropicales y bebidas naturales. Una vez en Isla Tortuga, usted experimentar\u00e1 un d\u00eda lleno de hermosos paisajes, aguas c\u00e1lidas del oc\u00e9ano y m\u00fasica en vivo. Podr\u00e1 explorar los alrededores, tomar el sol, nadar y hasta optar por un tour adicional como snorkeling kayak. Luego, disfrutar\u00e1 de un delicioso almuerzo preparado por nuestra tripulaci\u00f3n. Isla Tortuga tiene un \u00e1rea de 120 hect\u00e1reas y cuenta con 4 colinas principales y 500 metros de playa certificada con la bandera azul. Tour opera Mi\u00e9rcoles, Viernes, S\u00e1bado y Domingo.<\/li>\n<\/ul>\n\n\n\n<p><strong>D\u00cdA 3 &nbsp;SAN JOS\u00c9&nbsp;<\/strong><br>D\u00eda libre para actividades personales. Sugerimos realizar alguna de las siguientes actividades. Alojamiento.&nbsp;<\/p>\n\n\n\n<ul class=\"wp-block-list\">\n<li><strong>OPCIONAL:<br>Rafting Class R\u00edo Pacuare Precio por persona 119 USD. M\u00ednimo 02 pasajeros<\/strong><br>El R\u00edo Pacuare es una de las mejores opciones para su viaje de aventura en Costa Rica. No encontrar\u00e1 en el pa\u00eds otro sitio que le ofrezca una mezcla perfecta de lo salvaje y adrenalina. El R\u00edo Pacuare es mundialmente famoso por su belleza natural. Est\u00e1 bordeado por paredes cubiertas de exuberante vegetaci\u00f3n. Aqu\u00ed usted disfruta de la sensaci\u00f3n de aislamiento total de la vida urbana y la conexi\u00f3n con la naturaleza. Podr\u00e1 observar ca\u00eddas de agua a lo largo del r\u00edo, tambi\u00e9n coloridas aves, impresionantes vistas del bosque tropical. La fauna es abundante, se podr\u00e1n ver con facilidad tucanes, loros, perezosos, mariposas morpho y coloridas ranas, No es un r\u00edo excesivamente dif\u00edcil, pero tiene muchos r\u00e1pidos, pque le da una aventura llena de mucha diversi\u00f3n. Regreso al hotel y alojamiento. &nbsp;Se recomienda traje de ba\u00f1o, repelente, su\u00e9ter, lentes de sol y bloqueador, zapatos c\u00f3modos, binoculares y c\u00e1mara. Incluye almuerzo.&nbsp;<\/li>\n<\/ul>\n\n\n\n<p><strong>D\u00cdA 4 &nbsp;SAN JOS\u00c9&nbsp;<\/strong><br>D\u00eda libre para actividades personales. Sugerimos realizar alguna de las siguientes actividades. Alojamiento.&nbsp;<\/p>\n\n\n\n<ul class=\"wp-block-list\">\n<li><strong>OPCIONALES:<\/strong><br><strong>Canopy Tour San Luis. Precio por persona 119 USD M\u00ednimo 02 pasajeros.<\/strong><br>Ubicado entre los pl\u00e1cidos bosques nubosos del Valle Central de Costa Rica, el tour de canopy San Luis lo har\u00e1 vivir una segura y exhilarante aventura a trav\u00e9s de un exuberante y verde canopy, cruzando el majestuoso R\u00edo Cataratitas. Transportado por un sistema seguro de tirolesas, usted se elevar\u00e1 por medio de una gran extensi\u00f3n de bosque virgen y se encontrar\u00e1 en total intimidad con los h\u00e1bitats del bosque nuboso de Costa Rica. El tour de canopy San Luis tambi\u00e9n representa el \u201cElevador\u201d, una emocionante atracci\u00f3n que eleva de manera segura a sus visitantes a lo alto del bosque, proporcionando una espectacular vista de los alrededores. El canopy cuenta con 12 diferentes tirolesas y 18 plataformas. Regreso al hotel y alojamiento. Se recomienda ropa y zapatos c\u00f3modos, repelente. Incluye almuerzo.&nbsp;<\/li>\n\n\n\n<li><strong>Volc\u00e1n Arenal y Termas de Bald\u00ed. Precio por persona 167 USD. M\u00ednimo 02 pasajeros.<\/strong><br>Localizado al norte de Costa Rica, se encuentra el impresionante Volc\u00e1n Arenal, fen\u00f3meno natural que atrae a miles y miles de turistas por su permanente y extraordinaria actividad volc\u00e1nica. Para poder llegar a esta maravilla de la naturaleza nos trasladamos hacia la zona norte de pa\u00eds, siendo inevitable realizar una breve parada en el famoso pueblo de Sarch\u00ed, tan conocido internacionalmente por sus laboriosos artesanos que le dan renombre a Sarch\u00ed como \u201cLa Cuna de la Artesan\u00eda Costarricense\u201d. Siguiendo nuestro viaje pasaremos a trav\u00e9s de plantaciones de diversos productos agr\u00edcolas, plantas ornamentales, fincas de ganado, hasta llegar al pueblo de La Fortuna para tomar el almuerzo en un acogedor restaurante justo al frente del volc\u00e1n. Esta excelente ubicaci\u00f3n nos permite desde muy temprano, tener la mejor vista en espera de que el volc\u00e1n complazca a los visitantes. Descansaremos en uno de los mejores sitios de aguas termales de la zona, donde de manera opcional se podr\u00e1 contar con la oportunidad de realizarse un masaje o tratamiento reservado anticipadamente. Para cerrar con broche de oro, una excelente cena ser\u00e1 servida, siempre con la mejor vista del Volc\u00e1n Arenal. Despu\u00e9s de la cena iniciamos el regreso directo a la Ciudad de San Jos\u00e9.<\/li>\n<\/ul>\n\n\n\n<p><strong>D\u00cdA 5 SAN JOS\u00c9 \u2013 M\u00c9XICO&nbsp;<\/strong><br>A la hora indicada traslado al aeropuerto para abordar vuelo regular de vuelta hacia la Ciudad de M\u00e9xico.&nbsp;<strong>&nbsp;&nbsp;&nbsp;&nbsp;&#8230;FIN DE NUESTROS SERVICIOS<\/strong><\/p>\n\n\n\n<p>Precios y Hoteles:<\/p>\n\n\n\n<figure class=\"wp-block-table\"><table><tbody><tr><td><strong>CATEGOR\u00cdA<\/strong><\/td><td><strong>TRIPLE<\/strong><\/td><td><strong>DOBLE<\/strong><\/td><td><strong>SGL<\/strong><\/td><td><strong>MNR<\/strong><\/td><\/tr><tr><td>Hoteles 3*<\/td><td>$ 429<\/td><td>$ 499<\/td><td>$ 649<\/td><td>$ 259<\/td><\/tr><\/tbody><\/table><\/figure>\n\n\n\n<p><strong>IMPUESTOS Y SUPLEMENTOS<\/strong><\/p>\n\n\n\n<figure class=\"wp-block-table\"><table><tbody><tr><td>Impuestos a\u00e9reos<\/td><td>$ 299<\/td><\/tr><tr><td>Suplemento de temporada alta<br>Abril 09<\/td><td>$ 70<\/td><\/tr><\/tbody><\/table><\/figure>\n\n\n\n<p>\u2013 Precios por persona en d\u00f3lares<br>\u2013 Precios no aplican en eventos especiales, carnaval, navidad y a\u00f1o nuevo.<br>\u2013 Los precios cambian constantemente, as\u00ed que te sugerimos la verificaci\u00f3n de estos, y no utilizar este documento como definitivo.<br>\u2013 Tarifas validas con precompra de 21 d\u00edas.<br>\u2013 Se considera menor hasta los 3 a\u00f1os 11 meses. M\u00e1ximo 1 menor por habitaci\u00f3n doble compartiendo cama con los padres. No incluye desayuno para el menor en los hoteles. A partir de los 4 a\u00f1os se solicita habitaci\u00f3n triple<\/p>\n\n\n\n<figure class=\"wp-block-table\"><table><thead><tr><td colspan=\"4\"><strong>HOTELES PREVISTOS O SIMILARES<\/strong><\/td><\/tr><tr><td><strong>HOTEL<\/strong><\/td><td><strong>CIUDAD<\/strong><\/td><td><strong>TIPO<\/strong><\/td><td><strong>PA\u00cdS<\/strong><\/td><\/tr><\/thead><tbody><tr><td>BW Iraz\u00fa<\/td><td>San Jos\u00e9<\/td><td>3 Estrellas<\/td><td>Costa Rica<\/td><\/tr><tr><td colspan=\"4\">\u00c9sta es la relaci\u00f3n de los hoteles utilizados m\u00e1s frecuentemente en este circuito. Reflejada tan s\u00f3lo a efectos indicativos, pudiendo ser el pasajero alojado en establecimientos similares o alternativos<\/td><\/tr><\/tbody><\/table><\/figure>\n\n\n\n<p>El paquete incluye<\/p>\n\n\n\n<ul class=\"wp-block-list\">\n<li>Boleto de avi\u00f3n M\u00e9xico \u2013 San Jos\u00e9 \u2013 M\u00e9xico.<\/li>\n\n\n\n<li>04 noches de alojamiento en San Jos\u00e9 con desayunos diarios incluidos.<\/li>\n\n\n\n<li>Traslados de llegada y salida.<\/li>\n\n\n\n<li>Visita de Ciudad.<\/li>\n\n\n\n<li>Gu\u00eda de habla hispana.<\/li>\n\n\n\n<li>Documentos de viaje se entregar\u00e1n en formato digital para descargar en su dispositivo m\u00f3vil.<\/li>\n<\/ul>\n\n\n\n<p>El paquete no incluye:<\/p>\n\n\n\n<ul class=\"wp-block-list\">\n<li>Tarjeta de Asistencia Tur\u00edstica (seguro de viajero). Consultar opciones.<\/li>\n\n\n\n<li>Ning\u00fan servicio no especificado.<\/li>\n\n\n\n<li>Excursiones opcionales.<\/li>\n\n\n\n<li>Gastos personales y propinas a maleteros, trasladistas y meseros.<\/li>\n<\/ul>\n\n\n\n<p>Precios cotizados en d\u00f3lares americanos, pagaderos en Moneda Nacional al tipo de cambio del d\u00eda Los precios indicados son informativos y deben ser conformados antes de su compra ya que est\u00e1n sujetos a cambio sin previo aviso. Para obtener el costo exacto a pagar a tipo de cambio del d\u00eda, comun\u00edquese con nosotros. Consulte impuestos y suplementos.<\/p>\n","protected":false},"excerpt":{"rendered":"<p>MT-50113 Escapada a Costa Rica Ciudades Visitadas:&nbsp;Costa Rica Duraci\u00f3n:&nbsp;5 D\u00edas y 4 Noches Desde:499 USD + 299 Imp Fecha(s) de salida: Salidas para el a\u00f1o 2024 Enero: 17, 24, 31Febrero: 07, 14, 21, 28Marzo: 05, 12Abril: 09, 16, 23, 30Mayo: 07, 14, 21, 28Junio: 04, 11, 18, 25 Vigencia:&nbsp;Precios vigentes hasta el 25\/06\/2024 Aerolinea INCLUYE [&hellip;]<\/p>\n","protected":false},"author":1,"featured_media":0,"parent":0,"menu_order":0,"comment_status":"closed","ping_status":"closed","template":"","meta":{"om_disable_all_campaigns":false,"_monsterinsights_skip_tracking":false,"_monsterinsights_sitenote_active":false,"_monsterinsights_sitenote_note":"","_monsterinsights_sitenote_category":0,"site-sidebar-layout":"default","site-content-layout":"","ast-site-content-layout":"default","site-content-style":"default","site-sidebar-style":"default","ast-global-header-display":"","ast-banner-title-visibility":"","ast-main-header-display":"","ast-hfb-above-header-display":"","ast-hfb-below-header-display":"","ast-hfb-mobile-header-display":"","site-post-title":"disabled","ast-breadcrumbs-content":"","ast-featured-img":"","footer-sml-layout":"","ast-disable-related-posts":"","theme-transparent-header-meta":"","adv-header-id-meta":"","stick-header-meta":"","header-above-stick-meta":"","header-main-stick-meta":"","header-below-stick-meta":"","astra-migrate-meta-layouts":"set","ast-page-background-enabled":"default","ast-page-background-meta":{"desktop":{"background-color":"","background-image":"","background-repeat":"repeat","background-position":"center center","background-size":"auto","background-attachment":"scroll","background-type":"","background-media":"","overlay-type":"","overlay-color":"","overlay-opacity":"","overlay-gradient":""},"tablet":{"background-color":"","background-image":"","background-repeat":"repeat","background-position":"center center","background-size":"auto","background-attachment":"scroll","background-type":"","background-media":"","overlay-type":"","overlay-color":"","overlay-opacity":"","overlay-gradient":""},"mobile":{"background-color":"","background-image":"","background-repeat":"repeat","background-position":"center center","background-size":"auto","background-attachment":"scroll","background-type":"","background-media":"","overlay-type":"","overlay-color":"","overlay-opacity":"","overlay-gradient":""}},"ast-content-background-meta":{"desktop":{"background-color":"var(--ast-global-color-5)","background-image":"","background-repeat":"repeat","background-position":"center center","background-size":"auto","background-attachment":"scroll","background-type":"","background-media":"","overlay-type":"","overlay-color":"","overlay-opacity":"","overlay-gradient":""},"tablet":{"background-color":"var(--ast-global-color-5)","background-image":"","background-repeat":"repeat","background-position":"center center","background-size":"auto","background-attachment":"scroll","background-type":"","background-media":"","overlay-type":"","overlay-color":"","overlay-opacity":"","overlay-gradient":""},"mobile":{"background-color":"var(--ast-global-color-5)","background-image":"","background-repeat":"repeat","background-position":"center center","background-size":"auto","background-attachment":"scroll","background-type":"","background-media":"","overlay-type":"","overlay-color":"","overlay-opacity":"","overlay-gradient":""}},"footnotes":""},"class_list":["post-540","page","type-page","status-publish","hentry"],"aioseo_notices":[],"_links":{"self":[{"href":"https:\/\/camaratravel.com\/index.php?rest_route=\/wp\/v2\/pages\/540","targetHints":{"allow":["GET"]}}],"collection":[{"href":"https:\/\/camaratravel.com\/index.php?rest_route=\/wp\/v2\/pages"}],"about":[{"href":"https:\/\/camaratravel.com\/index.php?rest_route=\/wp\/v2\/types\/page"}],"author":[{"embeddable":true,"href":"https:\/\/camaratravel.com\/index.php?rest_route=\/wp\/v2\/users\/1"}],"replies":[{"embeddable":true,"href":"https:\/\/camaratravel.com\/index.php?rest_route=%2Fwp%2Fv2%2Fcomments&post=540"}],"version-history":[{"count":4,"href":"https:\/\/camaratravel.com\/index.php?rest_route=\/wp\/v2\/pages\/540\/revisions"}],"predecessor-version":[{"id":1645,"href":"https:\/\/camaratravel.com\/index.php?rest_route=\/wp\/v2\/pages\/540\/revisions\/1645"}],"wp:attachment":[{"href":"https:\/\/camaratravel.com\/index.php?rest_route=%2Fwp%2Fv2%2Fmedia&parent=540"}],"curies":[{"name":"wp","href":"https:\/\/api.w.org\/{rel}","templated":true}]}}