{"id":538,"date":"2023-10-04T04:16:01","date_gmt":"2023-10-04T04:16:01","guid":{"rendered":"https:\/\/camaratravel.com\/?page_id=538"},"modified":"2024-02-22T11:50:30","modified_gmt":"2024-02-22T17:50:30","slug":"descubre-montreal-y-quebec-en-tren","status":"publish","type":"page","link":"https:\/\/camaratravel.com\/?page_id=538","title":{"rendered":"Descubre Montreal y Quebec en tren"},"content":{"rendered":"\n<div class=\"wp-block-cover is-light\" style=\"padding-top:var(--wp--preset--spacing--80);padding-bottom:var(--wp--preset--spacing--80);min-height:50px;aspect-ratio:unset;\"><span aria-hidden=\"true\" class=\"wp-block-cover__background has-vivid-green-cyan-background-color has-background-dim-100 has-background-dim\"><\/span><div class=\"wp-block-cover__inner-container is-layout-flow wp-block-cover-is-layout-flow\">\n<p class=\"has-text-align-center has-large-font-size\"><\/p>\n<\/div><\/div>\n\n\n\n<p>MT-41283 Descubre Montreal y Quebec en tren<\/p>\n\n\n\n<p><strong>Ciudades Visitadas:<\/strong>&nbsp;Canad\u00e1<\/p>\n\n\n\n<figure class=\"wp-block-image\"><img decoding=\"async\" src=\"https:\/\/one.cdnmega.com\/images\/viajes\/covers\/ciudad-quebec-canada.jpg\" alt=\"\"\/><\/figure>\n\n\n\n<p><strong>Duraci\u00f3n:<\/strong>&nbsp;7 D\u00edas y 6 Noches<\/p>\n\n\n\n<p><strong>Desde:<\/strong>2169 USD + 499 Imp<\/p>\n\n\n\n<p><strong>Fecha(s) de salida:<\/strong><\/p>\n\n\n\n<p><br>Noviembre: 01, 2023 &#8211; Abril: 30, 2024<br><br>Consultar m\u00ednimo de pasajeros<\/p>\n\n\n\n<p><strong>Vigencia:<\/strong>&nbsp;Precios vigentes hasta el 30\/04\/2024<\/p>\n\n\n\n<p><strong>Aerol\u00ednea<\/strong><\/p>\n\n\n\n<h5 class=\"wp-block-heading\">INCLUYE VUELO<\/h5>\n\n\n\n<figure class=\"wp-block-image\"><img decoding=\"async\" src=\"https:\/\/one.cdnmega.com\/images\/aerolineas\/iata\/AC.png\" alt=\"Air Canada\"\/><\/figure>\n\n\n\n<figure class=\"wp-block-image\"><img decoding=\"async\" src=\"https:\/\/one.cdnmega.com\/images\/aerolineas\/iata\/AM.png\" alt=\"Aeromexico\"\/><\/figure>\n\n\n\n<p>Itinerario<\/p>\n\n\n\n<p><strong>D\u00cdA 1 M\u00c9XICO \u2013 MONTREAL &nbsp;&nbsp;<\/strong><br>Presentarse por lo menos 3HRS antes de la hora de salida en el aeropuerto internacional de la Ciudad de M\u00e9xico para tomar su vuelo con destino a Montreal. Llegada, encuentro con su trasferista y traslado hasta su hotel c\u00e9ntrico. Explicaciones sobre el programa en camino. Asistencia por el check in, tiempo libre y alojamiento. &nbsp;<\/p>\n\n\n\n<p><strong>D\u00cdA 2&nbsp;MONTREAL (TOUR DE CIUDAD)&nbsp;<\/strong><br>Iniciaremos la visita de esta vibrante ciudad, segunda mayor urbe de lengua francesa en el mundo: el Complejo Ol\u00edmpico (parada fotogr\u00e1fica), la calle StLaurent, la principal de la ciudad con sus muchos restaurantes con platos del mundo entero, el barrio de la Milla Cuadrada de Oro de Montreal en donde se encuentra hoy la famosa universidad de McGill, el parque del Monte Real, favorito de los residentes de la ciudad que llevan a sus ni\u00f1os a deslizarse por las laderas o patinar sobre hielo en el Lago de los Castores, haremos una parada fotogr\u00e1fica en el mirador. En camino al Viejo Montreal veremos el barrio Le Plateau Mont Royal que es hoy uno de los m\u00e1s populares. La Plaza de Armas, testigo de la evoluci\u00f3n arquitect\u00f3nica del lugar con sus edificios de diferentes \u00e9pocas, y donde se encuentra la Bas\u00edlica de Notre Dame de Montreal. La Plaza Cartier y el ayuntamiento de Montreal. Resto del d\u00eda libre. Alojamiento.<\/p>\n\n\n\n<p><strong>D\u00cdA 3&nbsp;MONTREAL (EXCURSI\u00d3N MONT TREMBLANT)&nbsp;<\/strong><br>Salida hasta Mont Tremblant en el coraz\u00f3n de los montes Laurentinos; aqu\u00ed se entremezclan paisajes de ensue\u00f1o: bosques nevados, lagos congelados, r\u00edos y monta\u00f1as. Su villa, de estilo europeo, encandila con sus calles empedradas, casas de colores, tiendas boutiques, bistros y caf\u00e9s de refinado estilo franc\u00e9s. Tiempo libre para explorar las tiendas o aprovechar de las numerosas actividades en el lugar; iniciaci\u00f3n al trineo de perros o patinaje al aire libre. Regreso para Montreal con breve parada en los outlets para compras. Llegada a finales de la tarde. Alojamiento.&nbsp;<\/p>\n\n\n\n<p><strong>D\u00cdA 4 MONTREAL \u2013 QUEBEC &nbsp;<\/strong><br>Traslado hasta la estaci\u00f3n de tren Gare Centrale para tomar el tren VIA RAIL hasta Montreal, pasando por los puentes Victoria y Qu\u00e9bec para admirar el rio San Lorenzo en invierno. Llegada a la Gare du Palais de Quebec, traslado hasta el hotel para check in y Alojamiento.<\/p>\n\n\n\n<p><strong>D\u00cdA 5&nbsp;QUEBEC (TOUR DE CIUDAD)&nbsp;<\/strong><br>Visita de ciudad m\u00e1s antigua del pa\u00eds, la ciudad amurallada, la parte alta y baja, la Plaza de Armas, la Plaza Royal. El Parlamento de la provincia, y el parco de campos de batalla. Salida a bordo de un ferry que los llevar\u00e1 a trav\u00e9s del rio San Lorenzo congelada para un panorama \u00fanica de la ciudad de Qu\u00e9bec. Tiempo libre para descubrir las rom\u00e1nticas calles de la ciudad amurallada del Viejo Quebec. Alojamiento.&nbsp;<\/p>\n\n\n\n<p><strong>D\u00cdA 6&nbsp;QUEBEC (EXCURSI\u00d3N COSTA DE BEAUPR\u00c9)&nbsp;<\/strong><br>Salida a conocer la Costa de Beaupr\u00e9, en donde recorreremos el camino real en donde se encuentran las casas rurales m\u00e1s antiguas de Canad\u00e1, la famosa Bas\u00edlica de Santa Ana de Beaupr\u00e9 y Las Cataratas Montmorency que con sus 83 metros de altura son m\u00e1s altas que el Ni\u00e1gara.&nbsp;<br>De manera opcional se podr\u00e1 realizar una excursi\u00f3n en trineo de perros (Invierno Ex\u00f3tico). Los mushers (maestros de trineos tirados por perros), te est\u00e1n esperando para hacerte vivir esta experiencia excepcional que es el paseo en trineo tirado por perros. Comenzamos la actividad explicando las instrucciones de seguridad y la vida de un perro de trineo. A continuaci\u00f3n, emprendemos los senderos por los que transitamos por un paraje de excepcional belleza invernal. \u00a1Continuamos nuestro d\u00eda visitando el \u00fanico hotel de hielo en Am\u00e9rica del Norte! Visita guiada de las instalaciones, incluyendo el hermoso Grand Hall, la capilla, el tobog\u00e1n de hielo, las habitaciones y suites, y el Ice Bar. \u00a1Terminamos el d\u00eda a las Cataratas Montmorency, alto 83 metros y con un encanto \u00fanico en invierno!<br>Regreso a Quebec. Alojamiento.&nbsp;<\/p>\n\n\n\n<p><strong>D\u00cdA 7&nbsp;QUEBEC \u2013 M\u00c9XICO&nbsp;<\/strong><br>Tiempo libre. A la hora indicada salida hacia el aeropuerto para tomar vuelo de regreso a la Ciudad de M\u00e9xico.&nbsp;<strong>&nbsp;&nbsp;&nbsp;&nbsp;&#8230;FIN DE NUESTROS SERVICIOS<\/strong><\/p>\n\n\n\n<p>Precios y Hoteles:<\/p>\n\n\n\n<figure class=\"wp-block-table\"><table><tbody><tr><td><strong>CATEGOR\u00cdA<\/strong><\/td><td><strong>CPL<\/strong><\/td><td><strong>TRIPLE<\/strong><\/td><td><strong>DOBLE<\/strong><\/td><td><strong>SGL<\/strong><\/td><td><strong>MNR<\/strong><\/td><\/tr><tr><td>Categor\u00eda 3: Faubourg + Concorde<\/td><td>$2,169<\/td><td>$2,549<\/td><td>$3,289<\/td><td>$3,799<\/td><td>$969<\/td><\/tr><tr><td>Categor\u00eda 4: Centre Sheraton + Hilton Quebec<\/td><td>$2,399<\/td><td>$2,779<\/td><td>$3,539<\/td><td>$4,359<\/td><td>$999<\/td><\/tr><tr><td>Categor\u00eda 4 Superior: Faimont Queen Elizabeth + Hilton Quebec<\/td><td>$2,669<\/td><td>$3,079<\/td><td>$3,919<\/td><td>$4,739<\/td><td>$1,229<\/td><\/tr><tr><td>Categor\u00eda 5: Ritz Carlton + Fairmont Chateau Frontenac<\/td><td>$3,129<\/td><td>$3,729<\/td><td>$4,839<\/td><td>$6,629<\/td><td>$1,229<\/td><\/tr><\/tbody><\/table><\/figure>\n\n\n\n<p><strong>IMPUESTOS Y SUPLEMENTOS<\/strong><\/p>\n\n\n\n<figure class=\"wp-block-table\"><table><tbody><tr><td>Impuestos a\u00e9reos 2023<\/td><td>$ 499<\/td><\/tr><tr><td>Impuestos a\u00e9reos 2024<\/td><td>$ 599<\/td><\/tr><\/tbody><\/table><\/figure>\n\n\n\n<p>\u2013 Precios indicados en USD, pagaderos en Moneda Nacional al tipo de cambio del d\u00eda.<br>\u2013 Los precios indicados en este itinerario son de car\u00e1cter informativo y deben ser confirmados para realizar su reservaci\u00f3n ya que est\u00e1n sujetos a modificaciones sin previo aviso.<br>\u2013&nbsp;Consulte suplemento por temporada alta.\u2013 M\u00e1ximo 4 persona por habitaci\u00f3n entre adultos y menores<br>\u2013 La tarifa de menor aplica compartiendo con 2 adultos (aplica de 2 a 11 a\u00f1os)<br>\u2013 Mega Travel se encuentra sujeto a las pol\u00edticas y restricciones que imponga el gobierno canadiense para reapertura de fronteras<\/p>\n\n\n\n<figure class=\"wp-block-table\"><table><tbody><tr><td colspan=\"4\"><strong>HOTELES PREVISTOS O SIMILARES<\/strong><\/td><\/tr><tr><td><strong>HOTEL<\/strong><\/td><td><strong>CIUDAD<\/strong><\/td><td><strong>TIPO<\/strong><\/td><td><strong>PA\u00cdS<\/strong><\/td><\/tr><tr><td>Faubourg<\/td><td>Montreal<\/td><td>Categor\u00eda 3<\/td><td>Canad\u00e1<\/td><\/tr><tr><td>Centre Sheraton<\/td><td>Montreal<\/td><td>Categor\u00eda 4<\/td><td>Canad\u00e1<\/td><\/tr><tr><td>Faimont Queen Elizabeth<\/td><td>Montreal<\/td><td>Categor\u00eda 4 Superior<\/td><td>Canad\u00e1<\/td><\/tr><tr><td>Ritz Carlton<\/td><td>Montreal<\/td><td>Categor\u00eda 5<\/td><td>Canad\u00e1<\/td><\/tr><tr><td>Concorde<\/td><td>Quebec<\/td><td>Categor\u00eda 3<\/td><td>Canad\u00e1<\/td><\/tr><tr><td>Hilton Quebec<\/td><td>Quebec<\/td><td>Categor\u00eda 4<\/td><td>Canad\u00e1<\/td><\/tr><tr><td>Hilton Quebec<\/td><td>Quebec<\/td><td>Categor\u00eda 4 Superior<\/td><td>Canad\u00e1<\/td><\/tr><tr><td>Fairmont Chateau Frontenac<\/td><td>Quebec<\/td><td>Categor\u00eda 5<\/td><td>Canad\u00e1<\/td><\/tr><tr><td colspan=\"4\">\u00c9sta es la relaci\u00f3n de los hoteles utilizados m\u00e1s frecuentemente en este circuito. Reflejada tan s\u00f3lo a efectos indicativos, pudiendo ser el pasajero alojado en establecimientos similares o alternativos<\/td><\/tr><\/tbody><\/table><\/figure>\n\n\n\n<p>El paquete incluye<\/p>\n\n\n\n<ul class=\"wp-block-list\">\n<li>Vuelo redondo, M\u00e9xico \u2013 Montreal \u2013 Quebec \u2013 M\u00e9xico.<\/li>\n\n\n\n<li>06 noches de alojamiento en hotel mencionado (camera est\u00e1ndar)<\/li>\n\n\n\n<li>Servicios en semiprivado (categor\u00eda 3,4) o en privado (categor\u00eda 4+,5) con transporte y gu\u00eda-chofer (o gu\u00eda) de habla castellano<\/li>\n\n\n\n<li>Transfer aeropuerto \u2013 hotel \u2013 aeropuerto<\/li>\n\n\n\n<li>Tour de ciudad de Toronto (2 horas) y Montreal (3 horas)<\/li>\n\n\n\n<li>Excursi\u00f3n Mont Tremblant<\/li>\n\n\n\n<li>Excursi\u00f3n Costa de Beaupre con almuerzo (01 nov-14 dic &amp; 01-30 abril &#8211; 6 horas)<\/li>\n\n\n\n<li>(con suplemento) Excursi\u00f3n Invierno Ex\u00f3tico** (15 diciembre \u2013 30 marzo &#8211; 8 horas)<\/li>\n\n\n\n<li>El tren de Montreal &#8211; Quebec en clase econ\u00f3mica en las categor\u00edas 3 y 4 (categor\u00eda no reembolsable)<\/li>\n\n\n\n<li>En clase business en categor\u00eda 4+ y 5 (esta incluye comidas y bebida e ingreso a la zona VIP)<\/li>\n<\/ul>\n\n\n\n<p>El paquete no incluye:<\/p>\n\n\n\n<ul class=\"wp-block-list\">\n<li>IMPUESTOS DE $499 USD POR PERSONA<\/li>\n\n\n\n<li>Gastos personales y extras en los hoteles<\/li>\n\n\n\n<li>Propinas: 45USD por persona (pagaderos en destino)<\/li>\n\n\n\n<li>Ning\u00fan servicio no especificado como incluido o especificado como opcional.<\/li>\n\n\n\n<li>Visa electr\u00f3nica de ingreso a Canad\u00e1 e-TA.<\/li>\n<\/ul>\n\n\n\n<p>Precios cotizados en d\u00f3lares americanos, pagaderos en Moneda Nacional al tipo de cambio del d\u00eda Los precios indicados son informativos y deben ser conformados antes de su compra ya que est\u00e1n sujetos a cambio sin previo aviso. Para obtener el costo exacto a pagar a tipo de cambio del d\u00eda, comun\u00edquese con nosotros. Consulte impuestos y suplementos.<\/p>\n","protected":false},"excerpt":{"rendered":"<p>MT-41283 Descubre Montreal y Quebec en tren Ciudades Visitadas:&nbsp;Canad\u00e1 Duraci\u00f3n:&nbsp;7 D\u00edas y 6 Noches Desde:2169 USD + 499 Imp Fecha(s) de salida: Noviembre: 01, 2023 &#8211; Abril: 30, 2024 Consultar m\u00ednimo de pasajeros Vigencia:&nbsp;Precios vigentes hasta el 30\/04\/2024 Aerol\u00ednea INCLUYE VUELO Itinerario D\u00cdA 1 M\u00c9XICO \u2013 MONTREAL &nbsp;&nbsp;Presentarse por lo menos 3HRS antes de la [&hellip;]<\/p>\n","protected":false},"author":1,"featured_media":0,"parent":0,"menu_order":0,"comment_status":"closed","ping_status":"closed","template":"","meta":{"om_disable_all_campaigns":false,"_monsterinsights_skip_tracking":false,"_monsterinsights_sitenote_active":false,"_monsterinsights_sitenote_note":"","_monsterinsights_sitenote_category":0,"site-sidebar-layout":"default","site-content-layout":"","ast-site-content-layout":"default","site-content-style":"default","site-sidebar-style":"default","ast-global-header-display":"","ast-banner-title-visibility":"","ast-main-header-display":"","ast-hfb-above-header-display":"","ast-hfb-below-header-display":"","ast-hfb-mobile-header-display":"","site-post-title":"disabled","ast-breadcrumbs-content":"","ast-featured-img":"","footer-sml-layout":"","ast-disable-related-posts":"","theme-transparent-header-meta":"","adv-header-id-meta":"","stick-header-meta":"","header-above-stick-meta":"","header-main-stick-meta":"","header-below-stick-meta":"","astra-migrate-meta-layouts":"set","ast-page-background-enabled":"default","ast-page-background-meta":{"desktop":{"background-color":"","background-image":"","background-repeat":"repeat","background-position":"center center","background-size":"auto","background-attachment":"scroll","background-type":"","background-media":"","overlay-type":"","overlay-color":"","overlay-opacity":"","overlay-gradient":""},"tablet":{"background-color":"","background-image":"","background-repeat":"repeat","background-position":"center center","background-size":"auto","background-attachment":"scroll","background-type":"","background-media":"","overlay-type":"","overlay-color":"","overlay-opacity":"","overlay-gradient":""},"mobile":{"background-color":"","background-image":"","background-repeat":"repeat","background-position":"center center","background-size":"auto","background-attachment":"scroll","background-type":"","background-media":"","overlay-type":"","overlay-color":"","overlay-opacity":"","overlay-gradient":""}},"ast-content-background-meta":{"desktop":{"background-color":"var(--ast-global-color-5)","background-image":"","background-repeat":"repeat","background-position":"center center","background-size":"auto","background-attachment":"scroll","background-type":"","background-media":"","overlay-type":"","overlay-color":"","overlay-opacity":"","overlay-gradient":""},"tablet":{"background-color":"var(--ast-global-color-5)","background-image":"","background-repeat":"repeat","background-position":"center center","background-size":"auto","background-attachment":"scroll","background-type":"","background-media":"","overlay-type":"","overlay-color":"","overlay-opacity":"","overlay-gradient":""},"mobile":{"background-color":"var(--ast-global-color-5)","background-image":"","background-repeat":"repeat","background-position":"center center","background-size":"auto","background-attachment":"scroll","background-type":"","background-media":"","overlay-type":"","overlay-color":"","overlay-opacity":"","overlay-gradient":""}},"footnotes":""},"class_list":["post-538","page","type-page","status-publish","hentry"],"aioseo_notices":[],"_links":{"self":[{"href":"https:\/\/camaratravel.com\/index.php?rest_route=\/wp\/v2\/pages\/538","targetHints":{"allow":["GET"]}}],"collection":[{"href":"https:\/\/camaratravel.com\/index.php?rest_route=\/wp\/v2\/pages"}],"about":[{"href":"https:\/\/camaratravel.com\/index.php?rest_route=\/wp\/v2\/types\/page"}],"author":[{"embeddable":true,"href":"https:\/\/camaratravel.com\/index.php?rest_route=\/wp\/v2\/users\/1"}],"replies":[{"embeddable":true,"href":"https:\/\/camaratravel.com\/index.php?rest_route=%2Fwp%2Fv2%2Fcomments&post=538"}],"version-history":[{"count":5,"href":"https:\/\/camaratravel.com\/index.php?rest_route=\/wp\/v2\/pages\/538\/revisions"}],"predecessor-version":[{"id":1743,"href":"https:\/\/camaratravel.com\/index.php?rest_route=\/wp\/v2\/pages\/538\/revisions\/1743"}],"wp:attachment":[{"href":"https:\/\/camaratravel.com\/index.php?rest_route=%2Fwp%2Fv2%2Fmedia&parent=538"}],"curies":[{"name":"wp","href":"https:\/\/api.w.org\/{rel}","templated":true}]}}