{"id":534,"date":"2023-10-04T04:11:54","date_gmt":"2023-10-04T04:11:54","guid":{"rendered":"https:\/\/camaratravel.com\/?page_id=534"},"modified":"2023-11-10T04:46:38","modified_gmt":"2023-11-10T04:46:38","slug":"auroras-boreales-vancouver-whistler-whitehorse","status":"publish","type":"page","link":"https:\/\/camaratravel.com\/?page_id=534","title":{"rendered":"Auroras Boreales &#8211; Vancouver &#8211; Whistler &#8211; Whitehorse"},"content":{"rendered":"\n<div class=\"wp-block-cover is-light\" style=\"padding-top:var(--wp--preset--spacing--80);padding-bottom:var(--wp--preset--spacing--80);min-height:50px;aspect-ratio:unset;\"><span aria-hidden=\"true\" class=\"wp-block-cover__background has-vivid-green-cyan-background-color has-background-dim-100 has-background-dim\"><\/span><div class=\"wp-block-cover__inner-container is-layout-flow wp-block-cover-is-layout-flow\">\n<p class=\"has-text-align-center has-large-font-size\"><\/p>\n<\/div><\/div>\n\n\n\n<p>MT-41200 Auroras Boreales &#8211; Vancouver &#8211; Whistler &#8211; Whitehorse<\/p>\n\n\n\n<p><strong>Ciudades Visitadas:<\/strong>&nbsp;Canad\u00e1<\/p>\n\n\n\n<figure class=\"wp-block-image\"><img decoding=\"async\" src=\"https:\/\/one.cdnmega.com\/images\/viajes\/covers\/canada-auroras-de-teepees-yellowknife.webp\" alt=\"\"\/><\/figure>\n\n\n\n<p><strong>Duraci\u00f3n:<\/strong>&nbsp;10 D\u00edas y 9 Noches<\/p>\n\n\n\n<p><strong>Desde:<\/strong>2799 USD + 499 Imp<\/p>\n\n\n\n<p><strong>Fecha(s) de salida:<\/strong><\/p>\n\n\n\n<p><br>Salidas Diarias Desde:<br>Noviembre 17 &#8211; Diciembre 15, 2023 \/ Enero 01 &#8211; Abril 25, 2024<\/p>\n\n\n\n<p><strong>Vigencia:<\/strong>&nbsp;Precios vigentes hasta el 25\/04\/2024<\/p>\n\n\n\n<p><strong>Aerolinea<\/strong><\/p>\n\n\n\n<h5 class=\"wp-block-heading\">INCLUYE VUELO<\/h5>\n\n\n\n<figure class=\"wp-block-image\"><img decoding=\"async\" src=\"https:\/\/one.cdnmega.com\/images\/aerolineas\/iata\/AC.png\" alt=\"Air Canada\"\/><\/figure>\n\n\n\n<figure class=\"wp-block-image\"><img decoding=\"async\" src=\"https:\/\/one.cdnmega.com\/images\/aerolineas\/iata\/AM.png\" alt=\"Aeromexico\"\/><\/figure>\n\n\n\n<p>Itinerario<\/p>\n\n\n\n<p><strong>D\u00cdA 1&nbsp;CIUDAD DE MEXICO \u2013 VANCOUVER&nbsp;<\/strong><br>Presentarse por lo menos 3HRS antes de la hora de salida en el aeropuerto internacional de la Ciudad de M\u00e9xico para tomar su vuelo con destino a Vancouver Recepci\u00f3n en el aeropuerto con entrega de documentaci\u00f3n y traslado al hotel. Su gu\u00eda le informar\u00e1 el orden de las excursiones. Alojamiento.<\/p>\n\n\n\n<p><strong>D\u00cdA 2 VANCOUVER&nbsp;<\/strong><br>Tour de Ciudad de Vancouver (Incluido). Comenzamos el tour por Yaletown, para pasar al ex\u00f3tico Chinatown, el m\u00e1s grande de Canad\u00e1. A pocos minutos de all\u00ed, llegamos al barrio m\u00e1s antiguo de la ciudad, el entra\u00f1able Gastown y Canada Place. A unos minutos del puerto llegamos a Stanley Park, ofreci\u00e9ndonos una maravillosa vista de la bah\u00eda, de la ciudad y de las Monta\u00f1as Costeras. Paramos para sacar fotos de unos aut\u00e9nticos t\u00f3tems ind\u00edgenas. A la salida del parque podemos observar la playa de English Bay, siguiendo el paseo hasta el Puente Burrard. Finalizando nuestra visita a la ciudad, entraremos a Granville Island. Resto de la tarde libre. Alojamiento.<\/p>\n\n\n\n<p><strong>D\u00cdA 3&nbsp;VANCOUVER&nbsp;<\/strong><br>D\u00eda libre. Le recomendamos visita de Norte de Vancouver (opcional) o el Tour de Victoria (opcional). Alojamiento.<\/p>\n\n\n\n<p><strong>D\u00cdA 4 VANCOUVER &#8211; WHISTLER<\/strong><br>Recogida en su hotel sobre las 10:00am que le llevar\u00e1 a su hotel en Whistler. El recorrido de Vancouver a Whistler nos ofrece una de las vistas m\u00e1s bellas en carretera, ya que iremos bordeando toda la costa del fiordo Howe Sound. Veremos las Cascadas Shannon de 333 metros de ca\u00edda. Pasando por el pueblo de Squamish se levanta majestuoso el monolito de granito m\u00e1s alto de Canad\u00e1, el Stawamus Chief, uno de los m\u00e1s grandes del mundo. Llegamos a la Villa de Whistler con sus innumerables tiendas y restaurantes originales. Resto del d\u00eda libre. Alojamiento.<\/p>\n\n\n\n<p><strong>D\u00cdA 5&nbsp;WHISTLER<\/strong><br>D\u00eda Libre. Este d\u00eda prep\u00e1rese para un paseo a bordo de una motonieve (opcional) actividad de invierno favorita en Canad\u00e1. El veh\u00edculo de nieve est\u00e1 especialmente dise\u00f1ado para personas que por primera vez practican esta actividad. Una de las mejores opciones es una cena de fondue en Crystal Hut (opcional) en lo alto de la monta\u00f1a de Blackcomb, el ascenso se puede hacer en motonieve o si lo prefiere dentro de un snowcat (m\u00e1quina quitanieve adaptada para pasajeros). Alojamiento<\/p>\n\n\n\n<p><strong>D\u00cdA 6&nbsp;WHISTLER<\/strong><br>D\u00eda Libre. El d\u00eda de hoy, sugerimos dedicarlo para explorar y disfrutar de la monta\u00f1a esquiando o haciendo snowboard (opcional). Incluido en el precio del lift podr\u00e1n disfrutar del Peak 2 Peak. Una experiencia de 11 minutos en un telef\u00e9rico que lo llevar\u00e1 de pico a pico para recorrer las monta\u00f1as sin interrupci\u00f3n. Con 28 cabinas viajar\u00e1 4.4 km. entre Whistler y Blackcomb a una altura de 415 metros sobre el Arroyo Fitzsimmons ofreci\u00e9ndole el acceso entre una y otra monta\u00f1a con vistas espectaculares y diversi\u00f3n sin final. Alojamiento.<\/p>\n\n\n\n<p><strong>D\u00cdA 7&nbsp;WHISTLER &#8211; VANCOUVER &#8211; WHITEHORSE<\/strong><br>Presentarse en Gateway Bus Loop (Whistler, BC V0N 1B0) para tomar su traslado al aeropuerto de Vancouver para tomar su vuelo hacia Whitehorse (vuelo incluido a YXY). Recepci\u00f3n en el aeropuerto por un gu\u00eda de habla hispana. Traslado a su hotel localizado en el coraz\u00f3n de la ciudad, cerca de las orillas del R\u00edo Yuk\u00f3n. Orientaci\u00f3n del viaje con su gu\u00eda. Whitehorse es una ciudad peque\u00f1a y se puede explorar f\u00e1cilmente a pie. Resto del d\u00eda libre para visitar la ciudad. Por la noche saldr\u00e1 de nuevo, esta vez a buscar las impresionantes auroras boreales. Rel\u00e1jese en la comodidad de nuestro centro o bajo el cielo estrellado junto a una rica fogata en nuestra ubicaci\u00f3n hecha a la medida. Alojamiento.<\/p>\n\n\n\n<p><strong>D\u00cdA&nbsp;8 WHITEHORSE<\/strong><br>&nbsp;Luego de descansar hasta tarde, lo pasaremos a buscar para tomar el Tour de la Ciudad de Whitehorse (Incluido). Whitehorse, la capital de Yuk\u00f3n, ofrece un encantador adentramiento a la historia del Norte. En este tour iremos al Visitor Centre para aprender sobre las distintas regiones del territorio Yuk\u00f3n. Visitaremos tambi\u00e9n el SS Klondike, un buque de paletas utilizado durante la fiebre del oro, Fish Ladder y Log Skyscraper. Por la noche saldremos a buscar las impresionantes auroras boreales. Rel\u00e1jese en la comodidad de nuestro centro o bajo el cielo estrellado junto a una fogata en nuestra ubicaci\u00f3n hecha a la medida. Alojamiento.<\/p>\n\n\n\n<p><strong>D\u00cdA 9 WHITEHORSE<\/strong><br>D\u00eda libre para tours y paseos opcionales. Pruebe andar en las motonieves, hacer snowshoeing o pescar en hielo. Por la noche, saldr\u00e1 de nuevo, a buscar las impresionantes auroras boreales. Rel\u00e1jese en la comodidad de nuestro centro o bajo el cielo estrellado junto a una fogata en nuestra ubicaci\u00f3n hecha a la medida. Alojamiento.<\/p>\n\n\n\n<p><strong>D\u00cdA 10 WHITEHORSE&nbsp;<\/strong><br>Traslado al aeropuerto y fin de los servicios.<strong>&nbsp;&nbsp;&nbsp;&nbsp;&#8230;FIN DE NUESTROS SERVICIOS<\/strong><\/p>\n\n\n\n<p>Precios y Hoteles:<\/p>\n\n\n\n<figure class=\"wp-block-table\"><table><tbody><tr><td><strong>FECHAS<\/strong><\/td><td><strong>CPL<\/strong><\/td><td><strong>TRIPLE<\/strong><\/td><td><strong>DOBLE<\/strong><\/td><td><strong>SGL<\/strong><\/td><td><strong>MNR<\/strong><\/td><\/tr><tr><td>Noviembre: 17 \u2013 Diciembre: 09<\/td><td>$2,799<\/td><td>$2,929<\/td><td>$3,119<\/td><td>$4,459<\/td><td>$2,169<\/td><\/tr><tr><td>Diciembre: 10 &#8211; 14<\/td><td>$2,899<\/td><td>$3,029<\/td><td>$3,279<\/td><td>$4,759<\/td><td>$2,169<\/td><\/tr><tr><td>Enero: 03 \u2013 Febrero: 09<\/td><td>$2,919<\/td><td>$3,049<\/td><td>$3,309<\/td><td>$4,839<\/td><td>$2,169<\/td><\/tr><tr><td>Febrero: 10 \u2013 20<\/td><td>$2,989<\/td><td>$3,139<\/td><td>$3,439<\/td><td>$5,089<\/td><td>$2,169<\/td><\/tr><tr><td>Febrero: 21 \u2013 Marzo: 12<\/td><td>$2,919<\/td><td>$3,049<\/td><td>$3,309<\/td><td>$4,839<\/td><td>$2,169<\/td><\/tr><tr><td>Marzo: 13 \u2013 27<\/td><td>$2,869<\/td><td>$2,979<\/td><td>$3,209<\/td><td>$4,629<\/td><td>$2,169<\/td><\/tr><tr><td>Marzo: 28 \u2013 Abril:&nbsp; 25<\/td><td>$2,809<\/td><td>$2,899<\/td><td>$3,089<\/td><td>$4,399<\/td><td>$2,169<\/td><\/tr><\/tbody><\/table><\/figure>\n\n\n\n<p><strong>IMPUESTOS Y SUPLEMENTOS<\/strong><\/p>\n\n\n\n<figure class=\"wp-block-table\"><table><tbody><tr><td>Impuestos a\u00e9reos 2023<\/td><td>$ 499<\/td><\/tr><tr><td>Impuestos a\u00e9reos 2024<\/td><td>$ 599<\/td><\/tr><\/tbody><\/table><\/figure>\n\n\n\n<p>\u2013 Precios indicados en USD, pagaderos en Moneda Nacional al tipo de cambio del d\u00eda.<br>\u2013 Los precios indicados en este itinerario son de car\u00e1cter informativo y deben ser confirmados para realizar su reservaci\u00f3n ya que est\u00e1n sujetos a modificaciones sin previo aviso.<br>\u2013 Consulte suplemento por temporada alta.<br>\u2013 Consulte suplemento para itinerario Deluxe.<br>\u2013 Consulte suplemento para itinerario de 10 d\u00edas.<br>\u2013 M\u00e1ximo 4 persona por habitaci\u00f3n entre adultos y menores<br>\u2013 La tarifa de menor aplica compartiendo con 2 adultos (aplica de 2 a 11 a\u00f1os)<\/p>\n\n\n\n<figure class=\"wp-block-table\"><table><tbody><tr><td colspan=\"4\"><strong>HOTELES PREVISTOS O SIMILARES<\/strong><\/td><\/tr><tr><td><strong>HOTEL<\/strong><\/td><td><strong>CIUDAD<\/strong><\/td><td><strong>TIPO<\/strong><\/td><td><strong>PA\u00cdS<\/strong><\/td><\/tr><tr><td>Sheraton Wall Center<\/td><td>Vancuver<\/td><td>Canada<\/td><td>Primera<\/td><\/tr><tr><td>Aava Hotel<\/td><td>Whistler<\/td><td>Canada<\/td><td>Primera<\/td><\/tr><tr><td>Sternwheeler<\/td><td>Whitehorse<\/td><td>Canada<\/td><td>Turista<\/td><\/tr><tr><td colspan=\"4\">\u00c9sta es la relaci\u00f3n de los hoteles utilizados m\u00e1s frecuentemente en este circuito. Reflejada tan s\u00f3lo a efectos indicativos, pudiendo ser el pasajero alojado en establecimientos similares o alternativos<\/td><\/tr><\/tbody><\/table><\/figure>\n\n\n\n<p>El paquete incluye<\/p>\n\n\n\n<ul class=\"wp-block-list\">\n<li>Vuelo redondo en clase turista, M\u00e9xico \u2013 Vancouver \u2013 Whitehorse \u2013 M\u00e9xico<\/li>\n\n\n\n<li>09 noches de alojamiento seg\u00fan itinerario<\/li>\n\n\n\n<li>Traslados y tours mencionados.<\/li>\n<\/ul>\n\n\n\n<p>El paquete no incluye:<\/p>\n\n\n\n<ul class=\"wp-block-list\">\n<li>IMPUESTOS DE $499 USD POR PERSONA<\/li>\n\n\n\n<li>Renta de ropa invernal (consultar con su ejecutivo)<\/li>\n\n\n\n<li>Gastos personales y extras en los hoteles<\/li>\n\n\n\n<li>Propinas: 45USD por persona. (pagaderos en destino)<\/li>\n\n\n\n<li>Ning\u00fan servicio no especificado como incluido o especificado como opcional.<\/li>\n\n\n\n<li>Visa electr\u00f3nica de ingreso a Canad\u00e1 e-TA.<\/li>\n<\/ul>\n\n\n\n<p>Precios cotizados en d\u00f3lares americanos, pagaderos en Moneda Nacional al tipo de cambio del d\u00eda Los precios indicados son informativos y deben ser conformados antes de su compra ya que est\u00e1n sujetos a cambio sin previo aviso. Para obtener el costo exacto a pagar a tipo de cambio del d\u00eda, comun\u00edquese con nosotros. Consulte impuestos y suplementos.<\/p>\n","protected":false},"excerpt":{"rendered":"<p>MT-41200 Auroras Boreales &#8211; Vancouver &#8211; Whistler &#8211; Whitehorse Ciudades Visitadas:&nbsp;Canad\u00e1 Duraci\u00f3n:&nbsp;10 D\u00edas y 9 Noches Desde:2799 USD + 499 Imp Fecha(s) de salida: Salidas Diarias Desde:Noviembre 17 &#8211; Diciembre 15, 2023 \/ Enero 01 &#8211; Abril 25, 2024 Vigencia:&nbsp;Precios vigentes hasta el 25\/04\/2024 Aerolinea INCLUYE VUELO Itinerario D\u00cdA 1&nbsp;CIUDAD DE MEXICO \u2013 VANCOUVER&nbsp;Presentarse por [&hellip;]<\/p>\n","protected":false},"author":1,"featured_media":0,"parent":0,"menu_order":0,"comment_status":"closed","ping_status":"closed","template":"","meta":{"om_disable_all_campaigns":false,"_monsterinsights_skip_tracking":false,"_monsterinsights_sitenote_active":false,"_monsterinsights_sitenote_note":"","_monsterinsights_sitenote_category":0,"site-sidebar-layout":"default","site-content-layout":"","ast-site-content-layout":"default","site-content-style":"default","site-sidebar-style":"default","ast-global-header-display":"","ast-banner-title-visibility":"","ast-main-header-display":"","ast-hfb-above-header-display":"","ast-hfb-below-header-display":"","ast-hfb-mobile-header-display":"","site-post-title":"disabled","ast-breadcrumbs-content":"","ast-featured-img":"","footer-sml-layout":"","ast-disable-related-posts":"","theme-transparent-header-meta":"","adv-header-id-meta":"","stick-header-meta":"","header-above-stick-meta":"","header-main-stick-meta":"","header-below-stick-meta":"","astra-migrate-meta-layouts":"set","ast-page-background-enabled":"default","ast-page-background-meta":{"desktop":{"background-color":"","background-image":"","background-repeat":"repeat","background-position":"center center","background-size":"auto","background-attachment":"scroll","background-type":"","background-media":"","overlay-type":"","overlay-color":"","overlay-opacity":"","overlay-gradient":""},"tablet":{"background-color":"","background-image":"","background-repeat":"repeat","background-position":"center center","background-size":"auto","background-attachment":"scroll","background-type":"","background-media":"","overlay-type":"","overlay-color":"","overlay-opacity":"","overlay-gradient":""},"mobile":{"background-color":"","background-image":"","background-repeat":"repeat","background-position":"center center","background-size":"auto","background-attachment":"scroll","background-type":"","background-media":"","overlay-type":"","overlay-color":"","overlay-opacity":"","overlay-gradient":""}},"ast-content-background-meta":{"desktop":{"background-color":"var(--ast-global-color-5)","background-image":"","background-repeat":"repeat","background-position":"center center","background-size":"auto","background-attachment":"scroll","background-type":"","background-media":"","overlay-type":"","overlay-color":"","overlay-opacity":"","overlay-gradient":""},"tablet":{"background-color":"var(--ast-global-color-5)","background-image":"","background-repeat":"repeat","background-position":"center center","background-size":"auto","background-attachment":"scroll","background-type":"","background-media":"","overlay-type":"","overlay-color":"","overlay-opacity":"","overlay-gradient":""},"mobile":{"background-color":"var(--ast-global-color-5)","background-image":"","background-repeat":"repeat","background-position":"center center","background-size":"auto","background-attachment":"scroll","background-type":"","background-media":"","overlay-type":"","overlay-color":"","overlay-opacity":"","overlay-gradient":""}},"footnotes":""},"class_list":["post-534","page","type-page","status-publish","hentry"],"aioseo_notices":[],"_links":{"self":[{"href":"https:\/\/camaratravel.com\/index.php?rest_route=\/wp\/v2\/pages\/534","targetHints":{"allow":["GET"]}}],"collection":[{"href":"https:\/\/camaratravel.com\/index.php?rest_route=\/wp\/v2\/pages"}],"about":[{"href":"https:\/\/camaratravel.com\/index.php?rest_route=\/wp\/v2\/types\/page"}],"author":[{"embeddable":true,"href":"https:\/\/camaratravel.com\/index.php?rest_route=\/wp\/v2\/users\/1"}],"replies":[{"embeddable":true,"href":"https:\/\/camaratravel.com\/index.php?rest_route=%2Fwp%2Fv2%2Fcomments&post=534"}],"version-history":[{"count":4,"href":"https:\/\/camaratravel.com\/index.php?rest_route=\/wp\/v2\/pages\/534\/revisions"}],"predecessor-version":[{"id":1681,"href":"https:\/\/camaratravel.com\/index.php?rest_route=\/wp\/v2\/pages\/534\/revisions\/1681"}],"wp:attachment":[{"href":"https:\/\/camaratravel.com\/index.php?rest_route=%2Fwp%2Fv2%2Fmedia&parent=534"}],"curies":[{"name":"wp","href":"https:\/\/api.w.org\/{rel}","templated":true}]}}