{"id":530,"date":"2023-10-04T04:07:51","date_gmt":"2023-10-04T04:07:51","guid":{"rendered":"https:\/\/camaratravel.com\/?page_id=530"},"modified":"2023-11-10T04:49:18","modified_gmt":"2023-11-10T04:49:18","slug":"invierno-vancouver-victoria-6d","status":"publish","type":"page","link":"https:\/\/camaratravel.com\/?page_id=530","title":{"rendered":"Invierno Vancouver &#8211; Victoria 6D"},"content":{"rendered":"\n<div class=\"wp-block-cover is-light\" style=\"padding-top:var(--wp--preset--spacing--80);padding-bottom:var(--wp--preset--spacing--80);min-height:50px;aspect-ratio:unset;\"><span aria-hidden=\"true\" class=\"wp-block-cover__background has-vivid-green-cyan-background-color has-background-dim-100 has-background-dim\"><\/span><div class=\"wp-block-cover__inner-container is-layout-flow wp-block-cover-is-layout-flow\">\n<p class=\"has-text-align-center has-large-font-size\"><\/p>\n<\/div><\/div>\n\n\n\n<p>MT-41060 Invierno Vancouver &#8211; Victoria 6D<\/p>\n\n\n\n<p><strong>Ciudades Visitadas:<\/strong>&nbsp;Canad\u00e1<\/p>\n\n\n\n<figure class=\"wp-block-image\"><img decoding=\"async\" src=\"https:\/\/one.cdnmega.com\/images\/viajes\/covers\/metrotown-vancouver-canada.jpg\" alt=\"\"\/><\/figure>\n\n\n\n<p><strong>Duraci\u00f3n:<\/strong>&nbsp;6 D\u00edas y 5 Noches<\/p>\n\n\n\n<p><strong>Desde:<\/strong>1869 USD + 499 Imp<\/p>\n\n\n\n<p><strong>Fecha(s) de salida:<\/strong><\/p>\n\n\n\n<p><br>Diarias desde noviembre: 01, 2023 &#8211; abril: 26, 2024<\/p>\n\n\n\n<p><strong>Vigencia:<\/strong>&nbsp;Precios vigentes hasta el 26\/04\/2024<\/p>\n\n\n\n<p><strong>Aerolinea<\/strong><\/p>\n\n\n\n<h5 class=\"wp-block-heading\">INCLUYE VUELO<\/h5>\n\n\n\n<figure class=\"wp-block-image\"><img decoding=\"async\" src=\"https:\/\/one.cdnmega.com\/images\/aerolineas\/iata\/AC.png\" alt=\"Air Canada\"\/><\/figure>\n\n\n\n<figure class=\"wp-block-image\"><img decoding=\"async\" src=\"https:\/\/one.cdnmega.com\/images\/aerolineas\/iata\/AM.png\" alt=\"Aeromexico\"\/><\/figure>\n\n\n\n<p>Itinerario<\/p>\n\n\n\n<p><strong>D\u00cdA 1&nbsp;M\u00c9XICO \u2013 VANCOUVER<\/strong><br>Presentarse por lo menos 3HRS antes de la hora de salida en el aeropuerto internacional de la Ciudad de M\u00e9xico para tomar su vuelo con destino a Vancouver. Llegada, recepci\u00f3n y traslado al hotel. Su gu\u00eda le informar\u00e1 el orden de las excursiones. Alojamiento.<\/p>\n\n\n\n<p><strong>D\u00cdA 2 VANCOUVER<\/strong><br>Hoy realizaremos la Visita de la Ciudad de Vancouver (incluida). Comenzamos el tour por Yaletown, el barrio moderno y vibrante, para pasar al ex\u00f3tico Chinatown, el m\u00e1s grande de Canad\u00e1. El recorrido por sus calles nos da una visi\u00f3n de su cultura y forma de vida. A pocos minutos de all\u00ed, llegamos al entra\u00f1able Gastown, con un original reloj de vapor y las peque\u00f1as tiendas, galer\u00edas y restaurantes de primera categor\u00eda. Recorreremos el centro financiero de Vancouver con sus enormes rascacielos reflejando la arquitectura contempor\u00e1nea. Vancouver posee uno de los puertos m\u00e1s importantes del mundo. La terminal de cruceros a Alaska, Canada Place, se ha convertido en un s\u00edmbolo de la ciudad con su techo blanco en forma de cinco velas. Un mill\u00f3n y medio de pasajeros se embarcan aqu\u00ed cada verano. All\u00ed se encuentra tambi\u00e9n el Pebetero Ol\u00edmpico. A unos minutos del puerto llegamos a Stanley Park, el parque municipal m\u00e1s grande del pa\u00eds, ofreci\u00e9ndonos una maravillosa vista de la bah\u00eda, de la ciudad y de las Monta\u00f1as Costeras. Paramos para sacar fotos de unos aut\u00e9nticos t\u00f3tems ind\u00edgenas que representan una de las formas de arte de las Primeras Naciones. A la salida del parque podemos observar la playa de English Bay, siguiendo el paseo hasta el Puente Burrard. Finalizando nuestra visita a la ciudad, entraremos a Granville Island con su artesan\u00eda local y el ambiente marinero en el peque\u00f1o puerto deportivo. Esta Isla cuenta con el mejor mercado p\u00fablico de Vancouver, donde podr\u00e1n tener un entrem\u00e9s de comida t\u00edpica West Coast o simplemente disfrutar del ambiente y de la m\u00fasica viva con que nos deleitan los cantantes o m\u00fasicos que abundan en la zona. Tarde libre. Recomendamos la Visita de Norte de Vancouver (opcional) visitando el puente de Capilano y la mounta\u00f1a Grouse o visitar Flyover Canada (opcional), Vancouver Lookout (opcional) o tome el Tour del Compras al McArthurGlen Designer Outlet Vancouver Airport (opcional). Alojamiento.<\/p>\n\n\n\n<p><strong>D\u00cdA 3&nbsp;VANCOUVER \u2013 VICTORIA<\/strong><br>Recogida en su hotel de Vancouver para su Tour de Victoria (incluido). Abordaremos el ferry (incluido) que a trav\u00e9s de las pintorescas Islas del Golfo nos trasladar\u00e1 a la Isla de Vancouver, en esta traves\u00eda, en ocasiones se pueden observar \u00e1guilas, focas y hasta ballenas. Al llegar a nuestro destino, la primera parada ser\u00e1 para visitar los famosos Jardines Butchart (incluido), los jardines m\u00e1s famosos de Am\u00e9rica por su variedad incre\u00edble de flores y \u00e1rboles. El recorrido contin\u00faa culminando en el centro de esta hermosa ciudad. Tiempo libre para visitar el Hotel Empress y disfrutar del popular High Tea (no incluido) en el elegante Lobby Lounge, un espacio di\u00e1fano que combina la elegancia de principios de siglo con el refinamiento moderno. En este c\u00e9lebre ritual de la Emperatriz, ofrecen una exclusiva selecci\u00f3n de t\u00e9s de primera calidad en vajilla real, regalo de Su Majestad en 1939. Otras alternativas es visitar el Parlamento y la bah\u00eda. Alojamiento.<\/p>\n\n\n\n<p><strong>D\u00cdA 4&nbsp;VICTORIA \u2013 VANCOUVER<\/strong><br>Ma\u00f1ana libre en Victoria para visitar sus muy variadas atracciones y realizar compras en la calle Goverment, o bien, para realizar una inolvidable excursi\u00f3n de la vida marina (no incluida). En el muelle recibir\u00e1n una orientaci\u00f3n sobre la seguridad en el mar y se pondr\u00e1n los abrigos especiales para hacer el viaje. La expedici\u00f3n utiliza barcos abiertos de 12 pasajeros o embarcaciones cerradas de 70 pasajeros y dura aproximadamente 3 horas en el mar dependiendo del mes del a\u00f1o. Generalmente se ven leones del mar, orcas, focas, varias especies de p\u00e1jaros, y en ocasiones ballenas grises y jorobadas. La excursi\u00f3n se realiza en ingl\u00e9s. Las excursiones dependen del clima y cancelaciones de \u00faltimo momento pueden suceder. Cuando el viaje se cancela por el clima, se reembolsar\u00e1 100% del costo. Por la tarde regresar\u00e1n a Vancouver en un excitante vuelo en hidroavi\u00f3n (incluido) de 35 minutos, en el que sobrevolar\u00e1n el estrecho de Juan de Fuca y un archipi\u00e9lago en donde tienen sus rusticas mansiones los habitantes de la costa Oeste de Canad\u00e1. Antes de acuatizar volaremos sobre la ciudad de Vancouver y el Stanley Park a baja altura y admiraremos la que ha sido considerara como una de las ciudades m\u00e1s bellas del mundo. Recepci\u00f3n en la terminal y traslado al hotel por cuenta del cliente (no incluido) Alojamiento.<\/p>\n\n\n\n<p><strong>D\u00cdA 5 VANCOUVER<\/strong><br>Recomendamos el Tour de Whistler (no Incluida). Saliendo de Vancouver nos adentraremos en una de las carreteras m\u00e1s reconocidas por su espectacularidad: Sea to Sky Highway. Haremos la primera parada en las imponentes cascadas Shannon, que con sus 333 m de ca\u00edda, son el \u00faltimo escalaf\u00f3n que las g\u00e9lidas aguas recorren antes de caer al mar. Pasando por el pueblo de Squamish se levanta majestuoso el monolito de granito m\u00e1s alto de Canad\u00e1, el Stawamus Chief, mejor conocido como \u201cThe Chief\u201d de 700 m de altura. Llegamos a la Villa de Whistler la cual cuenta con infinidad de tiendas y restaurantes que son un deleite para el viajero que busca el recuerdo m\u00e1s adecuado mientras admira el paisaje de Montanas. Tiempo libre para disfrutar de la villa. Por la tarde regreso a Vancouver. Alojamiento.<\/p>\n\n\n\n<p><strong>D\u00cdA 6&nbsp;VANCOUVER \u2013 M\u00c9XICO<\/strong><br>A la hora programada traslado al aeropuerto para tomar el vuelo con destino a la ciudad de M\u00e9xico.<strong>&nbsp;&nbsp;&nbsp;&nbsp;&#8230;FIN DE NUESTROS SERVICIOS<\/strong><\/p>\n\n\n\n<p>Precios y Hoteles:<\/p>\n\n\n\n<figure class=\"wp-block-table\"><table><tbody><tr><td><strong>CATEGOR\u00cdA<\/strong><\/td><td><strong>CPL<\/strong><\/td><td><strong>TRIPLE<\/strong><\/td><td><strong>DOBLE<\/strong><\/td><td><strong>SGL<\/strong><\/td><td><strong>MNR<\/strong><\/td><\/tr><tr><td>Opci\u00f3n A<br>noviembre: 01 &#8211; marzo: 27<\/td><td>$2,329<\/td><td>$2,519<\/td><td>$2,919<\/td><td>$4,779<\/td><td>$1,459<\/td><\/tr><tr><td>Opci\u00f3n B<br>noviembre: 01 &#8211; abril: 26<\/td><td>$1,869<\/td><td>$1,929<\/td><td>$2,069<\/td><td>$3,099<\/td><td>$1,459<\/td><\/tr><\/tbody><\/table><\/figure>\n\n\n\n<p><strong>IMPUESTOS Y SUPLEMENTOS<\/strong><\/p>\n\n\n\n<figure class=\"wp-block-table\"><table><tbody><tr><td>Impuestos a\u00e9reos 2023<\/td><td>$ 499<\/td><\/tr><tr><td>Impuestos a\u00e9reos 2024<\/td><td>$ 599<\/td><\/tr><\/tbody><\/table><\/figure>\n\n\n\n<p>\u2013 Precios indicados en USD, pagaderos en Moneda Nacional al tipo de cambio del d\u00eda.<br>\u2013 Los precios indicados en este itinerario son de car\u00e1cter informativo y deben ser confirmados para realizar su reservaci\u00f3n ya que est\u00e1n sujetos a modificaciones sin previo aviso.<br>\u2013&nbsp;Consulte suplemento por temporada alta<br>\u2013 M\u00e1ximo 4 persona por habitaci\u00f3n entre adultos y menores<br>\u2013 La tarifa de menor aplica compartiendo con 2 adultos (aplica de 2 a 11 a\u00f1os)<br>\u2013 Mega Travel se encuentra sujeto a las pol\u00edticas y restricciones que imponga el gobierno canadiense para reapertura de fronteras<\/p>\n\n\n\n<figure class=\"wp-block-table\"><table><tbody><tr><td colspan=\"4\"><strong>HOTELES PREVISTOS O SIMILARES<\/strong><\/td><\/tr><tr><td colspan=\"4\"><strong>OPCI\u00d3N A<\/strong><\/td><\/tr><tr><td><strong>HOTEL<\/strong><\/td><td><strong>CIUDAD<\/strong><\/td><td><strong>PA\u00cdS<\/strong><\/td><td><strong>CATEGOR\u00cdA<\/strong><\/td><\/tr><tr><td>Paradox<\/td><td>Vancouver<\/td><td>Canad\u00e1<\/td><td>Lujo<\/td><\/tr><tr><td>Fairmont Empress<\/td><td>Victoria<\/td><td>Canad\u00e1<\/td><td>Superior<\/td><\/tr><tr><td colspan=\"4\"><strong>OPCI\u00d3N B<\/strong><\/td><\/tr><tr><td><strong>HOTEL<\/strong><\/td><td><strong>CIUDAD<\/strong><\/td><td><strong>PA\u00cdS<\/strong><\/td><td><strong>CATEGOR\u00cdA<\/strong><\/td><\/tr><tr><td>Sheraton<\/td><td>Vancouver<\/td><td>Canad\u00e1<\/td><td>Primera<\/td><\/tr><tr><td>Grand Pacific<\/td><td>Victoria<\/td><td>Canad\u00e1<\/td><td>Primera<\/td><\/tr><tr><td colspan=\"4\">\u00c9sta es la relaci\u00f3n de los hoteles utilizados m\u00e1s frecuentemente en este circuito. Reflejada tan s\u00f3lo a efectos indicativos, pudiendo ser el pasajero alojado en establecimientos similares o alternativos<\/td><\/tr><\/tbody><\/table><\/figure>\n\n\n\n<p>El paquete incluye<\/p>\n\n\n\n<ul class=\"wp-block-list\">\n<li>Vuelo redondo en clase turista, M\u00e9xico \u2013 Vancouver \u2013 M\u00e9xico<\/li>\n\n\n\n<li>05 noches de alojamiento seg\u00fan itinerario.<\/li>\n\n\n\n<li>Visitas de ciudad descritas en el itinerario.<\/li>\n\n\n\n<li>Traslado de Llegada y Salida.<\/li>\n<\/ul>\n\n\n\n<p>El paquete no incluye:<\/p>\n\n\n\n<ul class=\"wp-block-list\">\n<li>IMPUESTOS DE $499 USD POR PERSONA<\/li>\n\n\n\n<li>Gastos personales y extras en los hoteles<\/li>\n\n\n\n<li>Propinas: 45USD por persona. (pagaderos en destino)<\/li>\n\n\n\n<li>Ning\u00fan servicio no especificado como incluido o especificado como opcional<\/li>\n\n\n\n<li>Visa electr\u00f3nica de ingreso a Canad\u00e1 e-TA.<\/li>\n<\/ul>\n\n\n\n<p>Precios cotizados en d\u00f3lares americanos, pagaderos en Moneda Nacional al tipo de cambio del d\u00eda Los precios indicados son informativos y deben ser conformados antes de su compra ya que est\u00e1n sujetos a cambio sin previo aviso. Para obtener el costo exacto a pagar a tipo de cambio del d\u00eda, comun\u00edquese con nosotros. Consulte impuestos y suplementos.<\/p>\n","protected":false},"excerpt":{"rendered":"<p>MT-41060 Invierno Vancouver &#8211; Victoria 6D Ciudades Visitadas:&nbsp;Canad\u00e1 Duraci\u00f3n:&nbsp;6 D\u00edas y 5 Noches Desde:1869 USD + 499 Imp Fecha(s) de salida: Diarias desde noviembre: 01, 2023 &#8211; abril: 26, 2024 Vigencia:&nbsp;Precios vigentes hasta el 26\/04\/2024 Aerolinea INCLUYE VUELO Itinerario D\u00cdA 1&nbsp;M\u00c9XICO \u2013 VANCOUVERPresentarse por lo menos 3HRS antes de la hora de salida en el [&hellip;]<\/p>\n","protected":false},"author":1,"featured_media":0,"parent":0,"menu_order":0,"comment_status":"closed","ping_status":"closed","template":"","meta":{"om_disable_all_campaigns":false,"_monsterinsights_skip_tracking":false,"_monsterinsights_sitenote_active":false,"_monsterinsights_sitenote_note":"","_monsterinsights_sitenote_category":0,"site-sidebar-layout":"default","site-content-layout":"","ast-site-content-layout":"default","site-content-style":"default","site-sidebar-style":"default","ast-global-header-display":"","ast-banner-title-visibility":"","ast-main-header-display":"","ast-hfb-above-header-display":"","ast-hfb-below-header-display":"","ast-hfb-mobile-header-display":"","site-post-title":"disabled","ast-breadcrumbs-content":"","ast-featured-img":"","footer-sml-layout":"","ast-disable-related-posts":"","theme-transparent-header-meta":"","adv-header-id-meta":"","stick-header-meta":"","header-above-stick-meta":"","header-main-stick-meta":"","header-below-stick-meta":"","astra-migrate-meta-layouts":"set","ast-page-background-enabled":"default","ast-page-background-meta":{"desktop":{"background-color":"","background-image":"","background-repeat":"repeat","background-position":"center center","background-size":"auto","background-attachment":"scroll","background-type":"","background-media":"","overlay-type":"","overlay-color":"","overlay-opacity":"","overlay-gradient":""},"tablet":{"background-color":"","background-image":"","background-repeat":"repeat","background-position":"center center","background-size":"auto","background-attachment":"scroll","background-type":"","background-media":"","overlay-type":"","overlay-color":"","overlay-opacity":"","overlay-gradient":""},"mobile":{"background-color":"","background-image":"","background-repeat":"repeat","background-position":"center center","background-size":"auto","background-attachment":"scroll","background-type":"","background-media":"","overlay-type":"","overlay-color":"","overlay-opacity":"","overlay-gradient":""}},"ast-content-background-meta":{"desktop":{"background-color":"var(--ast-global-color-5)","background-image":"","background-repeat":"repeat","background-position":"center center","background-size":"auto","background-attachment":"scroll","background-type":"","background-media":"","overlay-type":"","overlay-color":"","overlay-opacity":"","overlay-gradient":""},"tablet":{"background-color":"var(--ast-global-color-5)","background-image":"","background-repeat":"repeat","background-position":"center center","background-size":"auto","background-attachment":"scroll","background-type":"","background-media":"","overlay-type":"","overlay-color":"","overlay-opacity":"","overlay-gradient":""},"mobile":{"background-color":"var(--ast-global-color-5)","background-image":"","background-repeat":"repeat","background-position":"center center","background-size":"auto","background-attachment":"scroll","background-type":"","background-media":"","overlay-type":"","overlay-color":"","overlay-opacity":"","overlay-gradient":""}},"footnotes":""},"class_list":["post-530","page","type-page","status-publish","hentry"],"aioseo_notices":[],"_links":{"self":[{"href":"https:\/\/camaratravel.com\/index.php?rest_route=\/wp\/v2\/pages\/530","targetHints":{"allow":["GET"]}}],"collection":[{"href":"https:\/\/camaratravel.com\/index.php?rest_route=\/wp\/v2\/pages"}],"about":[{"href":"https:\/\/camaratravel.com\/index.php?rest_route=\/wp\/v2\/types\/page"}],"author":[{"embeddable":true,"href":"https:\/\/camaratravel.com\/index.php?rest_route=\/wp\/v2\/users\/1"}],"replies":[{"embeddable":true,"href":"https:\/\/camaratravel.com\/index.php?rest_route=%2Fwp%2Fv2%2Fcomments&post=530"}],"version-history":[{"count":4,"href":"https:\/\/camaratravel.com\/index.php?rest_route=\/wp\/v2\/pages\/530\/revisions"}],"predecessor-version":[{"id":1683,"href":"https:\/\/camaratravel.com\/index.php?rest_route=\/wp\/v2\/pages\/530\/revisions\/1683"}],"wp:attachment":[{"href":"https:\/\/camaratravel.com\/index.php?rest_route=%2Fwp%2Fv2%2Fmedia&parent=530"}],"curies":[{"name":"wp","href":"https:\/\/api.w.org\/{rel}","templated":true}]}}