{"id":528,"date":"2023-10-04T04:06:11","date_gmt":"2023-10-04T04:06:11","guid":{"rendered":"https:\/\/camaratravel.com\/?page_id=528"},"modified":"2023-11-10T05:10:23","modified_gmt":"2023-11-10T05:10:23","slug":"whistler-espectacular","status":"publish","type":"page","link":"https:\/\/camaratravel.com\/?page_id=528","title":{"rendered":"Whistler Espectacular"},"content":{"rendered":"\n<div class=\"wp-block-cover is-light\" style=\"padding-top:var(--wp--preset--spacing--80);padding-bottom:var(--wp--preset--spacing--80);min-height:50px;aspect-ratio:unset;\"><span aria-hidden=\"true\" class=\"wp-block-cover__background has-vivid-green-cyan-background-color has-background-dim-100 has-background-dim\"><\/span><div class=\"wp-block-cover__inner-container is-layout-flow wp-block-cover-is-layout-flow\">\n<p class=\"has-text-align-center has-large-font-size\"><\/p>\n<\/div><\/div>\n\n\n\n<p>MT-41057 Whistler Espectacular<\/p>\n\n\n\n<p><strong>Ciudades Visitadas:<\/strong>&nbsp;Canad\u00e1<\/p>\n\n\n\n<figure class=\"wp-block-image\"><img decoding=\"async\" src=\"https:\/\/one.cdnmega.com\/images\/viajes\/covers\/02-whistler-espectacular-1024x575_651af52b71840.webp\" alt=\"\"\/><\/figure>\n\n\n\n<p><strong>Duraci\u00f3n:<\/strong>&nbsp;8 D\u00edas y 7 Noches<\/p>\n\n\n\n<p><strong>Desde:<\/strong>1599 USD + 499 Imp<\/p>\n\n\n\n<p><strong>Fecha(s) de salida:<\/strong><\/p>\n\n\n\n<p><br>Diarias desde noviembre: 20, 2023 &#8211; abril: 24, 2024<\/p>\n\n\n\n<p><strong>Vigencia:<\/strong>&nbsp;Precios vigentes hasta el 24\/04\/2024<\/p>\n\n\n\n<p><strong>Aerolinea<\/strong><\/p>\n\n\n\n<h5 class=\"wp-block-heading\">INCLUYE VUELO<\/h5>\n\n\n\n<figure class=\"wp-block-image\"><img decoding=\"async\" src=\"https:\/\/one.cdnmega.com\/images\/aerolineas\/iata\/AC.png\" alt=\"Air Canada\"\/><\/figure>\n\n\n\n<figure class=\"wp-block-image\"><img decoding=\"async\" src=\"https:\/\/one.cdnmega.com\/images\/aerolineas\/iata\/AM.png\" alt=\"Aeromexico\"\/><\/figure>\n\n\n\n<p>Itinerario<\/p>\n\n\n\n<p><strong>D\u00cdA 1&nbsp;M\u00c9XICO \u2013 VANCOUVER<\/strong><br>Presentarse por lo menos 3HRS antes de la hora de salida en el aeropuerto internacional de la Ciudad de M\u00e9xico para tomar su vuelo con destino a Vancouver. Recepci\u00f3n en el aeropuerto con entrega de documentaci\u00f3n para el viaje y traslado al hotel. Alojamiento.<\/p>\n\n\n\n<p><strong>D\u00cdA 2&nbsp;VANCOUVER<\/strong><br>Hoy disfrutaremos la Visita de la Ciudad de Vancouver (incluida). Comenzamos el tour por Yaletown, el barrio moderno y vibrante, para pasar a Chinatown, el m\u00e1s grande de Canad\u00e1. A pocos minutos de all\u00ed, llegamos al entra\u00f1able Gastown, con un original reloj de vapor. La terminal de cruceros a Alaska, Canada Place, se ha convertido en un s\u00edmbolo de la ciudad con su techo blanco en forma de cinco velas. All\u00ed se encuentra tambi\u00e9n el Pebetero Ol\u00edmpico. A unos minutos del puerto llegamos a Stanley Park, ofreci\u00e9ndonos una maravillosa vista de la bah\u00eda, de la ciudad y de las Monta\u00f1as Costeras. A la salida del parque podemos observar la playa de English Bay, siguiendo el paseo hasta el Puente Burrard. Finalizando nuestra visita, entraremos a Granville Island con su artesan\u00eda local y el ambiente marinero en el peque\u00f1o puerto deportivo. Por la tarde recomendamos visitar Visita de Norte de Vancouver (opcional) visitando el puente de Capilano y la monta\u00f1a Grouse o visitar Flyover Canada (opcional) o Vancouver Lookout (opcional). Alojamiento.<\/p>\n\n\n\n<p><strong>D\u00cdA 3 VANCOUVER \u2013 WHISTLER<\/strong><br>El recorrido de Vancouver a Whistler nos ofrece una de las vistas m\u00e1s bellas en carretera, ya que iremos bordeando toda la costa del fiordo Howe Sound. Pararemos para contemplar las Cascadas Shannon de333 metros de altura. Pasando por el pueblo de Squamish se levanta majestuoso el monolito de granito m\u00e1s alto de Canad\u00e1, el Stawamus Chief, mejor conocido como \u201cThe Chief\u201d de 700 m de altura. Llegamos a la Villa de Whistler con sus innumerables tiendas y restaurantes originales. Por la tarde sugerimos practicar: Zip Trek o Lanzamiento en Tirolesa (opcional) Sienta la adrenalina correr por sus venas a lo largo de los 61 metros de altura de estos recorridos cuando alcance velocidades de hasta 80 kil\u00f3metros por hora. Alojamiento.<\/p>\n\n\n\n<p><strong>D\u00cdA 4&nbsp;WHISTLER<\/strong><br>D\u00eda libre. Este d\u00eda sugerimos un paseo a bordo de una motonieve o snowmobile (opcional) actividad de invierno favorita en Canad\u00e1. Ser\u00e1n guiados en una excursi\u00f3n por el valle anidado entre las monta\u00f1as Whistler y Blackcomb a lo largo del arrollo Fitzsimmons con escenarios espectaculares, y sobre todo la emoci\u00f3n de conducir sobre lagos congelados. Si busca una actividad ideal para disfrutar con la familia, una de las mejores opciones es una cena de fondue en Crystal Hut (opcional) en lo alto de la monta\u00f1a de Blackcomb. La cena es a base de fondue acompa\u00f1ada de un buen vino, seguido de pastel de fruta fresca servido caliente, cocinado en horno de le\u00f1a. La velada se completa con espect\u00e1culos en vivo con m\u00fasicos locales. Alojamiento.<\/p>\n\n\n\n<p><strong>D\u00cdA 5&nbsp;WHISTLER<\/strong><br>D\u00eda Libre. El d\u00eda de hoy, sugerimos dedicarlo para explorar y disfrutar de la monta\u00f1a esquiando o haciendo snowboard (opcional). Incluido en el precio del lift podr\u00e1n disfrutar de la m\u00e1s reciente atracci\u00f3n de Whistler: Peak 2 Peak. Una experiencia de 11 minutos en un telef\u00e9rico que lo llevar\u00e1 de pico a pico para recorrer las monta\u00f1as sin interrupci\u00f3n. Con 28 cabinas viajar\u00e1 4.4 km. entre Whistler y Blackcomb a una altura de 415 metros sobre el Arroyo Fitzsimmons ofreci\u00e9ndole el acceso entre una y otra monta\u00f1a con vistas espectaculares y diversi\u00f3n sin l\u00edmite. Alojamiento.<\/p>\n\n\n\n<p><strong>D\u00cdA 6&nbsp;WHISTLER<\/strong><br>D\u00eda Libre. Este d\u00eda sugerimos que disfrute de una excursi\u00f3n en trineo de perros (opcional). Rem\u00f3ntese a la historia canadiense mientras pasea a bordo de uno de los tradicionales trineos tirados por en\u00e9rgicos perros Alaskan Huskies y prep\u00e1rese para un viaje \u00fanico a trav\u00e9s del valle Callaghan. El paseo nos llevar\u00e1 a trav\u00e9s de bosques de gigantes cedros centenarios y r\u00edos cubiertos por la nieve que nos conducen a un igl\u00fa. Aqu\u00ed pararemos para ponernos unas raquetas de nieve (snowshoes) y hacer una corta caminata de 5 minutos a las Cataratas Alexander de 43 m. de altura. Regresamos al trineo donde puede disfrutar del paisaje mientras los perros hacen lo que m\u00e1s disfrutan hacer&#8230; \u00a1correr! Si la ma\u00f1ana le result\u00f3 agotadora podr\u00e1 disfrutar del espect\u00e1culo de luz y sonido en mitad del bosque Vallea Lumina (opcional) que a medida que nos movemos a trav\u00e9s de esta experiencia, abundan las oportunidades para tocar, jugar y relacionarse con el entorno en constante cambio (Narraci\u00f3n en ingl\u00e9s). Alojamiento.<\/p>\n\n\n\n<p><strong>D\u00cdA 7&nbsp;WHISTLER<\/strong><br>D\u00eda Libre. Atr\u00e9vase a practicar una de las actividades m\u00e1s divertidas de la nieve: tubbing (opcional). Usted podr\u00e1 deslizarse sobre llantas especiales de nieve por los canales congelados creados espec\u00edficamente para esta actividad. Puede estar seguro de que le brindar\u00e1 risas y horas de mucha diversi\u00f3n. Alojamiento.<\/p>\n\n\n\n<p><strong>D\u00cdA 8&nbsp;WHISTLER \u2013 VANCOUVER \u2013 M\u00c9XICO<\/strong><br>A la hora indicada presentarse en el Whistler en Gateway Bus Loop (Whistler, BC V0N 1B0) para tomar su traslado tipo Shutlle al aeropuerto de Vancouver. Fin de nuestros servicios.<strong>&nbsp;&nbsp;&nbsp;&nbsp;&#8230;FIN DE NUESTROS SERVICIOS<\/strong><\/p>\n\n\n\n<p>Precios y Hoteles:<\/p>\n\n\n\n<figure class=\"wp-block-table\"><table><tbody><tr><td colspan=\"6\"><strong>SALIDAS 2023<\/strong><\/td><\/tr><tr><td><strong>FECHAS<\/strong><\/td><td><strong>CPL<\/strong><\/td><td><strong>TRIPLE<\/strong><\/td><td><strong>DOBLE<\/strong><\/td><td><strong>SGL<\/strong><\/td><td><strong>MNR<\/strong><\/td><\/tr><tr><td>noviembre: 20 \u2013 diciembre: 08<\/td><td>$1,599<\/td><td>$1,699<\/td><td>$1,899<\/td><td>$2,999<\/td><td>$999<\/td><\/tr><tr><td>diciembre: 09 \u2013 13<\/td><td>$1,729<\/td><td>$1,879<\/td><td>$2,159<\/td><td>$3,499<\/td><td>$999<\/td><\/tr><tr><td>diciembre: 14 \u2013 enero: 02<\/td><td>$2,199<\/td><td>$2,499<\/td><td>$3,099<\/td><td>$5,389<\/td><td>$999<\/td><\/tr><tr><td colspan=\"6\"><strong>SALIDAS 2024<\/strong><\/td><\/tr><tr><td><strong>FECHAS<\/strong><\/td><td><strong>CPL<\/strong><\/td><td><strong>TRIPLE<\/strong><\/td><td><strong>DOBLE<\/strong><\/td><td><strong>SGL<\/strong><\/td><td><strong>MNR<\/strong><\/td><\/tr><tr><td>enero: 03 \u2013 febrero: 08<\/td><td>$1,769<\/td><td>$1,919<\/td><td>$2,219<\/td><td>$3,139<\/td><td>$999<\/td><\/tr><tr><td>febrero: 09 \u2013 23<\/td><td>$1,879<\/td><td>$2,059<\/td><td>$2,439<\/td><td>$4,059<\/td><td>$999<\/td><\/tr><tr><td>febrero: 24 \u2013 marzo: 15<\/td><td>$1,769<\/td><td>$1,919<\/td><td>$2,219<\/td><td>$3,139<\/td><td>$999<\/td><\/tr><tr><td>marzo: 16 \u2013 30<\/td><td>$1,689<\/td><td>$1,799<\/td><td>$2,049<\/td><td>$3,289<\/td><td>$999<\/td><\/tr><tr><td>marzo: 31 \u2013 abril: 24<\/td><td>$1,589<\/td><td>$1,679<\/td><td>$1,849<\/td><td>$2,899<\/td><td>$999<\/td><\/tr><\/tbody><\/table><\/figure>\n\n\n\n<p><strong>IMPUESTOS Y SUPLEMENTOS<\/strong><\/p>\n\n\n\n<figure class=\"wp-block-table\"><table><tbody><tr><td>Impuestos a\u00e9reos 2023<\/td><td>$ 499<\/td><\/tr><tr><td>Impuestos a\u00e9reos 2024<\/td><td>$ 599<\/td><\/tr><\/tbody><\/table><\/figure>\n\n\n\n<p>\u2013&nbsp;Precios indicados en USD, pagaderos en Moneda Nacional al tipo de cambio del d\u00eda.<br>\u2013 Los precios indicados en este itinerario son de car\u00e1cter informativo y deben ser confirmados para realizar su reservaci\u00f3n ya que est\u00e1n sujetos a modificaciones sin previo aviso.<br>\u2013&nbsp;Consulte suplemento por temporada alta.<br>\u2013 M\u00e1ximo 4 persona por habitaci\u00f3n entre adultos y menores<br>\u2013 La tarifa de menor aplica compartiendo con 2 adultos (aplica de 2 a 9 a\u00f1os)<br>\u2013 Mega Travel se encuentra sujeto a las pol\u00edticas y restricciones que imponga el gobierno canadiense para reapertura de fronteras<\/p>\n\n\n\n<figure class=\"wp-block-table\"><table><tbody><tr><td colspan=\"4\"><strong>HOTELES PREVISTOS O SIMILARES<\/strong><\/td><\/tr><tr><td><strong>HOTEL<\/strong><\/td><td><strong>CIUDAD<\/strong><\/td><td><strong>PA\u00cdS<\/strong><\/td><td><strong>CATEGOR\u00cdA<\/strong><\/td><\/tr><tr><td>Aava<\/td><td>Whistler<\/td><td>Canad\u00e1<\/td><td>Turista<\/td><\/tr><tr><td>Sheraton<\/td><td>Vancouver<\/td><td>Canad\u00e1<\/td><td>Turista<\/td><\/tr><tr><td colspan=\"4\">\u00c9sta es la relaci\u00f3n de los hoteles utilizados m\u00e1s frecuentemente en este circuito. Reflejada tan s\u00f3lo a efectos indicativos, pudiendo ser el pasajero alojado en establecimientos similares o alternativos<\/td><\/tr><\/tbody><\/table><\/figure>\n\n\n\n<p>El paquete incluye<\/p>\n\n\n\n<ul class=\"wp-block-list\">\n<li>Vuelo redondo, M\u00e9xico \u2013 Vancouver \u2013 M\u00e9xico<\/li>\n\n\n\n<li>07 noches de alojamiento seg\u00fan itinerario.<\/li>\n\n\n\n<li>Traslado de llegada en espa\u00f1ol.<\/li>\n\n\n\n<li>Traslado de Salida en servicio suttle en ingl\u00e9s.<\/li>\n<\/ul>\n\n\n\n<p>El paquete no incluye:<\/p>\n\n\n\n<ul class=\"wp-block-list\">\n<li>IMPUESTOS DE $499 USD POR PERSONA<\/li>\n\n\n\n<li>Gastos personales y extras en los hoteles<\/li>\n\n\n\n<li>Propinas: 45USD por persona. (pagaderos en destino)<\/li>\n\n\n\n<li>Ning\u00fan servicio no especificado como incluido o especificado como opcional<\/li>\n\n\n\n<li>Visa electr\u00f3nica de ingreso a Canad\u00e1 e-TA.<\/li>\n<\/ul>\n\n\n\n<p>Precios cotizados en d\u00f3lares americanos, pagaderos en Moneda Nacional al tipo de cambio del d\u00eda Los precios indicados son informativos y deben ser conformados antes de su compra ya que est\u00e1n sujetos a cambio sin previo aviso. Para obtener el costo exacto a pagar a tipo de cambio del d\u00eda, comun\u00edquese con nosotros. Consulte impuestos y suplementos.<\/p>\n","protected":false},"excerpt":{"rendered":"<p>MT-41057 Whistler Espectacular Ciudades Visitadas:&nbsp;Canad\u00e1 Duraci\u00f3n:&nbsp;8 D\u00edas y 7 Noches Desde:1599 USD + 499 Imp Fecha(s) de salida: Diarias desde noviembre: 20, 2023 &#8211; abril: 24, 2024 Vigencia:&nbsp;Precios vigentes hasta el 24\/04\/2024 Aerolinea INCLUYE VUELO Itinerario D\u00cdA 1&nbsp;M\u00c9XICO \u2013 VANCOUVERPresentarse por lo menos 3HRS antes de la hora de salida en el aeropuerto internacional de [&hellip;]<\/p>\n","protected":false},"author":1,"featured_media":0,"parent":0,"menu_order":0,"comment_status":"closed","ping_status":"closed","template":"","meta":{"om_disable_all_campaigns":false,"_monsterinsights_skip_tracking":false,"_monsterinsights_sitenote_active":false,"_monsterinsights_sitenote_note":"","_monsterinsights_sitenote_category":0,"site-sidebar-layout":"default","site-content-layout":"","ast-site-content-layout":"default","site-content-style":"default","site-sidebar-style":"default","ast-global-header-display":"","ast-banner-title-visibility":"","ast-main-header-display":"","ast-hfb-above-header-display":"","ast-hfb-below-header-display":"","ast-hfb-mobile-header-display":"","site-post-title":"disabled","ast-breadcrumbs-content":"","ast-featured-img":"","footer-sml-layout":"","ast-disable-related-posts":"","theme-transparent-header-meta":"","adv-header-id-meta":"","stick-header-meta":"","header-above-stick-meta":"","header-main-stick-meta":"","header-below-stick-meta":"","astra-migrate-meta-layouts":"set","ast-page-background-enabled":"default","ast-page-background-meta":{"desktop":{"background-color":"","background-image":"","background-repeat":"repeat","background-position":"center center","background-size":"auto","background-attachment":"scroll","background-type":"","background-media":"","overlay-type":"","overlay-color":"","overlay-opacity":"","overlay-gradient":""},"tablet":{"background-color":"","background-image":"","background-repeat":"repeat","background-position":"center center","background-size":"auto","background-attachment":"scroll","background-type":"","background-media":"","overlay-type":"","overlay-color":"","overlay-opacity":"","overlay-gradient":""},"mobile":{"background-color":"","background-image":"","background-repeat":"repeat","background-position":"center center","background-size":"auto","background-attachment":"scroll","background-type":"","background-media":"","overlay-type":"","overlay-color":"","overlay-opacity":"","overlay-gradient":""}},"ast-content-background-meta":{"desktop":{"background-color":"var(--ast-global-color-5)","background-image":"","background-repeat":"repeat","background-position":"center center","background-size":"auto","background-attachment":"scroll","background-type":"","background-media":"","overlay-type":"","overlay-color":"","overlay-opacity":"","overlay-gradient":""},"tablet":{"background-color":"var(--ast-global-color-5)","background-image":"","background-repeat":"repeat","background-position":"center center","background-size":"auto","background-attachment":"scroll","background-type":"","background-media":"","overlay-type":"","overlay-color":"","overlay-opacity":"","overlay-gradient":""},"mobile":{"background-color":"var(--ast-global-color-5)","background-image":"","background-repeat":"repeat","background-position":"center center","background-size":"auto","background-attachment":"scroll","background-type":"","background-media":"","overlay-type":"","overlay-color":"","overlay-opacity":"","overlay-gradient":""}},"footnotes":""},"class_list":["post-528","page","type-page","status-publish","hentry"],"aioseo_notices":[],"_links":{"self":[{"href":"https:\/\/camaratravel.com\/index.php?rest_route=\/wp\/v2\/pages\/528","targetHints":{"allow":["GET"]}}],"collection":[{"href":"https:\/\/camaratravel.com\/index.php?rest_route=\/wp\/v2\/pages"}],"about":[{"href":"https:\/\/camaratravel.com\/index.php?rest_route=\/wp\/v2\/types\/page"}],"author":[{"embeddable":true,"href":"https:\/\/camaratravel.com\/index.php?rest_route=\/wp\/v2\/users\/1"}],"replies":[{"embeddable":true,"href":"https:\/\/camaratravel.com\/index.php?rest_route=%2Fwp%2Fv2%2Fcomments&post=528"}],"version-history":[{"count":4,"href":"https:\/\/camaratravel.com\/index.php?rest_route=\/wp\/v2\/pages\/528\/revisions"}],"predecessor-version":[{"id":1688,"href":"https:\/\/camaratravel.com\/index.php?rest_route=\/wp\/v2\/pages\/528\/revisions\/1688"}],"wp:attachment":[{"href":"https:\/\/camaratravel.com\/index.php?rest_route=%2Fwp%2Fv2%2Fmedia&parent=528"}],"curies":[{"name":"wp","href":"https:\/\/api.w.org\/{rel}","templated":true}]}}