{"id":514,"date":"2023-10-04T03:42:45","date_gmt":"2023-10-04T03:42:45","guid":{"rendered":"https:\/\/camaratravel.com\/?page_id=514"},"modified":"2023-11-08T05:39:52","modified_gmt":"2023-11-08T05:39:52","slug":"china-milenaria-y-hong-kong","status":"publish","type":"page","link":"https:\/\/camaratravel.com\/?page_id=514","title":{"rendered":"China Milenaria y Hong Kong"},"content":{"rendered":"\n<div class=\"wp-block-cover is-light\" style=\"padding-top:var(--wp--preset--spacing--80);padding-bottom:var(--wp--preset--spacing--80);min-height:50px;aspect-ratio:unset;\"><span aria-hidden=\"true\" class=\"wp-block-cover__background has-vivid-green-cyan-background-color has-background-dim-100 has-background-dim\"><\/span><div class=\"wp-block-cover__inner-container is-layout-flow wp-block-cover-is-layout-flow\">\n<p class=\"has-text-align-center has-large-font-size\"><\/p>\n<\/div><\/div>\n\n\n\n<p>MT-30003 China Milenaria y Hong Kong<\/p>\n\n\n\n<p><strong>Ciudades Visitadas:<\/strong>&nbsp;China<\/p>\n\n\n\n<figure class=\"wp-block-image\"><img decoding=\"async\" src=\"https:\/\/one.cdnmega.com\/images\/viajes\/covers\/real-antiguos-palacios-ciudad-prohibida-beijing-china.webp\" alt=\"\"\/><\/figure>\n\n\n\n<p><strong>Duraci\u00f3n:<\/strong>&nbsp;15 D\u00edas y 11 Noches<\/p>\n\n\n\n<p><strong>Desde:<\/strong>4999 USD + 949 Imp<\/p>\n\n\n\n<p><strong>Fecha(s) de salida:<\/strong><\/p>\n\n\n\n<p><br>S\u00e1bado, lunes y mi\u00e9rcoles (Salida garantizada a partir de 2 pasajeros)<\/p>\n\n\n\n<p><strong>Vigencia:<\/strong>&nbsp;Precios vigentes hasta el 31\/12\/2023<\/p>\n\n\n\n<p><strong>Aerolinea<\/strong><\/p>\n\n\n\n<h5 class=\"wp-block-heading\">INCLUYE VUELO<\/h5>\n\n\n\n<figure class=\"wp-block-image\"><img decoding=\"async\" src=\"https:\/\/one.cdnmega.com\/images\/aerolineas\/iata\/AF.png\" alt=\"Air France\"\/><\/figure>\n\n\n\n<p>Itinerario<\/p>\n\n\n\n<p><strong>D\u00cdA 01&nbsp;M\u00c9XICO \u2708 PAR\u00cdS&nbsp;<\/strong><br>Cita en el aeropuerto de la Ciudad de M\u00e9xico para abordar vuelo con destino a Beijing. Noche a bordo.<\/p>\n\n\n\n<p><strong>D\u00cdA 02 TIEMPO DE VUELO&nbsp;<\/strong><br>Vuelo con escala t\u00e9cnica en Par\u00eds. &nbsp;<\/p>\n\n\n\n<p><strong>D\u00cdA 03 PAR\u00cdS \u2708 BEIJING<\/strong><br>Los pasajeros permanecer\u00e1n en transito para abordar su vuelo con destino a Beijing. Llegada a Beijing, Capital de la Rep\u00fablica Popular China. Traslado al hotel. Resto del d\u00eda libre, almuerzo no incluido. Alojamiento.<\/p>\n\n\n\n<p><strong>D\u00cdA 04 BEIJING<\/strong><br>Desayuno. Durante este d\u00eda visitaremos: El Palacio Imperial, conocido como \u201cla Ciudad Prohibida\u201d, &nbsp;La Plaza Tian An Men, una de las mayores del mundo, el Palacio de Verano que era un jard\u00edn veraniego para los de la casa imperial de la Dinast\u00eda Qing, y un Taller de Perlas de Agua Dulce. Almuerzo ( incluido el delicioso Pato Laqueado). &nbsp;Antes de regresar al hotel, tomaremos un masaje de pies para aliviar el cansancio del viaje. Alojamiento.&nbsp;<\/p>\n\n\n\n<p><strong>D\u00cdA 05 BEIJING&nbsp;<\/strong><br>Desayuno. Por la mana\u00f1a, visita al Templo del Cielo, obra construida en 1420 con una superficie de 267 ha. Posteriormente visita a una tienda de la seda. Almuerzo. Por la tarde, visita a La Gran Muralla (Paso Juyongguan), una de las obras humanas mas antiguas y grandiosas del mundo, con una distancia de 70km de la ciudad de Beijing. Regreso a la ciudad y parada en el Parque Olimpico para tomar fotos con los principales estadios de las Olimpiadas 2008 (sin entrar a los estadios): tales como el Nido (estadio principal de Los Juegos Olimpicos) y el Cubo de Agua (estadio de nataci\u00f3n). Regreso al hotel y alojamiento.&nbsp;<\/p>\n\n\n\n<p><strong>D\u00cdA 06 BEIJING \u2013 XI\u2019AN<\/strong><br>Desayuno. A la hora indicada, traslado a la estaci\u00f3n y tren de alta velocidad a Xi\u2019an (5.5 hrs), ciudad antigua de 3.000 a\u00f1os, sirvi\u00f3 como capital de 11 dinast\u00edas, y se destaca por haber sido el punto de partida de la famosa \u201cRuta de la Seda\u201d. &nbsp;Traslado al hotel y alojamiento. &nbsp;Sin almuerzo!<\/p>\n\n\n\n<p><strong>D\u00cdA 07 XI\u2019AN<\/strong><br>Desayuno. Hoy visitaremos el famoso Museo de Guerreros y Corceles en el que se guardan m\u00e1s de 6.000 figuras en terracota, a tama\u00f1o natural, que representan un gran ej\u00e9rcito de guerreros, corceles y carros de guerra que custodiaba la tumba del emperador Qin. Visitamos tambien al Taller de Terracota donde podemos conocer el proceso de la elaboraci\u00f3n de las Figuras de Terracota. Almuerzo. Por la tarde visitaremos la Plaza de la Gran Pagoda de la Oca Salvaje, la Antigua Muralla (sin subir) y el Barrio Musulm\u00e1n. Por la noche, opcionalmente Show Cultural de la Dinast\u00eda Tang. Regreso al hotel y alojamiento.&nbsp;<\/p>\n\n\n\n<p><strong>D\u00cdA 08 XI\u2019AN \u2013 SHANGH\u00c1I<\/strong><br>Desayuno. A la hora indicada, traslado al aeropuerto y vuelo a Shanghai, uno de los municipios directamente subordinados al Poder Central, cuenta con m\u00e1s de 25 millones de habitantes, es el mayor puerto, centro comercial y la metr\u00f3poli m\u00e1s internacional de China. Llegada y traslado al hotel. Alojamiento. Sin almuerzo!&nbsp;<\/p>\n\n\n\n<p><strong>D\u00cdA 09 SHANGH\u00c1I<\/strong><br>Desayuno. Tour de dia completo visitando al Jard\u00edn Yuyuan, el Barrio Antiguo \u201cCheng Huang Miao\u201d, Templo del Buda de Jade, la Calle Nanjing, la Calle Nanjing, el Malecon (The Bund) y una Casa del Te Chino. Almuerzo. Por la noche, opcionalmente crucero por el Rio Huangpu. Alojamiento.<\/p>\n\n\n\n<p><strong>D\u00cdA 10 SHANGH\u00c1I \u2013 GUILIN<\/strong><br>Desayuno. Por la ma\u00f1ana, traslado al aeropuerto y salida en avi\u00f3n rumbo a Guilin, ciudad famosa por su hermosura paisaj\u00edstica. Llegada y traslado al hotel. &nbsp;Por la tarde, visita panor\u00e1mica de la ciudad a pie, recorriendo por la Plaza Central, el Lago Shan y el Lago Rong, las Pagodas de la Luna y del Sol (por fuera). Regreso al hotel y alojamiento. Sin almuerzo!<\/p>\n\n\n\n<p><strong>D\u00cdA 11 GUILIN \u2013 YANGSHOU &#8211; GUILIN<\/strong><br>Desayuno. En este d\u00eda, realizaremos un Crucero por el r\u00edo Li Jiang, que goza de una reputaci\u00f3n por \u201cla soberana hermosura paisaj\u00edstica del mundo\u201d conformada con sus cadenas de verdes monta\u00f1as, picos de formas raras, aguas di\u00e1fanas, rocas graciosas y grutas fant\u00e1sticas. Almuerzo en el barco. Desembarque en Yangshuo y visita a este pueblocito y sus mercadillos al aire libre. Regreso a Guilin en coche y alojamiento.&nbsp;<\/p>\n\n\n\n<p><strong>D\u00cdA 12 GUILIN \u2013 GUANGZHOU &#8211; &nbsp;HONG KONG<\/strong><br>Desayuno. Por la ma\u00f1ana, traslado a la estaci\u00f3n y salida en tren de alta velocidad hacia Guangzhou (3 hrs), llamada la \u201c Ciudad de Cabras\u201d o la \u201cCiudad de Flores\u201d, importante puerto fluvial y mar\u00edtimo del sur de China. Visitaremos al Templo de la Familia Chen, la Plaza Huacheng, Torre de Guangzhou de 600 metros de altura( por fuera sin subir) y el Mercado Qingping . Almuerzo. Por la tarde-noche, traslado a la estaci\u00f3n y tren de alta velocidad a Hong Kong ( 1 hra). Llegada a Hong Kong y traslado al hotel. Alojamiento.<\/p>\n\n\n\n<p><strong>D\u00cdA 13&nbsp;HONG KONG<\/strong><br>Desayuno. Tour de medio d\u00eda por Isla de Hong Kong: Muelle de pescadores en Aberdeen, Bah\u00eda Repulse, Pico Victoria. Tarde libre. Por la noche, opcionalmente crucero nocturno por la bah\u00eda de Hongkong con cena buffet. Alojamiento. Sin almuerzo!<\/p>\n\n\n\n<p><strong>D\u00cdA 14 HONG KONG \u2013 PAR\u00cdS&nbsp;<\/strong><br>Desayuno .Traslado al aeropuerto para abordar vuelo con destino a Par\u00eds.<\/p>\n\n\n\n<p><strong>D\u00cdA 15 PAR\u00cdS \u2013&nbsp;M\u00c9XICO<\/strong><br>Llegada al Aeropuerto Internacional de Par\u00eds, los pasajeros permanecer\u00e1n en transito para abordar su siguiente vuelo a la Ciudad de M\u00e9xico.<strong>&nbsp;&nbsp;&nbsp;&nbsp;&#8230;FIN DE NUESTROS SERVICIOS<\/strong><\/p>\n\n\n\n<p>Precios y Hoteles:<\/p>\n\n\n\n<figure class=\"wp-block-table\"><table><tbody><tr><td><strong>TRIPLE<\/strong><\/td><td><strong>DOBLE<\/strong><\/td><td><strong>SGL<\/strong><\/td><\/tr><tr><td>$ 5,099<\/td><td>$ 5,099<\/td><td>$5,699<\/td><\/tr><\/tbody><\/table><\/figure>\n\n\n\n<p><strong>IMPUESTOS Y SUPLEMENTOS&nbsp;<\/strong><\/p>\n\n\n\n<figure class=\"wp-block-table\"><table><tbody><tr><td>Impuestos A\u00e9reos<\/td><td>$ 949<\/td><\/tr><\/tbody><\/table><\/figure>\n\n\n\n<p>\u2013&nbsp;Precios indicados en USD, pagaderos en Moneda Nacional al tipo de cambio del d\u00eda.<br>\u2013&nbsp;Los precios cambian constantemente, as\u00ed que te sugerimos la verificaci\u00f3n de estos, y no utilizar este documento como definitivo.<\/p>\n\n\n\n<figure class=\"wp-block-table\"><table><tbody><tr><td colspan=\"4\"><strong>HOTELES PREVISTOS O SIMILARES<\/strong><\/td><\/tr><tr><td><strong>HOTEL<\/strong><\/td><td><strong>CIUDAD<\/strong><\/td><td><strong>TIPO<\/strong><\/td><td><strong>PA\u00cdS<\/strong><\/td><\/tr><tr><td>New Otani Changfugong<\/td><td>Beijing<\/td><td>Primera<\/td><td>China<\/td><\/tr><tr><td>Grand Park<\/td><td>Xian<\/td><td>Primera<\/td><td>China<\/td><\/tr><tr><td>Jin Jiang Tower<\/td><td>Shanghai<\/td><td>Primera<\/td><td>China<\/td><\/tr><tr><td>Lijiang Waterfall<\/td><td>Guilin<\/td><td>Primera<\/td><td>China<\/td><\/tr><tr><td>Harbour Plaza Metropolis<\/td><td>Hong Kong<\/td><td>Primera<\/td><td>China<\/td><\/tr><tr><td colspan=\"4\">\u00c9sta es la relaci\u00f3n de los hoteles utilizados m\u00e1s frecuentemente en este circuito. Reflejada tan s\u00f3lo a efectos indicativos, pudiendo ser el pasajero alojado en establecimientos similares o alternativos<\/td><\/tr><\/tbody><\/table><\/figure>\n\n\n\n<p>El paquete incluye<\/p>\n\n\n\n<ul class=\"wp-block-list\">\n<li>Boleto de avi\u00f3n viaje redondo M\u00e9xico \u2013 Par\u00eds \u2013 Beijing \u2013 Hong Kong &#8211; Par\u00eds \u2013 M\u00e9xico, en clase turista.<\/li>\n\n\n\n<li>Vuelo Xian \/ Shanghai \/ Guilin en clase turista.<\/li>\n\n\n\n<li>3 noches de alojamiento en Beijing.<\/li>\n\n\n\n<li>2 noches de alojamiento en Xi\u2019an.<\/li>\n\n\n\n<li>3 noches de alojamiento en Shangai.<\/li>\n\n\n\n<li>2 noches de alojamiento en Guilin<\/li>\n\n\n\n<li>2 noches de alojamiento en Hongkong.<\/li>\n\n\n\n<li>R\u00e9gimen alimenticio seg\u00fan itinerario.<\/li>\n\n\n\n<li>TREN DE ALTA VELOCIDAD BEIJING \/ XIAN GUILIN\/ GUANGZHOU \/ HONGKONG EN CLASE SEGUNDA<\/li>\n\n\n\n<li>TRASLADOS Y VISITAS EN REGULAR EN ESPANOL<\/li>\n\n\n\n<li>01 MASAJE DE PIES EN BEIJING ( CORTESIA!! )<\/li>\n\n\n\n<li>*SI NO HAY GUIA EN ESPANOL EN LAS FECHAS SOLICITADAS EN HONGKONG, OFRECEMOS GUIA EN INGLES EN HONGKONG PARA LOS TRASLADOS Y TOURS, SIN QUE ELLO SUPONGA NING\u00daN REEMBOLSO.<\/li>\n<\/ul>\n\n\n\n<p>El paquete no incluye:<\/p>\n\n\n\n<ul class=\"wp-block-list\">\n<li>Gastos personales y extras en los hoteles.<\/li>\n\n\n\n<li>Propinas: (pagar en destino y son de car\u00e1cter obligatorio)<\/li>\n\n\n\n<li>04 USD al gu\u00eda local por d\u00eda<\/li>\n\n\n\n<li>02 USD al chofer por d\u00eda<\/li>\n\n\n\n<li>01 USD al maletero del Hotel por vez.<\/li>\n\n\n\n<li>04 USD al masajista de pies.<\/li>\n\n\n\n<li>Ning\u00fan servicio no especificado como incluido o especificado como opcional.<\/li>\n\n\n\n<li>Impuestos a\u00e9reos por persona.<\/li>\n\n\n\n<li>Las bebidas<\/li>\n<\/ul>\n\n\n\n<p>Precios cotizados en d\u00f3lares americanos, pagaderos en Moneda Nacional al tipo de cambio del d\u00eda Los precios indicados son informativos y deben ser conformados antes de su compra ya que est\u00e1n sujetos a cambio sin previo aviso. Para obtener el costo exacto a pagar a tipo de cambio del d\u00eda, comun\u00edquese con nosotros. Consulte impuestos y suplementos.<\/p>\n","protected":false},"excerpt":{"rendered":"<p>MT-30003 China Milenaria y Hong Kong Ciudades Visitadas:&nbsp;China Duraci\u00f3n:&nbsp;15 D\u00edas y 11 Noches Desde:4999 USD + 949 Imp Fecha(s) de salida: S\u00e1bado, lunes y mi\u00e9rcoles (Salida garantizada a partir de 2 pasajeros) Vigencia:&nbsp;Precios vigentes hasta el 31\/12\/2023 Aerolinea INCLUYE VUELO Itinerario D\u00cdA 01&nbsp;M\u00c9XICO \u2708 PAR\u00cdS&nbsp;Cita en el aeropuerto de la Ciudad de M\u00e9xico para abordar [&hellip;]<\/p>\n","protected":false},"author":1,"featured_media":0,"parent":0,"menu_order":0,"comment_status":"closed","ping_status":"closed","template":"","meta":{"om_disable_all_campaigns":false,"_monsterinsights_skip_tracking":false,"_monsterinsights_sitenote_active":false,"_monsterinsights_sitenote_note":"","_monsterinsights_sitenote_category":0,"site-sidebar-layout":"default","site-content-layout":"","ast-site-content-layout":"default","site-content-style":"default","site-sidebar-style":"default","ast-global-header-display":"","ast-banner-title-visibility":"","ast-main-header-display":"","ast-hfb-above-header-display":"","ast-hfb-below-header-display":"","ast-hfb-mobile-header-display":"","site-post-title":"","ast-breadcrumbs-content":"","ast-featured-img":"","footer-sml-layout":"","ast-disable-related-posts":"","theme-transparent-header-meta":"","adv-header-id-meta":"","stick-header-meta":"","header-above-stick-meta":"","header-main-stick-meta":"","header-below-stick-meta":"","astra-migrate-meta-layouts":"set","ast-page-background-enabled":"default","ast-page-background-meta":{"desktop":{"background-color":"","background-image":"","background-repeat":"repeat","background-position":"center center","background-size":"auto","background-attachment":"scroll","background-type":"","background-media":"","overlay-type":"","overlay-color":"","overlay-opacity":"","overlay-gradient":""},"tablet":{"background-color":"","background-image":"","background-repeat":"repeat","background-position":"center center","background-size":"auto","background-attachment":"scroll","background-type":"","background-media":"","overlay-type":"","overlay-color":"","overlay-opacity":"","overlay-gradient":""},"mobile":{"background-color":"","background-image":"","background-repeat":"repeat","background-position":"center center","background-size":"auto","background-attachment":"scroll","background-type":"","background-media":"","overlay-type":"","overlay-color":"","overlay-opacity":"","overlay-gradient":""}},"ast-content-background-meta":{"desktop":{"background-color":"var(--ast-global-color-5)","background-image":"","background-repeat":"repeat","background-position":"center center","background-size":"auto","background-attachment":"scroll","background-type":"","background-media":"","overlay-type":"","overlay-color":"","overlay-opacity":"","overlay-gradient":""},"tablet":{"background-color":"var(--ast-global-color-5)","background-image":"","background-repeat":"repeat","background-position":"center center","background-size":"auto","background-attachment":"scroll","background-type":"","background-media":"","overlay-type":"","overlay-color":"","overlay-opacity":"","overlay-gradient":""},"mobile":{"background-color":"var(--ast-global-color-5)","background-image":"","background-repeat":"repeat","background-position":"center center","background-size":"auto","background-attachment":"scroll","background-type":"","background-media":"","overlay-type":"","overlay-color":"","overlay-opacity":"","overlay-gradient":""}},"footnotes":""},"class_list":["post-514","page","type-page","status-publish","hentry"],"aioseo_notices":[],"_links":{"self":[{"href":"https:\/\/camaratravel.com\/index.php?rest_route=\/wp\/v2\/pages\/514","targetHints":{"allow":["GET"]}}],"collection":[{"href":"https:\/\/camaratravel.com\/index.php?rest_route=\/wp\/v2\/pages"}],"about":[{"href":"https:\/\/camaratravel.com\/index.php?rest_route=\/wp\/v2\/types\/page"}],"author":[{"embeddable":true,"href":"https:\/\/camaratravel.com\/index.php?rest_route=\/wp\/v2\/users\/1"}],"replies":[{"embeddable":true,"href":"https:\/\/camaratravel.com\/index.php?rest_route=%2Fwp%2Fv2%2Fcomments&post=514"}],"version-history":[{"count":3,"href":"https:\/\/camaratravel.com\/index.php?rest_route=\/wp\/v2\/pages\/514\/revisions"}],"predecessor-version":[{"id":1654,"href":"https:\/\/camaratravel.com\/index.php?rest_route=\/wp\/v2\/pages\/514\/revisions\/1654"}],"wp:attachment":[{"href":"https:\/\/camaratravel.com\/index.php?rest_route=%2Fwp%2Fv2%2Fmedia&parent=514"}],"curies":[{"name":"wp","href":"https:\/\/api.w.org\/{rel}","templated":true}]}}