{"id":512,"date":"2023-10-04T03:41:54","date_gmt":"2023-10-04T03:41:54","guid":{"rendered":"https:\/\/camaratravel.com\/?page_id=512"},"modified":"2023-11-02T21:56:31","modified_gmt":"2023-11-02T21:56:31","slug":"bellezas-de-india-y-turquia","status":"publish","type":"page","link":"https:\/\/camaratravel.com\/?page_id=512","title":{"rendered":"Bellezas de India y Turqu\u00eda"},"content":{"rendered":"\n<div class=\"wp-block-cover is-light\" style=\"padding-top:var(--wp--preset--spacing--80);padding-bottom:var(--wp--preset--spacing--80);min-height:50px;aspect-ratio:unset;\"><span aria-hidden=\"true\" class=\"wp-block-cover__background has-vivid-green-cyan-background-color has-background-dim-100 has-background-dim\"><\/span><div class=\"wp-block-cover__inner-container is-layout-flow wp-block-cover-is-layout-flow\">\n<p class=\"has-text-align-center has-large-font-size\"><\/p>\n<\/div><\/div>\n\n\n\n<p style=\"padding-top:var(--wp--preset--spacing--60);padding-bottom:var(--wp--preset--spacing--60)\">MT-30144 Bellezas de India y Turqu\u00eda<\/p>\n\n\n\n<p><strong>Ciudades Visitadas:<\/strong>&nbsp;Turqu\u00eda, India<\/p>\n\n\n\n<figure class=\"wp-block-image\"><img decoding=\"async\" src=\"https:\/\/one.cdnmega.com\/images\/viajes\/covers\/bellezas-de-india-y-turquia-1024x575_6434951dee4b4.webp\" alt=\"\"\/><\/figure>\n\n\n\n<p><strong>Duraci\u00f3n:<\/strong>&nbsp;15 D\u00edas y 12 Noches<\/p>\n\n\n\n<p><strong>Desde:<\/strong>1299 USD + 949 Imp<\/p>\n\n\n\n<p><strong>Fecha(s) de salida:<\/strong><\/p>\n\n\n\n<h3 class=\"wp-block-heading\">Salidas para el a\u00f1o 2024<\/h3>\n\n\n\n<p>Marzo: 03, 19, 19, 25, 25<br>Mayo: 09<\/p>\n\n\n\n<p><strong>Vigencia:<\/strong>&nbsp;Precios vigentes hasta el 31\/12\/2023<\/p>\n\n\n\n<p><strong>Aerolinea<\/strong><\/p>\n\n\n\n<h5 class=\"wp-block-heading\">INCLUYE VUELO<\/h5>\n\n\n\n<figure class=\"wp-block-image\"><img decoding=\"async\" src=\"https:\/\/one.cdnmega.com\/images\/aerolineas\/iata\/TK.png\" alt=\"Turkish Airlines\"\/><\/figure>\n\n\n\n<p><a href=\"https:\/\/www.megatravel.com.mx\/tools\/circuito.php?domi=&amp;domiviaja=&amp;viaje=30144&amp;txtColor=&amp;thBG=666666&amp;thTxColor=CCCCCC&amp;ff=1#\">+<\/a><a href=\"https:\/\/www.megatravel.com.mx\/tools\/circuito.php?domi=&amp;domiviaja=&amp;viaje=30144&amp;txtColor=&amp;thBG=666666&amp;thTxColor=CCCCCC&amp;ff=1#\">\u2212<\/a><\/p>\n\n\n\n<p><a href=\"http:\/\/leafletjs.com\/\">Leaflet<\/a><\/p>\n\n\n\n<p>Itinerario<\/p>\n\n\n\n<p><strong>D\u00cdA 01&nbsp;M\u00c9XICO \u2708 ESTAMBUL<\/strong><br>Cita en el aeropuerto de la Ciudad de M\u00e9xico para abordar vuelo con destino a Estambul. V\u00eda Canc\u00fan. Noche a bordo.<\/p>\n\n\n\n<p><strong>D\u00cdA 02&nbsp;ESTAMBUL<\/strong><br>Llegada, recepci\u00f3n en el aeropuerto y tiempo libre hasta la hora del check in. Alojamiento.<\/p>\n\n\n\n<p><strong>D\u00cdA 03&nbsp;ESTAMBUL<\/strong><br>Desayuno. D\u00eda libre. Alojamiento.<br>Posibilidad de tomar la excursi\u00f3n opcional guiada (no incluida \u2013 con costo adicional) con almuerzo en un restaurante de comida t\u00edpica \u201cTOUR POR EL B\u00d3SFORO\u201d. Salida para contemplar el espectacular panorama del Cuerno de Oro desde la colina de Pierre Loti; visita de la Catedral de San Jorge, principal patriarcado de la Iglesia Ortodoxa Griega y sede del Patriarcado Ecum\u00e9nico de Constantinopla, reconocido como el l\u00edder espiritual de los cristianos ortodoxos del mundo; continuamos a la Mezquita de Solim\u00e1n El Magn\u00edfico, dise\u00f1ada por el arquitecto otomano Mimar Sinan y que cuenta con la c\u00fapula m\u00e1s grande de todas las mezquitas en Estambul; nos dirigimos al Bazar de las Especias, un lugar con encanto especial por su colorido y aromas, el sitio por excelencia para adquirir t\u00e9s, hierbas, frutos secos, dulces t\u00edpicos y por supuesto especias; culminamos con un recorrido a trav\u00e9s del B\u00f3sforo, el estrecho que divide la ciudad entre Europa y Asia, apreciaremos las maravillosas vistas de las fortalezas otomanas, palacios, villas y los puentes que conectan ambos lados de esta urbe.&nbsp;<\/p>\n\n\n\n<p><strong>D\u00cdA 04&nbsp;ESTAMBUL \ud83d\ude8c ANKARA \ud83d\ude8c CAPADOCIA<\/strong><br>Desayuno. Salida temprano en autob\u00fas hacia Ankara y visita de la capital de Turqu\u00eda y del Mausoleo del Fundador de la rep\u00fablica. Llegada a Capadocia. Visita de una ciudad subterr\u00e1nea construidas por las antiguas comunidades locales para protegerse de los ataques. Cena y alojamiento.<\/p>\n\n\n\n<p><strong>D\u00cdA 05&nbsp;CAPADOCIA<\/strong><br>Desayuno. Salida para visitar esta maravillosa regi\u00f3n con su paisaje fascinante y original, formada por lava volc\u00e1nica desde hace m\u00e1s de 3 millones de a\u00f1os. Visita al Museo a cielo abierto de Goreme, un monasterio con capillas excavadas en las rocas volc\u00e1nicas y decoradas con frescos del siglo XIII. Visita a los impresionantes valles de la regi\u00f3n con sus paisajes \u201cde otro planeta\u201d, habiendo servido como set de filmajes en las pel\u00edculas de Star Wars. Van tambi\u00e9n apreciar las vistas de las formaciones geol\u00f3gicas s\u00edmbolos de la regi\u00f3n, las famosas \u201cChimeneas de Hada\u201d. Haremos una parada para apreciar la incre\u00edble y extensa vista panor\u00e1mica del Valle de las Palomas, que debe su nombre a los numerosos palomares excavados en las rocas, ya que en Capadocia esos animales han sido durante mucho tiempo una fuente de alimento y fertilizante. Visita a un centro de joyas y piedras t\u00edpicas de Capadocia y a una f\u00e1brica de alfombras para aprender sobre la producci\u00f3n de estos productos. &nbsp;Cena y alojamiento.<br>Sugerimos realizar las siguientes excursiones opcionales (no incluidas \u2013 con costo adicional):&nbsp;<br>Paseo en Globo al amanecer para admirar uno de los paisajes m\u00e1s lindos de la tierra.<br>Safari 4&#215;4 por la bell\u00edsima regi\u00f3n de Capadocia.<\/p>\n\n\n\n<p><strong>D\u00cdA 06&nbsp;CAPADOCIA \ud83d\ude8c ESTAMBUL<\/strong><br>Desayuno. Salida hacia Estambul, llegada y traslado al hotel. Alojamiento.<\/p>\n\n\n\n<p><strong>D\u00cdA 07&nbsp;ESTAMBUL<\/strong><br>Desayuno. D\u00eda libre. Alojamiento.<br>Posibilidad de tomar la excursi\u00f3n opcional (no incluida \u2013 con costo adicional) guiada con almuerzo en un restaurante de comida t\u00edpica \u201cJOYAS DE CONSTANTINOPLA\u201d: Ad\u00e9ntrese en el casco hist\u00f3rico de la ciudad, donde podr\u00e1 observar la variedad de vestigios de los diferentes imperios que dieron forma al actual Estambul: el imponente Palacio de Topkapi, residencia de los sultanes y principal centro administrativo del Imperio Otomano; Santa Sof\u00eda con su majestuosa arquitectura bizantina y mezcla de elementos religiosos cristianos e isl\u00e1micos; el Hip\u00f3dromo Romano, centro de la vida social de Constantinopla durante miles de a\u00f1os; la Mezquita Azul con sus m\u00e1s de 20,000 azulejos de cer\u00e1mica hechos a mano y tra\u00eddos desde Iznik; el Gran Bazar, uno de los mercados cubiertos m\u00e1s grandes y antiguos del mundo y en el que el regateo es una tradici\u00f3n.&nbsp;<\/p>\n\n\n\n<p><strong>D\u00cdA 08&nbsp;ESTAMBUL \u2708 DELHI<\/strong><br>Desayuno. Dia libre. Check out a las 12:00 (medio dia). &nbsp;A la hora convenida traslado al aeropuerto para abordar vuelo con destino a Delhi.&nbsp;<\/p>\n\n\n\n<p><strong>D\u00cdA 09&nbsp;NUEVA DELHI&nbsp;<\/strong><br>Llegada, asistencia en el aeropuerto por representante de habla hispana y traslado al hotel. Alojamiento.&nbsp;<br>Desayuno. Salida para visitar vieja Delhi incluyendo, panor\u00e1mica de vieja Delhi y visita de Raj Ghat, Hermoso parque donde se encuentra una plataforma de m\u00e1rmol negro que indica el lugar donde el Mahatma Gandhi fue incinerado tras su asesinato y donde tambi\u00e9n fueron Incinerados el Pandit Nehru e Indira Gandhi. Continuaremos la visita de Nueva Delhi, los edificios gubernamentales, la Puerta de la India Gate Esta es un arco de triunfo construido en piedra de 42 m. de altura en el que figuran los nombres de 90.000 soldados del ej\u00e9rcito indio que murieron durante la I Guerra Mundial. Paseo por la zona de parlamento y Residencia de presidente. -Continuaremos con la visita de El templo Sikh, El Gurdwara Bngla Sahib es un templo de la fe Sikh, est\u00e1 construido en el \u00e1rea de connaught place en el lugar en el cual el gur\u00fa sikh, Es el templo m\u00e1s importante de los sikhs en Delhi. Miles de personas viene a visitar a este templo. Visitaremos templo Akshardham (Cerrado a los lunes), Es un complejo de templos hinduistas en Nueva Delhi, y tambi\u00e9n conocido como Swaminarayan, el complejo muestra cultura tradicional, espiritualidad, y arquitectura hind\u00fa. El edificio central fue inspirado y desarrollado por Pramukh Swami Maharaj, el jefe espiritual de la Bochasanwasi Shri Akshar Purushottam Swaminarayan Sanstha, cuyos 3.000 voluntarios ayudaron a 7.000 artesanos en la construcci\u00f3n de templo Akshardham. Regreso al hotel. Alojamiento<\/p>\n\n\n\n<p><strong>D\u00cdA 10&nbsp;NUEVA DELHI \ud83d\ude8c JAIPUR<\/strong><br>Desayuno. Por la ma\u00f1ana salida a Jaipur, llegada y Check-in en el hotel. Dia libre. Alojamiento.<br>Sugerimos realizar la excursi\u00f3n opcional (no incluida \u2013 con costo adicional) \u201cTEMPLO HINDU BIRLA Y PASEO EN TRICICLO\u201d Jaipur, la cuidad rosa que debe su sobrenombre al color de la arenisca con la que se construyeron los edificios de la ciudad antigua. El dise\u00f1o agradable de esta villa se debe al maharaj\u00e1 Jai Sigh II que inici\u00f3 su construcci\u00f3n en 1728 y consigui\u00f3 que su arquitecto Vidyadhar Chakravarty mezclara con acierto estilos tan diversos como el hind\u00fa, jaina, mongol y persa. Llegada a Jaipur y traslado al hotel. Despu\u00e9s sugerimos realizar la excursi\u00f3n opcional (no incluida \u2013 con costo adicional) \u201cHAWA MAHA\u201d, Palacio de los vientos, construido 1799 por reyes locales de Jaipur. Es una fachada con las ventas que eran para las mujeres para ver procesiones de las calles de Jaipur (parada para foto). Sugerimos realizar la excursi\u00f3n opcional (no incluida \u2013 con costo adicional) \u201cJAL MAHAL\u201d, Palacio del agua, est\u00e1 ubicado en medio del agua y era palacio de verano de los reyes de Jaipur para hacer fiestas especiales y en privado donde solo podian ir los reyes y sirvientes de ellos (parada para foto). Sugerimos realizar la excursi\u00f3n opcional (no incluida \u2013 con costo adicional) \u201cPASEO EN 4X4\u201d en pueblo Amber, bajaremos en jeeps disfrutando de las vistas magnificas del pueblo de fuerte amber. Este templo es uy famoso en Jaipur y casi visitado por todos los turistas de Jaipur. Sugerimos realizar la excursi\u00f3n opcional (no incluida \u2013 con costo adicional)\u201cPASEO EN RICKSHAW\u201d Paseo en Rickshaw este paseo de 40 minutos nos permite ver las callejuelas de la parte antigua de la ciudad.<\/p>\n\n\n\n<p><strong>D\u00cdA 11&nbsp;JAIPUR \ud83d\ude8c AMBER \ud83d\ude8c JAIPUR<\/strong><br>Desayuno. Tarde libre. Alojamiento.<br>Excursi\u00f3n a fuerte Amber (Subida a lomos de Elefante sujeto a disponibilidad), llevado a cabo por los reyes mongoles con el objetivo de defender la ciudadela, construyendo un palacio y otra fortaleza en una posici\u00f3n m\u00e1s elevada, fue originalmente construida por los Meenas, quienes consagraron la ciudad a Amba, la Diosa Madre a la que conoc\u00edan como \u201cGatta Rani\u201d o \u201cReina del Pasado. Construida sobre los restos de una estructura anterior, el complejo palaciego que permanece en la actualidad fue comenzado durante el reinado del Rash (\u2018rey\u2019) Man Singh, comandante en jefe del ej\u00e9rcito de Akbar y miembro del c\u00edrculo \u00edntimo de los \u201c9 cortesanos\u201d, en 1592. Amber sufri\u00f3 modificaciones bajo sucesivos dirigentes en los siguientes 150 a\u00f1os, hasta que los kachwahas trasladaron su capital a Jaipur durante la \u00e9poca de Jai Singh II. Regreso hotel. Sugerimos realizar la excursi\u00f3n opcional (no incluida \u2013 con costo adicional) \u201cPALACIO DE LA CIUDAD (CITY PALACE)\u201d Palacio real de la India donde una parte visitaremos que tiene cosas antiguas de los reyes de la familia real. Sugerimos realizar la excursi\u00f3n opcional (no incluida \u2013 con costo adicional) \u201cPUERTA PATRIKA\u201d famoso para sacar fotos y tiene muchos colores. Esta puerta fue al publico en el ano 2016 y los reci\u00e9n casados vienen aqu\u00ed para fotograf\u00edas.<\/p>\n\n\n\n<p><strong>D\u00cdA 12&nbsp;JAIPUR \ud83d\ude8c AGRA<\/strong><br>Desayuno. Salida hacia Agra, llegada y traslado al hotel. Dia libre. Alojamiento.<br>Sugerimos realizar la excursi\u00f3n opcional (no incluida \u2013 con costo adicional) \u201cMINI TAJ MAHAL Y MEHTAB JARDIN\u201d Agra, es una ciudad situada a orillas del r\u00edo Yamuna, en el estado de Uttar Pradesh. Fue la capital del Imperio mogol entre 1556 y 1658. La ciudad fue fundada entre 1501 y 1504 por Sikandar Lodi, sult\u00e1n de Delhi, que la convirti\u00f3 en su capital. El primer emperador mogol, Babur, se refugi\u00f3 en esta ciudad despu\u00e9s de luchar con Lodi en 1526. Akbar la convirti\u00f3 en la capital oficial del imperio en 1556. spu\u00e9s, Sugerimos realizar la excursi\u00f3n opcional (no incluida \u2013 con costo adicional) \u201cFUERTE ROJO DE AGRA\u201d Agra, fuerte rojo de Agra, visitaremos una parte de fuerte que tiene salas privadas, publicas de reuniones del siglo XVII, y el lugar donde muri\u00f3 emperador mirando el Taj Mahal, este monumento es muy hist\u00f3rico y completo.<\/p>\n\n\n\n<p><strong>D\u00cdA 13&nbsp;AGRA&nbsp;<\/strong><br>Desayuno. Salida para visitar una de las siete maravillas del mundo. Taj Mahal (cerrado a los viernes, en el caso de viernes en Agra, Taj Mahal se visita jueves\/s\u00e1bado), El monumento que ha dado fama mundial a Agra y que se ha convertido en s\u00edmbolo de la India es el Taj Mahal. Mausoleo que el emperador Shah Jahan mand\u00f3 construir en 1631 en honor de su amada esposa Mumtaz Mahal, la dama del Taj, fallecida al dar a luz a su Decimocuarto hijo en 1629. La construcci\u00f3n, en la que participaron 20.000 personas, no finaliz\u00f3 hasta 1653 y constituye la muestra m\u00e1s representativa de la arquitectura mongol. El arquitecto principal, Isa Khan, dise\u00f1\u00f3 este conjunto en un rect\u00e1ngulo de 508 por 304 m. con un jard\u00edn central flanqueado en los cuatro lados por pabellones de planta octagonal. El mausoleo, construido totalmente en m\u00e1rmol blanco, consta se levanta sobre un basamento de m\u00e1rmol con un minarete, tambi\u00e9n blanco, en cada una de las esquinas Que alcanzan los 41 m. de altura. El cuerpo central consta de cuatro peque\u00f1as c\u00fapulas que rodean a una m\u00e1s grande situada en medio. En la cripta de este edificio de dos pisos reposan los restos de este matrimonio. Si el conjunto arquitect\u00f3nico por s\u00ed mismo ya resulta impresionante la decoraci\u00f3n conocida como piedra dura en la que los peque\u00f1os detalles como los arabescos florales y los motivos geom\u00e9tricos en semi-relieve con piedras preciosas entre otros son magn\u00edficos convirtiendo esta construcci\u00f3n en una pieza \u00fanica. Alojamiento.<\/p>\n\n\n\n<p><strong>D\u00cdA 14&nbsp;AGRA \ud83d\ude8c DELHI \u2708 ESTAMBUL&nbsp;<\/strong><br>Salida hacia Delhi, llegada y traslado al aeropuerto para abordar vuelo con destino a Estambul, llegada y tiempo de espera. Los pasajeros permanecer\u00e1n en tr\u00e1nsito mientras esperan para tomar el siguiente vuelo con destino a la Ciudad de M\u00e9xico.<\/p>\n\n\n\n<p><strong>D\u00cdA 15&nbsp;ESTAMBUL \u2708 M\u00c9XICO<\/strong><br>A la hora indicada abordar vuelo con destino a Ciudad de M\u00e9xico.<strong>&nbsp;&nbsp;&nbsp;&nbsp;&#8230;FIN DE NUESTROS SERVICIOS<\/strong><\/p>\n\n\n\n<p>Precios y Hoteles:<\/p>\n\n\n\n<figure class=\"wp-block-table\"><table><tbody><tr><td colspan=\"3\"><strong>SALIDAS 2023<\/strong><\/td><\/tr><tr><td><strong>TRIPLE<\/strong><\/td><td><strong>DOBLE<\/strong><\/td><td><strong>SGL<\/strong><\/td><\/tr><tr><td>$ 1,299<\/td><td>$ 1,299<\/td><td>$ 1,599<\/td><\/tr><tr><td colspan=\"3\"><strong>SALIDAS 2024<\/strong><\/td><\/tr><tr><td><strong>TRIPLE*<\/strong><\/td><td><strong>DOBLE<\/strong><\/td><td><strong>SGL<\/strong><\/td><\/tr><tr><td>$ 1,499<\/td><td>$ 1,499<\/td><td>$ 1,799<\/td><\/tr><\/tbody><\/table><\/figure>\n\n\n\n<p><strong>IMPUESTOS Y SUPLEMENTOS<\/strong><\/p>\n\n\n\n<figure class=\"wp-block-table\"><table><tbody><tr><td colspan=\"2\"><strong>IMPUESTOS Y SUPLEMENTOS 2024<\/strong><\/td><\/tr><tr><td>Impuestos a\u00e9reos<\/td><td>$ 999<\/td><\/tr><tr><td>Marzo: 03<br>Mayo: 09<\/td><td>$ 199<\/td><\/tr><tr><td>Marzo: 19, 25<\/td><td>$ 399<\/td><\/tr><\/tbody><\/table><\/figure>\n\n\n\n<p>\u2013&nbsp;Precios indicados en USD, pagaderos en Moneda Nacional al tipo de cambio del d\u00eda.<br>\u2013&nbsp;Los precios indicados en este itinerario son de car\u00e1cter informativo y deben ser confirmados para realizar su reservaci\u00f3n ya que est\u00e1n sujetos a modificaciones sin previo aviso.<\/p>\n\n\n\n<figure class=\"wp-block-table\"><table><tbody><tr><td colspan=\"4\"><strong>HOTELES PREVISTOS O SIMILARES<\/strong><\/td><\/tr><tr><td><strong>HOTEL<\/strong><\/td><td><strong>CIUDAD<\/strong><\/td><td><strong>TIPO<\/strong><\/td><td><strong>PA\u00cdS<\/strong><\/td><\/tr><tr><td>Gonen Hotel \/ Clarion Hotel Istanbul Mahmutbey<\/td><td>Estambul<\/td><td>Primera<\/td><td>Turqu\u00eda<\/td><\/tr><tr><td>Minia Cave Capadocia<\/td><td>Capadocia<\/td><td>Primera<\/td><td>Turqu\u00eda<\/td><\/tr><tr><td>Welcomhotel by ITC Hotels Dwarka<\/td><td>Delhi<\/td><td>Primera<\/td><td>India<\/td><\/tr><tr><td>Park Regis Jairpur<\/td><td>Jaipur<\/td><td>Primera<\/td><td>India<\/td><\/tr><tr><td>&nbsp;Hotel Clarks Shiraz<\/td><td>Agra<\/td><td>Primera<\/td><td>India<\/td><\/tr><tr><td colspan=\"4\">\u00c9sta es la relaci\u00f3n de los hoteles utilizados m\u00e1s frecuentemente en este circuito. Reflejada tan s\u00f3lo a efectos indicativos, pudiendo ser el pasajero alojado en establecimientos similares o alternativos<\/td><\/tr><tr><td colspan=\"4\">&nbsp;<\/td><\/tr><\/tbody><\/table><\/figure>\n\n\n\n<p>El paquete incluye<\/p>\n\n\n\n<ul class=\"wp-block-list\">\n<li>Boleto de avi\u00f3n en viaje redondo M\u00e9xico \u2013 Estambul \u2013 Delhi \u2013 Estambul \u2013 M\u00e9xico, en clase turista.<\/li>\n\n\n\n<li>4 noches de alojamiento en Estambul.<\/li>\n\n\n\n<li>2 noches de alojamiento en Capadocia.<\/li>\n\n\n\n<li>2 noches de alojamiento en Delhi.<\/li>\n\n\n\n<li>2 noches de alojamiento en Jaipur. 2<\/li>\n\n\n\n<li>noches de alojamiento en Agra.<\/li>\n\n\n\n<li>Traslados indicados<\/li>\n\n\n\n<li>Visitas indicadas<\/li>\n\n\n\n<li>Gu\u00edas de habla hispana<\/li>\n\n\n\n<li>Autocar con aire acondicionado.<\/li>\n<\/ul>\n\n\n\n<p>El paquete no incluye:<\/p>\n\n\n\n<ul class=\"wp-block-list\">\n<li>Gastos personales y extras en los hoteles.<\/li>\n\n\n\n<li>Ning\u00fan servicio no especificado como incluido o especificado como opcional.<\/li>\n\n\n\n<li>Propinas a gu\u00edas y choferes (Son obligatorias y se pagan directamente en destino):<\/li>\n\n\n\n<li>Tasas de servicio en Turqu\u00eda: 35 USD por persona. (Se paga directo en destino)<\/li>\n\n\n\n<li>Impuesto hotelero en Turqu\u00eda: 10 USD por persona (Se paga directo en destino)<\/li>\n\n\n\n<li>Propinas en India: 50 USD por persona<\/li>\n\n\n\n<li>\u200b\u200b\u200b\u200b\u200b\u200b\u200bIndia 2024: 60 USD por persona (se paga directamente en destino).<\/li>\n\n\n\n<li>Visa de Turqu\u00eda<\/li>\n\n\n\n<li>Visa de India<\/li>\n\n\n\n<li>Fees de c\u00e1maras y monumentos.<\/li>\n<\/ul>\n\n\n\n<p>Precios cotizados en d\u00f3lares americanos, pagaderos en Moneda Nacional al tipo de cambio del d\u00eda Los precios indicados son informativos y deben ser conformados antes de su compra ya que est\u00e1n sujetos a cambio sin previo aviso. Para obtener el costo exacto a pagar a tipo de cambio del d\u00eda, comun\u00edquese con nosotros. Consulte impuestos y suplementos.<\/p>\n","protected":false},"excerpt":{"rendered":"<p>MT-30144 Bellezas de India y Turqu\u00eda Ciudades Visitadas:&nbsp;Turqu\u00eda, India Duraci\u00f3n:&nbsp;15 D\u00edas y 12 Noches Desde:1299 USD + 949 Imp Fecha(s) de salida: Salidas para el a\u00f1o 2024 Marzo: 03, 19, 19, 25, 25Mayo: 09 Vigencia:&nbsp;Precios vigentes hasta el 31\/12\/2023 Aerolinea INCLUYE VUELO +\u2212 Leaflet Itinerario D\u00cdA 01&nbsp;M\u00c9XICO \u2708 ESTAMBULCita en el aeropuerto de la Ciudad [&hellip;]<\/p>\n","protected":false},"author":1,"featured_media":0,"parent":0,"menu_order":0,"comment_status":"closed","ping_status":"closed","template":"","meta":{"om_disable_all_campaigns":false,"_monsterinsights_skip_tracking":false,"_monsterinsights_sitenote_active":false,"_monsterinsights_sitenote_note":"","_monsterinsights_sitenote_category":0,"site-sidebar-layout":"default","site-content-layout":"","ast-site-content-layout":"default","site-content-style":"default","site-sidebar-style":"default","ast-global-header-display":"","ast-banner-title-visibility":"","ast-main-header-display":"","ast-hfb-above-header-display":"","ast-hfb-below-header-display":"","ast-hfb-mobile-header-display":"","site-post-title":"disabled","ast-breadcrumbs-content":"","ast-featured-img":"","footer-sml-layout":"","ast-disable-related-posts":"","theme-transparent-header-meta":"","adv-header-id-meta":"","stick-header-meta":"","header-above-stick-meta":"","header-main-stick-meta":"","header-below-stick-meta":"","astra-migrate-meta-layouts":"set","ast-page-background-enabled":"default","ast-page-background-meta":{"desktop":{"background-color":"","background-image":"","background-repeat":"repeat","background-position":"center center","background-size":"auto","background-attachment":"scroll","background-type":"","background-media":"","overlay-type":"","overlay-color":"","overlay-opacity":"","overlay-gradient":""},"tablet":{"background-color":"","background-image":"","background-repeat":"repeat","background-position":"center center","background-size":"auto","background-attachment":"scroll","background-type":"","background-media":"","overlay-type":"","overlay-color":"","overlay-opacity":"","overlay-gradient":""},"mobile":{"background-color":"","background-image":"","background-repeat":"repeat","background-position":"center center","background-size":"auto","background-attachment":"scroll","background-type":"","background-media":"","overlay-type":"","overlay-color":"","overlay-opacity":"","overlay-gradient":""}},"ast-content-background-meta":{"desktop":{"background-color":"var(--ast-global-color-5)","background-image":"","background-repeat":"repeat","background-position":"center center","background-size":"auto","background-attachment":"scroll","background-type":"","background-media":"","overlay-type":"","overlay-color":"","overlay-opacity":"","overlay-gradient":""},"tablet":{"background-color":"var(--ast-global-color-5)","background-image":"","background-repeat":"repeat","background-position":"center center","background-size":"auto","background-attachment":"scroll","background-type":"","background-media":"","overlay-type":"","overlay-color":"","overlay-opacity":"","overlay-gradient":""},"mobile":{"background-color":"var(--ast-global-color-5)","background-image":"","background-repeat":"repeat","background-position":"center center","background-size":"auto","background-attachment":"scroll","background-type":"","background-media":"","overlay-type":"","overlay-color":"","overlay-opacity":"","overlay-gradient":""}},"footnotes":""},"class_list":["post-512","page","type-page","status-publish","hentry"],"aioseo_notices":[],"_links":{"self":[{"href":"https:\/\/camaratravel.com\/index.php?rest_route=\/wp\/v2\/pages\/512","targetHints":{"allow":["GET"]}}],"collection":[{"href":"https:\/\/camaratravel.com\/index.php?rest_route=\/wp\/v2\/pages"}],"about":[{"href":"https:\/\/camaratravel.com\/index.php?rest_route=\/wp\/v2\/types\/page"}],"author":[{"embeddable":true,"href":"https:\/\/camaratravel.com\/index.php?rest_route=\/wp\/v2\/users\/1"}],"replies":[{"embeddable":true,"href":"https:\/\/camaratravel.com\/index.php?rest_route=%2Fwp%2Fv2%2Fcomments&post=512"}],"version-history":[{"count":4,"href":"https:\/\/camaratravel.com\/index.php?rest_route=\/wp\/v2\/pages\/512\/revisions"}],"predecessor-version":[{"id":1622,"href":"https:\/\/camaratravel.com\/index.php?rest_route=\/wp\/v2\/pages\/512\/revisions\/1622"}],"wp:attachment":[{"href":"https:\/\/camaratravel.com\/index.php?rest_route=%2Fwp%2Fv2%2Fmedia&parent=512"}],"curies":[{"name":"wp","href":"https:\/\/api.w.org\/{rel}","templated":true}]}}