{"id":510,"date":"2023-10-04T03:25:12","date_gmt":"2023-10-04T03:25:12","guid":{"rendered":"https:\/\/camaratravel.com\/?page_id=510"},"modified":"2023-11-02T22:09:43","modified_gmt":"2023-11-02T22:09:43","slug":"corea-esencial","status":"publish","type":"page","link":"https:\/\/camaratravel.com\/?page_id=510","title":{"rendered":"Corea Esencial"},"content":{"rendered":"\n<div class=\"wp-block-cover is-light\" style=\"padding-top:var(--wp--preset--spacing--80);padding-bottom:var(--wp--preset--spacing--80);min-height:50px;aspect-ratio:unset;\"><span aria-hidden=\"true\" class=\"wp-block-cover__background has-vivid-green-cyan-background-color has-background-dim-100 has-background-dim\"><\/span><div class=\"wp-block-cover__inner-container is-layout-flow wp-block-cover-is-layout-flow\">\n<p class=\"has-text-align-center has-large-font-size\"><\/p>\n<\/div><\/div>\n\n\n\n<p>MT-30184 Corea Esencial<\/p>\n\n\n\n<p><strong>Ciudades Visitadas:<\/strong>&nbsp;Corea Del Sur<\/p>\n\n\n\n<figure class=\"wp-block-image\"><img decoding=\"async\" src=\"https:\/\/one.cdnmega.com\/images\/viajes\/covers\/corea-esencial-1024x575-64b1dca679a87_64d56dc180a76.webp\" alt=\"\"\/><\/figure>\n\n\n\n<p><strong>Duraci\u00f3n:<\/strong>&nbsp;9 D\u00edas y 7 Noches<\/p>\n\n\n\n<p><strong>Desde:<\/strong>1899 USD + 999 Imp<\/p>\n\n\n\n<p><strong>Fecha(s) de salida:<\/strong><\/p>\n\n\n\n<p><br>Noviembre: 15<br>Diciembre: 02<\/p>\n\n\n\n<p><strong>Vigencia:<\/strong>&nbsp;Precios vigentes hasta el 02\/12\/2023<\/p>\n\n\n\n<p><strong>Aerolinea<\/strong><\/p>\n\n\n\n<h5 class=\"wp-block-heading\">INCLUYE VUELO<\/h5>\n\n\n\n<figure class=\"wp-block-image\"><img decoding=\"async\" src=\"https:\/\/one.cdnmega.com\/images\/aerolineas\/iata\/AC.png\" alt=\"Air Canada\"\/><\/figure>\n\n\n\n<p><a href=\"https:\/\/www.megatravel.com.mx\/tools\/circuito.php?domi=&amp;domiviaja=&amp;viaje=30184&amp;txtColor=&amp;thBG=666666&amp;thTxColor=CCCCCC&amp;ff=1#\">+<\/a><a href=\"https:\/\/www.megatravel.com.mx\/tools\/circuito.php?domi=&amp;domiviaja=&amp;viaje=30184&amp;txtColor=&amp;thBG=666666&amp;thTxColor=CCCCCC&amp;ff=1#\">\u2212<\/a><\/p>\n\n\n\n<p><a href=\"http:\/\/leafletjs.com\/\">Leaflet<\/a><\/p>\n\n\n\n<p>Itinerario<\/p>\n\n\n\n<p><strong>D\u00cdA 01&nbsp;MEXICO \u2708 SE\u00daL<\/strong><br>Cita en el aeropuerto de la Ciudad de M\u00e9xico para abordar vuelo con destino a Se\u00fal, via Vancouver. Noche abordo.<\/p>\n\n\n\n<p><strong>D\u00cdA 02 SE\u00daL<\/strong><br>Llegada al aeropuerto internacional de Se\u00fal, recepci\u00f3n por parte de nuestro personal y traslado al hotel para realizar su check in. Alojamiento.<\/p>\n\n\n\n<p><strong>D\u00cdA 03&nbsp;SE\u00daL<\/strong><br>Desayuno. D\u00eda libre. Alojamiento &nbsp;<br>Sugerimos realizar la excursi\u00f3n opcional (no incluida \u2013 con costo adicional) \u201cVISITA DE MEDIO D\u00cdA A LA DMZ\u201d Aprenderemos sobre la historia de Corea del Norte y del Sur y la Zona Desmilitarizada aprovechando al m\u00e1ximo su viaje al conocer la importante franja de tierra que separa a Corea del Norte y del Sur.&nbsp;<\/p>\n\n\n\n<p><strong>D\u00cdA 04&nbsp;SE\u00daL<\/strong><br>Desayuno. Salida temprano a Chandukgung lugar que tiene su propio jard\u00edn real y una vez fue llamado &#8220;un jard\u00edn inaccesible&#8221; porque estaba estrictamente prohibido al p\u00fablico, continuaci\u00f3n hacia Myeongdong es sin duda el distrito comercial m\u00e1s popular de Corea, para las compras pasaremos a Lotte World Tower Seoul Sky que es la atracci\u00f3n tur\u00edstica m\u00e1s nueva y m\u00e1s alta de Corea, su plataforma de observaci\u00f3n con fondo de cristal te hace sentir como si estuvieras caminando en el aire, como \u00faltima parada el parque Hangang, hay varias actividades que puedes disfrutar. Durante el d\u00eda, una de las actividades m\u00e1s populares es montar en un bote de pato o andar en bicicleta. Por la noche, la gente disfruta del chi-maek (pollo y cerveza). Regreso al hotel. Alojamiento&nbsp;<\/p>\n\n\n\n<p><strong>D\u00cdA 05&nbsp;SE\u00daL<\/strong><br>Desayuno. D\u00eda libre. Alojamiento &nbsp;<br>Sugerimos realizar la excursi\u00f3n opcional (no incluida \u2013 con costo adicional) \u201cVISITA DE MEDIO DIA AL PALACIO\u201d Visita al Palacio Gyeongbok, que es el m\u00e1s grande y principal entre los palacios reales. Es muy f\u00e1cil acceder a este templo Jogyesa porque est\u00e1 situado en el coraz\u00f3n de la ciudad, cerca de la mayor\u00eda de las atracciones tur\u00edsticas. El templo se fund\u00f3 por primera vez en 1395, a principios de la dinast\u00eda Joseon.&nbsp;<\/p>\n\n\n\n<p><strong>D\u00cdA 06 SE\u00daL \ud83d\ude8c GYEONGIU \ud83d\ude8c BUSAN&nbsp;<\/strong><br>Desayuno. Salida hacia Gyeongju, el patrimonio hist\u00f3rico y cultural m\u00e1s famoso de Gyeongju. Marav\u00edllate con las dos pagodas Seokgatap y Dabotap, as\u00ed como con los puentes y un enorme Buda de bronce que han sido catalogados como tesoros nacionales y cl\u00e1sicos en el budismo de Silla, tambi\u00e9n visitaremos el Estanque Anapji que significa estanque que refleja la luna, un estanque artificial que se construy\u00f3 durante el reinado de Munmu. Del\u00e9itese con la vista de los pabellones de Anapji Pond y la luna reflejada en el agua mientras se sumerge en la atm\u00f3sfera rom\u00e1ntica. Continuaci\u00f3n a Busan. Alojamiento.&nbsp;<\/p>\n\n\n\n<p><strong>D\u00cdA 07 BUSAN<\/strong><br>Desayuno. Visita al templo Haedong Yonggungsa est\u00e1 situado en la costa de la parte noreste de Busan. Esta magn\u00edfica atracci\u00f3n ofrece a los visitantes el raro hallazgo de un templo a lo largo de la costa, ya que la mayor\u00eda de los templos de Corea se encuentran en las monta\u00f1as. El templo Haedong Yonggungsa fue construido por primera vez en 1376 por el gran maestro budista conocido como Naong durante la dinast\u00eda Goryeo. Visitaremos la playa de Haeundae la arena de Haeundae est\u00e1 compuesta de arena que proviene de Chuncheon Stream y conchas que han sido erosionadas naturalmente por el viento a lo largo del tiempo. Tambi\u00e9n es famoso por los diversos eventos culturales y festivales que se llevan a cabo durante todo el a\u00f1o. Continuaci\u00f3n al mercado de Jagalchi es uno de los mercados m\u00e1s populares de Busan. Ver\u00e1 un marisco fresco que se captura principalmente todas las ma\u00f1anas. Alojamiento.&nbsp;<\/p>\n\n\n\n<p><strong>D\u00cdA 08&nbsp;BUSAN \ud83d\ude8c SE\u00daL<\/strong><br>Desayuno. D\u00eda libre. Alojamiento &nbsp;<br>Sugerimos realizar la excursi\u00f3n opcional (no incluida \u2013 con costo adicional) \u201cMEDIO DIA DE CITY TOUR\u201d Aldea de Gamcheon fue habitada por primera vez a principios del siglo XX por seguidores de la religi\u00f3n Taegeukdo. Conduce al centro cultural del pueblo que alberga una amplia callejuela como se muestra a continuaci\u00f3n, formada por la zona de las colinas en cascada de Londres llamada a Machu Picchu, un tema que alberga proyectos y callejuelas de recorridos a lo largo de la experiencia laboral formativa, recreada por los residentes locales un lugar donde puedes disfrutar de las vistas. En 2010, la comunidad se transform\u00f3 en un pueblo de artes y cultura y varias casas abandonadas se convirtieron en espacios de exhibici\u00f3n, tiendas de arte e instalaciones culturales .&nbsp;<\/p>\n\n\n\n<p><strong>D\u00cdA 09&nbsp;SE\u00daL \u2708 VANCOUVER \u2708 M\u00c9XICO<\/strong><br>A la hora indicada traslado al aeropuerto para tomar vuelo con destino Vancouver, los pasajeros permanecer\u00e1n en tr\u00e1nsito para tomar el siguiente vuelo con destino a la Ciudad de M\u00e9xico.<strong>&nbsp;&nbsp;&nbsp;&nbsp;&#8230;FIN DE NUESTROS SERVICIOS<\/strong><\/p>\n\n\n\n<p>Precios y Hoteles:<\/p>\n\n\n\n<figure class=\"wp-block-table\"><table><tbody><tr><td><strong>TRIPLE<\/strong><\/td><td><strong>DOBLE<\/strong><\/td><td><strong>SGL<\/strong><\/td><\/tr><tr><td>$1,899<\/td><td>$1,899<\/td><td>$2,399<\/td><\/tr><\/tbody><\/table><\/figure>\n\n\n\n<p><strong>IMPUESTOS Y SUPLEMENTOS<\/strong><\/p>\n\n\n\n<figure class=\"wp-block-table\"><table><tbody><tr><td>Impuestos a\u00e9reos<\/td><td>$ 999<\/td><\/tr><tr><td colspan=\"2\"><strong>SUPLEMENTOS 2023<\/strong><\/td><\/tr><tr><td>Noviembre: 15<\/td><td>$ 299<\/td><\/tr><tr><td>Diciembre: 02<\/td><td>$ 399<\/td><\/tr><\/tbody><\/table><\/figure>\n\n\n\n<p>\u2013 Precios indicados en USD, pagaderos en Moneda Nacional al tipo de cambio del d\u00eda.<br>\u2013 Los precios indicados en este itinerario son de car\u00e1cter informativo y deben ser confirmados para realizar su reservaci\u00f3n ya que est\u00e1n sujetos a modificaciones sin previo aviso.<br>\u2013 Pueden aplicar suplementos seg\u00fan fecha de salida y disponibilidad a\u00e9rea<\/p>\n\n\n\n<figure class=\"wp-block-table\"><table><tbody><tr><td>Kukdo<\/td><td>Se\u00fal<\/td><td>Primera<\/td><td>Corea<\/td><\/tr><tr><td>Solaria Nishitetsu<\/td><td>Busan<\/td><td>Primera<\/td><td>Corea<\/td><\/tr><tr><td colspan=\"4\">\u00c9sta es la relaci\u00f3n de los hoteles utilizados m\u00e1s frecuentemente en este circuito. Reflejada tan s\u00f3lo a efectos indicativos, pudiendo ser el pasajero alojado en establecimientos similares o alternativos<\/td><\/tr><\/tbody><\/table><\/figure>\n\n\n\n<p>El paquete incluye<\/p>\n\n\n\n<ul class=\"wp-block-list\">\n<li>Boleto de avi\u00f3n en viaje redondo M\u00e9xico \u2013 Se\u00fal \u2013 M\u00e9xico, en clase turista.<\/li>\n\n\n\n<li>05 noches de alojamiento en Se\u00fal.<\/li>\n\n\n\n<li>02 noches de alojamiento en Busan.<\/li>\n\n\n\n<li>Traslados indicados<\/li>\n\n\n\n<li>Visitas indicadas<\/li>\n\n\n\n<li>Gu\u00edas<\/li>\n\n\n\n<li>Comidas con forme se menciona en itinerario<\/li>\n\n\n\n<li>Autocar acondicionado.<\/li>\n<\/ul>\n\n\n\n<p>El paquete no incluye:<\/p>\n\n\n\n<ul class=\"wp-block-list\">\n<li>Gastos personales y extras en los hoteles.<\/li>\n\n\n\n<li>Bebidas<\/li>\n\n\n\n<li>Corea: 5 USD por persona por d\u00eda. (se paga directamente en el destino).<\/li>\n\n\n\n<li>Ning\u00fan servicio no especificado como incluido o especificado como opcional.<\/li>\n\n\n\n<li>Impuestos a\u00e9reos por persona.<\/li>\n<\/ul>\n\n\n\n<p>Precios cotizados en d\u00f3lares americanos, pagaderos en Moneda Nacional al tipo de cambio del d\u00eda Los precios indicados son informativos y deben ser conformados antes de su compra ya que est\u00e1n sujetos a cambio sin previo aviso. Para obtener el costo exacto a pagar a tipo de cambio del d\u00eda, comun\u00edquese con nosotros. Consulte impuestos y suplementos.<\/p>\n","protected":false},"excerpt":{"rendered":"<p>MT-30184 Corea Esencial Ciudades Visitadas:&nbsp;Corea Del Sur Duraci\u00f3n:&nbsp;9 D\u00edas y 7 Noches Desde:1899 USD + 999 Imp Fecha(s) de salida: Noviembre: 15Diciembre: 02 Vigencia:&nbsp;Precios vigentes hasta el 02\/12\/2023 Aerolinea INCLUYE VUELO +\u2212 Leaflet Itinerario D\u00cdA 01&nbsp;MEXICO \u2708 SE\u00daLCita en el aeropuerto de la Ciudad de M\u00e9xico para abordar vuelo con destino a Se\u00fal, via Vancouver. [&hellip;]<\/p>\n","protected":false},"author":1,"featured_media":0,"parent":0,"menu_order":0,"comment_status":"closed","ping_status":"closed","template":"","meta":{"om_disable_all_campaigns":false,"_monsterinsights_skip_tracking":false,"_monsterinsights_sitenote_active":false,"_monsterinsights_sitenote_note":"","_monsterinsights_sitenote_category":0,"site-sidebar-layout":"default","site-content-layout":"","ast-site-content-layout":"default","site-content-style":"default","site-sidebar-style":"default","ast-global-header-display":"","ast-banner-title-visibility":"","ast-main-header-display":"","ast-hfb-above-header-display":"","ast-hfb-below-header-display":"","ast-hfb-mobile-header-display":"","site-post-title":"disabled","ast-breadcrumbs-content":"","ast-featured-img":"","footer-sml-layout":"","ast-disable-related-posts":"","theme-transparent-header-meta":"","adv-header-id-meta":"","stick-header-meta":"","header-above-stick-meta":"","header-main-stick-meta":"","header-below-stick-meta":"","astra-migrate-meta-layouts":"set","ast-page-background-enabled":"default","ast-page-background-meta":{"desktop":{"background-color":"","background-image":"","background-repeat":"repeat","background-position":"center center","background-size":"auto","background-attachment":"scroll","background-type":"","background-media":"","overlay-type":"","overlay-color":"","overlay-opacity":"","overlay-gradient":""},"tablet":{"background-color":"","background-image":"","background-repeat":"repeat","background-position":"center center","background-size":"auto","background-attachment":"scroll","background-type":"","background-media":"","overlay-type":"","overlay-color":"","overlay-opacity":"","overlay-gradient":""},"mobile":{"background-color":"","background-image":"","background-repeat":"repeat","background-position":"center center","background-size":"auto","background-attachment":"scroll","background-type":"","background-media":"","overlay-type":"","overlay-color":"","overlay-opacity":"","overlay-gradient":""}},"ast-content-background-meta":{"desktop":{"background-color":"var(--ast-global-color-5)","background-image":"","background-repeat":"repeat","background-position":"center center","background-size":"auto","background-attachment":"scroll","background-type":"","background-media":"","overlay-type":"","overlay-color":"","overlay-opacity":"","overlay-gradient":""},"tablet":{"background-color":"var(--ast-global-color-5)","background-image":"","background-repeat":"repeat","background-position":"center center","background-size":"auto","background-attachment":"scroll","background-type":"","background-media":"","overlay-type":"","overlay-color":"","overlay-opacity":"","overlay-gradient":""},"mobile":{"background-color":"var(--ast-global-color-5)","background-image":"","background-repeat":"repeat","background-position":"center center","background-size":"auto","background-attachment":"scroll","background-type":"","background-media":"","overlay-type":"","overlay-color":"","overlay-opacity":"","overlay-gradient":""}},"footnotes":""},"class_list":["post-510","page","type-page","status-publish","hentry"],"aioseo_notices":[],"_links":{"self":[{"href":"https:\/\/camaratravel.com\/index.php?rest_route=\/wp\/v2\/pages\/510","targetHints":{"allow":["GET"]}}],"collection":[{"href":"https:\/\/camaratravel.com\/index.php?rest_route=\/wp\/v2\/pages"}],"about":[{"href":"https:\/\/camaratravel.com\/index.php?rest_route=\/wp\/v2\/types\/page"}],"author":[{"embeddable":true,"href":"https:\/\/camaratravel.com\/index.php?rest_route=\/wp\/v2\/users\/1"}],"replies":[{"embeddable":true,"href":"https:\/\/camaratravel.com\/index.php?rest_route=%2Fwp%2Fv2%2Fcomments&post=510"}],"version-history":[{"count":3,"href":"https:\/\/camaratravel.com\/index.php?rest_route=\/wp\/v2\/pages\/510\/revisions"}],"predecessor-version":[{"id":1624,"href":"https:\/\/camaratravel.com\/index.php?rest_route=\/wp\/v2\/pages\/510\/revisions\/1624"}],"wp:attachment":[{"href":"https:\/\/camaratravel.com\/index.php?rest_route=%2Fwp%2Fv2%2Fmedia&parent=510"}],"curies":[{"name":"wp","href":"https:\/\/api.w.org\/{rel}","templated":true}]}}